{"id":215449,"date":"2026-04-09T23:49:31","date_gmt":"2026-04-10T05:49:31","guid":{"rendered":"https:\/\/compuviper.mx\/tienda\/producto\/lexmark-b220z00-unidad-de-imagen-color-negro-hasta-12000-paginas-5-de-cobertura-p-modelos-b2236dw-mb2236adw-mb2236adwe\/"},"modified":"2026-04-09T23:49:31","modified_gmt":"2026-04-10T05:49:31","slug":"lexmark-b220z00-unidad-de-imagen-color-negro-hasta-12000-paginas-modelos-b2236dw-mb2236adw-mb2236adwe","status":"publish","type":"product","link":"https:\/\/compuviper.mx\/tienda\/producto\/lexmark-b220z00-unidad-de-imagen-color-negro-hasta-12000-paginas-modelos-b2236dw-mb2236adw-mb2236adwe\/","title":{"rendered":"Lexmark B220z00 Unidad De Imagen  Color Negro , Hasta 12000 Paginas, Modelos B2236dw, Mb2236adw, Mb2236adwe"},"content":{"rendered":"<table class=\"descripcion\">\n<tr>\n<td>\/\/parte n\u00ba b220z00\/\/<\/td>\n<\/tr>\n<tr>\n<td>\/7tecnolog\u00eda de impresi\u00f3n\/\/<\/td>\n<\/tr>\n<tr>\n<td>L\u00e1ser monocrom\u00e1tico<\/td>\n<\/tr>\n<tr>\n<td>\/\/yield value\/\/<\/td>\n<\/tr>\n<tr>\n<td>12000<\/td>\n<\/tr>\n<tr>\n<td>\/\/programa de recolecci\u00f3n de cartuchos de lexmark\/\/<\/td>\n<\/tr>\n<tr>\n<td>Yes<\/td>\n<\/tr>\n<tr>\n<td>\/\/tama\u00f1o con empaque (alto x ancho x profundo en mm)\/\/<\/td>\n<\/tr>\n<tr>\n<td>235 x 123 x 380 mm<\/td>\n<\/tr>\n<tr>\n<td>\/\/peso con empaque (kg)\/\/<\/td>\n<\/tr>\n<tr>\n<td>0.77 kg<\/td>\n<\/tr>\n<tr>\n<td>\/\/ver especificaciones adicionales\/\/<\/td>\n<\/tr>\n<tr>\n<td>\/\/unidad de imagen negra para lexmark b220z00\/\/<\/td>\n<\/tr>\n<tr>\n<td>Cartuchos y unidades de imagen<\/td>\n<\/tr>\n<tr>\n<td>\/\/rendimiento estimado de la unidad de im\u00e1genes hasta\/\/<\/td>\n<\/tr>\n<tr>\n<td>12000 p\u00e1ginas, basado en 3 p\u00e1ginas de media por trabajo en tama\u00f1o a4\/carta ~ 5% de cobertura1<\/td>\n<\/tr>\n<tr>\n<td>\/\/sistema el\u00e9ctrico y funcionamiento\/\/<\/td>\n<\/tr>\n<tr>\n<td>\/7c\u00f3digo unspsc\/\/<\/td>\n<\/tr>\n<tr>\n<td>44101706<\/td>\n<\/tr>\n<tr>\n<td>\/\/c\u00f3digo arancelario armonizado\/\/<\/td>\n<\/tr>\n<tr>\n<td>8443.99.5015<\/td>\n<\/tr>\n<tr>\n<td>\/\/pa\u00eds de origen\/\/<\/td>\n<\/tr>\n<tr>\n<td>China (prc)<\/td>\n<\/tr>\n<\/table>\n","protected":false},"excerpt":{"rendered":"<p>Calidad de imagen uniformemente sobresaliente. Confiabilidad del sistema de larga duraci\u00f3n. Sostenibilidad superior. Innovador sistema de impresi\u00f3n estabilizado.<\/p>\n","protected":false},"featured_media":215450,"comment_status":"open","ping_status":"open","template":"","meta":[],"product_cat":[1622,1629],"product_tag":[1630],"acf":[],"yoast_head":"<!-- This site is optimized with the Yoast SEO plugin v21.7 - https:\/\/yoast.com\/wordpress\/plugins\/seo\/ -->\n<title>[ Lexmark ] &#129351; B220z00 Unidad De Imagen Color Negro , Hasta 12000 Paginas, Modelos B2236dw, Mb2236adw, Mb2236adwe<\/title>\n<meta name=\"description\" content=\"Compra B220z00 Unidad De Imagen Color Negro , Hasta 12000 Paginas, Modelos B2236dw, Mb2236adw, Mb2236adwe + Env\u00edo a domicilio + Pago seguro + Garant\u00eda\" \/>\n<meta name=\"robots\" content=\"index, follow, max-snippet:-1, max-image-preview:large, max-video-preview:-1\" \/>\n<link rel=\"canonical\" href=\"https:\/\/compuviper.mx\/tienda\/producto\/lexmark-b220z00-unidad-de-imagen-color-negro-hasta-12000-paginas-modelos-b2236dw-mb2236adw-mb2236adwe\/\" \/>\n<meta property=\"og:locale\" content=\"es_MX\" \/>\n<meta property=\"og:type\" content=\"article\" \/>\n<meta property=\"og:title\" content=\"[ Lexmark ] &#129351; B220z00 Unidad De Imagen Color Negro , Hasta 12000 Paginas, Modelos B2236dw, Mb2236adw, Mb2236adwe\" \/>\n<meta property=\"og:description\" content=\"Compra B220z00 Unidad De Imagen Color Negro , Hasta 12000 Paginas, Modelos B2236dw, Mb2236adw, Mb2236adwe + Env\u00edo a domicilio + Pago seguro + Garant\u00eda\" \/>\n<meta property=\"og:url\" content=\"https:\/\/compuviper.mx\/tienda\/producto\/lexmark-b220z00-unidad-de-imagen-color-negro-hasta-12000-paginas-modelos-b2236dw-mb2236adw-mb2236adwe\/\" \/>\n<meta property=\"og:site_name\" content=\"Compuviper\" \/>\n<meta property=\"article:publisher\" content=\"https:\/\/www.facebook.com\/compuviper\" \/>\n<meta property=\"og:image\" content=\"https:\/\/compuviper.mx\/tienda\/wp-content\/uploads\/2023\/12\/Unidad-de-imagen-lexmark-color-negro-b220z00-hasta-12000-paginas-5-de-cobertura-pmodelos-b2236dw-mb2236adw-mb2236adwe.jpg\" \/>\n\t<meta property=\"og:image:width\" content=\"200\" \/>\n\t<meta property=\"og:image:height\" content=\"200\" \/>\n\t<meta property=\"og:image:type\" content=\"image\/jpeg\" \/>\n<meta name=\"twitter:card\" content=\"summary_large_image\" \/>\n<meta name=\"twitter:label1\" content=\"Precio\" \/>\n\t<meta name=\"twitter:data1\" content=\"&#36;1,560 &#36;1,519 con IVA\" \/>\n\t<meta name=\"twitter:label2\" content=\"Availability\" \/>\n\t<meta name=\"twitter:data2\" content=\"Out of stock\" \/>\n<script type=\"application\/ld+json\" class=\"yoast-schema-graph\">{\"@context\":\"https:\/\/schema.org\",\"@graph\":[{\"@type\":\"WebPage\",\"@id\":\"https:\/\/compuviper.mx\/tienda\/producto\/lexmark-b220z00-unidad-de-imagen-color-negro-hasta-12000-paginas-modelos-b2236dw-mb2236adw-mb2236adwe\/\",\"url\":\"https:\/\/compuviper.mx\/tienda\/producto\/lexmark-b220z00-unidad-de-imagen-color-negro-hasta-12000-paginas-modelos-b2236dw-mb2236adw-mb2236adwe\/\",\"name\":\"[ Lexmark ] &#129351; B220z00 Unidad De Imagen Color Negro , Hasta 12000 Paginas, Modelos B2236dw, Mb2236adw, Mb2236adwe\",\"isPartOf\":{\"@id\":\"https:\/\/compuviper.mx\/tienda\/#website\"},\"datePublished\":\"2026-04-10T05:49:31+00:00\",\"dateModified\":\"2026-04-10T05:49:31+00:00\",\"description\":\"Compra B220z00 Unidad De Imagen Color Negro , Hasta 12000 Paginas, Modelos B2236dw, Mb2236adw, Mb2236adwe + Env\u00edo a domicilio + Pago seguro + Garant\u00eda\",\"breadcrumb\":{\"@id\":\"https:\/\/compuviper.mx\/tienda\/producto\/lexmark-b220z00-unidad-de-imagen-color-negro-hasta-12000-paginas-modelos-b2236dw-mb2236adw-mb2236adwe\/#breadcrumb\"},\"inLanguage\":\"es-MX\",\"potentialAction\":[{\"@type\":\"ReadAction\",\"target\":[\"https:\/\/compuviper.mx\/tienda\/producto\/lexmark-b220z00-unidad-de-imagen-color-negro-hasta-12000-paginas-modelos-b2236dw-mb2236adw-mb2236adwe\/\"]}]},{\"@type\":\"BreadcrumbList\",\"@id\":\"https:\/\/compuviper.mx\/tienda\/producto\/lexmark-b220z00-unidad-de-imagen-color-negro-hasta-12000-paginas-modelos-b2236dw-mb2236adw-mb2236adwe\/#breadcrumb\",\"itemListElement\":[{\"@type\":\"ListItem\",\"position\":1,\"name\":\"Inicio\",\"item\":\"https:\/\/compuviper.mx\/tienda\/\"},{\"@type\":\"ListItem\",\"position\":2,\"name\":\"Productos\",\"item\":\"https:\/\/compuviper.mx\/tienda\/productos\/\"},{\"@type\":\"ListItem\",\"position\":3,\"name\":\"Consumibles\",\"item\":\"https:\/\/compuviper.mx\/tienda\/categoria-producto\/consumibles\/\"},{\"@type\":\"ListItem\",\"position\":4,\"name\":\"Tambor\",\"item\":\"https:\/\/compuviper.mx\/tienda\/categoria-producto\/consumibles\/tambor\/\"},{\"@type\":\"ListItem\",\"position\":5,\"name\":\"Lexmark B220z00 Unidad De Imagen Color Negro , Hasta 12000 Paginas, Modelos B2236dw, Mb2236adw, Mb2236adwe\"}]},{\"@type\":\"WebSite\",\"@id\":\"https:\/\/compuviper.mx\/tienda\/#website\",\"url\":\"https:\/\/compuviper.mx\/tienda\/\",\"name\":\"Compuviper\",\"description\":\"Proveedor de Computadoras, Laptops, Servidores, Monitores, Puntos de Venta, Teclados,   Impresoras, T\u00f3ner, C\u00e1maras de Seguridad y m\u00e1s en tu tienda en l\u00ednea\",\"publisher\":{\"@id\":\"https:\/\/compuviper.mx\/tienda\/#organization\"},\"potentialAction\":[{\"@type\":\"SearchAction\",\"target\":{\"@type\":\"EntryPoint\",\"urlTemplate\":\"https:\/\/compuviper.mx\/tienda\/?s={search_term_string}\"},\"query-input\":\"required name=search_term_string\"}],\"inLanguage\":\"es-MX\"},{\"@type\":\"Organization\",\"@id\":\"https:\/\/compuviper.mx\/tienda\/#organization\",\"name\":\"Compuviper\",\"url\":\"https:\/\/compuviper.mx\/tienda\/\",\"logo\":{\"@type\":\"ImageObject\",\"inLanguage\":\"es-MX\",\"@id\":\"https:\/\/compuviper.mx\/tienda\/#\/schema\/logo\/image\/\",\"url\":\"https:\/\/compuviper.mx\/tienda\/wp-content\/uploads\/2021\/08\/Logo-Compuviper-10.png\",\"contentUrl\":\"https:\/\/compuviper.mx\/tienda\/wp-content\/uploads\/2021\/08\/Logo-Compuviper-10.png\",\"width\":1000,\"height\":500,\"caption\":\"Compuviper\"},\"image\":{\"@id\":\"https:\/\/compuviper.mx\/tienda\/#\/schema\/logo\/image\/\"},\"sameAs\":[\"https:\/\/www.facebook.com\/compuviper\",\"https:\/\/www.youtube.com\/channel\/UCf73dERp9Y3cfOq7q8BhLjA?view_as=subscriber\"]}]}<\/script>\n<meta property=\"product:brand\" content=\"LEXMARK\" \/>\n<meta property=\"product:price:amount\" content=\"1519\" \/>\n<meta property=\"product:price:currency\" content=\"MXN\" \/>\n<meta property=\"og:availability\" content=\"out of stock\" \/>\n<meta property=\"product:availability\" content=\"out of stock\" \/>\n<meta property=\"product:retailer_item_id\" content=\"B220Z00\" \/>\n<meta property=\"product:condition\" content=\"new\" \/>\n<!-- \/ Yoast SEO plugin. -->","yoast_head_json":{"title":"[ Lexmark ] &#129351; B220z00 Unidad De Imagen Color Negro , Hasta 12000 Paginas, Modelos B2236dw, Mb2236adw, Mb2236adwe","description":"Compra B220z00 Unidad De Imagen Color Negro , Hasta 12000 Paginas, Modelos B2236dw, Mb2236adw, Mb2236adwe + Env\u00edo a domicilio + Pago seguro + Garant\u00eda","robots":{"index":"index","follow":"follow","max-snippet":"max-snippet:-1","max-image-preview":"max-image-preview:large","max-video-preview":"max-video-preview:-1"},"canonical":"https:\/\/compuviper.mx\/tienda\/producto\/lexmark-b220z00-unidad-de-imagen-color-negro-hasta-12000-paginas-modelos-b2236dw-mb2236adw-mb2236adwe\/","og_locale":"es_MX","og_type":"article","og_title":"[ Lexmark ] &#129351; B220z00 Unidad De Imagen Color Negro , Hasta 12000 Paginas, Modelos B2236dw, Mb2236adw, Mb2236adwe","og_description":"Compra B220z00 Unidad De Imagen Color Negro , Hasta 12000 Paginas, Modelos B2236dw, Mb2236adw, Mb2236adwe + Env\u00edo a domicilio + Pago seguro + Garant\u00eda","og_url":"https:\/\/compuviper.mx\/tienda\/producto\/lexmark-b220z00-unidad-de-imagen-color-negro-hasta-12000-paginas-modelos-b2236dw-mb2236adw-mb2236adwe\/","og_site_name":"Compuviper","article_publisher":"https:\/\/www.facebook.com\/compuviper","og_image":[{"width":200,"height":200,"url":"https:\/\/compuviper.mx\/tienda\/wp-content\/uploads\/2023\/12\/Unidad-de-imagen-lexmark-color-negro-b220z00-hasta-12000-paginas-5-de-cobertura-pmodelos-b2236dw-mb2236adw-mb2236adwe.jpg","type":"image\/jpeg"}],"twitter_card":"summary_large_image","twitter_misc":{"Precio":"&#36;1,560 &#36;1,519 con IVA","Availability":"Out of stock"},"schema":{"@context":"https:\/\/schema.org","@graph":[{"@type":"WebPage","@id":"https:\/\/compuviper.mx\/tienda\/producto\/lexmark-b220z00-unidad-de-imagen-color-negro-hasta-12000-paginas-modelos-b2236dw-mb2236adw-mb2236adwe\/","url":"https:\/\/compuviper.mx\/tienda\/producto\/lexmark-b220z00-unidad-de-imagen-color-negro-hasta-12000-paginas-modelos-b2236dw-mb2236adw-mb2236adwe\/","name":"[ Lexmark ] &#129351; B220z00 Unidad De Imagen Color Negro , Hasta 12000 Paginas, Modelos B2236dw, Mb2236adw, Mb2236adwe","isPartOf":{"@id":"https:\/\/compuviper.mx\/tienda\/#website"},"datePublished":"2026-04-10T05:49:31+00:00","dateModified":"2026-04-10T05:49:31+00:00","description":"Compra B220z00 Unidad De Imagen Color Negro , Hasta 12000 Paginas, Modelos B2236dw, Mb2236adw, Mb2236adwe + Env\u00edo a domicilio + Pago seguro + Garant\u00eda","breadcrumb":{"@id":"https:\/\/compuviper.mx\/tienda\/producto\/lexmark-b220z00-unidad-de-imagen-color-negro-hasta-12000-paginas-modelos-b2236dw-mb2236adw-mb2236adwe\/#breadcrumb"},"inLanguage":"es-MX","potentialAction":[{"@type":"ReadAction","target":["https:\/\/compuviper.mx\/tienda\/producto\/lexmark-b220z00-unidad-de-imagen-color-negro-hasta-12000-paginas-modelos-b2236dw-mb2236adw-mb2236adwe\/"]}]},{"@type":"BreadcrumbList","@id":"https:\/\/compuviper.mx\/tienda\/producto\/lexmark-b220z00-unidad-de-imagen-color-negro-hasta-12000-paginas-modelos-b2236dw-mb2236adw-mb2236adwe\/#breadcrumb","itemListElement":[{"@type":"ListItem","position":1,"name":"Inicio","item":"https:\/\/compuviper.mx\/tienda\/"},{"@type":"ListItem","position":2,"name":"Productos","item":"https:\/\/compuviper.mx\/tienda\/productos\/"},{"@type":"ListItem","position":3,"name":"Consumibles","item":"https:\/\/compuviper.mx\/tienda\/categoria-producto\/consumibles\/"},{"@type":"ListItem","position":4,"name":"Tambor","item":"https:\/\/compuviper.mx\/tienda\/categoria-producto\/consumibles\/tambor\/"},{"@type":"ListItem","position":5,"name":"Lexmark B220z00 Unidad De Imagen Color Negro , Hasta 12000 Paginas, Modelos B2236dw, Mb2236adw, Mb2236adwe"}]},{"@type":"WebSite","@id":"https:\/\/compuviper.mx\/tienda\/#website","url":"https:\/\/compuviper.mx\/tienda\/","name":"Compuviper","description":"Proveedor de Computadoras, Laptops, Servidores, Monitores, Puntos de Venta, Teclados,   Impresoras, T\u00f3ner, C\u00e1maras de Seguridad y m\u00e1s en tu tienda en l\u00ednea","publisher":{"@id":"https:\/\/compuviper.mx\/tienda\/#organization"},"potentialAction":[{"@type":"SearchAction","target":{"@type":"EntryPoint","urlTemplate":"https:\/\/compuviper.mx\/tienda\/?s={search_term_string}"},"query-input":"required name=search_term_string"}],"inLanguage":"es-MX"},{"@type":"Organization","@id":"https:\/\/compuviper.mx\/tienda\/#organization","name":"Compuviper","url":"https:\/\/compuviper.mx\/tienda\/","logo":{"@type":"ImageObject","inLanguage":"es-MX","@id":"https:\/\/compuviper.mx\/tienda\/#\/schema\/logo\/image\/","url":"https:\/\/compuviper.mx\/tienda\/wp-content\/uploads\/2021\/08\/Logo-Compuviper-10.png","contentUrl":"https:\/\/compuviper.mx\/tienda\/wp-content\/uploads\/2021\/08\/Logo-Compuviper-10.png","width":1000,"height":500,"caption":"Compuviper"},"image":{"@id":"https:\/\/compuviper.mx\/tienda\/#\/schema\/logo\/image\/"},"sameAs":["https:\/\/www.facebook.com\/compuviper","https:\/\/www.youtube.com\/channel\/UCf73dERp9Y3cfOq7q8BhLjA?view_as=subscriber"]}]},"product_brand":"LEXMARK","product_price_amount":"1519","product_price_currency":"MXN","og_availability":"out of stock","product_availability":"out of stock","product_retailer_item_id":"B220Z00","product_condition":"new"},"_links":{"self":[{"href":"https:\/\/compuviper.mx\/tienda\/wp-json\/wp\/v2\/product\/215449"}],"collection":[{"href":"https:\/\/compuviper.mx\/tienda\/wp-json\/wp\/v2\/product"}],"about":[{"href":"https:\/\/compuviper.mx\/tienda\/wp-json\/wp\/v2\/types\/product"}],"replies":[{"embeddable":true,"href":"https:\/\/compuviper.mx\/tienda\/wp-json\/wp\/v2\/comments?post=215449"}],"wp:featuredmedia":[{"embeddable":true,"href":"https:\/\/compuviper.mx\/tienda\/wp-json\/wp\/v2\/media\/215450"}],"wp:attachment":[{"href":"https:\/\/compuviper.mx\/tienda\/wp-json\/wp\/v2\/media?parent=215449"}],"wp:term":[{"taxonomy":"product_cat","embeddable":true,"href":"https:\/\/compuviper.mx\/tienda\/wp-json\/wp\/v2\/product_cat?post=215449"},{"taxonomy":"product_tag","embeddable":true,"href":"https:\/\/compuviper.mx\/tienda\/wp-json\/wp\/v2\/product_tag?post=215449"}],"curies":[{"name":"wp","href":"https:\/\/api.w.org\/{rel}","templated":true}]}}