{"id":215443,"date":"2026-04-07T23:56:23","date_gmt":"2026-04-08T05:56:23","guid":{"rendered":"https:\/\/compuviper.mx\/tienda\/producto\/lexmark-b224000-toner-laser-color-negro-rendimiento-estandar-hasta-1200-paginas-5-de-cobertura-para-modelos-b2236dw-mb2236adw\/"},"modified":"2026-04-07T23:56:23","modified_gmt":"2026-04-08T05:56:23","slug":"lexmark-b224000-toner-laser-negro-rendimiento-estandar-1200-paginas-para-modelos-b2236dw-mb2236adw","status":"publish","type":"product","link":"https:\/\/compuviper.mx\/tienda\/producto\/lexmark-b224000-toner-laser-negro-rendimiento-estandar-1200-paginas-para-modelos-b2236dw-mb2236adw\/","title":{"rendered":"Lexmark B224000 Toner Laser  Negro , Rendimiento Estandar 1200 Paginas, Para Modelos B2236dw, Mb2236adw"},"content":{"rendered":"<table class=\"descripcion\">\n<tr>\n<td>\/\/parte n\u00bab224000\/\/<\/td>\n<\/tr>\n<tr>\n<td>\/\/tecnologa de impresin\/\/<\/td>\n<\/tr>\n<tr>\n<td>Lser monocromtico<\/td>\n<\/tr>\n<tr>\n<td>\/\/yield value\/\/<\/td>\n<\/tr>\n<tr>\n<td>1200<\/td>\n<\/tr>\n<tr>\n<td>\/\/programa de recoleccin de cartuchos de lexmark\/\/<\/td>\n<\/tr>\n<tr>\n<td>Yes<\/td>\n<\/tr>\n<tr>\n<td>\/\/rendimiento promedio del cartucho en uso continuo, impresin simple lado, hasta\/\/<\/td>\n<\/tr>\n<tr>\n<td>1,200 standard pages valor de rendimiento declarado de acuerdo con iso\/iec 19752.<\/td>\n<\/tr>\n<tr>\n<td>\/\/cartuchos de repuesto:\/\/<\/td>\n<\/tr>\n<tr>\n<td>Cartridges are designed for use in a specific geographical region. see www.lexmark.com\/regions for more details.<\/td>\n<\/tr>\n<tr>\n<td>\/\/tamao con empaque alto x ancho x profundo en mm\/\/<\/td>\n<\/tr>\n<tr>\n<td>187 x 100 x 330 mm<\/td>\n<\/tr>\n<tr>\n<td>\/\/peso con empaque kg\/\/<\/td>\n<\/tr>\n<tr>\n<td>0.72 kg<\/td>\n<\/tr>\n<tr>\n<td>\/\/ver especificaciones adicionales\/\/<\/td>\n<\/tr>\n<tr>\n<td>\/\/cartucho de tner negro del programa de devolucin para lexmark b224000\/\/<\/td>\n<\/tr>\n<tr>\n<td>Sistema elctrico y funcionamiento<\/td>\n<\/tr>\n<tr>\n<td>\/\/cdigo unspsc\/\/<\/td>\n<\/tr>\n<tr>\n<td>44103103<\/td>\n<\/tr>\n<tr>\n<td>\/\/cdigo arancelario armonizado\/\/<\/td>\n<\/tr>\n<tr>\n<td>8443.99.2050<\/td>\n<\/tr>\n<tr>\n<td>\/\/pas de origen\/\/<\/td>\n<\/tr>\n<tr>\n<td>China prc<\/td>\n<\/tr>\n<\/table>\n","protected":false},"excerpt":{"rendered":"<p>Calidad de imagen uniformemente sobresaliente. Confiabilidad del sistema de larga duracin. Sostenibilidad superior. Innovador sistema de impresin estabilizado.<\/p>\n","protected":false},"featured_media":215444,"comment_status":"open","ping_status":"open","template":"","meta":[],"product_cat":[1622,1632],"product_tag":[1630],"acf":[],"yoast_head":"<!-- This site is optimized with the Yoast SEO plugin v21.7 - https:\/\/yoast.com\/wordpress\/plugins\/seo\/ -->\n<title>[ Lexmark ] &#129351; B224000 Toner Laser Negro , Rendimiento Estandar 1200 Paginas, Para Modelos B2236dw, Mb2236adw<\/title>\n<meta name=\"description\" content=\"Compra B224000 Toner Laser Negro , Rendimiento Estandar 1200 Paginas, Para Modelos B2236dw, Mb2236adw + Env\u00edo a domicilio + Pago seguro + Garant\u00eda\" \/>\n<meta name=\"robots\" content=\"index, follow, max-snippet:-1, max-image-preview:large, max-video-preview:-1\" \/>\n<link rel=\"canonical\" href=\"https:\/\/compuviper.mx\/tienda\/producto\/lexmark-b224000-toner-laser-negro-rendimiento-estandar-1200-paginas-para-modelos-b2236dw-mb2236adw\/\" \/>\n<meta property=\"og:locale\" content=\"es_MX\" \/>\n<meta property=\"og:type\" content=\"article\" \/>\n<meta property=\"og:title\" content=\"[ Lexmark ] &#129351; B224000 Toner Laser Negro , Rendimiento Estandar 1200 Paginas, Para Modelos B2236dw, Mb2236adw\" \/>\n<meta property=\"og:description\" content=\"Compra B224000 Toner Laser Negro , Rendimiento Estandar 1200 Paginas, Para Modelos B2236dw, Mb2236adw + Env\u00edo a domicilio + Pago seguro + Garant\u00eda\" \/>\n<meta property=\"og:url\" content=\"https:\/\/compuviper.mx\/tienda\/producto\/lexmark-b224000-toner-laser-negro-rendimiento-estandar-1200-paginas-para-modelos-b2236dw-mb2236adw\/\" \/>\n<meta property=\"og:site_name\" content=\"Compuviper\" \/>\n<meta property=\"article:publisher\" content=\"https:\/\/www.facebook.com\/compuviper\" \/>\n<meta property=\"og:image\" content=\"https:\/\/compuviper.mx\/tienda\/wp-content\/uploads\/2023\/12\/Toner-laser-lexmark-color-negro-b224000-rendimiento-estandar-hasta-1200-paginas-5-de-cobertura-para-modelos-b2236dw-mb2236adw.jpg\" \/>\n\t<meta property=\"og:image:width\" content=\"200\" \/>\n\t<meta property=\"og:image:height\" content=\"200\" \/>\n\t<meta property=\"og:image:type\" content=\"image\/jpeg\" \/>\n<meta name=\"twitter:card\" content=\"summary_large_image\" \/>\n<meta name=\"twitter:label1\" content=\"Precio\" \/>\n\t<meta name=\"twitter:data1\" content=\"&#36;894 con IVA\" \/>\n\t<meta name=\"twitter:label2\" content=\"Availability\" \/>\n\t<meta name=\"twitter:data2\" content=\"Out of stock\" \/>\n<script type=\"application\/ld+json\" class=\"yoast-schema-graph\">{\"@context\":\"https:\/\/schema.org\",\"@graph\":[{\"@type\":\"WebPage\",\"@id\":\"https:\/\/compuviper.mx\/tienda\/producto\/lexmark-b224000-toner-laser-negro-rendimiento-estandar-1200-paginas-para-modelos-b2236dw-mb2236adw\/\",\"url\":\"https:\/\/compuviper.mx\/tienda\/producto\/lexmark-b224000-toner-laser-negro-rendimiento-estandar-1200-paginas-para-modelos-b2236dw-mb2236adw\/\",\"name\":\"[ Lexmark ] &#129351; B224000 Toner Laser Negro , Rendimiento Estandar 1200 Paginas, Para Modelos B2236dw, Mb2236adw\",\"isPartOf\":{\"@id\":\"https:\/\/compuviper.mx\/tienda\/#website\"},\"datePublished\":\"2026-04-08T05:56:23+00:00\",\"dateModified\":\"2026-04-08T05:56:23+00:00\",\"description\":\"Compra B224000 Toner Laser Negro , Rendimiento Estandar 1200 Paginas, Para Modelos B2236dw, Mb2236adw + Env\u00edo a domicilio + Pago seguro + Garant\u00eda\",\"breadcrumb\":{\"@id\":\"https:\/\/compuviper.mx\/tienda\/producto\/lexmark-b224000-toner-laser-negro-rendimiento-estandar-1200-paginas-para-modelos-b2236dw-mb2236adw\/#breadcrumb\"},\"inLanguage\":\"es-MX\",\"potentialAction\":[{\"@type\":\"ReadAction\",\"target\":[\"https:\/\/compuviper.mx\/tienda\/producto\/lexmark-b224000-toner-laser-negro-rendimiento-estandar-1200-paginas-para-modelos-b2236dw-mb2236adw\/\"]}]},{\"@type\":\"BreadcrumbList\",\"@id\":\"https:\/\/compuviper.mx\/tienda\/producto\/lexmark-b224000-toner-laser-negro-rendimiento-estandar-1200-paginas-para-modelos-b2236dw-mb2236adw\/#breadcrumb\",\"itemListElement\":[{\"@type\":\"ListItem\",\"position\":1,\"name\":\"Inicio\",\"item\":\"https:\/\/compuviper.mx\/tienda\/\"},{\"@type\":\"ListItem\",\"position\":2,\"name\":\"Productos\",\"item\":\"https:\/\/compuviper.mx\/tienda\/productos\/\"},{\"@type\":\"ListItem\",\"position\":3,\"name\":\"Consumibles\",\"item\":\"https:\/\/compuviper.mx\/tienda\/categoria-producto\/consumibles\/\"},{\"@type\":\"ListItem\",\"position\":4,\"name\":\"Toner\",\"item\":\"https:\/\/compuviper.mx\/tienda\/categoria-producto\/consumibles\/toner\/\"},{\"@type\":\"ListItem\",\"position\":5,\"name\":\"Lexmark B224000 Toner Laser Negro , Rendimiento Estandar 1200 Paginas, Para Modelos B2236dw, Mb2236adw\"}]},{\"@type\":\"WebSite\",\"@id\":\"https:\/\/compuviper.mx\/tienda\/#website\",\"url\":\"https:\/\/compuviper.mx\/tienda\/\",\"name\":\"Compuviper\",\"description\":\"Proveedor de Computadoras, Laptops, Servidores, Monitores, Puntos de Venta, Teclados,   Impresoras, T\u00f3ner, C\u00e1maras de Seguridad y m\u00e1s en tu tienda en l\u00ednea\",\"publisher\":{\"@id\":\"https:\/\/compuviper.mx\/tienda\/#organization\"},\"potentialAction\":[{\"@type\":\"SearchAction\",\"target\":{\"@type\":\"EntryPoint\",\"urlTemplate\":\"https:\/\/compuviper.mx\/tienda\/?s={search_term_string}\"},\"query-input\":\"required name=search_term_string\"}],\"inLanguage\":\"es-MX\"},{\"@type\":\"Organization\",\"@id\":\"https:\/\/compuviper.mx\/tienda\/#organization\",\"name\":\"Compuviper\",\"url\":\"https:\/\/compuviper.mx\/tienda\/\",\"logo\":{\"@type\":\"ImageObject\",\"inLanguage\":\"es-MX\",\"@id\":\"https:\/\/compuviper.mx\/tienda\/#\/schema\/logo\/image\/\",\"url\":\"https:\/\/compuviper.mx\/tienda\/wp-content\/uploads\/2021\/08\/Logo-Compuviper-10.png\",\"contentUrl\":\"https:\/\/compuviper.mx\/tienda\/wp-content\/uploads\/2021\/08\/Logo-Compuviper-10.png\",\"width\":1000,\"height\":500,\"caption\":\"Compuviper\"},\"image\":{\"@id\":\"https:\/\/compuviper.mx\/tienda\/#\/schema\/logo\/image\/\"},\"sameAs\":[\"https:\/\/www.facebook.com\/compuviper\",\"https:\/\/www.youtube.com\/channel\/UCf73dERp9Y3cfOq7q8BhLjA?view_as=subscriber\"]}]}<\/script>\n<meta property=\"product:brand\" content=\"LEXMARK\" \/>\n<meta property=\"product:price:amount\" content=\"894\" \/>\n<meta property=\"product:price:currency\" content=\"MXN\" \/>\n<meta property=\"og:availability\" content=\"out of stock\" \/>\n<meta property=\"product:availability\" content=\"out of stock\" \/>\n<meta property=\"product:retailer_item_id\" content=\"B224000\" \/>\n<meta property=\"product:condition\" content=\"new\" \/>\n<!-- \/ Yoast SEO plugin. -->","yoast_head_json":{"title":"[ Lexmark ] &#129351; B224000 Toner Laser Negro , Rendimiento Estandar 1200 Paginas, Para Modelos B2236dw, Mb2236adw","description":"Compra B224000 Toner Laser Negro , Rendimiento Estandar 1200 Paginas, Para Modelos B2236dw, Mb2236adw + Env\u00edo a domicilio + Pago seguro + Garant\u00eda","robots":{"index":"index","follow":"follow","max-snippet":"max-snippet:-1","max-image-preview":"max-image-preview:large","max-video-preview":"max-video-preview:-1"},"canonical":"https:\/\/compuviper.mx\/tienda\/producto\/lexmark-b224000-toner-laser-negro-rendimiento-estandar-1200-paginas-para-modelos-b2236dw-mb2236adw\/","og_locale":"es_MX","og_type":"article","og_title":"[ Lexmark ] &#129351; B224000 Toner Laser Negro , Rendimiento Estandar 1200 Paginas, Para Modelos B2236dw, Mb2236adw","og_description":"Compra B224000 Toner Laser Negro , Rendimiento Estandar 1200 Paginas, Para Modelos B2236dw, Mb2236adw + Env\u00edo a domicilio + Pago seguro + Garant\u00eda","og_url":"https:\/\/compuviper.mx\/tienda\/producto\/lexmark-b224000-toner-laser-negro-rendimiento-estandar-1200-paginas-para-modelos-b2236dw-mb2236adw\/","og_site_name":"Compuviper","article_publisher":"https:\/\/www.facebook.com\/compuviper","og_image":[{"width":200,"height":200,"url":"https:\/\/compuviper.mx\/tienda\/wp-content\/uploads\/2023\/12\/Toner-laser-lexmark-color-negro-b224000-rendimiento-estandar-hasta-1200-paginas-5-de-cobertura-para-modelos-b2236dw-mb2236adw.jpg","type":"image\/jpeg"}],"twitter_card":"summary_large_image","twitter_misc":{"Precio":"&#36;894 con IVA","Availability":"Out of stock"},"schema":{"@context":"https:\/\/schema.org","@graph":[{"@type":"WebPage","@id":"https:\/\/compuviper.mx\/tienda\/producto\/lexmark-b224000-toner-laser-negro-rendimiento-estandar-1200-paginas-para-modelos-b2236dw-mb2236adw\/","url":"https:\/\/compuviper.mx\/tienda\/producto\/lexmark-b224000-toner-laser-negro-rendimiento-estandar-1200-paginas-para-modelos-b2236dw-mb2236adw\/","name":"[ Lexmark ] &#129351; B224000 Toner Laser Negro , Rendimiento Estandar 1200 Paginas, Para Modelos B2236dw, Mb2236adw","isPartOf":{"@id":"https:\/\/compuviper.mx\/tienda\/#website"},"datePublished":"2026-04-08T05:56:23+00:00","dateModified":"2026-04-08T05:56:23+00:00","description":"Compra B224000 Toner Laser Negro , Rendimiento Estandar 1200 Paginas, Para Modelos B2236dw, Mb2236adw + Env\u00edo a domicilio + Pago seguro + Garant\u00eda","breadcrumb":{"@id":"https:\/\/compuviper.mx\/tienda\/producto\/lexmark-b224000-toner-laser-negro-rendimiento-estandar-1200-paginas-para-modelos-b2236dw-mb2236adw\/#breadcrumb"},"inLanguage":"es-MX","potentialAction":[{"@type":"ReadAction","target":["https:\/\/compuviper.mx\/tienda\/producto\/lexmark-b224000-toner-laser-negro-rendimiento-estandar-1200-paginas-para-modelos-b2236dw-mb2236adw\/"]}]},{"@type":"BreadcrumbList","@id":"https:\/\/compuviper.mx\/tienda\/producto\/lexmark-b224000-toner-laser-negro-rendimiento-estandar-1200-paginas-para-modelos-b2236dw-mb2236adw\/#breadcrumb","itemListElement":[{"@type":"ListItem","position":1,"name":"Inicio","item":"https:\/\/compuviper.mx\/tienda\/"},{"@type":"ListItem","position":2,"name":"Productos","item":"https:\/\/compuviper.mx\/tienda\/productos\/"},{"@type":"ListItem","position":3,"name":"Consumibles","item":"https:\/\/compuviper.mx\/tienda\/categoria-producto\/consumibles\/"},{"@type":"ListItem","position":4,"name":"Toner","item":"https:\/\/compuviper.mx\/tienda\/categoria-producto\/consumibles\/toner\/"},{"@type":"ListItem","position":5,"name":"Lexmark B224000 Toner Laser Negro , Rendimiento Estandar 1200 Paginas, Para Modelos B2236dw, Mb2236adw"}]},{"@type":"WebSite","@id":"https:\/\/compuviper.mx\/tienda\/#website","url":"https:\/\/compuviper.mx\/tienda\/","name":"Compuviper","description":"Proveedor de Computadoras, Laptops, Servidores, Monitores, Puntos de Venta, Teclados,   Impresoras, T\u00f3ner, C\u00e1maras de Seguridad y m\u00e1s en tu tienda en l\u00ednea","publisher":{"@id":"https:\/\/compuviper.mx\/tienda\/#organization"},"potentialAction":[{"@type":"SearchAction","target":{"@type":"EntryPoint","urlTemplate":"https:\/\/compuviper.mx\/tienda\/?s={search_term_string}"},"query-input":"required name=search_term_string"}],"inLanguage":"es-MX"},{"@type":"Organization","@id":"https:\/\/compuviper.mx\/tienda\/#organization","name":"Compuviper","url":"https:\/\/compuviper.mx\/tienda\/","logo":{"@type":"ImageObject","inLanguage":"es-MX","@id":"https:\/\/compuviper.mx\/tienda\/#\/schema\/logo\/image\/","url":"https:\/\/compuviper.mx\/tienda\/wp-content\/uploads\/2021\/08\/Logo-Compuviper-10.png","contentUrl":"https:\/\/compuviper.mx\/tienda\/wp-content\/uploads\/2021\/08\/Logo-Compuviper-10.png","width":1000,"height":500,"caption":"Compuviper"},"image":{"@id":"https:\/\/compuviper.mx\/tienda\/#\/schema\/logo\/image\/"},"sameAs":["https:\/\/www.facebook.com\/compuviper","https:\/\/www.youtube.com\/channel\/UCf73dERp9Y3cfOq7q8BhLjA?view_as=subscriber"]}]},"product_brand":"LEXMARK","product_price_amount":"894","product_price_currency":"MXN","og_availability":"out of stock","product_availability":"out of stock","product_retailer_item_id":"B224000","product_condition":"new"},"_links":{"self":[{"href":"https:\/\/compuviper.mx\/tienda\/wp-json\/wp\/v2\/product\/215443"}],"collection":[{"href":"https:\/\/compuviper.mx\/tienda\/wp-json\/wp\/v2\/product"}],"about":[{"href":"https:\/\/compuviper.mx\/tienda\/wp-json\/wp\/v2\/types\/product"}],"replies":[{"embeddable":true,"href":"https:\/\/compuviper.mx\/tienda\/wp-json\/wp\/v2\/comments?post=215443"}],"wp:featuredmedia":[{"embeddable":true,"href":"https:\/\/compuviper.mx\/tienda\/wp-json\/wp\/v2\/media\/215444"}],"wp:attachment":[{"href":"https:\/\/compuviper.mx\/tienda\/wp-json\/wp\/v2\/media?parent=215443"}],"wp:term":[{"taxonomy":"product_cat","embeddable":true,"href":"https:\/\/compuviper.mx\/tienda\/wp-json\/wp\/v2\/product_cat?post=215443"},{"taxonomy":"product_tag","embeddable":true,"href":"https:\/\/compuviper.mx\/tienda\/wp-json\/wp\/v2\/product_tag?post=215443"}],"curies":[{"name":"wp","href":"https:\/\/api.w.org\/{rel}","templated":true}]}}