{"id":215391,"date":"2026-04-01T23:54:40","date_gmt":"2026-04-02T05:54:40","guid":{"rendered":"https:\/\/compuviper.mx\/tienda\/producto\/lexmark-78c40y0-toner-laser-color-amarillo-rendimiento-estandar-hasta-1400-paginas-5-de-cobertura-p-modelos-cx622ade-cs421dn-cs521dn-cx625adhe-cx522ade-cs622de-cx421adn\/"},"modified":"2026-04-01T23:54:40","modified_gmt":"2026-04-02T05:54:40","slug":"lexmark-78c40y0-toner-laser-color-amarillo-rendimiento-estandar-np-hasta-1400-paginas-modelos-cx622ade-cs421dn-cs521dn-cx625adhe-cx522ade-cs622de-cx421adn","status":"publish","type":"product","link":"https:\/\/compuviper.mx\/tienda\/producto\/lexmark-78c40y0-toner-laser-color-amarillo-rendimiento-estandar-np-hasta-1400-paginas-modelos-cx622ade-cs421dn-cs521dn-cx625adhe-cx522ade-cs622de-cx421adn\/","title":{"rendered":"Lexmark 78c40y0 Toner Laser  Color Amarillo Rendimiento Estandar, Np , Hasta 1400 Paginas, Modelos Cx622ade, Cs421dn, Cs521dn, Cx625adhe Cx522ade, Cs622de, Cx421adn"},"content":{"rendered":"<table class=\"descripcion\">\n<tr>\n<td>Parte n\u00ba 78c40y0<\/td>\n<\/tr>\n<tr>\n<td>Tecnolog\u00eda de impresi\u00f3n<\/td>\n<\/tr>\n<tr>\n<td>L\u00e1ser de color<\/td>\n<\/tr>\n<tr>\n<td>Yield value<\/td>\n<\/tr>\n<tr>\n<td>1400<\/td>\n<\/tr>\n<tr>\n<td>Programa de recolecci\u00f3n de cartuchos de lexmark<\/td>\n<\/tr>\n<tr>\n<td>S\u00ed<\/td>\n<\/tr>\n<tr>\n<td>Rendimiento promedio continuo declarado del cartucho compuesto cmy, en impresi\u00f3n simple lado<\/td>\n<\/tr>\n<tr>\n<td>Up to 1,400 standard pages de acuerdo con iso\/iec 19798.<\/td>\n<\/tr>\n<tr>\n<td>Cartuchos de repuesto:<\/td>\n<\/tr>\n<tr>\n<td>Los cartuchos est\u00e1n dise\u00f1ados para su uso en una regi\u00f3n geogr\u00e1fica espec\u00edfica. visita www.lexmark.com\/regions para m\u00e1s detalles.<\/td>\n<\/tr>\n<tr>\n<td>Tama\u00f1o con empaque (alto x ancho x profundo en mm)<\/td>\n<\/tr>\n<tr>\n<td>72 x 141 x 102 mm<\/td>\n<\/tr>\n<tr>\n<td>Peso con empaque (kg)<\/td>\n<\/tr>\n<tr>\n<td>0.2 kg<\/td>\n<\/tr>\n<tr>\n<td>Especificaciones adicionales \/\/<\/td>\n<\/tr>\n<tr>\n<td>Cartucho de t\u00f3ner amarillo del programa de devoluci\u00f3n para lexmark 78c40y0<\/td>\n<\/tr>\n<tr>\n<td>Sistema el\u00e9ctrico y funcionamiento<\/td>\n<\/tr>\n<tr>\n<td>C\u00f3digo unspsc<\/td>\n<\/tr>\n<tr>\n<td>44103103<\/td>\n<\/tr>\n<tr>\n<td>C\u00f3digo arancelario armonizado<\/td>\n<\/tr>\n<tr>\n<td>8443.99.2050<\/td>\n<\/tr>\n<tr>\n<td>Pa\u00eds de origen<\/td>\n<\/tr>\n<tr>\n<td>China (prc), made in eu, m\u00e9xico<\/td>\n<\/tr>\n<\/table>\n","protected":false},"excerpt":{"rendered":"<p>Calidad de imagen uniformemente sobresaliente. Confiabilidad del sistema de larga duraci\u00f3n. Sostenibilidad superior. Innovador sistema de impresi\u00f3n estabilizado. Gane insumos gratuitos con lexmark rewards<\/p>\n","protected":false},"featured_media":215392,"comment_status":"open","ping_status":"open","template":"","meta":[],"product_cat":[1622,1632],"product_tag":[1630],"acf":[],"yoast_head":"<!-- This site is optimized with the Yoast SEO plugin v21.7 - https:\/\/yoast.com\/wordpress\/plugins\/seo\/ -->\n<title>[ Lexmark ] &#129351; 78c40y0 Toner Laser Color Amarillo Rendimiento Estandar, Np , Hasta 1400 Paginas, Modelos Cx622ade, Cs421dn, Cs521dn, Cx625adhe Cx522ade, Cs622de, Cx421adn<\/title>\n<meta name=\"description\" content=\"Compra 78c40y0 Toner Laser Color Amarillo Rendimiento Estandar, Np , Hasta 1400 Paginas, Modelos Cx622ade, Cs421dn, Cs521dn, Cx625adhe Cx522ade, Cs622de, Cx421adn + Env\u00edo a domicilio + Pago seguro + Garant\u00eda\" \/>\n<meta name=\"robots\" content=\"index, follow, max-snippet:-1, max-image-preview:large, max-video-preview:-1\" \/>\n<link rel=\"canonical\" href=\"https:\/\/compuviper.mx\/tienda\/producto\/lexmark-78c40y0-toner-laser-color-amarillo-rendimiento-estandar-np-hasta-1400-paginas-modelos-cx622ade-cs421dn-cs521dn-cx625adhe-cx522ade-cs622de-cx421adn\/\" \/>\n<meta property=\"og:locale\" content=\"es_MX\" \/>\n<meta property=\"og:type\" content=\"article\" \/>\n<meta property=\"og:title\" content=\"[ Lexmark ] &#129351; 78c40y0 Toner Laser Color Amarillo Rendimiento Estandar, Np , Hasta 1400 Paginas, Modelos Cx622ade, Cs421dn, Cs521dn, Cx625adhe Cx522ade, Cs622de, Cx421adn\" \/>\n<meta property=\"og:description\" content=\"Compra 78c40y0 Toner Laser Color Amarillo Rendimiento Estandar, Np , Hasta 1400 Paginas, Modelos Cx622ade, Cs421dn, Cs521dn, Cx625adhe Cx522ade, Cs622de, Cx421adn + Env\u00edo a domicilio + Pago seguro + Garant\u00eda\" \/>\n<meta property=\"og:url\" content=\"https:\/\/compuviper.mx\/tienda\/producto\/lexmark-78c40y0-toner-laser-color-amarillo-rendimiento-estandar-np-hasta-1400-paginas-modelos-cx622ade-cs421dn-cs521dn-cx625adhe-cx522ade-cs622de-cx421adn\/\" \/>\n<meta property=\"og:site_name\" content=\"Compuviper\" \/>\n<meta property=\"article:publisher\" content=\"https:\/\/www.facebook.com\/compuviper\" \/>\n<meta property=\"og:image\" content=\"https:\/\/compuviper.mx\/tienda\/wp-content\/uploads\/2023\/12\/Toner-laser-lexmark-color-amarillo-rendimiento-estandar-78c40y0-hasta-1400-paginas-5-de-cobertura-pmodelos-cx622ade-cs421dn-cs521dn-cx625adhe-cx522ade-cs622de-cx421adn.jpg\" \/>\n\t<meta property=\"og:image:width\" content=\"200\" \/>\n\t<meta property=\"og:image:height\" content=\"200\" \/>\n\t<meta property=\"og:image:type\" content=\"image\/jpeg\" \/>\n<meta name=\"twitter:card\" content=\"summary_large_image\" \/>\n<meta name=\"twitter:label1\" content=\"Precio\" \/>\n\t<meta name=\"twitter:data1\" content=\"&#36;1,930 con IVA\" \/>\n\t<meta name=\"twitter:label2\" content=\"Availability\" \/>\n\t<meta name=\"twitter:data2\" content=\"In stock\" \/>\n<script type=\"application\/ld+json\" class=\"yoast-schema-graph\">{\"@context\":\"https:\/\/schema.org\",\"@graph\":[{\"@type\":\"WebPage\",\"@id\":\"https:\/\/compuviper.mx\/tienda\/producto\/lexmark-78c40y0-toner-laser-color-amarillo-rendimiento-estandar-np-hasta-1400-paginas-modelos-cx622ade-cs421dn-cs521dn-cx625adhe-cx522ade-cs622de-cx421adn\/\",\"url\":\"https:\/\/compuviper.mx\/tienda\/producto\/lexmark-78c40y0-toner-laser-color-amarillo-rendimiento-estandar-np-hasta-1400-paginas-modelos-cx622ade-cs421dn-cs521dn-cx625adhe-cx522ade-cs622de-cx421adn\/\",\"name\":\"[ Lexmark ] &#129351; 78c40y0 Toner Laser Color Amarillo Rendimiento Estandar, Np , Hasta 1400 Paginas, Modelos Cx622ade, Cs421dn, Cs521dn, Cx625adhe Cx522ade, Cs622de, Cx421adn\",\"isPartOf\":{\"@id\":\"https:\/\/compuviper.mx\/tienda\/#website\"},\"datePublished\":\"2026-04-02T05:54:40+00:00\",\"dateModified\":\"2026-04-02T05:54:40+00:00\",\"description\":\"Compra 78c40y0 Toner Laser Color Amarillo Rendimiento Estandar, Np , Hasta 1400 Paginas, Modelos Cx622ade, Cs421dn, Cs521dn, Cx625adhe Cx522ade, Cs622de, Cx421adn + Env\u00edo a domicilio + Pago seguro + Garant\u00eda\",\"breadcrumb\":{\"@id\":\"https:\/\/compuviper.mx\/tienda\/producto\/lexmark-78c40y0-toner-laser-color-amarillo-rendimiento-estandar-np-hasta-1400-paginas-modelos-cx622ade-cs421dn-cs521dn-cx625adhe-cx522ade-cs622de-cx421adn\/#breadcrumb\"},\"inLanguage\":\"es-MX\",\"potentialAction\":[{\"@type\":\"ReadAction\",\"target\":[\"https:\/\/compuviper.mx\/tienda\/producto\/lexmark-78c40y0-toner-laser-color-amarillo-rendimiento-estandar-np-hasta-1400-paginas-modelos-cx622ade-cs421dn-cs521dn-cx625adhe-cx522ade-cs622de-cx421adn\/\"]}]},{\"@type\":\"BreadcrumbList\",\"@id\":\"https:\/\/compuviper.mx\/tienda\/producto\/lexmark-78c40y0-toner-laser-color-amarillo-rendimiento-estandar-np-hasta-1400-paginas-modelos-cx622ade-cs421dn-cs521dn-cx625adhe-cx522ade-cs622de-cx421adn\/#breadcrumb\",\"itemListElement\":[{\"@type\":\"ListItem\",\"position\":1,\"name\":\"Inicio\",\"item\":\"https:\/\/compuviper.mx\/tienda\/\"},{\"@type\":\"ListItem\",\"position\":2,\"name\":\"Productos\",\"item\":\"https:\/\/compuviper.mx\/tienda\/productos\/\"},{\"@type\":\"ListItem\",\"position\":3,\"name\":\"Consumibles\",\"item\":\"https:\/\/compuviper.mx\/tienda\/categoria-producto\/consumibles\/\"},{\"@type\":\"ListItem\",\"position\":4,\"name\":\"Toner\",\"item\":\"https:\/\/compuviper.mx\/tienda\/categoria-producto\/consumibles\/toner\/\"},{\"@type\":\"ListItem\",\"position\":5,\"name\":\"Lexmark 78c40y0 Toner Laser Color Amarillo Rendimiento Estandar, Np , Hasta 1400 Paginas, Modelos Cx622ade, Cs421dn, Cs521dn, Cx625adhe Cx522ade, Cs622de, Cx421adn\"}]},{\"@type\":\"WebSite\",\"@id\":\"https:\/\/compuviper.mx\/tienda\/#website\",\"url\":\"https:\/\/compuviper.mx\/tienda\/\",\"name\":\"Compuviper\",\"description\":\"Proveedor de Computadoras, Laptops, Servidores, Monitores, Puntos de Venta, Teclados,   Impresoras, T\u00f3ner, C\u00e1maras de Seguridad y m\u00e1s en tu tienda en l\u00ednea\",\"publisher\":{\"@id\":\"https:\/\/compuviper.mx\/tienda\/#organization\"},\"potentialAction\":[{\"@type\":\"SearchAction\",\"target\":{\"@type\":\"EntryPoint\",\"urlTemplate\":\"https:\/\/compuviper.mx\/tienda\/?s={search_term_string}\"},\"query-input\":\"required name=search_term_string\"}],\"inLanguage\":\"es-MX\"},{\"@type\":\"Organization\",\"@id\":\"https:\/\/compuviper.mx\/tienda\/#organization\",\"name\":\"Compuviper\",\"url\":\"https:\/\/compuviper.mx\/tienda\/\",\"logo\":{\"@type\":\"ImageObject\",\"inLanguage\":\"es-MX\",\"@id\":\"https:\/\/compuviper.mx\/tienda\/#\/schema\/logo\/image\/\",\"url\":\"https:\/\/compuviper.mx\/tienda\/wp-content\/uploads\/2021\/08\/Logo-Compuviper-10.png\",\"contentUrl\":\"https:\/\/compuviper.mx\/tienda\/wp-content\/uploads\/2021\/08\/Logo-Compuviper-10.png\",\"width\":1000,\"height\":500,\"caption\":\"Compuviper\"},\"image\":{\"@id\":\"https:\/\/compuviper.mx\/tienda\/#\/schema\/logo\/image\/\"},\"sameAs\":[\"https:\/\/www.facebook.com\/compuviper\",\"https:\/\/www.youtube.com\/channel\/UCf73dERp9Y3cfOq7q8BhLjA?view_as=subscriber\"]}]}<\/script>\n<meta property=\"product:brand\" content=\"LEXMARK\" \/>\n<meta property=\"product:price:amount\" content=\"1930\" \/>\n<meta property=\"product:price:currency\" content=\"MXN\" \/>\n<meta property=\"og:availability\" content=\"instock\" \/>\n<meta property=\"product:availability\" content=\"instock\" \/>\n<meta property=\"product:retailer_item_id\" content=\"78C40Y0\" \/>\n<meta property=\"product:condition\" content=\"new\" \/>\n<!-- \/ Yoast SEO plugin. -->","yoast_head_json":{"title":"[ Lexmark ] &#129351; 78c40y0 Toner Laser Color Amarillo Rendimiento Estandar, Np , Hasta 1400 Paginas, Modelos Cx622ade, Cs421dn, Cs521dn, Cx625adhe Cx522ade, Cs622de, Cx421adn","description":"Compra 78c40y0 Toner Laser Color Amarillo Rendimiento Estandar, Np , Hasta 1400 Paginas, Modelos Cx622ade, Cs421dn, Cs521dn, Cx625adhe Cx522ade, Cs622de, Cx421adn + Env\u00edo a domicilio + Pago seguro + Garant\u00eda","robots":{"index":"index","follow":"follow","max-snippet":"max-snippet:-1","max-image-preview":"max-image-preview:large","max-video-preview":"max-video-preview:-1"},"canonical":"https:\/\/compuviper.mx\/tienda\/producto\/lexmark-78c40y0-toner-laser-color-amarillo-rendimiento-estandar-np-hasta-1400-paginas-modelos-cx622ade-cs421dn-cs521dn-cx625adhe-cx522ade-cs622de-cx421adn\/","og_locale":"es_MX","og_type":"article","og_title":"[ Lexmark ] &#129351; 78c40y0 Toner Laser Color Amarillo Rendimiento Estandar, Np , Hasta 1400 Paginas, Modelos Cx622ade, Cs421dn, Cs521dn, Cx625adhe Cx522ade, Cs622de, Cx421adn","og_description":"Compra 78c40y0 Toner Laser Color Amarillo Rendimiento Estandar, Np , Hasta 1400 Paginas, Modelos Cx622ade, Cs421dn, Cs521dn, Cx625adhe Cx522ade, Cs622de, Cx421adn + Env\u00edo a domicilio + Pago seguro + Garant\u00eda","og_url":"https:\/\/compuviper.mx\/tienda\/producto\/lexmark-78c40y0-toner-laser-color-amarillo-rendimiento-estandar-np-hasta-1400-paginas-modelos-cx622ade-cs421dn-cs521dn-cx625adhe-cx522ade-cs622de-cx421adn\/","og_site_name":"Compuviper","article_publisher":"https:\/\/www.facebook.com\/compuviper","og_image":[{"width":200,"height":200,"url":"https:\/\/compuviper.mx\/tienda\/wp-content\/uploads\/2023\/12\/Toner-laser-lexmark-color-amarillo-rendimiento-estandar-78c40y0-hasta-1400-paginas-5-de-cobertura-pmodelos-cx622ade-cs421dn-cs521dn-cx625adhe-cx522ade-cs622de-cx421adn.jpg","type":"image\/jpeg"}],"twitter_card":"summary_large_image","twitter_misc":{"Precio":"&#36;1,930 con IVA","Availability":"In stock"},"schema":{"@context":"https:\/\/schema.org","@graph":[{"@type":"WebPage","@id":"https:\/\/compuviper.mx\/tienda\/producto\/lexmark-78c40y0-toner-laser-color-amarillo-rendimiento-estandar-np-hasta-1400-paginas-modelos-cx622ade-cs421dn-cs521dn-cx625adhe-cx522ade-cs622de-cx421adn\/","url":"https:\/\/compuviper.mx\/tienda\/producto\/lexmark-78c40y0-toner-laser-color-amarillo-rendimiento-estandar-np-hasta-1400-paginas-modelos-cx622ade-cs421dn-cs521dn-cx625adhe-cx522ade-cs622de-cx421adn\/","name":"[ Lexmark ] &#129351; 78c40y0 Toner Laser Color Amarillo Rendimiento Estandar, Np , Hasta 1400 Paginas, Modelos Cx622ade, Cs421dn, Cs521dn, Cx625adhe Cx522ade, Cs622de, Cx421adn","isPartOf":{"@id":"https:\/\/compuviper.mx\/tienda\/#website"},"datePublished":"2026-04-02T05:54:40+00:00","dateModified":"2026-04-02T05:54:40+00:00","description":"Compra 78c40y0 Toner Laser Color Amarillo Rendimiento Estandar, Np , Hasta 1400 Paginas, Modelos Cx622ade, Cs421dn, Cs521dn, Cx625adhe Cx522ade, Cs622de, Cx421adn + Env\u00edo a domicilio + Pago seguro + Garant\u00eda","breadcrumb":{"@id":"https:\/\/compuviper.mx\/tienda\/producto\/lexmark-78c40y0-toner-laser-color-amarillo-rendimiento-estandar-np-hasta-1400-paginas-modelos-cx622ade-cs421dn-cs521dn-cx625adhe-cx522ade-cs622de-cx421adn\/#breadcrumb"},"inLanguage":"es-MX","potentialAction":[{"@type":"ReadAction","target":["https:\/\/compuviper.mx\/tienda\/producto\/lexmark-78c40y0-toner-laser-color-amarillo-rendimiento-estandar-np-hasta-1400-paginas-modelos-cx622ade-cs421dn-cs521dn-cx625adhe-cx522ade-cs622de-cx421adn\/"]}]},{"@type":"BreadcrumbList","@id":"https:\/\/compuviper.mx\/tienda\/producto\/lexmark-78c40y0-toner-laser-color-amarillo-rendimiento-estandar-np-hasta-1400-paginas-modelos-cx622ade-cs421dn-cs521dn-cx625adhe-cx522ade-cs622de-cx421adn\/#breadcrumb","itemListElement":[{"@type":"ListItem","position":1,"name":"Inicio","item":"https:\/\/compuviper.mx\/tienda\/"},{"@type":"ListItem","position":2,"name":"Productos","item":"https:\/\/compuviper.mx\/tienda\/productos\/"},{"@type":"ListItem","position":3,"name":"Consumibles","item":"https:\/\/compuviper.mx\/tienda\/categoria-producto\/consumibles\/"},{"@type":"ListItem","position":4,"name":"Toner","item":"https:\/\/compuviper.mx\/tienda\/categoria-producto\/consumibles\/toner\/"},{"@type":"ListItem","position":5,"name":"Lexmark 78c40y0 Toner Laser Color Amarillo Rendimiento Estandar, Np , Hasta 1400 Paginas, Modelos Cx622ade, Cs421dn, Cs521dn, Cx625adhe Cx522ade, Cs622de, Cx421adn"}]},{"@type":"WebSite","@id":"https:\/\/compuviper.mx\/tienda\/#website","url":"https:\/\/compuviper.mx\/tienda\/","name":"Compuviper","description":"Proveedor de Computadoras, Laptops, Servidores, Monitores, Puntos de Venta, Teclados,   Impresoras, T\u00f3ner, C\u00e1maras de Seguridad y m\u00e1s en tu tienda en l\u00ednea","publisher":{"@id":"https:\/\/compuviper.mx\/tienda\/#organization"},"potentialAction":[{"@type":"SearchAction","target":{"@type":"EntryPoint","urlTemplate":"https:\/\/compuviper.mx\/tienda\/?s={search_term_string}"},"query-input":"required name=search_term_string"}],"inLanguage":"es-MX"},{"@type":"Organization","@id":"https:\/\/compuviper.mx\/tienda\/#organization","name":"Compuviper","url":"https:\/\/compuviper.mx\/tienda\/","logo":{"@type":"ImageObject","inLanguage":"es-MX","@id":"https:\/\/compuviper.mx\/tienda\/#\/schema\/logo\/image\/","url":"https:\/\/compuviper.mx\/tienda\/wp-content\/uploads\/2021\/08\/Logo-Compuviper-10.png","contentUrl":"https:\/\/compuviper.mx\/tienda\/wp-content\/uploads\/2021\/08\/Logo-Compuviper-10.png","width":1000,"height":500,"caption":"Compuviper"},"image":{"@id":"https:\/\/compuviper.mx\/tienda\/#\/schema\/logo\/image\/"},"sameAs":["https:\/\/www.facebook.com\/compuviper","https:\/\/www.youtube.com\/channel\/UCf73dERp9Y3cfOq7q8BhLjA?view_as=subscriber"]}]},"product_brand":"LEXMARK","product_price_amount":"1930","product_price_currency":"MXN","og_availability":"instock","product_availability":"instock","product_retailer_item_id":"78C40Y0","product_condition":"new"},"_links":{"self":[{"href":"https:\/\/compuviper.mx\/tienda\/wp-json\/wp\/v2\/product\/215391"}],"collection":[{"href":"https:\/\/compuviper.mx\/tienda\/wp-json\/wp\/v2\/product"}],"about":[{"href":"https:\/\/compuviper.mx\/tienda\/wp-json\/wp\/v2\/types\/product"}],"replies":[{"embeddable":true,"href":"https:\/\/compuviper.mx\/tienda\/wp-json\/wp\/v2\/comments?post=215391"}],"wp:featuredmedia":[{"embeddable":true,"href":"https:\/\/compuviper.mx\/tienda\/wp-json\/wp\/v2\/media\/215392"}],"wp:attachment":[{"href":"https:\/\/compuviper.mx\/tienda\/wp-json\/wp\/v2\/media?parent=215391"}],"wp:term":[{"taxonomy":"product_cat","embeddable":true,"href":"https:\/\/compuviper.mx\/tienda\/wp-json\/wp\/v2\/product_cat?post=215391"},{"taxonomy":"product_tag","embeddable":true,"href":"https:\/\/compuviper.mx\/tienda\/wp-json\/wp\/v2\/product_tag?post=215391"}],"curies":[{"name":"wp","href":"https:\/\/api.w.org\/{rel}","templated":true}]}}