{"id":215387,"date":"2026-04-15T23:55:31","date_gmt":"2026-04-16T05:55:31","guid":{"rendered":"https:\/\/compuviper.mx\/tienda\/producto\/dataproducts-255049-402-cinta-tallygenicom-para-impresoras-matriz-de-linea-lm-502p-lm-1002p-lm-502g-lm-1002g-lm-1502g-lm-2002g-p8205-p8210-p8215-y-p8220-rendimiento-17000-impresiones-por-cin\/"},"modified":"2026-04-15T23:55:31","modified_gmt":"2026-04-16T05:55:31","slug":"dataproducts-255049-402-cinta-tallygenicom-para-impresoras-matriz-de-linea-lm-502p-lm-1002p-lm-502g-lm-1002g-lm-1502g-lm-2002g-p8205-p8210-p8215-y-p8220-rendimiento-17000-impresiones-por-cin","status":"publish","type":"product","link":"https:\/\/compuviper.mx\/tienda\/producto\/dataproducts-255049-402-cinta-tallygenicom-para-impresoras-matriz-de-linea-lm-502p-lm-1002p-lm-502g-lm-1002g-lm-1502g-lm-2002g-p8205-p8210-p8215-y-p8220-rendimiento-17000-impresiones-por-cin\/","title":{"rendered":"Dataproducts 255049-402 Cinta Tallygenicom Para Impresoras Matriz De Linea, Lm-502p, Lm-1002p, Lm-502g, Lm-1002g, Lm-1502g, Lm-2002g, P8205, P8210, P8215 Y P8220, Rendimiento 17000 Impresiones Por Cinta, Caja Con 4 Cintas"},"content":{"rendered":"<table class=\"descripcion\">\n<tr>\n<td>Cinta de impresi\u00f3n estandar para impresoras de matriz de linea marca printronix modelos p7005c, p7010c, p7205c, p7210c, p7215c, p7220c, p8005, p8010, p8205, p8210, p8215, p8220, con rendimiento de 17,000 paginas<\/td>\n<\/tr>\n<\/table>\n","protected":false},"excerpt":{"rendered":"<p>Utiliza consumibles original printronix para proteger tu equipo y tu inversi\u00f3n<\/p>\n","protected":false},"featured_media":215388,"comment_status":"open","ping_status":"open","template":"","meta":[],"product_cat":[1622,1635],"product_tag":[1647],"acf":[],"yoast_head":"<!-- This site is optimized with the Yoast SEO plugin v21.7 - https:\/\/yoast.com\/wordpress\/plugins\/seo\/ -->\n<title>[ Dataproducts ] &#129351; 255049-402 Cinta Tallygenicom Para Impresoras Matriz De Linea, Lm-502p, Lm-1002p, Lm-502g, Lm-1002g, Lm-1502g, Lm-2002g, P8205, P8210, P8215 Y P8220, Rendimiento 17000 Impresiones Por Cinta, Caja Con 4 Cintas<\/title>\n<meta name=\"description\" content=\"Compra 255049-402 Cinta Tallygenicom Para Impresoras Matriz De Linea, Lm-502p, Lm-1002p, Lm-502g, Lm-1002g, Lm-1502g, Lm-2002g, P8205, P8210, P8215 Y P8220, Rendimiento 17000 Impresiones Por Cinta, Caja Con 4 Cintas + Env\u00edo a domicilio + Pago seguro + Garant\u00eda\" \/>\n<meta name=\"robots\" content=\"index, follow, max-snippet:-1, max-image-preview:large, max-video-preview:-1\" \/>\n<link rel=\"canonical\" href=\"https:\/\/compuviper.mx\/tienda\/producto\/dataproducts-255049-402-cinta-tallygenicom-para-impresoras-matriz-de-linea-lm-502p-lm-1002p-lm-502g-lm-1002g-lm-1502g-lm-2002g-p8205-p8210-p8215-y-p8220-rendimiento-17000-impresiones-por-cin\/\" \/>\n<meta property=\"og:locale\" content=\"es_MX\" \/>\n<meta property=\"og:type\" content=\"article\" \/>\n<meta property=\"og:title\" content=\"[ Dataproducts ] &#129351; 255049-402 Cinta Tallygenicom Para Impresoras Matriz De Linea, Lm-502p, Lm-1002p, Lm-502g, Lm-1002g, Lm-1502g, Lm-2002g, P8205, P8210, P8215 Y P8220, Rendimiento 17000 Impresiones Por Cinta, Caja Con 4 Cintas\" \/>\n<meta property=\"og:description\" content=\"Compra 255049-402 Cinta Tallygenicom Para Impresoras Matriz De Linea, Lm-502p, Lm-1002p, Lm-502g, Lm-1002g, Lm-1502g, Lm-2002g, P8205, P8210, P8215 Y P8220, Rendimiento 17000 Impresiones Por Cinta, Caja Con 4 Cintas + Env\u00edo a domicilio + Pago seguro + Garant\u00eda\" \/>\n<meta property=\"og:url\" content=\"https:\/\/compuviper.mx\/tienda\/producto\/dataproducts-255049-402-cinta-tallygenicom-para-impresoras-matriz-de-linea-lm-502p-lm-1002p-lm-502g-lm-1002g-lm-1502g-lm-2002g-p8205-p8210-p8215-y-p8220-rendimiento-17000-impresiones-por-cin\/\" \/>\n<meta property=\"og:site_name\" content=\"Compuviper\" \/>\n<meta property=\"article:publisher\" content=\"https:\/\/www.facebook.com\/compuviper\" \/>\n<meta property=\"og:image\" content=\"https:\/\/compuviper.mx\/tienda\/wp-content\/uploads\/2023\/12\/Cinta-tallygenicom-para-impresoras-matriz-de-linea-lm-502p-lm-1002p-lm-502g-lm-1002g-lm-1502g-lm-2002g-p8205-p8210-p8215-y-p8220-rendimiento-17000-impresiones-por-cinta-caja-con-4-cintas.jpg\" \/>\n\t<meta property=\"og:image:width\" content=\"200\" \/>\n\t<meta property=\"og:image:height\" content=\"200\" \/>\n\t<meta property=\"og:image:type\" content=\"image\/jpeg\" \/>\n<meta name=\"twitter:card\" content=\"summary_large_image\" \/>\n<meta name=\"twitter:label1\" content=\"Precio\" \/>\n\t<meta name=\"twitter:data1\" content=\"&#36;6,281 con IVA\" \/>\n\t<meta name=\"twitter:label2\" content=\"Availability\" \/>\n\t<meta name=\"twitter:data2\" content=\"Out of stock\" \/>\n<script type=\"application\/ld+json\" class=\"yoast-schema-graph\">{\"@context\":\"https:\/\/schema.org\",\"@graph\":[{\"@type\":\"WebPage\",\"@id\":\"https:\/\/compuviper.mx\/tienda\/producto\/dataproducts-255049-402-cinta-tallygenicom-para-impresoras-matriz-de-linea-lm-502p-lm-1002p-lm-502g-lm-1002g-lm-1502g-lm-2002g-p8205-p8210-p8215-y-p8220-rendimiento-17000-impresiones-por-cin\/\",\"url\":\"https:\/\/compuviper.mx\/tienda\/producto\/dataproducts-255049-402-cinta-tallygenicom-para-impresoras-matriz-de-linea-lm-502p-lm-1002p-lm-502g-lm-1002g-lm-1502g-lm-2002g-p8205-p8210-p8215-y-p8220-rendimiento-17000-impresiones-por-cin\/\",\"name\":\"[ Dataproducts ] &#129351; 255049-402 Cinta Tallygenicom Para Impresoras Matriz De Linea, Lm-502p, Lm-1002p, Lm-502g, Lm-1002g, Lm-1502g, Lm-2002g, P8205, P8210, P8215 Y P8220, Rendimiento 17000 Impresiones Por Cinta, Caja Con 4 Cintas\",\"isPartOf\":{\"@id\":\"https:\/\/compuviper.mx\/tienda\/#website\"},\"datePublished\":\"2026-04-16T05:55:31+00:00\",\"dateModified\":\"2026-04-16T05:55:31+00:00\",\"description\":\"Compra 255049-402 Cinta Tallygenicom Para Impresoras Matriz De Linea, Lm-502p, Lm-1002p, Lm-502g, Lm-1002g, Lm-1502g, Lm-2002g, P8205, P8210, P8215 Y P8220, Rendimiento 17000 Impresiones Por Cinta, Caja Con 4 Cintas + Env\u00edo a domicilio + Pago seguro + Garant\u00eda\",\"breadcrumb\":{\"@id\":\"https:\/\/compuviper.mx\/tienda\/producto\/dataproducts-255049-402-cinta-tallygenicom-para-impresoras-matriz-de-linea-lm-502p-lm-1002p-lm-502g-lm-1002g-lm-1502g-lm-2002g-p8205-p8210-p8215-y-p8220-rendimiento-17000-impresiones-por-cin\/#breadcrumb\"},\"inLanguage\":\"es-MX\",\"potentialAction\":[{\"@type\":\"ReadAction\",\"target\":[\"https:\/\/compuviper.mx\/tienda\/producto\/dataproducts-255049-402-cinta-tallygenicom-para-impresoras-matriz-de-linea-lm-502p-lm-1002p-lm-502g-lm-1002g-lm-1502g-lm-2002g-p8205-p8210-p8215-y-p8220-rendimiento-17000-impresiones-por-cin\/\"]}]},{\"@type\":\"BreadcrumbList\",\"@id\":\"https:\/\/compuviper.mx\/tienda\/producto\/dataproducts-255049-402-cinta-tallygenicom-para-impresoras-matriz-de-linea-lm-502p-lm-1002p-lm-502g-lm-1002g-lm-1502g-lm-2002g-p8205-p8210-p8215-y-p8220-rendimiento-17000-impresiones-por-cin\/#breadcrumb\",\"itemListElement\":[{\"@type\":\"ListItem\",\"position\":1,\"name\":\"Inicio\",\"item\":\"https:\/\/compuviper.mx\/tienda\/\"},{\"@type\":\"ListItem\",\"position\":2,\"name\":\"Productos\",\"item\":\"https:\/\/compuviper.mx\/tienda\/productos\/\"},{\"@type\":\"ListItem\",\"position\":3,\"name\":\"Consumibles\",\"item\":\"https:\/\/compuviper.mx\/tienda\/categoria-producto\/consumibles\/\"},{\"@type\":\"ListItem\",\"position\":4,\"name\":\"Cinta\",\"item\":\"https:\/\/compuviper.mx\/tienda\/categoria-producto\/consumibles\/cinta\/\"},{\"@type\":\"ListItem\",\"position\":5,\"name\":\"Dataproducts 255049-402 Cinta Tallygenicom Para Impresoras Matriz De Linea, Lm-502p, Lm-1002p, Lm-502g, Lm-1002g, Lm-1502g, Lm-2002g, P8205, P8210, P8215 Y P8220, Rendimiento 17000 Impresiones Por Cinta, Caja Con 4 Cintas\"}]},{\"@type\":\"WebSite\",\"@id\":\"https:\/\/compuviper.mx\/tienda\/#website\",\"url\":\"https:\/\/compuviper.mx\/tienda\/\",\"name\":\"Compuviper\",\"description\":\"Proveedor de Computadoras, Laptops, Servidores, Monitores, Puntos de Venta, Teclados,   Impresoras, T\u00f3ner, C\u00e1maras de Seguridad y m\u00e1s en tu tienda en l\u00ednea\",\"publisher\":{\"@id\":\"https:\/\/compuviper.mx\/tienda\/#organization\"},\"potentialAction\":[{\"@type\":\"SearchAction\",\"target\":{\"@type\":\"EntryPoint\",\"urlTemplate\":\"https:\/\/compuviper.mx\/tienda\/?s={search_term_string}\"},\"query-input\":\"required name=search_term_string\"}],\"inLanguage\":\"es-MX\"},{\"@type\":\"Organization\",\"@id\":\"https:\/\/compuviper.mx\/tienda\/#organization\",\"name\":\"Compuviper\",\"url\":\"https:\/\/compuviper.mx\/tienda\/\",\"logo\":{\"@type\":\"ImageObject\",\"inLanguage\":\"es-MX\",\"@id\":\"https:\/\/compuviper.mx\/tienda\/#\/schema\/logo\/image\/\",\"url\":\"https:\/\/compuviper.mx\/tienda\/wp-content\/uploads\/2021\/08\/Logo-Compuviper-10.png\",\"contentUrl\":\"https:\/\/compuviper.mx\/tienda\/wp-content\/uploads\/2021\/08\/Logo-Compuviper-10.png\",\"width\":1000,\"height\":500,\"caption\":\"Compuviper\"},\"image\":{\"@id\":\"https:\/\/compuviper.mx\/tienda\/#\/schema\/logo\/image\/\"},\"sameAs\":[\"https:\/\/www.facebook.com\/compuviper\",\"https:\/\/www.youtube.com\/channel\/UCf73dERp9Y3cfOq7q8BhLjA?view_as=subscriber\"]}]}<\/script>\n<meta property=\"product:brand\" content=\"DATAPRODUCTS\" \/>\n<meta property=\"product:price:amount\" content=\"6281\" \/>\n<meta property=\"product:price:currency\" content=\"MXN\" \/>\n<meta property=\"og:availability\" content=\"out of stock\" \/>\n<meta property=\"product:availability\" content=\"out of stock\" \/>\n<meta property=\"product:retailer_item_id\" content=\"255049-402\" \/>\n<meta property=\"product:condition\" content=\"new\" \/>\n<!-- \/ Yoast SEO plugin. -->","yoast_head_json":{"title":"[ Dataproducts ] &#129351; 255049-402 Cinta Tallygenicom Para Impresoras Matriz De Linea, Lm-502p, Lm-1002p, Lm-502g, Lm-1002g, Lm-1502g, Lm-2002g, P8205, P8210, P8215 Y P8220, Rendimiento 17000 Impresiones Por Cinta, Caja Con 4 Cintas","description":"Compra 255049-402 Cinta Tallygenicom Para Impresoras Matriz De Linea, Lm-502p, Lm-1002p, Lm-502g, Lm-1002g, Lm-1502g, Lm-2002g, P8205, P8210, P8215 Y P8220, Rendimiento 17000 Impresiones Por Cinta, Caja Con 4 Cintas + Env\u00edo a domicilio + Pago seguro + Garant\u00eda","robots":{"index":"index","follow":"follow","max-snippet":"max-snippet:-1","max-image-preview":"max-image-preview:large","max-video-preview":"max-video-preview:-1"},"canonical":"https:\/\/compuviper.mx\/tienda\/producto\/dataproducts-255049-402-cinta-tallygenicom-para-impresoras-matriz-de-linea-lm-502p-lm-1002p-lm-502g-lm-1002g-lm-1502g-lm-2002g-p8205-p8210-p8215-y-p8220-rendimiento-17000-impresiones-por-cin\/","og_locale":"es_MX","og_type":"article","og_title":"[ Dataproducts ] &#129351; 255049-402 Cinta Tallygenicom Para Impresoras Matriz De Linea, Lm-502p, Lm-1002p, Lm-502g, Lm-1002g, Lm-1502g, Lm-2002g, P8205, P8210, P8215 Y P8220, Rendimiento 17000 Impresiones Por Cinta, Caja Con 4 Cintas","og_description":"Compra 255049-402 Cinta Tallygenicom Para Impresoras Matriz De Linea, Lm-502p, Lm-1002p, Lm-502g, Lm-1002g, Lm-1502g, Lm-2002g, P8205, P8210, P8215 Y P8220, Rendimiento 17000 Impresiones Por Cinta, Caja Con 4 Cintas + Env\u00edo a domicilio + Pago seguro + Garant\u00eda","og_url":"https:\/\/compuviper.mx\/tienda\/producto\/dataproducts-255049-402-cinta-tallygenicom-para-impresoras-matriz-de-linea-lm-502p-lm-1002p-lm-502g-lm-1002g-lm-1502g-lm-2002g-p8205-p8210-p8215-y-p8220-rendimiento-17000-impresiones-por-cin\/","og_site_name":"Compuviper","article_publisher":"https:\/\/www.facebook.com\/compuviper","og_image":[{"width":200,"height":200,"url":"https:\/\/compuviper.mx\/tienda\/wp-content\/uploads\/2023\/12\/Cinta-tallygenicom-para-impresoras-matriz-de-linea-lm-502p-lm-1002p-lm-502g-lm-1002g-lm-1502g-lm-2002g-p8205-p8210-p8215-y-p8220-rendimiento-17000-impresiones-por-cinta-caja-con-4-cintas.jpg","type":"image\/jpeg"}],"twitter_card":"summary_large_image","twitter_misc":{"Precio":"&#36;6,281 con IVA","Availability":"Out of stock"},"schema":{"@context":"https:\/\/schema.org","@graph":[{"@type":"WebPage","@id":"https:\/\/compuviper.mx\/tienda\/producto\/dataproducts-255049-402-cinta-tallygenicom-para-impresoras-matriz-de-linea-lm-502p-lm-1002p-lm-502g-lm-1002g-lm-1502g-lm-2002g-p8205-p8210-p8215-y-p8220-rendimiento-17000-impresiones-por-cin\/","url":"https:\/\/compuviper.mx\/tienda\/producto\/dataproducts-255049-402-cinta-tallygenicom-para-impresoras-matriz-de-linea-lm-502p-lm-1002p-lm-502g-lm-1002g-lm-1502g-lm-2002g-p8205-p8210-p8215-y-p8220-rendimiento-17000-impresiones-por-cin\/","name":"[ Dataproducts ] &#129351; 255049-402 Cinta Tallygenicom Para Impresoras Matriz De Linea, Lm-502p, Lm-1002p, Lm-502g, Lm-1002g, Lm-1502g, Lm-2002g, P8205, P8210, P8215 Y P8220, Rendimiento 17000 Impresiones Por Cinta, Caja Con 4 Cintas","isPartOf":{"@id":"https:\/\/compuviper.mx\/tienda\/#website"},"datePublished":"2026-04-16T05:55:31+00:00","dateModified":"2026-04-16T05:55:31+00:00","description":"Compra 255049-402 Cinta Tallygenicom Para Impresoras Matriz De Linea, Lm-502p, Lm-1002p, Lm-502g, Lm-1002g, Lm-1502g, Lm-2002g, P8205, P8210, P8215 Y P8220, Rendimiento 17000 Impresiones Por Cinta, Caja Con 4 Cintas + Env\u00edo a domicilio + Pago seguro + Garant\u00eda","breadcrumb":{"@id":"https:\/\/compuviper.mx\/tienda\/producto\/dataproducts-255049-402-cinta-tallygenicom-para-impresoras-matriz-de-linea-lm-502p-lm-1002p-lm-502g-lm-1002g-lm-1502g-lm-2002g-p8205-p8210-p8215-y-p8220-rendimiento-17000-impresiones-por-cin\/#breadcrumb"},"inLanguage":"es-MX","potentialAction":[{"@type":"ReadAction","target":["https:\/\/compuviper.mx\/tienda\/producto\/dataproducts-255049-402-cinta-tallygenicom-para-impresoras-matriz-de-linea-lm-502p-lm-1002p-lm-502g-lm-1002g-lm-1502g-lm-2002g-p8205-p8210-p8215-y-p8220-rendimiento-17000-impresiones-por-cin\/"]}]},{"@type":"BreadcrumbList","@id":"https:\/\/compuviper.mx\/tienda\/producto\/dataproducts-255049-402-cinta-tallygenicom-para-impresoras-matriz-de-linea-lm-502p-lm-1002p-lm-502g-lm-1002g-lm-1502g-lm-2002g-p8205-p8210-p8215-y-p8220-rendimiento-17000-impresiones-por-cin\/#breadcrumb","itemListElement":[{"@type":"ListItem","position":1,"name":"Inicio","item":"https:\/\/compuviper.mx\/tienda\/"},{"@type":"ListItem","position":2,"name":"Productos","item":"https:\/\/compuviper.mx\/tienda\/productos\/"},{"@type":"ListItem","position":3,"name":"Consumibles","item":"https:\/\/compuviper.mx\/tienda\/categoria-producto\/consumibles\/"},{"@type":"ListItem","position":4,"name":"Cinta","item":"https:\/\/compuviper.mx\/tienda\/categoria-producto\/consumibles\/cinta\/"},{"@type":"ListItem","position":5,"name":"Dataproducts 255049-402 Cinta Tallygenicom Para Impresoras Matriz De Linea, Lm-502p, Lm-1002p, Lm-502g, Lm-1002g, Lm-1502g, Lm-2002g, P8205, P8210, P8215 Y P8220, Rendimiento 17000 Impresiones Por Cinta, Caja Con 4 Cintas"}]},{"@type":"WebSite","@id":"https:\/\/compuviper.mx\/tienda\/#website","url":"https:\/\/compuviper.mx\/tienda\/","name":"Compuviper","description":"Proveedor de Computadoras, Laptops, Servidores, Monitores, Puntos de Venta, Teclados,   Impresoras, T\u00f3ner, C\u00e1maras de Seguridad y m\u00e1s en tu tienda en l\u00ednea","publisher":{"@id":"https:\/\/compuviper.mx\/tienda\/#organization"},"potentialAction":[{"@type":"SearchAction","target":{"@type":"EntryPoint","urlTemplate":"https:\/\/compuviper.mx\/tienda\/?s={search_term_string}"},"query-input":"required name=search_term_string"}],"inLanguage":"es-MX"},{"@type":"Organization","@id":"https:\/\/compuviper.mx\/tienda\/#organization","name":"Compuviper","url":"https:\/\/compuviper.mx\/tienda\/","logo":{"@type":"ImageObject","inLanguage":"es-MX","@id":"https:\/\/compuviper.mx\/tienda\/#\/schema\/logo\/image\/","url":"https:\/\/compuviper.mx\/tienda\/wp-content\/uploads\/2021\/08\/Logo-Compuviper-10.png","contentUrl":"https:\/\/compuviper.mx\/tienda\/wp-content\/uploads\/2021\/08\/Logo-Compuviper-10.png","width":1000,"height":500,"caption":"Compuviper"},"image":{"@id":"https:\/\/compuviper.mx\/tienda\/#\/schema\/logo\/image\/"},"sameAs":["https:\/\/www.facebook.com\/compuviper","https:\/\/www.youtube.com\/channel\/UCf73dERp9Y3cfOq7q8BhLjA?view_as=subscriber"]}]},"product_brand":"DATAPRODUCTS","product_price_amount":"6281","product_price_currency":"MXN","og_availability":"out of stock","product_availability":"out of stock","product_retailer_item_id":"255049-402","product_condition":"new"},"_links":{"self":[{"href":"https:\/\/compuviper.mx\/tienda\/wp-json\/wp\/v2\/product\/215387"}],"collection":[{"href":"https:\/\/compuviper.mx\/tienda\/wp-json\/wp\/v2\/product"}],"about":[{"href":"https:\/\/compuviper.mx\/tienda\/wp-json\/wp\/v2\/types\/product"}],"replies":[{"embeddable":true,"href":"https:\/\/compuviper.mx\/tienda\/wp-json\/wp\/v2\/comments?post=215387"}],"wp:featuredmedia":[{"embeddable":true,"href":"https:\/\/compuviper.mx\/tienda\/wp-json\/wp\/v2\/media\/215388"}],"wp:attachment":[{"href":"https:\/\/compuviper.mx\/tienda\/wp-json\/wp\/v2\/media?parent=215387"}],"wp:term":[{"taxonomy":"product_cat","embeddable":true,"href":"https:\/\/compuviper.mx\/tienda\/wp-json\/wp\/v2\/product_cat?post=215387"},{"taxonomy":"product_tag","embeddable":true,"href":"https:\/\/compuviper.mx\/tienda\/wp-json\/wp\/v2\/product_tag?post=215387"}],"curies":[{"name":"wp","href":"https:\/\/api.w.org\/{rel}","templated":true}]}}