{"id":215339,"date":"2026-04-07T23:56:06","date_gmt":"2026-04-08T05:56:06","guid":{"rendered":"https:\/\/compuviper.mx\/tienda\/producto\/lexmark-56f0z00-unidad-de-imagen-laser-color-negro-60000-impresiones-5-cobertura-ms321-mx521-mx622-mx522-mx321-mx421-ms421-ms521-ms621-b2338-mb2338-b2442-mb2442-b2546-mb2546\/"},"modified":"2026-04-07T23:56:06","modified_gmt":"2026-04-08T05:56:06","slug":"lexmark-56f0z00-unidad-de-imagen-laser-color-negro-hasta-60000-paginas-modelos-ms321-mx521-mx622-mx522-mx321-mx421-ms421-ms521-ms621-b2338-mb2338-b2442-mb2442-b2546-mb2546","status":"publish","type":"product","link":"https:\/\/compuviper.mx\/tienda\/producto\/lexmark-56f0z00-unidad-de-imagen-laser-color-negro-hasta-60000-paginas-modelos-ms321-mx521-mx622-mx522-mx321-mx421-ms421-ms521-ms621-b2338-mb2338-b2442-mb2442-b2546-mb2546\/","title":{"rendered":"Lexmark 56f0z00 Unidad De Imagen Laser  Color Negro , Hasta 60000 Paginas, Modelos Ms321, Mx521, Mx622, Mx522, Mx321, Mx421, Ms421, Ms521, Ms621, B2338, Mb2338, B2442, Mb2442, B2546, Mb2546"},"content":{"rendered":"<table class=\"descripcion\">\n<tr>\n<td>Tecnolog\u00eda de impresi\u00f3n<\/td>\n<\/tr>\n<tr>\n<td>L\u00e1ser monocromo<\/td>\n<\/tr>\n<tr>\n<td>Valor de rendimiento<\/td>\n<\/tr>\n<tr>\n<td>60000<\/td>\n<\/tr>\n<tr>\n<td>Programa de recolecci\u00f3n de cartuchos de lexmark<\/td>\n<\/tr>\n<tr>\n<td>S\u00ed<\/td>\n<\/tr>\n<tr>\n<td>Tama\u00f1o empacado (mm &#8211; h x w x d)<\/td>\n<\/tr>\n<tr>\n<td>300 x 140 x 385 mm<\/td>\n<\/tr>\n<tr>\n<td>Peso envasada, kg<\/td>\n<\/tr>\n<tr>\n<td>1.928 kg<\/td>\n<\/tr>\n<tr>\n<td>Cartuchos e im\u00e1genes<\/td>\n<\/tr>\n<tr>\n<td>Unidad de imagen potencia estimada<\/td>\n<\/tr>\n<tr>\n<td>Hasta:60000 p\u00e1ginas, basadas en 3 p\u00e1ginas promedio de tama\u00f1o carta \/ a4 por trabajo de impresi\u00f3n y ~ 5% de cobertura1<\/td>\n<\/tr>\n<tr>\n<td>El\u00e9ctrico y operaci\u00f3n<\/td>\n<\/tr>\n<tr>\n<td>C\u00f3digo unspsc<\/td>\n<\/tr>\n<tr>\n<td>44101706<\/td>\n<\/tr>\n<tr>\n<td>Pa\u00eds de origen<\/td>\n<\/tr>\n<tr>\n<td>China (prc)<\/td>\n<\/tr>\n<\/table>\n","protected":false},"excerpt":{"rendered":"<p>Esta unidad de imagen est\u00e1 dise\u00f1ada para funcionar mejor con el t\u00f3ner unison \u0099. Imprescindible para el rendimiento del sistema de impresi\u00f3n de lexmark, la formulaci\u00f3n \u00fanica de unison \u0099 toner ofrece una calidad de imagen sobresaliente, garantiza la fiabilidad del sistema de impresi\u00f3n de larga duraci\u00f3n y promueve una sostenibilidad superior, todo en un innovador sistema de impresi\u00f3n sin sacudidas.<\/p>\n","protected":false},"featured_media":215340,"comment_status":"open","ping_status":"open","template":"","meta":[],"product_cat":[1622,1629],"product_tag":[1630],"acf":[],"yoast_head":"<!-- This site is optimized with the Yoast SEO plugin v21.7 - https:\/\/yoast.com\/wordpress\/plugins\/seo\/ -->\n<title>[ Lexmark ] &#129351; 56f0z00 Unidad De Imagen Laser Color Negro , Hasta 60000 Paginas, Modelos Ms321, Mx521, Mx622, Mx522, Mx321, Mx421, Ms421, Ms521, Ms621, B2338, Mb2338, B2442, Mb2442, B2546, Mb2546<\/title>\n<meta name=\"description\" content=\"Compra 56f0z00 Unidad De Imagen Laser Color Negro , Hasta 60000 Paginas, Modelos Ms321, Mx521, Mx622, Mx522, Mx321, Mx421, Ms421, Ms521, Ms621, B2338, Mb2338, B2442, Mb2442, B2546, Mb2546 + Env\u00edo a domicilio + Pago seguro + Garant\u00eda\" \/>\n<meta name=\"robots\" content=\"index, follow, max-snippet:-1, max-image-preview:large, max-video-preview:-1\" \/>\n<link rel=\"canonical\" href=\"https:\/\/compuviper.mx\/tienda\/producto\/lexmark-56f0z00-unidad-de-imagen-laser-color-negro-hasta-60000-paginas-modelos-ms321-mx521-mx622-mx522-mx321-mx421-ms421-ms521-ms621-b2338-mb2338-b2442-mb2442-b2546-mb2546\/\" \/>\n<meta property=\"og:locale\" content=\"es_MX\" \/>\n<meta property=\"og:type\" content=\"article\" \/>\n<meta property=\"og:title\" content=\"[ Lexmark ] &#129351; 56f0z00 Unidad De Imagen Laser Color Negro , Hasta 60000 Paginas, Modelos Ms321, Mx521, Mx622, Mx522, Mx321, Mx421, Ms421, Ms521, Ms621, B2338, Mb2338, B2442, Mb2442, B2546, Mb2546\" \/>\n<meta property=\"og:description\" content=\"Compra 56f0z00 Unidad De Imagen Laser Color Negro , Hasta 60000 Paginas, Modelos Ms321, Mx521, Mx622, Mx522, Mx321, Mx421, Ms421, Ms521, Ms621, B2338, Mb2338, B2442, Mb2442, B2546, Mb2546 + Env\u00edo a domicilio + Pago seguro + Garant\u00eda\" \/>\n<meta property=\"og:url\" content=\"https:\/\/compuviper.mx\/tienda\/producto\/lexmark-56f0z00-unidad-de-imagen-laser-color-negro-hasta-60000-paginas-modelos-ms321-mx521-mx622-mx522-mx321-mx421-ms421-ms521-ms621-b2338-mb2338-b2442-mb2442-b2546-mb2546\/\" \/>\n<meta property=\"og:site_name\" content=\"Compuviper\" \/>\n<meta property=\"article:publisher\" content=\"https:\/\/www.facebook.com\/compuviper\" \/>\n<meta property=\"og:image\" content=\"https:\/\/compuviper.mx\/tienda\/wp-content\/uploads\/2023\/12\/Unidad-de-imagen-laser-lexmark-color-negro-56f0z00-60000-impresiones-5-cobertura-ms321-mx521-mx622-mx522-mx321-mx421-ms421-ms521-ms621-b2338-mb2338-b2442-mb2442-b2546-mb2546.jpg\" \/>\n\t<meta property=\"og:image:width\" content=\"200\" \/>\n\t<meta property=\"og:image:height\" content=\"200\" \/>\n\t<meta property=\"og:image:type\" content=\"image\/jpeg\" \/>\n<meta name=\"twitter:card\" content=\"summary_large_image\" \/>\n<meta name=\"twitter:label1\" content=\"Precio\" \/>\n\t<meta name=\"twitter:data1\" content=\"&#36;1,304 con IVA\" \/>\n\t<meta name=\"twitter:label2\" content=\"Availability\" \/>\n\t<meta name=\"twitter:data2\" content=\"In stock\" \/>\n<script type=\"application\/ld+json\" class=\"yoast-schema-graph\">{\"@context\":\"https:\/\/schema.org\",\"@graph\":[{\"@type\":\"WebPage\",\"@id\":\"https:\/\/compuviper.mx\/tienda\/producto\/lexmark-56f0z00-unidad-de-imagen-laser-color-negro-hasta-60000-paginas-modelos-ms321-mx521-mx622-mx522-mx321-mx421-ms421-ms521-ms621-b2338-mb2338-b2442-mb2442-b2546-mb2546\/\",\"url\":\"https:\/\/compuviper.mx\/tienda\/producto\/lexmark-56f0z00-unidad-de-imagen-laser-color-negro-hasta-60000-paginas-modelos-ms321-mx521-mx622-mx522-mx321-mx421-ms421-ms521-ms621-b2338-mb2338-b2442-mb2442-b2546-mb2546\/\",\"name\":\"[ Lexmark ] &#129351; 56f0z00 Unidad De Imagen Laser Color Negro , Hasta 60000 Paginas, Modelos Ms321, Mx521, Mx622, Mx522, Mx321, Mx421, Ms421, Ms521, Ms621, B2338, Mb2338, B2442, Mb2442, B2546, Mb2546\",\"isPartOf\":{\"@id\":\"https:\/\/compuviper.mx\/tienda\/#website\"},\"datePublished\":\"2026-04-08T05:56:06+00:00\",\"dateModified\":\"2026-04-08T05:56:06+00:00\",\"description\":\"Compra 56f0z00 Unidad De Imagen Laser Color Negro , Hasta 60000 Paginas, Modelos Ms321, Mx521, Mx622, Mx522, Mx321, Mx421, Ms421, Ms521, Ms621, B2338, Mb2338, B2442, Mb2442, B2546, Mb2546 + Env\u00edo a domicilio + Pago seguro + Garant\u00eda\",\"breadcrumb\":{\"@id\":\"https:\/\/compuviper.mx\/tienda\/producto\/lexmark-56f0z00-unidad-de-imagen-laser-color-negro-hasta-60000-paginas-modelos-ms321-mx521-mx622-mx522-mx321-mx421-ms421-ms521-ms621-b2338-mb2338-b2442-mb2442-b2546-mb2546\/#breadcrumb\"},\"inLanguage\":\"es-MX\",\"potentialAction\":[{\"@type\":\"ReadAction\",\"target\":[\"https:\/\/compuviper.mx\/tienda\/producto\/lexmark-56f0z00-unidad-de-imagen-laser-color-negro-hasta-60000-paginas-modelos-ms321-mx521-mx622-mx522-mx321-mx421-ms421-ms521-ms621-b2338-mb2338-b2442-mb2442-b2546-mb2546\/\"]}]},{\"@type\":\"BreadcrumbList\",\"@id\":\"https:\/\/compuviper.mx\/tienda\/producto\/lexmark-56f0z00-unidad-de-imagen-laser-color-negro-hasta-60000-paginas-modelos-ms321-mx521-mx622-mx522-mx321-mx421-ms421-ms521-ms621-b2338-mb2338-b2442-mb2442-b2546-mb2546\/#breadcrumb\",\"itemListElement\":[{\"@type\":\"ListItem\",\"position\":1,\"name\":\"Inicio\",\"item\":\"https:\/\/compuviper.mx\/tienda\/\"},{\"@type\":\"ListItem\",\"position\":2,\"name\":\"Productos\",\"item\":\"https:\/\/compuviper.mx\/tienda\/productos\/\"},{\"@type\":\"ListItem\",\"position\":3,\"name\":\"Consumibles\",\"item\":\"https:\/\/compuviper.mx\/tienda\/categoria-producto\/consumibles\/\"},{\"@type\":\"ListItem\",\"position\":4,\"name\":\"Tambor\",\"item\":\"https:\/\/compuviper.mx\/tienda\/categoria-producto\/consumibles\/tambor\/\"},{\"@type\":\"ListItem\",\"position\":5,\"name\":\"Lexmark 56f0z00 Unidad De Imagen Laser Color Negro , Hasta 60000 Paginas, Modelos Ms321, Mx521, Mx622, Mx522, Mx321, Mx421, Ms421, Ms521, Ms621, B2338, Mb2338, B2442, Mb2442, B2546, Mb2546\"}]},{\"@type\":\"WebSite\",\"@id\":\"https:\/\/compuviper.mx\/tienda\/#website\",\"url\":\"https:\/\/compuviper.mx\/tienda\/\",\"name\":\"Compuviper\",\"description\":\"Proveedor de Computadoras, Laptops, Servidores, Monitores, Puntos de Venta, Teclados,   Impresoras, T\u00f3ner, C\u00e1maras de Seguridad y m\u00e1s en tu tienda en l\u00ednea\",\"publisher\":{\"@id\":\"https:\/\/compuviper.mx\/tienda\/#organization\"},\"potentialAction\":[{\"@type\":\"SearchAction\",\"target\":{\"@type\":\"EntryPoint\",\"urlTemplate\":\"https:\/\/compuviper.mx\/tienda\/?s={search_term_string}\"},\"query-input\":\"required name=search_term_string\"}],\"inLanguage\":\"es-MX\"},{\"@type\":\"Organization\",\"@id\":\"https:\/\/compuviper.mx\/tienda\/#organization\",\"name\":\"Compuviper\",\"url\":\"https:\/\/compuviper.mx\/tienda\/\",\"logo\":{\"@type\":\"ImageObject\",\"inLanguage\":\"es-MX\",\"@id\":\"https:\/\/compuviper.mx\/tienda\/#\/schema\/logo\/image\/\",\"url\":\"https:\/\/compuviper.mx\/tienda\/wp-content\/uploads\/2021\/08\/Logo-Compuviper-10.png\",\"contentUrl\":\"https:\/\/compuviper.mx\/tienda\/wp-content\/uploads\/2021\/08\/Logo-Compuviper-10.png\",\"width\":1000,\"height\":500,\"caption\":\"Compuviper\"},\"image\":{\"@id\":\"https:\/\/compuviper.mx\/tienda\/#\/schema\/logo\/image\/\"},\"sameAs\":[\"https:\/\/www.facebook.com\/compuviper\",\"https:\/\/www.youtube.com\/channel\/UCf73dERp9Y3cfOq7q8BhLjA?view_as=subscriber\"]}]}<\/script>\n<meta property=\"product:brand\" content=\"LEXMARK\" \/>\n<meta property=\"product:price:amount\" content=\"1304\" \/>\n<meta property=\"product:price:currency\" content=\"MXN\" \/>\n<meta property=\"og:availability\" content=\"instock\" \/>\n<meta property=\"product:availability\" content=\"instock\" \/>\n<meta property=\"product:retailer_item_id\" content=\"56F0Z00\" \/>\n<meta property=\"product:condition\" content=\"new\" \/>\n<!-- \/ Yoast SEO plugin. -->","yoast_head_json":{"title":"[ Lexmark ] &#129351; 56f0z00 Unidad De Imagen Laser Color Negro , Hasta 60000 Paginas, Modelos Ms321, Mx521, Mx622, Mx522, Mx321, Mx421, Ms421, Ms521, Ms621, B2338, Mb2338, B2442, Mb2442, B2546, Mb2546","description":"Compra 56f0z00 Unidad De Imagen Laser Color Negro , Hasta 60000 Paginas, Modelos Ms321, Mx521, Mx622, Mx522, Mx321, Mx421, Ms421, Ms521, Ms621, B2338, Mb2338, B2442, Mb2442, B2546, Mb2546 + Env\u00edo a domicilio + Pago seguro + Garant\u00eda","robots":{"index":"index","follow":"follow","max-snippet":"max-snippet:-1","max-image-preview":"max-image-preview:large","max-video-preview":"max-video-preview:-1"},"canonical":"https:\/\/compuviper.mx\/tienda\/producto\/lexmark-56f0z00-unidad-de-imagen-laser-color-negro-hasta-60000-paginas-modelos-ms321-mx521-mx622-mx522-mx321-mx421-ms421-ms521-ms621-b2338-mb2338-b2442-mb2442-b2546-mb2546\/","og_locale":"es_MX","og_type":"article","og_title":"[ Lexmark ] &#129351; 56f0z00 Unidad De Imagen Laser Color Negro , Hasta 60000 Paginas, Modelos Ms321, Mx521, Mx622, Mx522, Mx321, Mx421, Ms421, Ms521, Ms621, B2338, Mb2338, B2442, Mb2442, B2546, Mb2546","og_description":"Compra 56f0z00 Unidad De Imagen Laser Color Negro , Hasta 60000 Paginas, Modelos Ms321, Mx521, Mx622, Mx522, Mx321, Mx421, Ms421, Ms521, Ms621, B2338, Mb2338, B2442, Mb2442, B2546, Mb2546 + Env\u00edo a domicilio + Pago seguro + Garant\u00eda","og_url":"https:\/\/compuviper.mx\/tienda\/producto\/lexmark-56f0z00-unidad-de-imagen-laser-color-negro-hasta-60000-paginas-modelos-ms321-mx521-mx622-mx522-mx321-mx421-ms421-ms521-ms621-b2338-mb2338-b2442-mb2442-b2546-mb2546\/","og_site_name":"Compuviper","article_publisher":"https:\/\/www.facebook.com\/compuviper","og_image":[{"width":200,"height":200,"url":"https:\/\/compuviper.mx\/tienda\/wp-content\/uploads\/2023\/12\/Unidad-de-imagen-laser-lexmark-color-negro-56f0z00-60000-impresiones-5-cobertura-ms321-mx521-mx622-mx522-mx321-mx421-ms421-ms521-ms621-b2338-mb2338-b2442-mb2442-b2546-mb2546.jpg","type":"image\/jpeg"}],"twitter_card":"summary_large_image","twitter_misc":{"Precio":"&#36;1,304 con IVA","Availability":"In stock"},"schema":{"@context":"https:\/\/schema.org","@graph":[{"@type":"WebPage","@id":"https:\/\/compuviper.mx\/tienda\/producto\/lexmark-56f0z00-unidad-de-imagen-laser-color-negro-hasta-60000-paginas-modelos-ms321-mx521-mx622-mx522-mx321-mx421-ms421-ms521-ms621-b2338-mb2338-b2442-mb2442-b2546-mb2546\/","url":"https:\/\/compuviper.mx\/tienda\/producto\/lexmark-56f0z00-unidad-de-imagen-laser-color-negro-hasta-60000-paginas-modelos-ms321-mx521-mx622-mx522-mx321-mx421-ms421-ms521-ms621-b2338-mb2338-b2442-mb2442-b2546-mb2546\/","name":"[ Lexmark ] &#129351; 56f0z00 Unidad De Imagen Laser Color Negro , Hasta 60000 Paginas, Modelos Ms321, Mx521, Mx622, Mx522, Mx321, Mx421, Ms421, Ms521, Ms621, B2338, Mb2338, B2442, Mb2442, B2546, Mb2546","isPartOf":{"@id":"https:\/\/compuviper.mx\/tienda\/#website"},"datePublished":"2026-04-08T05:56:06+00:00","dateModified":"2026-04-08T05:56:06+00:00","description":"Compra 56f0z00 Unidad De Imagen Laser Color Negro , Hasta 60000 Paginas, Modelos Ms321, Mx521, Mx622, Mx522, Mx321, Mx421, Ms421, Ms521, Ms621, B2338, Mb2338, B2442, Mb2442, B2546, Mb2546 + Env\u00edo a domicilio + Pago seguro + Garant\u00eda","breadcrumb":{"@id":"https:\/\/compuviper.mx\/tienda\/producto\/lexmark-56f0z00-unidad-de-imagen-laser-color-negro-hasta-60000-paginas-modelos-ms321-mx521-mx622-mx522-mx321-mx421-ms421-ms521-ms621-b2338-mb2338-b2442-mb2442-b2546-mb2546\/#breadcrumb"},"inLanguage":"es-MX","potentialAction":[{"@type":"ReadAction","target":["https:\/\/compuviper.mx\/tienda\/producto\/lexmark-56f0z00-unidad-de-imagen-laser-color-negro-hasta-60000-paginas-modelos-ms321-mx521-mx622-mx522-mx321-mx421-ms421-ms521-ms621-b2338-mb2338-b2442-mb2442-b2546-mb2546\/"]}]},{"@type":"BreadcrumbList","@id":"https:\/\/compuviper.mx\/tienda\/producto\/lexmark-56f0z00-unidad-de-imagen-laser-color-negro-hasta-60000-paginas-modelos-ms321-mx521-mx622-mx522-mx321-mx421-ms421-ms521-ms621-b2338-mb2338-b2442-mb2442-b2546-mb2546\/#breadcrumb","itemListElement":[{"@type":"ListItem","position":1,"name":"Inicio","item":"https:\/\/compuviper.mx\/tienda\/"},{"@type":"ListItem","position":2,"name":"Productos","item":"https:\/\/compuviper.mx\/tienda\/productos\/"},{"@type":"ListItem","position":3,"name":"Consumibles","item":"https:\/\/compuviper.mx\/tienda\/categoria-producto\/consumibles\/"},{"@type":"ListItem","position":4,"name":"Tambor","item":"https:\/\/compuviper.mx\/tienda\/categoria-producto\/consumibles\/tambor\/"},{"@type":"ListItem","position":5,"name":"Lexmark 56f0z00 Unidad De Imagen Laser Color Negro , Hasta 60000 Paginas, Modelos Ms321, Mx521, Mx622, Mx522, Mx321, Mx421, Ms421, Ms521, Ms621, B2338, Mb2338, B2442, Mb2442, B2546, Mb2546"}]},{"@type":"WebSite","@id":"https:\/\/compuviper.mx\/tienda\/#website","url":"https:\/\/compuviper.mx\/tienda\/","name":"Compuviper","description":"Proveedor de Computadoras, Laptops, Servidores, Monitores, Puntos de Venta, Teclados,   Impresoras, T\u00f3ner, C\u00e1maras de Seguridad y m\u00e1s en tu tienda en l\u00ednea","publisher":{"@id":"https:\/\/compuviper.mx\/tienda\/#organization"},"potentialAction":[{"@type":"SearchAction","target":{"@type":"EntryPoint","urlTemplate":"https:\/\/compuviper.mx\/tienda\/?s={search_term_string}"},"query-input":"required name=search_term_string"}],"inLanguage":"es-MX"},{"@type":"Organization","@id":"https:\/\/compuviper.mx\/tienda\/#organization","name":"Compuviper","url":"https:\/\/compuviper.mx\/tienda\/","logo":{"@type":"ImageObject","inLanguage":"es-MX","@id":"https:\/\/compuviper.mx\/tienda\/#\/schema\/logo\/image\/","url":"https:\/\/compuviper.mx\/tienda\/wp-content\/uploads\/2021\/08\/Logo-Compuviper-10.png","contentUrl":"https:\/\/compuviper.mx\/tienda\/wp-content\/uploads\/2021\/08\/Logo-Compuviper-10.png","width":1000,"height":500,"caption":"Compuviper"},"image":{"@id":"https:\/\/compuviper.mx\/tienda\/#\/schema\/logo\/image\/"},"sameAs":["https:\/\/www.facebook.com\/compuviper","https:\/\/www.youtube.com\/channel\/UCf73dERp9Y3cfOq7q8BhLjA?view_as=subscriber"]}]},"product_brand":"LEXMARK","product_price_amount":"1304","product_price_currency":"MXN","og_availability":"instock","product_availability":"instock","product_retailer_item_id":"56F0Z00","product_condition":"new"},"_links":{"self":[{"href":"https:\/\/compuviper.mx\/tienda\/wp-json\/wp\/v2\/product\/215339"}],"collection":[{"href":"https:\/\/compuviper.mx\/tienda\/wp-json\/wp\/v2\/product"}],"about":[{"href":"https:\/\/compuviper.mx\/tienda\/wp-json\/wp\/v2\/types\/product"}],"replies":[{"embeddable":true,"href":"https:\/\/compuviper.mx\/tienda\/wp-json\/wp\/v2\/comments?post=215339"}],"wp:featuredmedia":[{"embeddable":true,"href":"https:\/\/compuviper.mx\/tienda\/wp-json\/wp\/v2\/media\/215340"}],"wp:attachment":[{"href":"https:\/\/compuviper.mx\/tienda\/wp-json\/wp\/v2\/media?parent=215339"}],"wp:term":[{"taxonomy":"product_cat","embeddable":true,"href":"https:\/\/compuviper.mx\/tienda\/wp-json\/wp\/v2\/product_cat?post=215339"},{"taxonomy":"product_tag","embeddable":true,"href":"https:\/\/compuviper.mx\/tienda\/wp-json\/wp\/v2\/product_tag?post=215339"}],"curies":[{"name":"wp","href":"https:\/\/api.w.org\/{rel}","templated":true}]}}