{"id":215329,"date":"2026-04-08T23:51:18","date_gmt":"2026-04-09T05:51:18","guid":{"rendered":"https:\/\/compuviper.mx\/tienda\/producto\/hewlett-packard-enterprise-q2078a-cartucho-de-datos-hpe-lto-8-ultrium-de-30-tb-rw-700-mb-s\/"},"modified":"2026-04-08T23:51:19","modified_gmt":"2026-04-09T05:51:19","slug":"hewlett-packard-enterprise-q2078a-cartucho-de-datos-hpe-lto-8-ultrium-de-30-tb-rw-700-mb-s","status":"publish","type":"product","link":"https:\/\/compuviper.mx\/tienda\/producto\/hewlett-packard-enterprise-q2078a-cartucho-de-datos-hpe-lto-8-ultrium-de-30-tb-rw-700-mb-s\/","title":{"rendered":"Hewlett Packard Enterprise Q2078a Cartucho De Datos Hpe Lto-8 Ultrium De 30 Tb Rw 700 Mb\/s"},"content":{"rendered":"<table class=\"descripcion\">\n<tr>\n<td>Tecnolog\u00eda de grabaci\u00f3n<\/td>\n<\/tr>\n<tr>\n<td>Lto-8 ultrium<\/td>\n<\/tr>\n<tr>\n<td>Capacidad<\/td>\n<\/tr>\n<tr>\n<td>30 tb<\/td>\n<\/tr>\n<tr>\n<td>Compresi\u00f3n 2,5:1<\/td>\n<\/tr>\n<tr>\n<td>Compatible<\/td>\n<\/tr>\n<tr>\n<td>Formato del soporte<\/td>\n<\/tr>\n<tr>\n<td>Regrabable<\/td>\n<\/tr>\n<tr>\n<td>Etiquetado de soporte<\/td>\n<\/tr>\n<tr>\n<td>Etiquetas de escritura en caja<\/td>\n<\/tr>\n<tr>\n<td>Cantidad por paquete<\/td>\n<\/tr>\n<tr>\n<td>1<\/td>\n<\/tr>\n<tr>\n<td>Velocidad de lectura del soporte<\/td>\n<\/tr>\n<tr>\n<td>700 mb\/s<\/td>\n<\/tr>\n<tr>\n<td>Densidad de bits<\/td>\n<\/tr>\n<tr>\n<td>525 kbits\/pulgada<\/td>\n<\/tr>\n<tr>\n<td>Vida del archivo<\/td>\n<\/tr>\n<tr>\n<td>30 a\u00f1os<\/td>\n<\/tr>\n<tr>\n<td>Color del producto<\/td>\n<\/tr>\n<tr>\n<td>Green [verde]<\/td>\n<\/tr>\n<tr>\n<td>Longitud de la cinta<\/td>\n<\/tr>\n<tr>\n<td>960 m<\/td>\n<\/tr>\n<tr>\n<td>Ancho de cinta<\/td>\n<\/tr>\n<tr>\n<td>12,65 mm<\/td>\n<\/tr>\n<tr>\n<td>Grosor de la cinta<\/td>\n<\/tr>\n<tr>\n<td>5,6 \u00b5m<\/td>\n<\/tr>\n<tr>\n<td>Material de base<\/td>\n<\/tr>\n<tr>\n<td>Ferrita de bario<\/td>\n<\/tr>\n<tr>\n<td>Pistas de datos<\/td>\n<\/tr>\n<tr>\n<td>6656<\/td>\n<\/tr>\n<tr>\n<td>Campo coercitivo magn\u00e9tico<\/td>\n<\/tr>\n<tr>\n<td>2300 oe<\/td>\n<\/tr>\n<tr>\n<td>Dimensiones m\u00ednimas (p x a x l)<\/td>\n<\/tr>\n<tr>\n<td>11,3 x 11,1 x 2,1 cm<\/td>\n<\/tr>\n<tr>\n<td>4.45 x 4.37 x 1.8 in<\/td>\n<\/tr>\n<tr>\n<td>Peso<\/td>\n<\/tr>\n<tr>\n<td>0,28 kg<\/td>\n<\/tr>\n<tr>\n<td>0.63 lb<\/td>\n<\/tr>\n<tr>\n<td>Garant\u00eda<\/td>\n<\/tr>\n<tr>\n<td>Garant\u00eda de duraci\u00f3n limitada<\/td>\n<\/tr>\n<\/table>\n","protected":false},"excerpt":{"rendered":"<p>Mayor capacidad y rendimiento que cualquier tecnolog\u00eda de cinta comparable. Ultrafiable. Seguro. Buena rentabilidad<\/p>\n","protected":false},"featured_media":215330,"comment_status":"open","ping_status":"open","template":"","meta":[],"product_cat":[1622,1646],"product_tag":[1568],"acf":[],"yoast_head":"<!-- This site is optimized with the Yoast SEO plugin v21.7 - https:\/\/yoast.com\/wordpress\/plugins\/seo\/ -->\n<title>[ Hewlett Packard Enterprise ] &#129351; Q2078a Cartucho De Datos Hpe Lto-8 Ultrium De 30 Tb Rw 700 Mb\/s<\/title>\n<meta name=\"description\" content=\"Compra Q2078a Cartucho De Datos Hpe Lto-8 Ultrium De 30 Tb Rw 700 Mb\/s + Env\u00edo a domicilio + Pago seguro + Garant\u00eda\" \/>\n<meta name=\"robots\" content=\"index, follow, max-snippet:-1, max-image-preview:large, max-video-preview:-1\" \/>\n<link rel=\"canonical\" href=\"https:\/\/compuviper.mx\/tienda\/producto\/hewlett-packard-enterprise-q2078a-cartucho-de-datos-hpe-lto-8-ultrium-de-30-tb-rw-700-mb-s\/\" \/>\n<meta property=\"og:locale\" content=\"es_MX\" \/>\n<meta property=\"og:type\" content=\"article\" \/>\n<meta property=\"og:title\" content=\"[ Hewlett Packard Enterprise ] &#129351; Q2078a Cartucho De Datos Hpe Lto-8 Ultrium De 30 Tb Rw 700 Mb\/s\" \/>\n<meta property=\"og:description\" content=\"Compra Q2078a Cartucho De Datos Hpe Lto-8 Ultrium De 30 Tb Rw 700 Mb\/s + Env\u00edo a domicilio + Pago seguro + Garant\u00eda\" \/>\n<meta property=\"og:url\" content=\"https:\/\/compuviper.mx\/tienda\/producto\/hewlett-packard-enterprise-q2078a-cartucho-de-datos-hpe-lto-8-ultrium-de-30-tb-rw-700-mb-s\/\" \/>\n<meta property=\"og:site_name\" content=\"Compuviper\" \/>\n<meta property=\"article:publisher\" content=\"https:\/\/www.facebook.com\/compuviper\" \/>\n<meta property=\"article:modified_time\" content=\"2026-04-09T05:51:19+00:00\" \/>\n<meta property=\"og:image\" content=\"https:\/\/compuviper.mx\/tienda\/wp-content\/uploads\/2023\/12\/Cartucho-de-datos-hpe-lto-8-ultrium-de-30-tb-rw-700-mbs.jpg\" \/>\n\t<meta property=\"og:image:width\" content=\"200\" \/>\n\t<meta property=\"og:image:height\" content=\"200\" \/>\n\t<meta property=\"og:image:type\" content=\"image\/jpeg\" \/>\n<meta name=\"twitter:card\" content=\"summary_large_image\" \/>\n<meta name=\"twitter:label1\" content=\"Precio\" \/>\n\t<meta name=\"twitter:data1\" content=\"&#36;1,428 con IVA\" \/>\n\t<meta name=\"twitter:label2\" content=\"Availability\" \/>\n\t<meta name=\"twitter:data2\" content=\"In stock\" \/>\n<script type=\"application\/ld+json\" class=\"yoast-schema-graph\">{\"@context\":\"https:\/\/schema.org\",\"@graph\":[{\"@type\":\"WebPage\",\"@id\":\"https:\/\/compuviper.mx\/tienda\/producto\/hewlett-packard-enterprise-q2078a-cartucho-de-datos-hpe-lto-8-ultrium-de-30-tb-rw-700-mb-s\/\",\"url\":\"https:\/\/compuviper.mx\/tienda\/producto\/hewlett-packard-enterprise-q2078a-cartucho-de-datos-hpe-lto-8-ultrium-de-30-tb-rw-700-mb-s\/\",\"name\":\"[ Hewlett Packard Enterprise ] &#129351; Q2078a Cartucho De Datos Hpe Lto-8 Ultrium De 30 Tb Rw 700 Mb\/s\",\"isPartOf\":{\"@id\":\"https:\/\/compuviper.mx\/tienda\/#website\"},\"datePublished\":\"2026-04-09T05:51:18+00:00\",\"dateModified\":\"2026-04-09T05:51:19+00:00\",\"description\":\"Compra Q2078a Cartucho De Datos Hpe Lto-8 Ultrium De 30 Tb Rw 700 Mb\/s + Env\u00edo a domicilio + Pago seguro + Garant\u00eda\",\"breadcrumb\":{\"@id\":\"https:\/\/compuviper.mx\/tienda\/producto\/hewlett-packard-enterprise-q2078a-cartucho-de-datos-hpe-lto-8-ultrium-de-30-tb-rw-700-mb-s\/#breadcrumb\"},\"inLanguage\":\"es-MX\",\"potentialAction\":[{\"@type\":\"ReadAction\",\"target\":[\"https:\/\/compuviper.mx\/tienda\/producto\/hewlett-packard-enterprise-q2078a-cartucho-de-datos-hpe-lto-8-ultrium-de-30-tb-rw-700-mb-s\/\"]}]},{\"@type\":\"BreadcrumbList\",\"@id\":\"https:\/\/compuviper.mx\/tienda\/producto\/hewlett-packard-enterprise-q2078a-cartucho-de-datos-hpe-lto-8-ultrium-de-30-tb-rw-700-mb-s\/#breadcrumb\",\"itemListElement\":[{\"@type\":\"ListItem\",\"position\":1,\"name\":\"Inicio\",\"item\":\"https:\/\/compuviper.mx\/tienda\/\"},{\"@type\":\"ListItem\",\"position\":2,\"name\":\"Productos\",\"item\":\"https:\/\/compuviper.mx\/tienda\/productos\/\"},{\"@type\":\"ListItem\",\"position\":3,\"name\":\"Consumibles\",\"item\":\"https:\/\/compuviper.mx\/tienda\/categoria-producto\/consumibles\/\"},{\"@type\":\"ListItem\",\"position\":4,\"name\":\"Cinta Magnetica\",\"item\":\"https:\/\/compuviper.mx\/tienda\/categoria-producto\/consumibles\/cinta-magnetica\/\"},{\"@type\":\"ListItem\",\"position\":5,\"name\":\"Hewlett Packard Enterprise Q2078a Cartucho De Datos Hpe Lto-8 Ultrium De 30 Tb Rw 700 Mb\/s\"}]},{\"@type\":\"WebSite\",\"@id\":\"https:\/\/compuviper.mx\/tienda\/#website\",\"url\":\"https:\/\/compuviper.mx\/tienda\/\",\"name\":\"Compuviper\",\"description\":\"Proveedor de Computadoras, Laptops, Servidores, Monitores, Puntos de Venta, Teclados,   Impresoras, T\u00f3ner, C\u00e1maras de Seguridad y m\u00e1s en tu tienda en l\u00ednea\",\"publisher\":{\"@id\":\"https:\/\/compuviper.mx\/tienda\/#organization\"},\"potentialAction\":[{\"@type\":\"SearchAction\",\"target\":{\"@type\":\"EntryPoint\",\"urlTemplate\":\"https:\/\/compuviper.mx\/tienda\/?s={search_term_string}\"},\"query-input\":\"required name=search_term_string\"}],\"inLanguage\":\"es-MX\"},{\"@type\":\"Organization\",\"@id\":\"https:\/\/compuviper.mx\/tienda\/#organization\",\"name\":\"Compuviper\",\"url\":\"https:\/\/compuviper.mx\/tienda\/\",\"logo\":{\"@type\":\"ImageObject\",\"inLanguage\":\"es-MX\",\"@id\":\"https:\/\/compuviper.mx\/tienda\/#\/schema\/logo\/image\/\",\"url\":\"https:\/\/compuviper.mx\/tienda\/wp-content\/uploads\/2021\/08\/Logo-Compuviper-10.png\",\"contentUrl\":\"https:\/\/compuviper.mx\/tienda\/wp-content\/uploads\/2021\/08\/Logo-Compuviper-10.png\",\"width\":1000,\"height\":500,\"caption\":\"Compuviper\"},\"image\":{\"@id\":\"https:\/\/compuviper.mx\/tienda\/#\/schema\/logo\/image\/\"},\"sameAs\":[\"https:\/\/www.facebook.com\/compuviper\",\"https:\/\/www.youtube.com\/channel\/UCf73dERp9Y3cfOq7q8BhLjA?view_as=subscriber\"]}]}<\/script>\n<meta property=\"product:brand\" content=\"HEWLETT PACKARD ENTERPRISE\" \/>\n<meta property=\"product:price:amount\" content=\"1428\" \/>\n<meta property=\"product:price:currency\" content=\"MXN\" \/>\n<meta property=\"og:availability\" content=\"instock\" \/>\n<meta property=\"product:availability\" content=\"instock\" \/>\n<meta property=\"product:retailer_item_id\" content=\"Q2078A\" \/>\n<meta property=\"product:condition\" content=\"new\" \/>\n<!-- \/ Yoast SEO plugin. -->","yoast_head_json":{"title":"[ Hewlett Packard Enterprise ] &#129351; Q2078a Cartucho De Datos Hpe Lto-8 Ultrium De 30 Tb Rw 700 Mb\/s","description":"Compra Q2078a Cartucho De Datos Hpe Lto-8 Ultrium De 30 Tb Rw 700 Mb\/s + Env\u00edo a domicilio + Pago seguro + Garant\u00eda","robots":{"index":"index","follow":"follow","max-snippet":"max-snippet:-1","max-image-preview":"max-image-preview:large","max-video-preview":"max-video-preview:-1"},"canonical":"https:\/\/compuviper.mx\/tienda\/producto\/hewlett-packard-enterprise-q2078a-cartucho-de-datos-hpe-lto-8-ultrium-de-30-tb-rw-700-mb-s\/","og_locale":"es_MX","og_type":"article","og_title":"[ Hewlett Packard Enterprise ] &#129351; Q2078a Cartucho De Datos Hpe Lto-8 Ultrium De 30 Tb Rw 700 Mb\/s","og_description":"Compra Q2078a Cartucho De Datos Hpe Lto-8 Ultrium De 30 Tb Rw 700 Mb\/s + Env\u00edo a domicilio + Pago seguro + Garant\u00eda","og_url":"https:\/\/compuviper.mx\/tienda\/producto\/hewlett-packard-enterprise-q2078a-cartucho-de-datos-hpe-lto-8-ultrium-de-30-tb-rw-700-mb-s\/","og_site_name":"Compuviper","article_publisher":"https:\/\/www.facebook.com\/compuviper","article_modified_time":"2026-04-09T05:51:19+00:00","og_image":[{"width":200,"height":200,"url":"https:\/\/compuviper.mx\/tienda\/wp-content\/uploads\/2023\/12\/Cartucho-de-datos-hpe-lto-8-ultrium-de-30-tb-rw-700-mbs.jpg","type":"image\/jpeg"}],"twitter_card":"summary_large_image","twitter_misc":{"Precio":"&#36;1,428 con IVA","Availability":"In stock"},"schema":{"@context":"https:\/\/schema.org","@graph":[{"@type":"WebPage","@id":"https:\/\/compuviper.mx\/tienda\/producto\/hewlett-packard-enterprise-q2078a-cartucho-de-datos-hpe-lto-8-ultrium-de-30-tb-rw-700-mb-s\/","url":"https:\/\/compuviper.mx\/tienda\/producto\/hewlett-packard-enterprise-q2078a-cartucho-de-datos-hpe-lto-8-ultrium-de-30-tb-rw-700-mb-s\/","name":"[ Hewlett Packard Enterprise ] &#129351; Q2078a Cartucho De Datos Hpe Lto-8 Ultrium De 30 Tb Rw 700 Mb\/s","isPartOf":{"@id":"https:\/\/compuviper.mx\/tienda\/#website"},"datePublished":"2026-04-09T05:51:18+00:00","dateModified":"2026-04-09T05:51:19+00:00","description":"Compra Q2078a Cartucho De Datos Hpe Lto-8 Ultrium De 30 Tb Rw 700 Mb\/s + Env\u00edo a domicilio + Pago seguro + Garant\u00eda","breadcrumb":{"@id":"https:\/\/compuviper.mx\/tienda\/producto\/hewlett-packard-enterprise-q2078a-cartucho-de-datos-hpe-lto-8-ultrium-de-30-tb-rw-700-mb-s\/#breadcrumb"},"inLanguage":"es-MX","potentialAction":[{"@type":"ReadAction","target":["https:\/\/compuviper.mx\/tienda\/producto\/hewlett-packard-enterprise-q2078a-cartucho-de-datos-hpe-lto-8-ultrium-de-30-tb-rw-700-mb-s\/"]}]},{"@type":"BreadcrumbList","@id":"https:\/\/compuviper.mx\/tienda\/producto\/hewlett-packard-enterprise-q2078a-cartucho-de-datos-hpe-lto-8-ultrium-de-30-tb-rw-700-mb-s\/#breadcrumb","itemListElement":[{"@type":"ListItem","position":1,"name":"Inicio","item":"https:\/\/compuviper.mx\/tienda\/"},{"@type":"ListItem","position":2,"name":"Productos","item":"https:\/\/compuviper.mx\/tienda\/productos\/"},{"@type":"ListItem","position":3,"name":"Consumibles","item":"https:\/\/compuviper.mx\/tienda\/categoria-producto\/consumibles\/"},{"@type":"ListItem","position":4,"name":"Cinta Magnetica","item":"https:\/\/compuviper.mx\/tienda\/categoria-producto\/consumibles\/cinta-magnetica\/"},{"@type":"ListItem","position":5,"name":"Hewlett Packard Enterprise Q2078a Cartucho De Datos Hpe Lto-8 Ultrium De 30 Tb Rw 700 Mb\/s"}]},{"@type":"WebSite","@id":"https:\/\/compuviper.mx\/tienda\/#website","url":"https:\/\/compuviper.mx\/tienda\/","name":"Compuviper","description":"Proveedor de Computadoras, Laptops, Servidores, Monitores, Puntos de Venta, Teclados,   Impresoras, T\u00f3ner, C\u00e1maras de Seguridad y m\u00e1s en tu tienda en l\u00ednea","publisher":{"@id":"https:\/\/compuviper.mx\/tienda\/#organization"},"potentialAction":[{"@type":"SearchAction","target":{"@type":"EntryPoint","urlTemplate":"https:\/\/compuviper.mx\/tienda\/?s={search_term_string}"},"query-input":"required name=search_term_string"}],"inLanguage":"es-MX"},{"@type":"Organization","@id":"https:\/\/compuviper.mx\/tienda\/#organization","name":"Compuviper","url":"https:\/\/compuviper.mx\/tienda\/","logo":{"@type":"ImageObject","inLanguage":"es-MX","@id":"https:\/\/compuviper.mx\/tienda\/#\/schema\/logo\/image\/","url":"https:\/\/compuviper.mx\/tienda\/wp-content\/uploads\/2021\/08\/Logo-Compuviper-10.png","contentUrl":"https:\/\/compuviper.mx\/tienda\/wp-content\/uploads\/2021\/08\/Logo-Compuviper-10.png","width":1000,"height":500,"caption":"Compuviper"},"image":{"@id":"https:\/\/compuviper.mx\/tienda\/#\/schema\/logo\/image\/"},"sameAs":["https:\/\/www.facebook.com\/compuviper","https:\/\/www.youtube.com\/channel\/UCf73dERp9Y3cfOq7q8BhLjA?view_as=subscriber"]}]},"product_brand":"HEWLETT PACKARD ENTERPRISE","product_price_amount":"1428","product_price_currency":"MXN","og_availability":"instock","product_availability":"instock","product_retailer_item_id":"Q2078A","product_condition":"new"},"_links":{"self":[{"href":"https:\/\/compuviper.mx\/tienda\/wp-json\/wp\/v2\/product\/215329"}],"collection":[{"href":"https:\/\/compuviper.mx\/tienda\/wp-json\/wp\/v2\/product"}],"about":[{"href":"https:\/\/compuviper.mx\/tienda\/wp-json\/wp\/v2\/types\/product"}],"replies":[{"embeddable":true,"href":"https:\/\/compuviper.mx\/tienda\/wp-json\/wp\/v2\/comments?post=215329"}],"wp:featuredmedia":[{"embeddable":true,"href":"https:\/\/compuviper.mx\/tienda\/wp-json\/wp\/v2\/media\/215330"}],"wp:attachment":[{"href":"https:\/\/compuviper.mx\/tienda\/wp-json\/wp\/v2\/media?parent=215329"}],"wp:term":[{"taxonomy":"product_cat","embeddable":true,"href":"https:\/\/compuviper.mx\/tienda\/wp-json\/wp\/v2\/product_cat?post=215329"},{"taxonomy":"product_tag","embeddable":true,"href":"https:\/\/compuviper.mx\/tienda\/wp-json\/wp\/v2\/product_tag?post=215329"}],"curies":[{"name":"wp","href":"https:\/\/api.w.org\/{rel}","templated":true}]}}