{"id":215321,"date":"2026-04-16T23:53:45","date_gmt":"2026-04-17T05:53:45","guid":{"rendered":"https:\/\/compuviper.mx\/tienda\/producto\/lexmark-74c4hk0-toner-laser-color-negro-alto-rendimiento-np-hasta-20000-paginas-5-de-cobertura-para-modelos-cs725de-cs720de\/"},"modified":"2026-04-16T23:53:45","modified_gmt":"2026-04-17T05:53:45","slug":"lexmark-74c4hk0-toner-laser-negro-alto-rendimiento-hasta-20000-paginas-modelos-cs725de-cs720de","status":"publish","type":"product","link":"https:\/\/compuviper.mx\/tienda\/producto\/lexmark-74c4hk0-toner-laser-negro-alto-rendimiento-hasta-20000-paginas-modelos-cs725de-cs720de\/","title":{"rendered":"Lexmark 74c4hk0 Toner Laser   Negro, Alto Rendimiento, Hasta 20000 Paginas, Modelos Cs725de ,cs720de"},"content":{"rendered":"<table class=\"descripcion\">\n<tr>\n<td>Specificaciones t\u00e9cnicas<\/td>\n<\/tr>\n<tr>\n<td>N\u00famero de parte<\/td>\n<\/tr>\n<tr>\n<td>74c4hk0<\/td>\n<\/tr>\n<tr>\n<td>Tecnolog\u00eda de impresi\u00f3n<\/td>\n<\/tr>\n<tr>\n<td>Color laser<\/td>\n<\/tr>\n<tr>\n<td>Yield value<\/td>\n<\/tr>\n<tr>\n<td>20000<\/td>\n<\/tr>\n<tr>\n<td>Rendimiento promedio continuo declarado del cartucho negro, en impresi\u00f3n simple lado<\/td>\n<\/tr>\n<tr>\n<td>Hasta 20.000 p\u00e1ginas est\u00e1ndar de acuerdo con iso\/iec 19798.<\/td>\n<\/tr>\n<tr>\n<td>Vida \u00fatil en almacenaje<\/td>\n<\/tr>\n<tr>\n<td>2 a\u00f1os<\/td>\n<\/tr>\n<tr>\n<td>Cartuchos de repuesto:<\/td>\n<\/tr>\n<tr>\n<td>Cartridges are designed for use in a specific geographical region. see www.lexmark.com\/regions for more details.<\/td>\n<\/tr>\n<tr>\n<td>Tama\u00f1o con empaque (alto x ancho x profundo en mm)<\/td>\n<\/tr>\n<tr>\n<td>100 x 190 x 160 mm<\/td>\n<\/tr>\n<tr>\n<td>Peso con empaque (kg)<\/td>\n<\/tr>\n<tr>\n<td>0.588 kg<\/td>\n<\/tr>\n<tr>\n<td>Programa de recolecci\u00f3n de cartuchos de lexmark<\/td>\n<\/tr>\n<tr>\n<td>Yes<\/td>\n<\/tr>\n<tr>\n<td>Pa\u00eds de origen<\/td>\n<\/tr>\n<tr>\n<td>China (prc)<\/td>\n<\/tr>\n<tr>\n<td>Made in eu<\/td>\n<\/tr>\n<tr>\n<td>C\u00f3digo unspsc<\/td>\n<\/tr>\n<tr>\n<td>44103103<\/td>\n<\/tr>\n<\/table>\n","protected":false},"excerpt":{"rendered":"<p>Caracter\u00edsticas. T\u00f3ner unison?. Esencial para el rendimiento del sistema de impresi\u00f3n lexmark, la f\u00f3rmula \u00fanica del t\u00f3ner unison\u0099 proporciona una calidad de imagen consistentemente excelente, garantiza la confiabilidad del sistema de impresi\u00f3n de larga duraci\u00f3n y promueve una sustentabilidad superior en un innovador sistema de impresi\u00f3n shake-free. Alto rendimiento. Maximice sus ahorros y disfrute de una excelente calidad con los cartuchos lexmark originales. En comparaci\u00f3n con los cartuchos de rendimiento est\u00e1ndar, los cartuchos de alto rendimiento ofrecen un menor costo por p\u00e1gina y una mayor cantidad de p\u00e1ginas impresas. Ideal para la impresi\u00f3n de grandes vol\u00famenes. Mejor juntos. Los consumibles lexmark originales est\u00e1n dise\u00f1ados para ofrecer un funcionamiento \u00f3ptimo con las impresoras lexmark, lo que permite obtener una excelente calidad de impresi\u00f3n desde la primera hasta la \u00faltima p\u00e1gina. Programa de recolecci\u00f3n de cartuchos lexmark. Cuidar el medio ambiente nunca ha sido tan f\u00e1cil. Recicle todos sus consumibles lexmark usados y permita que nos ocupemos de los detalles. Es f\u00e1cil, inteligente y siempre gratis. Cartuchos del programa de retorno lexmark. Los cartuchos del programa de retorno lexmark son cartuchos de impresi\u00f3n patentados que se venden con descuento a cambio del compromiso del cliente con el requisito de la licencia de que los cartuchos se utilizar\u00e1n una sola vez y se devolver\u00e1n \u00fanicamente a lexmark para ser reprocesados y\/o reciclados. Los cartuchos del programa de retorno est\u00e1n autorizados para un \u00fanico uso y dise\u00f1ados para dejar de funcionar luego de utilizar una cantidad determinada de t\u00f3ner. Una cantidad variable de t\u00f3ner puede quedar en el cartucho cuando este deba reemplazarse. Adem\u00e1s, el cartucho est\u00e1 dise\u00f1ado para actualizar autom\u00e1ticamente la memoria de su impresora para protegerla del uso de cartuchos falsificados o no autorizados de terceros. Si el cliente no acepta estos t\u00e9rminos, cartuchos de reemplazo sin estos t\u00e9rminos se encuentran disponibles en www.Lexmark.Com.<\/p>\n","protected":false},"featured_media":215322,"comment_status":"open","ping_status":"open","template":"","meta":[],"product_cat":[1622,1632],"product_tag":[1630],"acf":[],"yoast_head":"<!-- This site is optimized with the Yoast SEO plugin v21.7 - https:\/\/yoast.com\/wordpress\/plugins\/seo\/ -->\n<title>[ Lexmark ] &#129351; 74c4hk0 Toner Laser Negro, Alto Rendimiento, Hasta 20000 Paginas, Modelos Cs725de ,cs720de<\/title>\n<meta name=\"description\" content=\"Compra 74c4hk0 Toner Laser Negro, Alto Rendimiento, Hasta 20000 Paginas, Modelos Cs725de ,cs720de + Env\u00edo a domicilio + Pago seguro + Garant\u00eda\" \/>\n<meta name=\"robots\" content=\"index, follow, max-snippet:-1, max-image-preview:large, max-video-preview:-1\" \/>\n<link rel=\"canonical\" href=\"https:\/\/compuviper.mx\/tienda\/producto\/lexmark-74c4hk0-toner-laser-negro-alto-rendimiento-hasta-20000-paginas-modelos-cs725de-cs720de\/\" \/>\n<meta property=\"og:locale\" content=\"es_MX\" \/>\n<meta property=\"og:type\" content=\"article\" \/>\n<meta property=\"og:title\" content=\"[ Lexmark ] &#129351; 74c4hk0 Toner Laser Negro, Alto Rendimiento, Hasta 20000 Paginas, Modelos Cs725de ,cs720de\" \/>\n<meta property=\"og:description\" content=\"Compra 74c4hk0 Toner Laser Negro, Alto Rendimiento, Hasta 20000 Paginas, Modelos Cs725de ,cs720de + Env\u00edo a domicilio + Pago seguro + Garant\u00eda\" \/>\n<meta property=\"og:url\" content=\"https:\/\/compuviper.mx\/tienda\/producto\/lexmark-74c4hk0-toner-laser-negro-alto-rendimiento-hasta-20000-paginas-modelos-cs725de-cs720de\/\" \/>\n<meta property=\"og:site_name\" content=\"Compuviper\" \/>\n<meta property=\"article:publisher\" content=\"https:\/\/www.facebook.com\/compuviper\" \/>\n<meta property=\"og:image\" content=\"https:\/\/compuviper.mx\/tienda\/wp-content\/uploads\/2023\/12\/Toner-laser-lexmark-color-negro-alto-rendimiento-np-74c4hk0-hasta-20000-paginas-5-de-cobertura-para-modelos-cs725de-cs720de.jpg\" \/>\n\t<meta property=\"og:image:width\" content=\"200\" \/>\n\t<meta property=\"og:image:height\" content=\"200\" \/>\n\t<meta property=\"og:image:type\" content=\"image\/jpeg\" \/>\n<meta name=\"twitter:card\" content=\"summary_large_image\" \/>\n<meta name=\"twitter:label1\" content=\"Precio\" \/>\n\t<meta name=\"twitter:data1\" content=\"&#36;6,128 &#36;5,995 con IVA\" \/>\n\t<meta name=\"twitter:label2\" content=\"Availability\" \/>\n\t<meta name=\"twitter:data2\" content=\"Out of stock\" \/>\n<script type=\"application\/ld+json\" class=\"yoast-schema-graph\">{\"@context\":\"https:\/\/schema.org\",\"@graph\":[{\"@type\":\"WebPage\",\"@id\":\"https:\/\/compuviper.mx\/tienda\/producto\/lexmark-74c4hk0-toner-laser-negro-alto-rendimiento-hasta-20000-paginas-modelos-cs725de-cs720de\/\",\"url\":\"https:\/\/compuviper.mx\/tienda\/producto\/lexmark-74c4hk0-toner-laser-negro-alto-rendimiento-hasta-20000-paginas-modelos-cs725de-cs720de\/\",\"name\":\"[ Lexmark ] &#129351; 74c4hk0 Toner Laser Negro, Alto Rendimiento, Hasta 20000 Paginas, Modelos Cs725de ,cs720de\",\"isPartOf\":{\"@id\":\"https:\/\/compuviper.mx\/tienda\/#website\"},\"datePublished\":\"2026-04-17T05:53:45+00:00\",\"dateModified\":\"2026-04-17T05:53:45+00:00\",\"description\":\"Compra 74c4hk0 Toner Laser Negro, Alto Rendimiento, Hasta 20000 Paginas, Modelos Cs725de ,cs720de + Env\u00edo a domicilio + Pago seguro + Garant\u00eda\",\"breadcrumb\":{\"@id\":\"https:\/\/compuviper.mx\/tienda\/producto\/lexmark-74c4hk0-toner-laser-negro-alto-rendimiento-hasta-20000-paginas-modelos-cs725de-cs720de\/#breadcrumb\"},\"inLanguage\":\"es-MX\",\"potentialAction\":[{\"@type\":\"ReadAction\",\"target\":[\"https:\/\/compuviper.mx\/tienda\/producto\/lexmark-74c4hk0-toner-laser-negro-alto-rendimiento-hasta-20000-paginas-modelos-cs725de-cs720de\/\"]}]},{\"@type\":\"BreadcrumbList\",\"@id\":\"https:\/\/compuviper.mx\/tienda\/producto\/lexmark-74c4hk0-toner-laser-negro-alto-rendimiento-hasta-20000-paginas-modelos-cs725de-cs720de\/#breadcrumb\",\"itemListElement\":[{\"@type\":\"ListItem\",\"position\":1,\"name\":\"Inicio\",\"item\":\"https:\/\/compuviper.mx\/tienda\/\"},{\"@type\":\"ListItem\",\"position\":2,\"name\":\"Productos\",\"item\":\"https:\/\/compuviper.mx\/tienda\/productos\/\"},{\"@type\":\"ListItem\",\"position\":3,\"name\":\"Consumibles\",\"item\":\"https:\/\/compuviper.mx\/tienda\/categoria-producto\/consumibles\/\"},{\"@type\":\"ListItem\",\"position\":4,\"name\":\"Toner\",\"item\":\"https:\/\/compuviper.mx\/tienda\/categoria-producto\/consumibles\/toner\/\"},{\"@type\":\"ListItem\",\"position\":5,\"name\":\"Lexmark 74c4hk0 Toner Laser Negro, Alto Rendimiento, Hasta 20000 Paginas, Modelos Cs725de ,cs720de\"}]},{\"@type\":\"WebSite\",\"@id\":\"https:\/\/compuviper.mx\/tienda\/#website\",\"url\":\"https:\/\/compuviper.mx\/tienda\/\",\"name\":\"Compuviper\",\"description\":\"Proveedor de Computadoras, Laptops, Servidores, Monitores, Puntos de Venta, Teclados,   Impresoras, T\u00f3ner, C\u00e1maras de Seguridad y m\u00e1s en tu tienda en l\u00ednea\",\"publisher\":{\"@id\":\"https:\/\/compuviper.mx\/tienda\/#organization\"},\"potentialAction\":[{\"@type\":\"SearchAction\",\"target\":{\"@type\":\"EntryPoint\",\"urlTemplate\":\"https:\/\/compuviper.mx\/tienda\/?s={search_term_string}\"},\"query-input\":\"required name=search_term_string\"}],\"inLanguage\":\"es-MX\"},{\"@type\":\"Organization\",\"@id\":\"https:\/\/compuviper.mx\/tienda\/#organization\",\"name\":\"Compuviper\",\"url\":\"https:\/\/compuviper.mx\/tienda\/\",\"logo\":{\"@type\":\"ImageObject\",\"inLanguage\":\"es-MX\",\"@id\":\"https:\/\/compuviper.mx\/tienda\/#\/schema\/logo\/image\/\",\"url\":\"https:\/\/compuviper.mx\/tienda\/wp-content\/uploads\/2021\/08\/Logo-Compuviper-10.png\",\"contentUrl\":\"https:\/\/compuviper.mx\/tienda\/wp-content\/uploads\/2021\/08\/Logo-Compuviper-10.png\",\"width\":1000,\"height\":500,\"caption\":\"Compuviper\"},\"image\":{\"@id\":\"https:\/\/compuviper.mx\/tienda\/#\/schema\/logo\/image\/\"},\"sameAs\":[\"https:\/\/www.facebook.com\/compuviper\",\"https:\/\/www.youtube.com\/channel\/UCf73dERp9Y3cfOq7q8BhLjA?view_as=subscriber\"]}]}<\/script>\n<meta property=\"product:brand\" content=\"LEXMARK\" \/>\n<meta property=\"product:price:amount\" content=\"5995\" \/>\n<meta property=\"product:price:currency\" content=\"MXN\" \/>\n<meta property=\"og:availability\" content=\"out of stock\" \/>\n<meta property=\"product:availability\" content=\"out of stock\" \/>\n<meta property=\"product:retailer_item_id\" content=\"74C4HK0\" \/>\n<meta property=\"product:condition\" content=\"new\" \/>\n<!-- \/ Yoast SEO plugin. -->","yoast_head_json":{"title":"[ Lexmark ] &#129351; 74c4hk0 Toner Laser Negro, Alto Rendimiento, Hasta 20000 Paginas, Modelos Cs725de ,cs720de","description":"Compra 74c4hk0 Toner Laser Negro, Alto Rendimiento, Hasta 20000 Paginas, Modelos Cs725de ,cs720de + Env\u00edo a domicilio + Pago seguro + Garant\u00eda","robots":{"index":"index","follow":"follow","max-snippet":"max-snippet:-1","max-image-preview":"max-image-preview:large","max-video-preview":"max-video-preview:-1"},"canonical":"https:\/\/compuviper.mx\/tienda\/producto\/lexmark-74c4hk0-toner-laser-negro-alto-rendimiento-hasta-20000-paginas-modelos-cs725de-cs720de\/","og_locale":"es_MX","og_type":"article","og_title":"[ Lexmark ] &#129351; 74c4hk0 Toner Laser Negro, Alto Rendimiento, Hasta 20000 Paginas, Modelos Cs725de ,cs720de","og_description":"Compra 74c4hk0 Toner Laser Negro, Alto Rendimiento, Hasta 20000 Paginas, Modelos Cs725de ,cs720de + Env\u00edo a domicilio + Pago seguro + Garant\u00eda","og_url":"https:\/\/compuviper.mx\/tienda\/producto\/lexmark-74c4hk0-toner-laser-negro-alto-rendimiento-hasta-20000-paginas-modelos-cs725de-cs720de\/","og_site_name":"Compuviper","article_publisher":"https:\/\/www.facebook.com\/compuviper","og_image":[{"width":200,"height":200,"url":"https:\/\/compuviper.mx\/tienda\/wp-content\/uploads\/2023\/12\/Toner-laser-lexmark-color-negro-alto-rendimiento-np-74c4hk0-hasta-20000-paginas-5-de-cobertura-para-modelos-cs725de-cs720de.jpg","type":"image\/jpeg"}],"twitter_card":"summary_large_image","twitter_misc":{"Precio":"&#36;6,128 &#36;5,995 con IVA","Availability":"Out of stock"},"schema":{"@context":"https:\/\/schema.org","@graph":[{"@type":"WebPage","@id":"https:\/\/compuviper.mx\/tienda\/producto\/lexmark-74c4hk0-toner-laser-negro-alto-rendimiento-hasta-20000-paginas-modelos-cs725de-cs720de\/","url":"https:\/\/compuviper.mx\/tienda\/producto\/lexmark-74c4hk0-toner-laser-negro-alto-rendimiento-hasta-20000-paginas-modelos-cs725de-cs720de\/","name":"[ Lexmark ] &#129351; 74c4hk0 Toner Laser Negro, Alto Rendimiento, Hasta 20000 Paginas, Modelos Cs725de ,cs720de","isPartOf":{"@id":"https:\/\/compuviper.mx\/tienda\/#website"},"datePublished":"2026-04-17T05:53:45+00:00","dateModified":"2026-04-17T05:53:45+00:00","description":"Compra 74c4hk0 Toner Laser Negro, Alto Rendimiento, Hasta 20000 Paginas, Modelos Cs725de ,cs720de + Env\u00edo a domicilio + Pago seguro + Garant\u00eda","breadcrumb":{"@id":"https:\/\/compuviper.mx\/tienda\/producto\/lexmark-74c4hk0-toner-laser-negro-alto-rendimiento-hasta-20000-paginas-modelos-cs725de-cs720de\/#breadcrumb"},"inLanguage":"es-MX","potentialAction":[{"@type":"ReadAction","target":["https:\/\/compuviper.mx\/tienda\/producto\/lexmark-74c4hk0-toner-laser-negro-alto-rendimiento-hasta-20000-paginas-modelos-cs725de-cs720de\/"]}]},{"@type":"BreadcrumbList","@id":"https:\/\/compuviper.mx\/tienda\/producto\/lexmark-74c4hk0-toner-laser-negro-alto-rendimiento-hasta-20000-paginas-modelos-cs725de-cs720de\/#breadcrumb","itemListElement":[{"@type":"ListItem","position":1,"name":"Inicio","item":"https:\/\/compuviper.mx\/tienda\/"},{"@type":"ListItem","position":2,"name":"Productos","item":"https:\/\/compuviper.mx\/tienda\/productos\/"},{"@type":"ListItem","position":3,"name":"Consumibles","item":"https:\/\/compuviper.mx\/tienda\/categoria-producto\/consumibles\/"},{"@type":"ListItem","position":4,"name":"Toner","item":"https:\/\/compuviper.mx\/tienda\/categoria-producto\/consumibles\/toner\/"},{"@type":"ListItem","position":5,"name":"Lexmark 74c4hk0 Toner Laser Negro, Alto Rendimiento, Hasta 20000 Paginas, Modelos Cs725de ,cs720de"}]},{"@type":"WebSite","@id":"https:\/\/compuviper.mx\/tienda\/#website","url":"https:\/\/compuviper.mx\/tienda\/","name":"Compuviper","description":"Proveedor de Computadoras, Laptops, Servidores, Monitores, Puntos de Venta, Teclados,   Impresoras, T\u00f3ner, C\u00e1maras de Seguridad y m\u00e1s en tu tienda en l\u00ednea","publisher":{"@id":"https:\/\/compuviper.mx\/tienda\/#organization"},"potentialAction":[{"@type":"SearchAction","target":{"@type":"EntryPoint","urlTemplate":"https:\/\/compuviper.mx\/tienda\/?s={search_term_string}"},"query-input":"required name=search_term_string"}],"inLanguage":"es-MX"},{"@type":"Organization","@id":"https:\/\/compuviper.mx\/tienda\/#organization","name":"Compuviper","url":"https:\/\/compuviper.mx\/tienda\/","logo":{"@type":"ImageObject","inLanguage":"es-MX","@id":"https:\/\/compuviper.mx\/tienda\/#\/schema\/logo\/image\/","url":"https:\/\/compuviper.mx\/tienda\/wp-content\/uploads\/2021\/08\/Logo-Compuviper-10.png","contentUrl":"https:\/\/compuviper.mx\/tienda\/wp-content\/uploads\/2021\/08\/Logo-Compuviper-10.png","width":1000,"height":500,"caption":"Compuviper"},"image":{"@id":"https:\/\/compuviper.mx\/tienda\/#\/schema\/logo\/image\/"},"sameAs":["https:\/\/www.facebook.com\/compuviper","https:\/\/www.youtube.com\/channel\/UCf73dERp9Y3cfOq7q8BhLjA?view_as=subscriber"]}]},"product_brand":"LEXMARK","product_price_amount":"5995","product_price_currency":"MXN","og_availability":"out of stock","product_availability":"out of stock","product_retailer_item_id":"74C4HK0","product_condition":"new"},"_links":{"self":[{"href":"https:\/\/compuviper.mx\/tienda\/wp-json\/wp\/v2\/product\/215321"}],"collection":[{"href":"https:\/\/compuviper.mx\/tienda\/wp-json\/wp\/v2\/product"}],"about":[{"href":"https:\/\/compuviper.mx\/tienda\/wp-json\/wp\/v2\/types\/product"}],"replies":[{"embeddable":true,"href":"https:\/\/compuviper.mx\/tienda\/wp-json\/wp\/v2\/comments?post=215321"}],"wp:featuredmedia":[{"embeddable":true,"href":"https:\/\/compuviper.mx\/tienda\/wp-json\/wp\/v2\/media\/215322"}],"wp:attachment":[{"href":"https:\/\/compuviper.mx\/tienda\/wp-json\/wp\/v2\/media?parent=215321"}],"wp:term":[{"taxonomy":"product_cat","embeddable":true,"href":"https:\/\/compuviper.mx\/tienda\/wp-json\/wp\/v2\/product_cat?post=215321"},{"taxonomy":"product_tag","embeddable":true,"href":"https:\/\/compuviper.mx\/tienda\/wp-json\/wp\/v2\/product_tag?post=215321"}],"curies":[{"name":"wp","href":"https:\/\/api.w.org\/{rel}","templated":true}]}}