{"id":215303,"date":"2026-04-02T23:08:25","date_gmt":"2026-04-03T05:08:25","guid":{"rendered":"https:\/\/compuviper.mx\/tienda\/producto\/epson-t504420-al-cartucho-modelo-t504-amarillo-para-l4150-l4160-l6161-l6171-l6191\/"},"modified":"2026-04-02T23:08:26","modified_gmt":"2026-04-03T05:08:26","slug":"epson-t504420-al-cartucho-modelo-t504-amarillo-para-l4150-l4160-l6161-l6171-l6191","status":"publish","type":"product","link":"https:\/\/compuviper.mx\/tienda\/producto\/epson-t504420-al-cartucho-modelo-t504-amarillo-para-l4150-l4160-l6161-l6171-l6191\/","title":{"rendered":"Epson T504420-al Cartucho  Modelo T504 Amarillo, Para L4150, L4160, L6161, L6171, L6191"},"content":{"rendered":"<table class=\"descripcion\">\n<tr>\n<td>Compatible con<\/td>\n<\/tr>\n<tr>\n<td>L4150, l4160<\/td>\n<\/tr>\n<tr>\n<td>Rendimiento hasta de 6.000 paginas<\/td>\n<\/tr>\n<\/table>\n","protected":false},"excerpt":{"rendered":"<p>Botella de tinta epson 127 ml. Calidad de impresion garantizada con la tinta original epson<\/p>\n","protected":false},"featured_media":215304,"comment_status":"open","ping_status":"open","template":"","meta":[],"product_cat":[1623,1622],"product_tag":[1624],"acf":[],"yoast_head":"<!-- This site is optimized with the Yoast SEO plugin v21.7 - https:\/\/yoast.com\/wordpress\/plugins\/seo\/ -->\n<title>[ Epson ] &#129351; T504420-al Cartucho Modelo T504 Amarillo, Para L4150, L4160, L6161, L6171, L6191<\/title>\n<meta name=\"description\" content=\"Compra T504420-al Cartucho Modelo T504 Amarillo, Para L4150, L4160, L6161, L6171, L6191 + Env\u00edo a domicilio + Pago seguro + Garant\u00eda\" \/>\n<meta name=\"robots\" content=\"index, follow, max-snippet:-1, max-image-preview:large, max-video-preview:-1\" \/>\n<link rel=\"canonical\" href=\"https:\/\/compuviper.mx\/tienda\/producto\/epson-t504420-al-cartucho-modelo-t504-amarillo-para-l4150-l4160-l6161-l6171-l6191\/\" \/>\n<meta property=\"og:locale\" content=\"es_MX\" \/>\n<meta property=\"og:type\" content=\"article\" \/>\n<meta property=\"og:title\" content=\"[ Epson ] &#129351; T504420-al Cartucho Modelo T504 Amarillo, Para L4150, L4160, L6161, L6171, L6191\" \/>\n<meta property=\"og:description\" content=\"Compra T504420-al Cartucho Modelo T504 Amarillo, Para L4150, L4160, L6161, L6171, L6191 + Env\u00edo a domicilio + Pago seguro + Garant\u00eda\" \/>\n<meta property=\"og:url\" content=\"https:\/\/compuviper.mx\/tienda\/producto\/epson-t504420-al-cartucho-modelo-t504-amarillo-para-l4150-l4160-l6161-l6171-l6191\/\" \/>\n<meta property=\"og:site_name\" content=\"Compuviper\" \/>\n<meta property=\"article:publisher\" content=\"https:\/\/www.facebook.com\/compuviper\" \/>\n<meta property=\"article:modified_time\" content=\"2026-04-03T05:08:26+00:00\" \/>\n<meta property=\"og:image\" content=\"https:\/\/compuviper.mx\/tienda\/wp-content\/uploads\/2023\/12\/Cartucho-epson-modelo-t504-amarillo-para-l4150-l4160-l6161-l6171-l6191.jpg\" \/>\n\t<meta property=\"og:image:width\" content=\"200\" \/>\n\t<meta property=\"og:image:height\" content=\"200\" \/>\n\t<meta property=\"og:image:type\" content=\"image\/jpeg\" \/>\n<meta name=\"twitter:card\" content=\"summary_large_image\" \/>\n<meta name=\"twitter:label1\" content=\"Precio\" \/>\n\t<meta name=\"twitter:data1\" content=\"&#36;187 &#36;187 con IVA\" \/>\n\t<meta name=\"twitter:label2\" content=\"Availability\" \/>\n\t<meta name=\"twitter:data2\" content=\"In stock\" \/>\n<script type=\"application\/ld+json\" class=\"yoast-schema-graph\">{\"@context\":\"https:\/\/schema.org\",\"@graph\":[{\"@type\":\"WebPage\",\"@id\":\"https:\/\/compuviper.mx\/tienda\/producto\/epson-t504420-al-cartucho-modelo-t504-amarillo-para-l4150-l4160-l6161-l6171-l6191\/\",\"url\":\"https:\/\/compuviper.mx\/tienda\/producto\/epson-t504420-al-cartucho-modelo-t504-amarillo-para-l4150-l4160-l6161-l6171-l6191\/\",\"name\":\"[ Epson ] &#129351; T504420-al Cartucho Modelo T504 Amarillo, Para L4150, L4160, L6161, L6171, L6191\",\"isPartOf\":{\"@id\":\"https:\/\/compuviper.mx\/tienda\/#website\"},\"datePublished\":\"2026-04-03T05:08:25+00:00\",\"dateModified\":\"2026-04-03T05:08:26+00:00\",\"description\":\"Compra T504420-al Cartucho Modelo T504 Amarillo, Para L4150, L4160, L6161, L6171, L6191 + Env\u00edo a domicilio + Pago seguro + Garant\u00eda\",\"breadcrumb\":{\"@id\":\"https:\/\/compuviper.mx\/tienda\/producto\/epson-t504420-al-cartucho-modelo-t504-amarillo-para-l4150-l4160-l6161-l6171-l6191\/#breadcrumb\"},\"inLanguage\":\"es-MX\",\"potentialAction\":[{\"@type\":\"ReadAction\",\"target\":[\"https:\/\/compuviper.mx\/tienda\/producto\/epson-t504420-al-cartucho-modelo-t504-amarillo-para-l4150-l4160-l6161-l6171-l6191\/\"]}]},{\"@type\":\"BreadcrumbList\",\"@id\":\"https:\/\/compuviper.mx\/tienda\/producto\/epson-t504420-al-cartucho-modelo-t504-amarillo-para-l4150-l4160-l6161-l6171-l6191\/#breadcrumb\",\"itemListElement\":[{\"@type\":\"ListItem\",\"position\":1,\"name\":\"Inicio\",\"item\":\"https:\/\/compuviper.mx\/tienda\/\"},{\"@type\":\"ListItem\",\"position\":2,\"name\":\"Productos\",\"item\":\"https:\/\/compuviper.mx\/tienda\/productos\/\"},{\"@type\":\"ListItem\",\"position\":3,\"name\":\"Consumibles\",\"item\":\"https:\/\/compuviper.mx\/tienda\/categoria-producto\/consumibles\/\"},{\"@type\":\"ListItem\",\"position\":4,\"name\":\"Cartucho\",\"item\":\"https:\/\/compuviper.mx\/tienda\/categoria-producto\/consumibles\/cartucho\/\"},{\"@type\":\"ListItem\",\"position\":5,\"name\":\"Epson T504420-al Cartucho Modelo T504 Amarillo, Para L4150, L4160, L6161, L6171, L6191\"}]},{\"@type\":\"WebSite\",\"@id\":\"https:\/\/compuviper.mx\/tienda\/#website\",\"url\":\"https:\/\/compuviper.mx\/tienda\/\",\"name\":\"Compuviper\",\"description\":\"Proveedor de Computadoras, Laptops, Servidores, Monitores, Puntos de Venta, Teclados,   Impresoras, T\u00f3ner, C\u00e1maras de Seguridad y m\u00e1s en tu tienda en l\u00ednea\",\"publisher\":{\"@id\":\"https:\/\/compuviper.mx\/tienda\/#organization\"},\"potentialAction\":[{\"@type\":\"SearchAction\",\"target\":{\"@type\":\"EntryPoint\",\"urlTemplate\":\"https:\/\/compuviper.mx\/tienda\/?s={search_term_string}\"},\"query-input\":\"required name=search_term_string\"}],\"inLanguage\":\"es-MX\"},{\"@type\":\"Organization\",\"@id\":\"https:\/\/compuviper.mx\/tienda\/#organization\",\"name\":\"Compuviper\",\"url\":\"https:\/\/compuviper.mx\/tienda\/\",\"logo\":{\"@type\":\"ImageObject\",\"inLanguage\":\"es-MX\",\"@id\":\"https:\/\/compuviper.mx\/tienda\/#\/schema\/logo\/image\/\",\"url\":\"https:\/\/compuviper.mx\/tienda\/wp-content\/uploads\/2021\/08\/Logo-Compuviper-10.png\",\"contentUrl\":\"https:\/\/compuviper.mx\/tienda\/wp-content\/uploads\/2021\/08\/Logo-Compuviper-10.png\",\"width\":1000,\"height\":500,\"caption\":\"Compuviper\"},\"image\":{\"@id\":\"https:\/\/compuviper.mx\/tienda\/#\/schema\/logo\/image\/\"},\"sameAs\":[\"https:\/\/www.facebook.com\/compuviper\",\"https:\/\/www.youtube.com\/channel\/UCf73dERp9Y3cfOq7q8BhLjA?view_as=subscriber\"]}]}<\/script>\n<meta property=\"product:brand\" content=\"EPSON\" \/>\n<meta property=\"product:price:amount\" content=\"187\" \/>\n<meta property=\"product:price:currency\" content=\"MXN\" \/>\n<meta property=\"og:availability\" content=\"instock\" \/>\n<meta property=\"product:availability\" content=\"instock\" \/>\n<meta property=\"product:retailer_item_id\" content=\"T504420-AL\" \/>\n<meta property=\"product:condition\" content=\"new\" \/>\n<!-- \/ Yoast SEO plugin. -->","yoast_head_json":{"title":"[ Epson ] &#129351; T504420-al Cartucho Modelo T504 Amarillo, Para L4150, L4160, L6161, L6171, L6191","description":"Compra T504420-al Cartucho Modelo T504 Amarillo, Para L4150, L4160, L6161, L6171, L6191 + Env\u00edo a domicilio + Pago seguro + Garant\u00eda","robots":{"index":"index","follow":"follow","max-snippet":"max-snippet:-1","max-image-preview":"max-image-preview:large","max-video-preview":"max-video-preview:-1"},"canonical":"https:\/\/compuviper.mx\/tienda\/producto\/epson-t504420-al-cartucho-modelo-t504-amarillo-para-l4150-l4160-l6161-l6171-l6191\/","og_locale":"es_MX","og_type":"article","og_title":"[ Epson ] &#129351; T504420-al Cartucho Modelo T504 Amarillo, Para L4150, L4160, L6161, L6171, L6191","og_description":"Compra T504420-al Cartucho Modelo T504 Amarillo, Para L4150, L4160, L6161, L6171, L6191 + Env\u00edo a domicilio + Pago seguro + Garant\u00eda","og_url":"https:\/\/compuviper.mx\/tienda\/producto\/epson-t504420-al-cartucho-modelo-t504-amarillo-para-l4150-l4160-l6161-l6171-l6191\/","og_site_name":"Compuviper","article_publisher":"https:\/\/www.facebook.com\/compuviper","article_modified_time":"2026-04-03T05:08:26+00:00","og_image":[{"width":200,"height":200,"url":"https:\/\/compuviper.mx\/tienda\/wp-content\/uploads\/2023\/12\/Cartucho-epson-modelo-t504-amarillo-para-l4150-l4160-l6161-l6171-l6191.jpg","type":"image\/jpeg"}],"twitter_card":"summary_large_image","twitter_misc":{"Precio":"&#36;187 &#36;187 con IVA","Availability":"In stock"},"schema":{"@context":"https:\/\/schema.org","@graph":[{"@type":"WebPage","@id":"https:\/\/compuviper.mx\/tienda\/producto\/epson-t504420-al-cartucho-modelo-t504-amarillo-para-l4150-l4160-l6161-l6171-l6191\/","url":"https:\/\/compuviper.mx\/tienda\/producto\/epson-t504420-al-cartucho-modelo-t504-amarillo-para-l4150-l4160-l6161-l6171-l6191\/","name":"[ Epson ] &#129351; T504420-al Cartucho Modelo T504 Amarillo, Para L4150, L4160, L6161, L6171, L6191","isPartOf":{"@id":"https:\/\/compuviper.mx\/tienda\/#website"},"datePublished":"2026-04-03T05:08:25+00:00","dateModified":"2026-04-03T05:08:26+00:00","description":"Compra T504420-al Cartucho Modelo T504 Amarillo, Para L4150, L4160, L6161, L6171, L6191 + Env\u00edo a domicilio + Pago seguro + Garant\u00eda","breadcrumb":{"@id":"https:\/\/compuviper.mx\/tienda\/producto\/epson-t504420-al-cartucho-modelo-t504-amarillo-para-l4150-l4160-l6161-l6171-l6191\/#breadcrumb"},"inLanguage":"es-MX","potentialAction":[{"@type":"ReadAction","target":["https:\/\/compuviper.mx\/tienda\/producto\/epson-t504420-al-cartucho-modelo-t504-amarillo-para-l4150-l4160-l6161-l6171-l6191\/"]}]},{"@type":"BreadcrumbList","@id":"https:\/\/compuviper.mx\/tienda\/producto\/epson-t504420-al-cartucho-modelo-t504-amarillo-para-l4150-l4160-l6161-l6171-l6191\/#breadcrumb","itemListElement":[{"@type":"ListItem","position":1,"name":"Inicio","item":"https:\/\/compuviper.mx\/tienda\/"},{"@type":"ListItem","position":2,"name":"Productos","item":"https:\/\/compuviper.mx\/tienda\/productos\/"},{"@type":"ListItem","position":3,"name":"Consumibles","item":"https:\/\/compuviper.mx\/tienda\/categoria-producto\/consumibles\/"},{"@type":"ListItem","position":4,"name":"Cartucho","item":"https:\/\/compuviper.mx\/tienda\/categoria-producto\/consumibles\/cartucho\/"},{"@type":"ListItem","position":5,"name":"Epson T504420-al Cartucho Modelo T504 Amarillo, Para L4150, L4160, L6161, L6171, L6191"}]},{"@type":"WebSite","@id":"https:\/\/compuviper.mx\/tienda\/#website","url":"https:\/\/compuviper.mx\/tienda\/","name":"Compuviper","description":"Proveedor de Computadoras, Laptops, Servidores, Monitores, Puntos de Venta, Teclados,   Impresoras, T\u00f3ner, C\u00e1maras de Seguridad y m\u00e1s en tu tienda en l\u00ednea","publisher":{"@id":"https:\/\/compuviper.mx\/tienda\/#organization"},"potentialAction":[{"@type":"SearchAction","target":{"@type":"EntryPoint","urlTemplate":"https:\/\/compuviper.mx\/tienda\/?s={search_term_string}"},"query-input":"required name=search_term_string"}],"inLanguage":"es-MX"},{"@type":"Organization","@id":"https:\/\/compuviper.mx\/tienda\/#organization","name":"Compuviper","url":"https:\/\/compuviper.mx\/tienda\/","logo":{"@type":"ImageObject","inLanguage":"es-MX","@id":"https:\/\/compuviper.mx\/tienda\/#\/schema\/logo\/image\/","url":"https:\/\/compuviper.mx\/tienda\/wp-content\/uploads\/2021\/08\/Logo-Compuviper-10.png","contentUrl":"https:\/\/compuviper.mx\/tienda\/wp-content\/uploads\/2021\/08\/Logo-Compuviper-10.png","width":1000,"height":500,"caption":"Compuviper"},"image":{"@id":"https:\/\/compuviper.mx\/tienda\/#\/schema\/logo\/image\/"},"sameAs":["https:\/\/www.facebook.com\/compuviper","https:\/\/www.youtube.com\/channel\/UCf73dERp9Y3cfOq7q8BhLjA?view_as=subscriber"]}]},"product_brand":"EPSON","product_price_amount":"187","product_price_currency":"MXN","og_availability":"instock","product_availability":"instock","product_retailer_item_id":"T504420-AL","product_condition":"new"},"_links":{"self":[{"href":"https:\/\/compuviper.mx\/tienda\/wp-json\/wp\/v2\/product\/215303"}],"collection":[{"href":"https:\/\/compuviper.mx\/tienda\/wp-json\/wp\/v2\/product"}],"about":[{"href":"https:\/\/compuviper.mx\/tienda\/wp-json\/wp\/v2\/types\/product"}],"replies":[{"embeddable":true,"href":"https:\/\/compuviper.mx\/tienda\/wp-json\/wp\/v2\/comments?post=215303"}],"wp:featuredmedia":[{"embeddable":true,"href":"https:\/\/compuviper.mx\/tienda\/wp-json\/wp\/v2\/media\/215304"}],"wp:attachment":[{"href":"https:\/\/compuviper.mx\/tienda\/wp-json\/wp\/v2\/media?parent=215303"}],"wp:term":[{"taxonomy":"product_cat","embeddable":true,"href":"https:\/\/compuviper.mx\/tienda\/wp-json\/wp\/v2\/product_cat?post=215303"},{"taxonomy":"product_tag","embeddable":true,"href":"https:\/\/compuviper.mx\/tienda\/wp-json\/wp\/v2\/product_tag?post=215303"}],"curies":[{"name":"wp","href":"https:\/\/api.w.org\/{rel}","templated":true}]}}