{"id":215094,"date":"2026-04-07T23:53:38","date_gmt":"2026-04-08T05:53:38","guid":{"rendered":"https:\/\/compuviper.mx\/tienda\/producto\/silimex-compuklin-limpiador-de-circuitos-y-tarjetas-454-ml-desengrasante-en-aerosol-dielectrico\/"},"modified":"2026-04-07T23:53:38","modified_gmt":"2026-04-08T05:53:38","slug":"silimex-compuklin-454ml-aerosol-compuklin-limpiador-desengrasante-de-tarjetas-electronicas-454-ml","status":"publish","type":"product","link":"https:\/\/compuviper.mx\/tienda\/producto\/silimex-compuklin-454ml-aerosol-compuklin-limpiador-desengrasante-de-tarjetas-electronicas-454-ml\/","title":{"rendered":"Silimex Compuklin 454ml Aerosol Compuklin Limpiador Desengrasante De Tarjetas Electronicas 454 Ml"},"content":{"rendered":"<table class=\"descripcion\">\n<tr>\n<td>Caracter\u00edsticas:<\/td>\n<\/tr>\n<tr>\n<td>&#8211; desintegra grasa, cochambre y polvo.<\/td>\n<\/tr>\n<tr>\n<td>&#8211; no es corrosivo, no da\u00f1a ning\u00fan tipo de materiales.<\/td>\n<\/tr>\n<tr>\n<td>&#8211; no es reactivo.<\/td>\n<\/tr>\n<tr>\n<td>&#8211; no deja residuos.<\/td>\n<\/tr>\n<tr>\n<td>&#8211; r\u00e1pida evaporaci\u00f3n.<\/td>\n<\/tr>\n<tr>\n<td>&#8211; libre de cfc y hcfc.<\/td>\n<\/tr>\n<tr>\n<td>&#8211; alto rendimiento.<\/td>\n<\/tr>\n<tr>\n<td>Presentaci\u00f3n:<\/td>\n<\/tr>\n<tr>\n<td>Envase de hojalata con 454 ml.<\/td>\n<\/tr>\n<tr>\n<td>Datos t\u00e9cnicos:<\/td>\n<\/tr>\n<tr>\n<td>&#8211; ph: 6<\/td>\n<\/tr>\n<tr>\n<td>&#8211; densidad: 1.103 g\/ml<\/td>\n<\/tr>\n<tr>\n<td>&#8211; solubilidad en agua: parcial<\/td>\n<\/tr>\n<tr>\n<td>&#8211; punto de inflamabilidad: 12\u00bac<\/td>\n<\/tr>\n<tr>\n<td>&#8211; almacenamiento: almacenarse en lugares frescos, no mayor a una temperatura de 50\u00b0c.<\/td>\n<\/tr>\n<tr>\n<td>&#8211; apariencia: liquido<\/td>\n<\/tr>\n<tr>\n<td>&#8211; conductividad: 0 \u00b5s<\/td>\n<\/tr>\n<tr>\n<td>&#8211; color: transparente<\/td>\n<\/tr>\n<tr>\n<td>&#8211; aroma: caracter\u00edstico<\/td>\n<\/tr>\n<tr>\n<td>Usos y aplicaciones:<\/td>\n<\/tr>\n<tr>\n<td>&#8211; limpiador desengrasante de circuitos b\u00e1sicos y tarjetas electr\u00f3nicas.<\/td>\n<\/tr>\n<tr>\n<td>&#8211; por ser un limpiador diel\u00e9ctrico, puede utilizarse aun con los equipos en funcionamiento.<\/td>\n<\/tr>\n<\/table>\n","protected":false},"excerpt":{"rendered":"<p>Compuklin spray limpiador desengrasante diel\u00e9ctrico, desintegra grasa, cochambre, polvo en circuitos el\u00e9ctricos y tarjetas electr\u00f3nicas, sin da\u00f1ar pl\u00e1sticos, hule o pintura. Penetra lugares dif\u00edciles, limpiando sin dejar residuos y con efecto de r\u00e1pida evaporaci\u00f3n. Cualidades que permiten usar el producto con el equipo en funcionamiento.<\/p>\n","protected":false},"featured_media":215095,"comment_status":"open","ping_status":"open","template":"","meta":[],"product_cat":[1628,1619],"product_tag":[1621],"acf":[],"yoast_head":"<!-- This site is optimized with the Yoast SEO plugin v21.7 - https:\/\/yoast.com\/wordpress\/plugins\/seo\/ -->\n<title>[ Silimex ] &#129351; Compuklin 454ml Aerosol Compuklin Limpiador Desengrasante De Tarjetas Electronicas 454 Ml<\/title>\n<meta name=\"description\" content=\"Compra Compuklin 454ml Aerosol Compuklin Limpiador Desengrasante De Tarjetas Electronicas 454 Ml + Env\u00edo a domicilio + Pago seguro + Garant\u00eda\" \/>\n<meta name=\"robots\" content=\"index, follow, max-snippet:-1, max-image-preview:large, max-video-preview:-1\" \/>\n<link rel=\"canonical\" href=\"https:\/\/compuviper.mx\/tienda\/producto\/silimex-compuklin-454ml-aerosol-compuklin-limpiador-desengrasante-de-tarjetas-electronicas-454-ml\/\" \/>\n<meta property=\"og:locale\" content=\"es_MX\" \/>\n<meta property=\"og:type\" content=\"article\" \/>\n<meta property=\"og:title\" content=\"[ Silimex ] &#129351; Compuklin 454ml Aerosol Compuklin Limpiador Desengrasante De Tarjetas Electronicas 454 Ml\" \/>\n<meta property=\"og:description\" content=\"Compra Compuklin 454ml Aerosol Compuklin Limpiador Desengrasante De Tarjetas Electronicas 454 Ml + Env\u00edo a domicilio + Pago seguro + Garant\u00eda\" \/>\n<meta property=\"og:url\" content=\"https:\/\/compuviper.mx\/tienda\/producto\/silimex-compuklin-454ml-aerosol-compuklin-limpiador-desengrasante-de-tarjetas-electronicas-454-ml\/\" \/>\n<meta property=\"og:site_name\" content=\"Compuviper\" \/>\n<meta property=\"article:publisher\" content=\"https:\/\/www.facebook.com\/compuviper\" \/>\n<meta property=\"og:image\" content=\"https:\/\/compuviper.mx\/tienda\/wp-content\/uploads\/2023\/12\/Silimex-compuklin-limpiador-de-circuitos-y-tarjetas-454-ml-desengrasante-en-aerosol-dielectrico.jpg\" \/>\n\t<meta property=\"og:image:width\" content=\"200\" \/>\n\t<meta property=\"og:image:height\" content=\"200\" \/>\n\t<meta property=\"og:image:type\" content=\"image\/jpeg\" \/>\n<meta name=\"twitter:card\" content=\"summary_large_image\" \/>\n<meta name=\"twitter:label1\" content=\"Precio\" \/>\n\t<meta name=\"twitter:data1\" content=\"&#36;180 con IVA\" \/>\n\t<meta name=\"twitter:label2\" content=\"Availability\" \/>\n\t<meta name=\"twitter:data2\" content=\"In stock\" \/>\n<script type=\"application\/ld+json\" class=\"yoast-schema-graph\">{\"@context\":\"https:\/\/schema.org\",\"@graph\":[{\"@type\":\"WebPage\",\"@id\":\"https:\/\/compuviper.mx\/tienda\/producto\/silimex-compuklin-454ml-aerosol-compuklin-limpiador-desengrasante-de-tarjetas-electronicas-454-ml\/\",\"url\":\"https:\/\/compuviper.mx\/tienda\/producto\/silimex-compuklin-454ml-aerosol-compuklin-limpiador-desengrasante-de-tarjetas-electronicas-454-ml\/\",\"name\":\"[ Silimex ] &#129351; Compuklin 454ml Aerosol Compuklin Limpiador Desengrasante De Tarjetas Electronicas 454 Ml\",\"isPartOf\":{\"@id\":\"https:\/\/compuviper.mx\/tienda\/#website\"},\"datePublished\":\"2026-04-08T05:53:38+00:00\",\"dateModified\":\"2026-04-08T05:53:38+00:00\",\"description\":\"Compra Compuklin 454ml Aerosol Compuklin Limpiador Desengrasante De Tarjetas Electronicas 454 Ml + Env\u00edo a domicilio + Pago seguro + Garant\u00eda\",\"breadcrumb\":{\"@id\":\"https:\/\/compuviper.mx\/tienda\/producto\/silimex-compuklin-454ml-aerosol-compuklin-limpiador-desengrasante-de-tarjetas-electronicas-454-ml\/#breadcrumb\"},\"inLanguage\":\"es-MX\",\"potentialAction\":[{\"@type\":\"ReadAction\",\"target\":[\"https:\/\/compuviper.mx\/tienda\/producto\/silimex-compuklin-454ml-aerosol-compuklin-limpiador-desengrasante-de-tarjetas-electronicas-454-ml\/\"]}]},{\"@type\":\"BreadcrumbList\",\"@id\":\"https:\/\/compuviper.mx\/tienda\/producto\/silimex-compuklin-454ml-aerosol-compuklin-limpiador-desengrasante-de-tarjetas-electronicas-454-ml\/#breadcrumb\",\"itemListElement\":[{\"@type\":\"ListItem\",\"position\":1,\"name\":\"Inicio\",\"item\":\"https:\/\/compuviper.mx\/tienda\/\"},{\"@type\":\"ListItem\",\"position\":2,\"name\":\"Productos\",\"item\":\"https:\/\/compuviper.mx\/tienda\/productos\/\"},{\"@type\":\"ListItem\",\"position\":3,\"name\":\"Productos De Limpieza\",\"item\":\"https:\/\/compuviper.mx\/tienda\/categoria-producto\/productos-de-limpieza\/\"},{\"@type\":\"ListItem\",\"position\":4,\"name\":\"Limpiadores De Tarjetas Electronicas\",\"item\":\"https:\/\/compuviper.mx\/tienda\/categoria-producto\/productos-de-limpieza\/limpiadores-de-tarjetas-electronicas\/\"},{\"@type\":\"ListItem\",\"position\":5,\"name\":\"Silimex Compuklin 454ml Aerosol Compuklin Limpiador Desengrasante De Tarjetas Electronicas 454 Ml\"}]},{\"@type\":\"WebSite\",\"@id\":\"https:\/\/compuviper.mx\/tienda\/#website\",\"url\":\"https:\/\/compuviper.mx\/tienda\/\",\"name\":\"Compuviper\",\"description\":\"Proveedor de Computadoras, Laptops, Servidores, Monitores, Puntos de Venta, Teclados,   Impresoras, T\u00f3ner, C\u00e1maras de Seguridad y m\u00e1s en tu tienda en l\u00ednea\",\"publisher\":{\"@id\":\"https:\/\/compuviper.mx\/tienda\/#organization\"},\"potentialAction\":[{\"@type\":\"SearchAction\",\"target\":{\"@type\":\"EntryPoint\",\"urlTemplate\":\"https:\/\/compuviper.mx\/tienda\/?s={search_term_string}\"},\"query-input\":\"required name=search_term_string\"}],\"inLanguage\":\"es-MX\"},{\"@type\":\"Organization\",\"@id\":\"https:\/\/compuviper.mx\/tienda\/#organization\",\"name\":\"Compuviper\",\"url\":\"https:\/\/compuviper.mx\/tienda\/\",\"logo\":{\"@type\":\"ImageObject\",\"inLanguage\":\"es-MX\",\"@id\":\"https:\/\/compuviper.mx\/tienda\/#\/schema\/logo\/image\/\",\"url\":\"https:\/\/compuviper.mx\/tienda\/wp-content\/uploads\/2021\/08\/Logo-Compuviper-10.png\",\"contentUrl\":\"https:\/\/compuviper.mx\/tienda\/wp-content\/uploads\/2021\/08\/Logo-Compuviper-10.png\",\"width\":1000,\"height\":500,\"caption\":\"Compuviper\"},\"image\":{\"@id\":\"https:\/\/compuviper.mx\/tienda\/#\/schema\/logo\/image\/\"},\"sameAs\":[\"https:\/\/www.facebook.com\/compuviper\",\"https:\/\/www.youtube.com\/channel\/UCf73dERp9Y3cfOq7q8BhLjA?view_as=subscriber\"]}]}<\/script>\n<meta property=\"product:brand\" content=\"SILIMEX\" \/>\n<meta property=\"product:price:amount\" content=\"180\" \/>\n<meta property=\"product:price:currency\" content=\"MXN\" \/>\n<meta property=\"og:availability\" content=\"instock\" \/>\n<meta property=\"product:availability\" content=\"instock\" \/>\n<meta property=\"product:retailer_item_id\" content=\"COMPUKLIN 454ML\" \/>\n<meta property=\"product:condition\" content=\"new\" \/>\n<!-- \/ Yoast SEO plugin. -->","yoast_head_json":{"title":"[ Silimex ] &#129351; Compuklin 454ml Aerosol Compuklin Limpiador Desengrasante De Tarjetas Electronicas 454 Ml","description":"Compra Compuklin 454ml Aerosol Compuklin Limpiador Desengrasante De Tarjetas Electronicas 454 Ml + Env\u00edo a domicilio + Pago seguro + Garant\u00eda","robots":{"index":"index","follow":"follow","max-snippet":"max-snippet:-1","max-image-preview":"max-image-preview:large","max-video-preview":"max-video-preview:-1"},"canonical":"https:\/\/compuviper.mx\/tienda\/producto\/silimex-compuklin-454ml-aerosol-compuklin-limpiador-desengrasante-de-tarjetas-electronicas-454-ml\/","og_locale":"es_MX","og_type":"article","og_title":"[ Silimex ] &#129351; Compuklin 454ml Aerosol Compuklin Limpiador Desengrasante De Tarjetas Electronicas 454 Ml","og_description":"Compra Compuklin 454ml Aerosol Compuklin Limpiador Desengrasante De Tarjetas Electronicas 454 Ml + Env\u00edo a domicilio + Pago seguro + Garant\u00eda","og_url":"https:\/\/compuviper.mx\/tienda\/producto\/silimex-compuklin-454ml-aerosol-compuklin-limpiador-desengrasante-de-tarjetas-electronicas-454-ml\/","og_site_name":"Compuviper","article_publisher":"https:\/\/www.facebook.com\/compuviper","og_image":[{"width":200,"height":200,"url":"https:\/\/compuviper.mx\/tienda\/wp-content\/uploads\/2023\/12\/Silimex-compuklin-limpiador-de-circuitos-y-tarjetas-454-ml-desengrasante-en-aerosol-dielectrico.jpg","type":"image\/jpeg"}],"twitter_card":"summary_large_image","twitter_misc":{"Precio":"&#36;180 con IVA","Availability":"In stock"},"schema":{"@context":"https:\/\/schema.org","@graph":[{"@type":"WebPage","@id":"https:\/\/compuviper.mx\/tienda\/producto\/silimex-compuklin-454ml-aerosol-compuklin-limpiador-desengrasante-de-tarjetas-electronicas-454-ml\/","url":"https:\/\/compuviper.mx\/tienda\/producto\/silimex-compuklin-454ml-aerosol-compuklin-limpiador-desengrasante-de-tarjetas-electronicas-454-ml\/","name":"[ Silimex ] &#129351; Compuklin 454ml Aerosol Compuklin Limpiador Desengrasante De Tarjetas Electronicas 454 Ml","isPartOf":{"@id":"https:\/\/compuviper.mx\/tienda\/#website"},"datePublished":"2026-04-08T05:53:38+00:00","dateModified":"2026-04-08T05:53:38+00:00","description":"Compra Compuklin 454ml Aerosol Compuklin Limpiador Desengrasante De Tarjetas Electronicas 454 Ml + Env\u00edo a domicilio + Pago seguro + Garant\u00eda","breadcrumb":{"@id":"https:\/\/compuviper.mx\/tienda\/producto\/silimex-compuklin-454ml-aerosol-compuklin-limpiador-desengrasante-de-tarjetas-electronicas-454-ml\/#breadcrumb"},"inLanguage":"es-MX","potentialAction":[{"@type":"ReadAction","target":["https:\/\/compuviper.mx\/tienda\/producto\/silimex-compuklin-454ml-aerosol-compuklin-limpiador-desengrasante-de-tarjetas-electronicas-454-ml\/"]}]},{"@type":"BreadcrumbList","@id":"https:\/\/compuviper.mx\/tienda\/producto\/silimex-compuklin-454ml-aerosol-compuklin-limpiador-desengrasante-de-tarjetas-electronicas-454-ml\/#breadcrumb","itemListElement":[{"@type":"ListItem","position":1,"name":"Inicio","item":"https:\/\/compuviper.mx\/tienda\/"},{"@type":"ListItem","position":2,"name":"Productos","item":"https:\/\/compuviper.mx\/tienda\/productos\/"},{"@type":"ListItem","position":3,"name":"Productos De Limpieza","item":"https:\/\/compuviper.mx\/tienda\/categoria-producto\/productos-de-limpieza\/"},{"@type":"ListItem","position":4,"name":"Limpiadores De Tarjetas Electronicas","item":"https:\/\/compuviper.mx\/tienda\/categoria-producto\/productos-de-limpieza\/limpiadores-de-tarjetas-electronicas\/"},{"@type":"ListItem","position":5,"name":"Silimex Compuklin 454ml Aerosol Compuklin Limpiador Desengrasante De Tarjetas Electronicas 454 Ml"}]},{"@type":"WebSite","@id":"https:\/\/compuviper.mx\/tienda\/#website","url":"https:\/\/compuviper.mx\/tienda\/","name":"Compuviper","description":"Proveedor de Computadoras, Laptops, Servidores, Monitores, Puntos de Venta, Teclados,   Impresoras, T\u00f3ner, C\u00e1maras de Seguridad y m\u00e1s en tu tienda en l\u00ednea","publisher":{"@id":"https:\/\/compuviper.mx\/tienda\/#organization"},"potentialAction":[{"@type":"SearchAction","target":{"@type":"EntryPoint","urlTemplate":"https:\/\/compuviper.mx\/tienda\/?s={search_term_string}"},"query-input":"required name=search_term_string"}],"inLanguage":"es-MX"},{"@type":"Organization","@id":"https:\/\/compuviper.mx\/tienda\/#organization","name":"Compuviper","url":"https:\/\/compuviper.mx\/tienda\/","logo":{"@type":"ImageObject","inLanguage":"es-MX","@id":"https:\/\/compuviper.mx\/tienda\/#\/schema\/logo\/image\/","url":"https:\/\/compuviper.mx\/tienda\/wp-content\/uploads\/2021\/08\/Logo-Compuviper-10.png","contentUrl":"https:\/\/compuviper.mx\/tienda\/wp-content\/uploads\/2021\/08\/Logo-Compuviper-10.png","width":1000,"height":500,"caption":"Compuviper"},"image":{"@id":"https:\/\/compuviper.mx\/tienda\/#\/schema\/logo\/image\/"},"sameAs":["https:\/\/www.facebook.com\/compuviper","https:\/\/www.youtube.com\/channel\/UCf73dERp9Y3cfOq7q8BhLjA?view_as=subscriber"]}]},"product_brand":"SILIMEX","product_price_amount":"180","product_price_currency":"MXN","og_availability":"instock","product_availability":"instock","product_retailer_item_id":"COMPUKLIN 454ML","product_condition":"new"},"_links":{"self":[{"href":"https:\/\/compuviper.mx\/tienda\/wp-json\/wp\/v2\/product\/215094"}],"collection":[{"href":"https:\/\/compuviper.mx\/tienda\/wp-json\/wp\/v2\/product"}],"about":[{"href":"https:\/\/compuviper.mx\/tienda\/wp-json\/wp\/v2\/types\/product"}],"replies":[{"embeddable":true,"href":"https:\/\/compuviper.mx\/tienda\/wp-json\/wp\/v2\/comments?post=215094"}],"wp:featuredmedia":[{"embeddable":true,"href":"https:\/\/compuviper.mx\/tienda\/wp-json\/wp\/v2\/media\/215095"}],"wp:attachment":[{"href":"https:\/\/compuviper.mx\/tienda\/wp-json\/wp\/v2\/media?parent=215094"}],"wp:term":[{"taxonomy":"product_cat","embeddable":true,"href":"https:\/\/compuviper.mx\/tienda\/wp-json\/wp\/v2\/product_cat?post=215094"},{"taxonomy":"product_tag","embeddable":true,"href":"https:\/\/compuviper.mx\/tienda\/wp-json\/wp\/v2\/product_tag?post=215094"}],"curies":[{"name":"wp","href":"https:\/\/api.w.org\/{rel}","templated":true}]}}