{"id":215016,"date":"2026-04-13T23:54:09","date_gmt":"2026-04-14T05:54:09","guid":{"rendered":"https:\/\/compuviper.mx\/tienda\/producto\/hewlett-packard-enterprise-q2046a-cartucho-de-disco-hp-rdx-de-2-tb-extraible\/"},"modified":"2026-04-13T23:54:09","modified_gmt":"2026-04-14T05:54:09","slug":"hewlett-packard-enterprise-q2046a-cartucho-de-disco-hp-rdx-de-2-tb-extraible","status":"publish","type":"product","link":"https:\/\/compuviper.mx\/tienda\/producto\/hewlett-packard-enterprise-q2046a-cartucho-de-disco-hp-rdx-de-2-tb-extraible\/","title":{"rendered":"Hewlett Packard Enterprise Q2046a Cartucho De Disco Hp Rdx De 2 Tb Extraible"},"content":{"rendered":"<table class=\"descripcion\">\n<tr>\n<td>Capacidad<\/td>\n<\/tr>\n<tr>\n<td>\u0095 2 tb brutos<\/td>\n<\/tr>\n<tr>\n<td>\u0095 4 tb con compresi\u00f3n 2:1<\/td>\n<\/tr>\n<tr>\n<td>Tasa de transferencia<\/td>\n<\/tr>\n<tr>\n<td>\u0095 100 mb\/s<\/td>\n<\/tr>\n<tr>\n<td>\u0095 nativo sostenido<\/td>\n<\/tr>\n<tr>\n<td>\u0095 200 mb\/s<\/td>\n<\/tr>\n<tr>\n<td>\u0095 comprimido sostenido 2:1<\/td>\n<\/tr>\n<tr>\n<td>Tiempo de acceso a datos<\/td>\n<\/tr>\n<tr>\n<td>\u0095 12 milisegundos<\/td>\n<\/tr>\n<tr>\n<td>Sistemas de archivos, admitidos<\/td>\n<\/tr>\n<tr>\n<td>\u0095 fat32, ntfs, ext2, ext3<\/td>\n<\/tr>\n<tr>\n<td>Ciclos de carga\/descarga<\/td>\n<\/tr>\n<tr>\n<td>\u0095 5000<\/td>\n<\/tr>\n<tr>\n<td>\u0095 m\u00ednimo<\/td>\n<\/tr>\n<tr>\n<td>Tiempo medio entre fallos<\/td>\n<\/tr>\n<tr>\n<td>\u0095 500.000 horas con un ciclo de servicio del 100%<\/td>\n<\/tr>\n<tr>\n<td>Tasa de errores sin corregir<\/td>\n<\/tr>\n<tr>\n<td>\u0095 1 error por cada 10^14 bits le\u00eddos<\/td>\n<\/tr>\n<tr>\n<td>Velocidad de la unidad de disco duro<\/td>\n<\/tr>\n<tr>\n<td>\u0095 5.400 rpm<\/td>\n<\/tr>\n<tr>\n<td>Robustez del cartucho<\/td>\n<\/tr>\n<tr>\n<td>\u0095 rdx 320gb, rdx 500gb, rdx 1tb, rdx 2tb: 1 m, 39,4 pulgadas (3 pies) de ca\u00edda sobre suelo de cemento<\/td>\n<\/tr>\n<tr>\n<td>Factor de forma<\/td>\n<\/tr>\n<tr>\n<td>\u0095 2,5 pulgadas<\/td>\n<\/tr>\n<tr>\n<td>Compatibilidad con unidades<\/td>\n<\/tr>\n<tr>\n<td>\u0095 soportes de almacenamiento hp<\/td>\n<\/tr>\n<tr>\n<td>Url de compatibilidad con unidades<\/td>\n<\/tr>\n<tr>\n<td>\u0095 http:\/\/www.hptapecompat.com\/<\/td>\n<\/tr>\n<tr>\n<td>Indicadores led<\/td>\n<\/tr>\n<tr>\n<td>\u0095 verde: el cartucho est\u00e1 listo<\/td>\n<\/tr>\n<tr>\n<td>\u0095 verde intermitente: actividad (lectura, escritura, b\u00fasqueda)<\/td>\n<\/tr>\n<tr>\n<td>\u0095 \u00e1mbar: se ha detectado un error<\/td>\n<\/tr>\n<tr>\n<td>Vibraci\u00f3n<\/td>\n<\/tr>\n<tr>\n<td>\u0095 vibraciones sino 0,25 g m\u00e1x., 3-200 hz (funcionamiento), vibraciones aleatorias 1,54 g rms (no funcionamiento)<\/td>\n<\/tr>\n<tr>\n<td>Contenido de la caja<\/td>\n<\/tr>\n<tr>\n<td>\u0095 cartucho de disco rdx de 2 tb<\/td>\n<\/tr>\n<\/table>\n","protected":false},"excerpt":{"rendered":"<p>El rendimiento r\u00e1pido basado en disco permite almacenar 320 gb, 500 gb, 1 tb o 2 tb de datos en un solo cartucho de disco extra\u00edble, a velocidades de hasta 360 gb\/h. Los cartuchos de disco extra\u00edble de larga duraci\u00f3n y la estaci\u00f3n base rdx compatible con versiones anteriores y posteriores reducen el coste de propiedad. Cuando se usa conjuntamente con un sistema de copia de seguridad hp rdx, la soluci\u00f3n se integra perfectamente con el software hp continuous data protection, proporcionando una protecci\u00f3n completa de los datos y permitiendo el almacenamiento sencillo y seguro fuera de la empresa.<\/p>\n","protected":false},"featured_media":215017,"comment_status":"open","ping_status":"open","template":"","meta":[],"product_cat":[1622,1634],"product_tag":[1568],"acf":[],"yoast_head":"<!-- This site is optimized with the Yoast SEO plugin v21.7 - https:\/\/yoast.com\/wordpress\/plugins\/seo\/ -->\n<title>[ Hewlett Packard Enterprise ] &#129351; Q2046a Cartucho De Disco Hp Rdx De 2 Tb Extraible<\/title>\n<meta name=\"description\" content=\"Compra Q2046a Cartucho De Disco Hp Rdx De 2 Tb Extraible + Env\u00edo a domicilio + Pago seguro + Garant\u00eda\" \/>\n<meta name=\"robots\" content=\"index, follow, max-snippet:-1, max-image-preview:large, max-video-preview:-1\" \/>\n<link rel=\"canonical\" href=\"https:\/\/compuviper.mx\/tienda\/producto\/hewlett-packard-enterprise-q2046a-cartucho-de-disco-hp-rdx-de-2-tb-extraible\/\" \/>\n<meta property=\"og:locale\" content=\"es_MX\" \/>\n<meta property=\"og:type\" content=\"article\" \/>\n<meta property=\"og:title\" content=\"[ Hewlett Packard Enterprise ] &#129351; Q2046a Cartucho De Disco Hp Rdx De 2 Tb Extraible\" \/>\n<meta property=\"og:description\" content=\"Compra Q2046a Cartucho De Disco Hp Rdx De 2 Tb Extraible + Env\u00edo a domicilio + Pago seguro + Garant\u00eda\" \/>\n<meta property=\"og:url\" content=\"https:\/\/compuviper.mx\/tienda\/producto\/hewlett-packard-enterprise-q2046a-cartucho-de-disco-hp-rdx-de-2-tb-extraible\/\" \/>\n<meta property=\"og:site_name\" content=\"Compuviper\" \/>\n<meta property=\"article:publisher\" content=\"https:\/\/www.facebook.com\/compuviper\" \/>\n<meta property=\"og:image\" content=\"https:\/\/compuviper.mx\/tienda\/wp-content\/uploads\/2023\/12\/Cartucho-de-disco-hp-rdx-de-2-tb-extraible.jpg\" \/>\n\t<meta property=\"og:image:width\" content=\"200\" \/>\n\t<meta property=\"og:image:height\" content=\"200\" \/>\n\t<meta property=\"og:image:type\" content=\"image\/jpeg\" \/>\n<meta name=\"twitter:card\" content=\"summary_large_image\" \/>\n<meta name=\"twitter:label1\" content=\"Precio\" \/>\n\t<meta name=\"twitter:data1\" content=\"&#36;4,160 con IVA\" \/>\n\t<meta name=\"twitter:label2\" content=\"Availability\" \/>\n\t<meta name=\"twitter:data2\" content=\"On backorder\" \/>\n<script type=\"application\/ld+json\" class=\"yoast-schema-graph\">{\"@context\":\"https:\/\/schema.org\",\"@graph\":[{\"@type\":\"WebPage\",\"@id\":\"https:\/\/compuviper.mx\/tienda\/producto\/hewlett-packard-enterprise-q2046a-cartucho-de-disco-hp-rdx-de-2-tb-extraible\/\",\"url\":\"https:\/\/compuviper.mx\/tienda\/producto\/hewlett-packard-enterprise-q2046a-cartucho-de-disco-hp-rdx-de-2-tb-extraible\/\",\"name\":\"[ Hewlett Packard Enterprise ] &#129351; Q2046a Cartucho De Disco Hp Rdx De 2 Tb Extraible\",\"isPartOf\":{\"@id\":\"https:\/\/compuviper.mx\/tienda\/#website\"},\"datePublished\":\"2026-04-14T05:54:09+00:00\",\"dateModified\":\"2026-04-14T05:54:09+00:00\",\"description\":\"Compra Q2046a Cartucho De Disco Hp Rdx De 2 Tb Extraible + Env\u00edo a domicilio + Pago seguro + Garant\u00eda\",\"breadcrumb\":{\"@id\":\"https:\/\/compuviper.mx\/tienda\/producto\/hewlett-packard-enterprise-q2046a-cartucho-de-disco-hp-rdx-de-2-tb-extraible\/#breadcrumb\"},\"inLanguage\":\"es-MX\",\"potentialAction\":[{\"@type\":\"ReadAction\",\"target\":[\"https:\/\/compuviper.mx\/tienda\/producto\/hewlett-packard-enterprise-q2046a-cartucho-de-disco-hp-rdx-de-2-tb-extraible\/\"]}]},{\"@type\":\"BreadcrumbList\",\"@id\":\"https:\/\/compuviper.mx\/tienda\/producto\/hewlett-packard-enterprise-q2046a-cartucho-de-disco-hp-rdx-de-2-tb-extraible\/#breadcrumb\",\"itemListElement\":[{\"@type\":\"ListItem\",\"position\":1,\"name\":\"Inicio\",\"item\":\"https:\/\/compuviper.mx\/tienda\/\"},{\"@type\":\"ListItem\",\"position\":2,\"name\":\"Productos\",\"item\":\"https:\/\/compuviper.mx\/tienda\/productos\/\"},{\"@type\":\"ListItem\",\"position\":3,\"name\":\"Consumibles\",\"item\":\"https:\/\/compuviper.mx\/tienda\/categoria-producto\/consumibles\/\"},{\"@type\":\"ListItem\",\"position\":4,\"name\":\"Cartucho De Disco Extraible\",\"item\":\"https:\/\/compuviper.mx\/tienda\/categoria-producto\/consumibles\/cartucho-de-disco-extraible\/\"},{\"@type\":\"ListItem\",\"position\":5,\"name\":\"Hewlett Packard Enterprise Q2046a Cartucho De Disco Hp Rdx De 2 Tb Extraible\"}]},{\"@type\":\"WebSite\",\"@id\":\"https:\/\/compuviper.mx\/tienda\/#website\",\"url\":\"https:\/\/compuviper.mx\/tienda\/\",\"name\":\"Compuviper\",\"description\":\"Proveedor de Computadoras, Laptops, Servidores, Monitores, Puntos de Venta, Teclados,   Impresoras, T\u00f3ner, C\u00e1maras de Seguridad y m\u00e1s en tu tienda en l\u00ednea\",\"publisher\":{\"@id\":\"https:\/\/compuviper.mx\/tienda\/#organization\"},\"potentialAction\":[{\"@type\":\"SearchAction\",\"target\":{\"@type\":\"EntryPoint\",\"urlTemplate\":\"https:\/\/compuviper.mx\/tienda\/?s={search_term_string}\"},\"query-input\":\"required name=search_term_string\"}],\"inLanguage\":\"es-MX\"},{\"@type\":\"Organization\",\"@id\":\"https:\/\/compuviper.mx\/tienda\/#organization\",\"name\":\"Compuviper\",\"url\":\"https:\/\/compuviper.mx\/tienda\/\",\"logo\":{\"@type\":\"ImageObject\",\"inLanguage\":\"es-MX\",\"@id\":\"https:\/\/compuviper.mx\/tienda\/#\/schema\/logo\/image\/\",\"url\":\"https:\/\/compuviper.mx\/tienda\/wp-content\/uploads\/2021\/08\/Logo-Compuviper-10.png\",\"contentUrl\":\"https:\/\/compuviper.mx\/tienda\/wp-content\/uploads\/2021\/08\/Logo-Compuviper-10.png\",\"width\":1000,\"height\":500,\"caption\":\"Compuviper\"},\"image\":{\"@id\":\"https:\/\/compuviper.mx\/tienda\/#\/schema\/logo\/image\/\"},\"sameAs\":[\"https:\/\/www.facebook.com\/compuviper\",\"https:\/\/www.youtube.com\/channel\/UCf73dERp9Y3cfOq7q8BhLjA?view_as=subscriber\"]}]}<\/script>\n<meta property=\"product:brand\" content=\"HEWLETT PACKARD ENTERPRISE\" \/>\n<meta property=\"product:price:amount\" content=\"4160\" \/>\n<meta property=\"product:price:currency\" content=\"MXN\" \/>\n<meta property=\"og:availability\" content=\"backorder\" \/>\n<meta property=\"product:availability\" content=\"available for order\" \/>\n<meta property=\"product:retailer_item_id\" content=\"Q2046A\" \/>\n<meta property=\"product:condition\" content=\"new\" \/>\n<!-- \/ Yoast SEO plugin. -->","yoast_head_json":{"title":"[ Hewlett Packard Enterprise ] &#129351; Q2046a Cartucho De Disco Hp Rdx De 2 Tb Extraible","description":"Compra Q2046a Cartucho De Disco Hp Rdx De 2 Tb Extraible + Env\u00edo a domicilio + Pago seguro + Garant\u00eda","robots":{"index":"index","follow":"follow","max-snippet":"max-snippet:-1","max-image-preview":"max-image-preview:large","max-video-preview":"max-video-preview:-1"},"canonical":"https:\/\/compuviper.mx\/tienda\/producto\/hewlett-packard-enterprise-q2046a-cartucho-de-disco-hp-rdx-de-2-tb-extraible\/","og_locale":"es_MX","og_type":"article","og_title":"[ Hewlett Packard Enterprise ] &#129351; Q2046a Cartucho De Disco Hp Rdx De 2 Tb Extraible","og_description":"Compra Q2046a Cartucho De Disco Hp Rdx De 2 Tb Extraible + Env\u00edo a domicilio + Pago seguro + Garant\u00eda","og_url":"https:\/\/compuviper.mx\/tienda\/producto\/hewlett-packard-enterprise-q2046a-cartucho-de-disco-hp-rdx-de-2-tb-extraible\/","og_site_name":"Compuviper","article_publisher":"https:\/\/www.facebook.com\/compuviper","og_image":[{"width":200,"height":200,"url":"https:\/\/compuviper.mx\/tienda\/wp-content\/uploads\/2023\/12\/Cartucho-de-disco-hp-rdx-de-2-tb-extraible.jpg","type":"image\/jpeg"}],"twitter_card":"summary_large_image","twitter_misc":{"Precio":"&#36;4,160 con IVA","Availability":"On backorder"},"schema":{"@context":"https:\/\/schema.org","@graph":[{"@type":"WebPage","@id":"https:\/\/compuviper.mx\/tienda\/producto\/hewlett-packard-enterprise-q2046a-cartucho-de-disco-hp-rdx-de-2-tb-extraible\/","url":"https:\/\/compuviper.mx\/tienda\/producto\/hewlett-packard-enterprise-q2046a-cartucho-de-disco-hp-rdx-de-2-tb-extraible\/","name":"[ Hewlett Packard Enterprise ] &#129351; Q2046a Cartucho De Disco Hp Rdx De 2 Tb Extraible","isPartOf":{"@id":"https:\/\/compuviper.mx\/tienda\/#website"},"datePublished":"2026-04-14T05:54:09+00:00","dateModified":"2026-04-14T05:54:09+00:00","description":"Compra Q2046a Cartucho De Disco Hp Rdx De 2 Tb Extraible + Env\u00edo a domicilio + Pago seguro + Garant\u00eda","breadcrumb":{"@id":"https:\/\/compuviper.mx\/tienda\/producto\/hewlett-packard-enterprise-q2046a-cartucho-de-disco-hp-rdx-de-2-tb-extraible\/#breadcrumb"},"inLanguage":"es-MX","potentialAction":[{"@type":"ReadAction","target":["https:\/\/compuviper.mx\/tienda\/producto\/hewlett-packard-enterprise-q2046a-cartucho-de-disco-hp-rdx-de-2-tb-extraible\/"]}]},{"@type":"BreadcrumbList","@id":"https:\/\/compuviper.mx\/tienda\/producto\/hewlett-packard-enterprise-q2046a-cartucho-de-disco-hp-rdx-de-2-tb-extraible\/#breadcrumb","itemListElement":[{"@type":"ListItem","position":1,"name":"Inicio","item":"https:\/\/compuviper.mx\/tienda\/"},{"@type":"ListItem","position":2,"name":"Productos","item":"https:\/\/compuviper.mx\/tienda\/productos\/"},{"@type":"ListItem","position":3,"name":"Consumibles","item":"https:\/\/compuviper.mx\/tienda\/categoria-producto\/consumibles\/"},{"@type":"ListItem","position":4,"name":"Cartucho De Disco Extraible","item":"https:\/\/compuviper.mx\/tienda\/categoria-producto\/consumibles\/cartucho-de-disco-extraible\/"},{"@type":"ListItem","position":5,"name":"Hewlett Packard Enterprise Q2046a Cartucho De Disco Hp Rdx De 2 Tb Extraible"}]},{"@type":"WebSite","@id":"https:\/\/compuviper.mx\/tienda\/#website","url":"https:\/\/compuviper.mx\/tienda\/","name":"Compuviper","description":"Proveedor de Computadoras, Laptops, Servidores, Monitores, Puntos de Venta, Teclados,   Impresoras, T\u00f3ner, C\u00e1maras de Seguridad y m\u00e1s en tu tienda en l\u00ednea","publisher":{"@id":"https:\/\/compuviper.mx\/tienda\/#organization"},"potentialAction":[{"@type":"SearchAction","target":{"@type":"EntryPoint","urlTemplate":"https:\/\/compuviper.mx\/tienda\/?s={search_term_string}"},"query-input":"required name=search_term_string"}],"inLanguage":"es-MX"},{"@type":"Organization","@id":"https:\/\/compuviper.mx\/tienda\/#organization","name":"Compuviper","url":"https:\/\/compuviper.mx\/tienda\/","logo":{"@type":"ImageObject","inLanguage":"es-MX","@id":"https:\/\/compuviper.mx\/tienda\/#\/schema\/logo\/image\/","url":"https:\/\/compuviper.mx\/tienda\/wp-content\/uploads\/2021\/08\/Logo-Compuviper-10.png","contentUrl":"https:\/\/compuviper.mx\/tienda\/wp-content\/uploads\/2021\/08\/Logo-Compuviper-10.png","width":1000,"height":500,"caption":"Compuviper"},"image":{"@id":"https:\/\/compuviper.mx\/tienda\/#\/schema\/logo\/image\/"},"sameAs":["https:\/\/www.facebook.com\/compuviper","https:\/\/www.youtube.com\/channel\/UCf73dERp9Y3cfOq7q8BhLjA?view_as=subscriber"]}]},"product_brand":"HEWLETT PACKARD ENTERPRISE","product_price_amount":"4160","product_price_currency":"MXN","og_availability":"backorder","product_availability":"available for order","product_retailer_item_id":"Q2046A","product_condition":"new"},"_links":{"self":[{"href":"https:\/\/compuviper.mx\/tienda\/wp-json\/wp\/v2\/product\/215016"}],"collection":[{"href":"https:\/\/compuviper.mx\/tienda\/wp-json\/wp\/v2\/product"}],"about":[{"href":"https:\/\/compuviper.mx\/tienda\/wp-json\/wp\/v2\/types\/product"}],"replies":[{"embeddable":true,"href":"https:\/\/compuviper.mx\/tienda\/wp-json\/wp\/v2\/comments?post=215016"}],"wp:featuredmedia":[{"embeddable":true,"href":"https:\/\/compuviper.mx\/tienda\/wp-json\/wp\/v2\/media\/215017"}],"wp:attachment":[{"href":"https:\/\/compuviper.mx\/tienda\/wp-json\/wp\/v2\/media?parent=215016"}],"wp:term":[{"taxonomy":"product_cat","embeddable":true,"href":"https:\/\/compuviper.mx\/tienda\/wp-json\/wp\/v2\/product_cat?post=215016"},{"taxonomy":"product_tag","embeddable":true,"href":"https:\/\/compuviper.mx\/tienda\/wp-json\/wp\/v2\/product_tag?post=215016"}],"curies":[{"name":"wp","href":"https:\/\/api.w.org\/{rel}","templated":true}]}}