{"id":214994,"date":"2026-04-16T23:53:20","date_gmt":"2026-04-17T05:53:20","guid":{"rendered":"https:\/\/compuviper.mx\/tienda\/producto\/lexmark-64g0h00-toner-laser-color-negro-alto-rendimiento-hasta-32500-paginas-5-de-cobertura-p-modelos-mx910de-mx912dxe-mx911dte\/"},"modified":"2026-04-16T23:53:20","modified_gmt":"2026-04-17T05:53:20","slug":"lexmark-64g0h00-toner-laser-negro-alto-rendimiento-hasta-32500-paginas-para-modelos-mx910de-mx912dxe-mx911dte","status":"publish","type":"product","link":"https:\/\/compuviper.mx\/tienda\/producto\/lexmark-64g0h00-toner-laser-negro-alto-rendimiento-hasta-32500-paginas-para-modelos-mx910de-mx912dxe-mx911dte\/","title":{"rendered":"Lexmark 64g0h00 Toner Laser   Negro, Alto Rendimiento Hasta 32500 Paginas, Para Modelos Mx910de, Mx912dxe, Mx911dte"},"content":{"rendered":"<table class=\"descripcion\">\n<tr>\n<td>Tecnologia de impresion<\/td>\n<\/tr>\n<tr>\n<td>Laser monocromo<\/td>\n<\/tr>\n<tr>\n<td>Rendimiento promedio del cartucho en uso continuo, impresion simple lado<\/td>\n<\/tr>\n<tr>\n<td>32.500 p\u00e1ginas estandar valor de rendimiento declarado de acuerdo con iso\/iec 19752.<\/td>\n<\/tr>\n<tr>\n<td>Vida util en almacenaje<\/td>\n<\/tr>\n<tr>\n<td>2 a\u00f1os<\/td>\n<\/tr>\n<tr>\n<td>Tama\u00f1o con empaque (alto x ancho x profundo en mm)<\/td>\n<\/tr>\n<tr>\n<td>86 x 76 x 498 mm<\/td>\n<\/tr>\n<tr>\n<td>Peso con empaque (kg)<\/td>\n<\/tr>\n<tr>\n<td>0.7 kg<\/td>\n<\/tr>\n<tr>\n<td>Programa de recoleccion de cartuchos de lexmark<\/td>\n<\/tr>\n<tr>\n<td>Yes<\/td>\n<\/tr>\n<tr>\n<td>Pa\u00eds de origen<\/td>\n<\/tr>\n<tr>\n<td>Japon<\/td>\n<\/tr>\n<tr>\n<td>Codigo unspsc<\/td>\n<\/tr>\n<tr>\n<td>44103103<\/td>\n<\/tr>\n<\/table>\n","protected":false},"excerpt":{"rendered":"<p>D\u00e9 una impresion profesional. Utilice consumibles lexmark originales para los mejores resultados lexmark. Tecnologia de impresion. Laser monocromo. Rendimiento promedio del cartucho en uso continuo, impresion simple lado. 32.500 p\u00e1ginas estandar valor de rendimiento declarado de acuerdo con iso\/iec 19752. Vida util en almacenaje. 2 a\u00f1os. Tama\u00f1o con empaque (alto x ancho x profundo en mm. 86 x 76 x 498 mm. Peso con empaque (kg. 0.7 kg. Programa de recoleccion de cartuchos de lexmark. Yes. Pa\u00eds de origen. Japon. Codigo unspsc. 44103103<\/p>\n","protected":false},"featured_media":214995,"comment_status":"open","ping_status":"open","template":"","meta":[],"product_cat":[1622,1632],"product_tag":[1630],"acf":[],"yoast_head":"<!-- This site is optimized with the Yoast SEO plugin v21.7 - https:\/\/yoast.com\/wordpress\/plugins\/seo\/ -->\n<title>[ Lexmark ] &#129351; 64g0h00 Toner Laser Negro, Alto Rendimiento Hasta 32500 Paginas, Para Modelos Mx910de, Mx912dxe, Mx911dte<\/title>\n<meta name=\"description\" content=\"Compra 64g0h00 Toner Laser Negro, Alto Rendimiento Hasta 32500 Paginas, Para Modelos Mx910de, Mx912dxe, Mx911dte + Env\u00edo a domicilio + Pago seguro + Garant\u00eda\" \/>\n<meta name=\"robots\" content=\"index, follow, max-snippet:-1, max-image-preview:large, max-video-preview:-1\" \/>\n<link rel=\"canonical\" href=\"https:\/\/compuviper.mx\/tienda\/producto\/lexmark-64g0h00-toner-laser-negro-alto-rendimiento-hasta-32500-paginas-para-modelos-mx910de-mx912dxe-mx911dte\/\" \/>\n<meta property=\"og:locale\" content=\"es_MX\" \/>\n<meta property=\"og:type\" content=\"article\" \/>\n<meta property=\"og:title\" content=\"[ Lexmark ] &#129351; 64g0h00 Toner Laser Negro, Alto Rendimiento Hasta 32500 Paginas, Para Modelos Mx910de, Mx912dxe, Mx911dte\" \/>\n<meta property=\"og:description\" content=\"Compra 64g0h00 Toner Laser Negro, Alto Rendimiento Hasta 32500 Paginas, Para Modelos Mx910de, Mx912dxe, Mx911dte + Env\u00edo a domicilio + Pago seguro + Garant\u00eda\" \/>\n<meta property=\"og:url\" content=\"https:\/\/compuviper.mx\/tienda\/producto\/lexmark-64g0h00-toner-laser-negro-alto-rendimiento-hasta-32500-paginas-para-modelos-mx910de-mx912dxe-mx911dte\/\" \/>\n<meta property=\"og:site_name\" content=\"Compuviper\" \/>\n<meta property=\"article:publisher\" content=\"https:\/\/www.facebook.com\/compuviper\" \/>\n<meta property=\"og:image\" content=\"https:\/\/compuviper.mx\/tienda\/wp-content\/uploads\/2023\/12\/Toner-laser-lexmark-color-negro-alto-rendimiento-64g0h00-hasta-32500-paginas-5-de-cobertura-pmodelos-mx910de-mx912dxe-mx911dte.jpg\" \/>\n\t<meta property=\"og:image:width\" content=\"200\" \/>\n\t<meta property=\"og:image:height\" content=\"200\" \/>\n\t<meta property=\"og:image:type\" content=\"image\/jpeg\" \/>\n<meta name=\"twitter:card\" content=\"summary_large_image\" \/>\n<meta name=\"twitter:label1\" content=\"Precio\" \/>\n\t<meta name=\"twitter:data1\" content=\"&#36;3,275 con IVA\" \/>\n\t<meta name=\"twitter:label2\" content=\"Availability\" \/>\n\t<meta name=\"twitter:data2\" content=\"Out of stock\" \/>\n<script type=\"application\/ld+json\" class=\"yoast-schema-graph\">{\"@context\":\"https:\/\/schema.org\",\"@graph\":[{\"@type\":\"WebPage\",\"@id\":\"https:\/\/compuviper.mx\/tienda\/producto\/lexmark-64g0h00-toner-laser-negro-alto-rendimiento-hasta-32500-paginas-para-modelos-mx910de-mx912dxe-mx911dte\/\",\"url\":\"https:\/\/compuviper.mx\/tienda\/producto\/lexmark-64g0h00-toner-laser-negro-alto-rendimiento-hasta-32500-paginas-para-modelos-mx910de-mx912dxe-mx911dte\/\",\"name\":\"[ Lexmark ] &#129351; 64g0h00 Toner Laser Negro, Alto Rendimiento Hasta 32500 Paginas, Para Modelos Mx910de, Mx912dxe, Mx911dte\",\"isPartOf\":{\"@id\":\"https:\/\/compuviper.mx\/tienda\/#website\"},\"datePublished\":\"2026-04-17T05:53:20+00:00\",\"dateModified\":\"2026-04-17T05:53:20+00:00\",\"description\":\"Compra 64g0h00 Toner Laser Negro, Alto Rendimiento Hasta 32500 Paginas, Para Modelos Mx910de, Mx912dxe, Mx911dte + Env\u00edo a domicilio + Pago seguro + Garant\u00eda\",\"breadcrumb\":{\"@id\":\"https:\/\/compuviper.mx\/tienda\/producto\/lexmark-64g0h00-toner-laser-negro-alto-rendimiento-hasta-32500-paginas-para-modelos-mx910de-mx912dxe-mx911dte\/#breadcrumb\"},\"inLanguage\":\"es-MX\",\"potentialAction\":[{\"@type\":\"ReadAction\",\"target\":[\"https:\/\/compuviper.mx\/tienda\/producto\/lexmark-64g0h00-toner-laser-negro-alto-rendimiento-hasta-32500-paginas-para-modelos-mx910de-mx912dxe-mx911dte\/\"]}]},{\"@type\":\"BreadcrumbList\",\"@id\":\"https:\/\/compuviper.mx\/tienda\/producto\/lexmark-64g0h00-toner-laser-negro-alto-rendimiento-hasta-32500-paginas-para-modelos-mx910de-mx912dxe-mx911dte\/#breadcrumb\",\"itemListElement\":[{\"@type\":\"ListItem\",\"position\":1,\"name\":\"Inicio\",\"item\":\"https:\/\/compuviper.mx\/tienda\/\"},{\"@type\":\"ListItem\",\"position\":2,\"name\":\"Productos\",\"item\":\"https:\/\/compuviper.mx\/tienda\/productos\/\"},{\"@type\":\"ListItem\",\"position\":3,\"name\":\"Consumibles\",\"item\":\"https:\/\/compuviper.mx\/tienda\/categoria-producto\/consumibles\/\"},{\"@type\":\"ListItem\",\"position\":4,\"name\":\"Toner\",\"item\":\"https:\/\/compuviper.mx\/tienda\/categoria-producto\/consumibles\/toner\/\"},{\"@type\":\"ListItem\",\"position\":5,\"name\":\"Lexmark 64g0h00 Toner Laser Negro, Alto Rendimiento Hasta 32500 Paginas, Para Modelos Mx910de, Mx912dxe, Mx911dte\"}]},{\"@type\":\"WebSite\",\"@id\":\"https:\/\/compuviper.mx\/tienda\/#website\",\"url\":\"https:\/\/compuviper.mx\/tienda\/\",\"name\":\"Compuviper\",\"description\":\"Proveedor de Computadoras, Laptops, Servidores, Monitores, Puntos de Venta, Teclados,   Impresoras, T\u00f3ner, C\u00e1maras de Seguridad y m\u00e1s en tu tienda en l\u00ednea\",\"publisher\":{\"@id\":\"https:\/\/compuviper.mx\/tienda\/#organization\"},\"potentialAction\":[{\"@type\":\"SearchAction\",\"target\":{\"@type\":\"EntryPoint\",\"urlTemplate\":\"https:\/\/compuviper.mx\/tienda\/?s={search_term_string}\"},\"query-input\":\"required name=search_term_string\"}],\"inLanguage\":\"es-MX\"},{\"@type\":\"Organization\",\"@id\":\"https:\/\/compuviper.mx\/tienda\/#organization\",\"name\":\"Compuviper\",\"url\":\"https:\/\/compuviper.mx\/tienda\/\",\"logo\":{\"@type\":\"ImageObject\",\"inLanguage\":\"es-MX\",\"@id\":\"https:\/\/compuviper.mx\/tienda\/#\/schema\/logo\/image\/\",\"url\":\"https:\/\/compuviper.mx\/tienda\/wp-content\/uploads\/2021\/08\/Logo-Compuviper-10.png\",\"contentUrl\":\"https:\/\/compuviper.mx\/tienda\/wp-content\/uploads\/2021\/08\/Logo-Compuviper-10.png\",\"width\":1000,\"height\":500,\"caption\":\"Compuviper\"},\"image\":{\"@id\":\"https:\/\/compuviper.mx\/tienda\/#\/schema\/logo\/image\/\"},\"sameAs\":[\"https:\/\/www.facebook.com\/compuviper\",\"https:\/\/www.youtube.com\/channel\/UCf73dERp9Y3cfOq7q8BhLjA?view_as=subscriber\"]}]}<\/script>\n<meta property=\"product:brand\" content=\"LEXMARK\" \/>\n<meta property=\"product:price:amount\" content=\"3275\" \/>\n<meta property=\"product:price:currency\" content=\"MXN\" \/>\n<meta property=\"og:availability\" content=\"out of stock\" \/>\n<meta property=\"product:availability\" content=\"out of stock\" \/>\n<meta property=\"product:retailer_item_id\" content=\"64G0H00\" \/>\n<meta property=\"product:condition\" content=\"new\" \/>\n<!-- \/ Yoast SEO plugin. -->","yoast_head_json":{"title":"[ Lexmark ] &#129351; 64g0h00 Toner Laser Negro, Alto Rendimiento Hasta 32500 Paginas, Para Modelos Mx910de, Mx912dxe, Mx911dte","description":"Compra 64g0h00 Toner Laser Negro, Alto Rendimiento Hasta 32500 Paginas, Para Modelos Mx910de, Mx912dxe, Mx911dte + Env\u00edo a domicilio + Pago seguro + Garant\u00eda","robots":{"index":"index","follow":"follow","max-snippet":"max-snippet:-1","max-image-preview":"max-image-preview:large","max-video-preview":"max-video-preview:-1"},"canonical":"https:\/\/compuviper.mx\/tienda\/producto\/lexmark-64g0h00-toner-laser-negro-alto-rendimiento-hasta-32500-paginas-para-modelos-mx910de-mx912dxe-mx911dte\/","og_locale":"es_MX","og_type":"article","og_title":"[ Lexmark ] &#129351; 64g0h00 Toner Laser Negro, Alto Rendimiento Hasta 32500 Paginas, Para Modelos Mx910de, Mx912dxe, Mx911dte","og_description":"Compra 64g0h00 Toner Laser Negro, Alto Rendimiento Hasta 32500 Paginas, Para Modelos Mx910de, Mx912dxe, Mx911dte + Env\u00edo a domicilio + Pago seguro + Garant\u00eda","og_url":"https:\/\/compuviper.mx\/tienda\/producto\/lexmark-64g0h00-toner-laser-negro-alto-rendimiento-hasta-32500-paginas-para-modelos-mx910de-mx912dxe-mx911dte\/","og_site_name":"Compuviper","article_publisher":"https:\/\/www.facebook.com\/compuviper","og_image":[{"width":200,"height":200,"url":"https:\/\/compuviper.mx\/tienda\/wp-content\/uploads\/2023\/12\/Toner-laser-lexmark-color-negro-alto-rendimiento-64g0h00-hasta-32500-paginas-5-de-cobertura-pmodelos-mx910de-mx912dxe-mx911dte.jpg","type":"image\/jpeg"}],"twitter_card":"summary_large_image","twitter_misc":{"Precio":"&#36;3,275 con IVA","Availability":"Out of stock"},"schema":{"@context":"https:\/\/schema.org","@graph":[{"@type":"WebPage","@id":"https:\/\/compuviper.mx\/tienda\/producto\/lexmark-64g0h00-toner-laser-negro-alto-rendimiento-hasta-32500-paginas-para-modelos-mx910de-mx912dxe-mx911dte\/","url":"https:\/\/compuviper.mx\/tienda\/producto\/lexmark-64g0h00-toner-laser-negro-alto-rendimiento-hasta-32500-paginas-para-modelos-mx910de-mx912dxe-mx911dte\/","name":"[ Lexmark ] &#129351; 64g0h00 Toner Laser Negro, Alto Rendimiento Hasta 32500 Paginas, Para Modelos Mx910de, Mx912dxe, Mx911dte","isPartOf":{"@id":"https:\/\/compuviper.mx\/tienda\/#website"},"datePublished":"2026-04-17T05:53:20+00:00","dateModified":"2026-04-17T05:53:20+00:00","description":"Compra 64g0h00 Toner Laser Negro, Alto Rendimiento Hasta 32500 Paginas, Para Modelos Mx910de, Mx912dxe, Mx911dte + Env\u00edo a domicilio + Pago seguro + Garant\u00eda","breadcrumb":{"@id":"https:\/\/compuviper.mx\/tienda\/producto\/lexmark-64g0h00-toner-laser-negro-alto-rendimiento-hasta-32500-paginas-para-modelos-mx910de-mx912dxe-mx911dte\/#breadcrumb"},"inLanguage":"es-MX","potentialAction":[{"@type":"ReadAction","target":["https:\/\/compuviper.mx\/tienda\/producto\/lexmark-64g0h00-toner-laser-negro-alto-rendimiento-hasta-32500-paginas-para-modelos-mx910de-mx912dxe-mx911dte\/"]}]},{"@type":"BreadcrumbList","@id":"https:\/\/compuviper.mx\/tienda\/producto\/lexmark-64g0h00-toner-laser-negro-alto-rendimiento-hasta-32500-paginas-para-modelos-mx910de-mx912dxe-mx911dte\/#breadcrumb","itemListElement":[{"@type":"ListItem","position":1,"name":"Inicio","item":"https:\/\/compuviper.mx\/tienda\/"},{"@type":"ListItem","position":2,"name":"Productos","item":"https:\/\/compuviper.mx\/tienda\/productos\/"},{"@type":"ListItem","position":3,"name":"Consumibles","item":"https:\/\/compuviper.mx\/tienda\/categoria-producto\/consumibles\/"},{"@type":"ListItem","position":4,"name":"Toner","item":"https:\/\/compuviper.mx\/tienda\/categoria-producto\/consumibles\/toner\/"},{"@type":"ListItem","position":5,"name":"Lexmark 64g0h00 Toner Laser Negro, Alto Rendimiento Hasta 32500 Paginas, Para Modelos Mx910de, Mx912dxe, Mx911dte"}]},{"@type":"WebSite","@id":"https:\/\/compuviper.mx\/tienda\/#website","url":"https:\/\/compuviper.mx\/tienda\/","name":"Compuviper","description":"Proveedor de Computadoras, Laptops, Servidores, Monitores, Puntos de Venta, Teclados,   Impresoras, T\u00f3ner, C\u00e1maras de Seguridad y m\u00e1s en tu tienda en l\u00ednea","publisher":{"@id":"https:\/\/compuviper.mx\/tienda\/#organization"},"potentialAction":[{"@type":"SearchAction","target":{"@type":"EntryPoint","urlTemplate":"https:\/\/compuviper.mx\/tienda\/?s={search_term_string}"},"query-input":"required name=search_term_string"}],"inLanguage":"es-MX"},{"@type":"Organization","@id":"https:\/\/compuviper.mx\/tienda\/#organization","name":"Compuviper","url":"https:\/\/compuviper.mx\/tienda\/","logo":{"@type":"ImageObject","inLanguage":"es-MX","@id":"https:\/\/compuviper.mx\/tienda\/#\/schema\/logo\/image\/","url":"https:\/\/compuviper.mx\/tienda\/wp-content\/uploads\/2021\/08\/Logo-Compuviper-10.png","contentUrl":"https:\/\/compuviper.mx\/tienda\/wp-content\/uploads\/2021\/08\/Logo-Compuviper-10.png","width":1000,"height":500,"caption":"Compuviper"},"image":{"@id":"https:\/\/compuviper.mx\/tienda\/#\/schema\/logo\/image\/"},"sameAs":["https:\/\/www.facebook.com\/compuviper","https:\/\/www.youtube.com\/channel\/UCf73dERp9Y3cfOq7q8BhLjA?view_as=subscriber"]}]},"product_brand":"LEXMARK","product_price_amount":"3275","product_price_currency":"MXN","og_availability":"out of stock","product_availability":"out of stock","product_retailer_item_id":"64G0H00","product_condition":"new"},"_links":{"self":[{"href":"https:\/\/compuviper.mx\/tienda\/wp-json\/wp\/v2\/product\/214994"}],"collection":[{"href":"https:\/\/compuviper.mx\/tienda\/wp-json\/wp\/v2\/product"}],"about":[{"href":"https:\/\/compuviper.mx\/tienda\/wp-json\/wp\/v2\/types\/product"}],"replies":[{"embeddable":true,"href":"https:\/\/compuviper.mx\/tienda\/wp-json\/wp\/v2\/comments?post=214994"}],"wp:featuredmedia":[{"embeddable":true,"href":"https:\/\/compuviper.mx\/tienda\/wp-json\/wp\/v2\/media\/214995"}],"wp:attachment":[{"href":"https:\/\/compuviper.mx\/tienda\/wp-json\/wp\/v2\/media?parent=214994"}],"wp:term":[{"taxonomy":"product_cat","embeddable":true,"href":"https:\/\/compuviper.mx\/tienda\/wp-json\/wp\/v2\/product_cat?post=214994"},{"taxonomy":"product_tag","embeddable":true,"href":"https:\/\/compuviper.mx\/tienda\/wp-json\/wp\/v2\/product_tag?post=214994"}],"curies":[{"name":"wp","href":"https:\/\/api.w.org\/{rel}","templated":true}]}}