{"id":214988,"date":"2026-04-07T23:53:28","date_gmt":"2026-04-08T05:53:28","guid":{"rendered":"https:\/\/compuviper.mx\/tienda\/producto\/silimex-lcd-cleaner-250-ml-locion-antiestatico-limpiador-de-pantallas-lcd-cleaner-250-ml\/"},"modified":"2026-04-07T23:53:29","modified_gmt":"2026-04-08T05:53:29","slug":"silimex-lcd-cleaner-250-ml-atomizador-lcd-cleaner-limpiador-de-pantallas-y-carcasa-de-equipos-electronicos-250-ml","status":"publish","type":"product","link":"https:\/\/compuviper.mx\/tienda\/producto\/silimex-lcd-cleaner-250-ml-atomizador-lcd-cleaner-limpiador-de-pantallas-y-carcasa-de-equipos-electronicos-250-ml\/","title":{"rendered":"Silimex Lcd Cleaner 250 Ml Atomizador Lcd Cleaner Limpiador De Pantallas Y Carcasa De Equipos Electronicos  250 Ml"},"content":{"rendered":"<table class=\"descripcion\">\n<tr>\n<td>Limpiador anties\u00e1tico en loci\u00f3n (spray) para todo tipo de pantallas.<\/td>\n<\/tr>\n<tr>\n<td>Aplicaciones:<\/td>\n<\/tr>\n<tr>\n<td>Se usa en pantallas de plasma, lcd, led, lentes de c\u00e1maras, pantallas de televisores, monitores, tabletas, smartphones y laptops.<\/td>\n<\/tr>\n<tr>\n<td>Indicaciones de uso:<\/td>\n<\/tr>\n<tr>\n<td>Su aplicaci\u00f3n correcta es a una distancia de 25 cm. por lo menos, para evitar escurrimientos, ya que s\u00f3lo debe quedar sobre la pantalla un tenue roci\u00f3 que facilite la limpieza. preferentemente debe auxiliarse con la toalla para frotar y quitar la suciedad, asegur\u00e1ndose de dejar totalmente seca la pantalla, checando a contraluz que no haya residuos.<\/td>\n<\/tr>\n<tr>\n<td>Precauciones:<\/td>\n<\/tr>\n<tr>\n<td>No lo dej al alcance de los ni\u00f1os.<\/td>\n<\/tr>\n<tr>\n<td>Presentacion:<\/td>\n<\/tr>\n<tr>\n<td>Bote de 250 ml.<\/td>\n<\/tr>\n<tr>\n<td>Contenido por caja:<\/td>\n<\/tr>\n<tr>\n<td>15 pzs.<\/td>\n<\/tr>\n<\/table>\n","protected":false},"excerpt":{"rendered":"<p>Limpiador antiest\u00e1tico en loci\u00f3n de 250 ml (spray) para todo tipo de pantallas.<\/p>\n","protected":false},"featured_media":214989,"comment_status":"open","ping_status":"open","template":"","meta":[],"product_cat":[1619,1627],"product_tag":[1621],"acf":[],"yoast_head":"<!-- This site is optimized with the Yoast SEO plugin v21.7 - https:\/\/yoast.com\/wordpress\/plugins\/seo\/ -->\n<title>[ Silimex ] &#129351; Lcd Cleaner 250 Ml Atomizador Lcd Cleaner Limpiador De Pantallas Y Carcasa De Equipos Electronicos 250 Ml<\/title>\n<meta name=\"description\" content=\"Compra Lcd Cleaner 250 Ml Atomizador Lcd Cleaner Limpiador De Pantallas Y Carcasa De Equipos Electronicos 250 Ml + Env\u00edo a domicilio + Pago seguro + Garant\u00eda\" \/>\n<meta name=\"robots\" content=\"index, follow, max-snippet:-1, max-image-preview:large, max-video-preview:-1\" \/>\n<link rel=\"canonical\" href=\"https:\/\/compuviper.mx\/tienda\/producto\/silimex-lcd-cleaner-250-ml-atomizador-lcd-cleaner-limpiador-de-pantallas-y-carcasa-de-equipos-electronicos-250-ml\/\" \/>\n<meta property=\"og:locale\" content=\"es_MX\" \/>\n<meta property=\"og:type\" content=\"article\" \/>\n<meta property=\"og:title\" content=\"[ Silimex ] &#129351; Lcd Cleaner 250 Ml Atomizador Lcd Cleaner Limpiador De Pantallas Y Carcasa De Equipos Electronicos 250 Ml\" \/>\n<meta property=\"og:description\" content=\"Compra Lcd Cleaner 250 Ml Atomizador Lcd Cleaner Limpiador De Pantallas Y Carcasa De Equipos Electronicos 250 Ml + Env\u00edo a domicilio + Pago seguro + Garant\u00eda\" \/>\n<meta property=\"og:url\" content=\"https:\/\/compuviper.mx\/tienda\/producto\/silimex-lcd-cleaner-250-ml-atomizador-lcd-cleaner-limpiador-de-pantallas-y-carcasa-de-equipos-electronicos-250-ml\/\" \/>\n<meta property=\"og:site_name\" content=\"Compuviper\" \/>\n<meta property=\"article:publisher\" content=\"https:\/\/www.facebook.com\/compuviper\" \/>\n<meta property=\"article:modified_time\" content=\"2026-04-08T05:53:29+00:00\" \/>\n<meta property=\"og:image\" content=\"https:\/\/compuviper.mx\/tienda\/wp-content\/uploads\/2023\/12\/Locion-antiestatico-limpiador-de-pantallas-silimex-lcd-cleaner-250-ml.jpg\" \/>\n\t<meta property=\"og:image:width\" content=\"200\" \/>\n\t<meta property=\"og:image:height\" content=\"200\" \/>\n\t<meta property=\"og:image:type\" content=\"image\/jpeg\" \/>\n<meta name=\"twitter:card\" content=\"summary_large_image\" \/>\n<meta name=\"twitter:label1\" content=\"Precio\" \/>\n\t<meta name=\"twitter:data1\" content=\"&#36;100 con IVA\" \/>\n\t<meta name=\"twitter:label2\" content=\"Availability\" \/>\n\t<meta name=\"twitter:data2\" content=\"In stock\" \/>\n<script type=\"application\/ld+json\" class=\"yoast-schema-graph\">{\"@context\":\"https:\/\/schema.org\",\"@graph\":[{\"@type\":\"WebPage\",\"@id\":\"https:\/\/compuviper.mx\/tienda\/producto\/silimex-lcd-cleaner-250-ml-atomizador-lcd-cleaner-limpiador-de-pantallas-y-carcasa-de-equipos-electronicos-250-ml\/\",\"url\":\"https:\/\/compuviper.mx\/tienda\/producto\/silimex-lcd-cleaner-250-ml-atomizador-lcd-cleaner-limpiador-de-pantallas-y-carcasa-de-equipos-electronicos-250-ml\/\",\"name\":\"[ Silimex ] &#129351; Lcd Cleaner 250 Ml Atomizador Lcd Cleaner Limpiador De Pantallas Y Carcasa De Equipos Electronicos 250 Ml\",\"isPartOf\":{\"@id\":\"https:\/\/compuviper.mx\/tienda\/#website\"},\"datePublished\":\"2026-04-08T05:53:28+00:00\",\"dateModified\":\"2026-04-08T05:53:29+00:00\",\"description\":\"Compra Lcd Cleaner 250 Ml Atomizador Lcd Cleaner Limpiador De Pantallas Y Carcasa De Equipos Electronicos 250 Ml + Env\u00edo a domicilio + Pago seguro + Garant\u00eda\",\"breadcrumb\":{\"@id\":\"https:\/\/compuviper.mx\/tienda\/producto\/silimex-lcd-cleaner-250-ml-atomizador-lcd-cleaner-limpiador-de-pantallas-y-carcasa-de-equipos-electronicos-250-ml\/#breadcrumb\"},\"inLanguage\":\"es-MX\",\"potentialAction\":[{\"@type\":\"ReadAction\",\"target\":[\"https:\/\/compuviper.mx\/tienda\/producto\/silimex-lcd-cleaner-250-ml-atomizador-lcd-cleaner-limpiador-de-pantallas-y-carcasa-de-equipos-electronicos-250-ml\/\"]}]},{\"@type\":\"BreadcrumbList\",\"@id\":\"https:\/\/compuviper.mx\/tienda\/producto\/silimex-lcd-cleaner-250-ml-atomizador-lcd-cleaner-limpiador-de-pantallas-y-carcasa-de-equipos-electronicos-250-ml\/#breadcrumb\",\"itemListElement\":[{\"@type\":\"ListItem\",\"position\":1,\"name\":\"Inicio\",\"item\":\"https:\/\/compuviper.mx\/tienda\/\"},{\"@type\":\"ListItem\",\"position\":2,\"name\":\"Productos\",\"item\":\"https:\/\/compuviper.mx\/tienda\/productos\/\"},{\"@type\":\"ListItem\",\"position\":3,\"name\":\"Productos De Limpieza\",\"item\":\"https:\/\/compuviper.mx\/tienda\/categoria-producto\/productos-de-limpieza\/\"},{\"@type\":\"ListItem\",\"position\":4,\"name\":\"Limpiadores De Pantallas\",\"item\":\"https:\/\/compuviper.mx\/tienda\/categoria-producto\/productos-de-limpieza\/limpiadores-de-pantallas\/\"},{\"@type\":\"ListItem\",\"position\":5,\"name\":\"Silimex Lcd Cleaner 250 Ml Atomizador Lcd Cleaner Limpiador De Pantallas Y Carcasa De Equipos Electronicos 250 Ml\"}]},{\"@type\":\"WebSite\",\"@id\":\"https:\/\/compuviper.mx\/tienda\/#website\",\"url\":\"https:\/\/compuviper.mx\/tienda\/\",\"name\":\"Compuviper\",\"description\":\"Proveedor de Computadoras, Laptops, Servidores, Monitores, Puntos de Venta, Teclados,   Impresoras, T\u00f3ner, C\u00e1maras de Seguridad y m\u00e1s en tu tienda en l\u00ednea\",\"publisher\":{\"@id\":\"https:\/\/compuviper.mx\/tienda\/#organization\"},\"potentialAction\":[{\"@type\":\"SearchAction\",\"target\":{\"@type\":\"EntryPoint\",\"urlTemplate\":\"https:\/\/compuviper.mx\/tienda\/?s={search_term_string}\"},\"query-input\":\"required name=search_term_string\"}],\"inLanguage\":\"es-MX\"},{\"@type\":\"Organization\",\"@id\":\"https:\/\/compuviper.mx\/tienda\/#organization\",\"name\":\"Compuviper\",\"url\":\"https:\/\/compuviper.mx\/tienda\/\",\"logo\":{\"@type\":\"ImageObject\",\"inLanguage\":\"es-MX\",\"@id\":\"https:\/\/compuviper.mx\/tienda\/#\/schema\/logo\/image\/\",\"url\":\"https:\/\/compuviper.mx\/tienda\/wp-content\/uploads\/2021\/08\/Logo-Compuviper-10.png\",\"contentUrl\":\"https:\/\/compuviper.mx\/tienda\/wp-content\/uploads\/2021\/08\/Logo-Compuviper-10.png\",\"width\":1000,\"height\":500,\"caption\":\"Compuviper\"},\"image\":{\"@id\":\"https:\/\/compuviper.mx\/tienda\/#\/schema\/logo\/image\/\"},\"sameAs\":[\"https:\/\/www.facebook.com\/compuviper\",\"https:\/\/www.youtube.com\/channel\/UCf73dERp9Y3cfOq7q8BhLjA?view_as=subscriber\"]}]}<\/script>\n<meta property=\"product:brand\" content=\"SILIMEX\" \/>\n<meta property=\"product:price:amount\" content=\"100\" \/>\n<meta property=\"product:price:currency\" content=\"MXN\" \/>\n<meta property=\"og:availability\" content=\"instock\" \/>\n<meta property=\"product:availability\" content=\"instock\" \/>\n<meta property=\"product:retailer_item_id\" content=\"LCD CLEANER 250 ML\" \/>\n<meta property=\"product:condition\" content=\"new\" \/>\n<!-- \/ Yoast SEO plugin. -->","yoast_head_json":{"title":"[ Silimex ] &#129351; Lcd Cleaner 250 Ml Atomizador Lcd Cleaner Limpiador De Pantallas Y Carcasa De Equipos Electronicos 250 Ml","description":"Compra Lcd Cleaner 250 Ml Atomizador Lcd Cleaner Limpiador De Pantallas Y Carcasa De Equipos Electronicos 250 Ml + Env\u00edo a domicilio + Pago seguro + Garant\u00eda","robots":{"index":"index","follow":"follow","max-snippet":"max-snippet:-1","max-image-preview":"max-image-preview:large","max-video-preview":"max-video-preview:-1"},"canonical":"https:\/\/compuviper.mx\/tienda\/producto\/silimex-lcd-cleaner-250-ml-atomizador-lcd-cleaner-limpiador-de-pantallas-y-carcasa-de-equipos-electronicos-250-ml\/","og_locale":"es_MX","og_type":"article","og_title":"[ Silimex ] &#129351; Lcd Cleaner 250 Ml Atomizador Lcd Cleaner Limpiador De Pantallas Y Carcasa De Equipos Electronicos 250 Ml","og_description":"Compra Lcd Cleaner 250 Ml Atomizador Lcd Cleaner Limpiador De Pantallas Y Carcasa De Equipos Electronicos 250 Ml + Env\u00edo a domicilio + Pago seguro + Garant\u00eda","og_url":"https:\/\/compuviper.mx\/tienda\/producto\/silimex-lcd-cleaner-250-ml-atomizador-lcd-cleaner-limpiador-de-pantallas-y-carcasa-de-equipos-electronicos-250-ml\/","og_site_name":"Compuviper","article_publisher":"https:\/\/www.facebook.com\/compuviper","article_modified_time":"2026-04-08T05:53:29+00:00","og_image":[{"width":200,"height":200,"url":"https:\/\/compuviper.mx\/tienda\/wp-content\/uploads\/2023\/12\/Locion-antiestatico-limpiador-de-pantallas-silimex-lcd-cleaner-250-ml.jpg","type":"image\/jpeg"}],"twitter_card":"summary_large_image","twitter_misc":{"Precio":"&#36;100 con IVA","Availability":"In stock"},"schema":{"@context":"https:\/\/schema.org","@graph":[{"@type":"WebPage","@id":"https:\/\/compuviper.mx\/tienda\/producto\/silimex-lcd-cleaner-250-ml-atomizador-lcd-cleaner-limpiador-de-pantallas-y-carcasa-de-equipos-electronicos-250-ml\/","url":"https:\/\/compuviper.mx\/tienda\/producto\/silimex-lcd-cleaner-250-ml-atomizador-lcd-cleaner-limpiador-de-pantallas-y-carcasa-de-equipos-electronicos-250-ml\/","name":"[ Silimex ] &#129351; Lcd Cleaner 250 Ml Atomizador Lcd Cleaner Limpiador De Pantallas Y Carcasa De Equipos Electronicos 250 Ml","isPartOf":{"@id":"https:\/\/compuviper.mx\/tienda\/#website"},"datePublished":"2026-04-08T05:53:28+00:00","dateModified":"2026-04-08T05:53:29+00:00","description":"Compra Lcd Cleaner 250 Ml Atomizador Lcd Cleaner Limpiador De Pantallas Y Carcasa De Equipos Electronicos 250 Ml + Env\u00edo a domicilio + Pago seguro + Garant\u00eda","breadcrumb":{"@id":"https:\/\/compuviper.mx\/tienda\/producto\/silimex-lcd-cleaner-250-ml-atomizador-lcd-cleaner-limpiador-de-pantallas-y-carcasa-de-equipos-electronicos-250-ml\/#breadcrumb"},"inLanguage":"es-MX","potentialAction":[{"@type":"ReadAction","target":["https:\/\/compuviper.mx\/tienda\/producto\/silimex-lcd-cleaner-250-ml-atomizador-lcd-cleaner-limpiador-de-pantallas-y-carcasa-de-equipos-electronicos-250-ml\/"]}]},{"@type":"BreadcrumbList","@id":"https:\/\/compuviper.mx\/tienda\/producto\/silimex-lcd-cleaner-250-ml-atomizador-lcd-cleaner-limpiador-de-pantallas-y-carcasa-de-equipos-electronicos-250-ml\/#breadcrumb","itemListElement":[{"@type":"ListItem","position":1,"name":"Inicio","item":"https:\/\/compuviper.mx\/tienda\/"},{"@type":"ListItem","position":2,"name":"Productos","item":"https:\/\/compuviper.mx\/tienda\/productos\/"},{"@type":"ListItem","position":3,"name":"Productos De Limpieza","item":"https:\/\/compuviper.mx\/tienda\/categoria-producto\/productos-de-limpieza\/"},{"@type":"ListItem","position":4,"name":"Limpiadores De Pantallas","item":"https:\/\/compuviper.mx\/tienda\/categoria-producto\/productos-de-limpieza\/limpiadores-de-pantallas\/"},{"@type":"ListItem","position":5,"name":"Silimex Lcd Cleaner 250 Ml Atomizador Lcd Cleaner Limpiador De Pantallas Y Carcasa De Equipos Electronicos 250 Ml"}]},{"@type":"WebSite","@id":"https:\/\/compuviper.mx\/tienda\/#website","url":"https:\/\/compuviper.mx\/tienda\/","name":"Compuviper","description":"Proveedor de Computadoras, Laptops, Servidores, Monitores, Puntos de Venta, Teclados,   Impresoras, T\u00f3ner, C\u00e1maras de Seguridad y m\u00e1s en tu tienda en l\u00ednea","publisher":{"@id":"https:\/\/compuviper.mx\/tienda\/#organization"},"potentialAction":[{"@type":"SearchAction","target":{"@type":"EntryPoint","urlTemplate":"https:\/\/compuviper.mx\/tienda\/?s={search_term_string}"},"query-input":"required name=search_term_string"}],"inLanguage":"es-MX"},{"@type":"Organization","@id":"https:\/\/compuviper.mx\/tienda\/#organization","name":"Compuviper","url":"https:\/\/compuviper.mx\/tienda\/","logo":{"@type":"ImageObject","inLanguage":"es-MX","@id":"https:\/\/compuviper.mx\/tienda\/#\/schema\/logo\/image\/","url":"https:\/\/compuviper.mx\/tienda\/wp-content\/uploads\/2021\/08\/Logo-Compuviper-10.png","contentUrl":"https:\/\/compuviper.mx\/tienda\/wp-content\/uploads\/2021\/08\/Logo-Compuviper-10.png","width":1000,"height":500,"caption":"Compuviper"},"image":{"@id":"https:\/\/compuviper.mx\/tienda\/#\/schema\/logo\/image\/"},"sameAs":["https:\/\/www.facebook.com\/compuviper","https:\/\/www.youtube.com\/channel\/UCf73dERp9Y3cfOq7q8BhLjA?view_as=subscriber"]}]},"product_brand":"SILIMEX","product_price_amount":"100","product_price_currency":"MXN","og_availability":"instock","product_availability":"instock","product_retailer_item_id":"LCD CLEANER 250 ML","product_condition":"new"},"_links":{"self":[{"href":"https:\/\/compuviper.mx\/tienda\/wp-json\/wp\/v2\/product\/214988"}],"collection":[{"href":"https:\/\/compuviper.mx\/tienda\/wp-json\/wp\/v2\/product"}],"about":[{"href":"https:\/\/compuviper.mx\/tienda\/wp-json\/wp\/v2\/types\/product"}],"replies":[{"embeddable":true,"href":"https:\/\/compuviper.mx\/tienda\/wp-json\/wp\/v2\/comments?post=214988"}],"wp:featuredmedia":[{"embeddable":true,"href":"https:\/\/compuviper.mx\/tienda\/wp-json\/wp\/v2\/media\/214989"}],"wp:attachment":[{"href":"https:\/\/compuviper.mx\/tienda\/wp-json\/wp\/v2\/media?parent=214988"}],"wp:term":[{"taxonomy":"product_cat","embeddable":true,"href":"https:\/\/compuviper.mx\/tienda\/wp-json\/wp\/v2\/product_cat?post=214988"},{"taxonomy":"product_tag","embeddable":true,"href":"https:\/\/compuviper.mx\/tienda\/wp-json\/wp\/v2\/product_tag?post=214988"}],"curies":[{"name":"wp","href":"https:\/\/api.w.org\/{rel}","templated":true}]}}