{"id":214962,"date":"2026-04-16T23:53:18","date_gmt":"2026-04-17T05:53:18","guid":{"rendered":"https:\/\/compuviper.mx\/tienda\/producto\/lexmark-50f4u00-toner-negro-ultra-alto-rendimieno-np-hasta-20-000-paginas-para-modelos-ms610de-ms610dn\/"},"modified":"2026-04-16T23:53:18","modified_gmt":"2026-04-17T05:53:18","slug":"lexmark-50f4u00-toner-laser-negroultra-alto-rendimieno-hasta-20-000-paginas-para-modelos-ms610de-ms610dn","status":"publish","type":"product","link":"https:\/\/compuviper.mx\/tienda\/producto\/lexmark-50f4u00-toner-laser-negroultra-alto-rendimieno-hasta-20-000-paginas-para-modelos-ms610de-ms610dn\/","title":{"rendered":"Lexmark 50f4u00 Toner Laser   Negro,ultra Alto Rendimieno, Hasta 20.000 Paginas, Para Modelos Ms610de, Ms610dn"},"content":{"rendered":"<table class=\"descripcion\">\n<tr>\n<td>Tecnologa de impresin<\/td>\n<\/tr>\n<tr>\n<td>Monochrome laser<\/td>\n<\/tr>\n<tr>\n<td>Yield value<\/td>\n<\/tr>\n<tr>\n<td>20000<\/td>\n<\/tr>\n<tr>\n<td>Rendimiento promedio del cartucho en uso continuo, impresin simple lado, hasta<\/td>\n<\/tr>\n<tr>\n<td>20.000 pginas estndar valor de rendimiento declarado de acuerdo con iso\/iec 19752.<\/td>\n<\/tr>\n<tr>\n<td>Vida til en almacenaje<\/td>\n<\/tr>\n<tr>\n<td>2 aos<\/td>\n<\/tr>\n<tr>\n<td>Cartuchos de repuesto:<\/td>\n<\/tr>\n<tr>\n<td>Cartridges are designed for use in a specific geographical region. see www.lexmark.com\/regions for more details.<\/td>\n<\/tr>\n<tr>\n<td>Tamao con empaque alto x ancho x profundo en mm<\/td>\n<\/tr>\n<tr>\n<td>182 x 450 x 136 mm<\/td>\n<\/tr>\n<tr>\n<td>Peso con empaque kg<\/td>\n<\/tr>\n<tr>\n<td>1.3 kg<\/td>\n<\/tr>\n<tr>\n<td>Programa de recoleccin de cartuchos de lexmark<\/td>\n<\/tr>\n<tr>\n<td>Yes<\/td>\n<\/tr>\n<\/table>\n","protected":false},"excerpt":{"rendered":"<p>Esencial para el rendimiento del sistema de impresin lexmark. Calidad de imagen consistentemente excelente. Confiabilidad del sistema de larga duracin. Sostenibilidad superior. Innovador sistema de impresin estabilizado. Tner unison?. Esencial para el rendimiento del sistema de impresin lexmark, la frmula nica del tner unison\u0099 proporciona una calidad de imagen consistentemente excelente, garantiza la confiabilidad del sistema de impresin de larga duracin y promueve una sostenibilidad superior en un innovador sistema de impresin estabilizado.<\/p>\n","protected":false},"featured_media":214963,"comment_status":"open","ping_status":"open","template":"","meta":[],"product_cat":[1622,1632],"product_tag":[1630],"acf":[],"yoast_head":"<!-- This site is optimized with the Yoast SEO plugin v21.7 - https:\/\/yoast.com\/wordpress\/plugins\/seo\/ -->\n<title>[ Lexmark ] &#129351; 50f4u00 Toner Laser Negro,ultra Alto Rendimieno, Hasta 20.000 Paginas, Para Modelos Ms610de, Ms610dn<\/title>\n<meta name=\"description\" content=\"Compra 50f4u00 Toner Laser Negro,ultra Alto Rendimieno, Hasta 20.000 Paginas, Para Modelos Ms610de, Ms610dn + Env\u00edo a domicilio + Pago seguro + Garant\u00eda\" \/>\n<meta name=\"robots\" content=\"index, follow, max-snippet:-1, max-image-preview:large, max-video-preview:-1\" \/>\n<link rel=\"canonical\" href=\"https:\/\/compuviper.mx\/tienda\/producto\/lexmark-50f4u00-toner-laser-negroultra-alto-rendimieno-hasta-20-000-paginas-para-modelos-ms610de-ms610dn\/\" \/>\n<meta property=\"og:locale\" content=\"es_MX\" \/>\n<meta property=\"og:type\" content=\"article\" \/>\n<meta property=\"og:title\" content=\"[ Lexmark ] &#129351; 50f4u00 Toner Laser Negro,ultra Alto Rendimieno, Hasta 20.000 Paginas, Para Modelos Ms610de, Ms610dn\" \/>\n<meta property=\"og:description\" content=\"Compra 50f4u00 Toner Laser Negro,ultra Alto Rendimieno, Hasta 20.000 Paginas, Para Modelos Ms610de, Ms610dn + Env\u00edo a domicilio + Pago seguro + Garant\u00eda\" \/>\n<meta property=\"og:url\" content=\"https:\/\/compuviper.mx\/tienda\/producto\/lexmark-50f4u00-toner-laser-negroultra-alto-rendimieno-hasta-20-000-paginas-para-modelos-ms610de-ms610dn\/\" \/>\n<meta property=\"og:site_name\" content=\"Compuviper\" \/>\n<meta property=\"article:publisher\" content=\"https:\/\/www.facebook.com\/compuviper\" \/>\n<meta property=\"og:image\" content=\"https:\/\/compuviper.mx\/tienda\/wp-content\/uploads\/2023\/12\/Toner-lexmark-negro-ultra-alto-rendimieno-np-50f4u00-hasta-20.000-paginas-para-modelos-ms610de-ms610dn.jpg\" \/>\n\t<meta property=\"og:image:width\" content=\"200\" \/>\n\t<meta property=\"og:image:height\" content=\"200\" \/>\n\t<meta property=\"og:image:type\" content=\"image\/jpeg\" \/>\n<meta name=\"twitter:card\" content=\"summary_large_image\" \/>\n<meta name=\"twitter:label1\" content=\"Precio\" \/>\n\t<meta name=\"twitter:data1\" content=\"&#36;4,615 &#36;4,520 con IVA\" \/>\n\t<meta name=\"twitter:label2\" content=\"Availability\" \/>\n\t<meta name=\"twitter:data2\" content=\"Out of stock\" \/>\n<script type=\"application\/ld+json\" class=\"yoast-schema-graph\">{\"@context\":\"https:\/\/schema.org\",\"@graph\":[{\"@type\":\"WebPage\",\"@id\":\"https:\/\/compuviper.mx\/tienda\/producto\/lexmark-50f4u00-toner-laser-negroultra-alto-rendimieno-hasta-20-000-paginas-para-modelos-ms610de-ms610dn\/\",\"url\":\"https:\/\/compuviper.mx\/tienda\/producto\/lexmark-50f4u00-toner-laser-negroultra-alto-rendimieno-hasta-20-000-paginas-para-modelos-ms610de-ms610dn\/\",\"name\":\"[ Lexmark ] &#129351; 50f4u00 Toner Laser Negro,ultra Alto Rendimieno, Hasta 20.000 Paginas, Para Modelos Ms610de, Ms610dn\",\"isPartOf\":{\"@id\":\"https:\/\/compuviper.mx\/tienda\/#website\"},\"datePublished\":\"2026-04-17T05:53:18+00:00\",\"dateModified\":\"2026-04-17T05:53:18+00:00\",\"description\":\"Compra 50f4u00 Toner Laser Negro,ultra Alto Rendimieno, Hasta 20.000 Paginas, Para Modelos Ms610de, Ms610dn + Env\u00edo a domicilio + Pago seguro + Garant\u00eda\",\"breadcrumb\":{\"@id\":\"https:\/\/compuviper.mx\/tienda\/producto\/lexmark-50f4u00-toner-laser-negroultra-alto-rendimieno-hasta-20-000-paginas-para-modelos-ms610de-ms610dn\/#breadcrumb\"},\"inLanguage\":\"es-MX\",\"potentialAction\":[{\"@type\":\"ReadAction\",\"target\":[\"https:\/\/compuviper.mx\/tienda\/producto\/lexmark-50f4u00-toner-laser-negroultra-alto-rendimieno-hasta-20-000-paginas-para-modelos-ms610de-ms610dn\/\"]}]},{\"@type\":\"BreadcrumbList\",\"@id\":\"https:\/\/compuviper.mx\/tienda\/producto\/lexmark-50f4u00-toner-laser-negroultra-alto-rendimieno-hasta-20-000-paginas-para-modelos-ms610de-ms610dn\/#breadcrumb\",\"itemListElement\":[{\"@type\":\"ListItem\",\"position\":1,\"name\":\"Inicio\",\"item\":\"https:\/\/compuviper.mx\/tienda\/\"},{\"@type\":\"ListItem\",\"position\":2,\"name\":\"Productos\",\"item\":\"https:\/\/compuviper.mx\/tienda\/productos\/\"},{\"@type\":\"ListItem\",\"position\":3,\"name\":\"Consumibles\",\"item\":\"https:\/\/compuviper.mx\/tienda\/categoria-producto\/consumibles\/\"},{\"@type\":\"ListItem\",\"position\":4,\"name\":\"Toner\",\"item\":\"https:\/\/compuviper.mx\/tienda\/categoria-producto\/consumibles\/toner\/\"},{\"@type\":\"ListItem\",\"position\":5,\"name\":\"Lexmark 50f4u00 Toner Laser Negro,ultra Alto Rendimieno, Hasta 20.000 Paginas, Para Modelos Ms610de, Ms610dn\"}]},{\"@type\":\"WebSite\",\"@id\":\"https:\/\/compuviper.mx\/tienda\/#website\",\"url\":\"https:\/\/compuviper.mx\/tienda\/\",\"name\":\"Compuviper\",\"description\":\"Proveedor de Computadoras, Laptops, Servidores, Monitores, Puntos de Venta, Teclados,   Impresoras, T\u00f3ner, C\u00e1maras de Seguridad y m\u00e1s en tu tienda en l\u00ednea\",\"publisher\":{\"@id\":\"https:\/\/compuviper.mx\/tienda\/#organization\"},\"potentialAction\":[{\"@type\":\"SearchAction\",\"target\":{\"@type\":\"EntryPoint\",\"urlTemplate\":\"https:\/\/compuviper.mx\/tienda\/?s={search_term_string}\"},\"query-input\":\"required name=search_term_string\"}],\"inLanguage\":\"es-MX\"},{\"@type\":\"Organization\",\"@id\":\"https:\/\/compuviper.mx\/tienda\/#organization\",\"name\":\"Compuviper\",\"url\":\"https:\/\/compuviper.mx\/tienda\/\",\"logo\":{\"@type\":\"ImageObject\",\"inLanguage\":\"es-MX\",\"@id\":\"https:\/\/compuviper.mx\/tienda\/#\/schema\/logo\/image\/\",\"url\":\"https:\/\/compuviper.mx\/tienda\/wp-content\/uploads\/2021\/08\/Logo-Compuviper-10.png\",\"contentUrl\":\"https:\/\/compuviper.mx\/tienda\/wp-content\/uploads\/2021\/08\/Logo-Compuviper-10.png\",\"width\":1000,\"height\":500,\"caption\":\"Compuviper\"},\"image\":{\"@id\":\"https:\/\/compuviper.mx\/tienda\/#\/schema\/logo\/image\/\"},\"sameAs\":[\"https:\/\/www.facebook.com\/compuviper\",\"https:\/\/www.youtube.com\/channel\/UCf73dERp9Y3cfOq7q8BhLjA?view_as=subscriber\"]}]}<\/script>\n<meta property=\"product:brand\" content=\"LEXMARK\" \/>\n<meta property=\"product:price:amount\" content=\"4520\" \/>\n<meta property=\"product:price:currency\" content=\"MXN\" \/>\n<meta property=\"og:availability\" content=\"out of stock\" \/>\n<meta property=\"product:availability\" content=\"out of stock\" \/>\n<meta property=\"product:retailer_item_id\" content=\"50F4U00\" \/>\n<meta property=\"product:condition\" content=\"new\" \/>\n<!-- \/ Yoast SEO plugin. -->","yoast_head_json":{"title":"[ Lexmark ] &#129351; 50f4u00 Toner Laser Negro,ultra Alto Rendimieno, Hasta 20.000 Paginas, Para Modelos Ms610de, Ms610dn","description":"Compra 50f4u00 Toner Laser Negro,ultra Alto Rendimieno, Hasta 20.000 Paginas, Para Modelos Ms610de, Ms610dn + Env\u00edo a domicilio + Pago seguro + Garant\u00eda","robots":{"index":"index","follow":"follow","max-snippet":"max-snippet:-1","max-image-preview":"max-image-preview:large","max-video-preview":"max-video-preview:-1"},"canonical":"https:\/\/compuviper.mx\/tienda\/producto\/lexmark-50f4u00-toner-laser-negroultra-alto-rendimieno-hasta-20-000-paginas-para-modelos-ms610de-ms610dn\/","og_locale":"es_MX","og_type":"article","og_title":"[ Lexmark ] &#129351; 50f4u00 Toner Laser Negro,ultra Alto Rendimieno, Hasta 20.000 Paginas, Para Modelos Ms610de, Ms610dn","og_description":"Compra 50f4u00 Toner Laser Negro,ultra Alto Rendimieno, Hasta 20.000 Paginas, Para Modelos Ms610de, Ms610dn + Env\u00edo a domicilio + Pago seguro + Garant\u00eda","og_url":"https:\/\/compuviper.mx\/tienda\/producto\/lexmark-50f4u00-toner-laser-negroultra-alto-rendimieno-hasta-20-000-paginas-para-modelos-ms610de-ms610dn\/","og_site_name":"Compuviper","article_publisher":"https:\/\/www.facebook.com\/compuviper","og_image":[{"width":200,"height":200,"url":"https:\/\/compuviper.mx\/tienda\/wp-content\/uploads\/2023\/12\/Toner-lexmark-negro-ultra-alto-rendimieno-np-50f4u00-hasta-20.000-paginas-para-modelos-ms610de-ms610dn.jpg","type":"image\/jpeg"}],"twitter_card":"summary_large_image","twitter_misc":{"Precio":"&#36;4,615 &#36;4,520 con IVA","Availability":"Out of stock"},"schema":{"@context":"https:\/\/schema.org","@graph":[{"@type":"WebPage","@id":"https:\/\/compuviper.mx\/tienda\/producto\/lexmark-50f4u00-toner-laser-negroultra-alto-rendimieno-hasta-20-000-paginas-para-modelos-ms610de-ms610dn\/","url":"https:\/\/compuviper.mx\/tienda\/producto\/lexmark-50f4u00-toner-laser-negroultra-alto-rendimieno-hasta-20-000-paginas-para-modelos-ms610de-ms610dn\/","name":"[ Lexmark ] &#129351; 50f4u00 Toner Laser Negro,ultra Alto Rendimieno, Hasta 20.000 Paginas, Para Modelos Ms610de, Ms610dn","isPartOf":{"@id":"https:\/\/compuviper.mx\/tienda\/#website"},"datePublished":"2026-04-17T05:53:18+00:00","dateModified":"2026-04-17T05:53:18+00:00","description":"Compra 50f4u00 Toner Laser Negro,ultra Alto Rendimieno, Hasta 20.000 Paginas, Para Modelos Ms610de, Ms610dn + Env\u00edo a domicilio + Pago seguro + Garant\u00eda","breadcrumb":{"@id":"https:\/\/compuviper.mx\/tienda\/producto\/lexmark-50f4u00-toner-laser-negroultra-alto-rendimieno-hasta-20-000-paginas-para-modelos-ms610de-ms610dn\/#breadcrumb"},"inLanguage":"es-MX","potentialAction":[{"@type":"ReadAction","target":["https:\/\/compuviper.mx\/tienda\/producto\/lexmark-50f4u00-toner-laser-negroultra-alto-rendimieno-hasta-20-000-paginas-para-modelos-ms610de-ms610dn\/"]}]},{"@type":"BreadcrumbList","@id":"https:\/\/compuviper.mx\/tienda\/producto\/lexmark-50f4u00-toner-laser-negroultra-alto-rendimieno-hasta-20-000-paginas-para-modelos-ms610de-ms610dn\/#breadcrumb","itemListElement":[{"@type":"ListItem","position":1,"name":"Inicio","item":"https:\/\/compuviper.mx\/tienda\/"},{"@type":"ListItem","position":2,"name":"Productos","item":"https:\/\/compuviper.mx\/tienda\/productos\/"},{"@type":"ListItem","position":3,"name":"Consumibles","item":"https:\/\/compuviper.mx\/tienda\/categoria-producto\/consumibles\/"},{"@type":"ListItem","position":4,"name":"Toner","item":"https:\/\/compuviper.mx\/tienda\/categoria-producto\/consumibles\/toner\/"},{"@type":"ListItem","position":5,"name":"Lexmark 50f4u00 Toner Laser Negro,ultra Alto Rendimieno, Hasta 20.000 Paginas, Para Modelos Ms610de, Ms610dn"}]},{"@type":"WebSite","@id":"https:\/\/compuviper.mx\/tienda\/#website","url":"https:\/\/compuviper.mx\/tienda\/","name":"Compuviper","description":"Proveedor de Computadoras, Laptops, Servidores, Monitores, Puntos de Venta, Teclados,   Impresoras, T\u00f3ner, C\u00e1maras de Seguridad y m\u00e1s en tu tienda en l\u00ednea","publisher":{"@id":"https:\/\/compuviper.mx\/tienda\/#organization"},"potentialAction":[{"@type":"SearchAction","target":{"@type":"EntryPoint","urlTemplate":"https:\/\/compuviper.mx\/tienda\/?s={search_term_string}"},"query-input":"required name=search_term_string"}],"inLanguage":"es-MX"},{"@type":"Organization","@id":"https:\/\/compuviper.mx\/tienda\/#organization","name":"Compuviper","url":"https:\/\/compuviper.mx\/tienda\/","logo":{"@type":"ImageObject","inLanguage":"es-MX","@id":"https:\/\/compuviper.mx\/tienda\/#\/schema\/logo\/image\/","url":"https:\/\/compuviper.mx\/tienda\/wp-content\/uploads\/2021\/08\/Logo-Compuviper-10.png","contentUrl":"https:\/\/compuviper.mx\/tienda\/wp-content\/uploads\/2021\/08\/Logo-Compuviper-10.png","width":1000,"height":500,"caption":"Compuviper"},"image":{"@id":"https:\/\/compuviper.mx\/tienda\/#\/schema\/logo\/image\/"},"sameAs":["https:\/\/www.facebook.com\/compuviper","https:\/\/www.youtube.com\/channel\/UCf73dERp9Y3cfOq7q8BhLjA?view_as=subscriber"]}]},"product_brand":"LEXMARK","product_price_amount":"4520","product_price_currency":"MXN","og_availability":"out of stock","product_availability":"out of stock","product_retailer_item_id":"50F4U00","product_condition":"new"},"_links":{"self":[{"href":"https:\/\/compuviper.mx\/tienda\/wp-json\/wp\/v2\/product\/214962"}],"collection":[{"href":"https:\/\/compuviper.mx\/tienda\/wp-json\/wp\/v2\/product"}],"about":[{"href":"https:\/\/compuviper.mx\/tienda\/wp-json\/wp\/v2\/types\/product"}],"replies":[{"embeddable":true,"href":"https:\/\/compuviper.mx\/tienda\/wp-json\/wp\/v2\/comments?post=214962"}],"wp:featuredmedia":[{"embeddable":true,"href":"https:\/\/compuviper.mx\/tienda\/wp-json\/wp\/v2\/media\/214963"}],"wp:attachment":[{"href":"https:\/\/compuviper.mx\/tienda\/wp-json\/wp\/v2\/media?parent=214962"}],"wp:term":[{"taxonomy":"product_cat","embeddable":true,"href":"https:\/\/compuviper.mx\/tienda\/wp-json\/wp\/v2\/product_cat?post=214962"},{"taxonomy":"product_tag","embeddable":true,"href":"https:\/\/compuviper.mx\/tienda\/wp-json\/wp\/v2\/product_tag?post=214962"}],"curies":[{"name":"wp","href":"https:\/\/api.w.org\/{rel}","templated":true}]}}