{"id":214884,"date":"2026-04-07T23:53:18","date_gmt":"2026-04-08T05:53:18","guid":{"rendered":"https:\/\/compuviper.mx\/tienda\/producto\/silimex-aerojet-360-440ml-aerojet-aire-comprimido-removedor-de-polvo-de-440-ml\/"},"modified":"2026-04-07T23:53:19","modified_gmt":"2026-04-08T05:53:19","slug":"silimex-aero-jet-440-ml-aire-comprimido-aire-comprimido-aerojet-removedor-de-polvo-de-440-ml","status":"publish","type":"product","link":"https:\/\/compuviper.mx\/tienda\/producto\/silimex-aero-jet-440-ml-aire-comprimido-aire-comprimido-aerojet-removedor-de-polvo-de-440-ml\/","title":{"rendered":"Silimex Aero Jet 440 Ml Aire Comprimido Aire Comprimido Aerojet Removedor De Polvo  De 440 Ml"},"content":{"rendered":"<table class=\"descripcion\">\n<tr>\n<td>Aerojet 440<\/td>\n<\/tr>\n<tr>\n<td>Descripci\u00f3n:<\/td>\n<\/tr>\n<tr>\n<td>Removedor de polvo para limpieza de equipos electr\u00f3nicos y de computo (uso interno y externo).<\/td>\n<\/tr>\n<tr>\n<td>Caracter\u00edsticas:<\/td>\n<\/tr>\n<tr>\n<td>-alta presi\u00f3n (90 lb \/ pulg2) a temperatura ambiente.<\/td>\n<\/tr>\n<tr>\n<td>-extensor para lugares de dif\u00edcil acceso.<\/td>\n<\/tr>\n<tr>\n<td>-no da\u00f1a ningun tipo de materiales.<\/td>\n<\/tr>\n<tr>\n<td>-no t\u00f3xico.<\/td>\n<\/tr>\n<tr>\n<td>-libre de cfc y hcfc.<\/td>\n<\/tr>\n<tr>\n<td>-alto rendimiento.<\/td>\n<\/tr>\n<tr>\n<td>Presentaci\u00f3n:<\/td>\n<\/tr>\n<tr>\n<td>440 ml.<\/td>\n<\/tr>\n<tr>\n<td>Datos t\u00e9cnicos:<\/td>\n<\/tr>\n<tr>\n<td>-ph: n\/a<\/td>\n<\/tr>\n<tr>\n<td>-densidad: 1.1 g\/ml<\/td>\n<\/tr>\n<tr>\n<td>-solubilidad en agua: insoluble<\/td>\n<\/tr>\n<tr>\n<td>-punto de inflamabilidad: n\/a<\/td>\n<\/tr>\n<tr>\n<td>-almacenamiento: almacenarse en lugares frescos, no mayor a una temperatura de 40\u00b0c<\/td>\n<\/tr>\n<tr>\n<td>-apariencia: gas<\/td>\n<\/tr>\n<tr>\n<td>-conductividad: 0 \u00bfs<\/td>\n<\/tr>\n<tr>\n<td>-color: incoloro<\/td>\n<\/tr>\n<tr>\n<td>-aroma: ligeramente et\u00e9reo<\/td>\n<\/tr>\n<tr>\n<td>Usos y aplicaciones:<\/td>\n<\/tr>\n<tr>\n<td>Producto formulado para remover por presi\u00f3n polvo y suciedad. no da\u00f1a componentes, puede utilizarse en el hogar, la oficina y en los autom\u00f3viles.<\/td>\n<\/tr>\n<\/table>\n","protected":false},"excerpt":{"rendered":"<p>Aerojet es un removedor de polvo en aerosol, tiene un alto rendimiento. Es ideal para la limpieza de productos electr\u00f3nicos tanto interna como externa, puede aplicarse en cualquier posici\u00f3n del envase para los lugares de dif\u00edcil acceso sin desperdiciar producto. Remueve el polvo con aerojet.<\/p>\n","protected":false},"featured_media":214885,"comment_status":"open","ping_status":"open","template":"","meta":[],"product_cat":[1619,1626],"product_tag":[1621],"acf":[],"yoast_head":"<!-- This site is optimized with the Yoast SEO plugin v21.7 - https:\/\/yoast.com\/wordpress\/plugins\/seo\/ -->\n<title>[ Silimex ] &#129351; Aero Jet 440 Ml Aire Comprimido Aire Comprimido Aerojet Removedor De Polvo De 440 Ml<\/title>\n<meta name=\"description\" content=\"Compra Aero Jet 440 Ml Aire Comprimido Aire Comprimido Aerojet Removedor De Polvo De 440 Ml + Env\u00edo a domicilio + Pago seguro + Garant\u00eda\" \/>\n<meta name=\"robots\" content=\"index, follow, max-snippet:-1, max-image-preview:large, max-video-preview:-1\" \/>\n<link rel=\"canonical\" href=\"https:\/\/compuviper.mx\/tienda\/producto\/silimex-aero-jet-440-ml-aire-comprimido-aire-comprimido-aerojet-removedor-de-polvo-de-440-ml\/\" \/>\n<meta property=\"og:locale\" content=\"es_MX\" \/>\n<meta property=\"og:type\" content=\"article\" \/>\n<meta property=\"og:title\" content=\"[ Silimex ] &#129351; Aero Jet 440 Ml Aire Comprimido Aire Comprimido Aerojet Removedor De Polvo De 440 Ml\" \/>\n<meta property=\"og:description\" content=\"Compra Aero Jet 440 Ml Aire Comprimido Aire Comprimido Aerojet Removedor De Polvo De 440 Ml + Env\u00edo a domicilio + Pago seguro + Garant\u00eda\" \/>\n<meta property=\"og:url\" content=\"https:\/\/compuviper.mx\/tienda\/producto\/silimex-aero-jet-440-ml-aire-comprimido-aire-comprimido-aerojet-removedor-de-polvo-de-440-ml\/\" \/>\n<meta property=\"og:site_name\" content=\"Compuviper\" \/>\n<meta property=\"article:publisher\" content=\"https:\/\/www.facebook.com\/compuviper\" \/>\n<meta property=\"article:modified_time\" content=\"2026-04-08T05:53:19+00:00\" \/>\n<meta property=\"og:image\" content=\"https:\/\/compuviper.mx\/tienda\/wp-content\/uploads\/2023\/12\/Aerojet-aire-comprimido-removedor-de-polvo-silimex-de-440-ml.jpg\" \/>\n\t<meta property=\"og:image:width\" content=\"200\" \/>\n\t<meta property=\"og:image:height\" content=\"200\" \/>\n\t<meta property=\"og:image:type\" content=\"image\/jpeg\" \/>\n<meta name=\"twitter:card\" content=\"summary_large_image\" \/>\n<meta name=\"twitter:label1\" content=\"Precio\" \/>\n\t<meta name=\"twitter:data1\" content=\"&#36;137 con IVA\" \/>\n\t<meta name=\"twitter:label2\" content=\"Availability\" \/>\n\t<meta name=\"twitter:data2\" content=\"In stock\" \/>\n<script type=\"application\/ld+json\" class=\"yoast-schema-graph\">{\"@context\":\"https:\/\/schema.org\",\"@graph\":[{\"@type\":\"WebPage\",\"@id\":\"https:\/\/compuviper.mx\/tienda\/producto\/silimex-aero-jet-440-ml-aire-comprimido-aire-comprimido-aerojet-removedor-de-polvo-de-440-ml\/\",\"url\":\"https:\/\/compuviper.mx\/tienda\/producto\/silimex-aero-jet-440-ml-aire-comprimido-aire-comprimido-aerojet-removedor-de-polvo-de-440-ml\/\",\"name\":\"[ Silimex ] &#129351; Aero Jet 440 Ml Aire Comprimido Aire Comprimido Aerojet Removedor De Polvo De 440 Ml\",\"isPartOf\":{\"@id\":\"https:\/\/compuviper.mx\/tienda\/#website\"},\"datePublished\":\"2026-04-08T05:53:18+00:00\",\"dateModified\":\"2026-04-08T05:53:19+00:00\",\"description\":\"Compra Aero Jet 440 Ml Aire Comprimido Aire Comprimido Aerojet Removedor De Polvo De 440 Ml + Env\u00edo a domicilio + Pago seguro + Garant\u00eda\",\"breadcrumb\":{\"@id\":\"https:\/\/compuviper.mx\/tienda\/producto\/silimex-aero-jet-440-ml-aire-comprimido-aire-comprimido-aerojet-removedor-de-polvo-de-440-ml\/#breadcrumb\"},\"inLanguage\":\"es-MX\",\"potentialAction\":[{\"@type\":\"ReadAction\",\"target\":[\"https:\/\/compuviper.mx\/tienda\/producto\/silimex-aero-jet-440-ml-aire-comprimido-aire-comprimido-aerojet-removedor-de-polvo-de-440-ml\/\"]}]},{\"@type\":\"BreadcrumbList\",\"@id\":\"https:\/\/compuviper.mx\/tienda\/producto\/silimex-aero-jet-440-ml-aire-comprimido-aire-comprimido-aerojet-removedor-de-polvo-de-440-ml\/#breadcrumb\",\"itemListElement\":[{\"@type\":\"ListItem\",\"position\":1,\"name\":\"Inicio\",\"item\":\"https:\/\/compuviper.mx\/tienda\/\"},{\"@type\":\"ListItem\",\"position\":2,\"name\":\"Productos\",\"item\":\"https:\/\/compuviper.mx\/tienda\/productos\/\"},{\"@type\":\"ListItem\",\"position\":3,\"name\":\"Productos De Limpieza\",\"item\":\"https:\/\/compuviper.mx\/tienda\/categoria-producto\/productos-de-limpieza\/\"},{\"@type\":\"ListItem\",\"position\":4,\"name\":\"Removedor De Polvo\",\"item\":\"https:\/\/compuviper.mx\/tienda\/categoria-producto\/productos-de-limpieza\/removedor-de-polvo\/\"},{\"@type\":\"ListItem\",\"position\":5,\"name\":\"Silimex Aero Jet 440 Ml Aire Comprimido Aire Comprimido Aerojet Removedor De Polvo De 440 Ml\"}]},{\"@type\":\"WebSite\",\"@id\":\"https:\/\/compuviper.mx\/tienda\/#website\",\"url\":\"https:\/\/compuviper.mx\/tienda\/\",\"name\":\"Compuviper\",\"description\":\"Proveedor de Computadoras, Laptops, Servidores, Monitores, Puntos de Venta, Teclados,   Impresoras, T\u00f3ner, C\u00e1maras de Seguridad y m\u00e1s en tu tienda en l\u00ednea\",\"publisher\":{\"@id\":\"https:\/\/compuviper.mx\/tienda\/#organization\"},\"potentialAction\":[{\"@type\":\"SearchAction\",\"target\":{\"@type\":\"EntryPoint\",\"urlTemplate\":\"https:\/\/compuviper.mx\/tienda\/?s={search_term_string}\"},\"query-input\":\"required name=search_term_string\"}],\"inLanguage\":\"es-MX\"},{\"@type\":\"Organization\",\"@id\":\"https:\/\/compuviper.mx\/tienda\/#organization\",\"name\":\"Compuviper\",\"url\":\"https:\/\/compuviper.mx\/tienda\/\",\"logo\":{\"@type\":\"ImageObject\",\"inLanguage\":\"es-MX\",\"@id\":\"https:\/\/compuviper.mx\/tienda\/#\/schema\/logo\/image\/\",\"url\":\"https:\/\/compuviper.mx\/tienda\/wp-content\/uploads\/2021\/08\/Logo-Compuviper-10.png\",\"contentUrl\":\"https:\/\/compuviper.mx\/tienda\/wp-content\/uploads\/2021\/08\/Logo-Compuviper-10.png\",\"width\":1000,\"height\":500,\"caption\":\"Compuviper\"},\"image\":{\"@id\":\"https:\/\/compuviper.mx\/tienda\/#\/schema\/logo\/image\/\"},\"sameAs\":[\"https:\/\/www.facebook.com\/compuviper\",\"https:\/\/www.youtube.com\/channel\/UCf73dERp9Y3cfOq7q8BhLjA?view_as=subscriber\"]}]}<\/script>\n<meta property=\"product:brand\" content=\"SILIMEX\" \/>\n<meta property=\"product:price:amount\" content=\"137\" \/>\n<meta property=\"product:price:currency\" content=\"MXN\" \/>\n<meta property=\"og:availability\" content=\"instock\" \/>\n<meta property=\"product:availability\" content=\"instock\" \/>\n<meta property=\"product:retailer_item_id\" content=\"AERO JET 440 ML AIRE COMPRIMIDO\" \/>\n<meta property=\"product:condition\" content=\"new\" \/>\n<!-- \/ Yoast SEO plugin. -->","yoast_head_json":{"title":"[ Silimex ] &#129351; Aero Jet 440 Ml Aire Comprimido Aire Comprimido Aerojet Removedor De Polvo De 440 Ml","description":"Compra Aero Jet 440 Ml Aire Comprimido Aire Comprimido Aerojet Removedor De Polvo De 440 Ml + Env\u00edo a domicilio + Pago seguro + Garant\u00eda","robots":{"index":"index","follow":"follow","max-snippet":"max-snippet:-1","max-image-preview":"max-image-preview:large","max-video-preview":"max-video-preview:-1"},"canonical":"https:\/\/compuviper.mx\/tienda\/producto\/silimex-aero-jet-440-ml-aire-comprimido-aire-comprimido-aerojet-removedor-de-polvo-de-440-ml\/","og_locale":"es_MX","og_type":"article","og_title":"[ Silimex ] &#129351; Aero Jet 440 Ml Aire Comprimido Aire Comprimido Aerojet Removedor De Polvo De 440 Ml","og_description":"Compra Aero Jet 440 Ml Aire Comprimido Aire Comprimido Aerojet Removedor De Polvo De 440 Ml + Env\u00edo a domicilio + Pago seguro + Garant\u00eda","og_url":"https:\/\/compuviper.mx\/tienda\/producto\/silimex-aero-jet-440-ml-aire-comprimido-aire-comprimido-aerojet-removedor-de-polvo-de-440-ml\/","og_site_name":"Compuviper","article_publisher":"https:\/\/www.facebook.com\/compuviper","article_modified_time":"2026-04-08T05:53:19+00:00","og_image":[{"width":200,"height":200,"url":"https:\/\/compuviper.mx\/tienda\/wp-content\/uploads\/2023\/12\/Aerojet-aire-comprimido-removedor-de-polvo-silimex-de-440-ml.jpg","type":"image\/jpeg"}],"twitter_card":"summary_large_image","twitter_misc":{"Precio":"&#36;137 con IVA","Availability":"In stock"},"schema":{"@context":"https:\/\/schema.org","@graph":[{"@type":"WebPage","@id":"https:\/\/compuviper.mx\/tienda\/producto\/silimex-aero-jet-440-ml-aire-comprimido-aire-comprimido-aerojet-removedor-de-polvo-de-440-ml\/","url":"https:\/\/compuviper.mx\/tienda\/producto\/silimex-aero-jet-440-ml-aire-comprimido-aire-comprimido-aerojet-removedor-de-polvo-de-440-ml\/","name":"[ Silimex ] &#129351; Aero Jet 440 Ml Aire Comprimido Aire Comprimido Aerojet Removedor De Polvo De 440 Ml","isPartOf":{"@id":"https:\/\/compuviper.mx\/tienda\/#website"},"datePublished":"2026-04-08T05:53:18+00:00","dateModified":"2026-04-08T05:53:19+00:00","description":"Compra Aero Jet 440 Ml Aire Comprimido Aire Comprimido Aerojet Removedor De Polvo De 440 Ml + Env\u00edo a domicilio + Pago seguro + Garant\u00eda","breadcrumb":{"@id":"https:\/\/compuviper.mx\/tienda\/producto\/silimex-aero-jet-440-ml-aire-comprimido-aire-comprimido-aerojet-removedor-de-polvo-de-440-ml\/#breadcrumb"},"inLanguage":"es-MX","potentialAction":[{"@type":"ReadAction","target":["https:\/\/compuviper.mx\/tienda\/producto\/silimex-aero-jet-440-ml-aire-comprimido-aire-comprimido-aerojet-removedor-de-polvo-de-440-ml\/"]}]},{"@type":"BreadcrumbList","@id":"https:\/\/compuviper.mx\/tienda\/producto\/silimex-aero-jet-440-ml-aire-comprimido-aire-comprimido-aerojet-removedor-de-polvo-de-440-ml\/#breadcrumb","itemListElement":[{"@type":"ListItem","position":1,"name":"Inicio","item":"https:\/\/compuviper.mx\/tienda\/"},{"@type":"ListItem","position":2,"name":"Productos","item":"https:\/\/compuviper.mx\/tienda\/productos\/"},{"@type":"ListItem","position":3,"name":"Productos De Limpieza","item":"https:\/\/compuviper.mx\/tienda\/categoria-producto\/productos-de-limpieza\/"},{"@type":"ListItem","position":4,"name":"Removedor De Polvo","item":"https:\/\/compuviper.mx\/tienda\/categoria-producto\/productos-de-limpieza\/removedor-de-polvo\/"},{"@type":"ListItem","position":5,"name":"Silimex Aero Jet 440 Ml Aire Comprimido Aire Comprimido Aerojet Removedor De Polvo De 440 Ml"}]},{"@type":"WebSite","@id":"https:\/\/compuviper.mx\/tienda\/#website","url":"https:\/\/compuviper.mx\/tienda\/","name":"Compuviper","description":"Proveedor de Computadoras, Laptops, Servidores, Monitores, Puntos de Venta, Teclados,   Impresoras, T\u00f3ner, C\u00e1maras de Seguridad y m\u00e1s en tu tienda en l\u00ednea","publisher":{"@id":"https:\/\/compuviper.mx\/tienda\/#organization"},"potentialAction":[{"@type":"SearchAction","target":{"@type":"EntryPoint","urlTemplate":"https:\/\/compuviper.mx\/tienda\/?s={search_term_string}"},"query-input":"required name=search_term_string"}],"inLanguage":"es-MX"},{"@type":"Organization","@id":"https:\/\/compuviper.mx\/tienda\/#organization","name":"Compuviper","url":"https:\/\/compuviper.mx\/tienda\/","logo":{"@type":"ImageObject","inLanguage":"es-MX","@id":"https:\/\/compuviper.mx\/tienda\/#\/schema\/logo\/image\/","url":"https:\/\/compuviper.mx\/tienda\/wp-content\/uploads\/2021\/08\/Logo-Compuviper-10.png","contentUrl":"https:\/\/compuviper.mx\/tienda\/wp-content\/uploads\/2021\/08\/Logo-Compuviper-10.png","width":1000,"height":500,"caption":"Compuviper"},"image":{"@id":"https:\/\/compuviper.mx\/tienda\/#\/schema\/logo\/image\/"},"sameAs":["https:\/\/www.facebook.com\/compuviper","https:\/\/www.youtube.com\/channel\/UCf73dERp9Y3cfOq7q8BhLjA?view_as=subscriber"]}]},"product_brand":"SILIMEX","product_price_amount":"137","product_price_currency":"MXN","og_availability":"instock","product_availability":"instock","product_retailer_item_id":"AERO JET 440 ML AIRE COMPRIMIDO","product_condition":"new"},"_links":{"self":[{"href":"https:\/\/compuviper.mx\/tienda\/wp-json\/wp\/v2\/product\/214884"}],"collection":[{"href":"https:\/\/compuviper.mx\/tienda\/wp-json\/wp\/v2\/product"}],"about":[{"href":"https:\/\/compuviper.mx\/tienda\/wp-json\/wp\/v2\/types\/product"}],"replies":[{"embeddable":true,"href":"https:\/\/compuviper.mx\/tienda\/wp-json\/wp\/v2\/comments?post=214884"}],"wp:featuredmedia":[{"embeddable":true,"href":"https:\/\/compuviper.mx\/tienda\/wp-json\/wp\/v2\/media\/214885"}],"wp:attachment":[{"href":"https:\/\/compuviper.mx\/tienda\/wp-json\/wp\/v2\/media?parent=214884"}],"wp:term":[{"taxonomy":"product_cat","embeddable":true,"href":"https:\/\/compuviper.mx\/tienda\/wp-json\/wp\/v2\/product_cat?post=214884"},{"taxonomy":"product_tag","embeddable":true,"href":"https:\/\/compuviper.mx\/tienda\/wp-json\/wp\/v2\/product_tag?post=214884"}],"curies":[{"name":"wp","href":"https:\/\/api.w.org\/{rel}","templated":true}]}}