{"id":214805,"date":"2026-04-07T23:53:05","date_gmt":"2026-04-08T05:53:05","guid":{"rendered":"https:\/\/compuviper.mx\/tienda\/producto\/silimex-1-litro-isopropilico-alcohol-isopropilico-envase-de-1-lt\/"},"modified":"2026-04-07T23:53:05","modified_gmt":"2026-04-08T05:53:05","slug":"silimex-alcohol-1lt-alcohol-isopropilico-envase-de-1-lt","status":"publish","type":"product","link":"https:\/\/compuviper.mx\/tienda\/producto\/silimex-alcohol-1lt-alcohol-isopropilico-envase-de-1-lt\/","title":{"rendered":"Silimex Alcohol 1lt Alcohol Isopropilico Envase De 1 Lt"},"content":{"rendered":"<table class=\"descripcion\">\n<tr>\n<td>Descrpci\u00f3n:<\/td>\n<\/tr>\n<tr>\n<td>Alcohol isoprop\u00edlico para limpieza de equipos de c\u00f3mputo y electr\u00f3nica.<\/td>\n<\/tr>\n<tr>\n<td>Aplicaciones:<\/td>\n<\/tr>\n<tr>\n<td>Limpia tarjetas electr\u00f3nicas y arneses de equipos de c\u00f3mputo, video, telef\u00f3nicos asi como circuitos electr\u00f3nicos de cualquier naturaleza.<\/td>\n<\/tr>\n<tr>\n<td>Indicaciones de uso:<\/td>\n<\/tr>\n<tr>\n<td>No necesita ser agitatlo antes de usar. debe aplicar el producto a una distancia de 15 a 20 cm.para evitar el choque t\u00e9rmico. puese auxiliarse de una brocha si hay exceso de suciedad. este producto se evapora a los pocos minutos y deja una capa protectora repelente al polvo. puede usarse en equipos de funcionamiento continuo.<\/td>\n<\/tr>\n<tr>\n<td>Precauciones:<\/td>\n<\/tr>\n<tr>\n<td>Mantenga el envase en un lugar fresco y ventilado, aleje de fuentes de calor. no se ingiera, en caso de ingestion, consulte al m\u00e9dico.producto flamable. no se deje destapado. evite el contacto con los ojos. no se deje al alcance de los ni\u00f1os.<\/td>\n<\/tr>\n<tr>\n<td>Presentacion:<\/td>\n<\/tr>\n<tr>\n<td>1000 ml, y de 250 ml, en spray.<\/td>\n<\/tr>\n<tr>\n<td>Contenido por caja:<\/td>\n<\/tr>\n<tr>\n<td>1 l 9 piezas.<\/td>\n<\/tr>\n<\/table>\n","protected":false},"excerpt":{"rendered":"<p>Alcohol isoprop\u00edlico para limpieza de equipos de c\u00f3mputo y electr\u00f3nica.<\/p>\n","protected":false},"featured_media":214806,"comment_status":"open","ping_status":"open","template":"","meta":[],"product_cat":[1628,1619],"product_tag":[1621],"acf":[],"yoast_head":"<!-- This site is optimized with the Yoast SEO plugin v21.7 - https:\/\/yoast.com\/wordpress\/plugins\/seo\/ -->\n<title>[ Silimex ] &#129351; Alcohol 1lt Alcohol Isopropilico Envase De 1 Lt<\/title>\n<meta name=\"description\" content=\"Compra Alcohol 1lt Alcohol Isopropilico Envase De 1 Lt + Env\u00edo a domicilio + Pago seguro + Garant\u00eda\" \/>\n<meta name=\"robots\" content=\"index, follow, max-snippet:-1, max-image-preview:large, max-video-preview:-1\" \/>\n<link rel=\"canonical\" href=\"https:\/\/compuviper.mx\/tienda\/producto\/silimex-alcohol-1lt-alcohol-isopropilico-envase-de-1-lt\/\" \/>\n<meta property=\"og:locale\" content=\"es_MX\" \/>\n<meta property=\"og:type\" content=\"article\" \/>\n<meta property=\"og:title\" content=\"[ Silimex ] &#129351; Alcohol 1lt Alcohol Isopropilico Envase De 1 Lt\" \/>\n<meta property=\"og:description\" content=\"Compra Alcohol 1lt Alcohol Isopropilico Envase De 1 Lt + Env\u00edo a domicilio + Pago seguro + Garant\u00eda\" \/>\n<meta property=\"og:url\" content=\"https:\/\/compuviper.mx\/tienda\/producto\/silimex-alcohol-1lt-alcohol-isopropilico-envase-de-1-lt\/\" \/>\n<meta property=\"og:site_name\" content=\"Compuviper\" \/>\n<meta property=\"article:publisher\" content=\"https:\/\/www.facebook.com\/compuviper\" \/>\n<meta property=\"og:image\" content=\"https:\/\/compuviper.mx\/tienda\/wp-content\/uploads\/2023\/12\/Alcohol-isopropilico-envase-de-1-lt-silimex.jpg\" \/>\n\t<meta property=\"og:image:width\" content=\"200\" \/>\n\t<meta property=\"og:image:height\" content=\"200\" \/>\n\t<meta property=\"og:image:type\" content=\"image\/jpeg\" \/>\n<meta name=\"twitter:card\" content=\"summary_large_image\" \/>\n<meta name=\"twitter:label1\" content=\"Precio\" \/>\n\t<meta name=\"twitter:data1\" content=\"&#36;171 con IVA\" \/>\n\t<meta name=\"twitter:label2\" content=\"Availability\" \/>\n\t<meta name=\"twitter:data2\" content=\"In stock\" \/>\n<script type=\"application\/ld+json\" class=\"yoast-schema-graph\">{\"@context\":\"https:\/\/schema.org\",\"@graph\":[{\"@type\":\"WebPage\",\"@id\":\"https:\/\/compuviper.mx\/tienda\/producto\/silimex-alcohol-1lt-alcohol-isopropilico-envase-de-1-lt\/\",\"url\":\"https:\/\/compuviper.mx\/tienda\/producto\/silimex-alcohol-1lt-alcohol-isopropilico-envase-de-1-lt\/\",\"name\":\"[ Silimex ] &#129351; Alcohol 1lt Alcohol Isopropilico Envase De 1 Lt\",\"isPartOf\":{\"@id\":\"https:\/\/compuviper.mx\/tienda\/#website\"},\"datePublished\":\"2026-04-08T05:53:05+00:00\",\"dateModified\":\"2026-04-08T05:53:05+00:00\",\"description\":\"Compra Alcohol 1lt Alcohol Isopropilico Envase De 1 Lt + Env\u00edo a domicilio + Pago seguro + Garant\u00eda\",\"breadcrumb\":{\"@id\":\"https:\/\/compuviper.mx\/tienda\/producto\/silimex-alcohol-1lt-alcohol-isopropilico-envase-de-1-lt\/#breadcrumb\"},\"inLanguage\":\"es-MX\",\"potentialAction\":[{\"@type\":\"ReadAction\",\"target\":[\"https:\/\/compuviper.mx\/tienda\/producto\/silimex-alcohol-1lt-alcohol-isopropilico-envase-de-1-lt\/\"]}]},{\"@type\":\"BreadcrumbList\",\"@id\":\"https:\/\/compuviper.mx\/tienda\/producto\/silimex-alcohol-1lt-alcohol-isopropilico-envase-de-1-lt\/#breadcrumb\",\"itemListElement\":[{\"@type\":\"ListItem\",\"position\":1,\"name\":\"Inicio\",\"item\":\"https:\/\/compuviper.mx\/tienda\/\"},{\"@type\":\"ListItem\",\"position\":2,\"name\":\"Productos\",\"item\":\"https:\/\/compuviper.mx\/tienda\/productos\/\"},{\"@type\":\"ListItem\",\"position\":3,\"name\":\"Productos De Limpieza\",\"item\":\"https:\/\/compuviper.mx\/tienda\/categoria-producto\/productos-de-limpieza\/\"},{\"@type\":\"ListItem\",\"position\":4,\"name\":\"Limpiadores De Tarjetas Electronicas\",\"item\":\"https:\/\/compuviper.mx\/tienda\/categoria-producto\/productos-de-limpieza\/limpiadores-de-tarjetas-electronicas\/\"},{\"@type\":\"ListItem\",\"position\":5,\"name\":\"Silimex Alcohol 1lt Alcohol Isopropilico Envase De 1 Lt\"}]},{\"@type\":\"WebSite\",\"@id\":\"https:\/\/compuviper.mx\/tienda\/#website\",\"url\":\"https:\/\/compuviper.mx\/tienda\/\",\"name\":\"Compuviper\",\"description\":\"Proveedor de Computadoras, Laptops, Servidores, Monitores, Puntos de Venta, Teclados,   Impresoras, T\u00f3ner, C\u00e1maras de Seguridad y m\u00e1s en tu tienda en l\u00ednea\",\"publisher\":{\"@id\":\"https:\/\/compuviper.mx\/tienda\/#organization\"},\"potentialAction\":[{\"@type\":\"SearchAction\",\"target\":{\"@type\":\"EntryPoint\",\"urlTemplate\":\"https:\/\/compuviper.mx\/tienda\/?s={search_term_string}\"},\"query-input\":\"required name=search_term_string\"}],\"inLanguage\":\"es-MX\"},{\"@type\":\"Organization\",\"@id\":\"https:\/\/compuviper.mx\/tienda\/#organization\",\"name\":\"Compuviper\",\"url\":\"https:\/\/compuviper.mx\/tienda\/\",\"logo\":{\"@type\":\"ImageObject\",\"inLanguage\":\"es-MX\",\"@id\":\"https:\/\/compuviper.mx\/tienda\/#\/schema\/logo\/image\/\",\"url\":\"https:\/\/compuviper.mx\/tienda\/wp-content\/uploads\/2021\/08\/Logo-Compuviper-10.png\",\"contentUrl\":\"https:\/\/compuviper.mx\/tienda\/wp-content\/uploads\/2021\/08\/Logo-Compuviper-10.png\",\"width\":1000,\"height\":500,\"caption\":\"Compuviper\"},\"image\":{\"@id\":\"https:\/\/compuviper.mx\/tienda\/#\/schema\/logo\/image\/\"},\"sameAs\":[\"https:\/\/www.facebook.com\/compuviper\",\"https:\/\/www.youtube.com\/channel\/UCf73dERp9Y3cfOq7q8BhLjA?view_as=subscriber\"]}]}<\/script>\n<meta property=\"product:brand\" content=\"SILIMEX\" \/>\n<meta property=\"product:price:amount\" content=\"171\" \/>\n<meta property=\"product:price:currency\" content=\"MXN\" \/>\n<meta property=\"og:availability\" content=\"instock\" \/>\n<meta property=\"product:availability\" content=\"instock\" \/>\n<meta property=\"product:retailer_item_id\" content=\"ALCOHOL 1LT\" \/>\n<meta property=\"product:condition\" content=\"new\" \/>\n<!-- \/ Yoast SEO plugin. -->","yoast_head_json":{"title":"[ Silimex ] &#129351; Alcohol 1lt Alcohol Isopropilico Envase De 1 Lt","description":"Compra Alcohol 1lt Alcohol Isopropilico Envase De 1 Lt + Env\u00edo a domicilio + Pago seguro + Garant\u00eda","robots":{"index":"index","follow":"follow","max-snippet":"max-snippet:-1","max-image-preview":"max-image-preview:large","max-video-preview":"max-video-preview:-1"},"canonical":"https:\/\/compuviper.mx\/tienda\/producto\/silimex-alcohol-1lt-alcohol-isopropilico-envase-de-1-lt\/","og_locale":"es_MX","og_type":"article","og_title":"[ Silimex ] &#129351; Alcohol 1lt Alcohol Isopropilico Envase De 1 Lt","og_description":"Compra Alcohol 1lt Alcohol Isopropilico Envase De 1 Lt + Env\u00edo a domicilio + Pago seguro + Garant\u00eda","og_url":"https:\/\/compuviper.mx\/tienda\/producto\/silimex-alcohol-1lt-alcohol-isopropilico-envase-de-1-lt\/","og_site_name":"Compuviper","article_publisher":"https:\/\/www.facebook.com\/compuviper","og_image":[{"width":200,"height":200,"url":"https:\/\/compuviper.mx\/tienda\/wp-content\/uploads\/2023\/12\/Alcohol-isopropilico-envase-de-1-lt-silimex.jpg","type":"image\/jpeg"}],"twitter_card":"summary_large_image","twitter_misc":{"Precio":"&#36;171 con IVA","Availability":"In stock"},"schema":{"@context":"https:\/\/schema.org","@graph":[{"@type":"WebPage","@id":"https:\/\/compuviper.mx\/tienda\/producto\/silimex-alcohol-1lt-alcohol-isopropilico-envase-de-1-lt\/","url":"https:\/\/compuviper.mx\/tienda\/producto\/silimex-alcohol-1lt-alcohol-isopropilico-envase-de-1-lt\/","name":"[ Silimex ] &#129351; Alcohol 1lt Alcohol Isopropilico Envase De 1 Lt","isPartOf":{"@id":"https:\/\/compuviper.mx\/tienda\/#website"},"datePublished":"2026-04-08T05:53:05+00:00","dateModified":"2026-04-08T05:53:05+00:00","description":"Compra Alcohol 1lt Alcohol Isopropilico Envase De 1 Lt + Env\u00edo a domicilio + Pago seguro + Garant\u00eda","breadcrumb":{"@id":"https:\/\/compuviper.mx\/tienda\/producto\/silimex-alcohol-1lt-alcohol-isopropilico-envase-de-1-lt\/#breadcrumb"},"inLanguage":"es-MX","potentialAction":[{"@type":"ReadAction","target":["https:\/\/compuviper.mx\/tienda\/producto\/silimex-alcohol-1lt-alcohol-isopropilico-envase-de-1-lt\/"]}]},{"@type":"BreadcrumbList","@id":"https:\/\/compuviper.mx\/tienda\/producto\/silimex-alcohol-1lt-alcohol-isopropilico-envase-de-1-lt\/#breadcrumb","itemListElement":[{"@type":"ListItem","position":1,"name":"Inicio","item":"https:\/\/compuviper.mx\/tienda\/"},{"@type":"ListItem","position":2,"name":"Productos","item":"https:\/\/compuviper.mx\/tienda\/productos\/"},{"@type":"ListItem","position":3,"name":"Productos De Limpieza","item":"https:\/\/compuviper.mx\/tienda\/categoria-producto\/productos-de-limpieza\/"},{"@type":"ListItem","position":4,"name":"Limpiadores De Tarjetas Electronicas","item":"https:\/\/compuviper.mx\/tienda\/categoria-producto\/productos-de-limpieza\/limpiadores-de-tarjetas-electronicas\/"},{"@type":"ListItem","position":5,"name":"Silimex Alcohol 1lt Alcohol Isopropilico Envase De 1 Lt"}]},{"@type":"WebSite","@id":"https:\/\/compuviper.mx\/tienda\/#website","url":"https:\/\/compuviper.mx\/tienda\/","name":"Compuviper","description":"Proveedor de Computadoras, Laptops, Servidores, Monitores, Puntos de Venta, Teclados,   Impresoras, T\u00f3ner, C\u00e1maras de Seguridad y m\u00e1s en tu tienda en l\u00ednea","publisher":{"@id":"https:\/\/compuviper.mx\/tienda\/#organization"},"potentialAction":[{"@type":"SearchAction","target":{"@type":"EntryPoint","urlTemplate":"https:\/\/compuviper.mx\/tienda\/?s={search_term_string}"},"query-input":"required name=search_term_string"}],"inLanguage":"es-MX"},{"@type":"Organization","@id":"https:\/\/compuviper.mx\/tienda\/#organization","name":"Compuviper","url":"https:\/\/compuviper.mx\/tienda\/","logo":{"@type":"ImageObject","inLanguage":"es-MX","@id":"https:\/\/compuviper.mx\/tienda\/#\/schema\/logo\/image\/","url":"https:\/\/compuviper.mx\/tienda\/wp-content\/uploads\/2021\/08\/Logo-Compuviper-10.png","contentUrl":"https:\/\/compuviper.mx\/tienda\/wp-content\/uploads\/2021\/08\/Logo-Compuviper-10.png","width":1000,"height":500,"caption":"Compuviper"},"image":{"@id":"https:\/\/compuviper.mx\/tienda\/#\/schema\/logo\/image\/"},"sameAs":["https:\/\/www.facebook.com\/compuviper","https:\/\/www.youtube.com\/channel\/UCf73dERp9Y3cfOq7q8BhLjA?view_as=subscriber"]}]},"product_brand":"SILIMEX","product_price_amount":"171","product_price_currency":"MXN","og_availability":"instock","product_availability":"instock","product_retailer_item_id":"ALCOHOL 1LT","product_condition":"new"},"_links":{"self":[{"href":"https:\/\/compuviper.mx\/tienda\/wp-json\/wp\/v2\/product\/214805"}],"collection":[{"href":"https:\/\/compuviper.mx\/tienda\/wp-json\/wp\/v2\/product"}],"about":[{"href":"https:\/\/compuviper.mx\/tienda\/wp-json\/wp\/v2\/types\/product"}],"replies":[{"embeddable":true,"href":"https:\/\/compuviper.mx\/tienda\/wp-json\/wp\/v2\/comments?post=214805"}],"wp:featuredmedia":[{"embeddable":true,"href":"https:\/\/compuviper.mx\/tienda\/wp-json\/wp\/v2\/media\/214806"}],"wp:attachment":[{"href":"https:\/\/compuviper.mx\/tienda\/wp-json\/wp\/v2\/media?parent=214805"}],"wp:term":[{"taxonomy":"product_cat","embeddable":true,"href":"https:\/\/compuviper.mx\/tienda\/wp-json\/wp\/v2\/product_cat?post=214805"},{"taxonomy":"product_tag","embeddable":true,"href":"https:\/\/compuviper.mx\/tienda\/wp-json\/wp\/v2\/product_tag?post=214805"}],"curies":[{"name":"wp","href":"https:\/\/api.w.org\/{rel}","templated":true}]}}