{"id":214803,"date":"2026-04-07T23:53:05","date_gmt":"2026-04-08T05:53:05","guid":{"rendered":"https:\/\/compuviper.mx\/tienda\/producto\/silimex-lcd-cleaner-kit-60-ml-limpiador-antiestatico-con-atomizador-de-60-ml-c-microfibra\/"},"modified":"2026-04-07T23:53:05","modified_gmt":"2026-04-08T05:53:05","slug":"silimex-kit-lcd-cleaner-60ml-kit-de-limpieza-lcd-cleaner-para-pantallas-con-microfibra-y-bote-de-60-ml","status":"publish","type":"product","link":"https:\/\/compuviper.mx\/tienda\/producto\/silimex-kit-lcd-cleaner-60ml-kit-de-limpieza-lcd-cleaner-para-pantallas-con-microfibra-y-bote-de-60-ml\/","title":{"rendered":"Silimex Kit Lcd Cleaner 60ml Kit De Limpieza Lcd Cleaner Para Pantallas Con Microfibra Y Bote De 60 Ml"},"content":{"rendered":"<table class=\"descripcion\">\n<tr>\n<td>Descripci\u00f3n:<\/td>\n<\/tr>\n<tr>\n<td>Limpiador antiest\u00e1tico de pantallas.<\/td>\n<\/tr>\n<tr>\n<td>Aplicaciones:<\/td>\n<\/tr>\n<tr>\n<td>Se usa en pantallas de plasma. lcd, led, lentes de c\u00e1maras, pantallas de televisores, monitores, tablets, smartphones y laptops.<\/td>\n<\/tr>\n<tr>\n<td>Indicaciones de uso:<\/td>\n<\/tr>\n<tr>\n<td>Su aplicaci\u00f3n correcta es a una distancia de 25 cm. por lo menos, para evitar escurrimientos, ya que solo debe quedar sobre la pantalla un tenue roci\u00f3 que facilite la limpieza. preferentemente debe de auxiliarse con la toalla para frotar y quitar la suciedad, asegurandose de dejar totalmente seca la pantalla checando a contraluz que no haya residuos.<\/td>\n<\/tr>\n<tr>\n<td>Precauciones:<\/td>\n<\/tr>\n<tr>\n<td>No lo deje al alcance de los ni\u00f1os.<\/td>\n<\/tr>\n<tr>\n<td>Presentaci\u00f3n:<\/td>\n<\/tr>\n<tr>\n<td>Kit con bote de 60 ml y toalla de 20&#215;20 cms.<\/td>\n<\/tr>\n<tr>\n<td>Contenido por caja:<\/td>\n<\/tr>\n<tr>\n<td>7 pzs.<\/td>\n<\/tr>\n<\/table>\n","protected":false},"excerpt":{"rendered":"<p>Limpiador antiest\u00e1tico de pantallas presentaci\u00f3n de 60 ml, kit con toalla limpiadora.<\/p>\n","protected":false},"featured_media":214804,"comment_status":"open","ping_status":"open","template":"","meta":[],"product_cat":[1619,1627],"product_tag":[1621],"acf":[],"yoast_head":"<!-- This site is optimized with the Yoast SEO plugin v21.7 - https:\/\/yoast.com\/wordpress\/plugins\/seo\/ -->\n<title>[ Silimex ] &#129351; Kit Lcd Cleaner 60ml Kit De Limpieza Lcd Cleaner Para Pantallas Con Microfibra Y Bote De 60 Ml<\/title>\n<meta name=\"description\" content=\"Compra Kit Lcd Cleaner 60ml Kit De Limpieza Lcd Cleaner Para Pantallas Con Microfibra Y Bote De 60 Ml + Env\u00edo a domicilio + Pago seguro + Garant\u00eda\" \/>\n<meta name=\"robots\" content=\"index, follow, max-snippet:-1, max-image-preview:large, max-video-preview:-1\" \/>\n<link rel=\"canonical\" href=\"https:\/\/compuviper.mx\/tienda\/producto\/silimex-kit-lcd-cleaner-60ml-kit-de-limpieza-lcd-cleaner-para-pantallas-con-microfibra-y-bote-de-60-ml\/\" \/>\n<meta property=\"og:locale\" content=\"es_MX\" \/>\n<meta property=\"og:type\" content=\"article\" \/>\n<meta property=\"og:title\" content=\"[ Silimex ] &#129351; Kit Lcd Cleaner 60ml Kit De Limpieza Lcd Cleaner Para Pantallas Con Microfibra Y Bote De 60 Ml\" \/>\n<meta property=\"og:description\" content=\"Compra Kit Lcd Cleaner 60ml Kit De Limpieza Lcd Cleaner Para Pantallas Con Microfibra Y Bote De 60 Ml + Env\u00edo a domicilio + Pago seguro + Garant\u00eda\" \/>\n<meta property=\"og:url\" content=\"https:\/\/compuviper.mx\/tienda\/producto\/silimex-kit-lcd-cleaner-60ml-kit-de-limpieza-lcd-cleaner-para-pantallas-con-microfibra-y-bote-de-60-ml\/\" \/>\n<meta property=\"og:site_name\" content=\"Compuviper\" \/>\n<meta property=\"article:publisher\" content=\"https:\/\/www.facebook.com\/compuviper\" \/>\n<meta property=\"og:image\" content=\"https:\/\/compuviper.mx\/tienda\/wp-content\/uploads\/2023\/12\/Limpiador-antiestatico-con-atomizador-de-60-ml-silimex-cmicrofibra.jpg\" \/>\n\t<meta property=\"og:image:width\" content=\"200\" \/>\n\t<meta property=\"og:image:height\" content=\"200\" \/>\n\t<meta property=\"og:image:type\" content=\"image\/jpeg\" \/>\n<meta name=\"twitter:card\" content=\"summary_large_image\" \/>\n<meta name=\"twitter:label1\" content=\"Precio\" \/>\n\t<meta name=\"twitter:data1\" content=\"&#36;90 con IVA\" \/>\n\t<meta name=\"twitter:label2\" content=\"Availability\" \/>\n\t<meta name=\"twitter:data2\" content=\"In stock\" \/>\n<script type=\"application\/ld+json\" class=\"yoast-schema-graph\">{\"@context\":\"https:\/\/schema.org\",\"@graph\":[{\"@type\":\"WebPage\",\"@id\":\"https:\/\/compuviper.mx\/tienda\/producto\/silimex-kit-lcd-cleaner-60ml-kit-de-limpieza-lcd-cleaner-para-pantallas-con-microfibra-y-bote-de-60-ml\/\",\"url\":\"https:\/\/compuviper.mx\/tienda\/producto\/silimex-kit-lcd-cleaner-60ml-kit-de-limpieza-lcd-cleaner-para-pantallas-con-microfibra-y-bote-de-60-ml\/\",\"name\":\"[ Silimex ] &#129351; Kit Lcd Cleaner 60ml Kit De Limpieza Lcd Cleaner Para Pantallas Con Microfibra Y Bote De 60 Ml\",\"isPartOf\":{\"@id\":\"https:\/\/compuviper.mx\/tienda\/#website\"},\"datePublished\":\"2026-04-08T05:53:05+00:00\",\"dateModified\":\"2026-04-08T05:53:05+00:00\",\"description\":\"Compra Kit Lcd Cleaner 60ml Kit De Limpieza Lcd Cleaner Para Pantallas Con Microfibra Y Bote De 60 Ml + Env\u00edo a domicilio + Pago seguro + Garant\u00eda\",\"breadcrumb\":{\"@id\":\"https:\/\/compuviper.mx\/tienda\/producto\/silimex-kit-lcd-cleaner-60ml-kit-de-limpieza-lcd-cleaner-para-pantallas-con-microfibra-y-bote-de-60-ml\/#breadcrumb\"},\"inLanguage\":\"es-MX\",\"potentialAction\":[{\"@type\":\"ReadAction\",\"target\":[\"https:\/\/compuviper.mx\/tienda\/producto\/silimex-kit-lcd-cleaner-60ml-kit-de-limpieza-lcd-cleaner-para-pantallas-con-microfibra-y-bote-de-60-ml\/\"]}]},{\"@type\":\"BreadcrumbList\",\"@id\":\"https:\/\/compuviper.mx\/tienda\/producto\/silimex-kit-lcd-cleaner-60ml-kit-de-limpieza-lcd-cleaner-para-pantallas-con-microfibra-y-bote-de-60-ml\/#breadcrumb\",\"itemListElement\":[{\"@type\":\"ListItem\",\"position\":1,\"name\":\"Inicio\",\"item\":\"https:\/\/compuviper.mx\/tienda\/\"},{\"@type\":\"ListItem\",\"position\":2,\"name\":\"Productos\",\"item\":\"https:\/\/compuviper.mx\/tienda\/productos\/\"},{\"@type\":\"ListItem\",\"position\":3,\"name\":\"Productos De Limpieza\",\"item\":\"https:\/\/compuviper.mx\/tienda\/categoria-producto\/productos-de-limpieza\/\"},{\"@type\":\"ListItem\",\"position\":4,\"name\":\"Limpiadores De Pantallas\",\"item\":\"https:\/\/compuviper.mx\/tienda\/categoria-producto\/productos-de-limpieza\/limpiadores-de-pantallas\/\"},{\"@type\":\"ListItem\",\"position\":5,\"name\":\"Silimex Kit Lcd Cleaner 60ml Kit De Limpieza Lcd Cleaner Para Pantallas Con Microfibra Y Bote De 60 Ml\"}]},{\"@type\":\"WebSite\",\"@id\":\"https:\/\/compuviper.mx\/tienda\/#website\",\"url\":\"https:\/\/compuviper.mx\/tienda\/\",\"name\":\"Compuviper\",\"description\":\"Proveedor de Computadoras, Laptops, Servidores, Monitores, Puntos de Venta, Teclados,   Impresoras, T\u00f3ner, C\u00e1maras de Seguridad y m\u00e1s en tu tienda en l\u00ednea\",\"publisher\":{\"@id\":\"https:\/\/compuviper.mx\/tienda\/#organization\"},\"potentialAction\":[{\"@type\":\"SearchAction\",\"target\":{\"@type\":\"EntryPoint\",\"urlTemplate\":\"https:\/\/compuviper.mx\/tienda\/?s={search_term_string}\"},\"query-input\":\"required name=search_term_string\"}],\"inLanguage\":\"es-MX\"},{\"@type\":\"Organization\",\"@id\":\"https:\/\/compuviper.mx\/tienda\/#organization\",\"name\":\"Compuviper\",\"url\":\"https:\/\/compuviper.mx\/tienda\/\",\"logo\":{\"@type\":\"ImageObject\",\"inLanguage\":\"es-MX\",\"@id\":\"https:\/\/compuviper.mx\/tienda\/#\/schema\/logo\/image\/\",\"url\":\"https:\/\/compuviper.mx\/tienda\/wp-content\/uploads\/2021\/08\/Logo-Compuviper-10.png\",\"contentUrl\":\"https:\/\/compuviper.mx\/tienda\/wp-content\/uploads\/2021\/08\/Logo-Compuviper-10.png\",\"width\":1000,\"height\":500,\"caption\":\"Compuviper\"},\"image\":{\"@id\":\"https:\/\/compuviper.mx\/tienda\/#\/schema\/logo\/image\/\"},\"sameAs\":[\"https:\/\/www.facebook.com\/compuviper\",\"https:\/\/www.youtube.com\/channel\/UCf73dERp9Y3cfOq7q8BhLjA?view_as=subscriber\"]}]}<\/script>\n<meta property=\"product:brand\" content=\"SILIMEX\" \/>\n<meta property=\"product:price:amount\" content=\"90\" \/>\n<meta property=\"product:price:currency\" content=\"MXN\" \/>\n<meta property=\"og:availability\" content=\"instock\" \/>\n<meta property=\"product:availability\" content=\"instock\" \/>\n<meta property=\"product:retailer_item_id\" content=\"KIT LCD CLEANER 60ML\" \/>\n<meta property=\"product:condition\" content=\"new\" \/>\n<!-- \/ Yoast SEO plugin. -->","yoast_head_json":{"title":"[ Silimex ] &#129351; Kit Lcd Cleaner 60ml Kit De Limpieza Lcd Cleaner Para Pantallas Con Microfibra Y Bote De 60 Ml","description":"Compra Kit Lcd Cleaner 60ml Kit De Limpieza Lcd Cleaner Para Pantallas Con Microfibra Y Bote De 60 Ml + Env\u00edo a domicilio + Pago seguro + Garant\u00eda","robots":{"index":"index","follow":"follow","max-snippet":"max-snippet:-1","max-image-preview":"max-image-preview:large","max-video-preview":"max-video-preview:-1"},"canonical":"https:\/\/compuviper.mx\/tienda\/producto\/silimex-kit-lcd-cleaner-60ml-kit-de-limpieza-lcd-cleaner-para-pantallas-con-microfibra-y-bote-de-60-ml\/","og_locale":"es_MX","og_type":"article","og_title":"[ Silimex ] &#129351; Kit Lcd Cleaner 60ml Kit De Limpieza Lcd Cleaner Para Pantallas Con Microfibra Y Bote De 60 Ml","og_description":"Compra Kit Lcd Cleaner 60ml Kit De Limpieza Lcd Cleaner Para Pantallas Con Microfibra Y Bote De 60 Ml + Env\u00edo a domicilio + Pago seguro + Garant\u00eda","og_url":"https:\/\/compuviper.mx\/tienda\/producto\/silimex-kit-lcd-cleaner-60ml-kit-de-limpieza-lcd-cleaner-para-pantallas-con-microfibra-y-bote-de-60-ml\/","og_site_name":"Compuviper","article_publisher":"https:\/\/www.facebook.com\/compuviper","og_image":[{"width":200,"height":200,"url":"https:\/\/compuviper.mx\/tienda\/wp-content\/uploads\/2023\/12\/Limpiador-antiestatico-con-atomizador-de-60-ml-silimex-cmicrofibra.jpg","type":"image\/jpeg"}],"twitter_card":"summary_large_image","twitter_misc":{"Precio":"&#36;90 con IVA","Availability":"In stock"},"schema":{"@context":"https:\/\/schema.org","@graph":[{"@type":"WebPage","@id":"https:\/\/compuviper.mx\/tienda\/producto\/silimex-kit-lcd-cleaner-60ml-kit-de-limpieza-lcd-cleaner-para-pantallas-con-microfibra-y-bote-de-60-ml\/","url":"https:\/\/compuviper.mx\/tienda\/producto\/silimex-kit-lcd-cleaner-60ml-kit-de-limpieza-lcd-cleaner-para-pantallas-con-microfibra-y-bote-de-60-ml\/","name":"[ Silimex ] &#129351; Kit Lcd Cleaner 60ml Kit De Limpieza Lcd Cleaner Para Pantallas Con Microfibra Y Bote De 60 Ml","isPartOf":{"@id":"https:\/\/compuviper.mx\/tienda\/#website"},"datePublished":"2026-04-08T05:53:05+00:00","dateModified":"2026-04-08T05:53:05+00:00","description":"Compra Kit Lcd Cleaner 60ml Kit De Limpieza Lcd Cleaner Para Pantallas Con Microfibra Y Bote De 60 Ml + Env\u00edo a domicilio + Pago seguro + Garant\u00eda","breadcrumb":{"@id":"https:\/\/compuviper.mx\/tienda\/producto\/silimex-kit-lcd-cleaner-60ml-kit-de-limpieza-lcd-cleaner-para-pantallas-con-microfibra-y-bote-de-60-ml\/#breadcrumb"},"inLanguage":"es-MX","potentialAction":[{"@type":"ReadAction","target":["https:\/\/compuviper.mx\/tienda\/producto\/silimex-kit-lcd-cleaner-60ml-kit-de-limpieza-lcd-cleaner-para-pantallas-con-microfibra-y-bote-de-60-ml\/"]}]},{"@type":"BreadcrumbList","@id":"https:\/\/compuviper.mx\/tienda\/producto\/silimex-kit-lcd-cleaner-60ml-kit-de-limpieza-lcd-cleaner-para-pantallas-con-microfibra-y-bote-de-60-ml\/#breadcrumb","itemListElement":[{"@type":"ListItem","position":1,"name":"Inicio","item":"https:\/\/compuviper.mx\/tienda\/"},{"@type":"ListItem","position":2,"name":"Productos","item":"https:\/\/compuviper.mx\/tienda\/productos\/"},{"@type":"ListItem","position":3,"name":"Productos De Limpieza","item":"https:\/\/compuviper.mx\/tienda\/categoria-producto\/productos-de-limpieza\/"},{"@type":"ListItem","position":4,"name":"Limpiadores De Pantallas","item":"https:\/\/compuviper.mx\/tienda\/categoria-producto\/productos-de-limpieza\/limpiadores-de-pantallas\/"},{"@type":"ListItem","position":5,"name":"Silimex Kit Lcd Cleaner 60ml Kit De Limpieza Lcd Cleaner Para Pantallas Con Microfibra Y Bote De 60 Ml"}]},{"@type":"WebSite","@id":"https:\/\/compuviper.mx\/tienda\/#website","url":"https:\/\/compuviper.mx\/tienda\/","name":"Compuviper","description":"Proveedor de Computadoras, Laptops, Servidores, Monitores, Puntos de Venta, Teclados,   Impresoras, T\u00f3ner, C\u00e1maras de Seguridad y m\u00e1s en tu tienda en l\u00ednea","publisher":{"@id":"https:\/\/compuviper.mx\/tienda\/#organization"},"potentialAction":[{"@type":"SearchAction","target":{"@type":"EntryPoint","urlTemplate":"https:\/\/compuviper.mx\/tienda\/?s={search_term_string}"},"query-input":"required name=search_term_string"}],"inLanguage":"es-MX"},{"@type":"Organization","@id":"https:\/\/compuviper.mx\/tienda\/#organization","name":"Compuviper","url":"https:\/\/compuviper.mx\/tienda\/","logo":{"@type":"ImageObject","inLanguage":"es-MX","@id":"https:\/\/compuviper.mx\/tienda\/#\/schema\/logo\/image\/","url":"https:\/\/compuviper.mx\/tienda\/wp-content\/uploads\/2021\/08\/Logo-Compuviper-10.png","contentUrl":"https:\/\/compuviper.mx\/tienda\/wp-content\/uploads\/2021\/08\/Logo-Compuviper-10.png","width":1000,"height":500,"caption":"Compuviper"},"image":{"@id":"https:\/\/compuviper.mx\/tienda\/#\/schema\/logo\/image\/"},"sameAs":["https:\/\/www.facebook.com\/compuviper","https:\/\/www.youtube.com\/channel\/UCf73dERp9Y3cfOq7q8BhLjA?view_as=subscriber"]}]},"product_brand":"SILIMEX","product_price_amount":"90","product_price_currency":"MXN","og_availability":"instock","product_availability":"instock","product_retailer_item_id":"KIT LCD CLEANER 60ML","product_condition":"new"},"_links":{"self":[{"href":"https:\/\/compuviper.mx\/tienda\/wp-json\/wp\/v2\/product\/214803"}],"collection":[{"href":"https:\/\/compuviper.mx\/tienda\/wp-json\/wp\/v2\/product"}],"about":[{"href":"https:\/\/compuviper.mx\/tienda\/wp-json\/wp\/v2\/types\/product"}],"replies":[{"embeddable":true,"href":"https:\/\/compuviper.mx\/tienda\/wp-json\/wp\/v2\/comments?post=214803"}],"wp:featuredmedia":[{"embeddable":true,"href":"https:\/\/compuviper.mx\/tienda\/wp-json\/wp\/v2\/media\/214804"}],"wp:attachment":[{"href":"https:\/\/compuviper.mx\/tienda\/wp-json\/wp\/v2\/media?parent=214803"}],"wp:term":[{"taxonomy":"product_cat","embeddable":true,"href":"https:\/\/compuviper.mx\/tienda\/wp-json\/wp\/v2\/product_cat?post=214803"},{"taxonomy":"product_tag","embeddable":true,"href":"https:\/\/compuviper.mx\/tienda\/wp-json\/wp\/v2\/product_tag?post=214803"}],"curies":[{"name":"wp","href":"https:\/\/api.w.org\/{rel}","templated":true}]}}