{"id":214764,"date":"2026-04-21T23:48:24","date_gmt":"2026-04-22T05:48:24","guid":{"rendered":"https:\/\/compuviper.mx\/tienda\/producto\/acteck-ac-936736-disipador-polar-cp-vc100-80-x-25-mm-velocidad-2200-rpm-silencioso-22-db-flujo-de-aire-27-cfm-conector-small-3-pin-tdp-60-w-ac-938129\/"},"modified":"2026-04-21T23:48:25","modified_gmt":"2026-04-22T05:48:25","slug":"acteck-ac-9367367506215936736-disipador-polar-cp-vc100-80-x-25-mm-velocidad-2200-rpm-silencioso-22-db-flujo-de-aire-27-cfm-conector-small-3-pin-tdp-60-w-ac-936736","status":"publish","type":"product","link":"https:\/\/compuviper.mx\/tienda\/producto\/acteck-ac-9367367506215936736-disipador-polar-cp-vc100-80-x-25-mm-velocidad-2200-rpm-silencioso-22-db-flujo-de-aire-27-cfm-conector-small-3-pin-tdp-60-w-ac-936736\/","title":{"rendered":"Acteck Ac-936736,7506215936736 Disipador  Polar Cp Vc100 \/ 80 X 25 Mm \/ Velocidad 2200 Rpm \/ Silencioso 22 Db \/ Flujo De Aire 27 Cfm \/ Conector Small 3 Pin \/ Tdp 60 W \/ Ac-936736"},"content":{"rendered":"<table class=\"descripcion\">\n<tr>\n<td>Especificaciones<\/td>\n<\/tr>\n<tr>\n<td>\u0095 producto: disipador de aire<\/td>\n<\/tr>\n<tr>\n<td>\u0095 modelo: ac-938129<\/td>\n<\/tr>\n<tr>\n<td>\u0095 dimensiones: 103 x 42.5 mm<\/td>\n<\/tr>\n<tr>\n<td>\u0095 dimensiones del disipador: 103 x 42.5 mm<\/td>\n<\/tr>\n<tr>\n<td>\u0095 tama\u00f1o de ventiladores: 80 x 80 x 25 mm<\/td>\n<\/tr>\n<tr>\n<td>\u0095 peso radiador: na<\/td>\n<\/tr>\n<tr>\n<td>\u0095 no. de pipas: na<\/td>\n<\/tr>\n<tr>\n<td>\u0095 velocidad del ventilador ( rpm): 2200 rpm<\/td>\n<\/tr>\n<tr>\n<td>\u0095 flujo de aire: 27 cfm<\/td>\n<\/tr>\n<tr>\n<td>\u0095 presi\u00f3n del aire: 0.47 mmh2o<\/td>\n<\/tr>\n<tr>\n<td>\u0095 ruido: 22 db<\/td>\n<\/tr>\n<tr>\n<td>\u0095 conector del ventilador: small 3 pin<\/td>\n<\/tr>\n<tr>\n<td>\u0095 tipo de rodamiento: hidr\u00e1ulico<\/td>\n<\/tr>\n<tr>\n<td>\u0095 tdp: 60 w<\/td>\n<\/tr>\n<tr>\n<td>\u0095 voltaje: 12 v dc<\/td>\n<\/tr>\n<tr>\n<td>\u0095 amperaje: 0.17 a<\/td>\n<\/tr>\n<tr>\n<td>\u0095 potencia: na<\/td>\n<\/tr>\n<tr>\n<td>\u0095 materiales: aluminio y pl\u00e1stico<\/td>\n<\/tr>\n<tr>\n<td>\u0095 tiempo de vida estimado: 50000 h<\/td>\n<\/tr>\n<tr>\n<td>\u0095 peso neto: 120 g<\/td>\n<\/tr>\n<tr>\n<td>\u0095 compatibilidad<\/td>\n<\/tr>\n<tr>\n<td>      o intel:  lga775 \/ 115x \/ 17xx \/ 1366<\/td>\n<\/tr>\n<tr>\n<td>      o amd: am2 \/ am4 \/ am5  and  am3 s-754 \/ 939 \/ 940<\/td>\n<\/tr>\n<tr>\n<td>\u0095 garant\u00eda: 1 a\u00f1o<\/td>\n<\/tr>\n<\/table>\n","protected":false},"excerpt":{"rendered":"<p>Disipador acteck polar cp vc100 \/ 80 x 25 mm \/ velocidad 2200 rpm \/ silencioso 22 db \/ flujo de aire 27 cfm \/ conector small 3 pin \/ tdp 60 w \/ ac-938129<\/p>\n","protected":false},"featured_media":242121,"comment_status":"open","ping_status":"open","template":"","meta":[],"product_cat":[1859,1612],"product_tag":[1582],"acf":[],"yoast_head":"<!-- This site is optimized with the Yoast SEO plugin v21.7 - https:\/\/yoast.com\/wordpress\/plugins\/seo\/ -->\n<title>[ Acteck ] &#129351; Ac-936736,7506215936736 Disipador Polar Cp Vc100 \/ 80 X 25 Mm \/ Velocidad 2200 Rpm \/ Silencioso 22 Db \/ Flujo De Aire 27 Cfm \/ Conector Small 3 Pin \/ Tdp 60 W \/ Ac-936736<\/title>\n<meta name=\"description\" content=\"Compra Ac-936736,7506215936736 Disipador Polar Cp Vc100 \/ 80 X 25 Mm \/ Velocidad 2200 Rpm \/ Silencioso 22 Db \/ Flujo De Aire 27 Cfm \/ Conector Small 3 Pin \/ Tdp 60 W \/ Ac-936736 + Env\u00edo a domicilio + Pago seguro + Garant\u00eda\" \/>\n<meta name=\"robots\" content=\"index, follow, max-snippet:-1, max-image-preview:large, max-video-preview:-1\" \/>\n<link rel=\"canonical\" href=\"https:\/\/compuviper.mx\/tienda\/producto\/acteck-ac-9367367506215936736-disipador-polar-cp-vc100-80-x-25-mm-velocidad-2200-rpm-silencioso-22-db-flujo-de-aire-27-cfm-conector-small-3-pin-tdp-60-w-ac-936736\/\" \/>\n<meta property=\"og:locale\" content=\"es_MX\" \/>\n<meta property=\"og:type\" content=\"article\" \/>\n<meta property=\"og:title\" content=\"[ Acteck ] &#129351; Ac-936736,7506215936736 Disipador Polar Cp Vc100 \/ 80 X 25 Mm \/ Velocidad 2200 Rpm \/ Silencioso 22 Db \/ Flujo De Aire 27 Cfm \/ Conector Small 3 Pin \/ Tdp 60 W \/ Ac-936736\" \/>\n<meta property=\"og:description\" content=\"Compra Ac-936736,7506215936736 Disipador Polar Cp Vc100 \/ 80 X 25 Mm \/ Velocidad 2200 Rpm \/ Silencioso 22 Db \/ Flujo De Aire 27 Cfm \/ Conector Small 3 Pin \/ Tdp 60 W \/ Ac-936736 + Env\u00edo a domicilio + Pago seguro + Garant\u00eda\" \/>\n<meta property=\"og:url\" content=\"https:\/\/compuviper.mx\/tienda\/producto\/acteck-ac-9367367506215936736-disipador-polar-cp-vc100-80-x-25-mm-velocidad-2200-rpm-silencioso-22-db-flujo-de-aire-27-cfm-conector-small-3-pin-tdp-60-w-ac-936736\/\" \/>\n<meta property=\"og:site_name\" content=\"Compuviper\" \/>\n<meta property=\"article:publisher\" content=\"https:\/\/www.facebook.com\/compuviper\" \/>\n<meta property=\"article:modified_time\" content=\"2026-04-22T05:48:25+00:00\" \/>\n<meta property=\"og:image\" content=\"https:\/\/compuviper.mx\/tienda\/wp-content\/uploads\/2024\/09\/Disipador-acteck-polar-cp-vc100-80-x-25-mm-velocidad-2200-rpm-silencioso-22-db-flujo-de-aire-27-cfm-conector-small-3-pin-tdp-60-w-ac-936736.jpg\" \/>\n\t<meta property=\"og:image:width\" content=\"200\" \/>\n\t<meta property=\"og:image:height\" content=\"200\" \/>\n\t<meta property=\"og:image:type\" content=\"image\/jpeg\" \/>\n<meta name=\"twitter:card\" content=\"summary_large_image\" \/>\n<meta name=\"twitter:label1\" content=\"Precio\" \/>\n\t<meta name=\"twitter:data1\" content=\"&#36;70 con IVA\" \/>\n\t<meta name=\"twitter:label2\" content=\"Availability\" \/>\n\t<meta name=\"twitter:data2\" content=\"In stock\" \/>\n<script type=\"application\/ld+json\" class=\"yoast-schema-graph\">{\"@context\":\"https:\/\/schema.org\",\"@graph\":[{\"@type\":\"WebPage\",\"@id\":\"https:\/\/compuviper.mx\/tienda\/producto\/acteck-ac-9367367506215936736-disipador-polar-cp-vc100-80-x-25-mm-velocidad-2200-rpm-silencioso-22-db-flujo-de-aire-27-cfm-conector-small-3-pin-tdp-60-w-ac-936736\/\",\"url\":\"https:\/\/compuviper.mx\/tienda\/producto\/acteck-ac-9367367506215936736-disipador-polar-cp-vc100-80-x-25-mm-velocidad-2200-rpm-silencioso-22-db-flujo-de-aire-27-cfm-conector-small-3-pin-tdp-60-w-ac-936736\/\",\"name\":\"[ Acteck ] &#129351; Ac-936736,7506215936736 Disipador Polar Cp Vc100 \/ 80 X 25 Mm \/ Velocidad 2200 Rpm \/ Silencioso 22 Db \/ Flujo De Aire 27 Cfm \/ Conector Small 3 Pin \/ Tdp 60 W \/ Ac-936736\",\"isPartOf\":{\"@id\":\"https:\/\/compuviper.mx\/tienda\/#website\"},\"datePublished\":\"2026-04-22T05:48:24+00:00\",\"dateModified\":\"2026-04-22T05:48:25+00:00\",\"description\":\"Compra Ac-936736,7506215936736 Disipador Polar Cp Vc100 \/ 80 X 25 Mm \/ Velocidad 2200 Rpm \/ Silencioso 22 Db \/ Flujo De Aire 27 Cfm \/ Conector Small 3 Pin \/ Tdp 60 W \/ Ac-936736 + Env\u00edo a domicilio + Pago seguro + Garant\u00eda\",\"breadcrumb\":{\"@id\":\"https:\/\/compuviper.mx\/tienda\/producto\/acteck-ac-9367367506215936736-disipador-polar-cp-vc100-80-x-25-mm-velocidad-2200-rpm-silencioso-22-db-flujo-de-aire-27-cfm-conector-small-3-pin-tdp-60-w-ac-936736\/#breadcrumb\"},\"inLanguage\":\"es-MX\",\"potentialAction\":[{\"@type\":\"ReadAction\",\"target\":[\"https:\/\/compuviper.mx\/tienda\/producto\/acteck-ac-9367367506215936736-disipador-polar-cp-vc100-80-x-25-mm-velocidad-2200-rpm-silencioso-22-db-flujo-de-aire-27-cfm-conector-small-3-pin-tdp-60-w-ac-936736\/\"]}]},{\"@type\":\"BreadcrumbList\",\"@id\":\"https:\/\/compuviper.mx\/tienda\/producto\/acteck-ac-9367367506215936736-disipador-polar-cp-vc100-80-x-25-mm-velocidad-2200-rpm-silencioso-22-db-flujo-de-aire-27-cfm-conector-small-3-pin-tdp-60-w-ac-936736\/#breadcrumb\",\"itemListElement\":[{\"@type\":\"ListItem\",\"position\":1,\"name\":\"Inicio\",\"item\":\"https:\/\/compuviper.mx\/tienda\/\"},{\"@type\":\"ListItem\",\"position\":2,\"name\":\"Productos\",\"item\":\"https:\/\/compuviper.mx\/tienda\/productos\/\"},{\"@type\":\"ListItem\",\"position\":3,\"name\":\"Ventiladores\",\"item\":\"https:\/\/compuviper.mx\/tienda\/categoria-producto\/ventiladores\/\"},{\"@type\":\"ListItem\",\"position\":4,\"name\":\"Disipador\",\"item\":\"https:\/\/compuviper.mx\/tienda\/categoria-producto\/ventiladores\/disipador\/\"},{\"@type\":\"ListItem\",\"position\":5,\"name\":\"Acteck Ac-936736,7506215936736 Disipador Polar Cp Vc100 \/ 80 X 25 Mm \/ Velocidad 2200 Rpm \/ Silencioso 22 Db \/ Flujo De Aire 27 Cfm \/ Conector Small 3 Pin \/ Tdp 60 W \/ Ac-936736\"}]},{\"@type\":\"WebSite\",\"@id\":\"https:\/\/compuviper.mx\/tienda\/#website\",\"url\":\"https:\/\/compuviper.mx\/tienda\/\",\"name\":\"Compuviper\",\"description\":\"Proveedor de Computadoras, Laptops, Servidores, Monitores, Puntos de Venta, Teclados,   Impresoras, T\u00f3ner, C\u00e1maras de Seguridad y m\u00e1s en tu tienda en l\u00ednea\",\"publisher\":{\"@id\":\"https:\/\/compuviper.mx\/tienda\/#organization\"},\"potentialAction\":[{\"@type\":\"SearchAction\",\"target\":{\"@type\":\"EntryPoint\",\"urlTemplate\":\"https:\/\/compuviper.mx\/tienda\/?s={search_term_string}\"},\"query-input\":\"required name=search_term_string\"}],\"inLanguage\":\"es-MX\"},{\"@type\":\"Organization\",\"@id\":\"https:\/\/compuviper.mx\/tienda\/#organization\",\"name\":\"Compuviper\",\"url\":\"https:\/\/compuviper.mx\/tienda\/\",\"logo\":{\"@type\":\"ImageObject\",\"inLanguage\":\"es-MX\",\"@id\":\"https:\/\/compuviper.mx\/tienda\/#\/schema\/logo\/image\/\",\"url\":\"https:\/\/compuviper.mx\/tienda\/wp-content\/uploads\/2021\/08\/Logo-Compuviper-10.png\",\"contentUrl\":\"https:\/\/compuviper.mx\/tienda\/wp-content\/uploads\/2021\/08\/Logo-Compuviper-10.png\",\"width\":1000,\"height\":500,\"caption\":\"Compuviper\"},\"image\":{\"@id\":\"https:\/\/compuviper.mx\/tienda\/#\/schema\/logo\/image\/\"},\"sameAs\":[\"https:\/\/www.facebook.com\/compuviper\",\"https:\/\/www.youtube.com\/channel\/UCf73dERp9Y3cfOq7q8BhLjA?view_as=subscriber\"]}]}<\/script>\n<meta property=\"product:brand\" content=\"ACTECK\" \/>\n<meta property=\"product:price:amount\" content=\"70\" \/>\n<meta property=\"product:price:currency\" content=\"MXN\" \/>\n<meta property=\"og:availability\" content=\"instock\" \/>\n<meta property=\"product:availability\" content=\"instock\" \/>\n<meta property=\"product:retailer_item_id\" content=\"AC-936736,7506215936736\" \/>\n<meta property=\"product:condition\" content=\"new\" \/>\n<!-- \/ Yoast SEO plugin. -->","yoast_head_json":{"title":"[ Acteck ] &#129351; Ac-936736,7506215936736 Disipador Polar Cp Vc100 \/ 80 X 25 Mm \/ Velocidad 2200 Rpm \/ Silencioso 22 Db \/ Flujo De Aire 27 Cfm \/ Conector Small 3 Pin \/ Tdp 60 W \/ Ac-936736","description":"Compra Ac-936736,7506215936736 Disipador Polar Cp Vc100 \/ 80 X 25 Mm \/ Velocidad 2200 Rpm \/ Silencioso 22 Db \/ Flujo De Aire 27 Cfm \/ Conector Small 3 Pin \/ Tdp 60 W \/ Ac-936736 + Env\u00edo a domicilio + Pago seguro + Garant\u00eda","robots":{"index":"index","follow":"follow","max-snippet":"max-snippet:-1","max-image-preview":"max-image-preview:large","max-video-preview":"max-video-preview:-1"},"canonical":"https:\/\/compuviper.mx\/tienda\/producto\/acteck-ac-9367367506215936736-disipador-polar-cp-vc100-80-x-25-mm-velocidad-2200-rpm-silencioso-22-db-flujo-de-aire-27-cfm-conector-small-3-pin-tdp-60-w-ac-936736\/","og_locale":"es_MX","og_type":"article","og_title":"[ Acteck ] &#129351; Ac-936736,7506215936736 Disipador Polar Cp Vc100 \/ 80 X 25 Mm \/ Velocidad 2200 Rpm \/ Silencioso 22 Db \/ Flujo De Aire 27 Cfm \/ Conector Small 3 Pin \/ Tdp 60 W \/ Ac-936736","og_description":"Compra Ac-936736,7506215936736 Disipador Polar Cp Vc100 \/ 80 X 25 Mm \/ Velocidad 2200 Rpm \/ Silencioso 22 Db \/ Flujo De Aire 27 Cfm \/ Conector Small 3 Pin \/ Tdp 60 W \/ Ac-936736 + Env\u00edo a domicilio + Pago seguro + Garant\u00eda","og_url":"https:\/\/compuviper.mx\/tienda\/producto\/acteck-ac-9367367506215936736-disipador-polar-cp-vc100-80-x-25-mm-velocidad-2200-rpm-silencioso-22-db-flujo-de-aire-27-cfm-conector-small-3-pin-tdp-60-w-ac-936736\/","og_site_name":"Compuviper","article_publisher":"https:\/\/www.facebook.com\/compuviper","article_modified_time":"2026-04-22T05:48:25+00:00","og_image":[{"width":200,"height":200,"url":"https:\/\/compuviper.mx\/tienda\/wp-content\/uploads\/2024\/09\/Disipador-acteck-polar-cp-vc100-80-x-25-mm-velocidad-2200-rpm-silencioso-22-db-flujo-de-aire-27-cfm-conector-small-3-pin-tdp-60-w-ac-936736.jpg","type":"image\/jpeg"}],"twitter_card":"summary_large_image","twitter_misc":{"Precio":"&#36;70 con IVA","Availability":"In stock"},"schema":{"@context":"https:\/\/schema.org","@graph":[{"@type":"WebPage","@id":"https:\/\/compuviper.mx\/tienda\/producto\/acteck-ac-9367367506215936736-disipador-polar-cp-vc100-80-x-25-mm-velocidad-2200-rpm-silencioso-22-db-flujo-de-aire-27-cfm-conector-small-3-pin-tdp-60-w-ac-936736\/","url":"https:\/\/compuviper.mx\/tienda\/producto\/acteck-ac-9367367506215936736-disipador-polar-cp-vc100-80-x-25-mm-velocidad-2200-rpm-silencioso-22-db-flujo-de-aire-27-cfm-conector-small-3-pin-tdp-60-w-ac-936736\/","name":"[ Acteck ] &#129351; Ac-936736,7506215936736 Disipador Polar Cp Vc100 \/ 80 X 25 Mm \/ Velocidad 2200 Rpm \/ Silencioso 22 Db \/ Flujo De Aire 27 Cfm \/ Conector Small 3 Pin \/ Tdp 60 W \/ Ac-936736","isPartOf":{"@id":"https:\/\/compuviper.mx\/tienda\/#website"},"datePublished":"2026-04-22T05:48:24+00:00","dateModified":"2026-04-22T05:48:25+00:00","description":"Compra Ac-936736,7506215936736 Disipador Polar Cp Vc100 \/ 80 X 25 Mm \/ Velocidad 2200 Rpm \/ Silencioso 22 Db \/ Flujo De Aire 27 Cfm \/ Conector Small 3 Pin \/ Tdp 60 W \/ Ac-936736 + Env\u00edo a domicilio + Pago seguro + Garant\u00eda","breadcrumb":{"@id":"https:\/\/compuviper.mx\/tienda\/producto\/acteck-ac-9367367506215936736-disipador-polar-cp-vc100-80-x-25-mm-velocidad-2200-rpm-silencioso-22-db-flujo-de-aire-27-cfm-conector-small-3-pin-tdp-60-w-ac-936736\/#breadcrumb"},"inLanguage":"es-MX","potentialAction":[{"@type":"ReadAction","target":["https:\/\/compuviper.mx\/tienda\/producto\/acteck-ac-9367367506215936736-disipador-polar-cp-vc100-80-x-25-mm-velocidad-2200-rpm-silencioso-22-db-flujo-de-aire-27-cfm-conector-small-3-pin-tdp-60-w-ac-936736\/"]}]},{"@type":"BreadcrumbList","@id":"https:\/\/compuviper.mx\/tienda\/producto\/acteck-ac-9367367506215936736-disipador-polar-cp-vc100-80-x-25-mm-velocidad-2200-rpm-silencioso-22-db-flujo-de-aire-27-cfm-conector-small-3-pin-tdp-60-w-ac-936736\/#breadcrumb","itemListElement":[{"@type":"ListItem","position":1,"name":"Inicio","item":"https:\/\/compuviper.mx\/tienda\/"},{"@type":"ListItem","position":2,"name":"Productos","item":"https:\/\/compuviper.mx\/tienda\/productos\/"},{"@type":"ListItem","position":3,"name":"Ventiladores","item":"https:\/\/compuviper.mx\/tienda\/categoria-producto\/ventiladores\/"},{"@type":"ListItem","position":4,"name":"Disipador","item":"https:\/\/compuviper.mx\/tienda\/categoria-producto\/ventiladores\/disipador\/"},{"@type":"ListItem","position":5,"name":"Acteck Ac-936736,7506215936736 Disipador Polar Cp Vc100 \/ 80 X 25 Mm \/ Velocidad 2200 Rpm \/ Silencioso 22 Db \/ Flujo De Aire 27 Cfm \/ Conector Small 3 Pin \/ Tdp 60 W \/ Ac-936736"}]},{"@type":"WebSite","@id":"https:\/\/compuviper.mx\/tienda\/#website","url":"https:\/\/compuviper.mx\/tienda\/","name":"Compuviper","description":"Proveedor de Computadoras, Laptops, Servidores, Monitores, Puntos de Venta, Teclados,   Impresoras, T\u00f3ner, C\u00e1maras de Seguridad y m\u00e1s en tu tienda en l\u00ednea","publisher":{"@id":"https:\/\/compuviper.mx\/tienda\/#organization"},"potentialAction":[{"@type":"SearchAction","target":{"@type":"EntryPoint","urlTemplate":"https:\/\/compuviper.mx\/tienda\/?s={search_term_string}"},"query-input":"required name=search_term_string"}],"inLanguage":"es-MX"},{"@type":"Organization","@id":"https:\/\/compuviper.mx\/tienda\/#organization","name":"Compuviper","url":"https:\/\/compuviper.mx\/tienda\/","logo":{"@type":"ImageObject","inLanguage":"es-MX","@id":"https:\/\/compuviper.mx\/tienda\/#\/schema\/logo\/image\/","url":"https:\/\/compuviper.mx\/tienda\/wp-content\/uploads\/2021\/08\/Logo-Compuviper-10.png","contentUrl":"https:\/\/compuviper.mx\/tienda\/wp-content\/uploads\/2021\/08\/Logo-Compuviper-10.png","width":1000,"height":500,"caption":"Compuviper"},"image":{"@id":"https:\/\/compuviper.mx\/tienda\/#\/schema\/logo\/image\/"},"sameAs":["https:\/\/www.facebook.com\/compuviper","https:\/\/www.youtube.com\/channel\/UCf73dERp9Y3cfOq7q8BhLjA?view_as=subscriber"]}]},"product_brand":"ACTECK","product_price_amount":"70","product_price_currency":"MXN","og_availability":"instock","product_availability":"instock","product_retailer_item_id":"AC-936736,7506215936736","product_condition":"new"},"_links":{"self":[{"href":"https:\/\/compuviper.mx\/tienda\/wp-json\/wp\/v2\/product\/214764"}],"collection":[{"href":"https:\/\/compuviper.mx\/tienda\/wp-json\/wp\/v2\/product"}],"about":[{"href":"https:\/\/compuviper.mx\/tienda\/wp-json\/wp\/v2\/types\/product"}],"replies":[{"embeddable":true,"href":"https:\/\/compuviper.mx\/tienda\/wp-json\/wp\/v2\/comments?post=214764"}],"wp:featuredmedia":[{"embeddable":true,"href":"https:\/\/compuviper.mx\/tienda\/wp-json\/wp\/v2\/media\/242121"}],"wp:attachment":[{"href":"https:\/\/compuviper.mx\/tienda\/wp-json\/wp\/v2\/media?parent=214764"}],"wp:term":[{"taxonomy":"product_cat","embeddable":true,"href":"https:\/\/compuviper.mx\/tienda\/wp-json\/wp\/v2\/product_cat?post=214764"},{"taxonomy":"product_tag","embeddable":true,"href":"https:\/\/compuviper.mx\/tienda\/wp-json\/wp\/v2\/product_tag?post=214764"}],"curies":[{"name":"wp","href":"https:\/\/api.w.org\/{rel}","templated":true}]}}