{"id":214645,"date":"2026-04-17T23:52:16","date_gmt":"2026-04-18T05:52:16","guid":{"rendered":"https:\/\/compuviper.mx\/tienda\/producto\/canon-2727c002aa2727c003aa2727c003aa-camara-eos-rebel-t7-24-1-mp-lente-ef-s-18-55mm-sensor-cmos-procesador-digic-4-video-full-hd-1080-iso-foto-6400-video-6400-puntos-de-enfoque-9-af-lcd\/"},"modified":"2026-04-17T23:52:17","modified_gmt":"2026-04-18T05:52:17","slug":"canon-2727c002aa2727c003aa2727c003aa-camara-eos-rebel-t7-24-1-mp-lente-ef-s-18-55mm-sensor-cmos-procesador-digic-4-video-full-hd-1080-iso-foto-6400-video-6400-puntos-de-enfoque-9-af-lcd-3","status":"publish","type":"product","link":"https:\/\/compuviper.mx\/tienda\/producto\/canon-2727c002aa2727c003aa2727c003aa-camara-eos-rebel-t7-24-1-mp-lente-ef-s-18-55mm-sensor-cmos-procesador-digic-4-video-full-hd-1080-iso-foto-6400-video-6400-puntos-de-enfoque-9-af-lcd-3\/","title":{"rendered":"Canon 2727c002aa,2727c003aa\n2727c003aa Camara  Eos Rebel T7, 24.1 Mp, Lente Ef-s 18-55mm, Sensor Cmos, Procesador Digic 4, Video Full Hd 1080, Iso Foto 6400- Video 6400, Puntos De Enfoque 9 Af, Lcd 3.0 Pulgadas"},"content":{"rendered":"<table class=\"descripcion\">\n<tr>\n<td>Caracteristicas<\/td>\n<\/tr>\n<tr>\n<td>  sensor cmos aps-c de 24.1 megapxeles con iso 100\u00966400 h: 12800<\/td>\n<\/tr>\n<tr>\n<td>  procesador de imgenes digic 4<\/td>\n<\/tr>\n<tr>\n<td>Tecnologas wi-fi\u00ae y nfc integradas.<\/td>\n<\/tr>\n<tr>\n<td>  capacidad wi-fi\u00ae integrada<\/td>\n<\/tr>\n<tr>\n<td>  capacidad nfc integrada<\/td>\n<\/tr>\n<tr>\n<td>  toma remota e impresin inalmbrica<\/td>\n<\/tr>\n<tr>\n<td>Sistema de af de 9 puntos y el modo af servo ai.<\/td>\n<\/tr>\n<tr>\n<td>Visor ptico con una cobertura del visor de aproximadamente 95.<\/td>\n<\/tr>\n<tr>\n<td>Lcd de 3.0 pulgadas, con aprox. 920,000 puntos.<\/td>\n<\/tr>\n<tr>\n<td>Modo auto discernidor de escenas<\/td>\n<\/tr>\n<tr>\n<td>Alta definicin real full hd de 30p.<\/td>\n<\/tr>\n<tr>\n<td>Toma continua de hasta 3.0 fps.<\/td>\n<\/tr>\n<tr>\n<td>Balance automtico de blancos con \u0091\u0091prioridad de blancos\u0092\u0092.<\/td>\n<\/tr>\n<tr>\n<td>Gua de caractersticas integrada.<\/td>\n<\/tr>\n<tr>\n<td>Opciones creativas que incluyen basic y modo creativo automtico.<\/td>\n<\/tr>\n<tr>\n<td>Filtros creativos que incluyen el efecto ojo de pez y el efecto miniatura.<\/td>\n<\/tr>\n<tr>\n<td>Compatible con todos los lentes ef y ef-s de canon.<\/td>\n<\/tr>\n<tr>\n<td>Tipo: cmara digital, rflex de lente nico af\/ae, con flash integrado<\/td>\n<\/tr>\n<tr>\n<td>Medios de grabacin:<\/td>\n<\/tr>\n<tr>\n<td>&#8211; tarjetas de memoria sd, sdhc y sdxc<\/td>\n<\/tr>\n<tr>\n<td>&#8211; compatible con tarjetas de velocidad clase sd.<\/td>\n<\/tr>\n<tr>\n<td>&#8211; no es compatible con tarjetas de velocidad clase uhs.<\/td>\n<\/tr>\n<tr>\n<td>&#8211; compatible con tarjetas eye-fi.<\/td>\n<\/tr>\n<tr>\n<td>&#8211; no se pueden usar tarjetas multimedia mmc. se mostrar un error de tarjeta.<\/td>\n<\/tr>\n<tr>\n<td>Formato de imagen: aprox. 22.3mm x 14.9mm<\/td>\n<\/tr>\n<tr>\n<td>Lentes compatibles:lentes ef de canon se incluyen los lentes ef-s y se excluyen los lentes ef-m<\/td>\n<\/tr>\n<tr>\n<td>Base del lente: montura ef de canon<\/td>\n<\/tr>\n<tr>\n<td>Sensor de imagen<\/td>\n<\/tr>\n<tr>\n<td>Tipo: sensor cmos<\/td>\n<\/tr>\n<tr>\n<td>Pxeles: aprox. 24.10 megapxeles se redondean a la centena de millar ms cercana<\/td>\n<\/tr>\n<tr>\n<td>Unidad de pxel: aprox. 3.72 \u00b5m2<\/td>\n<\/tr>\n<tr>\n<td>Total de pxeles: aprox. 24.70 megapxeles se redondean a la centena de millar ms cercana<\/td>\n<\/tr>\n<tr>\n<td>Relacin de aspecto: 3:2 horizontal: vertical<\/td>\n<\/tr>\n<tr>\n<td>Sistema de filtro de color: filtros de colores primarios rgb<\/td>\n<\/tr>\n<tr>\n<td>Filtro de paso bajo: instalado en la parte frontal del sensor de imagen, no desmontable<\/td>\n<\/tr>\n<tr>\n<td>Caracterstica de remocin de polvo:<\/td>\n<\/tr>\n<tr>\n<td>1. obtencin y anexo de los datos de remocin de polvo<\/td>\n<\/tr>\n<tr>\n<td>Las coordenadas del polvo adherido en el filtro de paso bajo se detectan mediante una toma de prueba y se agregan a las imgenes subsiguientes.<\/td>\n<\/tr>\n<tr>\n<td>El software eos utiliza los datos de las coordenadas del polvo adherido a la imagen para eliminar automticamente las manchas de polvo.<\/td>\n<\/tr>\n<tr>\n<td>2. limpieza manual<\/td>\n<\/tr>\n<tr>\n<td>No incluye la unidad del sensor de autolimpieza.<\/td>\n<\/tr>\n<tr>\n<td>Dimensiones y peso<\/td>\n<\/tr>\n<tr>\n<td>Dimensiones an. x al. x pr.: aprox. 5.08 x 3.99 x 3.06 pulgadas\/129.0 x 101.3 x 77.6 m<\/td>\n<\/tr>\n<tr>\n<td> cumple con los estndares cipa.<\/td>\n<\/tr>\n<tr>\n<td>Peso:<\/td>\n<\/tr>\n<tr>\n<td>Aprox. 16.75 oz\/475 g incluye la batera y la tarjeta<\/td>\n<\/tr>\n<tr>\n<td>Aprox. 15.06 oz\/427 g solo el cuerpo<\/td>\n<\/tr>\n<\/table>\n","protected":false},"excerpt":{"rendered":"<p>Ideal para usuarios de dispositivos mviles que desean dar el siguiente paso en su fotografa, la cmara eos rebel t7 combina fantsticas caractersticas con una operacin sencilla de uso para obtener imgenes de alta calidad que usted compartir con orgullo. Aproveche la capacidad del gran sensor cmos de 24.1 megapxeles de la eos rebel t7 para desarrollar su potencial y obtener excelentes fotografas. Comparta sus recuerdos con familiares y amigos fcilmente y de una manera rpida a travs de las tecnologas wi-fi\u00ae y nfc integradas. Con el rpido sistema de enfoque automtico de la eos rebel t7, usted puede capturar cada momento al instante, visualizando cada toma a travs del luminoso visor ptico. Una variedad de caractersticas adicionales, que incluyen una pantalla lcd grande, la grabacin de videos en alta definicin real full hd y una gua de caractersticas integrada, le ayudan a capturar fotografas y videos llamativos.<\/p>\n","protected":false},"featured_media":214646,"comment_status":"open","ping_status":"open","template":"","meta":[],"product_cat":[1608,1609],"product_tag":[1554],"acf":[],"yoast_head":"<!-- This site is optimized with the Yoast SEO plugin v21.7 - https:\/\/yoast.com\/wordpress\/plugins\/seo\/ -->\n<title>[ Canon ] &#129351; 2727c002aa,2727c003aa 2727c003aa Camara Eos Rebel T7, 24.1 Mp, Lente Ef-s 18-55mm, Sensor Cmos, Procesador Digic 4, Video Full Hd 1080, Iso Foto 6400- Video 6400, Puntos De Enfoque 9 Af, Lcd 3.0 Pulgadas<\/title>\n<meta name=\"description\" content=\"Compra 2727c002aa,2727c003aa 2727c003aa Camara Eos Rebel T7, 24.1 Mp, Lente Ef-s 18-55mm, Sensor Cmos, Procesador Digic 4, Video Full Hd 1080, Iso Foto 6400- Video 6400, Puntos De Enfoque 9 Af, Lcd 3.0 Pulgadas + Env\u00edo a domicilio + Pago seguro + Garant\u00eda\" \/>\n<meta name=\"robots\" content=\"index, follow, max-snippet:-1, max-image-preview:large, max-video-preview:-1\" \/>\n<link rel=\"canonical\" href=\"https:\/\/compuviper.mx\/tienda\/producto\/canon-2727c002aa2727c003aa2727c003aa-camara-eos-rebel-t7-24-1-mp-lente-ef-s-18-55mm-sensor-cmos-procesador-digic-4-video-full-hd-1080-iso-foto-6400-video-6400-puntos-de-enfoque-9-af-lcd-3\/\" \/>\n<meta property=\"og:locale\" content=\"es_MX\" \/>\n<meta property=\"og:type\" content=\"article\" \/>\n<meta property=\"og:title\" content=\"[ Canon ] &#129351; 2727c002aa,2727c003aa 2727c003aa Camara Eos Rebel T7, 24.1 Mp, Lente Ef-s 18-55mm, Sensor Cmos, Procesador Digic 4, Video Full Hd 1080, Iso Foto 6400- Video 6400, Puntos De Enfoque 9 Af, Lcd 3.0 Pulgadas\" \/>\n<meta property=\"og:description\" content=\"Compra 2727c002aa,2727c003aa 2727c003aa Camara Eos Rebel T7, 24.1 Mp, Lente Ef-s 18-55mm, Sensor Cmos, Procesador Digic 4, Video Full Hd 1080, Iso Foto 6400- Video 6400, Puntos De Enfoque 9 Af, Lcd 3.0 Pulgadas + Env\u00edo a domicilio + Pago seguro + Garant\u00eda\" \/>\n<meta property=\"og:url\" content=\"https:\/\/compuviper.mx\/tienda\/producto\/canon-2727c002aa2727c003aa2727c003aa-camara-eos-rebel-t7-24-1-mp-lente-ef-s-18-55mm-sensor-cmos-procesador-digic-4-video-full-hd-1080-iso-foto-6400-video-6400-puntos-de-enfoque-9-af-lcd-3\/\" \/>\n<meta property=\"og:site_name\" content=\"Compuviper\" \/>\n<meta property=\"article:publisher\" content=\"https:\/\/www.facebook.com\/compuviper\" \/>\n<meta property=\"article:modified_time\" content=\"2026-04-18T05:52:17+00:00\" \/>\n<meta property=\"og:image\" content=\"https:\/\/compuviper.mx\/tienda\/wp-content\/uploads\/2023\/12\/Camara-canon-eos-rebel-t7-24.1-mp-lente-ef-s-18-55mm-sensor-cmos-procesador-digic-4-video-full-hd-1080-iso-foto-6400-video-6400-puntos-de-enfoque-9-af-lcd-3.0-pulgadas.jpg\" \/>\n\t<meta property=\"og:image:width\" content=\"200\" \/>\n\t<meta property=\"og:image:height\" content=\"200\" \/>\n\t<meta property=\"og:image:type\" content=\"image\/jpeg\" \/>\n<meta name=\"twitter:card\" content=\"summary_large_image\" \/>\n<meta name=\"twitter:label1\" content=\"Precio\" \/>\n\t<meta name=\"twitter:data1\" content=\"&#36;11,700 &#36;10,694 con IVA\" \/>\n\t<meta name=\"twitter:label2\" content=\"Availability\" \/>\n\t<meta name=\"twitter:data2\" content=\"Out of stock\" \/>\n<script type=\"application\/ld+json\" class=\"yoast-schema-graph\">{\"@context\":\"https:\/\/schema.org\",\"@graph\":[{\"@type\":\"WebPage\",\"@id\":\"https:\/\/compuviper.mx\/tienda\/producto\/canon-2727c002aa2727c003aa2727c003aa-camara-eos-rebel-t7-24-1-mp-lente-ef-s-18-55mm-sensor-cmos-procesador-digic-4-video-full-hd-1080-iso-foto-6400-video-6400-puntos-de-enfoque-9-af-lcd-3\/\",\"url\":\"https:\/\/compuviper.mx\/tienda\/producto\/canon-2727c002aa2727c003aa2727c003aa-camara-eos-rebel-t7-24-1-mp-lente-ef-s-18-55mm-sensor-cmos-procesador-digic-4-video-full-hd-1080-iso-foto-6400-video-6400-puntos-de-enfoque-9-af-lcd-3\/\",\"name\":\"[ Canon ] &#129351; 2727c002aa,2727c003aa 2727c003aa Camara Eos Rebel T7, 24.1 Mp, Lente Ef-s 18-55mm, Sensor Cmos, Procesador Digic 4, Video Full Hd 1080, Iso Foto 6400- Video 6400, Puntos De Enfoque 9 Af, Lcd 3.0 Pulgadas\",\"isPartOf\":{\"@id\":\"https:\/\/compuviper.mx\/tienda\/#website\"},\"datePublished\":\"2026-04-18T05:52:16+00:00\",\"dateModified\":\"2026-04-18T05:52:17+00:00\",\"description\":\"Compra 2727c002aa,2727c003aa 2727c003aa Camara Eos Rebel T7, 24.1 Mp, Lente Ef-s 18-55mm, Sensor Cmos, Procesador Digic 4, Video Full Hd 1080, Iso Foto 6400- Video 6400, Puntos De Enfoque 9 Af, Lcd 3.0 Pulgadas + Env\u00edo a domicilio + Pago seguro + Garant\u00eda\",\"breadcrumb\":{\"@id\":\"https:\/\/compuviper.mx\/tienda\/producto\/canon-2727c002aa2727c003aa2727c003aa-camara-eos-rebel-t7-24-1-mp-lente-ef-s-18-55mm-sensor-cmos-procesador-digic-4-video-full-hd-1080-iso-foto-6400-video-6400-puntos-de-enfoque-9-af-lcd-3\/#breadcrumb\"},\"inLanguage\":\"es-MX\",\"potentialAction\":[{\"@type\":\"ReadAction\",\"target\":[\"https:\/\/compuviper.mx\/tienda\/producto\/canon-2727c002aa2727c003aa2727c003aa-camara-eos-rebel-t7-24-1-mp-lente-ef-s-18-55mm-sensor-cmos-procesador-digic-4-video-full-hd-1080-iso-foto-6400-video-6400-puntos-de-enfoque-9-af-lcd-3\/\"]}]},{\"@type\":\"BreadcrumbList\",\"@id\":\"https:\/\/compuviper.mx\/tienda\/producto\/canon-2727c002aa2727c003aa2727c003aa-camara-eos-rebel-t7-24-1-mp-lente-ef-s-18-55mm-sensor-cmos-procesador-digic-4-video-full-hd-1080-iso-foto-6400-video-6400-puntos-de-enfoque-9-af-lcd-3\/#breadcrumb\",\"itemListElement\":[{\"@type\":\"ListItem\",\"position\":1,\"name\":\"Inicio\",\"item\":\"https:\/\/compuviper.mx\/tienda\/\"},{\"@type\":\"ListItem\",\"position\":2,\"name\":\"Productos\",\"item\":\"https:\/\/compuviper.mx\/tienda\/productos\/\"},{\"@type\":\"ListItem\",\"position\":3,\"name\":\"Camaras\",\"item\":\"https:\/\/compuviper.mx\/tienda\/categoria-producto\/camaras-2\/\"},{\"@type\":\"ListItem\",\"position\":4,\"name\":\"Camara Digital\",\"item\":\"https:\/\/compuviper.mx\/tienda\/categoria-producto\/camaras-2\/camara-digital\/\"},{\"@type\":\"ListItem\",\"position\":5,\"name\":\"Canon 2727c002aa,2727c003aa 2727c003aa Camara Eos Rebel T7, 24.1 Mp, Lente Ef-s 18-55mm, Sensor Cmos, Procesador Digic 4, Video Full Hd 1080, Iso Foto 6400- Video 6400, Puntos De Enfoque 9 Af, Lcd 3.0 Pulgadas\"}]},{\"@type\":\"WebSite\",\"@id\":\"https:\/\/compuviper.mx\/tienda\/#website\",\"url\":\"https:\/\/compuviper.mx\/tienda\/\",\"name\":\"Compuviper\",\"description\":\"Proveedor de Computadoras, Laptops, Servidores, Monitores, Puntos de Venta, Teclados,   Impresoras, T\u00f3ner, C\u00e1maras de Seguridad y m\u00e1s en tu tienda en l\u00ednea\",\"publisher\":{\"@id\":\"https:\/\/compuviper.mx\/tienda\/#organization\"},\"potentialAction\":[{\"@type\":\"SearchAction\",\"target\":{\"@type\":\"EntryPoint\",\"urlTemplate\":\"https:\/\/compuviper.mx\/tienda\/?s={search_term_string}\"},\"query-input\":\"required name=search_term_string\"}],\"inLanguage\":\"es-MX\"},{\"@type\":\"Organization\",\"@id\":\"https:\/\/compuviper.mx\/tienda\/#organization\",\"name\":\"Compuviper\",\"url\":\"https:\/\/compuviper.mx\/tienda\/\",\"logo\":{\"@type\":\"ImageObject\",\"inLanguage\":\"es-MX\",\"@id\":\"https:\/\/compuviper.mx\/tienda\/#\/schema\/logo\/image\/\",\"url\":\"https:\/\/compuviper.mx\/tienda\/wp-content\/uploads\/2021\/08\/Logo-Compuviper-10.png\",\"contentUrl\":\"https:\/\/compuviper.mx\/tienda\/wp-content\/uploads\/2021\/08\/Logo-Compuviper-10.png\",\"width\":1000,\"height\":500,\"caption\":\"Compuviper\"},\"image\":{\"@id\":\"https:\/\/compuviper.mx\/tienda\/#\/schema\/logo\/image\/\"},\"sameAs\":[\"https:\/\/www.facebook.com\/compuviper\",\"https:\/\/www.youtube.com\/channel\/UCf73dERp9Y3cfOq7q8BhLjA?view_as=subscriber\"]}]}<\/script>\n<meta property=\"product:brand\" content=\"CANON\" \/>\n<meta property=\"product:price:amount\" content=\"10694\" \/>\n<meta property=\"product:price:currency\" content=\"MXN\" \/>\n<meta property=\"og:availability\" content=\"out of stock\" \/>\n<meta property=\"product:availability\" content=\"out of stock\" \/>\n<meta property=\"product:retailer_item_id\" content=\"2727C002AA,2727C003AA 2727C003AA\" \/>\n<meta property=\"product:condition\" content=\"new\" \/>\n<!-- \/ Yoast SEO plugin. -->","yoast_head_json":{"title":"[ Canon ] &#129351; 2727c002aa,2727c003aa 2727c003aa Camara Eos Rebel T7, 24.1 Mp, Lente Ef-s 18-55mm, Sensor Cmos, Procesador Digic 4, Video Full Hd 1080, Iso Foto 6400- Video 6400, Puntos De Enfoque 9 Af, Lcd 3.0 Pulgadas","description":"Compra 2727c002aa,2727c003aa 2727c003aa Camara Eos Rebel T7, 24.1 Mp, Lente Ef-s 18-55mm, Sensor Cmos, Procesador Digic 4, Video Full Hd 1080, Iso Foto 6400- Video 6400, Puntos De Enfoque 9 Af, Lcd 3.0 Pulgadas + Env\u00edo a domicilio + Pago seguro + Garant\u00eda","robots":{"index":"index","follow":"follow","max-snippet":"max-snippet:-1","max-image-preview":"max-image-preview:large","max-video-preview":"max-video-preview:-1"},"canonical":"https:\/\/compuviper.mx\/tienda\/producto\/canon-2727c002aa2727c003aa2727c003aa-camara-eos-rebel-t7-24-1-mp-lente-ef-s-18-55mm-sensor-cmos-procesador-digic-4-video-full-hd-1080-iso-foto-6400-video-6400-puntos-de-enfoque-9-af-lcd-3\/","og_locale":"es_MX","og_type":"article","og_title":"[ Canon ] &#129351; 2727c002aa,2727c003aa 2727c003aa Camara Eos Rebel T7, 24.1 Mp, Lente Ef-s 18-55mm, Sensor Cmos, Procesador Digic 4, Video Full Hd 1080, Iso Foto 6400- Video 6400, Puntos De Enfoque 9 Af, Lcd 3.0 Pulgadas","og_description":"Compra 2727c002aa,2727c003aa 2727c003aa Camara Eos Rebel T7, 24.1 Mp, Lente Ef-s 18-55mm, Sensor Cmos, Procesador Digic 4, Video Full Hd 1080, Iso Foto 6400- Video 6400, Puntos De Enfoque 9 Af, Lcd 3.0 Pulgadas + Env\u00edo a domicilio + Pago seguro + Garant\u00eda","og_url":"https:\/\/compuviper.mx\/tienda\/producto\/canon-2727c002aa2727c003aa2727c003aa-camara-eos-rebel-t7-24-1-mp-lente-ef-s-18-55mm-sensor-cmos-procesador-digic-4-video-full-hd-1080-iso-foto-6400-video-6400-puntos-de-enfoque-9-af-lcd-3\/","og_site_name":"Compuviper","article_publisher":"https:\/\/www.facebook.com\/compuviper","article_modified_time":"2026-04-18T05:52:17+00:00","og_image":[{"width":200,"height":200,"url":"https:\/\/compuviper.mx\/tienda\/wp-content\/uploads\/2023\/12\/Camara-canon-eos-rebel-t7-24.1-mp-lente-ef-s-18-55mm-sensor-cmos-procesador-digic-4-video-full-hd-1080-iso-foto-6400-video-6400-puntos-de-enfoque-9-af-lcd-3.0-pulgadas.jpg","type":"image\/jpeg"}],"twitter_card":"summary_large_image","twitter_misc":{"Precio":"&#36;11,700 &#36;10,694 con IVA","Availability":"Out of stock"},"schema":{"@context":"https:\/\/schema.org","@graph":[{"@type":"WebPage","@id":"https:\/\/compuviper.mx\/tienda\/producto\/canon-2727c002aa2727c003aa2727c003aa-camara-eos-rebel-t7-24-1-mp-lente-ef-s-18-55mm-sensor-cmos-procesador-digic-4-video-full-hd-1080-iso-foto-6400-video-6400-puntos-de-enfoque-9-af-lcd-3\/","url":"https:\/\/compuviper.mx\/tienda\/producto\/canon-2727c002aa2727c003aa2727c003aa-camara-eos-rebel-t7-24-1-mp-lente-ef-s-18-55mm-sensor-cmos-procesador-digic-4-video-full-hd-1080-iso-foto-6400-video-6400-puntos-de-enfoque-9-af-lcd-3\/","name":"[ Canon ] &#129351; 2727c002aa,2727c003aa 2727c003aa Camara Eos Rebel T7, 24.1 Mp, Lente Ef-s 18-55mm, Sensor Cmos, Procesador Digic 4, Video Full Hd 1080, Iso Foto 6400- Video 6400, Puntos De Enfoque 9 Af, Lcd 3.0 Pulgadas","isPartOf":{"@id":"https:\/\/compuviper.mx\/tienda\/#website"},"datePublished":"2026-04-18T05:52:16+00:00","dateModified":"2026-04-18T05:52:17+00:00","description":"Compra 2727c002aa,2727c003aa 2727c003aa Camara Eos Rebel T7, 24.1 Mp, Lente Ef-s 18-55mm, Sensor Cmos, Procesador Digic 4, Video Full Hd 1080, Iso Foto 6400- Video 6400, Puntos De Enfoque 9 Af, Lcd 3.0 Pulgadas + Env\u00edo a domicilio + Pago seguro + Garant\u00eda","breadcrumb":{"@id":"https:\/\/compuviper.mx\/tienda\/producto\/canon-2727c002aa2727c003aa2727c003aa-camara-eos-rebel-t7-24-1-mp-lente-ef-s-18-55mm-sensor-cmos-procesador-digic-4-video-full-hd-1080-iso-foto-6400-video-6400-puntos-de-enfoque-9-af-lcd-3\/#breadcrumb"},"inLanguage":"es-MX","potentialAction":[{"@type":"ReadAction","target":["https:\/\/compuviper.mx\/tienda\/producto\/canon-2727c002aa2727c003aa2727c003aa-camara-eos-rebel-t7-24-1-mp-lente-ef-s-18-55mm-sensor-cmos-procesador-digic-4-video-full-hd-1080-iso-foto-6400-video-6400-puntos-de-enfoque-9-af-lcd-3\/"]}]},{"@type":"BreadcrumbList","@id":"https:\/\/compuviper.mx\/tienda\/producto\/canon-2727c002aa2727c003aa2727c003aa-camara-eos-rebel-t7-24-1-mp-lente-ef-s-18-55mm-sensor-cmos-procesador-digic-4-video-full-hd-1080-iso-foto-6400-video-6400-puntos-de-enfoque-9-af-lcd-3\/#breadcrumb","itemListElement":[{"@type":"ListItem","position":1,"name":"Inicio","item":"https:\/\/compuviper.mx\/tienda\/"},{"@type":"ListItem","position":2,"name":"Productos","item":"https:\/\/compuviper.mx\/tienda\/productos\/"},{"@type":"ListItem","position":3,"name":"Camaras","item":"https:\/\/compuviper.mx\/tienda\/categoria-producto\/camaras-2\/"},{"@type":"ListItem","position":4,"name":"Camara Digital","item":"https:\/\/compuviper.mx\/tienda\/categoria-producto\/camaras-2\/camara-digital\/"},{"@type":"ListItem","position":5,"name":"Canon 2727c002aa,2727c003aa 2727c003aa Camara Eos Rebel T7, 24.1 Mp, Lente Ef-s 18-55mm, Sensor Cmos, Procesador Digic 4, Video Full Hd 1080, Iso Foto 6400- Video 6400, Puntos De Enfoque 9 Af, Lcd 3.0 Pulgadas"}]},{"@type":"WebSite","@id":"https:\/\/compuviper.mx\/tienda\/#website","url":"https:\/\/compuviper.mx\/tienda\/","name":"Compuviper","description":"Proveedor de Computadoras, Laptops, Servidores, Monitores, Puntos de Venta, Teclados,   Impresoras, T\u00f3ner, C\u00e1maras de Seguridad y m\u00e1s en tu tienda en l\u00ednea","publisher":{"@id":"https:\/\/compuviper.mx\/tienda\/#organization"},"potentialAction":[{"@type":"SearchAction","target":{"@type":"EntryPoint","urlTemplate":"https:\/\/compuviper.mx\/tienda\/?s={search_term_string}"},"query-input":"required name=search_term_string"}],"inLanguage":"es-MX"},{"@type":"Organization","@id":"https:\/\/compuviper.mx\/tienda\/#organization","name":"Compuviper","url":"https:\/\/compuviper.mx\/tienda\/","logo":{"@type":"ImageObject","inLanguage":"es-MX","@id":"https:\/\/compuviper.mx\/tienda\/#\/schema\/logo\/image\/","url":"https:\/\/compuviper.mx\/tienda\/wp-content\/uploads\/2021\/08\/Logo-Compuviper-10.png","contentUrl":"https:\/\/compuviper.mx\/tienda\/wp-content\/uploads\/2021\/08\/Logo-Compuviper-10.png","width":1000,"height":500,"caption":"Compuviper"},"image":{"@id":"https:\/\/compuviper.mx\/tienda\/#\/schema\/logo\/image\/"},"sameAs":["https:\/\/www.facebook.com\/compuviper","https:\/\/www.youtube.com\/channel\/UCf73dERp9Y3cfOq7q8BhLjA?view_as=subscriber"]}]},"product_brand":"CANON","product_price_amount":"10694","product_price_currency":"MXN","og_availability":"out of stock","product_availability":"out of stock","product_retailer_item_id":"2727C002AA,2727C003AA 2727C003AA","product_condition":"new"},"_links":{"self":[{"href":"https:\/\/compuviper.mx\/tienda\/wp-json\/wp\/v2\/product\/214645"}],"collection":[{"href":"https:\/\/compuviper.mx\/tienda\/wp-json\/wp\/v2\/product"}],"about":[{"href":"https:\/\/compuviper.mx\/tienda\/wp-json\/wp\/v2\/types\/product"}],"replies":[{"embeddable":true,"href":"https:\/\/compuviper.mx\/tienda\/wp-json\/wp\/v2\/comments?post=214645"}],"wp:featuredmedia":[{"embeddable":true,"href":"https:\/\/compuviper.mx\/tienda\/wp-json\/wp\/v2\/media\/214646"}],"wp:attachment":[{"href":"https:\/\/compuviper.mx\/tienda\/wp-json\/wp\/v2\/media?parent=214645"}],"wp:term":[{"taxonomy":"product_cat","embeddable":true,"href":"https:\/\/compuviper.mx\/tienda\/wp-json\/wp\/v2\/product_cat?post=214645"},{"taxonomy":"product_tag","embeddable":true,"href":"https:\/\/compuviper.mx\/tienda\/wp-json\/wp\/v2\/product_tag?post=214645"}],"curies":[{"name":"wp","href":"https:\/\/api.w.org\/{rel}","templated":true}]}}