{"id":214617,"date":"2026-04-17T23:52:11","date_gmt":"2026-04-18T05:52:11","guid":{"rendered":"https:\/\/compuviper.mx\/tienda\/producto\/manhattan-151573-cable-usb-v2-0-ext-activa-10-0m-bolsa\/"},"modified":"2026-04-17T23:52:11","modified_gmt":"2026-04-18T05:52:11","slug":"manhattan-151573-cable-usb-v2-0-ext-activa-10-0m-bolsa","status":"publish","type":"product","link":"https:\/\/compuviper.mx\/tienda\/producto\/manhattan-151573-cable-usb-v2-0-ext-activa-10-0m-bolsa\/","title":{"rendered":"Manhattan 151573 Cable Usb,,, V2.0 Ext. Activa 10.0m Bolsa"},"content":{"rendered":"<table class=\"descripcion\">\n<tr>\n<td>Est\u00e1ndares y certificaciones:<\/td>\n<\/tr>\n<tr>\n<td>Ce<\/td>\n<\/tr>\n<tr>\n<td>Fcc<\/td>\n<\/tr>\n<tr>\n<td>Usb 1.0<\/td>\n<\/tr>\n<tr>\n<td>Usb 1.1<\/td>\n<\/tr>\n<tr>\n<td>Usb 2.0<\/td>\n<\/tr>\n<tr>\n<td>El\u00e9ctrico<\/td>\n<\/tr>\n<tr>\n<td>Energ\u00eda de salida por usb: 5 v \u00b15% \/ 232 ma<\/td>\n<\/tr>\n<tr>\n<td>Puertos<\/td>\n<\/tr>\n<tr>\n<td>Macho a est\u00e1ndar<\/td>\n<\/tr>\n<tr>\n<td>Hembra a est\u00e1ndar<\/td>\n<\/tr>\n<tr>\n<td>General:<\/td>\n<\/tr>\n<tr>\n<td>Tasa de transferencia: 480 mbps<\/td>\n<\/tr>\n<tr>\n<td>Alimentados por bus<\/td>\n<\/tr>\n<tr>\n<td>Longitud m\u00e1xima: 30 m<\/td>\n<\/tr>\n<tr>\n<td>Todos los sistemas operativos que soporten usb<\/td>\n<\/tr>\n<tr>\n<td>Dise\u00f1o:<\/td>\n<\/tr>\n<tr>\n<td>Longitud: 10 m<\/td>\n<\/tr>\n<tr>\n<td>Peso: 314 g<\/td>\n<\/tr>\n<tr>\n<td>Contenido del paquete:<\/td>\n<\/tr>\n<tr>\n<td>Cable estensi\u00f3n activo usb de alta velocidad<\/td>\n<\/tr>\n<\/table>\n","protected":false},"excerpt":{"rendered":"<p>Extiende y lanza la se\u00f1al a cualquier dispositivo usb &#8211; soporta transferencia de datos a velocidades hasta 480 mbps. Repetidor integrado que mantiene la calidad de la se\u00f1al usb de alta velocidad 2.0, as\u00ed como las especificaciones el\u00e9ctricas y de sincron\u00eda. Supera la distancia l\u00edmite de 5m de la tecnolog\u00eda usb &#8211; ideal para conectar otros perif\u00e9ricos. Encadenable con hasta 3 extensiones para tener una distancia total de 30 m. Plug-and-play: compatible con windows y mac; no requiere una fuente de energ\u00eda externa. Tres a\u00f1os de garant\u00eda<\/p>\n","protected":false},"featured_media":214618,"comment_status":"open","ping_status":"open","template":"","meta":[],"product_cat":[1549,1604],"product_tag":[1487],"acf":[],"yoast_head":"<!-- This site is optimized with the Yoast SEO plugin v21.7 - https:\/\/yoast.com\/wordpress\/plugins\/seo\/ -->\n<title>[ Manhattan ] &#129351; 151573 Cable Usb,,, V2.0 Ext. Activa 10.0m Bolsa<\/title>\n<meta name=\"description\" content=\"Compra 151573 Cable Usb,,, V2.0 Ext. Activa 10.0m Bolsa + Env\u00edo a domicilio + Pago seguro + Garant\u00eda\" \/>\n<meta name=\"robots\" content=\"index, follow, max-snippet:-1, max-image-preview:large, max-video-preview:-1\" \/>\n<link rel=\"canonical\" href=\"https:\/\/compuviper.mx\/tienda\/producto\/manhattan-151573-cable-usb-v2-0-ext-activa-10-0m-bolsa\/\" \/>\n<meta property=\"og:locale\" content=\"es_MX\" \/>\n<meta property=\"og:type\" content=\"article\" \/>\n<meta property=\"og:title\" content=\"[ Manhattan ] &#129351; 151573 Cable Usb,,, V2.0 Ext. Activa 10.0m Bolsa\" \/>\n<meta property=\"og:description\" content=\"Compra 151573 Cable Usb,,, V2.0 Ext. Activa 10.0m Bolsa + Env\u00edo a domicilio + Pago seguro + Garant\u00eda\" \/>\n<meta property=\"og:url\" content=\"https:\/\/compuviper.mx\/tienda\/producto\/manhattan-151573-cable-usb-v2-0-ext-activa-10-0m-bolsa\/\" \/>\n<meta property=\"og:site_name\" content=\"Compuviper\" \/>\n<meta property=\"article:publisher\" content=\"https:\/\/www.facebook.com\/compuviper\" \/>\n<meta property=\"og:image\" content=\"https:\/\/compuviper.mx\/tienda\/wp-content\/uploads\/2023\/12\/Cable-usbmanhattan151573-v2.0-ext.-activa-10.0m-bolsa.jpg\" \/>\n\t<meta property=\"og:image:width\" content=\"200\" \/>\n\t<meta property=\"og:image:height\" content=\"200\" \/>\n\t<meta property=\"og:image:type\" content=\"image\/jpeg\" \/>\n<meta name=\"twitter:card\" content=\"summary_large_image\" \/>\n<meta name=\"twitter:label1\" content=\"Precio\" \/>\n\t<meta name=\"twitter:data1\" content=\"&#36;335 con IVA\" \/>\n\t<meta name=\"twitter:label2\" content=\"Availability\" \/>\n\t<meta name=\"twitter:data2\" content=\"In stock\" \/>\n<script type=\"application\/ld+json\" class=\"yoast-schema-graph\">{\"@context\":\"https:\/\/schema.org\",\"@graph\":[{\"@type\":\"WebPage\",\"@id\":\"https:\/\/compuviper.mx\/tienda\/producto\/manhattan-151573-cable-usb-v2-0-ext-activa-10-0m-bolsa\/\",\"url\":\"https:\/\/compuviper.mx\/tienda\/producto\/manhattan-151573-cable-usb-v2-0-ext-activa-10-0m-bolsa\/\",\"name\":\"[ Manhattan ] &#129351; 151573 Cable Usb,,, V2.0 Ext. Activa 10.0m Bolsa\",\"isPartOf\":{\"@id\":\"https:\/\/compuviper.mx\/tienda\/#website\"},\"datePublished\":\"2026-04-18T05:52:11+00:00\",\"dateModified\":\"2026-04-18T05:52:11+00:00\",\"description\":\"Compra 151573 Cable Usb,,, V2.0 Ext. Activa 10.0m Bolsa + Env\u00edo a domicilio + Pago seguro + Garant\u00eda\",\"breadcrumb\":{\"@id\":\"https:\/\/compuviper.mx\/tienda\/producto\/manhattan-151573-cable-usb-v2-0-ext-activa-10-0m-bolsa\/#breadcrumb\"},\"inLanguage\":\"es-MX\",\"potentialAction\":[{\"@type\":\"ReadAction\",\"target\":[\"https:\/\/compuviper.mx\/tienda\/producto\/manhattan-151573-cable-usb-v2-0-ext-activa-10-0m-bolsa\/\"]}]},{\"@type\":\"BreadcrumbList\",\"@id\":\"https:\/\/compuviper.mx\/tienda\/producto\/manhattan-151573-cable-usb-v2-0-ext-activa-10-0m-bolsa\/#breadcrumb\",\"itemListElement\":[{\"@type\":\"ListItem\",\"position\":1,\"name\":\"Inicio\",\"item\":\"https:\/\/compuviper.mx\/tienda\/\"},{\"@type\":\"ListItem\",\"position\":2,\"name\":\"Productos\",\"item\":\"https:\/\/compuviper.mx\/tienda\/productos\/\"},{\"@type\":\"ListItem\",\"position\":3,\"name\":\"Cables\",\"item\":\"https:\/\/compuviper.mx\/tienda\/categoria-producto\/cables\/\"},{\"@type\":\"ListItem\",\"position\":4,\"name\":\"Cable De Datos\",\"item\":\"https:\/\/compuviper.mx\/tienda\/categoria-producto\/cables\/cable-de-datos\/\"},{\"@type\":\"ListItem\",\"position\":5,\"name\":\"Manhattan 151573 Cable Usb,,, V2.0 Ext. Activa 10.0m Bolsa\"}]},{\"@type\":\"WebSite\",\"@id\":\"https:\/\/compuviper.mx\/tienda\/#website\",\"url\":\"https:\/\/compuviper.mx\/tienda\/\",\"name\":\"Compuviper\",\"description\":\"Proveedor de Computadoras, Laptops, Servidores, Monitores, Puntos de Venta, Teclados,   Impresoras, T\u00f3ner, C\u00e1maras de Seguridad y m\u00e1s en tu tienda en l\u00ednea\",\"publisher\":{\"@id\":\"https:\/\/compuviper.mx\/tienda\/#organization\"},\"potentialAction\":[{\"@type\":\"SearchAction\",\"target\":{\"@type\":\"EntryPoint\",\"urlTemplate\":\"https:\/\/compuviper.mx\/tienda\/?s={search_term_string}\"},\"query-input\":\"required name=search_term_string\"}],\"inLanguage\":\"es-MX\"},{\"@type\":\"Organization\",\"@id\":\"https:\/\/compuviper.mx\/tienda\/#organization\",\"name\":\"Compuviper\",\"url\":\"https:\/\/compuviper.mx\/tienda\/\",\"logo\":{\"@type\":\"ImageObject\",\"inLanguage\":\"es-MX\",\"@id\":\"https:\/\/compuviper.mx\/tienda\/#\/schema\/logo\/image\/\",\"url\":\"https:\/\/compuviper.mx\/tienda\/wp-content\/uploads\/2021\/08\/Logo-Compuviper-10.png\",\"contentUrl\":\"https:\/\/compuviper.mx\/tienda\/wp-content\/uploads\/2021\/08\/Logo-Compuviper-10.png\",\"width\":1000,\"height\":500,\"caption\":\"Compuviper\"},\"image\":{\"@id\":\"https:\/\/compuviper.mx\/tienda\/#\/schema\/logo\/image\/\"},\"sameAs\":[\"https:\/\/www.facebook.com\/compuviper\",\"https:\/\/www.youtube.com\/channel\/UCf73dERp9Y3cfOq7q8BhLjA?view_as=subscriber\"]}]}<\/script>\n<meta property=\"product:brand\" content=\"MANHATTAN\" \/>\n<meta property=\"product:price:amount\" content=\"335\" \/>\n<meta property=\"product:price:currency\" content=\"MXN\" \/>\n<meta property=\"og:availability\" content=\"instock\" \/>\n<meta property=\"product:availability\" content=\"instock\" \/>\n<meta property=\"product:retailer_item_id\" content=\"151573\" \/>\n<meta property=\"product:condition\" content=\"new\" \/>\n<!-- \/ Yoast SEO plugin. -->","yoast_head_json":{"title":"[ Manhattan ] &#129351; 151573 Cable Usb,,, V2.0 Ext. Activa 10.0m Bolsa","description":"Compra 151573 Cable Usb,,, V2.0 Ext. Activa 10.0m Bolsa + Env\u00edo a domicilio + Pago seguro + Garant\u00eda","robots":{"index":"index","follow":"follow","max-snippet":"max-snippet:-1","max-image-preview":"max-image-preview:large","max-video-preview":"max-video-preview:-1"},"canonical":"https:\/\/compuviper.mx\/tienda\/producto\/manhattan-151573-cable-usb-v2-0-ext-activa-10-0m-bolsa\/","og_locale":"es_MX","og_type":"article","og_title":"[ Manhattan ] &#129351; 151573 Cable Usb,,, V2.0 Ext. Activa 10.0m Bolsa","og_description":"Compra 151573 Cable Usb,,, V2.0 Ext. Activa 10.0m Bolsa + Env\u00edo a domicilio + Pago seguro + Garant\u00eda","og_url":"https:\/\/compuviper.mx\/tienda\/producto\/manhattan-151573-cable-usb-v2-0-ext-activa-10-0m-bolsa\/","og_site_name":"Compuviper","article_publisher":"https:\/\/www.facebook.com\/compuviper","og_image":[{"width":200,"height":200,"url":"https:\/\/compuviper.mx\/tienda\/wp-content\/uploads\/2023\/12\/Cable-usbmanhattan151573-v2.0-ext.-activa-10.0m-bolsa.jpg","type":"image\/jpeg"}],"twitter_card":"summary_large_image","twitter_misc":{"Precio":"&#36;335 con IVA","Availability":"In stock"},"schema":{"@context":"https:\/\/schema.org","@graph":[{"@type":"WebPage","@id":"https:\/\/compuviper.mx\/tienda\/producto\/manhattan-151573-cable-usb-v2-0-ext-activa-10-0m-bolsa\/","url":"https:\/\/compuviper.mx\/tienda\/producto\/manhattan-151573-cable-usb-v2-0-ext-activa-10-0m-bolsa\/","name":"[ Manhattan ] &#129351; 151573 Cable Usb,,, V2.0 Ext. Activa 10.0m Bolsa","isPartOf":{"@id":"https:\/\/compuviper.mx\/tienda\/#website"},"datePublished":"2026-04-18T05:52:11+00:00","dateModified":"2026-04-18T05:52:11+00:00","description":"Compra 151573 Cable Usb,,, V2.0 Ext. Activa 10.0m Bolsa + Env\u00edo a domicilio + Pago seguro + Garant\u00eda","breadcrumb":{"@id":"https:\/\/compuviper.mx\/tienda\/producto\/manhattan-151573-cable-usb-v2-0-ext-activa-10-0m-bolsa\/#breadcrumb"},"inLanguage":"es-MX","potentialAction":[{"@type":"ReadAction","target":["https:\/\/compuviper.mx\/tienda\/producto\/manhattan-151573-cable-usb-v2-0-ext-activa-10-0m-bolsa\/"]}]},{"@type":"BreadcrumbList","@id":"https:\/\/compuviper.mx\/tienda\/producto\/manhattan-151573-cable-usb-v2-0-ext-activa-10-0m-bolsa\/#breadcrumb","itemListElement":[{"@type":"ListItem","position":1,"name":"Inicio","item":"https:\/\/compuviper.mx\/tienda\/"},{"@type":"ListItem","position":2,"name":"Productos","item":"https:\/\/compuviper.mx\/tienda\/productos\/"},{"@type":"ListItem","position":3,"name":"Cables","item":"https:\/\/compuviper.mx\/tienda\/categoria-producto\/cables\/"},{"@type":"ListItem","position":4,"name":"Cable De Datos","item":"https:\/\/compuviper.mx\/tienda\/categoria-producto\/cables\/cable-de-datos\/"},{"@type":"ListItem","position":5,"name":"Manhattan 151573 Cable Usb,,, V2.0 Ext. Activa 10.0m Bolsa"}]},{"@type":"WebSite","@id":"https:\/\/compuviper.mx\/tienda\/#website","url":"https:\/\/compuviper.mx\/tienda\/","name":"Compuviper","description":"Proveedor de Computadoras, Laptops, Servidores, Monitores, Puntos de Venta, Teclados,   Impresoras, T\u00f3ner, C\u00e1maras de Seguridad y m\u00e1s en tu tienda en l\u00ednea","publisher":{"@id":"https:\/\/compuviper.mx\/tienda\/#organization"},"potentialAction":[{"@type":"SearchAction","target":{"@type":"EntryPoint","urlTemplate":"https:\/\/compuviper.mx\/tienda\/?s={search_term_string}"},"query-input":"required name=search_term_string"}],"inLanguage":"es-MX"},{"@type":"Organization","@id":"https:\/\/compuviper.mx\/tienda\/#organization","name":"Compuviper","url":"https:\/\/compuviper.mx\/tienda\/","logo":{"@type":"ImageObject","inLanguage":"es-MX","@id":"https:\/\/compuviper.mx\/tienda\/#\/schema\/logo\/image\/","url":"https:\/\/compuviper.mx\/tienda\/wp-content\/uploads\/2021\/08\/Logo-Compuviper-10.png","contentUrl":"https:\/\/compuviper.mx\/tienda\/wp-content\/uploads\/2021\/08\/Logo-Compuviper-10.png","width":1000,"height":500,"caption":"Compuviper"},"image":{"@id":"https:\/\/compuviper.mx\/tienda\/#\/schema\/logo\/image\/"},"sameAs":["https:\/\/www.facebook.com\/compuviper","https:\/\/www.youtube.com\/channel\/UCf73dERp9Y3cfOq7q8BhLjA?view_as=subscriber"]}]},"product_brand":"MANHATTAN","product_price_amount":"335","product_price_currency":"MXN","og_availability":"instock","product_availability":"instock","product_retailer_item_id":"151573","product_condition":"new"},"_links":{"self":[{"href":"https:\/\/compuviper.mx\/tienda\/wp-json\/wp\/v2\/product\/214617"}],"collection":[{"href":"https:\/\/compuviper.mx\/tienda\/wp-json\/wp\/v2\/product"}],"about":[{"href":"https:\/\/compuviper.mx\/tienda\/wp-json\/wp\/v2\/types\/product"}],"replies":[{"embeddable":true,"href":"https:\/\/compuviper.mx\/tienda\/wp-json\/wp\/v2\/comments?post=214617"}],"wp:featuredmedia":[{"embeddable":true,"href":"https:\/\/compuviper.mx\/tienda\/wp-json\/wp\/v2\/media\/214618"}],"wp:attachment":[{"href":"https:\/\/compuviper.mx\/tienda\/wp-json\/wp\/v2\/media?parent=214617"}],"wp:term":[{"taxonomy":"product_cat","embeddable":true,"href":"https:\/\/compuviper.mx\/tienda\/wp-json\/wp\/v2\/product_cat?post=214617"},{"taxonomy":"product_tag","embeddable":true,"href":"https:\/\/compuviper.mx\/tienda\/wp-json\/wp\/v2\/product_tag?post=214617"}],"curies":[{"name":"wp","href":"https:\/\/api.w.org\/{rel}","templated":true}]}}