{"id":214418,"date":"2026-04-07T23:47:13","date_gmt":"2026-04-08T05:47:13","guid":{"rendered":"https:\/\/compuviper.mx\/tienda\/producto\/manhattan-356091-cable-audio-toslink-s-pdif-m-m-5-0m-negro\/"},"modified":"2026-04-07T23:47:13","modified_gmt":"2026-04-08T05:47:13","slug":"manhattan-356091-cable-audio-toslink-s-pdif-m-m-5-0m-negro","status":"publish","type":"product","link":"https:\/\/compuviper.mx\/tienda\/producto\/manhattan-356091-cable-audio-toslink-s-pdif-m-m-5-0m-negro\/","title":{"rendered":"Manhattan 356091 Cable Audio,,, Toslink S\/pdif M-m 5.0m Negro"},"content":{"rendered":"<table class=\"descripcion\">\n<tr>\n<td>Normas y certificaciones<\/td>\n<\/tr>\n<tr>\n<td>Ce<\/td>\n<\/tr>\n<tr>\n<td>Rohs<\/td>\n<\/tr>\n<tr>\n<td>Reach<\/td>\n<\/tr>\n<tr>\n<td>Weee<\/td>\n<\/tr>\n<tr>\n<td>Generalidades<\/td>\n<\/tr>\n<tr>\n<td>Dos conectores machos toslink (s\/pdif, \u00f3ptico)<\/td>\n<\/tr>\n<tr>\n<td>Contactos chapados en oro<\/td>\n<\/tr>\n<tr>\n<td>Bota de pvc con alivio de tensi\u00f3n<\/td>\n<\/tr>\n<tr>\n<td>Fibra \u00f3ptica<\/td>\n<\/tr>\n<tr>\n<td>Cubierta de pvc<\/td>\n<\/tr>\n<tr>\n<td>Longitud: 5 m (16 ft.)<\/td>\n<\/tr>\n<tr>\n<td>Di\u00e1metro exterior (od) de la cubierta: 2.2 mm (0.09 pulgadas)<\/td>\n<\/tr>\n<tr>\n<td>Di\u00e1metro exterior (od) de la fibra: 1 mm (0.04 in.)<\/td>\n<\/tr>\n<tr>\n<td>Radio de curvatura: 20 mm<\/td>\n<\/tr>\n<tr>\n<td>Resistencia a la tracci\u00f3n de la fibra: 25 kg (250 n)<\/td>\n<\/tr>\n<tr>\n<td>Peso: 25 g (0.88 oz.)<\/td>\n<\/tr>\n<tr>\n<td>Entorno de funcionamiento<\/td>\n<\/tr>\n<tr>\n<td>Temperatura de funcionamiento: 0 &#8211; 50\u00b0c (32 &#8211; 122\u00b0f)<\/td>\n<\/tr>\n<tr>\n<td>Temperatura de almacenamiento: -20 &#8211; 70\u00b0c (-4 &#8211; 158\u00b0f)<\/td>\n<\/tr>\n<tr>\n<td>Contenido del paquete<\/td>\n<\/tr>\n<tr>\n<td>Cable de audio digital \u00f3ptico toslink<\/td>\n<\/tr>\n<tr>\n<td>Este producto tambi\u00e9n est\u00e1 disponible en otras longitudes con el n\u00famero de modelo indicado:<\/td>\n<\/tr>\n<tr>\n<td>356060 &#8211; 1 m (3 ft.)<\/td>\n<\/tr>\n<tr>\n<td>356077 &#8211; 2 m (7 pies)<\/td>\n<\/tr>\n<tr>\n<td>356084 &#8211; 3 m (10 pies)<\/td>\n<\/tr>\n<\/table>\n","protected":false},"excerpt":{"rendered":"<p>Cable toslink &#8211; cable de audio digital \u00f3ptico spdif, macho a macho (m\/m), con calidad hifi de primera para un sonido incre\u00edble para el cine en casa. Consigue la mejor experiencia de sonido para tu entretenimiento en casa con el cable de audio digital \u00f3ptico s\/pdif toslink de grado profesional de manhattan. Transmite un sonido envolvente de alta definici\u00f3n superior entre componentes av con interfaces de fibra \u00f3ptica. Redescubra sus pel\u00edculas, m\u00fasica y videojuegos favoritos con un audio cristalino. Este cable de audio \u00f3ptico es ideal para todos los dispositivos con una interfaz \u00f3ptica, como receptores av, (pre)amplificadores, barras de sonido, sistemas de sonido, televisores, pc, dac (convertidores de digital a anal\u00f3gico), playstation\u00ae (ps3\/ps4\/ps4 pro), xbox\u00ae (one\/360) y m\u00e1s. Tecnolog\u00eda de transmisi\u00f3n de \u00faltima generaci\u00f3n y contactos chapados en oro. La fibra \u00f3ptica de alto grado y la lente pulida del cable permiten el mejor rendimiento posible sin comprometer la calidad del sonido. Su construcci\u00f3n a partir de hebras de fibra lo hace completamente inmune a las interferencias electromagn\u00e9ticas (emi) y a las interferencias de radiofrecuencia (rfi) que pueden sufrir los cables hdmi de menor calidad. Los contactos chapados en oro mantienen sus conexiones siempre libres de corrosi\u00f3n. Dos conectores toslink s\/pdif macho para conectar una fuente multimedia a un dispositivo de audio. Calidad hifi superior con fibra \u00f3ptica sin p\u00e9rdidas ni distorsiones. Ideal para todos los dispositivos con interfaz \u00f3ptica, como receptores av, (pre)amplificadores, barras de sonido, sistemas de sonido, televisores, pc, dac, playstation\u00ae (ps3\/ps4\/ps4 pro), xbox\u00ae (one\/360), etc. Contactos chapados en oro para conexiones libres de corrosi\u00f3n. Inmunidad a emi y rfi. Compatible con todos los puertos de entrada\/salida s\/pdif y de entrada\/salida opt. Cubierta flexible y duradera con un resistente alivio de tensi\u00f3n. Plug and play; no requiere alimentaci\u00f3n externa. Nota: antes de instalar este cable, retire la tapa protectora contra el polvo de cada conector.<\/p>\n","protected":false},"featured_media":233788,"comment_status":"open","ping_status":"open","template":"","meta":[],"product_cat":[1551,1549],"product_tag":[1487],"acf":[],"yoast_head":"<!-- This site is optimized with the Yoast SEO plugin v21.7 - https:\/\/yoast.com\/wordpress\/plugins\/seo\/ -->\n<title>[ Manhattan ] &#129351; 356091 Cable Audio,,, Toslink S\/pdif M-m 5.0m Negro<\/title>\n<meta name=\"description\" content=\"Compra 356091 Cable Audio,,, Toslink S\/pdif M-m 5.0m Negro + Env\u00edo a domicilio + Pago seguro + Garant\u00eda\" \/>\n<meta name=\"robots\" content=\"index, follow, max-snippet:-1, max-image-preview:large, max-video-preview:-1\" \/>\n<link rel=\"canonical\" href=\"https:\/\/compuviper.mx\/tienda\/producto\/manhattan-356091-cable-audio-toslink-s-pdif-m-m-5-0m-negro\/\" \/>\n<meta property=\"og:locale\" content=\"es_MX\" \/>\n<meta property=\"og:type\" content=\"article\" \/>\n<meta property=\"og:title\" content=\"[ Manhattan ] &#129351; 356091 Cable Audio,,, Toslink S\/pdif M-m 5.0m Negro\" \/>\n<meta property=\"og:description\" content=\"Compra 356091 Cable Audio,,, Toslink S\/pdif M-m 5.0m Negro + Env\u00edo a domicilio + Pago seguro + Garant\u00eda\" \/>\n<meta property=\"og:url\" content=\"https:\/\/compuviper.mx\/tienda\/producto\/manhattan-356091-cable-audio-toslink-s-pdif-m-m-5-0m-negro\/\" \/>\n<meta property=\"og:site_name\" content=\"Compuviper\" \/>\n<meta property=\"article:publisher\" content=\"https:\/\/www.facebook.com\/compuviper\" \/>\n<meta property=\"og:image\" content=\"https:\/\/compuviper.mx\/tienda\/wp-content\/uploads\/2024\/05\/Cable-audiomanhattan356091-toslink-spdif-m-m-5.0m-negro.jpg\" \/>\n\t<meta property=\"og:image:width\" content=\"200\" \/>\n\t<meta property=\"og:image:height\" content=\"200\" \/>\n\t<meta property=\"og:image:type\" content=\"image\/jpeg\" \/>\n<meta name=\"twitter:card\" content=\"summary_large_image\" \/>\n<meta name=\"twitter:label1\" content=\"Precio\" \/>\n\t<meta name=\"twitter:data1\" content=\"&#36;68 con IVA\" \/>\n\t<meta name=\"twitter:label2\" content=\"Availability\" \/>\n\t<meta name=\"twitter:data2\" content=\"In stock\" \/>\n<script type=\"application\/ld+json\" class=\"yoast-schema-graph\">{\"@context\":\"https:\/\/schema.org\",\"@graph\":[{\"@type\":\"WebPage\",\"@id\":\"https:\/\/compuviper.mx\/tienda\/producto\/manhattan-356091-cable-audio-toslink-s-pdif-m-m-5-0m-negro\/\",\"url\":\"https:\/\/compuviper.mx\/tienda\/producto\/manhattan-356091-cable-audio-toslink-s-pdif-m-m-5-0m-negro\/\",\"name\":\"[ Manhattan ] &#129351; 356091 Cable Audio,,, Toslink S\/pdif M-m 5.0m Negro\",\"isPartOf\":{\"@id\":\"https:\/\/compuviper.mx\/tienda\/#website\"},\"datePublished\":\"2026-04-08T05:47:13+00:00\",\"dateModified\":\"2026-04-08T05:47:13+00:00\",\"description\":\"Compra 356091 Cable Audio,,, Toslink S\/pdif M-m 5.0m Negro + Env\u00edo a domicilio + Pago seguro + Garant\u00eda\",\"breadcrumb\":{\"@id\":\"https:\/\/compuviper.mx\/tienda\/producto\/manhattan-356091-cable-audio-toslink-s-pdif-m-m-5-0m-negro\/#breadcrumb\"},\"inLanguage\":\"es-MX\",\"potentialAction\":[{\"@type\":\"ReadAction\",\"target\":[\"https:\/\/compuviper.mx\/tienda\/producto\/manhattan-356091-cable-audio-toslink-s-pdif-m-m-5-0m-negro\/\"]}]},{\"@type\":\"BreadcrumbList\",\"@id\":\"https:\/\/compuviper.mx\/tienda\/producto\/manhattan-356091-cable-audio-toslink-s-pdif-m-m-5-0m-negro\/#breadcrumb\",\"itemListElement\":[{\"@type\":\"ListItem\",\"position\":1,\"name\":\"Inicio\",\"item\":\"https:\/\/compuviper.mx\/tienda\/\"},{\"@type\":\"ListItem\",\"position\":2,\"name\":\"Productos\",\"item\":\"https:\/\/compuviper.mx\/tienda\/productos\/\"},{\"@type\":\"ListItem\",\"position\":3,\"name\":\"Cables\",\"item\":\"https:\/\/compuviper.mx\/tienda\/categoria-producto\/cables\/\"},{\"@type\":\"ListItem\",\"position\":4,\"name\":\"Cable De Audio\",\"item\":\"https:\/\/compuviper.mx\/tienda\/categoria-producto\/cables\/cable-de-audio\/\"},{\"@type\":\"ListItem\",\"position\":5,\"name\":\"Manhattan 356091 Cable Audio,,, Toslink S\/pdif M-m 5.0m Negro\"}]},{\"@type\":\"WebSite\",\"@id\":\"https:\/\/compuviper.mx\/tienda\/#website\",\"url\":\"https:\/\/compuviper.mx\/tienda\/\",\"name\":\"Compuviper\",\"description\":\"Proveedor de Computadoras, Laptops, Servidores, Monitores, Puntos de Venta, Teclados,   Impresoras, T\u00f3ner, C\u00e1maras de Seguridad y m\u00e1s en tu tienda en l\u00ednea\",\"publisher\":{\"@id\":\"https:\/\/compuviper.mx\/tienda\/#organization\"},\"potentialAction\":[{\"@type\":\"SearchAction\",\"target\":{\"@type\":\"EntryPoint\",\"urlTemplate\":\"https:\/\/compuviper.mx\/tienda\/?s={search_term_string}\"},\"query-input\":\"required name=search_term_string\"}],\"inLanguage\":\"es-MX\"},{\"@type\":\"Organization\",\"@id\":\"https:\/\/compuviper.mx\/tienda\/#organization\",\"name\":\"Compuviper\",\"url\":\"https:\/\/compuviper.mx\/tienda\/\",\"logo\":{\"@type\":\"ImageObject\",\"inLanguage\":\"es-MX\",\"@id\":\"https:\/\/compuviper.mx\/tienda\/#\/schema\/logo\/image\/\",\"url\":\"https:\/\/compuviper.mx\/tienda\/wp-content\/uploads\/2021\/08\/Logo-Compuviper-10.png\",\"contentUrl\":\"https:\/\/compuviper.mx\/tienda\/wp-content\/uploads\/2021\/08\/Logo-Compuviper-10.png\",\"width\":1000,\"height\":500,\"caption\":\"Compuviper\"},\"image\":{\"@id\":\"https:\/\/compuviper.mx\/tienda\/#\/schema\/logo\/image\/\"},\"sameAs\":[\"https:\/\/www.facebook.com\/compuviper\",\"https:\/\/www.youtube.com\/channel\/UCf73dERp9Y3cfOq7q8BhLjA?view_as=subscriber\"]}]}<\/script>\n<meta property=\"product:brand\" content=\"MANHATTAN\" \/>\n<meta property=\"product:price:amount\" content=\"68\" \/>\n<meta property=\"product:price:currency\" content=\"MXN\" \/>\n<meta property=\"og:availability\" content=\"instock\" \/>\n<meta property=\"product:availability\" content=\"instock\" \/>\n<meta property=\"product:retailer_item_id\" content=\"356091\" \/>\n<meta property=\"product:condition\" content=\"new\" \/>\n<!-- \/ Yoast SEO plugin. -->","yoast_head_json":{"title":"[ Manhattan ] &#129351; 356091 Cable Audio,,, Toslink S\/pdif M-m 5.0m Negro","description":"Compra 356091 Cable Audio,,, Toslink S\/pdif M-m 5.0m Negro + Env\u00edo a domicilio + Pago seguro + Garant\u00eda","robots":{"index":"index","follow":"follow","max-snippet":"max-snippet:-1","max-image-preview":"max-image-preview:large","max-video-preview":"max-video-preview:-1"},"canonical":"https:\/\/compuviper.mx\/tienda\/producto\/manhattan-356091-cable-audio-toslink-s-pdif-m-m-5-0m-negro\/","og_locale":"es_MX","og_type":"article","og_title":"[ Manhattan ] &#129351; 356091 Cable Audio,,, Toslink S\/pdif M-m 5.0m Negro","og_description":"Compra 356091 Cable Audio,,, Toslink S\/pdif M-m 5.0m Negro + Env\u00edo a domicilio + Pago seguro + Garant\u00eda","og_url":"https:\/\/compuviper.mx\/tienda\/producto\/manhattan-356091-cable-audio-toslink-s-pdif-m-m-5-0m-negro\/","og_site_name":"Compuviper","article_publisher":"https:\/\/www.facebook.com\/compuviper","og_image":[{"width":200,"height":200,"url":"https:\/\/compuviper.mx\/tienda\/wp-content\/uploads\/2024\/05\/Cable-audiomanhattan356091-toslink-spdif-m-m-5.0m-negro.jpg","type":"image\/jpeg"}],"twitter_card":"summary_large_image","twitter_misc":{"Precio":"&#36;68 con IVA","Availability":"In stock"},"schema":{"@context":"https:\/\/schema.org","@graph":[{"@type":"WebPage","@id":"https:\/\/compuviper.mx\/tienda\/producto\/manhattan-356091-cable-audio-toslink-s-pdif-m-m-5-0m-negro\/","url":"https:\/\/compuviper.mx\/tienda\/producto\/manhattan-356091-cable-audio-toslink-s-pdif-m-m-5-0m-negro\/","name":"[ Manhattan ] &#129351; 356091 Cable Audio,,, Toslink S\/pdif M-m 5.0m Negro","isPartOf":{"@id":"https:\/\/compuviper.mx\/tienda\/#website"},"datePublished":"2026-04-08T05:47:13+00:00","dateModified":"2026-04-08T05:47:13+00:00","description":"Compra 356091 Cable Audio,,, Toslink S\/pdif M-m 5.0m Negro + Env\u00edo a domicilio + Pago seguro + Garant\u00eda","breadcrumb":{"@id":"https:\/\/compuviper.mx\/tienda\/producto\/manhattan-356091-cable-audio-toslink-s-pdif-m-m-5-0m-negro\/#breadcrumb"},"inLanguage":"es-MX","potentialAction":[{"@type":"ReadAction","target":["https:\/\/compuviper.mx\/tienda\/producto\/manhattan-356091-cable-audio-toslink-s-pdif-m-m-5-0m-negro\/"]}]},{"@type":"BreadcrumbList","@id":"https:\/\/compuviper.mx\/tienda\/producto\/manhattan-356091-cable-audio-toslink-s-pdif-m-m-5-0m-negro\/#breadcrumb","itemListElement":[{"@type":"ListItem","position":1,"name":"Inicio","item":"https:\/\/compuviper.mx\/tienda\/"},{"@type":"ListItem","position":2,"name":"Productos","item":"https:\/\/compuviper.mx\/tienda\/productos\/"},{"@type":"ListItem","position":3,"name":"Cables","item":"https:\/\/compuviper.mx\/tienda\/categoria-producto\/cables\/"},{"@type":"ListItem","position":4,"name":"Cable De Audio","item":"https:\/\/compuviper.mx\/tienda\/categoria-producto\/cables\/cable-de-audio\/"},{"@type":"ListItem","position":5,"name":"Manhattan 356091 Cable Audio,,, Toslink S\/pdif M-m 5.0m Negro"}]},{"@type":"WebSite","@id":"https:\/\/compuviper.mx\/tienda\/#website","url":"https:\/\/compuviper.mx\/tienda\/","name":"Compuviper","description":"Proveedor de Computadoras, Laptops, Servidores, Monitores, Puntos de Venta, Teclados,   Impresoras, T\u00f3ner, C\u00e1maras de Seguridad y m\u00e1s en tu tienda en l\u00ednea","publisher":{"@id":"https:\/\/compuviper.mx\/tienda\/#organization"},"potentialAction":[{"@type":"SearchAction","target":{"@type":"EntryPoint","urlTemplate":"https:\/\/compuviper.mx\/tienda\/?s={search_term_string}"},"query-input":"required name=search_term_string"}],"inLanguage":"es-MX"},{"@type":"Organization","@id":"https:\/\/compuviper.mx\/tienda\/#organization","name":"Compuviper","url":"https:\/\/compuviper.mx\/tienda\/","logo":{"@type":"ImageObject","inLanguage":"es-MX","@id":"https:\/\/compuviper.mx\/tienda\/#\/schema\/logo\/image\/","url":"https:\/\/compuviper.mx\/tienda\/wp-content\/uploads\/2021\/08\/Logo-Compuviper-10.png","contentUrl":"https:\/\/compuviper.mx\/tienda\/wp-content\/uploads\/2021\/08\/Logo-Compuviper-10.png","width":1000,"height":500,"caption":"Compuviper"},"image":{"@id":"https:\/\/compuviper.mx\/tienda\/#\/schema\/logo\/image\/"},"sameAs":["https:\/\/www.facebook.com\/compuviper","https:\/\/www.youtube.com\/channel\/UCf73dERp9Y3cfOq7q8BhLjA?view_as=subscriber"]}]},"product_brand":"MANHATTAN","product_price_amount":"68","product_price_currency":"MXN","og_availability":"instock","product_availability":"instock","product_retailer_item_id":"356091","product_condition":"new"},"_links":{"self":[{"href":"https:\/\/compuviper.mx\/tienda\/wp-json\/wp\/v2\/product\/214418"}],"collection":[{"href":"https:\/\/compuviper.mx\/tienda\/wp-json\/wp\/v2\/product"}],"about":[{"href":"https:\/\/compuviper.mx\/tienda\/wp-json\/wp\/v2\/types\/product"}],"replies":[{"embeddable":true,"href":"https:\/\/compuviper.mx\/tienda\/wp-json\/wp\/v2\/comments?post=214418"}],"wp:featuredmedia":[{"embeddable":true,"href":"https:\/\/compuviper.mx\/tienda\/wp-json\/wp\/v2\/media\/233788"}],"wp:attachment":[{"href":"https:\/\/compuviper.mx\/tienda\/wp-json\/wp\/v2\/media?parent=214418"}],"wp:term":[{"taxonomy":"product_cat","embeddable":true,"href":"https:\/\/compuviper.mx\/tienda\/wp-json\/wp\/v2\/product_cat?post=214418"},{"taxonomy":"product_tag","embeddable":true,"href":"https:\/\/compuviper.mx\/tienda\/wp-json\/wp\/v2\/product_tag?post=214418"}],"curies":[{"name":"wp","href":"https:\/\/api.w.org\/{rel}","templated":true}]}}