{"id":214413,"date":"2026-04-15T23:46:18","date_gmt":"2026-04-16T05:46:18","guid":{"rendered":"https:\/\/compuviper.mx\/tienda\/producto\/manhattan-355933-cable-hdmi-2-1-premium-m-m-1-0m-8k60hzchapa-de-oro\/"},"modified":"2026-04-15T23:46:18","modified_gmt":"2026-04-16T05:46:18","slug":"manhattan-355933-cable-hdmi-2-1-premium-m-m-1-0m-8k60hzchapa-de-oro","status":"publish","type":"product","link":"https:\/\/compuviper.mx\/tienda\/producto\/manhattan-355933-cable-hdmi-2-1-premium-m-m-1-0m-8k60hzchapa-de-oro\/","title":{"rendered":"Manhattan 355933 Cable Hdmi \/ \/  \/2.1 Premium M-m 1.0m, 8k@60hz,chapa De Oro"},"content":{"rendered":"<table class=\"descripcion\">\n<tr>\n<td>Normas y certificaciones<\/td>\n<\/tr>\n<tr>\n<td>Ce<\/td>\n<\/tr>\n<tr>\n<td>Rohs<\/td>\n<\/tr>\n<tr>\n<td>Generalidades<\/td>\n<\/tr>\n<tr>\n<td>Resoluci\u00f3n m\u00e1xima: 8k a 60 hz (7680 x 4320)<\/td>\n<\/tr>\n<tr>\n<td>M\u00e1ximo ancho de banda: 48 gbps<\/td>\n<\/tr>\n<tr>\n<td>Soporta hdcp 2.3, cec, dynamic hdr, earc, vrr, qms, qft y allm<\/td>\n<\/tr>\n<tr>\n<td>Conectores<\/td>\n<\/tr>\n<tr>\n<td>2 hdmi de 19 pines, macho<\/td>\n<\/tr>\n<tr>\n<td>Contactos con ba\u00f1o de oro<\/td>\n<\/tr>\n<tr>\n<td>Cable<\/td>\n<\/tr>\n<tr>\n<td>30 awg<\/td>\n<\/tr>\n<tr>\n<td>Doble blindaje: papel de aluminio y trenza mylar<\/td>\n<\/tr>\n<tr>\n<td>Resistencia de voltaje: 300 vdc<\/td>\n<\/tr>\n<tr>\n<td>Resistencia de aislamiento: 5 m and #937;<\/td>\n<\/tr>\n<tr>\n<td>Resistencia de conductividad: 10  and #937;<\/td>\n<\/tr>\n<tr>\n<td>Cobertura de tejido trenzado<\/td>\n<\/tr>\n<tr>\n<td>Di\u00e1metro exterior del recubrimietno: 6.3 \u00b1 0.15 mm<\/td>\n<\/tr>\n<tr>\n<td>Longitud: 1 m (3 ft.)<\/td>\n<\/tr>\n<tr>\n<td>Otras dimensiones: 13 mm \u00b1 0.24 mm (ancho), 3.5 \u00b1 0.2 mm (alto)<\/td>\n<\/tr>\n<tr>\n<td>Peso: 90 g (3.17 oz.)<\/td>\n<\/tr>\n<tr>\n<td>Ambiente de operaci\u00f3n<\/td>\n<\/tr>\n<tr>\n<td>Temperatura de operaci\u00f3n: 0 &#8211; 40\u00b0c (32 &#8211; 104\u00b0f)<\/td>\n<\/tr>\n<tr>\n<td>Temperatura de almacenamiento: -20 &#8211; 60 \u00b0 c (-4 &#8211; 140 \u00b0 f)<\/td>\n<\/tr>\n<tr>\n<td>Humedad (sin condensaci\u00f3n): 0 &#8211; 96%<\/td>\n<\/tr>\n<tr>\n<td>Contenido del paquete<\/td>\n<\/tr>\n<tr>\n<td>Cable hdmi certificado de ultra alta velocidad, 8k a 60 hz o 4k a 120 hz, con ethernet<\/td>\n<\/tr>\n<\/table>\n","protected":false},"excerpt":{"rendered":"<p>Cable hdmi de ultra alta velocidad, certificado y con licencia oficial, cuenta con funciones de vanguardia y preparadas para futuras aplicaciones de audio y video, as\u00ed como de videojuegos de alta gama. Admite resoluciones de 8k@60hz, 4k@120hz, 1440p@144hz (wqhd) y 1080p@240hz. Hdr din\u00e1mico para un contraste superior y colores brillantes. Compatible con dolby vision\u0099 y dolby atmos\u00ae. Contactos chapados en oro para conexiones libres de corrosi\u00f3n. Doble blindaje de l\u00e1mina y trenza para reducir la emi y otras fuentes de interferencia. Ancho de banda de hasta 48 gbps. Submuestreo de croma 4:4:4. Dise\u00f1o de cable con cubierta tejida, resistente a enredos. Canal de retorno de audio mejorado (earc) para permitir que el audio del televisor se transmita a trav\u00e9s de su sistema de audio sin un cable de audio separado. Earc que admite los formatos de audio m\u00e1s avanzados y la m\u00e1s alta calidad de audio (compatibilidad total solo con productos hdmi 2.1. Hdmi consumer electronics control (cec) para poder utilizar un control remoto con todos los dispositivos hdmi compatibles. Hdmi ethernet channel (hec) para a\u00f1adir conectividad de red a un enlace hdmi sin necesidad de un cable ethernet independiente. Las caracter\u00edsticas mejoradas incluyen frecuencia de actualizaci\u00f3n variable (vrr), cambio r\u00e1pido de medios (qms), transporte r\u00e1pido de cuadros (qft) y modo autom\u00e1tico de baja latencia (allm. Compatible con todos los dispositivos hdmi: televisores, proyectores, monitores, port\u00e1tiles, pc, receptores av, cajas de transmisi\u00f3n, consolas de juegos, playstation\u00ae (ps4\/ps5), xbox\u00ae (one\/series s\/series x), reproductores de blu-ray y mucho m\u00e1s. Compatible con hdcp 2.3. Audio de 32 canales sin comprimir<\/p>\n","protected":false},"featured_media":233783,"comment_status":"open","ping_status":"open","template":"","meta":[],"product_cat":[1549,2039],"product_tag":[1487],"acf":[],"yoast_head":"<!-- This site is optimized with the Yoast SEO plugin v21.7 - https:\/\/yoast.com\/wordpress\/plugins\/seo\/ -->\n<title>[ Manhattan ] &#129351; 355933 Cable Hdmi \/ \/ \/2.1 Premium M-m 1.0m, 8k@60hz,chapa De Oro<\/title>\n<meta name=\"description\" content=\"Compra 355933 Cable Hdmi \/ \/ \/2.1 Premium M-m 1.0m, 8k@60hz,chapa De Oro + Env\u00edo a domicilio + Pago seguro + Garant\u00eda\" \/>\n<meta name=\"robots\" content=\"index, follow, max-snippet:-1, max-image-preview:large, max-video-preview:-1\" \/>\n<link rel=\"canonical\" href=\"https:\/\/compuviper.mx\/tienda\/producto\/manhattan-355933-cable-hdmi-2-1-premium-m-m-1-0m-8k60hzchapa-de-oro\/\" \/>\n<meta property=\"og:locale\" content=\"es_MX\" \/>\n<meta property=\"og:type\" content=\"article\" \/>\n<meta property=\"og:title\" content=\"[ Manhattan ] &#129351; 355933 Cable Hdmi \/ \/ \/2.1 Premium M-m 1.0m, 8k@60hz,chapa De Oro\" \/>\n<meta property=\"og:description\" content=\"Compra 355933 Cable Hdmi \/ \/ \/2.1 Premium M-m 1.0m, 8k@60hz,chapa De Oro + Env\u00edo a domicilio + Pago seguro + Garant\u00eda\" \/>\n<meta property=\"og:url\" content=\"https:\/\/compuviper.mx\/tienda\/producto\/manhattan-355933-cable-hdmi-2-1-premium-m-m-1-0m-8k60hzchapa-de-oro\/\" \/>\n<meta property=\"og:site_name\" content=\"Compuviper\" \/>\n<meta property=\"article:publisher\" content=\"https:\/\/www.facebook.com\/compuviper\" \/>\n<meta property=\"og:image\" content=\"https:\/\/compuviper.mx\/tienda\/wp-content\/uploads\/2024\/05\/Cable-hdmi-manhattan-355933-2.1-premium-m-m-1.0m-8k@60hzchapa-de-oro.jpg\" \/>\n\t<meta property=\"og:image:width\" content=\"200\" \/>\n\t<meta property=\"og:image:height\" content=\"200\" \/>\n\t<meta property=\"og:image:type\" content=\"image\/jpeg\" \/>\n<meta name=\"twitter:card\" content=\"summary_large_image\" \/>\n<meta name=\"twitter:label1\" content=\"Precio\" \/>\n\t<meta name=\"twitter:data1\" content=\"&#36;148 con IVA\" \/>\n\t<meta name=\"twitter:label2\" content=\"Availability\" \/>\n\t<meta name=\"twitter:data2\" content=\"In stock\" \/>\n<script type=\"application\/ld+json\" class=\"yoast-schema-graph\">{\"@context\":\"https:\/\/schema.org\",\"@graph\":[{\"@type\":\"WebPage\",\"@id\":\"https:\/\/compuviper.mx\/tienda\/producto\/manhattan-355933-cable-hdmi-2-1-premium-m-m-1-0m-8k60hzchapa-de-oro\/\",\"url\":\"https:\/\/compuviper.mx\/tienda\/producto\/manhattan-355933-cable-hdmi-2-1-premium-m-m-1-0m-8k60hzchapa-de-oro\/\",\"name\":\"[ Manhattan ] &#129351; 355933 Cable Hdmi \/ \/ \/2.1 Premium M-m 1.0m, 8k@60hz,chapa De Oro\",\"isPartOf\":{\"@id\":\"https:\/\/compuviper.mx\/tienda\/#website\"},\"datePublished\":\"2026-04-16T05:46:18+00:00\",\"dateModified\":\"2026-04-16T05:46:18+00:00\",\"description\":\"Compra 355933 Cable Hdmi \/ \/ \/2.1 Premium M-m 1.0m, 8k@60hz,chapa De Oro + Env\u00edo a domicilio + Pago seguro + Garant\u00eda\",\"breadcrumb\":{\"@id\":\"https:\/\/compuviper.mx\/tienda\/producto\/manhattan-355933-cable-hdmi-2-1-premium-m-m-1-0m-8k60hzchapa-de-oro\/#breadcrumb\"},\"inLanguage\":\"es-MX\",\"potentialAction\":[{\"@type\":\"ReadAction\",\"target\":[\"https:\/\/compuviper.mx\/tienda\/producto\/manhattan-355933-cable-hdmi-2-1-premium-m-m-1-0m-8k60hzchapa-de-oro\/\"]}]},{\"@type\":\"BreadcrumbList\",\"@id\":\"https:\/\/compuviper.mx\/tienda\/producto\/manhattan-355933-cable-hdmi-2-1-premium-m-m-1-0m-8k60hzchapa-de-oro\/#breadcrumb\",\"itemListElement\":[{\"@type\":\"ListItem\",\"position\":1,\"name\":\"Inicio\",\"item\":\"https:\/\/compuviper.mx\/tienda\/\"},{\"@type\":\"ListItem\",\"position\":2,\"name\":\"Productos\",\"item\":\"https:\/\/compuviper.mx\/tienda\/productos\/\"},{\"@type\":\"ListItem\",\"position\":3,\"name\":\"Cables\",\"item\":\"https:\/\/compuviper.mx\/tienda\/categoria-producto\/cables\/\"},{\"@type\":\"ListItem\",\"position\":4,\"name\":\"Sin Categor\u00eda\",\"item\":\"https:\/\/compuviper.mx\/tienda\/categoria-producto\/cables\/sin-categoria-cables\/\"},{\"@type\":\"ListItem\",\"position\":5,\"name\":\"Manhattan 355933 Cable Hdmi \/ \/ \/2.1 Premium M-m 1.0m, 8k@60hz,chapa De Oro\"}]},{\"@type\":\"WebSite\",\"@id\":\"https:\/\/compuviper.mx\/tienda\/#website\",\"url\":\"https:\/\/compuviper.mx\/tienda\/\",\"name\":\"Compuviper\",\"description\":\"Proveedor de Computadoras, Laptops, Servidores, Monitores, Puntos de Venta, Teclados,   Impresoras, T\u00f3ner, C\u00e1maras de Seguridad y m\u00e1s en tu tienda en l\u00ednea\",\"publisher\":{\"@id\":\"https:\/\/compuviper.mx\/tienda\/#organization\"},\"potentialAction\":[{\"@type\":\"SearchAction\",\"target\":{\"@type\":\"EntryPoint\",\"urlTemplate\":\"https:\/\/compuviper.mx\/tienda\/?s={search_term_string}\"},\"query-input\":\"required name=search_term_string\"}],\"inLanguage\":\"es-MX\"},{\"@type\":\"Organization\",\"@id\":\"https:\/\/compuviper.mx\/tienda\/#organization\",\"name\":\"Compuviper\",\"url\":\"https:\/\/compuviper.mx\/tienda\/\",\"logo\":{\"@type\":\"ImageObject\",\"inLanguage\":\"es-MX\",\"@id\":\"https:\/\/compuviper.mx\/tienda\/#\/schema\/logo\/image\/\",\"url\":\"https:\/\/compuviper.mx\/tienda\/wp-content\/uploads\/2021\/08\/Logo-Compuviper-10.png\",\"contentUrl\":\"https:\/\/compuviper.mx\/tienda\/wp-content\/uploads\/2021\/08\/Logo-Compuviper-10.png\",\"width\":1000,\"height\":500,\"caption\":\"Compuviper\"},\"image\":{\"@id\":\"https:\/\/compuviper.mx\/tienda\/#\/schema\/logo\/image\/\"},\"sameAs\":[\"https:\/\/www.facebook.com\/compuviper\",\"https:\/\/www.youtube.com\/channel\/UCf73dERp9Y3cfOq7q8BhLjA?view_as=subscriber\"]}]}<\/script>\n<meta property=\"product:brand\" content=\"MANHATTAN\" \/>\n<meta property=\"product:price:amount\" content=\"148\" \/>\n<meta property=\"product:price:currency\" content=\"MXN\" \/>\n<meta property=\"og:availability\" content=\"instock\" \/>\n<meta property=\"product:availability\" content=\"instock\" \/>\n<meta property=\"product:retailer_item_id\" content=\"355933\" \/>\n<meta property=\"product:condition\" content=\"new\" \/>\n<!-- \/ Yoast SEO plugin. -->","yoast_head_json":{"title":"[ Manhattan ] &#129351; 355933 Cable Hdmi \/ \/ \/2.1 Premium M-m 1.0m, 8k@60hz,chapa De Oro","description":"Compra 355933 Cable Hdmi \/ \/ \/2.1 Premium M-m 1.0m, 8k@60hz,chapa De Oro + Env\u00edo a domicilio + Pago seguro + Garant\u00eda","robots":{"index":"index","follow":"follow","max-snippet":"max-snippet:-1","max-image-preview":"max-image-preview:large","max-video-preview":"max-video-preview:-1"},"canonical":"https:\/\/compuviper.mx\/tienda\/producto\/manhattan-355933-cable-hdmi-2-1-premium-m-m-1-0m-8k60hzchapa-de-oro\/","og_locale":"es_MX","og_type":"article","og_title":"[ Manhattan ] &#129351; 355933 Cable Hdmi \/ \/ \/2.1 Premium M-m 1.0m, 8k@60hz,chapa De Oro","og_description":"Compra 355933 Cable Hdmi \/ \/ \/2.1 Premium M-m 1.0m, 8k@60hz,chapa De Oro + Env\u00edo a domicilio + Pago seguro + Garant\u00eda","og_url":"https:\/\/compuviper.mx\/tienda\/producto\/manhattan-355933-cable-hdmi-2-1-premium-m-m-1-0m-8k60hzchapa-de-oro\/","og_site_name":"Compuviper","article_publisher":"https:\/\/www.facebook.com\/compuviper","og_image":[{"width":200,"height":200,"url":"https:\/\/compuviper.mx\/tienda\/wp-content\/uploads\/2024\/05\/Cable-hdmi-manhattan-355933-2.1-premium-m-m-1.0m-8k@60hzchapa-de-oro.jpg","type":"image\/jpeg"}],"twitter_card":"summary_large_image","twitter_misc":{"Precio":"&#36;148 con IVA","Availability":"In stock"},"schema":{"@context":"https:\/\/schema.org","@graph":[{"@type":"WebPage","@id":"https:\/\/compuviper.mx\/tienda\/producto\/manhattan-355933-cable-hdmi-2-1-premium-m-m-1-0m-8k60hzchapa-de-oro\/","url":"https:\/\/compuviper.mx\/tienda\/producto\/manhattan-355933-cable-hdmi-2-1-premium-m-m-1-0m-8k60hzchapa-de-oro\/","name":"[ Manhattan ] &#129351; 355933 Cable Hdmi \/ \/ \/2.1 Premium M-m 1.0m, 8k@60hz,chapa De Oro","isPartOf":{"@id":"https:\/\/compuviper.mx\/tienda\/#website"},"datePublished":"2026-04-16T05:46:18+00:00","dateModified":"2026-04-16T05:46:18+00:00","description":"Compra 355933 Cable Hdmi \/ \/ \/2.1 Premium M-m 1.0m, 8k@60hz,chapa De Oro + Env\u00edo a domicilio + Pago seguro + Garant\u00eda","breadcrumb":{"@id":"https:\/\/compuviper.mx\/tienda\/producto\/manhattan-355933-cable-hdmi-2-1-premium-m-m-1-0m-8k60hzchapa-de-oro\/#breadcrumb"},"inLanguage":"es-MX","potentialAction":[{"@type":"ReadAction","target":["https:\/\/compuviper.mx\/tienda\/producto\/manhattan-355933-cable-hdmi-2-1-premium-m-m-1-0m-8k60hzchapa-de-oro\/"]}]},{"@type":"BreadcrumbList","@id":"https:\/\/compuviper.mx\/tienda\/producto\/manhattan-355933-cable-hdmi-2-1-premium-m-m-1-0m-8k60hzchapa-de-oro\/#breadcrumb","itemListElement":[{"@type":"ListItem","position":1,"name":"Inicio","item":"https:\/\/compuviper.mx\/tienda\/"},{"@type":"ListItem","position":2,"name":"Productos","item":"https:\/\/compuviper.mx\/tienda\/productos\/"},{"@type":"ListItem","position":3,"name":"Cables","item":"https:\/\/compuviper.mx\/tienda\/categoria-producto\/cables\/"},{"@type":"ListItem","position":4,"name":"Sin Categor\u00eda","item":"https:\/\/compuviper.mx\/tienda\/categoria-producto\/cables\/sin-categoria-cables\/"},{"@type":"ListItem","position":5,"name":"Manhattan 355933 Cable Hdmi \/ \/ \/2.1 Premium M-m 1.0m, 8k@60hz,chapa De Oro"}]},{"@type":"WebSite","@id":"https:\/\/compuviper.mx\/tienda\/#website","url":"https:\/\/compuviper.mx\/tienda\/","name":"Compuviper","description":"Proveedor de Computadoras, Laptops, Servidores, Monitores, Puntos de Venta, Teclados,   Impresoras, T\u00f3ner, C\u00e1maras de Seguridad y m\u00e1s en tu tienda en l\u00ednea","publisher":{"@id":"https:\/\/compuviper.mx\/tienda\/#organization"},"potentialAction":[{"@type":"SearchAction","target":{"@type":"EntryPoint","urlTemplate":"https:\/\/compuviper.mx\/tienda\/?s={search_term_string}"},"query-input":"required name=search_term_string"}],"inLanguage":"es-MX"},{"@type":"Organization","@id":"https:\/\/compuviper.mx\/tienda\/#organization","name":"Compuviper","url":"https:\/\/compuviper.mx\/tienda\/","logo":{"@type":"ImageObject","inLanguage":"es-MX","@id":"https:\/\/compuviper.mx\/tienda\/#\/schema\/logo\/image\/","url":"https:\/\/compuviper.mx\/tienda\/wp-content\/uploads\/2021\/08\/Logo-Compuviper-10.png","contentUrl":"https:\/\/compuviper.mx\/tienda\/wp-content\/uploads\/2021\/08\/Logo-Compuviper-10.png","width":1000,"height":500,"caption":"Compuviper"},"image":{"@id":"https:\/\/compuviper.mx\/tienda\/#\/schema\/logo\/image\/"},"sameAs":["https:\/\/www.facebook.com\/compuviper","https:\/\/www.youtube.com\/channel\/UCf73dERp9Y3cfOq7q8BhLjA?view_as=subscriber"]}]},"product_brand":"MANHATTAN","product_price_amount":"148","product_price_currency":"MXN","og_availability":"instock","product_availability":"instock","product_retailer_item_id":"355933","product_condition":"new"},"_links":{"self":[{"href":"https:\/\/compuviper.mx\/tienda\/wp-json\/wp\/v2\/product\/214413"}],"collection":[{"href":"https:\/\/compuviper.mx\/tienda\/wp-json\/wp\/v2\/product"}],"about":[{"href":"https:\/\/compuviper.mx\/tienda\/wp-json\/wp\/v2\/types\/product"}],"replies":[{"embeddable":true,"href":"https:\/\/compuviper.mx\/tienda\/wp-json\/wp\/v2\/comments?post=214413"}],"wp:featuredmedia":[{"embeddable":true,"href":"https:\/\/compuviper.mx\/tienda\/wp-json\/wp\/v2\/media\/233783"}],"wp:attachment":[{"href":"https:\/\/compuviper.mx\/tienda\/wp-json\/wp\/v2\/media?parent=214413"}],"wp:term":[{"taxonomy":"product_cat","embeddable":true,"href":"https:\/\/compuviper.mx\/tienda\/wp-json\/wp\/v2\/product_cat?post=214413"},{"taxonomy":"product_tag","embeddable":true,"href":"https:\/\/compuviper.mx\/tienda\/wp-json\/wp\/v2\/product_tag?post=214413"}],"curies":[{"name":"wp","href":"https:\/\/api.w.org\/{rel}","templated":true}]}}