{"id":214404,"date":"2026-04-10T23:44:38","date_gmt":"2026-04-11T05:44:38","guid":{"rendered":"https:\/\/compuviper.mx\/tienda\/producto\/dahua-dh-pfm920i-6un-c-100-bobina-pfm920i-6un-c-100-bobina-de-100-mts-de-cable-utp-cat6-100-cobre-color-blanco-cubierta-retardante-de-flama-con-certificacin-ce-cpr-eca-ideal-para-video-y-red\/"},"modified":"2026-04-10T23:44:38","modified_gmt":"2026-04-11T05:44:38","slug":"dahua-dh-pfm920i-6un-c-100-bobina-pfm920i-6un-c-100-bobina-de-100-mts-de-cable-utp-cat6-100-cobre-color-blanco-cubierta-retardante-de-flama-con-certificacin-ce-cpr-eca-ideal-para-video-y-rede","status":"publish","type":"product","link":"https:\/\/compuviper.mx\/tienda\/producto\/dahua-dh-pfm920i-6un-c-100-bobina-pfm920i-6un-c-100-bobina-de-100-mts-de-cable-utp-cat6-100-cobre-color-blanco-cubierta-retardante-de-flama-con-certificacin-ce-cpr-eca-ideal-para-video-y-rede\/","title":{"rendered":"Dahua Dh-pfm920i-6un-c-100 Bobina\/ \/ Pfm920i-6un-c-100 &#8211; Bobina De 100 Mts De Cable Utp Cat6\/ 100 Cobre\/ Color Blanco\/ Cubierta Retardante De Flama Con Certificacin Ce Cpr Eca\/ Ideal Para Video Y Redes\/"},"content":{"rendered":"<table class=\"descripcion\">\n<tr>\n<td>Principales caracter\u00edsticas<\/td>\n<\/tr>\n<tr>\n<td>\u0095 cable utp cat6.<\/td>\n<\/tr>\n<tr>\n<td>\u0095 100% cobre.<\/td>\n<\/tr>\n<tr>\n<td>\u0095 calibre 24 awg.<\/td>\n<\/tr>\n<tr>\n<td>\u0095 aislamiento con material hdpe.<\/td>\n<\/tr>\n<tr>\n<td>\u0095 4 pares.<\/td>\n<\/tr>\n<tr>\n<td>\u0095 sobrecubierta de pvc color blanco.<\/td>\n<\/tr>\n<tr>\n<td>\u0095 100 metros de longitud.<\/td>\n<\/tr>\n<tr>\n<td>\u0095 certificaci\u00f3n cpr eca.<\/td>\n<\/tr>\n<tr>\n<td>\u0095 peso neto 3.8 kg \u00b1 0.3 kg.<\/td>\n<\/tr>\n<tr>\n<td>\u0095 dimensi\u00f3n de embalaje 595 mm \u00d7 310 mm \u00d7 270 mm.<\/td>\n<\/tr>\n<tr>\n<td>\u0095 peso con embalaje de 4.0 kg \u00b1 0.3 kg.<\/td>\n<\/tr>\n<\/table>\n","protected":false},"excerpt":{"rendered":"<p>Informaci\u00f3n general. La bobina pfm920i-6un-c-100 esta compuesta por cable utp de categoria 6,el cual esta constituido por 99.97% de cobre en los conductores (4 pares), este cable es fabricado por dahua para soluciones de hdcvi e ip principalmente,generalmente se aplica en el cableado del sistema dentro de los 100 metros. Cubierta con revestimiento resistente. El cable de la bobina pfm920i-6un-c-100 tiene una cubierta de pvc retardante compuesta por un revestimiento de hdpe , este es un pol\u00edmero termopl\u00e1stico conformado por unidades repetitivas de etileno. Se designa como hdpe (por sus siglas en ingl\u00e9s, high density polyethylene) o pead (polietileno de alta densidad), este material permite tener mas resistencia, adem\u00e1s de contar con un retardante de llama para mejorar el rendimiento y la durabilidad de la red, cuenta con la certificaci\u00f3n cpr eca.<\/p>\n","protected":false},"featured_media":242068,"comment_status":"open","ping_status":"open","template":"","meta":[],"product_cat":[1549,1550],"product_tag":[1555],"acf":[],"yoast_head":"<!-- This site is optimized with the Yoast SEO plugin v21.7 - https:\/\/yoast.com\/wordpress\/plugins\/seo\/ -->\n<title>[ Dahua ] &#129351; Dh-pfm920i-6un-c-100 Bobina\/ \/ Pfm920i-6un-c-100 - Bobina De 100 Mts De Cable Utp Cat6\/ 100 Cobre\/ Color Blanco\/ Cubierta Retardante De Flama Con Certificacin Ce Cpr Eca\/ Ideal Para Video Y Redes\/<\/title>\n<meta name=\"description\" content=\"Compra Dh-pfm920i-6un-c-100 Bobina\/ \/ Pfm920i-6un-c-100 - Bobina De 100 Mts De Cable Utp Cat6\/ 100 Cobre\/ Color Blanco\/ Cubierta Retardante De Flama Con Certificacin Ce Cpr Eca\/ Ideal Para Video Y Redes\/ + Env\u00edo a domicilio + Pago seguro + Garant\u00eda\" \/>\n<meta name=\"robots\" content=\"index, follow, max-snippet:-1, max-image-preview:large, max-video-preview:-1\" \/>\n<link rel=\"canonical\" href=\"https:\/\/compuviper.mx\/tienda\/producto\/dahua-dh-pfm920i-6un-c-100-bobina-pfm920i-6un-c-100-bobina-de-100-mts-de-cable-utp-cat6-100-cobre-color-blanco-cubierta-retardante-de-flama-con-certificacin-ce-cpr-eca-ideal-para-video-y-rede\/\" \/>\n<meta property=\"og:locale\" content=\"es_MX\" \/>\n<meta property=\"og:type\" content=\"article\" \/>\n<meta property=\"og:title\" content=\"[ Dahua ] &#129351; Dh-pfm920i-6un-c-100 Bobina\/ \/ Pfm920i-6un-c-100 - Bobina De 100 Mts De Cable Utp Cat6\/ 100 Cobre\/ Color Blanco\/ Cubierta Retardante De Flama Con Certificacin Ce Cpr Eca\/ Ideal Para Video Y Redes\/\" \/>\n<meta property=\"og:description\" content=\"Compra Dh-pfm920i-6un-c-100 Bobina\/ \/ Pfm920i-6un-c-100 - Bobina De 100 Mts De Cable Utp Cat6\/ 100 Cobre\/ Color Blanco\/ Cubierta Retardante De Flama Con Certificacin Ce Cpr Eca\/ Ideal Para Video Y Redes\/ + Env\u00edo a domicilio + Pago seguro + Garant\u00eda\" \/>\n<meta property=\"og:url\" content=\"https:\/\/compuviper.mx\/tienda\/producto\/dahua-dh-pfm920i-6un-c-100-bobina-pfm920i-6un-c-100-bobina-de-100-mts-de-cable-utp-cat6-100-cobre-color-blanco-cubierta-retardante-de-flama-con-certificacin-ce-cpr-eca-ideal-para-video-y-rede\/\" \/>\n<meta property=\"og:site_name\" content=\"Compuviper\" \/>\n<meta property=\"article:publisher\" content=\"https:\/\/www.facebook.com\/compuviper\" \/>\n<meta property=\"og:image\" content=\"https:\/\/compuviper.mx\/tienda\/wp-content\/uploads\/2024\/09\/Bobina-dahua-pfm920i-6un-c-100-bobina-de-100-mts-de-cable-utp-cat6-100-cobre-color-blanco-cubierta-retardante-de-flama-con-certificacion-ce-cpr-eca-ideal-para-video-y-redes.jpg\" \/>\n\t<meta property=\"og:image:width\" content=\"200\" \/>\n\t<meta property=\"og:image:height\" content=\"200\" \/>\n\t<meta property=\"og:image:type\" content=\"image\/jpeg\" \/>\n<meta name=\"twitter:card\" content=\"summary_large_image\" \/>\n<meta name=\"twitter:label1\" content=\"Precio\" \/>\n\t<meta name=\"twitter:data1\" content=\"&#36;849 &#36;824 con IVA\" \/>\n\t<meta name=\"twitter:label2\" content=\"Availability\" \/>\n\t<meta name=\"twitter:data2\" content=\"In stock\" \/>\n<script type=\"application\/ld+json\" class=\"yoast-schema-graph\">{\"@context\":\"https:\/\/schema.org\",\"@graph\":[{\"@type\":\"WebPage\",\"@id\":\"https:\/\/compuviper.mx\/tienda\/producto\/dahua-dh-pfm920i-6un-c-100-bobina-pfm920i-6un-c-100-bobina-de-100-mts-de-cable-utp-cat6-100-cobre-color-blanco-cubierta-retardante-de-flama-con-certificacin-ce-cpr-eca-ideal-para-video-y-rede\/\",\"url\":\"https:\/\/compuviper.mx\/tienda\/producto\/dahua-dh-pfm920i-6un-c-100-bobina-pfm920i-6un-c-100-bobina-de-100-mts-de-cable-utp-cat6-100-cobre-color-blanco-cubierta-retardante-de-flama-con-certificacin-ce-cpr-eca-ideal-para-video-y-rede\/\",\"name\":\"[ Dahua ] &#129351; Dh-pfm920i-6un-c-100 Bobina\/ \/ Pfm920i-6un-c-100 - Bobina De 100 Mts De Cable Utp Cat6\/ 100 Cobre\/ Color Blanco\/ Cubierta Retardante De Flama Con Certificacin Ce Cpr Eca\/ Ideal Para Video Y Redes\/\",\"isPartOf\":{\"@id\":\"https:\/\/compuviper.mx\/tienda\/#website\"},\"datePublished\":\"2026-04-11T05:44:38+00:00\",\"dateModified\":\"2026-04-11T05:44:38+00:00\",\"description\":\"Compra Dh-pfm920i-6un-c-100 Bobina\/ \/ Pfm920i-6un-c-100 - Bobina De 100 Mts De Cable Utp Cat6\/ 100 Cobre\/ Color Blanco\/ Cubierta Retardante De Flama Con Certificacin Ce Cpr Eca\/ Ideal Para Video Y Redes\/ + Env\u00edo a domicilio + Pago seguro + Garant\u00eda\",\"breadcrumb\":{\"@id\":\"https:\/\/compuviper.mx\/tienda\/producto\/dahua-dh-pfm920i-6un-c-100-bobina-pfm920i-6un-c-100-bobina-de-100-mts-de-cable-utp-cat6-100-cobre-color-blanco-cubierta-retardante-de-flama-con-certificacin-ce-cpr-eca-ideal-para-video-y-rede\/#breadcrumb\"},\"inLanguage\":\"es-MX\",\"potentialAction\":[{\"@type\":\"ReadAction\",\"target\":[\"https:\/\/compuviper.mx\/tienda\/producto\/dahua-dh-pfm920i-6un-c-100-bobina-pfm920i-6un-c-100-bobina-de-100-mts-de-cable-utp-cat6-100-cobre-color-blanco-cubierta-retardante-de-flama-con-certificacin-ce-cpr-eca-ideal-para-video-y-rede\/\"]}]},{\"@type\":\"BreadcrumbList\",\"@id\":\"https:\/\/compuviper.mx\/tienda\/producto\/dahua-dh-pfm920i-6un-c-100-bobina-pfm920i-6un-c-100-bobina-de-100-mts-de-cable-utp-cat6-100-cobre-color-blanco-cubierta-retardante-de-flama-con-certificacin-ce-cpr-eca-ideal-para-video-y-rede\/#breadcrumb\",\"itemListElement\":[{\"@type\":\"ListItem\",\"position\":1,\"name\":\"Inicio\",\"item\":\"https:\/\/compuviper.mx\/tienda\/\"},{\"@type\":\"ListItem\",\"position\":2,\"name\":\"Productos\",\"item\":\"https:\/\/compuviper.mx\/tienda\/productos\/\"},{\"@type\":\"ListItem\",\"position\":3,\"name\":\"Cables\",\"item\":\"https:\/\/compuviper.mx\/tienda\/categoria-producto\/cables\/\"},{\"@type\":\"ListItem\",\"position\":4,\"name\":\"Cable De Video\",\"item\":\"https:\/\/compuviper.mx\/tienda\/categoria-producto\/cables\/cable-de-video\/\"},{\"@type\":\"ListItem\",\"position\":5,\"name\":\"Dahua Dh-pfm920i-6un-c-100 Bobina\/ \/ Pfm920i-6un-c-100 &#8211; Bobina De 100 Mts De Cable Utp Cat6\/ 100 Cobre\/ Color Blanco\/ Cubierta Retardante De Flama Con Certificacin Ce Cpr Eca\/ Ideal Para Video Y Redes\/\"}]},{\"@type\":\"WebSite\",\"@id\":\"https:\/\/compuviper.mx\/tienda\/#website\",\"url\":\"https:\/\/compuviper.mx\/tienda\/\",\"name\":\"Compuviper\",\"description\":\"Proveedor de Computadoras, Laptops, Servidores, Monitores, Puntos de Venta, Teclados,   Impresoras, T\u00f3ner, C\u00e1maras de Seguridad y m\u00e1s en tu tienda en l\u00ednea\",\"publisher\":{\"@id\":\"https:\/\/compuviper.mx\/tienda\/#organization\"},\"potentialAction\":[{\"@type\":\"SearchAction\",\"target\":{\"@type\":\"EntryPoint\",\"urlTemplate\":\"https:\/\/compuviper.mx\/tienda\/?s={search_term_string}\"},\"query-input\":\"required name=search_term_string\"}],\"inLanguage\":\"es-MX\"},{\"@type\":\"Organization\",\"@id\":\"https:\/\/compuviper.mx\/tienda\/#organization\",\"name\":\"Compuviper\",\"url\":\"https:\/\/compuviper.mx\/tienda\/\",\"logo\":{\"@type\":\"ImageObject\",\"inLanguage\":\"es-MX\",\"@id\":\"https:\/\/compuviper.mx\/tienda\/#\/schema\/logo\/image\/\",\"url\":\"https:\/\/compuviper.mx\/tienda\/wp-content\/uploads\/2021\/08\/Logo-Compuviper-10.png\",\"contentUrl\":\"https:\/\/compuviper.mx\/tienda\/wp-content\/uploads\/2021\/08\/Logo-Compuviper-10.png\",\"width\":1000,\"height\":500,\"caption\":\"Compuviper\"},\"image\":{\"@id\":\"https:\/\/compuviper.mx\/tienda\/#\/schema\/logo\/image\/\"},\"sameAs\":[\"https:\/\/www.facebook.com\/compuviper\",\"https:\/\/www.youtube.com\/channel\/UCf73dERp9Y3cfOq7q8BhLjA?view_as=subscriber\"]}]}<\/script>\n<meta property=\"product:brand\" content=\"DAHUA\" \/>\n<meta property=\"product:price:amount\" content=\"824\" \/>\n<meta property=\"product:price:currency\" content=\"MXN\" \/>\n<meta property=\"og:availability\" content=\"instock\" \/>\n<meta property=\"product:availability\" content=\"instock\" \/>\n<meta property=\"product:retailer_item_id\" content=\"DH-PFM920I-6UN-C-100\" \/>\n<meta property=\"product:condition\" content=\"new\" \/>\n<!-- \/ Yoast SEO plugin. -->","yoast_head_json":{"title":"[ Dahua ] &#129351; Dh-pfm920i-6un-c-100 Bobina\/ \/ Pfm920i-6un-c-100 - Bobina De 100 Mts De Cable Utp Cat6\/ 100 Cobre\/ Color Blanco\/ Cubierta Retardante De Flama Con Certificacin Ce Cpr Eca\/ Ideal Para Video Y Redes\/","description":"Compra Dh-pfm920i-6un-c-100 Bobina\/ \/ Pfm920i-6un-c-100 - Bobina De 100 Mts De Cable Utp Cat6\/ 100 Cobre\/ Color Blanco\/ Cubierta Retardante De Flama Con Certificacin Ce Cpr Eca\/ Ideal Para Video Y Redes\/ + Env\u00edo a domicilio + Pago seguro + Garant\u00eda","robots":{"index":"index","follow":"follow","max-snippet":"max-snippet:-1","max-image-preview":"max-image-preview:large","max-video-preview":"max-video-preview:-1"},"canonical":"https:\/\/compuviper.mx\/tienda\/producto\/dahua-dh-pfm920i-6un-c-100-bobina-pfm920i-6un-c-100-bobina-de-100-mts-de-cable-utp-cat6-100-cobre-color-blanco-cubierta-retardante-de-flama-con-certificacin-ce-cpr-eca-ideal-para-video-y-rede\/","og_locale":"es_MX","og_type":"article","og_title":"[ Dahua ] &#129351; Dh-pfm920i-6un-c-100 Bobina\/ \/ Pfm920i-6un-c-100 - Bobina De 100 Mts De Cable Utp Cat6\/ 100 Cobre\/ Color Blanco\/ Cubierta Retardante De Flama Con Certificacin Ce Cpr Eca\/ Ideal Para Video Y Redes\/","og_description":"Compra Dh-pfm920i-6un-c-100 Bobina\/ \/ Pfm920i-6un-c-100 - Bobina De 100 Mts De Cable Utp Cat6\/ 100 Cobre\/ Color Blanco\/ Cubierta Retardante De Flama Con Certificacin Ce Cpr Eca\/ Ideal Para Video Y Redes\/ + Env\u00edo a domicilio + Pago seguro + Garant\u00eda","og_url":"https:\/\/compuviper.mx\/tienda\/producto\/dahua-dh-pfm920i-6un-c-100-bobina-pfm920i-6un-c-100-bobina-de-100-mts-de-cable-utp-cat6-100-cobre-color-blanco-cubierta-retardante-de-flama-con-certificacin-ce-cpr-eca-ideal-para-video-y-rede\/","og_site_name":"Compuviper","article_publisher":"https:\/\/www.facebook.com\/compuviper","og_image":[{"width":200,"height":200,"url":"https:\/\/compuviper.mx\/tienda\/wp-content\/uploads\/2024\/09\/Bobina-dahua-pfm920i-6un-c-100-bobina-de-100-mts-de-cable-utp-cat6-100-cobre-color-blanco-cubierta-retardante-de-flama-con-certificacion-ce-cpr-eca-ideal-para-video-y-redes.jpg","type":"image\/jpeg"}],"twitter_card":"summary_large_image","twitter_misc":{"Precio":"&#36;849 &#36;824 con IVA","Availability":"In stock"},"schema":{"@context":"https:\/\/schema.org","@graph":[{"@type":"WebPage","@id":"https:\/\/compuviper.mx\/tienda\/producto\/dahua-dh-pfm920i-6un-c-100-bobina-pfm920i-6un-c-100-bobina-de-100-mts-de-cable-utp-cat6-100-cobre-color-blanco-cubierta-retardante-de-flama-con-certificacin-ce-cpr-eca-ideal-para-video-y-rede\/","url":"https:\/\/compuviper.mx\/tienda\/producto\/dahua-dh-pfm920i-6un-c-100-bobina-pfm920i-6un-c-100-bobina-de-100-mts-de-cable-utp-cat6-100-cobre-color-blanco-cubierta-retardante-de-flama-con-certificacin-ce-cpr-eca-ideal-para-video-y-rede\/","name":"[ Dahua ] &#129351; Dh-pfm920i-6un-c-100 Bobina\/ \/ Pfm920i-6un-c-100 - Bobina De 100 Mts De Cable Utp Cat6\/ 100 Cobre\/ Color Blanco\/ Cubierta Retardante De Flama Con Certificacin Ce Cpr Eca\/ Ideal Para Video Y Redes\/","isPartOf":{"@id":"https:\/\/compuviper.mx\/tienda\/#website"},"datePublished":"2026-04-11T05:44:38+00:00","dateModified":"2026-04-11T05:44:38+00:00","description":"Compra Dh-pfm920i-6un-c-100 Bobina\/ \/ Pfm920i-6un-c-100 - Bobina De 100 Mts De Cable Utp Cat6\/ 100 Cobre\/ Color Blanco\/ Cubierta Retardante De Flama Con Certificacin Ce Cpr Eca\/ Ideal Para Video Y Redes\/ + Env\u00edo a domicilio + Pago seguro + Garant\u00eda","breadcrumb":{"@id":"https:\/\/compuviper.mx\/tienda\/producto\/dahua-dh-pfm920i-6un-c-100-bobina-pfm920i-6un-c-100-bobina-de-100-mts-de-cable-utp-cat6-100-cobre-color-blanco-cubierta-retardante-de-flama-con-certificacin-ce-cpr-eca-ideal-para-video-y-rede\/#breadcrumb"},"inLanguage":"es-MX","potentialAction":[{"@type":"ReadAction","target":["https:\/\/compuviper.mx\/tienda\/producto\/dahua-dh-pfm920i-6un-c-100-bobina-pfm920i-6un-c-100-bobina-de-100-mts-de-cable-utp-cat6-100-cobre-color-blanco-cubierta-retardante-de-flama-con-certificacin-ce-cpr-eca-ideal-para-video-y-rede\/"]}]},{"@type":"BreadcrumbList","@id":"https:\/\/compuviper.mx\/tienda\/producto\/dahua-dh-pfm920i-6un-c-100-bobina-pfm920i-6un-c-100-bobina-de-100-mts-de-cable-utp-cat6-100-cobre-color-blanco-cubierta-retardante-de-flama-con-certificacin-ce-cpr-eca-ideal-para-video-y-rede\/#breadcrumb","itemListElement":[{"@type":"ListItem","position":1,"name":"Inicio","item":"https:\/\/compuviper.mx\/tienda\/"},{"@type":"ListItem","position":2,"name":"Productos","item":"https:\/\/compuviper.mx\/tienda\/productos\/"},{"@type":"ListItem","position":3,"name":"Cables","item":"https:\/\/compuviper.mx\/tienda\/categoria-producto\/cables\/"},{"@type":"ListItem","position":4,"name":"Cable De Video","item":"https:\/\/compuviper.mx\/tienda\/categoria-producto\/cables\/cable-de-video\/"},{"@type":"ListItem","position":5,"name":"Dahua Dh-pfm920i-6un-c-100 Bobina\/ \/ Pfm920i-6un-c-100 &#8211; Bobina De 100 Mts De Cable Utp Cat6\/ 100 Cobre\/ Color Blanco\/ Cubierta Retardante De Flama Con Certificacin Ce Cpr Eca\/ Ideal Para Video Y Redes\/"}]},{"@type":"WebSite","@id":"https:\/\/compuviper.mx\/tienda\/#website","url":"https:\/\/compuviper.mx\/tienda\/","name":"Compuviper","description":"Proveedor de Computadoras, Laptops, Servidores, Monitores, Puntos de Venta, Teclados,   Impresoras, T\u00f3ner, C\u00e1maras de Seguridad y m\u00e1s en tu tienda en l\u00ednea","publisher":{"@id":"https:\/\/compuviper.mx\/tienda\/#organization"},"potentialAction":[{"@type":"SearchAction","target":{"@type":"EntryPoint","urlTemplate":"https:\/\/compuviper.mx\/tienda\/?s={search_term_string}"},"query-input":"required name=search_term_string"}],"inLanguage":"es-MX"},{"@type":"Organization","@id":"https:\/\/compuviper.mx\/tienda\/#organization","name":"Compuviper","url":"https:\/\/compuviper.mx\/tienda\/","logo":{"@type":"ImageObject","inLanguage":"es-MX","@id":"https:\/\/compuviper.mx\/tienda\/#\/schema\/logo\/image\/","url":"https:\/\/compuviper.mx\/tienda\/wp-content\/uploads\/2021\/08\/Logo-Compuviper-10.png","contentUrl":"https:\/\/compuviper.mx\/tienda\/wp-content\/uploads\/2021\/08\/Logo-Compuviper-10.png","width":1000,"height":500,"caption":"Compuviper"},"image":{"@id":"https:\/\/compuviper.mx\/tienda\/#\/schema\/logo\/image\/"},"sameAs":["https:\/\/www.facebook.com\/compuviper","https:\/\/www.youtube.com\/channel\/UCf73dERp9Y3cfOq7q8BhLjA?view_as=subscriber"]}]},"product_brand":"DAHUA","product_price_amount":"824","product_price_currency":"MXN","og_availability":"instock","product_availability":"instock","product_retailer_item_id":"DH-PFM920I-6UN-C-100","product_condition":"new"},"_links":{"self":[{"href":"https:\/\/compuviper.mx\/tienda\/wp-json\/wp\/v2\/product\/214404"}],"collection":[{"href":"https:\/\/compuviper.mx\/tienda\/wp-json\/wp\/v2\/product"}],"about":[{"href":"https:\/\/compuviper.mx\/tienda\/wp-json\/wp\/v2\/types\/product"}],"replies":[{"embeddable":true,"href":"https:\/\/compuviper.mx\/tienda\/wp-json\/wp\/v2\/comments?post=214404"}],"wp:featuredmedia":[{"embeddable":true,"href":"https:\/\/compuviper.mx\/tienda\/wp-json\/wp\/v2\/media\/242068"}],"wp:attachment":[{"href":"https:\/\/compuviper.mx\/tienda\/wp-json\/wp\/v2\/media?parent=214404"}],"wp:term":[{"taxonomy":"product_cat","embeddable":true,"href":"https:\/\/compuviper.mx\/tienda\/wp-json\/wp\/v2\/product_cat?post=214404"},{"taxonomy":"product_tag","embeddable":true,"href":"https:\/\/compuviper.mx\/tienda\/wp-json\/wp\/v2\/product_tag?post=214404"}],"curies":[{"name":"wp","href":"https:\/\/api.w.org\/{rel}","templated":true}]}}