{"id":214400,"date":"2026-04-11T23:09:52","date_gmt":"2026-04-12T05:09:52","guid":{"rendered":"https:\/\/compuviper.mx\/tienda\/producto\/startech-com-mdp2dvimm6bs-cable-1-8m-mini-displayport-a-dvi-cable-adaptador-mini-dp-a-dvi-video-1080p-mini-dp-activo-a-dvi-d-monoenlace-mini-dp-o-thunderbolt-1-2-mac-pc-a-monitor-dvi\/"},"modified":"2026-04-11T23:09:53","modified_gmt":"2026-04-12T05:09:53","slug":"startech-com-mdp2dvimm6bs-cable-1-8m-mini-displayport-a-dvi-cable-adaptador-mini-dp-a-dvi-video-1080p-mini-dp-activo-a-dvi-d-monoenlace-mini-dp-o-thunderbolt-1-2-mac-pc-a-monitor-dvi","status":"publish","type":"product","link":"https:\/\/compuviper.mx\/tienda\/producto\/startech-com-mdp2dvimm6bs-cable-1-8m-mini-displayport-a-dvi-cable-adaptador-mini-dp-a-dvi-video-1080p-mini-dp-activo-a-dvi-d-monoenlace-mini-dp-o-thunderbolt-1-2-mac-pc-a-monitor-dvi\/","title":{"rendered":"Startech.com Mdp2dvimm6bs Cable 1.8m Mini Displayport A Dvi  &#8211; Cable Adaptador Mini Dp A Dvi &#8211; Video 1080p &#8211; Mini Dp Activo A Dvi-d Monoenlace, Mini Dp O Thunderbolt 1\/2 Mac\/pc A Monitor Dvi"},"content":{"rendered":"<table class=\"descripcion\">\n<tr>\n<td>Conecte un pc o mac equipado con mini displayport a una pantalla dvi, con un cable activo de 1.8 metros<\/td>\n<\/tr>\n<tr>\n<td>Cable mini displayport a dvi: el cable de 1.8 m mini displayport 1.2 (hbr2) a dvi-d monoenlace conecta una pantalla dvi | 1080p a 60hz o 4k a 30hz (velocidad de reloj hdmi). el paso de edid garantiza la compatibilidad entre la fuente y la pantalla<\/td>\n<\/tr>\n<tr>\n<td>Compatibilidad del host: es compatible con la fuente mdp\/mdp++, incluyendo macbooks thunderbolt 1 y 2, macbook air y mac mini, microsoft surface pro 1-6, computadoras de escritorio (amd firepro\/nvidia quadro), laptops, mini itx, intel nuc y docks<\/td>\n<\/tr>\n<tr>\n<td>Cable de pantalla integrado: tiene un diseno delgado y flexible con un chip adaptador integrado en el conector vga que reduce el desorden y proporciona una instalacion ordenada en la oficina, la sala de juntas o la oficina en casa<\/td>\n<\/tr>\n<tr>\n<td>Aumente la productividad: conecte un monitor o proyector dvi, o anada una segunda pantalla a su estacion de trabajo utilizando el cable | admite cables dvi de bloqueo con tornillo dvi para evitar desconexiones accidentales | mini dp macho a dvi macho<\/td>\n<\/tr>\n<tr>\n<td>Facil de usar: sin necesidad de software o controladores, el convertidor de mini dp a dvi funciona con cualquier sistema operativo, incluyendo windows, ubuntu y macos. compatible con dispositivos minidp como los macbooks tb1\/tb2 con mini displayport<\/td>\n<\/tr>\n<\/table>\n","protected":false},"excerpt":{"rendered":"<p>Conecte un pc o mac equipado con mini displayport a una pantalla dvi, con un cable activo de 1.8 metros. Cable mini displayport a dvi: el cable de 1.8 m mini displayport 1.2 (hbr2) a dvi-d monoenlace conecta una pantalla dvi | 1080p a 60hz o 4k a 30hz (velocidad de reloj hdmi). El paso de edid garantiza la compatibilidad entre la fuente y la pantalla. Compatibilidad del host: es compatible con la fuente mdp\/mdp++, incluyendo macbooks thunderbolt 1 y 2, macbook air y mac mini, microsoft surface pro 1-6, computadoras de escritorio (amd firepro\/nvidia quadro), laptops, mini itx, intel nuc y docks. Cable de pantalla integrado: tiene un diseno delgado y flexible con un chip adaptador integrado en el conector vga que reduce el desorden y proporciona una instalacion ordenada en la oficina, la sala de juntas o la oficina en casa. Aumente la productividad: conecte un monitor o proyector dvi, o anada una segunda pantalla a su estacion de trabajo utilizando el cable | admite cables dvi de bloqueo con tornillo dvi para evitar desconexiones accidentales | mini dp macho a dvi macho. Facil de usar: sin necesidad de software o controladores, el convertidor de mini dp a dvi funciona con cualquier sistema operativo, incluyendo windows, ubuntu y macos. Compatible con dispositivos minidp como los macbooks tb1\/tb2 con mini displayport<\/p>\n","protected":false},"featured_media":242064,"comment_status":"open","ping_status":"open","template":"","meta":[],"product_cat":[1549,1550],"product_tag":[1590],"acf":[],"yoast_head":"<!-- This site is optimized with the Yoast SEO plugin v21.7 - https:\/\/yoast.com\/wordpress\/plugins\/seo\/ -->\n<title>[ Startech.com ] &#129351; Mdp2dvimm6bs Cable 1.8m Mini Displayport A Dvi - Cable Adaptador Mini Dp A Dvi - Video 1080p - Mini Dp Activo A Dvi-d Monoenlace, Mini Dp O Thunderbolt 1\/2 Mac\/pc A Monitor Dvi<\/title>\n<meta name=\"description\" content=\"Compra Mdp2dvimm6bs Cable 1.8m Mini Displayport A Dvi - Cable Adaptador Mini Dp A Dvi - Video 1080p - Mini Dp Activo A Dvi-d Monoenlace, Mini Dp O Thunderbolt 1\/2 Mac\/pc A Monitor Dvi + Env\u00edo a domicilio + Pago seguro + Garant\u00eda\" \/>\n<meta name=\"robots\" content=\"index, follow, max-snippet:-1, max-image-preview:large, max-video-preview:-1\" \/>\n<link rel=\"canonical\" href=\"https:\/\/compuviper.mx\/tienda\/producto\/startech-com-mdp2dvimm6bs-cable-1-8m-mini-displayport-a-dvi-cable-adaptador-mini-dp-a-dvi-video-1080p-mini-dp-activo-a-dvi-d-monoenlace-mini-dp-o-thunderbolt-1-2-mac-pc-a-monitor-dvi\/\" \/>\n<meta property=\"og:locale\" content=\"es_MX\" \/>\n<meta property=\"og:type\" content=\"article\" \/>\n<meta property=\"og:title\" content=\"[ Startech.com ] &#129351; Mdp2dvimm6bs Cable 1.8m Mini Displayport A Dvi - Cable Adaptador Mini Dp A Dvi - Video 1080p - Mini Dp Activo A Dvi-d Monoenlace, Mini Dp O Thunderbolt 1\/2 Mac\/pc A Monitor Dvi\" \/>\n<meta property=\"og:description\" content=\"Compra Mdp2dvimm6bs Cable 1.8m Mini Displayport A Dvi - Cable Adaptador Mini Dp A Dvi - Video 1080p - Mini Dp Activo A Dvi-d Monoenlace, Mini Dp O Thunderbolt 1\/2 Mac\/pc A Monitor Dvi + Env\u00edo a domicilio + Pago seguro + Garant\u00eda\" \/>\n<meta property=\"og:url\" content=\"https:\/\/compuviper.mx\/tienda\/producto\/startech-com-mdp2dvimm6bs-cable-1-8m-mini-displayport-a-dvi-cable-adaptador-mini-dp-a-dvi-video-1080p-mini-dp-activo-a-dvi-d-monoenlace-mini-dp-o-thunderbolt-1-2-mac-pc-a-monitor-dvi\/\" \/>\n<meta property=\"og:site_name\" content=\"Compuviper\" \/>\n<meta property=\"article:publisher\" content=\"https:\/\/www.facebook.com\/compuviper\" \/>\n<meta property=\"article:modified_time\" content=\"2026-04-12T05:09:53+00:00\" \/>\n<meta property=\"og:image\" content=\"https:\/\/compuviper.mx\/tienda\/wp-content\/uploads\/2024\/09\/Cable-1.8m-mini-displayport-a-dvi-startech.com-cable-adaptador-mini-dp-a-dvi-video-1080p-mini-dp-activo-a-dvi-d-monoenlace-mini-dp-o-thunderbolt-12-macpc-a-monitor-dvi.jpg\" \/>\n\t<meta property=\"og:image:width\" content=\"200\" \/>\n\t<meta property=\"og:image:height\" content=\"200\" \/>\n\t<meta property=\"og:image:type\" content=\"image\/jpeg\" \/>\n<meta name=\"twitter:card\" content=\"summary_large_image\" \/>\n<meta name=\"twitter:label1\" content=\"Precio\" \/>\n\t<meta name=\"twitter:data1\" content=\"&#36;620 con IVA\" \/>\n\t<meta name=\"twitter:label2\" content=\"Availability\" \/>\n\t<meta name=\"twitter:data2\" content=\"Out of stock\" \/>\n<script type=\"application\/ld+json\" class=\"yoast-schema-graph\">{\"@context\":\"https:\/\/schema.org\",\"@graph\":[{\"@type\":\"WebPage\",\"@id\":\"https:\/\/compuviper.mx\/tienda\/producto\/startech-com-mdp2dvimm6bs-cable-1-8m-mini-displayport-a-dvi-cable-adaptador-mini-dp-a-dvi-video-1080p-mini-dp-activo-a-dvi-d-monoenlace-mini-dp-o-thunderbolt-1-2-mac-pc-a-monitor-dvi\/\",\"url\":\"https:\/\/compuviper.mx\/tienda\/producto\/startech-com-mdp2dvimm6bs-cable-1-8m-mini-displayport-a-dvi-cable-adaptador-mini-dp-a-dvi-video-1080p-mini-dp-activo-a-dvi-d-monoenlace-mini-dp-o-thunderbolt-1-2-mac-pc-a-monitor-dvi\/\",\"name\":\"[ Startech.com ] &#129351; Mdp2dvimm6bs Cable 1.8m Mini Displayport A Dvi - Cable Adaptador Mini Dp A Dvi - Video 1080p - Mini Dp Activo A Dvi-d Monoenlace, Mini Dp O Thunderbolt 1\/2 Mac\/pc A Monitor Dvi\",\"isPartOf\":{\"@id\":\"https:\/\/compuviper.mx\/tienda\/#website\"},\"datePublished\":\"2026-04-12T05:09:52+00:00\",\"dateModified\":\"2026-04-12T05:09:53+00:00\",\"description\":\"Compra Mdp2dvimm6bs Cable 1.8m Mini Displayport A Dvi - Cable Adaptador Mini Dp A Dvi - Video 1080p - Mini Dp Activo A Dvi-d Monoenlace, Mini Dp O Thunderbolt 1\/2 Mac\/pc A Monitor Dvi + Env\u00edo a domicilio + Pago seguro + Garant\u00eda\",\"breadcrumb\":{\"@id\":\"https:\/\/compuviper.mx\/tienda\/producto\/startech-com-mdp2dvimm6bs-cable-1-8m-mini-displayport-a-dvi-cable-adaptador-mini-dp-a-dvi-video-1080p-mini-dp-activo-a-dvi-d-monoenlace-mini-dp-o-thunderbolt-1-2-mac-pc-a-monitor-dvi\/#breadcrumb\"},\"inLanguage\":\"es-MX\",\"potentialAction\":[{\"@type\":\"ReadAction\",\"target\":[\"https:\/\/compuviper.mx\/tienda\/producto\/startech-com-mdp2dvimm6bs-cable-1-8m-mini-displayport-a-dvi-cable-adaptador-mini-dp-a-dvi-video-1080p-mini-dp-activo-a-dvi-d-monoenlace-mini-dp-o-thunderbolt-1-2-mac-pc-a-monitor-dvi\/\"]}]},{\"@type\":\"BreadcrumbList\",\"@id\":\"https:\/\/compuviper.mx\/tienda\/producto\/startech-com-mdp2dvimm6bs-cable-1-8m-mini-displayport-a-dvi-cable-adaptador-mini-dp-a-dvi-video-1080p-mini-dp-activo-a-dvi-d-monoenlace-mini-dp-o-thunderbolt-1-2-mac-pc-a-monitor-dvi\/#breadcrumb\",\"itemListElement\":[{\"@type\":\"ListItem\",\"position\":1,\"name\":\"Inicio\",\"item\":\"https:\/\/compuviper.mx\/tienda\/\"},{\"@type\":\"ListItem\",\"position\":2,\"name\":\"Productos\",\"item\":\"https:\/\/compuviper.mx\/tienda\/productos\/\"},{\"@type\":\"ListItem\",\"position\":3,\"name\":\"Cables\",\"item\":\"https:\/\/compuviper.mx\/tienda\/categoria-producto\/cables\/\"},{\"@type\":\"ListItem\",\"position\":4,\"name\":\"Cable De Video\",\"item\":\"https:\/\/compuviper.mx\/tienda\/categoria-producto\/cables\/cable-de-video\/\"},{\"@type\":\"ListItem\",\"position\":5,\"name\":\"Startech.com Mdp2dvimm6bs Cable 1.8m Mini Displayport A Dvi &#8211; Cable Adaptador Mini Dp A Dvi &#8211; Video 1080p &#8211; Mini Dp Activo A Dvi-d Monoenlace, Mini Dp O Thunderbolt 1\/2 Mac\/pc A Monitor Dvi\"}]},{\"@type\":\"WebSite\",\"@id\":\"https:\/\/compuviper.mx\/tienda\/#website\",\"url\":\"https:\/\/compuviper.mx\/tienda\/\",\"name\":\"Compuviper\",\"description\":\"Proveedor de Computadoras, Laptops, Servidores, Monitores, Puntos de Venta, Teclados,   Impresoras, T\u00f3ner, C\u00e1maras de Seguridad y m\u00e1s en tu tienda en l\u00ednea\",\"publisher\":{\"@id\":\"https:\/\/compuviper.mx\/tienda\/#organization\"},\"potentialAction\":[{\"@type\":\"SearchAction\",\"target\":{\"@type\":\"EntryPoint\",\"urlTemplate\":\"https:\/\/compuviper.mx\/tienda\/?s={search_term_string}\"},\"query-input\":\"required name=search_term_string\"}],\"inLanguage\":\"es-MX\"},{\"@type\":\"Organization\",\"@id\":\"https:\/\/compuviper.mx\/tienda\/#organization\",\"name\":\"Compuviper\",\"url\":\"https:\/\/compuviper.mx\/tienda\/\",\"logo\":{\"@type\":\"ImageObject\",\"inLanguage\":\"es-MX\",\"@id\":\"https:\/\/compuviper.mx\/tienda\/#\/schema\/logo\/image\/\",\"url\":\"https:\/\/compuviper.mx\/tienda\/wp-content\/uploads\/2021\/08\/Logo-Compuviper-10.png\",\"contentUrl\":\"https:\/\/compuviper.mx\/tienda\/wp-content\/uploads\/2021\/08\/Logo-Compuviper-10.png\",\"width\":1000,\"height\":500,\"caption\":\"Compuviper\"},\"image\":{\"@id\":\"https:\/\/compuviper.mx\/tienda\/#\/schema\/logo\/image\/\"},\"sameAs\":[\"https:\/\/www.facebook.com\/compuviper\",\"https:\/\/www.youtube.com\/channel\/UCf73dERp9Y3cfOq7q8BhLjA?view_as=subscriber\"]}]}<\/script>\n<meta property=\"product:brand\" content=\"STARTECH.COM\" \/>\n<meta property=\"product:price:amount\" content=\"620\" \/>\n<meta property=\"product:price:currency\" content=\"MXN\" \/>\n<meta property=\"og:availability\" content=\"out of stock\" \/>\n<meta property=\"product:availability\" content=\"out of stock\" \/>\n<meta property=\"product:retailer_item_id\" content=\"MDP2DVIMM6BS\" \/>\n<meta property=\"product:condition\" content=\"new\" \/>\n<!-- \/ Yoast SEO plugin. -->","yoast_head_json":{"title":"[ Startech.com ] &#129351; Mdp2dvimm6bs Cable 1.8m Mini Displayport A Dvi - Cable Adaptador Mini Dp A Dvi - Video 1080p - Mini Dp Activo A Dvi-d Monoenlace, Mini Dp O Thunderbolt 1\/2 Mac\/pc A Monitor Dvi","description":"Compra Mdp2dvimm6bs Cable 1.8m Mini Displayport A Dvi - Cable Adaptador Mini Dp A Dvi - Video 1080p - Mini Dp Activo A Dvi-d Monoenlace, Mini Dp O Thunderbolt 1\/2 Mac\/pc A Monitor Dvi + Env\u00edo a domicilio + Pago seguro + Garant\u00eda","robots":{"index":"index","follow":"follow","max-snippet":"max-snippet:-1","max-image-preview":"max-image-preview:large","max-video-preview":"max-video-preview:-1"},"canonical":"https:\/\/compuviper.mx\/tienda\/producto\/startech-com-mdp2dvimm6bs-cable-1-8m-mini-displayport-a-dvi-cable-adaptador-mini-dp-a-dvi-video-1080p-mini-dp-activo-a-dvi-d-monoenlace-mini-dp-o-thunderbolt-1-2-mac-pc-a-monitor-dvi\/","og_locale":"es_MX","og_type":"article","og_title":"[ Startech.com ] &#129351; Mdp2dvimm6bs Cable 1.8m Mini Displayport A Dvi - Cable Adaptador Mini Dp A Dvi - Video 1080p - Mini Dp Activo A Dvi-d Monoenlace, Mini Dp O Thunderbolt 1\/2 Mac\/pc A Monitor Dvi","og_description":"Compra Mdp2dvimm6bs Cable 1.8m Mini Displayport A Dvi - Cable Adaptador Mini Dp A Dvi - Video 1080p - Mini Dp Activo A Dvi-d Monoenlace, Mini Dp O Thunderbolt 1\/2 Mac\/pc A Monitor Dvi + Env\u00edo a domicilio + Pago seguro + Garant\u00eda","og_url":"https:\/\/compuviper.mx\/tienda\/producto\/startech-com-mdp2dvimm6bs-cable-1-8m-mini-displayport-a-dvi-cable-adaptador-mini-dp-a-dvi-video-1080p-mini-dp-activo-a-dvi-d-monoenlace-mini-dp-o-thunderbolt-1-2-mac-pc-a-monitor-dvi\/","og_site_name":"Compuviper","article_publisher":"https:\/\/www.facebook.com\/compuviper","article_modified_time":"2026-04-12T05:09:53+00:00","og_image":[{"width":200,"height":200,"url":"https:\/\/compuviper.mx\/tienda\/wp-content\/uploads\/2024\/09\/Cable-1.8m-mini-displayport-a-dvi-startech.com-cable-adaptador-mini-dp-a-dvi-video-1080p-mini-dp-activo-a-dvi-d-monoenlace-mini-dp-o-thunderbolt-12-macpc-a-monitor-dvi.jpg","type":"image\/jpeg"}],"twitter_card":"summary_large_image","twitter_misc":{"Precio":"&#36;620 con IVA","Availability":"Out of stock"},"schema":{"@context":"https:\/\/schema.org","@graph":[{"@type":"WebPage","@id":"https:\/\/compuviper.mx\/tienda\/producto\/startech-com-mdp2dvimm6bs-cable-1-8m-mini-displayport-a-dvi-cable-adaptador-mini-dp-a-dvi-video-1080p-mini-dp-activo-a-dvi-d-monoenlace-mini-dp-o-thunderbolt-1-2-mac-pc-a-monitor-dvi\/","url":"https:\/\/compuviper.mx\/tienda\/producto\/startech-com-mdp2dvimm6bs-cable-1-8m-mini-displayport-a-dvi-cable-adaptador-mini-dp-a-dvi-video-1080p-mini-dp-activo-a-dvi-d-monoenlace-mini-dp-o-thunderbolt-1-2-mac-pc-a-monitor-dvi\/","name":"[ Startech.com ] &#129351; Mdp2dvimm6bs Cable 1.8m Mini Displayport A Dvi - Cable Adaptador Mini Dp A Dvi - Video 1080p - Mini Dp Activo A Dvi-d Monoenlace, Mini Dp O Thunderbolt 1\/2 Mac\/pc A Monitor Dvi","isPartOf":{"@id":"https:\/\/compuviper.mx\/tienda\/#website"},"datePublished":"2026-04-12T05:09:52+00:00","dateModified":"2026-04-12T05:09:53+00:00","description":"Compra Mdp2dvimm6bs Cable 1.8m Mini Displayport A Dvi - Cable Adaptador Mini Dp A Dvi - Video 1080p - Mini Dp Activo A Dvi-d Monoenlace, Mini Dp O Thunderbolt 1\/2 Mac\/pc A Monitor Dvi + Env\u00edo a domicilio + Pago seguro + Garant\u00eda","breadcrumb":{"@id":"https:\/\/compuviper.mx\/tienda\/producto\/startech-com-mdp2dvimm6bs-cable-1-8m-mini-displayport-a-dvi-cable-adaptador-mini-dp-a-dvi-video-1080p-mini-dp-activo-a-dvi-d-monoenlace-mini-dp-o-thunderbolt-1-2-mac-pc-a-monitor-dvi\/#breadcrumb"},"inLanguage":"es-MX","potentialAction":[{"@type":"ReadAction","target":["https:\/\/compuviper.mx\/tienda\/producto\/startech-com-mdp2dvimm6bs-cable-1-8m-mini-displayport-a-dvi-cable-adaptador-mini-dp-a-dvi-video-1080p-mini-dp-activo-a-dvi-d-monoenlace-mini-dp-o-thunderbolt-1-2-mac-pc-a-monitor-dvi\/"]}]},{"@type":"BreadcrumbList","@id":"https:\/\/compuviper.mx\/tienda\/producto\/startech-com-mdp2dvimm6bs-cable-1-8m-mini-displayport-a-dvi-cable-adaptador-mini-dp-a-dvi-video-1080p-mini-dp-activo-a-dvi-d-monoenlace-mini-dp-o-thunderbolt-1-2-mac-pc-a-monitor-dvi\/#breadcrumb","itemListElement":[{"@type":"ListItem","position":1,"name":"Inicio","item":"https:\/\/compuviper.mx\/tienda\/"},{"@type":"ListItem","position":2,"name":"Productos","item":"https:\/\/compuviper.mx\/tienda\/productos\/"},{"@type":"ListItem","position":3,"name":"Cables","item":"https:\/\/compuviper.mx\/tienda\/categoria-producto\/cables\/"},{"@type":"ListItem","position":4,"name":"Cable De Video","item":"https:\/\/compuviper.mx\/tienda\/categoria-producto\/cables\/cable-de-video\/"},{"@type":"ListItem","position":5,"name":"Startech.com Mdp2dvimm6bs Cable 1.8m Mini Displayport A Dvi &#8211; Cable Adaptador Mini Dp A Dvi &#8211; Video 1080p &#8211; Mini Dp Activo A Dvi-d Monoenlace, Mini Dp O Thunderbolt 1\/2 Mac\/pc A Monitor Dvi"}]},{"@type":"WebSite","@id":"https:\/\/compuviper.mx\/tienda\/#website","url":"https:\/\/compuviper.mx\/tienda\/","name":"Compuviper","description":"Proveedor de Computadoras, Laptops, Servidores, Monitores, Puntos de Venta, Teclados,   Impresoras, T\u00f3ner, C\u00e1maras de Seguridad y m\u00e1s en tu tienda en l\u00ednea","publisher":{"@id":"https:\/\/compuviper.mx\/tienda\/#organization"},"potentialAction":[{"@type":"SearchAction","target":{"@type":"EntryPoint","urlTemplate":"https:\/\/compuviper.mx\/tienda\/?s={search_term_string}"},"query-input":"required name=search_term_string"}],"inLanguage":"es-MX"},{"@type":"Organization","@id":"https:\/\/compuviper.mx\/tienda\/#organization","name":"Compuviper","url":"https:\/\/compuviper.mx\/tienda\/","logo":{"@type":"ImageObject","inLanguage":"es-MX","@id":"https:\/\/compuviper.mx\/tienda\/#\/schema\/logo\/image\/","url":"https:\/\/compuviper.mx\/tienda\/wp-content\/uploads\/2021\/08\/Logo-Compuviper-10.png","contentUrl":"https:\/\/compuviper.mx\/tienda\/wp-content\/uploads\/2021\/08\/Logo-Compuviper-10.png","width":1000,"height":500,"caption":"Compuviper"},"image":{"@id":"https:\/\/compuviper.mx\/tienda\/#\/schema\/logo\/image\/"},"sameAs":["https:\/\/www.facebook.com\/compuviper","https:\/\/www.youtube.com\/channel\/UCf73dERp9Y3cfOq7q8BhLjA?view_as=subscriber"]}]},"product_brand":"STARTECH.COM","product_price_amount":"620","product_price_currency":"MXN","og_availability":"out of stock","product_availability":"out of stock","product_retailer_item_id":"MDP2DVIMM6BS","product_condition":"new"},"_links":{"self":[{"href":"https:\/\/compuviper.mx\/tienda\/wp-json\/wp\/v2\/product\/214400"}],"collection":[{"href":"https:\/\/compuviper.mx\/tienda\/wp-json\/wp\/v2\/product"}],"about":[{"href":"https:\/\/compuviper.mx\/tienda\/wp-json\/wp\/v2\/types\/product"}],"replies":[{"embeddable":true,"href":"https:\/\/compuviper.mx\/tienda\/wp-json\/wp\/v2\/comments?post=214400"}],"wp:featuredmedia":[{"embeddable":true,"href":"https:\/\/compuviper.mx\/tienda\/wp-json\/wp\/v2\/media\/242064"}],"wp:attachment":[{"href":"https:\/\/compuviper.mx\/tienda\/wp-json\/wp\/v2\/media?parent=214400"}],"wp:term":[{"taxonomy":"product_cat","embeddable":true,"href":"https:\/\/compuviper.mx\/tienda\/wp-json\/wp\/v2\/product_cat?post=214400"},{"taxonomy":"product_tag","embeddable":true,"href":"https:\/\/compuviper.mx\/tienda\/wp-json\/wp\/v2\/product_tag?post=214400"}],"curies":[{"name":"wp","href":"https:\/\/api.w.org\/{rel}","templated":true}]}}