{"id":214390,"date":"2026-04-17T23:47:35","date_gmt":"2026-04-18T05:47:35","guid":{"rendered":"https:\/\/compuviper.mx\/tienda\/producto\/manhattan-355698-cable-hdmi-fibra-optica-m-m-4k60hz-50-0m-conector-hdmi-desmontable\/"},"modified":"2026-04-17T23:47:35","modified_gmt":"2026-04-18T05:47:35","slug":"manhattan-355698-cable-hdmi-fibra-optica-m-m-4k60hz-50-0m-conector-hdmi-desmontable","status":"publish","type":"product","link":"https:\/\/compuviper.mx\/tienda\/producto\/manhattan-355698-cable-hdmi-fibra-optica-m-m-4k60hz-50-0m-conector-hdmi-desmontable\/","title":{"rendered":"Manhattan 355698 Cable Hdmi Fibra Optica \/\/\/m-m  4k@60hz 50.0m Conector Hdmi Desmontable"},"content":{"rendered":"<table class=\"descripcion\">\n<tr>\n<td>Est\u00e1ndares y certificaciones:<\/td>\n<\/tr>\n<tr>\n<td>Rohs<\/td>\n<\/tr>\n<tr>\n<td>Ce<\/td>\n<\/tr>\n<tr>\n<td>Fcc (comisi\u00f3n federal de comunicaciones)<\/td>\n<\/tr>\n<tr>\n<td>Clasificaci\u00f3n cmp\/cpr (plenum)<\/td>\n<\/tr>\n<tr>\n<td>General:<\/td>\n<\/tr>\n<tr>\n<td>Fibra: om3<\/td>\n<\/tr>\n<tr>\n<td>Resoluci\u00f3n de 4k (3840 x 2160) a 60 hz<\/td>\n<\/tr>\n<tr>\n<td>Ancho de banda: 18 gbps<\/td>\n<\/tr>\n<tr>\n<td>Admite hdcp 2.2<\/td>\n<\/tr>\n<tr>\n<td>Admite cec<\/td>\n<\/tr>\n<tr>\n<td>Admite hdr<\/td>\n<\/tr>\n<tr>\n<td>Soporta arc<\/td>\n<\/tr>\n<tr>\n<td>Longitud: 50 m (164 ft)<\/td>\n<\/tr>\n<tr>\n<td>Peso: 1.5 g (3.31 lbs.)<\/td>\n<\/tr>\n<tr>\n<td>Chipsets<\/td>\n<\/tr>\n<tr>\n<td>Salida: sl82817<\/td>\n<\/tr>\n<tr>\n<td>Entrada: sl82827<\/td>\n<\/tr>\n<tr>\n<td>Vcsel ii-vi<\/td>\n<\/tr>\n<tr>\n<td>Voltaje de operaci\u00f3n: 5 v<\/td>\n<\/tr>\n<tr>\n<td>Corriente de funcionamiento: 50 ma<\/td>\n<\/tr>\n<tr>\n<td>Consumo de poder: 250 mw<\/td>\n<\/tr>\n<tr>\n<td>Conectores:<\/td>\n<\/tr>\n<tr>\n<td>Un conector hdmi macho tipo a de 19 pines<\/td>\n<\/tr>\n<tr>\n<td>Un conector micro-hdmi macho tipo d de 19 pines (con un conector\/adaptador hdmi macho tipo a de 19 pines)<\/td>\n<\/tr>\n<tr>\n<td>Entrada micro-usb de 5 v dc (opcional)<\/td>\n<\/tr>\n<tr>\n<td>Contactos chapados en oro<\/td>\n<\/tr>\n<tr>\n<td>Conectores de zinc fundido<\/td>\n<\/tr>\n<tr>\n<td>Cable:<\/td>\n<\/tr>\n<tr>\n<td>Calibre 28 awg<\/td>\n<\/tr>\n<tr>\n<td>Od: 4.5 mm, \u00b1 0.2 mm<\/td>\n<\/tr>\n<tr>\n<td>Radio de doblaje: 20 mm<\/td>\n<\/tr>\n<tr>\n<td>Tracci\u00f3n de la fibra \/ resistencia a la tracci\u00f3n: 25 kg (250 n)<\/td>\n<\/tr>\n<tr>\n<td>Ambiente de operaci\u00f3n<\/td>\n<\/tr>\n<tr>\n<td>Temperatura de operaci\u00f3n: 0 &#8211; 75\u00b0c (32 &#8211; 167\u00b0f)<\/td>\n<\/tr>\n<tr>\n<td>Temperatura de almacenamiento: -20 &#8211; 70\u00b0c (-4 &#8211; 158\u00b0f)<\/td>\n<\/tr>\n<tr>\n<td>Humedad (sin condensaci\u00f3n): 10 &#8211; 85%<\/td>\n<\/tr>\n<tr>\n<td>Contenido del paquete<\/td>\n<\/tr>\n<tr>\n<td>Cable \u00f3ptico activo hdmi a hdmi con conector hdmi desmontable, calilficaci\u00f3n plenum<\/td>\n<\/tr>\n<tr>\n<td>Cable de alimentaci\u00f3n usb micro-b macho a usb-a macho, 0.7 m<\/td>\n<\/tr>\n<\/table>\n","protected":false},"excerpt":{"rendered":"<p>Cable \u00f3ptico activo hdmi: disfruta del rendimiento de ultra alta definici\u00f3n (uhd) sin interferencias y en distancias muy largas. El cable \u00f3ptico activo hdmi a hdmi con conector hdmi desmontable de manhattan es la soluci\u00f3n perfecta para enviar una se\u00f1al hdmi a una ubicaci\u00f3n deseada, como un sal\u00f3n de clases, una sala de conferencias, un centro de atenci\u00f3n m\u00e9dica, una feria comercial u otro entorno comercial. La tecnolog\u00eda aoc ofrece varias ventajas sobre los cables hdmi est\u00e1ndar. Su di\u00e1metro de cable m\u00e1s peque\u00f1o y con el conector micro hdmi tipo d garantiza una mayor flexibilidad y maniobrabilidad durante la instalaci\u00f3n en espacios reducidos o estrechos. Puedes conectar el adaptador hdmi tipo a incluido para tu conexi\u00f3n tradicional de fuente a pantalla a gran escala y disfrutar de tus v\u00eddeos en 4k@60hz ultra n\u00edtidos y sin problemas. Su construcci\u00f3n a partir de hilos de fibra elimina el riesgo de interferencias electromagn\u00e9ticas \/ de radiofrecuencia para brindar el mejor rendimiento, estabilidad y confiabilidad. El aoc es una excelente opci\u00f3n para entornos de alta interferencia, como centros de datos, quir\u00f3fanos, eventos de dj o instalaciones de fabricaci\u00f3n donde la alta resoluci\u00f3n y la visualizaci\u00f3n uniforme son fundamentales. Extiende una se\u00f1al hdmi a largas distancias sin necesidad de un repetidor externo, p\u00e9rdida de se\u00f1al o interferencias. Extiende una se\u00f1al hdmi a largas distancias sin necesidad de un repetidor externo, p\u00e9rdida de se\u00f1al o interferencias. Soporta ultra alta definici\u00f3n (uhd) 4k@60hz con submuestreo de crominancia 4:4:4. Extiende una se\u00f1al hdmi a largas distancias sin necesidad de un repetidor externo, p\u00e9rdida de se\u00f1al o interferencias. Conector hdmi est\u00e1ndar (tipo a) a micro hdmi (tipo d) en caso de una conexi\u00f3n m\u00e1s estrecha a trav\u00e9s de las paredes; incluye un adaptador hdmi tipo a para la conexi\u00f3n tradicional de fuente a pantalla. Soporta ultra alta definici\u00f3n (uhd) 4k@60hz con submuestreo de crominancia 4:4:4. H\u00edbrido de fibra y cobre para un cable m\u00e1s delgado; ideal para instalaciones en la pared y espacios estrechos. Extiende una se\u00f1al hdmi a largas distancias sin necesidad de un repetidor externo, p\u00e9rdida de se\u00f1al o interferencias. Inmune a emi (interferencias electromagn\u00e9ticas) y rfi (interferencias de radiofrecuencia. Conector hdmi est\u00e1ndar (tipo a) a micro hdmi (tipo d) en caso de una conexi\u00f3n m\u00e1s estrecha a trav\u00e9s de las paredes; incluye un adaptador hdmi tipo a para la conexi\u00f3n tradicional de fuente a pantalla. Contactos chapados para conexiones libres de corrosi\u00f3n. Soporta ultra alta definici\u00f3n (uhd) 4k@60hz con submuestreo de crominancia 4:4:4. Alto rango din\u00e1mico (hdr) para un contraste superior y colores brillantes. H\u00edbrido de fibra y cobre para un cable m\u00e1s delgado; ideal para instalaciones en la pared y espacios estrechos. Admite el canal ethernet hdmi (hec. Soporta ultra alta definici\u00f3n (uhd) 4k@60hz con submuestreo de crominancia 4:4:4. Admite hdcp 2.2, cec y arc. Inmune a emi (interferencias electromagn\u00e9ticas) y rfi (interferencias de radiofrecuencia. Compatible con formatos de audio dolby, dolby atmos, dts y pcm. Conector hdmi est\u00e1ndar (tipo a) a micro hdmi (tipo d) en caso de una conexi\u00f3n m\u00e1s estrecha a trav\u00e9s de las paredes; incluye un adaptador hdmi tipo a para la conexi\u00f3n tradicional de fuente a pantalla. Soporta ancho de banda de hasta 18 gbps. Contactos chapados para conexiones libres de corrosi\u00f3n. Clasificado cmp\/cpr (plenum. Soporta ultra alta definici\u00f3n (uhd) 4k@60hz con submuestreo de crominancia 4:4:4. Plug and play: no require una fuente de energ\u00eda externa. Alto rango din\u00e1mico (hdr) para un contraste superior y colores brillantes. Circuito amplificador activo incorporado. H\u00edbrido de fibra y cobre para un cable m\u00e1s delgado; ideal para instalaciones en la pared y espacios estrechos. Tres a\u00f1os de garant\u00eda* (*pregunta el tiempo de garant\u00eda en tu pa\u00eds. Admite el canal ethernet hdmi (hec. Conector hdmi est\u00e1ndar (tipo a) a micro hdmi (tipo d) en caso de una conexi\u00f3n m\u00e1s estrecha a trav\u00e9s de las paredes; incluye un adaptador hdmi tipo a para la conexi\u00f3n tradicional de fuente a pantalla. Admite hdcp 2.2, cec y arc. Inmune a emi (interferencias electromagn\u00e9ticas) y rfi (interferencias de radiofrecuencia. Compatible con formatos de audio dolby, dolby atmos, dts y pcm. Conector hdmi est\u00e1ndar (tipo a) a micro hdmi (tipo d) en caso de una conexi\u00f3n m\u00e1s estrecha a trav\u00e9s de las paredes; incluye un adaptador hdmi tipo a para la conexi\u00f3n tradicional de fuente a pantalla. Soporta ancho de banda de hasta 18 gbps. Contactos chapados para conexiones libres de corrosi\u00f3n. Clasificado cmp\/cpr (plenum. H\u00edbrido de fibra y cobre para un cable m\u00e1s delgado; ideal para instalaciones en la pared y espacios estrechos. Plug and play: no require una fuente de energ\u00eda externa. Alto rango din\u00e1mico (hdr) para un contraste superior y colores brillantes. Circuito amplificador activo incorporado. Soporta ultra alta definici\u00f3n (uhd) 4k@60hz con submuestreo de crominancia 4:4:4. Tres a\u00f1os de garant\u00eda* (*pregunta el tiempo de garant\u00eda en tu pa\u00eds. Admite el canal ethernet hdmi (hec. Inmune a emi (interferencias electromagn\u00e9ticas) y rfi (interferencias de radiofrecuencia. Admite hdcp 2.2, cec y arc. H\u00edbrido de fibra y cobre para un cable m\u00e1s delgado; ideal para instalaciones en la pared y espacios estrechos. Compatible con formatos de audio dolby, dolby atmos, dts y pcm. Contactos chapados para conexiones libres de corrosi\u00f3n. Soporta ancho de banda de hasta 18 gbps. Extiende una se\u00f1al de hdmi por largas distancias sin necesidad de un repetidor externo, perdida de se\u00f1al o interferencia. Clasificado cmp\/cpr (plenum. Alto rango din\u00e1mico (hdr) para un contraste superior y colores brillantes. Plug and play: no require una fuente de energ\u00eda externa. Inmune a emi (interferencias electromagn\u00e9ticas) y rfi (interferencias de radiofrecuencia. Circuito amplificador activo incorporado. Admite el canal ethernet hdmi (hec. Tres a\u00f1os de garant\u00eda* (*pregunta el tiempo de garant\u00eda en tu pa\u00eds. Contactos chapados para conexiones libres de corrosi\u00f3n. Admite hdcp 2.2, cec y arc. Soporta ultra alta definici\u00f3n (uhd) 4k@60hz con submuestreo de crominancia 4:4:4. Compatible con formatos de audio dolby, dolby atmos, dts y pcm. Alto rango din\u00e1mico (hdr) para un contraste superior y colores brillantes. Soporta ancho de banda de hasta 18 gbps. H\u00edbrido de fibra y cobre para un cable m\u00e1s delgado; ideal para instalaciones en la pared y espacios estrechos. Clasificado cmp\/cpr (plenum. Admite el canal ethernet hdmi (hec. Plug and play: no require una fuente de energ\u00eda externa. Soporta ultra alta definici\u00f3n (uhd) 4k@60hz con submuestreo de crominancia 4:4:4. Circuito amplificador activo incorporado. Inmune a emi (interferencias electromagn\u00e9ticas) y rfi (interferencias de radiofrecuencia. Admite hdcp 2.2, cec y arc. Compatible con formatos de audio dolby, dolby atmos, dts y pcm. Conector hdmi est\u00e1ndar (tipo a) a micro hdmi (tipo d) en caso de una conexi\u00f3n m\u00e1s estrecha a trav\u00e9s de las paredes; incluye un adaptador hdmi tipo a para la conexi\u00f3n tradicional de fuente a pantalla. Soporta ancho de banda de hasta 18 gbps. Contactos chapados para conexiones libres de corrosi\u00f3n. Clasificado cmp\/cpr (plenum. Conector hdmi est\u00e1ndar (tipo a) a micro hdmi (tipo d) en caso de una conexi\u00f3n m\u00e1s estrecha a trav\u00e9s de las paredes; incluye un adaptador hdmi tipo a para la conexi\u00f3n tradicional de fuente a pantalla. Plug and play: no require una fuente de energ\u00eda externa. Alto rango din\u00e1mico (hdr) para un contraste superior y colores brillantes. Circuito amplificador activo incorporado. H\u00edbrido de fibra y cobre para un cable m\u00e1s delgado; ideal para instalaciones en la pared y espacios estrechos. Tres a\u00f1os de garant\u00eda* (*pregunta el tiempo de garant\u00eda en tu pa\u00eds. Admite el canal ethernet hdmi (hec. H\u00edbrido de fibra y cobre para un cable m\u00e1s delgado; ideal para instalaciones en la pared y espacios estrechos. Admite hdcp 2.2, cec y arc. Inmune a emi (interferencia electromagn\u00e9tica) y rfi (interferencia de radio frecuencia. Compatible con formatos de audio dolby, dolby atmos, dts y pcm. Inmune a emi (interferencia electromagn\u00e9tica) y rfi (interferencia de radio frecuencia. Soporta ancho de banda de hasta 18 gbps. Contactos chapados para conexiones libres de corrosi\u00f3n. Clasificado cmp\/cpr (plenum. Contactos chapados para conexiones libres de corrosi\u00f3n. Plug and play: no require una fuente de energ\u00eda externa. Hdr para un contraste superior y colores m\u00e1s brillantes. Circuito amplificador activo incorporado. Hdr para un contraste superior y colores m\u00e1s brillantes<\/p>\n","protected":false},"featured_media":214391,"comment_status":"open","ping_status":"open","template":"","meta":[],"product_cat":[1549,1550],"product_tag":[1487],"acf":[],"yoast_head":"<!-- This site is optimized with the Yoast SEO plugin v21.7 - https:\/\/yoast.com\/wordpress\/plugins\/seo\/ -->\n<title>[ Manhattan ] &#129351; 355698 Cable Hdmi Fibra Optica \/\/\/m-m 4k@60hz 50.0m Conector Hdmi Desmontable<\/title>\n<meta name=\"description\" content=\"Compra 355698 Cable Hdmi Fibra Optica \/\/\/m-m 4k@60hz 50.0m Conector Hdmi Desmontable + Env\u00edo a domicilio + Pago seguro + Garant\u00eda\" \/>\n<meta name=\"robots\" content=\"index, follow, max-snippet:-1, max-image-preview:large, max-video-preview:-1\" \/>\n<link rel=\"canonical\" href=\"https:\/\/compuviper.mx\/tienda\/producto\/manhattan-355698-cable-hdmi-fibra-optica-m-m-4k60hz-50-0m-conector-hdmi-desmontable\/\" \/>\n<meta property=\"og:locale\" content=\"es_MX\" \/>\n<meta property=\"og:type\" content=\"article\" \/>\n<meta property=\"og:title\" content=\"[ Manhattan ] &#129351; 355698 Cable Hdmi Fibra Optica \/\/\/m-m 4k@60hz 50.0m Conector Hdmi Desmontable\" \/>\n<meta property=\"og:description\" content=\"Compra 355698 Cable Hdmi Fibra Optica \/\/\/m-m 4k@60hz 50.0m Conector Hdmi Desmontable + Env\u00edo a domicilio + Pago seguro + Garant\u00eda\" \/>\n<meta property=\"og:url\" content=\"https:\/\/compuviper.mx\/tienda\/producto\/manhattan-355698-cable-hdmi-fibra-optica-m-m-4k60hz-50-0m-conector-hdmi-desmontable\/\" \/>\n<meta property=\"og:site_name\" content=\"Compuviper\" \/>\n<meta property=\"article:publisher\" content=\"https:\/\/www.facebook.com\/compuviper\" \/>\n<meta property=\"og:image\" content=\"https:\/\/compuviper.mx\/tienda\/wp-content\/uploads\/2023\/12\/Cable-hdmi-fibra-optica-manhattan355698m-m-4k@60hz-50.0m-conector-hdmi-desmontable.jpg\" \/>\n\t<meta property=\"og:image:width\" content=\"200\" \/>\n\t<meta property=\"og:image:height\" content=\"200\" \/>\n\t<meta property=\"og:image:type\" content=\"image\/jpeg\" \/>\n<meta name=\"twitter:card\" content=\"summary_large_image\" \/>\n<meta name=\"twitter:label1\" content=\"Precio\" \/>\n\t<meta name=\"twitter:data1\" content=\"&#36;4,137 con IVA\" \/>\n\t<meta name=\"twitter:label2\" content=\"Availability\" \/>\n\t<meta name=\"twitter:data2\" content=\"Out of stock\" \/>\n<script type=\"application\/ld+json\" class=\"yoast-schema-graph\">{\"@context\":\"https:\/\/schema.org\",\"@graph\":[{\"@type\":\"WebPage\",\"@id\":\"https:\/\/compuviper.mx\/tienda\/producto\/manhattan-355698-cable-hdmi-fibra-optica-m-m-4k60hz-50-0m-conector-hdmi-desmontable\/\",\"url\":\"https:\/\/compuviper.mx\/tienda\/producto\/manhattan-355698-cable-hdmi-fibra-optica-m-m-4k60hz-50-0m-conector-hdmi-desmontable\/\",\"name\":\"[ Manhattan ] &#129351; 355698 Cable Hdmi Fibra Optica \/\/\/m-m 4k@60hz 50.0m Conector Hdmi Desmontable\",\"isPartOf\":{\"@id\":\"https:\/\/compuviper.mx\/tienda\/#website\"},\"datePublished\":\"2026-04-18T05:47:35+00:00\",\"dateModified\":\"2026-04-18T05:47:35+00:00\",\"description\":\"Compra 355698 Cable Hdmi Fibra Optica \/\/\/m-m 4k@60hz 50.0m Conector Hdmi Desmontable + Env\u00edo a domicilio + Pago seguro + Garant\u00eda\",\"breadcrumb\":{\"@id\":\"https:\/\/compuviper.mx\/tienda\/producto\/manhattan-355698-cable-hdmi-fibra-optica-m-m-4k60hz-50-0m-conector-hdmi-desmontable\/#breadcrumb\"},\"inLanguage\":\"es-MX\",\"potentialAction\":[{\"@type\":\"ReadAction\",\"target\":[\"https:\/\/compuviper.mx\/tienda\/producto\/manhattan-355698-cable-hdmi-fibra-optica-m-m-4k60hz-50-0m-conector-hdmi-desmontable\/\"]}]},{\"@type\":\"BreadcrumbList\",\"@id\":\"https:\/\/compuviper.mx\/tienda\/producto\/manhattan-355698-cable-hdmi-fibra-optica-m-m-4k60hz-50-0m-conector-hdmi-desmontable\/#breadcrumb\",\"itemListElement\":[{\"@type\":\"ListItem\",\"position\":1,\"name\":\"Inicio\",\"item\":\"https:\/\/compuviper.mx\/tienda\/\"},{\"@type\":\"ListItem\",\"position\":2,\"name\":\"Productos\",\"item\":\"https:\/\/compuviper.mx\/tienda\/productos\/\"},{\"@type\":\"ListItem\",\"position\":3,\"name\":\"Cables\",\"item\":\"https:\/\/compuviper.mx\/tienda\/categoria-producto\/cables\/\"},{\"@type\":\"ListItem\",\"position\":4,\"name\":\"Cable De Video\",\"item\":\"https:\/\/compuviper.mx\/tienda\/categoria-producto\/cables\/cable-de-video\/\"},{\"@type\":\"ListItem\",\"position\":5,\"name\":\"Manhattan 355698 Cable Hdmi Fibra Optica \/\/\/m-m 4k@60hz 50.0m Conector Hdmi Desmontable\"}]},{\"@type\":\"WebSite\",\"@id\":\"https:\/\/compuviper.mx\/tienda\/#website\",\"url\":\"https:\/\/compuviper.mx\/tienda\/\",\"name\":\"Compuviper\",\"description\":\"Proveedor de Computadoras, Laptops, Servidores, Monitores, Puntos de Venta, Teclados,   Impresoras, T\u00f3ner, C\u00e1maras de Seguridad y m\u00e1s en tu tienda en l\u00ednea\",\"publisher\":{\"@id\":\"https:\/\/compuviper.mx\/tienda\/#organization\"},\"potentialAction\":[{\"@type\":\"SearchAction\",\"target\":{\"@type\":\"EntryPoint\",\"urlTemplate\":\"https:\/\/compuviper.mx\/tienda\/?s={search_term_string}\"},\"query-input\":\"required name=search_term_string\"}],\"inLanguage\":\"es-MX\"},{\"@type\":\"Organization\",\"@id\":\"https:\/\/compuviper.mx\/tienda\/#organization\",\"name\":\"Compuviper\",\"url\":\"https:\/\/compuviper.mx\/tienda\/\",\"logo\":{\"@type\":\"ImageObject\",\"inLanguage\":\"es-MX\",\"@id\":\"https:\/\/compuviper.mx\/tienda\/#\/schema\/logo\/image\/\",\"url\":\"https:\/\/compuviper.mx\/tienda\/wp-content\/uploads\/2021\/08\/Logo-Compuviper-10.png\",\"contentUrl\":\"https:\/\/compuviper.mx\/tienda\/wp-content\/uploads\/2021\/08\/Logo-Compuviper-10.png\",\"width\":1000,\"height\":500,\"caption\":\"Compuviper\"},\"image\":{\"@id\":\"https:\/\/compuviper.mx\/tienda\/#\/schema\/logo\/image\/\"},\"sameAs\":[\"https:\/\/www.facebook.com\/compuviper\",\"https:\/\/www.youtube.com\/channel\/UCf73dERp9Y3cfOq7q8BhLjA?view_as=subscriber\"]}]}<\/script>\n<meta property=\"product:brand\" content=\"MANHATTAN\" \/>\n<meta property=\"product:price:amount\" content=\"4137\" \/>\n<meta property=\"product:price:currency\" content=\"MXN\" \/>\n<meta property=\"og:availability\" content=\"out of stock\" \/>\n<meta property=\"product:availability\" content=\"out of stock\" \/>\n<meta property=\"product:retailer_item_id\" content=\"355698\" \/>\n<meta property=\"product:condition\" content=\"new\" \/>\n<!-- \/ Yoast SEO plugin. -->","yoast_head_json":{"title":"[ Manhattan ] &#129351; 355698 Cable Hdmi Fibra Optica \/\/\/m-m 4k@60hz 50.0m Conector Hdmi Desmontable","description":"Compra 355698 Cable Hdmi Fibra Optica \/\/\/m-m 4k@60hz 50.0m Conector Hdmi Desmontable + Env\u00edo a domicilio + Pago seguro + Garant\u00eda","robots":{"index":"index","follow":"follow","max-snippet":"max-snippet:-1","max-image-preview":"max-image-preview:large","max-video-preview":"max-video-preview:-1"},"canonical":"https:\/\/compuviper.mx\/tienda\/producto\/manhattan-355698-cable-hdmi-fibra-optica-m-m-4k60hz-50-0m-conector-hdmi-desmontable\/","og_locale":"es_MX","og_type":"article","og_title":"[ Manhattan ] &#129351; 355698 Cable Hdmi Fibra Optica \/\/\/m-m 4k@60hz 50.0m Conector Hdmi Desmontable","og_description":"Compra 355698 Cable Hdmi Fibra Optica \/\/\/m-m 4k@60hz 50.0m Conector Hdmi Desmontable + Env\u00edo a domicilio + Pago seguro + Garant\u00eda","og_url":"https:\/\/compuviper.mx\/tienda\/producto\/manhattan-355698-cable-hdmi-fibra-optica-m-m-4k60hz-50-0m-conector-hdmi-desmontable\/","og_site_name":"Compuviper","article_publisher":"https:\/\/www.facebook.com\/compuviper","og_image":[{"width":200,"height":200,"url":"https:\/\/compuviper.mx\/tienda\/wp-content\/uploads\/2023\/12\/Cable-hdmi-fibra-optica-manhattan355698m-m-4k@60hz-50.0m-conector-hdmi-desmontable.jpg","type":"image\/jpeg"}],"twitter_card":"summary_large_image","twitter_misc":{"Precio":"&#36;4,137 con IVA","Availability":"Out of stock"},"schema":{"@context":"https:\/\/schema.org","@graph":[{"@type":"WebPage","@id":"https:\/\/compuviper.mx\/tienda\/producto\/manhattan-355698-cable-hdmi-fibra-optica-m-m-4k60hz-50-0m-conector-hdmi-desmontable\/","url":"https:\/\/compuviper.mx\/tienda\/producto\/manhattan-355698-cable-hdmi-fibra-optica-m-m-4k60hz-50-0m-conector-hdmi-desmontable\/","name":"[ Manhattan ] &#129351; 355698 Cable Hdmi Fibra Optica \/\/\/m-m 4k@60hz 50.0m Conector Hdmi Desmontable","isPartOf":{"@id":"https:\/\/compuviper.mx\/tienda\/#website"},"datePublished":"2026-04-18T05:47:35+00:00","dateModified":"2026-04-18T05:47:35+00:00","description":"Compra 355698 Cable Hdmi Fibra Optica \/\/\/m-m 4k@60hz 50.0m Conector Hdmi Desmontable + Env\u00edo a domicilio + Pago seguro + Garant\u00eda","breadcrumb":{"@id":"https:\/\/compuviper.mx\/tienda\/producto\/manhattan-355698-cable-hdmi-fibra-optica-m-m-4k60hz-50-0m-conector-hdmi-desmontable\/#breadcrumb"},"inLanguage":"es-MX","potentialAction":[{"@type":"ReadAction","target":["https:\/\/compuviper.mx\/tienda\/producto\/manhattan-355698-cable-hdmi-fibra-optica-m-m-4k60hz-50-0m-conector-hdmi-desmontable\/"]}]},{"@type":"BreadcrumbList","@id":"https:\/\/compuviper.mx\/tienda\/producto\/manhattan-355698-cable-hdmi-fibra-optica-m-m-4k60hz-50-0m-conector-hdmi-desmontable\/#breadcrumb","itemListElement":[{"@type":"ListItem","position":1,"name":"Inicio","item":"https:\/\/compuviper.mx\/tienda\/"},{"@type":"ListItem","position":2,"name":"Productos","item":"https:\/\/compuviper.mx\/tienda\/productos\/"},{"@type":"ListItem","position":3,"name":"Cables","item":"https:\/\/compuviper.mx\/tienda\/categoria-producto\/cables\/"},{"@type":"ListItem","position":4,"name":"Cable De Video","item":"https:\/\/compuviper.mx\/tienda\/categoria-producto\/cables\/cable-de-video\/"},{"@type":"ListItem","position":5,"name":"Manhattan 355698 Cable Hdmi Fibra Optica \/\/\/m-m 4k@60hz 50.0m Conector Hdmi Desmontable"}]},{"@type":"WebSite","@id":"https:\/\/compuviper.mx\/tienda\/#website","url":"https:\/\/compuviper.mx\/tienda\/","name":"Compuviper","description":"Proveedor de Computadoras, Laptops, Servidores, Monitores, Puntos de Venta, Teclados,   Impresoras, T\u00f3ner, C\u00e1maras de Seguridad y m\u00e1s en tu tienda en l\u00ednea","publisher":{"@id":"https:\/\/compuviper.mx\/tienda\/#organization"},"potentialAction":[{"@type":"SearchAction","target":{"@type":"EntryPoint","urlTemplate":"https:\/\/compuviper.mx\/tienda\/?s={search_term_string}"},"query-input":"required name=search_term_string"}],"inLanguage":"es-MX"},{"@type":"Organization","@id":"https:\/\/compuviper.mx\/tienda\/#organization","name":"Compuviper","url":"https:\/\/compuviper.mx\/tienda\/","logo":{"@type":"ImageObject","inLanguage":"es-MX","@id":"https:\/\/compuviper.mx\/tienda\/#\/schema\/logo\/image\/","url":"https:\/\/compuviper.mx\/tienda\/wp-content\/uploads\/2021\/08\/Logo-Compuviper-10.png","contentUrl":"https:\/\/compuviper.mx\/tienda\/wp-content\/uploads\/2021\/08\/Logo-Compuviper-10.png","width":1000,"height":500,"caption":"Compuviper"},"image":{"@id":"https:\/\/compuviper.mx\/tienda\/#\/schema\/logo\/image\/"},"sameAs":["https:\/\/www.facebook.com\/compuviper","https:\/\/www.youtube.com\/channel\/UCf73dERp9Y3cfOq7q8BhLjA?view_as=subscriber"]}]},"product_brand":"MANHATTAN","product_price_amount":"4137","product_price_currency":"MXN","og_availability":"out of stock","product_availability":"out of stock","product_retailer_item_id":"355698","product_condition":"new"},"_links":{"self":[{"href":"https:\/\/compuviper.mx\/tienda\/wp-json\/wp\/v2\/product\/214390"}],"collection":[{"href":"https:\/\/compuviper.mx\/tienda\/wp-json\/wp\/v2\/product"}],"about":[{"href":"https:\/\/compuviper.mx\/tienda\/wp-json\/wp\/v2\/types\/product"}],"replies":[{"embeddable":true,"href":"https:\/\/compuviper.mx\/tienda\/wp-json\/wp\/v2\/comments?post=214390"}],"wp:featuredmedia":[{"embeddable":true,"href":"https:\/\/compuviper.mx\/tienda\/wp-json\/wp\/v2\/media\/214391"}],"wp:attachment":[{"href":"https:\/\/compuviper.mx\/tienda\/wp-json\/wp\/v2\/media?parent=214390"}],"wp:term":[{"taxonomy":"product_cat","embeddable":true,"href":"https:\/\/compuviper.mx\/tienda\/wp-json\/wp\/v2\/product_cat?post=214390"},{"taxonomy":"product_tag","embeddable":true,"href":"https:\/\/compuviper.mx\/tienda\/wp-json\/wp\/v2\/product_tag?post=214390"}],"curies":[{"name":"wp","href":"https:\/\/api.w.org\/{rel}","templated":true}]}}