{"id":214388,"date":"2026-04-07T23:47:02","date_gmt":"2026-04-08T05:47:02","guid":{"rendered":"https:\/\/compuviper.mx\/tienda\/producto\/manhattan-355346-cable-hdmi-2-0-premium-m-m-1-8m\/"},"modified":"2026-04-07T23:47:03","modified_gmt":"2026-04-08T05:47:03","slug":"manhattan-355346-cable-hdmi-2-0-premium-m-m-1-8m","status":"publish","type":"product","link":"https:\/\/compuviper.mx\/tienda\/producto\/manhattan-355346-cable-hdmi-2-0-premium-m-m-1-8m\/","title":{"rendered":"Manhattan 355346 Cable Hdmi \/ \/  \/ 2.0 Premium M-m  1.8m"},"content":{"rendered":"<table class=\"descripcion\">\n<tr>\n<td>Est\u00e1ndares y certificaciones<\/td>\n<\/tr>\n<tr>\n<td>Iso9002<\/td>\n<\/tr>\n<tr>\n<td>General<\/td>\n<\/tr>\n<tr>\n<td>Resoluci\u00f3n de 4k (3840 x 2160) a 60 hz<\/td>\n<\/tr>\n<tr>\n<td>Submuestreo de crominancia 4:4:4<\/td>\n<\/tr>\n<tr>\n<td>Admite hdr<\/td>\n<\/tr>\n<tr>\n<td>Ancho de banda: 18 gbps a 600 mhz<\/td>\n<\/tr>\n<tr>\n<td>Soporta hec<\/td>\n<\/tr>\n<tr>\n<td>Soporta arc<\/td>\n<\/tr>\n<tr>\n<td>Cumple o excede con los est\u00e1ndares actuales de hdmi<\/td>\n<\/tr>\n<tr>\n<td>Longitud: 1.8 m (6 ft.)<\/td>\n<\/tr>\n<tr>\n<td>Conectores:<\/td>\n<\/tr>\n<tr>\n<td>2 hdmi de 19 pines, macho<\/td>\n<\/tr>\n<tr>\n<td>Contactos con ba\u00f1o de oro<\/td>\n<\/tr>\n<tr>\n<td>Terminales moldeadas en pvc<\/td>\n<\/tr>\n<tr>\n<td>Alivio de tensi\u00f3n integrado<\/td>\n<\/tr>\n<tr>\n<td>Cable:<\/td>\n<\/tr>\n<tr>\n<td>Calibre 30 awg<\/td>\n<\/tr>\n<tr>\n<td>Doble blindaje<\/td>\n<\/tr>\n<tr>\n<td>Corriente promedio: 0.5 a dc<\/td>\n<\/tr>\n<tr>\n<td>Voltaje de ruptura: 300 v dc<\/td>\n<\/tr>\n<tr>\n<td>Resistencia de aislamiento: 5 mohms<\/td>\n<\/tr>\n<tr>\n<td>Resistencia de conductividad: 5 ohms<\/td>\n<\/tr>\n<tr>\n<td>Forro de pl\u00e1stico t\u00e9rmico<\/td>\n<\/tr>\n<tr>\n<td>Ambiente de operaci\u00f3n<\/td>\n<\/tr>\n<tr>\n<td>Temperatura de operaci\u00f3n: 0 &#8211; 40\u00b0<\/td>\n<\/tr>\n<tr>\n<td>Temperatura de almacenamiento: -20 -60\u00b0c (-4 -140\u00b0f)<\/td>\n<\/tr>\n<tr>\n<td>Humedad (sin condensaci\u00f3n): 0 &#8211; 96%<\/td>\n<\/tr>\n<tr>\n<td>Contenido del paquete<\/td>\n<\/tr>\n<tr>\n<td>Cable hdmi de alta velocidad con canal ethernet, versi\u00f3n premium<\/td>\n<\/tr>\n<\/table>\n","protected":false},"excerpt":{"rendered":"<p>Disfruta sin enredos de un rendimiento de ultra alta definici\u00f3n (uhd. Como la conexi\u00f3n digital est\u00e1ndar, hdmi ofrece la se\u00f1al de audio y video de mayor calidad en un solo cable. Con un dise\u00f1o resistente a enredos, contactos con ba\u00f1o de niquel, el cable hdmi premium de alta velocidad de manhattan con ethernet est\u00e1 cuidadosamente dise\u00f1ado para satisfacer las necesidades cambiantes del mercado de ultra alta definici\u00f3n (uhd). Ofreciendo la mayor resoluci\u00f3n posible a 4k x 2k y una frecuencia de actualizaci\u00f3n de 60 hz, el cable tambi\u00e9n presenta un ancho de banda de 18 gbps para una experiencia de visualizaci\u00f3n de medios perfecta y un canal de retorno de audio para una conveniente y excelente conexi\u00f3n de audio. Este cable de alta calidad proporciona video uhd y audio digital multicanal con mayores caracter\u00edsticas de rendimiento y mayor precisi\u00f3n. Las funciones ampliadas incluyen conectividad a internet con su canal ethernet hdmi, que proporciona acceso a la web para un dispositivo de entretenimiento hogare\u00f1o utilizando una \u00fanica conexi\u00f3n hdmi. Cable premium hdmi certificado. Soporta resoluciones de video de ultra alta definici\u00f3n (uhd) 4k@60hz, video 3d y color intenso. Admite submuestreo de crominancia 4:4:4 y hdr. Contactos chapados para conexiones libres de corrosi\u00f3n. Ancho de banda de hasta 18 gbps. Soporta canal ethernet hdmi (hec. Ethernet de alta velocidad, tasas de transferencia de red bidireccional de hasta 100 mbps. Soporta canal de retorno de sonido hdmi (arc. Arc para transmitir el audio de la tv a trav\u00e9s de tu sistema, sin necesidad de usar un cable adicional. Cumple con las especificaciones de hdmi de alta velocidad con canal ethernet. Completamente blindado para reducir fuentes de interferencia tales como emi. Compatible con cualquier dispositivo hdmi, como reproductores de blu-ray, consolas de juego, est\u00e9reos, pc y m\u00e1s<\/p>\n","protected":false},"featured_media":214389,"comment_status":"open","ping_status":"open","template":"","meta":[],"product_cat":[1549,1550],"product_tag":[1487],"acf":[],"yoast_head":"<!-- This site is optimized with the Yoast SEO plugin v21.7 - https:\/\/yoast.com\/wordpress\/plugins\/seo\/ -->\n<title>[ Manhattan ] &#129351; 355346 Cable Hdmi \/ \/ \/ 2.0 Premium M-m 1.8m<\/title>\n<meta name=\"description\" content=\"Compra 355346 Cable Hdmi \/ \/ \/ 2.0 Premium M-m 1.8m + Env\u00edo a domicilio + Pago seguro + Garant\u00eda\" \/>\n<meta name=\"robots\" content=\"index, follow, max-snippet:-1, max-image-preview:large, max-video-preview:-1\" \/>\n<link rel=\"canonical\" href=\"https:\/\/compuviper.mx\/tienda\/producto\/manhattan-355346-cable-hdmi-2-0-premium-m-m-1-8m\/\" \/>\n<meta property=\"og:locale\" content=\"es_MX\" \/>\n<meta property=\"og:type\" content=\"article\" \/>\n<meta property=\"og:title\" content=\"[ Manhattan ] &#129351; 355346 Cable Hdmi \/ \/ \/ 2.0 Premium M-m 1.8m\" \/>\n<meta property=\"og:description\" content=\"Compra 355346 Cable Hdmi \/ \/ \/ 2.0 Premium M-m 1.8m + Env\u00edo a domicilio + Pago seguro + Garant\u00eda\" \/>\n<meta property=\"og:url\" content=\"https:\/\/compuviper.mx\/tienda\/producto\/manhattan-355346-cable-hdmi-2-0-premium-m-m-1-8m\/\" \/>\n<meta property=\"og:site_name\" content=\"Compuviper\" \/>\n<meta property=\"article:publisher\" content=\"https:\/\/www.facebook.com\/compuviper\" \/>\n<meta property=\"article:modified_time\" content=\"2026-04-08T05:47:03+00:00\" \/>\n<meta property=\"og:image\" content=\"https:\/\/compuviper.mx\/tienda\/wp-content\/uploads\/2023\/12\/Cable-hdmi-manhattan-355346-2.0-premium-m-m-1.8m.jpg\" \/>\n\t<meta property=\"og:image:width\" content=\"200\" \/>\n\t<meta property=\"og:image:height\" content=\"200\" \/>\n\t<meta property=\"og:image:type\" content=\"image\/jpeg\" \/>\n<meta name=\"twitter:card\" content=\"summary_large_image\" \/>\n<meta name=\"twitter:label1\" content=\"Precio\" \/>\n\t<meta name=\"twitter:data1\" content=\"&#36;70 con IVA\" \/>\n\t<meta name=\"twitter:label2\" content=\"Availability\" \/>\n\t<meta name=\"twitter:data2\" content=\"In stock\" \/>\n<script type=\"application\/ld+json\" class=\"yoast-schema-graph\">{\"@context\":\"https:\/\/schema.org\",\"@graph\":[{\"@type\":\"WebPage\",\"@id\":\"https:\/\/compuviper.mx\/tienda\/producto\/manhattan-355346-cable-hdmi-2-0-premium-m-m-1-8m\/\",\"url\":\"https:\/\/compuviper.mx\/tienda\/producto\/manhattan-355346-cable-hdmi-2-0-premium-m-m-1-8m\/\",\"name\":\"[ Manhattan ] &#129351; 355346 Cable Hdmi \/ \/ \/ 2.0 Premium M-m 1.8m\",\"isPartOf\":{\"@id\":\"https:\/\/compuviper.mx\/tienda\/#website\"},\"datePublished\":\"2026-04-08T05:47:02+00:00\",\"dateModified\":\"2026-04-08T05:47:03+00:00\",\"description\":\"Compra 355346 Cable Hdmi \/ \/ \/ 2.0 Premium M-m 1.8m + Env\u00edo a domicilio + Pago seguro + Garant\u00eda\",\"breadcrumb\":{\"@id\":\"https:\/\/compuviper.mx\/tienda\/producto\/manhattan-355346-cable-hdmi-2-0-premium-m-m-1-8m\/#breadcrumb\"},\"inLanguage\":\"es-MX\",\"potentialAction\":[{\"@type\":\"ReadAction\",\"target\":[\"https:\/\/compuviper.mx\/tienda\/producto\/manhattan-355346-cable-hdmi-2-0-premium-m-m-1-8m\/\"]}]},{\"@type\":\"BreadcrumbList\",\"@id\":\"https:\/\/compuviper.mx\/tienda\/producto\/manhattan-355346-cable-hdmi-2-0-premium-m-m-1-8m\/#breadcrumb\",\"itemListElement\":[{\"@type\":\"ListItem\",\"position\":1,\"name\":\"Inicio\",\"item\":\"https:\/\/compuviper.mx\/tienda\/\"},{\"@type\":\"ListItem\",\"position\":2,\"name\":\"Productos\",\"item\":\"https:\/\/compuviper.mx\/tienda\/productos\/\"},{\"@type\":\"ListItem\",\"position\":3,\"name\":\"Cables\",\"item\":\"https:\/\/compuviper.mx\/tienda\/categoria-producto\/cables\/\"},{\"@type\":\"ListItem\",\"position\":4,\"name\":\"Cable De Video\",\"item\":\"https:\/\/compuviper.mx\/tienda\/categoria-producto\/cables\/cable-de-video\/\"},{\"@type\":\"ListItem\",\"position\":5,\"name\":\"Manhattan 355346 Cable Hdmi \/ \/ \/ 2.0 Premium M-m 1.8m\"}]},{\"@type\":\"WebSite\",\"@id\":\"https:\/\/compuviper.mx\/tienda\/#website\",\"url\":\"https:\/\/compuviper.mx\/tienda\/\",\"name\":\"Compuviper\",\"description\":\"Proveedor de Computadoras, Laptops, Servidores, Monitores, Puntos de Venta, Teclados,   Impresoras, T\u00f3ner, C\u00e1maras de Seguridad y m\u00e1s en tu tienda en l\u00ednea\",\"publisher\":{\"@id\":\"https:\/\/compuviper.mx\/tienda\/#organization\"},\"potentialAction\":[{\"@type\":\"SearchAction\",\"target\":{\"@type\":\"EntryPoint\",\"urlTemplate\":\"https:\/\/compuviper.mx\/tienda\/?s={search_term_string}\"},\"query-input\":\"required name=search_term_string\"}],\"inLanguage\":\"es-MX\"},{\"@type\":\"Organization\",\"@id\":\"https:\/\/compuviper.mx\/tienda\/#organization\",\"name\":\"Compuviper\",\"url\":\"https:\/\/compuviper.mx\/tienda\/\",\"logo\":{\"@type\":\"ImageObject\",\"inLanguage\":\"es-MX\",\"@id\":\"https:\/\/compuviper.mx\/tienda\/#\/schema\/logo\/image\/\",\"url\":\"https:\/\/compuviper.mx\/tienda\/wp-content\/uploads\/2021\/08\/Logo-Compuviper-10.png\",\"contentUrl\":\"https:\/\/compuviper.mx\/tienda\/wp-content\/uploads\/2021\/08\/Logo-Compuviper-10.png\",\"width\":1000,\"height\":500,\"caption\":\"Compuviper\"},\"image\":{\"@id\":\"https:\/\/compuviper.mx\/tienda\/#\/schema\/logo\/image\/\"},\"sameAs\":[\"https:\/\/www.facebook.com\/compuviper\",\"https:\/\/www.youtube.com\/channel\/UCf73dERp9Y3cfOq7q8BhLjA?view_as=subscriber\"]}]}<\/script>\n<meta property=\"product:brand\" content=\"MANHATTAN\" \/>\n<meta property=\"product:price:amount\" content=\"70\" \/>\n<meta property=\"product:price:currency\" content=\"MXN\" \/>\n<meta property=\"og:availability\" content=\"instock\" \/>\n<meta property=\"product:availability\" content=\"instock\" \/>\n<meta property=\"product:retailer_item_id\" content=\"355346\" \/>\n<meta property=\"product:condition\" content=\"new\" \/>\n<!-- \/ Yoast SEO plugin. -->","yoast_head_json":{"title":"[ Manhattan ] &#129351; 355346 Cable Hdmi \/ \/ \/ 2.0 Premium M-m 1.8m","description":"Compra 355346 Cable Hdmi \/ \/ \/ 2.0 Premium M-m 1.8m + Env\u00edo a domicilio + Pago seguro + Garant\u00eda","robots":{"index":"index","follow":"follow","max-snippet":"max-snippet:-1","max-image-preview":"max-image-preview:large","max-video-preview":"max-video-preview:-1"},"canonical":"https:\/\/compuviper.mx\/tienda\/producto\/manhattan-355346-cable-hdmi-2-0-premium-m-m-1-8m\/","og_locale":"es_MX","og_type":"article","og_title":"[ Manhattan ] &#129351; 355346 Cable Hdmi \/ \/ \/ 2.0 Premium M-m 1.8m","og_description":"Compra 355346 Cable Hdmi \/ \/ \/ 2.0 Premium M-m 1.8m + Env\u00edo a domicilio + Pago seguro + Garant\u00eda","og_url":"https:\/\/compuviper.mx\/tienda\/producto\/manhattan-355346-cable-hdmi-2-0-premium-m-m-1-8m\/","og_site_name":"Compuviper","article_publisher":"https:\/\/www.facebook.com\/compuviper","article_modified_time":"2026-04-08T05:47:03+00:00","og_image":[{"width":200,"height":200,"url":"https:\/\/compuviper.mx\/tienda\/wp-content\/uploads\/2023\/12\/Cable-hdmi-manhattan-355346-2.0-premium-m-m-1.8m.jpg","type":"image\/jpeg"}],"twitter_card":"summary_large_image","twitter_misc":{"Precio":"&#36;70 con IVA","Availability":"In stock"},"schema":{"@context":"https:\/\/schema.org","@graph":[{"@type":"WebPage","@id":"https:\/\/compuviper.mx\/tienda\/producto\/manhattan-355346-cable-hdmi-2-0-premium-m-m-1-8m\/","url":"https:\/\/compuviper.mx\/tienda\/producto\/manhattan-355346-cable-hdmi-2-0-premium-m-m-1-8m\/","name":"[ Manhattan ] &#129351; 355346 Cable Hdmi \/ \/ \/ 2.0 Premium M-m 1.8m","isPartOf":{"@id":"https:\/\/compuviper.mx\/tienda\/#website"},"datePublished":"2026-04-08T05:47:02+00:00","dateModified":"2026-04-08T05:47:03+00:00","description":"Compra 355346 Cable Hdmi \/ \/ \/ 2.0 Premium M-m 1.8m + Env\u00edo a domicilio + Pago seguro + Garant\u00eda","breadcrumb":{"@id":"https:\/\/compuviper.mx\/tienda\/producto\/manhattan-355346-cable-hdmi-2-0-premium-m-m-1-8m\/#breadcrumb"},"inLanguage":"es-MX","potentialAction":[{"@type":"ReadAction","target":["https:\/\/compuviper.mx\/tienda\/producto\/manhattan-355346-cable-hdmi-2-0-premium-m-m-1-8m\/"]}]},{"@type":"BreadcrumbList","@id":"https:\/\/compuviper.mx\/tienda\/producto\/manhattan-355346-cable-hdmi-2-0-premium-m-m-1-8m\/#breadcrumb","itemListElement":[{"@type":"ListItem","position":1,"name":"Inicio","item":"https:\/\/compuviper.mx\/tienda\/"},{"@type":"ListItem","position":2,"name":"Productos","item":"https:\/\/compuviper.mx\/tienda\/productos\/"},{"@type":"ListItem","position":3,"name":"Cables","item":"https:\/\/compuviper.mx\/tienda\/categoria-producto\/cables\/"},{"@type":"ListItem","position":4,"name":"Cable De Video","item":"https:\/\/compuviper.mx\/tienda\/categoria-producto\/cables\/cable-de-video\/"},{"@type":"ListItem","position":5,"name":"Manhattan 355346 Cable Hdmi \/ \/ \/ 2.0 Premium M-m 1.8m"}]},{"@type":"WebSite","@id":"https:\/\/compuviper.mx\/tienda\/#website","url":"https:\/\/compuviper.mx\/tienda\/","name":"Compuviper","description":"Proveedor de Computadoras, Laptops, Servidores, Monitores, Puntos de Venta, Teclados,   Impresoras, T\u00f3ner, C\u00e1maras de Seguridad y m\u00e1s en tu tienda en l\u00ednea","publisher":{"@id":"https:\/\/compuviper.mx\/tienda\/#organization"},"potentialAction":[{"@type":"SearchAction","target":{"@type":"EntryPoint","urlTemplate":"https:\/\/compuviper.mx\/tienda\/?s={search_term_string}"},"query-input":"required name=search_term_string"}],"inLanguage":"es-MX"},{"@type":"Organization","@id":"https:\/\/compuviper.mx\/tienda\/#organization","name":"Compuviper","url":"https:\/\/compuviper.mx\/tienda\/","logo":{"@type":"ImageObject","inLanguage":"es-MX","@id":"https:\/\/compuviper.mx\/tienda\/#\/schema\/logo\/image\/","url":"https:\/\/compuviper.mx\/tienda\/wp-content\/uploads\/2021\/08\/Logo-Compuviper-10.png","contentUrl":"https:\/\/compuviper.mx\/tienda\/wp-content\/uploads\/2021\/08\/Logo-Compuviper-10.png","width":1000,"height":500,"caption":"Compuviper"},"image":{"@id":"https:\/\/compuviper.mx\/tienda\/#\/schema\/logo\/image\/"},"sameAs":["https:\/\/www.facebook.com\/compuviper","https:\/\/www.youtube.com\/channel\/UCf73dERp9Y3cfOq7q8BhLjA?view_as=subscriber"]}]},"product_brand":"MANHATTAN","product_price_amount":"70","product_price_currency":"MXN","og_availability":"instock","product_availability":"instock","product_retailer_item_id":"355346","product_condition":"new"},"_links":{"self":[{"href":"https:\/\/compuviper.mx\/tienda\/wp-json\/wp\/v2\/product\/214388"}],"collection":[{"href":"https:\/\/compuviper.mx\/tienda\/wp-json\/wp\/v2\/product"}],"about":[{"href":"https:\/\/compuviper.mx\/tienda\/wp-json\/wp\/v2\/types\/product"}],"replies":[{"embeddable":true,"href":"https:\/\/compuviper.mx\/tienda\/wp-json\/wp\/v2\/comments?post=214388"}],"wp:featuredmedia":[{"embeddable":true,"href":"https:\/\/compuviper.mx\/tienda\/wp-json\/wp\/v2\/media\/214389"}],"wp:attachment":[{"href":"https:\/\/compuviper.mx\/tienda\/wp-json\/wp\/v2\/media?parent=214388"}],"wp:term":[{"taxonomy":"product_cat","embeddable":true,"href":"https:\/\/compuviper.mx\/tienda\/wp-json\/wp\/v2\/product_cat?post=214388"},{"taxonomy":"product_tag","embeddable":true,"href":"https:\/\/compuviper.mx\/tienda\/wp-json\/wp\/v2\/product_tag?post=214388"}],"curies":[{"name":"wp","href":"https:\/\/api.w.org\/{rel}","templated":true}]}}