{"id":214382,"date":"2026-04-10T23:44:32","date_gmt":"2026-04-11T05:44:32","guid":{"rendered":"https:\/\/compuviper.mx\/tienda\/producto\/dahua-dh-pfm942i-20-5-cable-siames-cable-de-20-metros-armado-para-video-y-energa-para-camaras-hasta-4k-con-conectores-bnc-y-de-energa-uso-exterior-e-interior-cobre-de-alta-pureza-soporta-ah\/"},"modified":"2026-04-10T23:44:32","modified_gmt":"2026-04-11T05:44:32","slug":"dahua-dh-pfm942i-20-56923172519412-cable-siames-dh-pfm942i-20-5-cable-de-20-metros-armado-para-video-y-energa-para-camaras-hasta-4k-con-conectores-bnc-y-de-energa-uso-exterior-e-interior-cobre","status":"publish","type":"product","link":"https:\/\/compuviper.mx\/tienda\/producto\/dahua-dh-pfm942i-20-56923172519412-cable-siames-dh-pfm942i-20-5-cable-de-20-metros-armado-para-video-y-energa-para-camaras-hasta-4k-con-conectores-bnc-y-de-energa-uso-exterior-e-interior-cobre\/","title":{"rendered":"Dahua Dh-pfm942i-20-5,6923172519412 Cable Siames\/\/ Dh-pfm942i-20-5\/cable De 20 Metros Armado Para Video Y Energa\/ Para Camaras Hasta 4k\/ Con Conectores Bnc Y De Energa\/ Uso Exterior E Interior\/ Cobre De Alta Pureza\/ Soporta Ahd"},"content":{"rendered":"<table class=\"descripcion\">\n<tr>\n<td>Conductor:<\/td>\n<\/tr>\n<tr>\n<td>Material cable coaxial \/ cable de alimentaci\u00f3n: cobre sin ox\u00edgeno<\/td>\n<\/tr>\n<tr>\n<td>Di\u00e1metro cable coaxial \/ cable de alimentaci\u00f3n: 7 \/ 0,127 mm \u00b1 0,01 mm (7 \/ 0,005 \u00b1 0,0004)<\/td>\n<\/tr>\n<tr>\n<td>Cable coaxial: 28awg; cable de alimentaci\u00f3n: 26awg<\/td>\n<\/tr>\n<tr>\n<td>Aislamiento:<\/td>\n<\/tr>\n<tr>\n<td>Material cable coaxial: espuma de pe; cable de alimentaci\u00f3n: pvc<\/td>\n<\/tr>\n<tr>\n<td>Espesor cable coaxial:  and #8805; 0,6 mm (0,024 ); cable de alimentaci\u00f3n:  and #8805; 0,2 mm (0,008)<\/td>\n<\/tr>\n<tr>\n<td>Di\u00e1metro cable coaxial: 1,9 mm \u00b1 0,2 mm (0,075 \u00b1 0,008); cable de alimentaci\u00f3n: 1,1 mm \u00b1 0,2 mm (0,043 \u00b1 0,008)<\/td>\n<\/tr>\n<tr>\n<td>Color cable coaxial: 1 n\u00facleo (blanco); cable de alimentaci\u00f3n: 2 n\u00facleos (rojo y negro)<\/td>\n<\/tr>\n<tr>\n<td>Escudo interior:<\/td>\n<\/tr>\n<tr>\n<td>Material cable coaxial: compuesto de papel de aluminio de una cara; cable de alimentaci\u00f3n: na<\/td>\n<\/tr>\n<tr>\n<td>Especificaci\u00f3n cable coaxial: t  and #8805; 0.026 mm (0.001 ), w: 7 mm \u00b1 1 mm (0.276 \u00b1 0.039 ); cable de alimentaci\u00f3n: na<\/td>\n<\/tr>\n<tr>\n<td>Tasa de superposici\u00f3n cable coaxial:  and #8805; 25%; cable de alimentaci\u00f3n: na<\/td>\n<\/tr>\n<tr>\n<td>Escudo exterior<\/td>\n<\/tr>\n<tr>\n<td>Material cable coaxial: aluminio revestido de cobre (28) + cobre sin ox\u00edgeno (4); cable de alimentaci\u00f3n: na<\/td>\n<\/tr>\n<tr>\n<td>Especificaci\u00f3n cable coaxial: 16 \u00d7 2 \u00d7 0,10 mm \u00b1 0,01 mm (0,004 \u00b1 0,0004 ); cable de alimentaci\u00f3n: na<\/td>\n<\/tr>\n<tr>\n<td>Lay longitud cable coaxial: 18 mm \u00b1 6 mm (0,71 \u00b1 0,24); cable de alimentaci\u00f3n: na<\/td>\n<\/tr>\n<tr>\n<td>Cobertura de escudo cable coaxial:  and #8805; 45%; cable de alimentaci\u00f3n: na<\/td>\n<\/tr>\n<\/table>\n","protected":false},"excerpt":{"rendered":"<p>El cable modelo dh-pfm942i-20-5 es un cable de alimentaci\u00f3n y v\u00eddeo cctv consta de un cable coaxial y un cable de alimentaci\u00f3n de dos n\u00facleos. Hay un conector bnc y un conector dc5.5 en cada extremo del cable para la transmisi\u00f3n de v\u00eddeo de la c\u00e1mara y la fuente de alimentaci\u00f3n. Es conveniente instalar el cable en un sistema de cableado gen\u00e9rico.<\/p>\n","protected":false},"featured_media":214383,"comment_status":"open","ping_status":"open","template":"","meta":[],"product_cat":[1550,1549],"product_tag":[1555],"acf":[],"yoast_head":"<!-- This site is optimized with the Yoast SEO plugin v21.7 - https:\/\/yoast.com\/wordpress\/plugins\/seo\/ -->\n<title>[ Dahua ] &#129351; Dh-pfm942i-20-5,6923172519412 Cable Siames\/\/ Dh-pfm942i-20-5\/cable De 20 Metros Armado Para Video Y Energa\/ Para Camaras Hasta 4k\/ Con Conectores Bnc Y De Energa\/ Uso Exterior E Interior\/ Cobre De Alta Pureza\/ Soporta Ahd<\/title>\n<meta name=\"description\" content=\"Compra Dh-pfm942i-20-5,6923172519412 Cable Siames\/\/ Dh-pfm942i-20-5\/cable De 20 Metros Armado Para Video Y Energa\/ Para Camaras Hasta 4k\/ Con Conectores Bnc Y De Energa\/ Uso Exterior E Interior\/ Cobre De Alta Pureza\/ Soporta Ahd + Env\u00edo a domicilio + Pago seguro + Garant\u00eda\" \/>\n<meta name=\"robots\" content=\"index, follow, max-snippet:-1, max-image-preview:large, max-video-preview:-1\" \/>\n<link rel=\"canonical\" href=\"https:\/\/compuviper.mx\/tienda\/producto\/dahua-dh-pfm942i-20-56923172519412-cable-siames-dh-pfm942i-20-5-cable-de-20-metros-armado-para-video-y-energa-para-camaras-hasta-4k-con-conectores-bnc-y-de-energa-uso-exterior-e-interior-cobre\/\" \/>\n<meta property=\"og:locale\" content=\"es_MX\" \/>\n<meta property=\"og:type\" content=\"article\" \/>\n<meta property=\"og:title\" content=\"[ Dahua ] &#129351; Dh-pfm942i-20-5,6923172519412 Cable Siames\/\/ Dh-pfm942i-20-5\/cable De 20 Metros Armado Para Video Y Energa\/ Para Camaras Hasta 4k\/ Con Conectores Bnc Y De Energa\/ Uso Exterior E Interior\/ Cobre De Alta Pureza\/ Soporta Ahd\" \/>\n<meta property=\"og:description\" content=\"Compra Dh-pfm942i-20-5,6923172519412 Cable Siames\/\/ Dh-pfm942i-20-5\/cable De 20 Metros Armado Para Video Y Energa\/ Para Camaras Hasta 4k\/ Con Conectores Bnc Y De Energa\/ Uso Exterior E Interior\/ Cobre De Alta Pureza\/ Soporta Ahd + Env\u00edo a domicilio + Pago seguro + Garant\u00eda\" \/>\n<meta property=\"og:url\" content=\"https:\/\/compuviper.mx\/tienda\/producto\/dahua-dh-pfm942i-20-56923172519412-cable-siames-dh-pfm942i-20-5-cable-de-20-metros-armado-para-video-y-energa-para-camaras-hasta-4k-con-conectores-bnc-y-de-energa-uso-exterior-e-interior-cobre\/\" \/>\n<meta property=\"og:site_name\" content=\"Compuviper\" \/>\n<meta property=\"article:publisher\" content=\"https:\/\/www.facebook.com\/compuviper\" \/>\n<meta property=\"og:image\" content=\"https:\/\/compuviper.mx\/tienda\/wp-content\/uploads\/2023\/12\/Cable-siamesdahua-dh-pfm942i-20-5cable-de-20-metros-armado-para-video-y-energia-para-camaras-hasta-4k-con-conectores-bnc-y-de-energia-uso-exterior-e-interior-cobre-de-alta-pureza-soporta-ahd.jpg\" \/>\n\t<meta property=\"og:image:width\" content=\"200\" \/>\n\t<meta property=\"og:image:height\" content=\"200\" \/>\n\t<meta property=\"og:image:type\" content=\"image\/jpeg\" \/>\n<meta name=\"twitter:card\" content=\"summary_large_image\" \/>\n<meta name=\"twitter:label1\" content=\"Precio\" \/>\n\t<meta name=\"twitter:data1\" content=\"&#36;114 &#36;110 con IVA\" \/>\n\t<meta name=\"twitter:label2\" content=\"Availability\" \/>\n\t<meta name=\"twitter:data2\" content=\"In stock\" \/>\n<script type=\"application\/ld+json\" class=\"yoast-schema-graph\">{\"@context\":\"https:\/\/schema.org\",\"@graph\":[{\"@type\":\"WebPage\",\"@id\":\"https:\/\/compuviper.mx\/tienda\/producto\/dahua-dh-pfm942i-20-56923172519412-cable-siames-dh-pfm942i-20-5-cable-de-20-metros-armado-para-video-y-energa-para-camaras-hasta-4k-con-conectores-bnc-y-de-energa-uso-exterior-e-interior-cobre\/\",\"url\":\"https:\/\/compuviper.mx\/tienda\/producto\/dahua-dh-pfm942i-20-56923172519412-cable-siames-dh-pfm942i-20-5-cable-de-20-metros-armado-para-video-y-energa-para-camaras-hasta-4k-con-conectores-bnc-y-de-energa-uso-exterior-e-interior-cobre\/\",\"name\":\"[ Dahua ] &#129351; Dh-pfm942i-20-5,6923172519412 Cable Siames\/\/ Dh-pfm942i-20-5\/cable De 20 Metros Armado Para Video Y Energa\/ Para Camaras Hasta 4k\/ Con Conectores Bnc Y De Energa\/ Uso Exterior E Interior\/ Cobre De Alta Pureza\/ Soporta Ahd\",\"isPartOf\":{\"@id\":\"https:\/\/compuviper.mx\/tienda\/#website\"},\"datePublished\":\"2026-04-11T05:44:32+00:00\",\"dateModified\":\"2026-04-11T05:44:32+00:00\",\"description\":\"Compra Dh-pfm942i-20-5,6923172519412 Cable Siames\/\/ Dh-pfm942i-20-5\/cable De 20 Metros Armado Para Video Y Energa\/ Para Camaras Hasta 4k\/ Con Conectores Bnc Y De Energa\/ Uso Exterior E Interior\/ Cobre De Alta Pureza\/ Soporta Ahd + Env\u00edo a domicilio + Pago seguro + Garant\u00eda\",\"breadcrumb\":{\"@id\":\"https:\/\/compuviper.mx\/tienda\/producto\/dahua-dh-pfm942i-20-56923172519412-cable-siames-dh-pfm942i-20-5-cable-de-20-metros-armado-para-video-y-energa-para-camaras-hasta-4k-con-conectores-bnc-y-de-energa-uso-exterior-e-interior-cobre\/#breadcrumb\"},\"inLanguage\":\"es-MX\",\"potentialAction\":[{\"@type\":\"ReadAction\",\"target\":[\"https:\/\/compuviper.mx\/tienda\/producto\/dahua-dh-pfm942i-20-56923172519412-cable-siames-dh-pfm942i-20-5-cable-de-20-metros-armado-para-video-y-energa-para-camaras-hasta-4k-con-conectores-bnc-y-de-energa-uso-exterior-e-interior-cobre\/\"]}]},{\"@type\":\"BreadcrumbList\",\"@id\":\"https:\/\/compuviper.mx\/tienda\/producto\/dahua-dh-pfm942i-20-56923172519412-cable-siames-dh-pfm942i-20-5-cable-de-20-metros-armado-para-video-y-energa-para-camaras-hasta-4k-con-conectores-bnc-y-de-energa-uso-exterior-e-interior-cobre\/#breadcrumb\",\"itemListElement\":[{\"@type\":\"ListItem\",\"position\":1,\"name\":\"Inicio\",\"item\":\"https:\/\/compuviper.mx\/tienda\/\"},{\"@type\":\"ListItem\",\"position\":2,\"name\":\"Productos\",\"item\":\"https:\/\/compuviper.mx\/tienda\/productos\/\"},{\"@type\":\"ListItem\",\"position\":3,\"name\":\"Cables\",\"item\":\"https:\/\/compuviper.mx\/tienda\/categoria-producto\/cables\/\"},{\"@type\":\"ListItem\",\"position\":4,\"name\":\"Cable De Video\",\"item\":\"https:\/\/compuviper.mx\/tienda\/categoria-producto\/cables\/cable-de-video\/\"},{\"@type\":\"ListItem\",\"position\":5,\"name\":\"Dahua Dh-pfm942i-20-5,6923172519412 Cable Siames\/\/ Dh-pfm942i-20-5\/cable De 20 Metros Armado Para Video Y Energa\/ Para Camaras Hasta 4k\/ Con Conectores Bnc Y De Energa\/ Uso Exterior E Interior\/ Cobre De Alta Pureza\/ Soporta Ahd\"}]},{\"@type\":\"WebSite\",\"@id\":\"https:\/\/compuviper.mx\/tienda\/#website\",\"url\":\"https:\/\/compuviper.mx\/tienda\/\",\"name\":\"Compuviper\",\"description\":\"Proveedor de Computadoras, Laptops, Servidores, Monitores, Puntos de Venta, Teclados,   Impresoras, T\u00f3ner, C\u00e1maras de Seguridad y m\u00e1s en tu tienda en l\u00ednea\",\"publisher\":{\"@id\":\"https:\/\/compuviper.mx\/tienda\/#organization\"},\"potentialAction\":[{\"@type\":\"SearchAction\",\"target\":{\"@type\":\"EntryPoint\",\"urlTemplate\":\"https:\/\/compuviper.mx\/tienda\/?s={search_term_string}\"},\"query-input\":\"required name=search_term_string\"}],\"inLanguage\":\"es-MX\"},{\"@type\":\"Organization\",\"@id\":\"https:\/\/compuviper.mx\/tienda\/#organization\",\"name\":\"Compuviper\",\"url\":\"https:\/\/compuviper.mx\/tienda\/\",\"logo\":{\"@type\":\"ImageObject\",\"inLanguage\":\"es-MX\",\"@id\":\"https:\/\/compuviper.mx\/tienda\/#\/schema\/logo\/image\/\",\"url\":\"https:\/\/compuviper.mx\/tienda\/wp-content\/uploads\/2021\/08\/Logo-Compuviper-10.png\",\"contentUrl\":\"https:\/\/compuviper.mx\/tienda\/wp-content\/uploads\/2021\/08\/Logo-Compuviper-10.png\",\"width\":1000,\"height\":500,\"caption\":\"Compuviper\"},\"image\":{\"@id\":\"https:\/\/compuviper.mx\/tienda\/#\/schema\/logo\/image\/\"},\"sameAs\":[\"https:\/\/www.facebook.com\/compuviper\",\"https:\/\/www.youtube.com\/channel\/UCf73dERp9Y3cfOq7q8BhLjA?view_as=subscriber\"]}]}<\/script>\n<meta property=\"product:brand\" content=\"DAHUA\" \/>\n<meta property=\"product:price:amount\" content=\"110\" \/>\n<meta property=\"product:price:currency\" content=\"MXN\" \/>\n<meta property=\"og:availability\" content=\"instock\" \/>\n<meta property=\"product:availability\" content=\"instock\" \/>\n<meta property=\"product:retailer_item_id\" content=\"DH-PFM942I-20-5,6923172519412\" \/>\n<meta property=\"product:condition\" content=\"new\" \/>\n<!-- \/ Yoast SEO plugin. -->","yoast_head_json":{"title":"[ Dahua ] &#129351; Dh-pfm942i-20-5,6923172519412 Cable Siames\/\/ Dh-pfm942i-20-5\/cable De 20 Metros Armado Para Video Y Energa\/ Para Camaras Hasta 4k\/ Con Conectores Bnc Y De Energa\/ Uso Exterior E Interior\/ Cobre De Alta Pureza\/ Soporta Ahd","description":"Compra Dh-pfm942i-20-5,6923172519412 Cable Siames\/\/ Dh-pfm942i-20-5\/cable De 20 Metros Armado Para Video Y Energa\/ Para Camaras Hasta 4k\/ Con Conectores Bnc Y De Energa\/ Uso Exterior E Interior\/ Cobre De Alta Pureza\/ Soporta Ahd + Env\u00edo a domicilio + Pago seguro + Garant\u00eda","robots":{"index":"index","follow":"follow","max-snippet":"max-snippet:-1","max-image-preview":"max-image-preview:large","max-video-preview":"max-video-preview:-1"},"canonical":"https:\/\/compuviper.mx\/tienda\/producto\/dahua-dh-pfm942i-20-56923172519412-cable-siames-dh-pfm942i-20-5-cable-de-20-metros-armado-para-video-y-energa-para-camaras-hasta-4k-con-conectores-bnc-y-de-energa-uso-exterior-e-interior-cobre\/","og_locale":"es_MX","og_type":"article","og_title":"[ Dahua ] &#129351; Dh-pfm942i-20-5,6923172519412 Cable Siames\/\/ Dh-pfm942i-20-5\/cable De 20 Metros Armado Para Video Y Energa\/ Para Camaras Hasta 4k\/ Con Conectores Bnc Y De Energa\/ Uso Exterior E Interior\/ Cobre De Alta Pureza\/ Soporta Ahd","og_description":"Compra Dh-pfm942i-20-5,6923172519412 Cable Siames\/\/ Dh-pfm942i-20-5\/cable De 20 Metros Armado Para Video Y Energa\/ Para Camaras Hasta 4k\/ Con Conectores Bnc Y De Energa\/ Uso Exterior E Interior\/ Cobre De Alta Pureza\/ Soporta Ahd + Env\u00edo a domicilio + Pago seguro + Garant\u00eda","og_url":"https:\/\/compuviper.mx\/tienda\/producto\/dahua-dh-pfm942i-20-56923172519412-cable-siames-dh-pfm942i-20-5-cable-de-20-metros-armado-para-video-y-energa-para-camaras-hasta-4k-con-conectores-bnc-y-de-energa-uso-exterior-e-interior-cobre\/","og_site_name":"Compuviper","article_publisher":"https:\/\/www.facebook.com\/compuviper","og_image":[{"width":200,"height":200,"url":"https:\/\/compuviper.mx\/tienda\/wp-content\/uploads\/2023\/12\/Cable-siamesdahua-dh-pfm942i-20-5cable-de-20-metros-armado-para-video-y-energia-para-camaras-hasta-4k-con-conectores-bnc-y-de-energia-uso-exterior-e-interior-cobre-de-alta-pureza-soporta-ahd.jpg","type":"image\/jpeg"}],"twitter_card":"summary_large_image","twitter_misc":{"Precio":"&#36;114 &#36;110 con IVA","Availability":"In stock"},"schema":{"@context":"https:\/\/schema.org","@graph":[{"@type":"WebPage","@id":"https:\/\/compuviper.mx\/tienda\/producto\/dahua-dh-pfm942i-20-56923172519412-cable-siames-dh-pfm942i-20-5-cable-de-20-metros-armado-para-video-y-energa-para-camaras-hasta-4k-con-conectores-bnc-y-de-energa-uso-exterior-e-interior-cobre\/","url":"https:\/\/compuviper.mx\/tienda\/producto\/dahua-dh-pfm942i-20-56923172519412-cable-siames-dh-pfm942i-20-5-cable-de-20-metros-armado-para-video-y-energa-para-camaras-hasta-4k-con-conectores-bnc-y-de-energa-uso-exterior-e-interior-cobre\/","name":"[ Dahua ] &#129351; Dh-pfm942i-20-5,6923172519412 Cable Siames\/\/ Dh-pfm942i-20-5\/cable De 20 Metros Armado Para Video Y Energa\/ Para Camaras Hasta 4k\/ Con Conectores Bnc Y De Energa\/ Uso Exterior E Interior\/ Cobre De Alta Pureza\/ Soporta Ahd","isPartOf":{"@id":"https:\/\/compuviper.mx\/tienda\/#website"},"datePublished":"2026-04-11T05:44:32+00:00","dateModified":"2026-04-11T05:44:32+00:00","description":"Compra Dh-pfm942i-20-5,6923172519412 Cable Siames\/\/ Dh-pfm942i-20-5\/cable De 20 Metros Armado Para Video Y Energa\/ Para Camaras Hasta 4k\/ Con Conectores Bnc Y De Energa\/ Uso Exterior E Interior\/ Cobre De Alta Pureza\/ Soporta Ahd + Env\u00edo a domicilio + Pago seguro + Garant\u00eda","breadcrumb":{"@id":"https:\/\/compuviper.mx\/tienda\/producto\/dahua-dh-pfm942i-20-56923172519412-cable-siames-dh-pfm942i-20-5-cable-de-20-metros-armado-para-video-y-energa-para-camaras-hasta-4k-con-conectores-bnc-y-de-energa-uso-exterior-e-interior-cobre\/#breadcrumb"},"inLanguage":"es-MX","potentialAction":[{"@type":"ReadAction","target":["https:\/\/compuviper.mx\/tienda\/producto\/dahua-dh-pfm942i-20-56923172519412-cable-siames-dh-pfm942i-20-5-cable-de-20-metros-armado-para-video-y-energa-para-camaras-hasta-4k-con-conectores-bnc-y-de-energa-uso-exterior-e-interior-cobre\/"]}]},{"@type":"BreadcrumbList","@id":"https:\/\/compuviper.mx\/tienda\/producto\/dahua-dh-pfm942i-20-56923172519412-cable-siames-dh-pfm942i-20-5-cable-de-20-metros-armado-para-video-y-energa-para-camaras-hasta-4k-con-conectores-bnc-y-de-energa-uso-exterior-e-interior-cobre\/#breadcrumb","itemListElement":[{"@type":"ListItem","position":1,"name":"Inicio","item":"https:\/\/compuviper.mx\/tienda\/"},{"@type":"ListItem","position":2,"name":"Productos","item":"https:\/\/compuviper.mx\/tienda\/productos\/"},{"@type":"ListItem","position":3,"name":"Cables","item":"https:\/\/compuviper.mx\/tienda\/categoria-producto\/cables\/"},{"@type":"ListItem","position":4,"name":"Cable De Video","item":"https:\/\/compuviper.mx\/tienda\/categoria-producto\/cables\/cable-de-video\/"},{"@type":"ListItem","position":5,"name":"Dahua Dh-pfm942i-20-5,6923172519412 Cable Siames\/\/ Dh-pfm942i-20-5\/cable De 20 Metros Armado Para Video Y Energa\/ Para Camaras Hasta 4k\/ Con Conectores Bnc Y De Energa\/ Uso Exterior E Interior\/ Cobre De Alta Pureza\/ Soporta Ahd"}]},{"@type":"WebSite","@id":"https:\/\/compuviper.mx\/tienda\/#website","url":"https:\/\/compuviper.mx\/tienda\/","name":"Compuviper","description":"Proveedor de Computadoras, Laptops, Servidores, Monitores, Puntos de Venta, Teclados,   Impresoras, T\u00f3ner, C\u00e1maras de Seguridad y m\u00e1s en tu tienda en l\u00ednea","publisher":{"@id":"https:\/\/compuviper.mx\/tienda\/#organization"},"potentialAction":[{"@type":"SearchAction","target":{"@type":"EntryPoint","urlTemplate":"https:\/\/compuviper.mx\/tienda\/?s={search_term_string}"},"query-input":"required name=search_term_string"}],"inLanguage":"es-MX"},{"@type":"Organization","@id":"https:\/\/compuviper.mx\/tienda\/#organization","name":"Compuviper","url":"https:\/\/compuviper.mx\/tienda\/","logo":{"@type":"ImageObject","inLanguage":"es-MX","@id":"https:\/\/compuviper.mx\/tienda\/#\/schema\/logo\/image\/","url":"https:\/\/compuviper.mx\/tienda\/wp-content\/uploads\/2021\/08\/Logo-Compuviper-10.png","contentUrl":"https:\/\/compuviper.mx\/tienda\/wp-content\/uploads\/2021\/08\/Logo-Compuviper-10.png","width":1000,"height":500,"caption":"Compuviper"},"image":{"@id":"https:\/\/compuviper.mx\/tienda\/#\/schema\/logo\/image\/"},"sameAs":["https:\/\/www.facebook.com\/compuviper","https:\/\/www.youtube.com\/channel\/UCf73dERp9Y3cfOq7q8BhLjA?view_as=subscriber"]}]},"product_brand":"DAHUA","product_price_amount":"110","product_price_currency":"MXN","og_availability":"instock","product_availability":"instock","product_retailer_item_id":"DH-PFM942I-20-5,6923172519412","product_condition":"new"},"_links":{"self":[{"href":"https:\/\/compuviper.mx\/tienda\/wp-json\/wp\/v2\/product\/214382"}],"collection":[{"href":"https:\/\/compuviper.mx\/tienda\/wp-json\/wp\/v2\/product"}],"about":[{"href":"https:\/\/compuviper.mx\/tienda\/wp-json\/wp\/v2\/types\/product"}],"replies":[{"embeddable":true,"href":"https:\/\/compuviper.mx\/tienda\/wp-json\/wp\/v2\/comments?post=214382"}],"wp:featuredmedia":[{"embeddable":true,"href":"https:\/\/compuviper.mx\/tienda\/wp-json\/wp\/v2\/media\/214383"}],"wp:attachment":[{"href":"https:\/\/compuviper.mx\/tienda\/wp-json\/wp\/v2\/media?parent=214382"}],"wp:term":[{"taxonomy":"product_cat","embeddable":true,"href":"https:\/\/compuviper.mx\/tienda\/wp-json\/wp\/v2\/product_cat?post=214382"},{"taxonomy":"product_tag","embeddable":true,"href":"https:\/\/compuviper.mx\/tienda\/wp-json\/wp\/v2\/product_tag?post=214382"}],"curies":[{"name":"wp","href":"https:\/\/api.w.org\/{rel}","templated":true}]}}