{"id":214370,"date":"2026-04-01T23:43:37","date_gmt":"2026-04-02T05:43:37","guid":{"rendered":"https:\/\/compuviper.mx\/tienda\/producto\/dahua-dh-pfm920-5eu-cable-utp-bobina-de-cable-utp-para-exterior-cat5e-100-cobre-305-metros-color-negro-cubierta-exterior-mdpe-cumple-con-estandares-ansi-tia-568-c-2-retardante-de-llama-rohs\/"},"modified":"2026-04-02T00:00:47","modified_gmt":"2026-04-02T06:00:47","slug":"dahua-dh-pfm920-5eu6939554987205-cable-utp-dh-pfm920-5eu-bobina-de-cable-utp-para-exterior-cat5e-100-cobre-305-metros-color-negro-cubierta-exterior-mdpe-cumple-con-estandares-ansi-tia-568-c-2","status":"publish","type":"product","link":"https:\/\/compuviper.mx\/tienda\/producto\/dahua-dh-pfm920-5eu6939554987205-cable-utp-dh-pfm920-5eu-bobina-de-cable-utp-para-exterior-cat5e-100-cobre-305-metros-color-negro-cubierta-exterior-mdpe-cumple-con-estandares-ansi-tia-568-c-2\/","title":{"rendered":"Dahua Dh-pfm920-5eu,6939554987205 Cable Utp\/\/dh-pfm920-5eu\/bobina De Cable Utp Para Exterior Cat5e\/ 100 Cobre\/ 305 Metros\/ Color Negro\/ Cubierta Exterior Mdpe\/ Cumple Con Estandares Ansi\/tia 568-c.2\/ Retardante De Llama\/ Rohs\/"},"content":{"rendered":"<table class=\"descripcion\">\n<tr>\n<td>Conductor<\/td>\n<\/tr>\n<tr>\n<td>Material: cobre libre de oxigeno 99.97 de pureza<\/td>\n<\/tr>\n<tr>\n<td>Dimetro: 0.50 mm  \u00b1 0.01 mm 0.02\u00b1 0,0004<\/td>\n<\/tr>\n<tr>\n<td>Calibre de alambre americano: 24 awg<\/td>\n<\/tr>\n<tr>\n<td>Aislamiento<\/td>\n<\/tr>\n<tr>\n<td>Material: hdpe<\/td>\n<\/tr>\n<tr>\n<td>Mn. grosor promedio: 0.21 mm 0.0082<\/td>\n<\/tr>\n<tr>\n<td>Dimetro: 0,89 mm \u00b1 0,06 mm 0,04 \u00b1 0,0023<\/td>\n<\/tr>\n<tr>\n<td>Transmisin<\/td>\n<\/tr>\n<tr>\n<td>Impedancia caracterstica: 100 \u00b1 15 and 937;<\/td>\n<\/tr>\n<tr>\n<td>Mecnico<\/td>\n<\/tr>\n<tr>\n<td>Resistencia ala traccin: revestimiento and 8805;12 mpa, aislamiento and 8805;16 mpa<\/td>\n<\/tr>\n<tr>\n<td>Alargamiento a la rotura: revestimiento and 8805;350, aislamiento and 8805;300<\/td>\n<\/tr>\n<tr>\n<td>Radio de flexin de instalacin:   8 veces el dimetro exterior del cable.<\/td>\n<\/tr>\n<tr>\n<td>Elongacin del conductor en la rotura:  and 8805;15<\/td>\n<\/tr>\n<tr>\n<td>Ambiental<\/td>\n<\/tr>\n<tr>\n<td>Contraccin del aislamiento:  and 8804;5<\/td>\n<\/tr>\n<tr>\n<td>Resistencia a la migracin de color del aislamiento: sin migracin<\/td>\n<\/tr>\n<\/table>\n","protected":false},"excerpt":{"rendered":"<p>Los cables de red son los medios de transmisin ms utilizados en el sistema de cableado genrico. Por lo general, se compone de 4 pares de cables trenzados y generalmente se aplica en el cableado del sistema dentro de los 100 metros.<\/p>\n","protected":false},"featured_media":214371,"comment_status":"open","ping_status":"open","template":"","meta":[],"product_cat":[1549,1602],"product_tag":[1555],"acf":[],"yoast_head":"<!-- This site is optimized with the Yoast SEO plugin v21.7 - https:\/\/yoast.com\/wordpress\/plugins\/seo\/ -->\n<title>[ Dahua ] &#129351; Dh-pfm920-5eu,6939554987205 Cable Utp\/\/dh-pfm920-5eu\/bobina De Cable Utp Para Exterior Cat5e\/ 100 Cobre\/ 305 Metros\/ Color Negro\/ Cubierta Exterior Mdpe\/ Cumple Con Estandares Ansi\/tia 568-c.2\/ Retardante De Llama\/ Rohs\/<\/title>\n<meta name=\"description\" content=\"Compra Dh-pfm920-5eu,6939554987205 Cable Utp\/\/dh-pfm920-5eu\/bobina De Cable Utp Para Exterior Cat5e\/ 100 Cobre\/ 305 Metros\/ Color Negro\/ Cubierta Exterior Mdpe\/ Cumple Con Estandares Ansi\/tia 568-c.2\/ Retardante De Llama\/ Rohs\/ + Env\u00edo a domicilio + Pago seguro + Garant\u00eda\" \/>\n<meta name=\"robots\" content=\"index, follow, max-snippet:-1, max-image-preview:large, max-video-preview:-1\" \/>\n<link rel=\"canonical\" href=\"https:\/\/compuviper.mx\/tienda\/producto\/dahua-dh-pfm920-5eu6939554987205-cable-utp-dh-pfm920-5eu-bobina-de-cable-utp-para-exterior-cat5e-100-cobre-305-metros-color-negro-cubierta-exterior-mdpe-cumple-con-estandares-ansi-tia-568-c-2\/\" \/>\n<meta property=\"og:locale\" content=\"es_MX\" \/>\n<meta property=\"og:type\" content=\"article\" \/>\n<meta property=\"og:title\" content=\"[ Dahua ] &#129351; Dh-pfm920-5eu,6939554987205 Cable Utp\/\/dh-pfm920-5eu\/bobina De Cable Utp Para Exterior Cat5e\/ 100 Cobre\/ 305 Metros\/ Color Negro\/ Cubierta Exterior Mdpe\/ Cumple Con Estandares Ansi\/tia 568-c.2\/ Retardante De Llama\/ Rohs\/\" \/>\n<meta property=\"og:description\" content=\"Compra Dh-pfm920-5eu,6939554987205 Cable Utp\/\/dh-pfm920-5eu\/bobina De Cable Utp Para Exterior Cat5e\/ 100 Cobre\/ 305 Metros\/ Color Negro\/ Cubierta Exterior Mdpe\/ Cumple Con Estandares Ansi\/tia 568-c.2\/ Retardante De Llama\/ Rohs\/ + Env\u00edo a domicilio + Pago seguro + Garant\u00eda\" \/>\n<meta property=\"og:url\" content=\"https:\/\/compuviper.mx\/tienda\/producto\/dahua-dh-pfm920-5eu6939554987205-cable-utp-dh-pfm920-5eu-bobina-de-cable-utp-para-exterior-cat5e-100-cobre-305-metros-color-negro-cubierta-exterior-mdpe-cumple-con-estandares-ansi-tia-568-c-2\/\" \/>\n<meta property=\"og:site_name\" content=\"Compuviper\" \/>\n<meta property=\"article:publisher\" content=\"https:\/\/www.facebook.com\/compuviper\" \/>\n<meta property=\"article:modified_time\" content=\"2026-04-02T06:00:47+00:00\" \/>\n<meta property=\"og:image\" content=\"https:\/\/compuviper.mx\/tienda\/wp-content\/uploads\/2023\/12\/Cable-utpdahuadh-pfm920-5eubobina-de-cable-utp-para-exterior-cat5e-100-cobre-305-metros-color-negro-cubierta-exterior-mdpe-cumple-con-estandares-ansitia-568-c.2-retardante-de-llama-rohs.jpg\" \/>\n\t<meta property=\"og:image:width\" content=\"200\" \/>\n\t<meta property=\"og:image:height\" content=\"200\" \/>\n\t<meta property=\"og:image:type\" content=\"image\/jpeg\" \/>\n<meta name=\"twitter:card\" content=\"summary_large_image\" \/>\n<meta name=\"twitter:label1\" content=\"Precio\" \/>\n\t<meta name=\"twitter:data1\" content=\"&#36;1,824 con IVA\" \/>\n\t<meta name=\"twitter:label2\" content=\"Availability\" \/>\n\t<meta name=\"twitter:data2\" content=\"In stock\" \/>\n<script type=\"application\/ld+json\" class=\"yoast-schema-graph\">{\"@context\":\"https:\/\/schema.org\",\"@graph\":[{\"@type\":\"WebPage\",\"@id\":\"https:\/\/compuviper.mx\/tienda\/producto\/dahua-dh-pfm920-5eu6939554987205-cable-utp-dh-pfm920-5eu-bobina-de-cable-utp-para-exterior-cat5e-100-cobre-305-metros-color-negro-cubierta-exterior-mdpe-cumple-con-estandares-ansi-tia-568-c-2\/\",\"url\":\"https:\/\/compuviper.mx\/tienda\/producto\/dahua-dh-pfm920-5eu6939554987205-cable-utp-dh-pfm920-5eu-bobina-de-cable-utp-para-exterior-cat5e-100-cobre-305-metros-color-negro-cubierta-exterior-mdpe-cumple-con-estandares-ansi-tia-568-c-2\/\",\"name\":\"[ Dahua ] &#129351; Dh-pfm920-5eu,6939554987205 Cable Utp\/\/dh-pfm920-5eu\/bobina De Cable Utp Para Exterior Cat5e\/ 100 Cobre\/ 305 Metros\/ Color Negro\/ Cubierta Exterior Mdpe\/ Cumple Con Estandares Ansi\/tia 568-c.2\/ Retardante De Llama\/ Rohs\/\",\"isPartOf\":{\"@id\":\"https:\/\/compuviper.mx\/tienda\/#website\"},\"datePublished\":\"2026-04-02T05:43:37+00:00\",\"dateModified\":\"2026-04-02T06:00:47+00:00\",\"description\":\"Compra Dh-pfm920-5eu,6939554987205 Cable Utp\/\/dh-pfm920-5eu\/bobina De Cable Utp Para Exterior Cat5e\/ 100 Cobre\/ 305 Metros\/ Color Negro\/ Cubierta Exterior Mdpe\/ Cumple Con Estandares Ansi\/tia 568-c.2\/ Retardante De Llama\/ Rohs\/ + Env\u00edo a domicilio + Pago seguro + Garant\u00eda\",\"breadcrumb\":{\"@id\":\"https:\/\/compuviper.mx\/tienda\/producto\/dahua-dh-pfm920-5eu6939554987205-cable-utp-dh-pfm920-5eu-bobina-de-cable-utp-para-exterior-cat5e-100-cobre-305-metros-color-negro-cubierta-exterior-mdpe-cumple-con-estandares-ansi-tia-568-c-2\/#breadcrumb\"},\"inLanguage\":\"es-MX\",\"potentialAction\":[{\"@type\":\"ReadAction\",\"target\":[\"https:\/\/compuviper.mx\/tienda\/producto\/dahua-dh-pfm920-5eu6939554987205-cable-utp-dh-pfm920-5eu-bobina-de-cable-utp-para-exterior-cat5e-100-cobre-305-metros-color-negro-cubierta-exterior-mdpe-cumple-con-estandares-ansi-tia-568-c-2\/\"]}]},{\"@type\":\"BreadcrumbList\",\"@id\":\"https:\/\/compuviper.mx\/tienda\/producto\/dahua-dh-pfm920-5eu6939554987205-cable-utp-dh-pfm920-5eu-bobina-de-cable-utp-para-exterior-cat5e-100-cobre-305-metros-color-negro-cubierta-exterior-mdpe-cumple-con-estandares-ansi-tia-568-c-2\/#breadcrumb\",\"itemListElement\":[{\"@type\":\"ListItem\",\"position\":1,\"name\":\"Inicio\",\"item\":\"https:\/\/compuviper.mx\/tienda\/\"},{\"@type\":\"ListItem\",\"position\":2,\"name\":\"Productos\",\"item\":\"https:\/\/compuviper.mx\/tienda\/productos\/\"},{\"@type\":\"ListItem\",\"position\":3,\"name\":\"Cables\",\"item\":\"https:\/\/compuviper.mx\/tienda\/categoria-producto\/cables\/\"},{\"@type\":\"ListItem\",\"position\":4,\"name\":\"Cable De Red\",\"item\":\"https:\/\/compuviper.mx\/tienda\/categoria-producto\/cables\/cable-de-red\/\"},{\"@type\":\"ListItem\",\"position\":5,\"name\":\"Dahua Dh-pfm920-5eu,6939554987205 Cable Utp\/\/dh-pfm920-5eu\/bobina De Cable Utp Para Exterior Cat5e\/ 100 Cobre\/ 305 Metros\/ Color Negro\/ Cubierta Exterior Mdpe\/ Cumple Con Estandares Ansi\/tia 568-c.2\/ Retardante De Llama\/ Rohs\/\"}]},{\"@type\":\"WebSite\",\"@id\":\"https:\/\/compuviper.mx\/tienda\/#website\",\"url\":\"https:\/\/compuviper.mx\/tienda\/\",\"name\":\"Compuviper\",\"description\":\"Proveedor de Computadoras, Laptops, Servidores, Monitores, Puntos de Venta, Teclados,   Impresoras, T\u00f3ner, C\u00e1maras de Seguridad y m\u00e1s en tu tienda en l\u00ednea\",\"publisher\":{\"@id\":\"https:\/\/compuviper.mx\/tienda\/#organization\"},\"potentialAction\":[{\"@type\":\"SearchAction\",\"target\":{\"@type\":\"EntryPoint\",\"urlTemplate\":\"https:\/\/compuviper.mx\/tienda\/?s={search_term_string}\"},\"query-input\":\"required name=search_term_string\"}],\"inLanguage\":\"es-MX\"},{\"@type\":\"Organization\",\"@id\":\"https:\/\/compuviper.mx\/tienda\/#organization\",\"name\":\"Compuviper\",\"url\":\"https:\/\/compuviper.mx\/tienda\/\",\"logo\":{\"@type\":\"ImageObject\",\"inLanguage\":\"es-MX\",\"@id\":\"https:\/\/compuviper.mx\/tienda\/#\/schema\/logo\/image\/\",\"url\":\"https:\/\/compuviper.mx\/tienda\/wp-content\/uploads\/2021\/08\/Logo-Compuviper-10.png\",\"contentUrl\":\"https:\/\/compuviper.mx\/tienda\/wp-content\/uploads\/2021\/08\/Logo-Compuviper-10.png\",\"width\":1000,\"height\":500,\"caption\":\"Compuviper\"},\"image\":{\"@id\":\"https:\/\/compuviper.mx\/tienda\/#\/schema\/logo\/image\/\"},\"sameAs\":[\"https:\/\/www.facebook.com\/compuviper\",\"https:\/\/www.youtube.com\/channel\/UCf73dERp9Y3cfOq7q8BhLjA?view_as=subscriber\"]}]}<\/script>\n<meta property=\"product:brand\" content=\"DAHUA\" \/>\n<meta property=\"product:price:amount\" content=\"1824\" \/>\n<meta property=\"product:price:currency\" content=\"MXN\" \/>\n<meta property=\"og:availability\" content=\"instock\" \/>\n<meta property=\"product:availability\" content=\"instock\" \/>\n<meta property=\"product:retailer_item_id\" content=\"DH-PFM920-5EU,6939554987205\" \/>\n<meta property=\"product:condition\" content=\"new\" \/>\n<!-- \/ Yoast SEO plugin. -->","yoast_head_json":{"title":"[ Dahua ] &#129351; Dh-pfm920-5eu,6939554987205 Cable Utp\/\/dh-pfm920-5eu\/bobina De Cable Utp Para Exterior Cat5e\/ 100 Cobre\/ 305 Metros\/ Color Negro\/ Cubierta Exterior Mdpe\/ Cumple Con Estandares Ansi\/tia 568-c.2\/ Retardante De Llama\/ Rohs\/","description":"Compra Dh-pfm920-5eu,6939554987205 Cable Utp\/\/dh-pfm920-5eu\/bobina De Cable Utp Para Exterior Cat5e\/ 100 Cobre\/ 305 Metros\/ Color Negro\/ Cubierta Exterior Mdpe\/ Cumple Con Estandares Ansi\/tia 568-c.2\/ Retardante De Llama\/ Rohs\/ + Env\u00edo a domicilio + Pago seguro + Garant\u00eda","robots":{"index":"index","follow":"follow","max-snippet":"max-snippet:-1","max-image-preview":"max-image-preview:large","max-video-preview":"max-video-preview:-1"},"canonical":"https:\/\/compuviper.mx\/tienda\/producto\/dahua-dh-pfm920-5eu6939554987205-cable-utp-dh-pfm920-5eu-bobina-de-cable-utp-para-exterior-cat5e-100-cobre-305-metros-color-negro-cubierta-exterior-mdpe-cumple-con-estandares-ansi-tia-568-c-2\/","og_locale":"es_MX","og_type":"article","og_title":"[ Dahua ] &#129351; Dh-pfm920-5eu,6939554987205 Cable Utp\/\/dh-pfm920-5eu\/bobina De Cable Utp Para Exterior Cat5e\/ 100 Cobre\/ 305 Metros\/ Color Negro\/ Cubierta Exterior Mdpe\/ Cumple Con Estandares Ansi\/tia 568-c.2\/ Retardante De Llama\/ Rohs\/","og_description":"Compra Dh-pfm920-5eu,6939554987205 Cable Utp\/\/dh-pfm920-5eu\/bobina De Cable Utp Para Exterior Cat5e\/ 100 Cobre\/ 305 Metros\/ Color Negro\/ Cubierta Exterior Mdpe\/ Cumple Con Estandares Ansi\/tia 568-c.2\/ Retardante De Llama\/ Rohs\/ + Env\u00edo a domicilio + Pago seguro + Garant\u00eda","og_url":"https:\/\/compuviper.mx\/tienda\/producto\/dahua-dh-pfm920-5eu6939554987205-cable-utp-dh-pfm920-5eu-bobina-de-cable-utp-para-exterior-cat5e-100-cobre-305-metros-color-negro-cubierta-exterior-mdpe-cumple-con-estandares-ansi-tia-568-c-2\/","og_site_name":"Compuviper","article_publisher":"https:\/\/www.facebook.com\/compuviper","article_modified_time":"2026-04-02T06:00:47+00:00","og_image":[{"width":200,"height":200,"url":"https:\/\/compuviper.mx\/tienda\/wp-content\/uploads\/2023\/12\/Cable-utpdahuadh-pfm920-5eubobina-de-cable-utp-para-exterior-cat5e-100-cobre-305-metros-color-negro-cubierta-exterior-mdpe-cumple-con-estandares-ansitia-568-c.2-retardante-de-llama-rohs.jpg","type":"image\/jpeg"}],"twitter_card":"summary_large_image","twitter_misc":{"Precio":"&#36;1,824 con IVA","Availability":"In stock"},"schema":{"@context":"https:\/\/schema.org","@graph":[{"@type":"WebPage","@id":"https:\/\/compuviper.mx\/tienda\/producto\/dahua-dh-pfm920-5eu6939554987205-cable-utp-dh-pfm920-5eu-bobina-de-cable-utp-para-exterior-cat5e-100-cobre-305-metros-color-negro-cubierta-exterior-mdpe-cumple-con-estandares-ansi-tia-568-c-2\/","url":"https:\/\/compuviper.mx\/tienda\/producto\/dahua-dh-pfm920-5eu6939554987205-cable-utp-dh-pfm920-5eu-bobina-de-cable-utp-para-exterior-cat5e-100-cobre-305-metros-color-negro-cubierta-exterior-mdpe-cumple-con-estandares-ansi-tia-568-c-2\/","name":"[ Dahua ] &#129351; Dh-pfm920-5eu,6939554987205 Cable Utp\/\/dh-pfm920-5eu\/bobina De Cable Utp Para Exterior Cat5e\/ 100 Cobre\/ 305 Metros\/ Color Negro\/ Cubierta Exterior Mdpe\/ Cumple Con Estandares Ansi\/tia 568-c.2\/ Retardante De Llama\/ Rohs\/","isPartOf":{"@id":"https:\/\/compuviper.mx\/tienda\/#website"},"datePublished":"2026-04-02T05:43:37+00:00","dateModified":"2026-04-02T06:00:47+00:00","description":"Compra Dh-pfm920-5eu,6939554987205 Cable Utp\/\/dh-pfm920-5eu\/bobina De Cable Utp Para Exterior Cat5e\/ 100 Cobre\/ 305 Metros\/ Color Negro\/ Cubierta Exterior Mdpe\/ Cumple Con Estandares Ansi\/tia 568-c.2\/ Retardante De Llama\/ Rohs\/ + Env\u00edo a domicilio + Pago seguro + Garant\u00eda","breadcrumb":{"@id":"https:\/\/compuviper.mx\/tienda\/producto\/dahua-dh-pfm920-5eu6939554987205-cable-utp-dh-pfm920-5eu-bobina-de-cable-utp-para-exterior-cat5e-100-cobre-305-metros-color-negro-cubierta-exterior-mdpe-cumple-con-estandares-ansi-tia-568-c-2\/#breadcrumb"},"inLanguage":"es-MX","potentialAction":[{"@type":"ReadAction","target":["https:\/\/compuviper.mx\/tienda\/producto\/dahua-dh-pfm920-5eu6939554987205-cable-utp-dh-pfm920-5eu-bobina-de-cable-utp-para-exterior-cat5e-100-cobre-305-metros-color-negro-cubierta-exterior-mdpe-cumple-con-estandares-ansi-tia-568-c-2\/"]}]},{"@type":"BreadcrumbList","@id":"https:\/\/compuviper.mx\/tienda\/producto\/dahua-dh-pfm920-5eu6939554987205-cable-utp-dh-pfm920-5eu-bobina-de-cable-utp-para-exterior-cat5e-100-cobre-305-metros-color-negro-cubierta-exterior-mdpe-cumple-con-estandares-ansi-tia-568-c-2\/#breadcrumb","itemListElement":[{"@type":"ListItem","position":1,"name":"Inicio","item":"https:\/\/compuviper.mx\/tienda\/"},{"@type":"ListItem","position":2,"name":"Productos","item":"https:\/\/compuviper.mx\/tienda\/productos\/"},{"@type":"ListItem","position":3,"name":"Cables","item":"https:\/\/compuviper.mx\/tienda\/categoria-producto\/cables\/"},{"@type":"ListItem","position":4,"name":"Cable De Red","item":"https:\/\/compuviper.mx\/tienda\/categoria-producto\/cables\/cable-de-red\/"},{"@type":"ListItem","position":5,"name":"Dahua Dh-pfm920-5eu,6939554987205 Cable Utp\/\/dh-pfm920-5eu\/bobina De Cable Utp Para Exterior Cat5e\/ 100 Cobre\/ 305 Metros\/ Color Negro\/ Cubierta Exterior Mdpe\/ Cumple Con Estandares Ansi\/tia 568-c.2\/ Retardante De Llama\/ Rohs\/"}]},{"@type":"WebSite","@id":"https:\/\/compuviper.mx\/tienda\/#website","url":"https:\/\/compuviper.mx\/tienda\/","name":"Compuviper","description":"Proveedor de Computadoras, Laptops, Servidores, Monitores, Puntos de Venta, Teclados,   Impresoras, T\u00f3ner, C\u00e1maras de Seguridad y m\u00e1s en tu tienda en l\u00ednea","publisher":{"@id":"https:\/\/compuviper.mx\/tienda\/#organization"},"potentialAction":[{"@type":"SearchAction","target":{"@type":"EntryPoint","urlTemplate":"https:\/\/compuviper.mx\/tienda\/?s={search_term_string}"},"query-input":"required name=search_term_string"}],"inLanguage":"es-MX"},{"@type":"Organization","@id":"https:\/\/compuviper.mx\/tienda\/#organization","name":"Compuviper","url":"https:\/\/compuviper.mx\/tienda\/","logo":{"@type":"ImageObject","inLanguage":"es-MX","@id":"https:\/\/compuviper.mx\/tienda\/#\/schema\/logo\/image\/","url":"https:\/\/compuviper.mx\/tienda\/wp-content\/uploads\/2021\/08\/Logo-Compuviper-10.png","contentUrl":"https:\/\/compuviper.mx\/tienda\/wp-content\/uploads\/2021\/08\/Logo-Compuviper-10.png","width":1000,"height":500,"caption":"Compuviper"},"image":{"@id":"https:\/\/compuviper.mx\/tienda\/#\/schema\/logo\/image\/"},"sameAs":["https:\/\/www.facebook.com\/compuviper","https:\/\/www.youtube.com\/channel\/UCf73dERp9Y3cfOq7q8BhLjA?view_as=subscriber"]}]},"product_brand":"DAHUA","product_price_amount":"1824","product_price_currency":"MXN","og_availability":"instock","product_availability":"instock","product_retailer_item_id":"DH-PFM920-5EU,6939554987205","product_condition":"new"},"_links":{"self":[{"href":"https:\/\/compuviper.mx\/tienda\/wp-json\/wp\/v2\/product\/214370"}],"collection":[{"href":"https:\/\/compuviper.mx\/tienda\/wp-json\/wp\/v2\/product"}],"about":[{"href":"https:\/\/compuviper.mx\/tienda\/wp-json\/wp\/v2\/types\/product"}],"replies":[{"embeddable":true,"href":"https:\/\/compuviper.mx\/tienda\/wp-json\/wp\/v2\/comments?post=214370"}],"wp:featuredmedia":[{"embeddable":true,"href":"https:\/\/compuviper.mx\/tienda\/wp-json\/wp\/v2\/media\/214371"}],"wp:attachment":[{"href":"https:\/\/compuviper.mx\/tienda\/wp-json\/wp\/v2\/media?parent=214370"}],"wp:term":[{"taxonomy":"product_cat","embeddable":true,"href":"https:\/\/compuviper.mx\/tienda\/wp-json\/wp\/v2\/product_cat?post=214370"},{"taxonomy":"product_tag","embeddable":true,"href":"https:\/\/compuviper.mx\/tienda\/wp-json\/wp\/v2\/product_tag?post=214370"}],"curies":[{"name":"wp","href":"https:\/\/api.w.org\/{rel}","templated":true}]}}