{"id":214368,"date":"2026-04-17T23:47:31","date_gmt":"2026-04-18T05:47:31","guid":{"rendered":"https:\/\/compuviper.mx\/tienda\/producto\/startech-com-icusb2322f-cable-1-8m-usb-a-2-puertos-serial-rs232-db9-retencion-del-puerto-de-asignacion-com\/"},"modified":"2026-04-17T23:47:31","modified_gmt":"2026-04-18T05:47:31","slug":"startech-com-icusb2322f-cable-1-8m-usb-a-2-puertos-serial-rs232-db9-retencion-del-puerto-de-asignacion-com","status":"publish","type":"product","link":"https:\/\/compuviper.mx\/tienda\/producto\/startech-com-icusb2322f-cable-1-8m-usb-a-2-puertos-serial-rs232-db9-retencion-del-puerto-de-asignacion-com\/","title":{"rendered":"Startech.com Icusb2322f Cable 1.8m Usb A 2 Puertos Serial Rs232 Db9 Retencion Del Puerto De Asignacion Com"},"content":{"rendered":"<table class=\"descripcion\">\n<tr>\n<td>El cable adaptador usb a serie rs232 de 2 puertos con chipset ftdi y retencion com, icusb2322f permite convertir un puerto usb 1.1 o 2.0 disponible en 2 puertos seriales rs232 db9 para conectar, supervisar y controlar sus dispositivos de puerto serial.<\/td>\n<\/tr>\n<tr>\n<td>Este adaptador de diseno compacto ofrece retencion com, permitiendo reasignar en forma automatica los mismos valores del puerto com al puerto serial en caso de desconectar el cable y volverlo a conectar al host, o de tener que reiniciar el sistema. a diferencia de la mayoria de los adaptadores usb-serie, este utiliza el chipset ftdi que brinda soporte para ajustes adicionales, funciones avanzadas y compatibilidad que no necesariamente ofrecen otras soluciones.<\/td>\n<\/tr>\n<tr>\n<td>El adaptador usb-serie es compatible con una amplia lista de sistemas operativos, entre los que se incluyen windows, windows ce, mac os y linux, por lo que este producto es la solucion perfecta para entornos mixtos.<\/td>\n<\/tr>\n<tr>\n<td>Ofrece 2 anos de garantia y soporte tecnico gratuito de por vida con el respaldo de startech.com.<\/td>\n<\/tr>\n<\/table>\n","protected":false},"excerpt":{"rendered":"<p>Incorpore dos puertos seriales rs232 con retencion com a su laptop o computadora de escritorio a traves de una conexion usb. Id del producto: icusb2322f. Diseno de un solo cable para brindar portabilidad. Montaje en pared. Chip ftdi integrado usb uart. Las asignaciones del puerto com se mantienen en todos los reinicios del equipo. Compatible con windows, mac os y linux. Tasa de baudios hasta 921.6 kbps. Se alimenta a traves del puerto usb &#8211; no necesita adaptador de alimentacion externo. Disenado para hacer de la expansion del puerto serie una tarea rapida y facil. Cable de 6 pies para conectar dispositivos sin necesidad que esten demasiado cerca<\/p>\n","protected":false},"featured_media":214369,"comment_status":"open","ping_status":"open","template":"","meta":[],"product_cat":[1604,1549],"product_tag":[1590],"acf":[],"yoast_head":"<!-- This site is optimized with the Yoast SEO plugin v21.7 - https:\/\/yoast.com\/wordpress\/plugins\/seo\/ -->\n<title>[ Startech.com ] &#129351; Icusb2322f Cable 1.8m Usb A 2 Puertos Serial Rs232 Db9 Retencion Del Puerto De Asignacion Com<\/title>\n<meta name=\"description\" content=\"Compra Icusb2322f Cable 1.8m Usb A 2 Puertos Serial Rs232 Db9 Retencion Del Puerto De Asignacion Com + Env\u00edo a domicilio + Pago seguro + Garant\u00eda\" \/>\n<meta name=\"robots\" content=\"index, follow, max-snippet:-1, max-image-preview:large, max-video-preview:-1\" \/>\n<link rel=\"canonical\" href=\"https:\/\/compuviper.mx\/tienda\/producto\/startech-com-icusb2322f-cable-1-8m-usb-a-2-puertos-serial-rs232-db9-retencion-del-puerto-de-asignacion-com\/\" \/>\n<meta property=\"og:locale\" content=\"es_MX\" \/>\n<meta property=\"og:type\" content=\"article\" \/>\n<meta property=\"og:title\" content=\"[ Startech.com ] &#129351; Icusb2322f Cable 1.8m Usb A 2 Puertos Serial Rs232 Db9 Retencion Del Puerto De Asignacion Com\" \/>\n<meta property=\"og:description\" content=\"Compra Icusb2322f Cable 1.8m Usb A 2 Puertos Serial Rs232 Db9 Retencion Del Puerto De Asignacion Com + Env\u00edo a domicilio + Pago seguro + Garant\u00eda\" \/>\n<meta property=\"og:url\" content=\"https:\/\/compuviper.mx\/tienda\/producto\/startech-com-icusb2322f-cable-1-8m-usb-a-2-puertos-serial-rs232-db9-retencion-del-puerto-de-asignacion-com\/\" \/>\n<meta property=\"og:site_name\" content=\"Compuviper\" \/>\n<meta property=\"article:publisher\" content=\"https:\/\/www.facebook.com\/compuviper\" \/>\n<meta property=\"og:image\" content=\"https:\/\/compuviper.mx\/tienda\/wp-content\/uploads\/2023\/12\/Cable-1.8m-usb-a-2-puertos-serial-rs232-db9-retencion-del-puerto-de-asignacion-com.jpg\" \/>\n\t<meta property=\"og:image:width\" content=\"200\" \/>\n\t<meta property=\"og:image:height\" content=\"200\" \/>\n\t<meta property=\"og:image:type\" content=\"image\/jpeg\" \/>\n<meta name=\"twitter:card\" content=\"summary_large_image\" \/>\n<meta name=\"twitter:label1\" content=\"Precio\" \/>\n\t<meta name=\"twitter:data1\" content=\"&#36;1,324 con IVA\" \/>\n\t<meta name=\"twitter:label2\" content=\"Availability\" \/>\n\t<meta name=\"twitter:data2\" content=\"Out of stock\" \/>\n<script type=\"application\/ld+json\" class=\"yoast-schema-graph\">{\"@context\":\"https:\/\/schema.org\",\"@graph\":[{\"@type\":\"WebPage\",\"@id\":\"https:\/\/compuviper.mx\/tienda\/producto\/startech-com-icusb2322f-cable-1-8m-usb-a-2-puertos-serial-rs232-db9-retencion-del-puerto-de-asignacion-com\/\",\"url\":\"https:\/\/compuviper.mx\/tienda\/producto\/startech-com-icusb2322f-cable-1-8m-usb-a-2-puertos-serial-rs232-db9-retencion-del-puerto-de-asignacion-com\/\",\"name\":\"[ Startech.com ] &#129351; Icusb2322f Cable 1.8m Usb A 2 Puertos Serial Rs232 Db9 Retencion Del Puerto De Asignacion Com\",\"isPartOf\":{\"@id\":\"https:\/\/compuviper.mx\/tienda\/#website\"},\"datePublished\":\"2026-04-18T05:47:31+00:00\",\"dateModified\":\"2026-04-18T05:47:31+00:00\",\"description\":\"Compra Icusb2322f Cable 1.8m Usb A 2 Puertos Serial Rs232 Db9 Retencion Del Puerto De Asignacion Com + Env\u00edo a domicilio + Pago seguro + Garant\u00eda\",\"breadcrumb\":{\"@id\":\"https:\/\/compuviper.mx\/tienda\/producto\/startech-com-icusb2322f-cable-1-8m-usb-a-2-puertos-serial-rs232-db9-retencion-del-puerto-de-asignacion-com\/#breadcrumb\"},\"inLanguage\":\"es-MX\",\"potentialAction\":[{\"@type\":\"ReadAction\",\"target\":[\"https:\/\/compuviper.mx\/tienda\/producto\/startech-com-icusb2322f-cable-1-8m-usb-a-2-puertos-serial-rs232-db9-retencion-del-puerto-de-asignacion-com\/\"]}]},{\"@type\":\"BreadcrumbList\",\"@id\":\"https:\/\/compuviper.mx\/tienda\/producto\/startech-com-icusb2322f-cable-1-8m-usb-a-2-puertos-serial-rs232-db9-retencion-del-puerto-de-asignacion-com\/#breadcrumb\",\"itemListElement\":[{\"@type\":\"ListItem\",\"position\":1,\"name\":\"Inicio\",\"item\":\"https:\/\/compuviper.mx\/tienda\/\"},{\"@type\":\"ListItem\",\"position\":2,\"name\":\"Productos\",\"item\":\"https:\/\/compuviper.mx\/tienda\/productos\/\"},{\"@type\":\"ListItem\",\"position\":3,\"name\":\"Cables\",\"item\":\"https:\/\/compuviper.mx\/tienda\/categoria-producto\/cables\/\"},{\"@type\":\"ListItem\",\"position\":4,\"name\":\"Cable De Datos\",\"item\":\"https:\/\/compuviper.mx\/tienda\/categoria-producto\/cables\/cable-de-datos\/\"},{\"@type\":\"ListItem\",\"position\":5,\"name\":\"Startech.com Icusb2322f Cable 1.8m Usb A 2 Puertos Serial Rs232 Db9 Retencion Del Puerto De Asignacion Com\"}]},{\"@type\":\"WebSite\",\"@id\":\"https:\/\/compuviper.mx\/tienda\/#website\",\"url\":\"https:\/\/compuviper.mx\/tienda\/\",\"name\":\"Compuviper\",\"description\":\"Proveedor de Computadoras, Laptops, Servidores, Monitores, Puntos de Venta, Teclados,   Impresoras, T\u00f3ner, C\u00e1maras de Seguridad y m\u00e1s en tu tienda en l\u00ednea\",\"publisher\":{\"@id\":\"https:\/\/compuviper.mx\/tienda\/#organization\"},\"potentialAction\":[{\"@type\":\"SearchAction\",\"target\":{\"@type\":\"EntryPoint\",\"urlTemplate\":\"https:\/\/compuviper.mx\/tienda\/?s={search_term_string}\"},\"query-input\":\"required name=search_term_string\"}],\"inLanguage\":\"es-MX\"},{\"@type\":\"Organization\",\"@id\":\"https:\/\/compuviper.mx\/tienda\/#organization\",\"name\":\"Compuviper\",\"url\":\"https:\/\/compuviper.mx\/tienda\/\",\"logo\":{\"@type\":\"ImageObject\",\"inLanguage\":\"es-MX\",\"@id\":\"https:\/\/compuviper.mx\/tienda\/#\/schema\/logo\/image\/\",\"url\":\"https:\/\/compuviper.mx\/tienda\/wp-content\/uploads\/2021\/08\/Logo-Compuviper-10.png\",\"contentUrl\":\"https:\/\/compuviper.mx\/tienda\/wp-content\/uploads\/2021\/08\/Logo-Compuviper-10.png\",\"width\":1000,\"height\":500,\"caption\":\"Compuviper\"},\"image\":{\"@id\":\"https:\/\/compuviper.mx\/tienda\/#\/schema\/logo\/image\/\"},\"sameAs\":[\"https:\/\/www.facebook.com\/compuviper\",\"https:\/\/www.youtube.com\/channel\/UCf73dERp9Y3cfOq7q8BhLjA?view_as=subscriber\"]}]}<\/script>\n<meta property=\"product:brand\" content=\"STARTECH.COM\" \/>\n<meta property=\"product:price:amount\" content=\"1324\" \/>\n<meta property=\"product:price:currency\" content=\"MXN\" \/>\n<meta property=\"og:availability\" content=\"out of stock\" \/>\n<meta property=\"product:availability\" content=\"out of stock\" \/>\n<meta property=\"product:retailer_item_id\" content=\"ICUSB2322F\" \/>\n<meta property=\"product:condition\" content=\"new\" \/>\n<!-- \/ Yoast SEO plugin. -->","yoast_head_json":{"title":"[ Startech.com ] &#129351; Icusb2322f Cable 1.8m Usb A 2 Puertos Serial Rs232 Db9 Retencion Del Puerto De Asignacion Com","description":"Compra Icusb2322f Cable 1.8m Usb A 2 Puertos Serial Rs232 Db9 Retencion Del Puerto De Asignacion Com + Env\u00edo a domicilio + Pago seguro + Garant\u00eda","robots":{"index":"index","follow":"follow","max-snippet":"max-snippet:-1","max-image-preview":"max-image-preview:large","max-video-preview":"max-video-preview:-1"},"canonical":"https:\/\/compuviper.mx\/tienda\/producto\/startech-com-icusb2322f-cable-1-8m-usb-a-2-puertos-serial-rs232-db9-retencion-del-puerto-de-asignacion-com\/","og_locale":"es_MX","og_type":"article","og_title":"[ Startech.com ] &#129351; Icusb2322f Cable 1.8m Usb A 2 Puertos Serial Rs232 Db9 Retencion Del Puerto De Asignacion Com","og_description":"Compra Icusb2322f Cable 1.8m Usb A 2 Puertos Serial Rs232 Db9 Retencion Del Puerto De Asignacion Com + Env\u00edo a domicilio + Pago seguro + Garant\u00eda","og_url":"https:\/\/compuviper.mx\/tienda\/producto\/startech-com-icusb2322f-cable-1-8m-usb-a-2-puertos-serial-rs232-db9-retencion-del-puerto-de-asignacion-com\/","og_site_name":"Compuviper","article_publisher":"https:\/\/www.facebook.com\/compuviper","og_image":[{"width":200,"height":200,"url":"https:\/\/compuviper.mx\/tienda\/wp-content\/uploads\/2023\/12\/Cable-1.8m-usb-a-2-puertos-serial-rs232-db9-retencion-del-puerto-de-asignacion-com.jpg","type":"image\/jpeg"}],"twitter_card":"summary_large_image","twitter_misc":{"Precio":"&#36;1,324 con IVA","Availability":"Out of stock"},"schema":{"@context":"https:\/\/schema.org","@graph":[{"@type":"WebPage","@id":"https:\/\/compuviper.mx\/tienda\/producto\/startech-com-icusb2322f-cable-1-8m-usb-a-2-puertos-serial-rs232-db9-retencion-del-puerto-de-asignacion-com\/","url":"https:\/\/compuviper.mx\/tienda\/producto\/startech-com-icusb2322f-cable-1-8m-usb-a-2-puertos-serial-rs232-db9-retencion-del-puerto-de-asignacion-com\/","name":"[ Startech.com ] &#129351; Icusb2322f Cable 1.8m Usb A 2 Puertos Serial Rs232 Db9 Retencion Del Puerto De Asignacion Com","isPartOf":{"@id":"https:\/\/compuviper.mx\/tienda\/#website"},"datePublished":"2026-04-18T05:47:31+00:00","dateModified":"2026-04-18T05:47:31+00:00","description":"Compra Icusb2322f Cable 1.8m Usb A 2 Puertos Serial Rs232 Db9 Retencion Del Puerto De Asignacion Com + Env\u00edo a domicilio + Pago seguro + Garant\u00eda","breadcrumb":{"@id":"https:\/\/compuviper.mx\/tienda\/producto\/startech-com-icusb2322f-cable-1-8m-usb-a-2-puertos-serial-rs232-db9-retencion-del-puerto-de-asignacion-com\/#breadcrumb"},"inLanguage":"es-MX","potentialAction":[{"@type":"ReadAction","target":["https:\/\/compuviper.mx\/tienda\/producto\/startech-com-icusb2322f-cable-1-8m-usb-a-2-puertos-serial-rs232-db9-retencion-del-puerto-de-asignacion-com\/"]}]},{"@type":"BreadcrumbList","@id":"https:\/\/compuviper.mx\/tienda\/producto\/startech-com-icusb2322f-cable-1-8m-usb-a-2-puertos-serial-rs232-db9-retencion-del-puerto-de-asignacion-com\/#breadcrumb","itemListElement":[{"@type":"ListItem","position":1,"name":"Inicio","item":"https:\/\/compuviper.mx\/tienda\/"},{"@type":"ListItem","position":2,"name":"Productos","item":"https:\/\/compuviper.mx\/tienda\/productos\/"},{"@type":"ListItem","position":3,"name":"Cables","item":"https:\/\/compuviper.mx\/tienda\/categoria-producto\/cables\/"},{"@type":"ListItem","position":4,"name":"Cable De Datos","item":"https:\/\/compuviper.mx\/tienda\/categoria-producto\/cables\/cable-de-datos\/"},{"@type":"ListItem","position":5,"name":"Startech.com Icusb2322f Cable 1.8m Usb A 2 Puertos Serial Rs232 Db9 Retencion Del Puerto De Asignacion Com"}]},{"@type":"WebSite","@id":"https:\/\/compuviper.mx\/tienda\/#website","url":"https:\/\/compuviper.mx\/tienda\/","name":"Compuviper","description":"Proveedor de Computadoras, Laptops, Servidores, Monitores, Puntos de Venta, Teclados,   Impresoras, T\u00f3ner, C\u00e1maras de Seguridad y m\u00e1s en tu tienda en l\u00ednea","publisher":{"@id":"https:\/\/compuviper.mx\/tienda\/#organization"},"potentialAction":[{"@type":"SearchAction","target":{"@type":"EntryPoint","urlTemplate":"https:\/\/compuviper.mx\/tienda\/?s={search_term_string}"},"query-input":"required name=search_term_string"}],"inLanguage":"es-MX"},{"@type":"Organization","@id":"https:\/\/compuviper.mx\/tienda\/#organization","name":"Compuviper","url":"https:\/\/compuviper.mx\/tienda\/","logo":{"@type":"ImageObject","inLanguage":"es-MX","@id":"https:\/\/compuviper.mx\/tienda\/#\/schema\/logo\/image\/","url":"https:\/\/compuviper.mx\/tienda\/wp-content\/uploads\/2021\/08\/Logo-Compuviper-10.png","contentUrl":"https:\/\/compuviper.mx\/tienda\/wp-content\/uploads\/2021\/08\/Logo-Compuviper-10.png","width":1000,"height":500,"caption":"Compuviper"},"image":{"@id":"https:\/\/compuviper.mx\/tienda\/#\/schema\/logo\/image\/"},"sameAs":["https:\/\/www.facebook.com\/compuviper","https:\/\/www.youtube.com\/channel\/UCf73dERp9Y3cfOq7q8BhLjA?view_as=subscriber"]}]},"product_brand":"STARTECH.COM","product_price_amount":"1324","product_price_currency":"MXN","og_availability":"out of stock","product_availability":"out of stock","product_retailer_item_id":"ICUSB2322F","product_condition":"new"},"_links":{"self":[{"href":"https:\/\/compuviper.mx\/tienda\/wp-json\/wp\/v2\/product\/214368"}],"collection":[{"href":"https:\/\/compuviper.mx\/tienda\/wp-json\/wp\/v2\/product"}],"about":[{"href":"https:\/\/compuviper.mx\/tienda\/wp-json\/wp\/v2\/types\/product"}],"replies":[{"embeddable":true,"href":"https:\/\/compuviper.mx\/tienda\/wp-json\/wp\/v2\/comments?post=214368"}],"wp:featuredmedia":[{"embeddable":true,"href":"https:\/\/compuviper.mx\/tienda\/wp-json\/wp\/v2\/media\/214369"}],"wp:attachment":[{"href":"https:\/\/compuviper.mx\/tienda\/wp-json\/wp\/v2\/media?parent=214368"}],"wp:term":[{"taxonomy":"product_cat","embeddable":true,"href":"https:\/\/compuviper.mx\/tienda\/wp-json\/wp\/v2\/product_cat?post=214368"},{"taxonomy":"product_tag","embeddable":true,"href":"https:\/\/compuviper.mx\/tienda\/wp-json\/wp\/v2\/product_tag?post=214368"}],"curies":[{"name":"wp","href":"https:\/\/api.w.org\/{rel}","templated":true}]}}