{"id":214332,"date":"2026-04-10T23:44:21","date_gmt":"2026-04-11T05:44:21","guid":{"rendered":"https:\/\/compuviper.mx\/tienda\/producto\/startech-com-rh2a-10m-hdmi-cable-cable-hdmi-de-10m-activo-hdmi-2-0-4k-60hz-uhd-resistente-con-fibra-de-aramida-cable-hdmi-de-alta-velocidad-con-ethernet-mod\/"},"modified":"2026-04-10T23:44:22","modified_gmt":"2026-04-11T05:44:22","slug":"startech-com-rh2a-10m-hdmi-cable-cable-hdmi-de-10m-activo-hdmi-2-0-4k-60hz-uhd-resistente-con-fibra-de-aramida-cable-hdmi-de-alta-velocidad-con-ethernet-mod","status":"publish","type":"product","link":"https:\/\/compuviper.mx\/tienda\/producto\/startech-com-rh2a-10m-hdmi-cable-cable-hdmi-de-10m-activo-hdmi-2-0-4k-60hz-uhd-resistente-con-fibra-de-aramida-cable-hdmi-de-alta-velocidad-con-ethernet-mod\/","title":{"rendered":"Startech.com Rh2a-10m-hdmi-cable Cable Hdmi De 10m Activo &#8211; Hdmi 2.0 4k 60hz Uhd &#8211; Resistente &#8211; Con Fibra De Aramida &#8211; Cable Hdmi De Alta Velocidad Con Ethernet &#8211;  Mod."},"content":{"rendered":"<table class=\"descripcion\">\n<tr>\n<td>Cantidad de conductores: 19<\/td>\n<\/tr>\n<tr>\n<td>Estandares industriales: hdmi 2.0<\/td>\n<\/tr>\n<tr>\n<td>Video revision: hdmi 2.0<\/td>\n<\/tr>\n<tr>\n<td>Active or passive adapter: activo<\/td>\n<\/tr>\n<tr>\n<td>Revestimiento del conector: oro<\/td>\n<\/tr>\n<tr>\n<td>Cable tipo jacket: tpe &#8211; thermoplastic elastomers<\/td>\n<\/tr>\n<tr>\n<td>Tipo de cable blindado: lamina de aluminio mylar con malla trenzada<\/td>\n<\/tr>\n<tr>\n<td>Id del conjunto de chips: spectra7 &#8211; ht8181<\/td>\n<\/tr>\n<tr>\n<td>Especificaciones de audio: hdmi &#8211; 32 channel audio<\/td>\n<\/tr>\n<tr>\n<td>Conector a: 1 hdmi (19 pines)<\/td>\n<\/tr>\n<tr>\n<td>Conector b: 1 hdmi (19 pines)<\/td>\n<\/tr>\n<tr>\n<td>Color: negro<\/td>\n<\/tr>\n<tr>\n<td>Cable od: 7.5 mm<\/td>\n<\/tr>\n<tr>\n<td>Longitud del cable: 10000 mm<\/td>\n<\/tr>\n<tr>\n<td>Estilo de conector: recto<\/td>\n<\/tr>\n<tr>\n<td>Calibre del conductor: 28 awg<\/td>\n<\/tr>\n<tr>\n<td>Longitud del producto: 10000.000 mm<\/td>\n<\/tr>\n<tr>\n<td>Ancho del producto: 20.500 mm<\/td>\n<\/tr>\n<tr>\n<td>Altura del producto: 11.000 mm<\/td>\n<\/tr>\n<tr>\n<td>Peso del producto: 665.000 g<\/td>\n<\/tr>\n<\/table>\n","protected":false},"excerpt":{"rendered":"<p>Este cable hdmi activo de 10 metros con ethernet establece una conexion entre dispositivos habilitados para hdmi a traves de largas distancias, ideal para los tendidos de cable en el hogar y la oficina. Cable hdmi de alta velocidad este cable hdmi de alta velocidad admite resoluciones de hasta 4k a 60 hz (4096 x 2160p), un ancho de banda de 18 gbps, alto rango dinamico (hdr10), canal de retorno de audio (arc) y dolby vision, para obtener altos indices de contraste y colores vivos. Conexiones confiables a largas distancias el cable cuenta con un circuito amplificador integrado, que potencia activamente la senal hdmi, sin necesidad de alimentacion externa. Es la solucion perfecta para las transmisiones mas largas sin ninguna perdida de senal. Cuenta con etiquetas de fuente y pantalla en los conectores para garantizar que la pantalla y la fuente estan correctamente conectadas. Este producto esta respaldado por 2 anos, incluyendo asistencia tecnica gratuita multiling\u00fce de por vida 24\/5.<\/p>\n","protected":false},"featured_media":214333,"comment_status":"open","ping_status":"open","template":"","meta":[],"product_cat":[1549,1550],"product_tag":[1590],"acf":[],"yoast_head":"<!-- This site is optimized with the Yoast SEO plugin v21.7 - https:\/\/yoast.com\/wordpress\/plugins\/seo\/ -->\n<title>[ Startech.com ] &#129351; Rh2a-10m-hdmi-cable Cable Hdmi De 10m Activo - Hdmi 2.0 4k 60hz Uhd - Resistente - Con Fibra De Aramida - Cable Hdmi De Alta Velocidad Con Ethernet - Mod.<\/title>\n<meta name=\"description\" content=\"Compra Rh2a-10m-hdmi-cable Cable Hdmi De 10m Activo - Hdmi 2.0 4k 60hz Uhd - Resistente - Con Fibra De Aramida - Cable Hdmi De Alta Velocidad Con Ethernet - Mod. + Env\u00edo a domicilio + Pago seguro + Garant\u00eda\" \/>\n<meta name=\"robots\" content=\"index, follow, max-snippet:-1, max-image-preview:large, max-video-preview:-1\" \/>\n<link rel=\"canonical\" href=\"https:\/\/compuviper.mx\/tienda\/producto\/startech-com-rh2a-10m-hdmi-cable-cable-hdmi-de-10m-activo-hdmi-2-0-4k-60hz-uhd-resistente-con-fibra-de-aramida-cable-hdmi-de-alta-velocidad-con-ethernet-mod\/\" \/>\n<meta property=\"og:locale\" content=\"es_MX\" \/>\n<meta property=\"og:type\" content=\"article\" \/>\n<meta property=\"og:title\" content=\"[ Startech.com ] &#129351; Rh2a-10m-hdmi-cable Cable Hdmi De 10m Activo - Hdmi 2.0 4k 60hz Uhd - Resistente - Con Fibra De Aramida - Cable Hdmi De Alta Velocidad Con Ethernet - Mod.\" \/>\n<meta property=\"og:description\" content=\"Compra Rh2a-10m-hdmi-cable Cable Hdmi De 10m Activo - Hdmi 2.0 4k 60hz Uhd - Resistente - Con Fibra De Aramida - Cable Hdmi De Alta Velocidad Con Ethernet - Mod. + Env\u00edo a domicilio + Pago seguro + Garant\u00eda\" \/>\n<meta property=\"og:url\" content=\"https:\/\/compuviper.mx\/tienda\/producto\/startech-com-rh2a-10m-hdmi-cable-cable-hdmi-de-10m-activo-hdmi-2-0-4k-60hz-uhd-resistente-con-fibra-de-aramida-cable-hdmi-de-alta-velocidad-con-ethernet-mod\/\" \/>\n<meta property=\"og:site_name\" content=\"Compuviper\" \/>\n<meta property=\"article:publisher\" content=\"https:\/\/www.facebook.com\/compuviper\" \/>\n<meta property=\"article:modified_time\" content=\"2026-04-11T05:44:22+00:00\" \/>\n<meta property=\"og:image\" content=\"https:\/\/compuviper.mx\/tienda\/wp-content\/uploads\/2023\/12\/Cable-hdmi-de-10m-activo-hdmi-2.0-4k-60hz-uhd-resistente-con-fibra-de-aramida-cable-hdmi-de-alta-velocidad-con-ethernet-startech.com-mod.-rh2a-10m-hdmi-cable.jpg\" \/>\n\t<meta property=\"og:image:width\" content=\"200\" \/>\n\t<meta property=\"og:image:height\" content=\"200\" \/>\n\t<meta property=\"og:image:type\" content=\"image\/jpeg\" \/>\n<meta name=\"twitter:card\" content=\"summary_large_image\" \/>\n<meta name=\"twitter:label1\" content=\"Precio\" \/>\n\t<meta name=\"twitter:data1\" content=\"&#36;1,998 con IVA\" \/>\n\t<meta name=\"twitter:label2\" content=\"Availability\" \/>\n\t<meta name=\"twitter:data2\" content=\"Out of stock\" \/>\n<script type=\"application\/ld+json\" class=\"yoast-schema-graph\">{\"@context\":\"https:\/\/schema.org\",\"@graph\":[{\"@type\":\"WebPage\",\"@id\":\"https:\/\/compuviper.mx\/tienda\/producto\/startech-com-rh2a-10m-hdmi-cable-cable-hdmi-de-10m-activo-hdmi-2-0-4k-60hz-uhd-resistente-con-fibra-de-aramida-cable-hdmi-de-alta-velocidad-con-ethernet-mod\/\",\"url\":\"https:\/\/compuviper.mx\/tienda\/producto\/startech-com-rh2a-10m-hdmi-cable-cable-hdmi-de-10m-activo-hdmi-2-0-4k-60hz-uhd-resistente-con-fibra-de-aramida-cable-hdmi-de-alta-velocidad-con-ethernet-mod\/\",\"name\":\"[ Startech.com ] &#129351; Rh2a-10m-hdmi-cable Cable Hdmi De 10m Activo - Hdmi 2.0 4k 60hz Uhd - Resistente - Con Fibra De Aramida - Cable Hdmi De Alta Velocidad Con Ethernet - Mod.\",\"isPartOf\":{\"@id\":\"https:\/\/compuviper.mx\/tienda\/#website\"},\"datePublished\":\"2026-04-11T05:44:21+00:00\",\"dateModified\":\"2026-04-11T05:44:22+00:00\",\"description\":\"Compra Rh2a-10m-hdmi-cable Cable Hdmi De 10m Activo - Hdmi 2.0 4k 60hz Uhd - Resistente - Con Fibra De Aramida - Cable Hdmi De Alta Velocidad Con Ethernet - Mod. + Env\u00edo a domicilio + Pago seguro + Garant\u00eda\",\"breadcrumb\":{\"@id\":\"https:\/\/compuviper.mx\/tienda\/producto\/startech-com-rh2a-10m-hdmi-cable-cable-hdmi-de-10m-activo-hdmi-2-0-4k-60hz-uhd-resistente-con-fibra-de-aramida-cable-hdmi-de-alta-velocidad-con-ethernet-mod\/#breadcrumb\"},\"inLanguage\":\"es-MX\",\"potentialAction\":[{\"@type\":\"ReadAction\",\"target\":[\"https:\/\/compuviper.mx\/tienda\/producto\/startech-com-rh2a-10m-hdmi-cable-cable-hdmi-de-10m-activo-hdmi-2-0-4k-60hz-uhd-resistente-con-fibra-de-aramida-cable-hdmi-de-alta-velocidad-con-ethernet-mod\/\"]}]},{\"@type\":\"BreadcrumbList\",\"@id\":\"https:\/\/compuviper.mx\/tienda\/producto\/startech-com-rh2a-10m-hdmi-cable-cable-hdmi-de-10m-activo-hdmi-2-0-4k-60hz-uhd-resistente-con-fibra-de-aramida-cable-hdmi-de-alta-velocidad-con-ethernet-mod\/#breadcrumb\",\"itemListElement\":[{\"@type\":\"ListItem\",\"position\":1,\"name\":\"Inicio\",\"item\":\"https:\/\/compuviper.mx\/tienda\/\"},{\"@type\":\"ListItem\",\"position\":2,\"name\":\"Productos\",\"item\":\"https:\/\/compuviper.mx\/tienda\/productos\/\"},{\"@type\":\"ListItem\",\"position\":3,\"name\":\"Cables\",\"item\":\"https:\/\/compuviper.mx\/tienda\/categoria-producto\/cables\/\"},{\"@type\":\"ListItem\",\"position\":4,\"name\":\"Cable De Video\",\"item\":\"https:\/\/compuviper.mx\/tienda\/categoria-producto\/cables\/cable-de-video\/\"},{\"@type\":\"ListItem\",\"position\":5,\"name\":\"Startech.com Rh2a-10m-hdmi-cable Cable Hdmi De 10m Activo &#8211; Hdmi 2.0 4k 60hz Uhd &#8211; Resistente &#8211; Con Fibra De Aramida &#8211; Cable Hdmi De Alta Velocidad Con Ethernet &#8211; Mod.\"}]},{\"@type\":\"WebSite\",\"@id\":\"https:\/\/compuviper.mx\/tienda\/#website\",\"url\":\"https:\/\/compuviper.mx\/tienda\/\",\"name\":\"Compuviper\",\"description\":\"Proveedor de Computadoras, Laptops, Servidores, Monitores, Puntos de Venta, Teclados,   Impresoras, T\u00f3ner, C\u00e1maras de Seguridad y m\u00e1s en tu tienda en l\u00ednea\",\"publisher\":{\"@id\":\"https:\/\/compuviper.mx\/tienda\/#organization\"},\"potentialAction\":[{\"@type\":\"SearchAction\",\"target\":{\"@type\":\"EntryPoint\",\"urlTemplate\":\"https:\/\/compuviper.mx\/tienda\/?s={search_term_string}\"},\"query-input\":\"required name=search_term_string\"}],\"inLanguage\":\"es-MX\"},{\"@type\":\"Organization\",\"@id\":\"https:\/\/compuviper.mx\/tienda\/#organization\",\"name\":\"Compuviper\",\"url\":\"https:\/\/compuviper.mx\/tienda\/\",\"logo\":{\"@type\":\"ImageObject\",\"inLanguage\":\"es-MX\",\"@id\":\"https:\/\/compuviper.mx\/tienda\/#\/schema\/logo\/image\/\",\"url\":\"https:\/\/compuviper.mx\/tienda\/wp-content\/uploads\/2021\/08\/Logo-Compuviper-10.png\",\"contentUrl\":\"https:\/\/compuviper.mx\/tienda\/wp-content\/uploads\/2021\/08\/Logo-Compuviper-10.png\",\"width\":1000,\"height\":500,\"caption\":\"Compuviper\"},\"image\":{\"@id\":\"https:\/\/compuviper.mx\/tienda\/#\/schema\/logo\/image\/\"},\"sameAs\":[\"https:\/\/www.facebook.com\/compuviper\",\"https:\/\/www.youtube.com\/channel\/UCf73dERp9Y3cfOq7q8BhLjA?view_as=subscriber\"]}]}<\/script>\n<meta property=\"product:brand\" content=\"STARTECH.COM\" \/>\n<meta property=\"product:price:amount\" content=\"1998\" \/>\n<meta property=\"product:price:currency\" content=\"MXN\" \/>\n<meta property=\"og:availability\" content=\"out of stock\" \/>\n<meta property=\"product:availability\" content=\"out of stock\" \/>\n<meta property=\"product:retailer_item_id\" content=\"RH2A-10M-HDMI-CABLE\" \/>\n<meta property=\"product:condition\" content=\"new\" \/>\n<!-- \/ Yoast SEO plugin. -->","yoast_head_json":{"title":"[ Startech.com ] &#129351; Rh2a-10m-hdmi-cable Cable Hdmi De 10m Activo - Hdmi 2.0 4k 60hz Uhd - Resistente - Con Fibra De Aramida - Cable Hdmi De Alta Velocidad Con Ethernet - Mod.","description":"Compra Rh2a-10m-hdmi-cable Cable Hdmi De 10m Activo - Hdmi 2.0 4k 60hz Uhd - Resistente - Con Fibra De Aramida - Cable Hdmi De Alta Velocidad Con Ethernet - Mod. + Env\u00edo a domicilio + Pago seguro + Garant\u00eda","robots":{"index":"index","follow":"follow","max-snippet":"max-snippet:-1","max-image-preview":"max-image-preview:large","max-video-preview":"max-video-preview:-1"},"canonical":"https:\/\/compuviper.mx\/tienda\/producto\/startech-com-rh2a-10m-hdmi-cable-cable-hdmi-de-10m-activo-hdmi-2-0-4k-60hz-uhd-resistente-con-fibra-de-aramida-cable-hdmi-de-alta-velocidad-con-ethernet-mod\/","og_locale":"es_MX","og_type":"article","og_title":"[ Startech.com ] &#129351; Rh2a-10m-hdmi-cable Cable Hdmi De 10m Activo - Hdmi 2.0 4k 60hz Uhd - Resistente - Con Fibra De Aramida - Cable Hdmi De Alta Velocidad Con Ethernet - Mod.","og_description":"Compra Rh2a-10m-hdmi-cable Cable Hdmi De 10m Activo - Hdmi 2.0 4k 60hz Uhd - Resistente - Con Fibra De Aramida - Cable Hdmi De Alta Velocidad Con Ethernet - Mod. + Env\u00edo a domicilio + Pago seguro + Garant\u00eda","og_url":"https:\/\/compuviper.mx\/tienda\/producto\/startech-com-rh2a-10m-hdmi-cable-cable-hdmi-de-10m-activo-hdmi-2-0-4k-60hz-uhd-resistente-con-fibra-de-aramida-cable-hdmi-de-alta-velocidad-con-ethernet-mod\/","og_site_name":"Compuviper","article_publisher":"https:\/\/www.facebook.com\/compuviper","article_modified_time":"2026-04-11T05:44:22+00:00","og_image":[{"width":200,"height":200,"url":"https:\/\/compuviper.mx\/tienda\/wp-content\/uploads\/2023\/12\/Cable-hdmi-de-10m-activo-hdmi-2.0-4k-60hz-uhd-resistente-con-fibra-de-aramida-cable-hdmi-de-alta-velocidad-con-ethernet-startech.com-mod.-rh2a-10m-hdmi-cable.jpg","type":"image\/jpeg"}],"twitter_card":"summary_large_image","twitter_misc":{"Precio":"&#36;1,998 con IVA","Availability":"Out of stock"},"schema":{"@context":"https:\/\/schema.org","@graph":[{"@type":"WebPage","@id":"https:\/\/compuviper.mx\/tienda\/producto\/startech-com-rh2a-10m-hdmi-cable-cable-hdmi-de-10m-activo-hdmi-2-0-4k-60hz-uhd-resistente-con-fibra-de-aramida-cable-hdmi-de-alta-velocidad-con-ethernet-mod\/","url":"https:\/\/compuviper.mx\/tienda\/producto\/startech-com-rh2a-10m-hdmi-cable-cable-hdmi-de-10m-activo-hdmi-2-0-4k-60hz-uhd-resistente-con-fibra-de-aramida-cable-hdmi-de-alta-velocidad-con-ethernet-mod\/","name":"[ Startech.com ] &#129351; Rh2a-10m-hdmi-cable Cable Hdmi De 10m Activo - Hdmi 2.0 4k 60hz Uhd - Resistente - Con Fibra De Aramida - Cable Hdmi De Alta Velocidad Con Ethernet - Mod.","isPartOf":{"@id":"https:\/\/compuviper.mx\/tienda\/#website"},"datePublished":"2026-04-11T05:44:21+00:00","dateModified":"2026-04-11T05:44:22+00:00","description":"Compra Rh2a-10m-hdmi-cable Cable Hdmi De 10m Activo - Hdmi 2.0 4k 60hz Uhd - Resistente - Con Fibra De Aramida - Cable Hdmi De Alta Velocidad Con Ethernet - Mod. + Env\u00edo a domicilio + Pago seguro + Garant\u00eda","breadcrumb":{"@id":"https:\/\/compuviper.mx\/tienda\/producto\/startech-com-rh2a-10m-hdmi-cable-cable-hdmi-de-10m-activo-hdmi-2-0-4k-60hz-uhd-resistente-con-fibra-de-aramida-cable-hdmi-de-alta-velocidad-con-ethernet-mod\/#breadcrumb"},"inLanguage":"es-MX","potentialAction":[{"@type":"ReadAction","target":["https:\/\/compuviper.mx\/tienda\/producto\/startech-com-rh2a-10m-hdmi-cable-cable-hdmi-de-10m-activo-hdmi-2-0-4k-60hz-uhd-resistente-con-fibra-de-aramida-cable-hdmi-de-alta-velocidad-con-ethernet-mod\/"]}]},{"@type":"BreadcrumbList","@id":"https:\/\/compuviper.mx\/tienda\/producto\/startech-com-rh2a-10m-hdmi-cable-cable-hdmi-de-10m-activo-hdmi-2-0-4k-60hz-uhd-resistente-con-fibra-de-aramida-cable-hdmi-de-alta-velocidad-con-ethernet-mod\/#breadcrumb","itemListElement":[{"@type":"ListItem","position":1,"name":"Inicio","item":"https:\/\/compuviper.mx\/tienda\/"},{"@type":"ListItem","position":2,"name":"Productos","item":"https:\/\/compuviper.mx\/tienda\/productos\/"},{"@type":"ListItem","position":3,"name":"Cables","item":"https:\/\/compuviper.mx\/tienda\/categoria-producto\/cables\/"},{"@type":"ListItem","position":4,"name":"Cable De Video","item":"https:\/\/compuviper.mx\/tienda\/categoria-producto\/cables\/cable-de-video\/"},{"@type":"ListItem","position":5,"name":"Startech.com Rh2a-10m-hdmi-cable Cable Hdmi De 10m Activo &#8211; Hdmi 2.0 4k 60hz Uhd &#8211; Resistente &#8211; Con Fibra De Aramida &#8211; Cable Hdmi De Alta Velocidad Con Ethernet &#8211; Mod."}]},{"@type":"WebSite","@id":"https:\/\/compuviper.mx\/tienda\/#website","url":"https:\/\/compuviper.mx\/tienda\/","name":"Compuviper","description":"Proveedor de Computadoras, Laptops, Servidores, Monitores, Puntos de Venta, Teclados,   Impresoras, T\u00f3ner, C\u00e1maras de Seguridad y m\u00e1s en tu tienda en l\u00ednea","publisher":{"@id":"https:\/\/compuviper.mx\/tienda\/#organization"},"potentialAction":[{"@type":"SearchAction","target":{"@type":"EntryPoint","urlTemplate":"https:\/\/compuviper.mx\/tienda\/?s={search_term_string}"},"query-input":"required name=search_term_string"}],"inLanguage":"es-MX"},{"@type":"Organization","@id":"https:\/\/compuviper.mx\/tienda\/#organization","name":"Compuviper","url":"https:\/\/compuviper.mx\/tienda\/","logo":{"@type":"ImageObject","inLanguage":"es-MX","@id":"https:\/\/compuviper.mx\/tienda\/#\/schema\/logo\/image\/","url":"https:\/\/compuviper.mx\/tienda\/wp-content\/uploads\/2021\/08\/Logo-Compuviper-10.png","contentUrl":"https:\/\/compuviper.mx\/tienda\/wp-content\/uploads\/2021\/08\/Logo-Compuviper-10.png","width":1000,"height":500,"caption":"Compuviper"},"image":{"@id":"https:\/\/compuviper.mx\/tienda\/#\/schema\/logo\/image\/"},"sameAs":["https:\/\/www.facebook.com\/compuviper","https:\/\/www.youtube.com\/channel\/UCf73dERp9Y3cfOq7q8BhLjA?view_as=subscriber"]}]},"product_brand":"STARTECH.COM","product_price_amount":"1998","product_price_currency":"MXN","og_availability":"out of stock","product_availability":"out of stock","product_retailer_item_id":"RH2A-10M-HDMI-CABLE","product_condition":"new"},"_links":{"self":[{"href":"https:\/\/compuviper.mx\/tienda\/wp-json\/wp\/v2\/product\/214332"}],"collection":[{"href":"https:\/\/compuviper.mx\/tienda\/wp-json\/wp\/v2\/product"}],"about":[{"href":"https:\/\/compuviper.mx\/tienda\/wp-json\/wp\/v2\/types\/product"}],"replies":[{"embeddable":true,"href":"https:\/\/compuviper.mx\/tienda\/wp-json\/wp\/v2\/comments?post=214332"}],"wp:featuredmedia":[{"embeddable":true,"href":"https:\/\/compuviper.mx\/tienda\/wp-json\/wp\/v2\/media\/214333"}],"wp:attachment":[{"href":"https:\/\/compuviper.mx\/tienda\/wp-json\/wp\/v2\/media?parent=214332"}],"wp:term":[{"taxonomy":"product_cat","embeddable":true,"href":"https:\/\/compuviper.mx\/tienda\/wp-json\/wp\/v2\/product_cat?post=214332"},{"taxonomy":"product_tag","embeddable":true,"href":"https:\/\/compuviper.mx\/tienda\/wp-json\/wp\/v2\/product_tag?post=214332"}],"curies":[{"name":"wp","href":"https:\/\/api.w.org\/{rel}","templated":true}]}}