{"id":214324,"date":"2026-04-17T23:47:20","date_gmt":"2026-04-18T05:47:20","guid":{"rendered":"https:\/\/compuviper.mx\/tienda\/producto\/startech-com-hdmmv5m-cable-hdmi-de-5m-hdmi-2-0-de-alta-velocidad-con-ethernet-con-certificacion-premium-ultra-hd-4k-60hz-hdr10-uhd-para-monitor-4k-mod\/"},"modified":"2026-04-17T23:47:20","modified_gmt":"2026-04-18T05:47:20","slug":"startech-com-hdmmv5m-cable-hdmi-de-5m-hdmi-2-0-de-alta-velocidad-con-ethernet-con-certificacion-premium-ultra-hd-4k-60hz-hdr10-uhd-para-monitor-4k-mod","status":"publish","type":"product","link":"https:\/\/compuviper.mx\/tienda\/producto\/startech-com-hdmmv5m-cable-hdmi-de-5m-hdmi-2-0-de-alta-velocidad-con-ethernet-con-certificacion-premium-ultra-hd-4k-60hz-hdr10-uhd-para-monitor-4k-mod\/","title":{"rendered":"Startech.com Hdmmv5m Cable Hdmi De 5m &#8211; Hdmi 2.0 De Alta Velocidad Con Ethernet Con Certificacion Premium &#8211; Ultra Hd 4k 60hz &#8211; Hdr10 &#8211; Uhd &#8211; Para Monitor 4k &#8211;  Mod."},"content":{"rendered":"<table class=\"descripcion\">\n<tr>\n<td>Longitud del producto: 5000.000 mm<\/td>\n<\/tr>\n<tr>\n<td>Ancho del producto: 20.000 mm<\/td>\n<\/tr>\n<tr>\n<td>Altura del producto: 11.000 mm<\/td>\n<\/tr>\n<tr>\n<td>Peso del producto: 288.000 g<\/td>\n<\/tr>\n<tr>\n<td>Revestimiento del conector: oro<\/td>\n<\/tr>\n<tr>\n<td>Cable tipo jacket: tpe &#8211; thermoplastic elastomers<\/td>\n<\/tr>\n<tr>\n<td>Tipo de cable blindado: lamina de aluminio mylar con malla trenzada<\/td>\n<\/tr>\n<tr>\n<td>Resolucion digital maxima: 4k de 60hz &#8211; 3840&#215;2160<\/td>\n<\/tr>\n<tr>\n<td>Conector a: 1 hdmi (19 pines)<\/td>\n<\/tr>\n<tr>\n<td>Conector b: 1 hdmi (19 pines)<\/td>\n<\/tr>\n<tr>\n<td>Color: gray and black<\/td>\n<\/tr>\n<tr>\n<td>Estilo de conector: recto<\/td>\n<\/tr>\n<tr>\n<td>Calibre del conductor: 28 awg<\/td>\n<\/tr>\n<tr>\n<td>Longitud del cable: 5000 mm<\/td>\n<\/tr>\n<tr>\n<td>Cantidad de conductores: 19<\/td>\n<\/tr>\n<tr>\n<td>Active or passive adapter: pasivo<\/td>\n<\/tr>\n<tr>\n<td>Video revision: hdmi 2.0b<\/td>\n<\/tr>\n<tr>\n<td>Tasa de transferencia de datos maxima: 18gbps<\/td>\n<\/tr>\n<tr>\n<td>Especificaciones de audio: hdmi &#8211; 32 channel audio<\/td>\n<\/tr>\n<tr>\n<td>Especificaciones de audio: hdmi &#8211; 7.1 channel audio<\/td>\n<\/tr>\n<tr>\n<td>Especificaciones de audio: hdmi &#8211; 5.1 channel audio<\/td>\n<\/tr>\n<tr>\n<td>Longitud maxima del cable: 5000 mm<\/td>\n<\/tr>\n<tr>\n<td>Cable od: 6.5 mm<\/td>\n<\/tr>\n<\/table>\n","protected":false},"excerpt":{"rendered":"<p>Este cable hdmi 2.0 certificado de alta velocidad de 5m admite resoluciones de hasta 4k a 60 hz (3840x2160p), un ancho de banda de 18 gbps, alto rango dinamico (hdr10) y dolby vision para obtener una mayor relacion de contraste y colores vivos. El cable tambien cuenta con el canal de retorno de audio (arc) con hasta 32 canales de audio digital 5.1 y 7.1 sin comprimir para soportar dts-hd master audio\u0099, dts:x\u00ae, dolby\u00ae truehd, y dolby atmos\u00ae para un sonido de alta calidad. Certificacion de alta velocidad premium el cable ha sido sometido a rigurosas pruebas de conformidad y esta certificado por un centro de pruebas autorizado hdmi para garantizar que es compatible con las funciones de alto ancho de banda. Se ha realizado una prueba emi para garantizar una interferencia minima de las senales inalambricas. Caracteristicas principales &#8211; lamina de aluminio-mylar con blindaje trenzado que mejora la proteccion emi &#8211; cubierta de tpe flexible de larga duracion y alivios de tension.<\/p>\n","protected":false},"featured_media":214325,"comment_status":"open","ping_status":"open","template":"","meta":[],"product_cat":[1550,1549],"product_tag":[1590],"acf":[],"yoast_head":"<!-- This site is optimized with the Yoast SEO plugin v21.7 - https:\/\/yoast.com\/wordpress\/plugins\/seo\/ -->\n<title>[ Startech.com ] &#129351; Hdmmv5m Cable Hdmi De 5m - Hdmi 2.0 De Alta Velocidad Con Ethernet Con Certificacion Premium - Ultra Hd 4k 60hz - Hdr10 - Uhd - Para Monitor 4k - Mod.<\/title>\n<meta name=\"description\" content=\"Compra Hdmmv5m Cable Hdmi De 5m - Hdmi 2.0 De Alta Velocidad Con Ethernet Con Certificacion Premium - Ultra Hd 4k 60hz - Hdr10 - Uhd - Para Monitor 4k - Mod. + Env\u00edo a domicilio + Pago seguro + Garant\u00eda\" \/>\n<meta name=\"robots\" content=\"index, follow, max-snippet:-1, max-image-preview:large, max-video-preview:-1\" \/>\n<link rel=\"canonical\" href=\"https:\/\/compuviper.mx\/tienda\/producto\/startech-com-hdmmv5m-cable-hdmi-de-5m-hdmi-2-0-de-alta-velocidad-con-ethernet-con-certificacion-premium-ultra-hd-4k-60hz-hdr10-uhd-para-monitor-4k-mod\/\" \/>\n<meta property=\"og:locale\" content=\"es_MX\" \/>\n<meta property=\"og:type\" content=\"article\" \/>\n<meta property=\"og:title\" content=\"[ Startech.com ] &#129351; Hdmmv5m Cable Hdmi De 5m - Hdmi 2.0 De Alta Velocidad Con Ethernet Con Certificacion Premium - Ultra Hd 4k 60hz - Hdr10 - Uhd - Para Monitor 4k - Mod.\" \/>\n<meta property=\"og:description\" content=\"Compra Hdmmv5m Cable Hdmi De 5m - Hdmi 2.0 De Alta Velocidad Con Ethernet Con Certificacion Premium - Ultra Hd 4k 60hz - Hdr10 - Uhd - Para Monitor 4k - Mod. + Env\u00edo a domicilio + Pago seguro + Garant\u00eda\" \/>\n<meta property=\"og:url\" content=\"https:\/\/compuviper.mx\/tienda\/producto\/startech-com-hdmmv5m-cable-hdmi-de-5m-hdmi-2-0-de-alta-velocidad-con-ethernet-con-certificacion-premium-ultra-hd-4k-60hz-hdr10-uhd-para-monitor-4k-mod\/\" \/>\n<meta property=\"og:site_name\" content=\"Compuviper\" \/>\n<meta property=\"article:publisher\" content=\"https:\/\/www.facebook.com\/compuviper\" \/>\n<meta property=\"og:image\" content=\"https:\/\/compuviper.mx\/tienda\/wp-content\/uploads\/2023\/12\/Cable-hdmi-de-5m-hdmi-2.0-de-alta-velocidad-con-ethernet-con-certificacion-premium-ultra-hd-4k-60hz-hdr10-uhd-para-monitor-4k-startech.com-mod.-hdmmv5m.jpg\" \/>\n\t<meta property=\"og:image:width\" content=\"200\" \/>\n\t<meta property=\"og:image:height\" content=\"200\" \/>\n\t<meta property=\"og:image:type\" content=\"image\/jpeg\" \/>\n<meta name=\"twitter:card\" content=\"summary_large_image\" \/>\n<meta name=\"twitter:label1\" content=\"Precio\" \/>\n\t<meta name=\"twitter:data1\" content=\"&#36;520 con IVA\" \/>\n\t<meta name=\"twitter:label2\" content=\"Availability\" \/>\n\t<meta name=\"twitter:data2\" content=\"Out of stock\" \/>\n<script type=\"application\/ld+json\" class=\"yoast-schema-graph\">{\"@context\":\"https:\/\/schema.org\",\"@graph\":[{\"@type\":\"WebPage\",\"@id\":\"https:\/\/compuviper.mx\/tienda\/producto\/startech-com-hdmmv5m-cable-hdmi-de-5m-hdmi-2-0-de-alta-velocidad-con-ethernet-con-certificacion-premium-ultra-hd-4k-60hz-hdr10-uhd-para-monitor-4k-mod\/\",\"url\":\"https:\/\/compuviper.mx\/tienda\/producto\/startech-com-hdmmv5m-cable-hdmi-de-5m-hdmi-2-0-de-alta-velocidad-con-ethernet-con-certificacion-premium-ultra-hd-4k-60hz-hdr10-uhd-para-monitor-4k-mod\/\",\"name\":\"[ Startech.com ] &#129351; Hdmmv5m Cable Hdmi De 5m - Hdmi 2.0 De Alta Velocidad Con Ethernet Con Certificacion Premium - Ultra Hd 4k 60hz - Hdr10 - Uhd - Para Monitor 4k - Mod.\",\"isPartOf\":{\"@id\":\"https:\/\/compuviper.mx\/tienda\/#website\"},\"datePublished\":\"2026-04-18T05:47:20+00:00\",\"dateModified\":\"2026-04-18T05:47:20+00:00\",\"description\":\"Compra Hdmmv5m Cable Hdmi De 5m - Hdmi 2.0 De Alta Velocidad Con Ethernet Con Certificacion Premium - Ultra Hd 4k 60hz - Hdr10 - Uhd - Para Monitor 4k - Mod. + Env\u00edo a domicilio + Pago seguro + Garant\u00eda\",\"breadcrumb\":{\"@id\":\"https:\/\/compuviper.mx\/tienda\/producto\/startech-com-hdmmv5m-cable-hdmi-de-5m-hdmi-2-0-de-alta-velocidad-con-ethernet-con-certificacion-premium-ultra-hd-4k-60hz-hdr10-uhd-para-monitor-4k-mod\/#breadcrumb\"},\"inLanguage\":\"es-MX\",\"potentialAction\":[{\"@type\":\"ReadAction\",\"target\":[\"https:\/\/compuviper.mx\/tienda\/producto\/startech-com-hdmmv5m-cable-hdmi-de-5m-hdmi-2-0-de-alta-velocidad-con-ethernet-con-certificacion-premium-ultra-hd-4k-60hz-hdr10-uhd-para-monitor-4k-mod\/\"]}]},{\"@type\":\"BreadcrumbList\",\"@id\":\"https:\/\/compuviper.mx\/tienda\/producto\/startech-com-hdmmv5m-cable-hdmi-de-5m-hdmi-2-0-de-alta-velocidad-con-ethernet-con-certificacion-premium-ultra-hd-4k-60hz-hdr10-uhd-para-monitor-4k-mod\/#breadcrumb\",\"itemListElement\":[{\"@type\":\"ListItem\",\"position\":1,\"name\":\"Inicio\",\"item\":\"https:\/\/compuviper.mx\/tienda\/\"},{\"@type\":\"ListItem\",\"position\":2,\"name\":\"Productos\",\"item\":\"https:\/\/compuviper.mx\/tienda\/productos\/\"},{\"@type\":\"ListItem\",\"position\":3,\"name\":\"Cables\",\"item\":\"https:\/\/compuviper.mx\/tienda\/categoria-producto\/cables\/\"},{\"@type\":\"ListItem\",\"position\":4,\"name\":\"Cable De Video\",\"item\":\"https:\/\/compuviper.mx\/tienda\/categoria-producto\/cables\/cable-de-video\/\"},{\"@type\":\"ListItem\",\"position\":5,\"name\":\"Startech.com Hdmmv5m Cable Hdmi De 5m &#8211; Hdmi 2.0 De Alta Velocidad Con Ethernet Con Certificacion Premium &#8211; Ultra Hd 4k 60hz &#8211; Hdr10 &#8211; Uhd &#8211; Para Monitor 4k &#8211; Mod.\"}]},{\"@type\":\"WebSite\",\"@id\":\"https:\/\/compuviper.mx\/tienda\/#website\",\"url\":\"https:\/\/compuviper.mx\/tienda\/\",\"name\":\"Compuviper\",\"description\":\"Proveedor de Computadoras, Laptops, Servidores, Monitores, Puntos de Venta, Teclados,   Impresoras, T\u00f3ner, C\u00e1maras de Seguridad y m\u00e1s en tu tienda en l\u00ednea\",\"publisher\":{\"@id\":\"https:\/\/compuviper.mx\/tienda\/#organization\"},\"potentialAction\":[{\"@type\":\"SearchAction\",\"target\":{\"@type\":\"EntryPoint\",\"urlTemplate\":\"https:\/\/compuviper.mx\/tienda\/?s={search_term_string}\"},\"query-input\":\"required name=search_term_string\"}],\"inLanguage\":\"es-MX\"},{\"@type\":\"Organization\",\"@id\":\"https:\/\/compuviper.mx\/tienda\/#organization\",\"name\":\"Compuviper\",\"url\":\"https:\/\/compuviper.mx\/tienda\/\",\"logo\":{\"@type\":\"ImageObject\",\"inLanguage\":\"es-MX\",\"@id\":\"https:\/\/compuviper.mx\/tienda\/#\/schema\/logo\/image\/\",\"url\":\"https:\/\/compuviper.mx\/tienda\/wp-content\/uploads\/2021\/08\/Logo-Compuviper-10.png\",\"contentUrl\":\"https:\/\/compuviper.mx\/tienda\/wp-content\/uploads\/2021\/08\/Logo-Compuviper-10.png\",\"width\":1000,\"height\":500,\"caption\":\"Compuviper\"},\"image\":{\"@id\":\"https:\/\/compuviper.mx\/tienda\/#\/schema\/logo\/image\/\"},\"sameAs\":[\"https:\/\/www.facebook.com\/compuviper\",\"https:\/\/www.youtube.com\/channel\/UCf73dERp9Y3cfOq7q8BhLjA?view_as=subscriber\"]}]}<\/script>\n<meta property=\"product:brand\" content=\"STARTECH.COM\" \/>\n<meta property=\"product:price:amount\" content=\"520\" \/>\n<meta property=\"product:price:currency\" content=\"MXN\" \/>\n<meta property=\"og:availability\" content=\"out of stock\" \/>\n<meta property=\"product:availability\" content=\"out of stock\" \/>\n<meta property=\"product:retailer_item_id\" content=\"HDMMV5M\" \/>\n<meta property=\"product:condition\" content=\"new\" \/>\n<!-- \/ Yoast SEO plugin. -->","yoast_head_json":{"title":"[ Startech.com ] &#129351; Hdmmv5m Cable Hdmi De 5m - Hdmi 2.0 De Alta Velocidad Con Ethernet Con Certificacion Premium - Ultra Hd 4k 60hz - Hdr10 - Uhd - Para Monitor 4k - Mod.","description":"Compra Hdmmv5m Cable Hdmi De 5m - Hdmi 2.0 De Alta Velocidad Con Ethernet Con Certificacion Premium - Ultra Hd 4k 60hz - Hdr10 - Uhd - Para Monitor 4k - Mod. + Env\u00edo a domicilio + Pago seguro + Garant\u00eda","robots":{"index":"index","follow":"follow","max-snippet":"max-snippet:-1","max-image-preview":"max-image-preview:large","max-video-preview":"max-video-preview:-1"},"canonical":"https:\/\/compuviper.mx\/tienda\/producto\/startech-com-hdmmv5m-cable-hdmi-de-5m-hdmi-2-0-de-alta-velocidad-con-ethernet-con-certificacion-premium-ultra-hd-4k-60hz-hdr10-uhd-para-monitor-4k-mod\/","og_locale":"es_MX","og_type":"article","og_title":"[ Startech.com ] &#129351; Hdmmv5m Cable Hdmi De 5m - Hdmi 2.0 De Alta Velocidad Con Ethernet Con Certificacion Premium - Ultra Hd 4k 60hz - Hdr10 - Uhd - Para Monitor 4k - Mod.","og_description":"Compra Hdmmv5m Cable Hdmi De 5m - Hdmi 2.0 De Alta Velocidad Con Ethernet Con Certificacion Premium - Ultra Hd 4k 60hz - Hdr10 - Uhd - Para Monitor 4k - Mod. + Env\u00edo a domicilio + Pago seguro + Garant\u00eda","og_url":"https:\/\/compuviper.mx\/tienda\/producto\/startech-com-hdmmv5m-cable-hdmi-de-5m-hdmi-2-0-de-alta-velocidad-con-ethernet-con-certificacion-premium-ultra-hd-4k-60hz-hdr10-uhd-para-monitor-4k-mod\/","og_site_name":"Compuviper","article_publisher":"https:\/\/www.facebook.com\/compuviper","og_image":[{"width":200,"height":200,"url":"https:\/\/compuviper.mx\/tienda\/wp-content\/uploads\/2023\/12\/Cable-hdmi-de-5m-hdmi-2.0-de-alta-velocidad-con-ethernet-con-certificacion-premium-ultra-hd-4k-60hz-hdr10-uhd-para-monitor-4k-startech.com-mod.-hdmmv5m.jpg","type":"image\/jpeg"}],"twitter_card":"summary_large_image","twitter_misc":{"Precio":"&#36;520 con IVA","Availability":"Out of stock"},"schema":{"@context":"https:\/\/schema.org","@graph":[{"@type":"WebPage","@id":"https:\/\/compuviper.mx\/tienda\/producto\/startech-com-hdmmv5m-cable-hdmi-de-5m-hdmi-2-0-de-alta-velocidad-con-ethernet-con-certificacion-premium-ultra-hd-4k-60hz-hdr10-uhd-para-monitor-4k-mod\/","url":"https:\/\/compuviper.mx\/tienda\/producto\/startech-com-hdmmv5m-cable-hdmi-de-5m-hdmi-2-0-de-alta-velocidad-con-ethernet-con-certificacion-premium-ultra-hd-4k-60hz-hdr10-uhd-para-monitor-4k-mod\/","name":"[ Startech.com ] &#129351; Hdmmv5m Cable Hdmi De 5m - Hdmi 2.0 De Alta Velocidad Con Ethernet Con Certificacion Premium - Ultra Hd 4k 60hz - Hdr10 - Uhd - Para Monitor 4k - Mod.","isPartOf":{"@id":"https:\/\/compuviper.mx\/tienda\/#website"},"datePublished":"2026-04-18T05:47:20+00:00","dateModified":"2026-04-18T05:47:20+00:00","description":"Compra Hdmmv5m Cable Hdmi De 5m - Hdmi 2.0 De Alta Velocidad Con Ethernet Con Certificacion Premium - Ultra Hd 4k 60hz - Hdr10 - Uhd - Para Monitor 4k - Mod. + Env\u00edo a domicilio + Pago seguro + Garant\u00eda","breadcrumb":{"@id":"https:\/\/compuviper.mx\/tienda\/producto\/startech-com-hdmmv5m-cable-hdmi-de-5m-hdmi-2-0-de-alta-velocidad-con-ethernet-con-certificacion-premium-ultra-hd-4k-60hz-hdr10-uhd-para-monitor-4k-mod\/#breadcrumb"},"inLanguage":"es-MX","potentialAction":[{"@type":"ReadAction","target":["https:\/\/compuviper.mx\/tienda\/producto\/startech-com-hdmmv5m-cable-hdmi-de-5m-hdmi-2-0-de-alta-velocidad-con-ethernet-con-certificacion-premium-ultra-hd-4k-60hz-hdr10-uhd-para-monitor-4k-mod\/"]}]},{"@type":"BreadcrumbList","@id":"https:\/\/compuviper.mx\/tienda\/producto\/startech-com-hdmmv5m-cable-hdmi-de-5m-hdmi-2-0-de-alta-velocidad-con-ethernet-con-certificacion-premium-ultra-hd-4k-60hz-hdr10-uhd-para-monitor-4k-mod\/#breadcrumb","itemListElement":[{"@type":"ListItem","position":1,"name":"Inicio","item":"https:\/\/compuviper.mx\/tienda\/"},{"@type":"ListItem","position":2,"name":"Productos","item":"https:\/\/compuviper.mx\/tienda\/productos\/"},{"@type":"ListItem","position":3,"name":"Cables","item":"https:\/\/compuviper.mx\/tienda\/categoria-producto\/cables\/"},{"@type":"ListItem","position":4,"name":"Cable De Video","item":"https:\/\/compuviper.mx\/tienda\/categoria-producto\/cables\/cable-de-video\/"},{"@type":"ListItem","position":5,"name":"Startech.com Hdmmv5m Cable Hdmi De 5m &#8211; Hdmi 2.0 De Alta Velocidad Con Ethernet Con Certificacion Premium &#8211; Ultra Hd 4k 60hz &#8211; Hdr10 &#8211; Uhd &#8211; Para Monitor 4k &#8211; Mod."}]},{"@type":"WebSite","@id":"https:\/\/compuviper.mx\/tienda\/#website","url":"https:\/\/compuviper.mx\/tienda\/","name":"Compuviper","description":"Proveedor de Computadoras, Laptops, Servidores, Monitores, Puntos de Venta, Teclados,   Impresoras, T\u00f3ner, C\u00e1maras de Seguridad y m\u00e1s en tu tienda en l\u00ednea","publisher":{"@id":"https:\/\/compuviper.mx\/tienda\/#organization"},"potentialAction":[{"@type":"SearchAction","target":{"@type":"EntryPoint","urlTemplate":"https:\/\/compuviper.mx\/tienda\/?s={search_term_string}"},"query-input":"required name=search_term_string"}],"inLanguage":"es-MX"},{"@type":"Organization","@id":"https:\/\/compuviper.mx\/tienda\/#organization","name":"Compuviper","url":"https:\/\/compuviper.mx\/tienda\/","logo":{"@type":"ImageObject","inLanguage":"es-MX","@id":"https:\/\/compuviper.mx\/tienda\/#\/schema\/logo\/image\/","url":"https:\/\/compuviper.mx\/tienda\/wp-content\/uploads\/2021\/08\/Logo-Compuviper-10.png","contentUrl":"https:\/\/compuviper.mx\/tienda\/wp-content\/uploads\/2021\/08\/Logo-Compuviper-10.png","width":1000,"height":500,"caption":"Compuviper"},"image":{"@id":"https:\/\/compuviper.mx\/tienda\/#\/schema\/logo\/image\/"},"sameAs":["https:\/\/www.facebook.com\/compuviper","https:\/\/www.youtube.com\/channel\/UCf73dERp9Y3cfOq7q8BhLjA?view_as=subscriber"]}]},"product_brand":"STARTECH.COM","product_price_amount":"520","product_price_currency":"MXN","og_availability":"out of stock","product_availability":"out of stock","product_retailer_item_id":"HDMMV5M","product_condition":"new"},"_links":{"self":[{"href":"https:\/\/compuviper.mx\/tienda\/wp-json\/wp\/v2\/product\/214324"}],"collection":[{"href":"https:\/\/compuviper.mx\/tienda\/wp-json\/wp\/v2\/product"}],"about":[{"href":"https:\/\/compuviper.mx\/tienda\/wp-json\/wp\/v2\/types\/product"}],"replies":[{"embeddable":true,"href":"https:\/\/compuviper.mx\/tienda\/wp-json\/wp\/v2\/comments?post=214324"}],"wp:featuredmedia":[{"embeddable":true,"href":"https:\/\/compuviper.mx\/tienda\/wp-json\/wp\/v2\/media\/214325"}],"wp:attachment":[{"href":"https:\/\/compuviper.mx\/tienda\/wp-json\/wp\/v2\/media?parent=214324"}],"wp:term":[{"taxonomy":"product_cat","embeddable":true,"href":"https:\/\/compuviper.mx\/tienda\/wp-json\/wp\/v2\/product_cat?post=214324"},{"taxonomy":"product_tag","embeddable":true,"href":"https:\/\/compuviper.mx\/tienda\/wp-json\/wp\/v2\/product_tag?post=214324"}],"curies":[{"name":"wp","href":"https:\/\/api.w.org\/{rel}","templated":true}]}}