{"id":214310,"date":"2026-04-10T23:44:15","date_gmt":"2026-04-11T05:44:15","guid":{"rendered":"https:\/\/compuviper.mx\/tienda\/producto\/startech-com-displport6l-cable-de-1-8m-certificado-displayport-1-2-4k-con-cierre-de-seguridad-2x-macho-dp-mod\/"},"modified":"2026-04-10T23:44:16","modified_gmt":"2026-04-11T05:44:16","slug":"startech-com-displport6l-cable-de-1-8m-certificado-displayport-1-2-4k-con-cierre-de-seguridad-2x-macho-dp-mod","status":"publish","type":"product","link":"https:\/\/compuviper.mx\/tienda\/producto\/startech-com-displport6l-cable-de-1-8m-certificado-displayport-1-2-4k-con-cierre-de-seguridad-2x-macho-dp-mod\/","title":{"rendered":"Startech.com Displport6l Cable De 1.8m Certificado Displayport 1.2 4k Con Cierre De Seguridad &#8211; 2x Macho Dp &#8211;  Mod."},"content":{"rendered":"<table class=\"descripcion\">\n<tr>\n<td>Estilo de conector: mecanismo de bloqueo<\/td>\n<\/tr>\n<tr>\n<td>Color: negro<\/td>\n<\/tr>\n<tr>\n<td>Longitud del producto: 1828.000 mm<\/td>\n<\/tr>\n<tr>\n<td>Conector a: 1 displayport (20 pines)<\/td>\n<\/tr>\n<tr>\n<td>Cantidad de conductores: 19<\/td>\n<\/tr>\n<tr>\n<td>Longitud del cable: 1828 mm<\/td>\n<\/tr>\n<tr>\n<td>Cable od: 6.5 mm<\/td>\n<\/tr>\n<tr>\n<td>Conector b: 1 displayport (20 pines)<\/td>\n<\/tr>\n<tr>\n<td>Revestimiento del conector: n\u00edquel<\/td>\n<\/tr>\n<tr>\n<td>Cable tipo jacket: pvc &#8211; polyvinyl chloride<\/td>\n<\/tr>\n<tr>\n<td>Grado de inflamabilidad: clasificaci\u00f3n cmg (uso general)<\/td>\n<\/tr>\n<tr>\n<td>Ancho del producto: 20.900 mm<\/td>\n<\/tr>\n<tr>\n<td>Calibre del conductor: 28 awg<\/td>\n<\/tr>\n<tr>\n<td>Tipo de cable blindado: l\u00e1mina de aluminio mylar con malla trenzada<\/td>\n<\/tr>\n<tr>\n<td>Peso del producto: 134.000 g<\/td>\n<\/tr>\n<tr>\n<td>Altura del producto: 12.800 mm<\/td>\n<\/tr>\n<\/table>\n","protected":false},"excerpt":{"rendered":"<p>Este cable displayport ofrece una conexi\u00f3n segura entre sus dispositivos equipados con displayport y es capaz de proporcionar un rendimiento superior que hdmi\u00ae o dvi de enlace dual. El cable displayport es compatible con alta resoluci\u00f3n de hasta 4k x 2k (4096 x 2160, 60hz), con un ancho de banda hbr2 m\u00e1ximo de 21.6gbps, adem\u00e1s de ser compatible con audio opcional. El cable tambi\u00e9n es compatible con mst (multi-stream transport, transmisi\u00f3n multipantalla) para la conexi\u00f3n en cadena de varios monitores. El cable de 1.8m tiene certificaci\u00f3n displayport (vesa), lo cual significa que es compatible con las especificaciones 1.2 sobre displayport y garantiza una conexi\u00f3n confiable y de alta calidad en todos sus dispositivos displayport. El cable displport10l est\u00e1 avalado por la garant\u00eda de por vida de startech.Com, para una confiabilidad garantizada, y con la seguridad de que el contenido protegido digitalmente por hdcp y dpcp se mostrar\u00e1 correctamente.<\/p>\n","protected":false},"featured_media":214311,"comment_status":"open","ping_status":"open","template":"","meta":[],"product_cat":[1549,1550],"product_tag":[1590],"acf":[],"yoast_head":"<!-- This site is optimized with the Yoast SEO plugin v21.7 - https:\/\/yoast.com\/wordpress\/plugins\/seo\/ -->\n<title>[ Startech.com ] &#129351; Displport6l Cable De 1.8m Certificado Displayport 1.2 4k Con Cierre De Seguridad - 2x Macho Dp - Mod.<\/title>\n<meta name=\"description\" content=\"Compra Displport6l Cable De 1.8m Certificado Displayport 1.2 4k Con Cierre De Seguridad - 2x Macho Dp - Mod. + Env\u00edo a domicilio + Pago seguro + Garant\u00eda\" \/>\n<meta name=\"robots\" content=\"index, follow, max-snippet:-1, max-image-preview:large, max-video-preview:-1\" \/>\n<link rel=\"canonical\" href=\"https:\/\/compuviper.mx\/tienda\/producto\/startech-com-displport6l-cable-de-1-8m-certificado-displayport-1-2-4k-con-cierre-de-seguridad-2x-macho-dp-mod\/\" \/>\n<meta property=\"og:locale\" content=\"es_MX\" \/>\n<meta property=\"og:type\" content=\"article\" \/>\n<meta property=\"og:title\" content=\"[ Startech.com ] &#129351; Displport6l Cable De 1.8m Certificado Displayport 1.2 4k Con Cierre De Seguridad - 2x Macho Dp - Mod.\" \/>\n<meta property=\"og:description\" content=\"Compra Displport6l Cable De 1.8m Certificado Displayport 1.2 4k Con Cierre De Seguridad - 2x Macho Dp - Mod. + Env\u00edo a domicilio + Pago seguro + Garant\u00eda\" \/>\n<meta property=\"og:url\" content=\"https:\/\/compuviper.mx\/tienda\/producto\/startech-com-displport6l-cable-de-1-8m-certificado-displayport-1-2-4k-con-cierre-de-seguridad-2x-macho-dp-mod\/\" \/>\n<meta property=\"og:site_name\" content=\"Compuviper\" \/>\n<meta property=\"article:publisher\" content=\"https:\/\/www.facebook.com\/compuviper\" \/>\n<meta property=\"article:modified_time\" content=\"2026-04-11T05:44:16+00:00\" \/>\n<meta property=\"og:image\" content=\"https:\/\/compuviper.mx\/tienda\/wp-content\/uploads\/2023\/12\/Cable-de-1.8m-certificado-displayport\u0099-1.2-4k-con-cierre-de-seguridad-2x-macho-dp-startech.com-mod.-displport6l.jpg\" \/>\n\t<meta property=\"og:image:width\" content=\"200\" \/>\n\t<meta property=\"og:image:height\" content=\"200\" \/>\n\t<meta property=\"og:image:type\" content=\"image\/jpeg\" \/>\n<meta name=\"twitter:card\" content=\"summary_large_image\" \/>\n<meta name=\"twitter:label1\" content=\"Precio\" \/>\n\t<meta name=\"twitter:data1\" content=\"&#36;268 con IVA\" \/>\n\t<meta name=\"twitter:label2\" content=\"Availability\" \/>\n\t<meta name=\"twitter:data2\" content=\"In stock\" \/>\n<script type=\"application\/ld+json\" class=\"yoast-schema-graph\">{\"@context\":\"https:\/\/schema.org\",\"@graph\":[{\"@type\":\"WebPage\",\"@id\":\"https:\/\/compuviper.mx\/tienda\/producto\/startech-com-displport6l-cable-de-1-8m-certificado-displayport-1-2-4k-con-cierre-de-seguridad-2x-macho-dp-mod\/\",\"url\":\"https:\/\/compuviper.mx\/tienda\/producto\/startech-com-displport6l-cable-de-1-8m-certificado-displayport-1-2-4k-con-cierre-de-seguridad-2x-macho-dp-mod\/\",\"name\":\"[ Startech.com ] &#129351; Displport6l Cable De 1.8m Certificado Displayport 1.2 4k Con Cierre De Seguridad - 2x Macho Dp - Mod.\",\"isPartOf\":{\"@id\":\"https:\/\/compuviper.mx\/tienda\/#website\"},\"datePublished\":\"2026-04-11T05:44:15+00:00\",\"dateModified\":\"2026-04-11T05:44:16+00:00\",\"description\":\"Compra Displport6l Cable De 1.8m Certificado Displayport 1.2 4k Con Cierre De Seguridad - 2x Macho Dp - Mod. + Env\u00edo a domicilio + Pago seguro + Garant\u00eda\",\"breadcrumb\":{\"@id\":\"https:\/\/compuviper.mx\/tienda\/producto\/startech-com-displport6l-cable-de-1-8m-certificado-displayport-1-2-4k-con-cierre-de-seguridad-2x-macho-dp-mod\/#breadcrumb\"},\"inLanguage\":\"es-MX\",\"potentialAction\":[{\"@type\":\"ReadAction\",\"target\":[\"https:\/\/compuviper.mx\/tienda\/producto\/startech-com-displport6l-cable-de-1-8m-certificado-displayport-1-2-4k-con-cierre-de-seguridad-2x-macho-dp-mod\/\"]}]},{\"@type\":\"BreadcrumbList\",\"@id\":\"https:\/\/compuviper.mx\/tienda\/producto\/startech-com-displport6l-cable-de-1-8m-certificado-displayport-1-2-4k-con-cierre-de-seguridad-2x-macho-dp-mod\/#breadcrumb\",\"itemListElement\":[{\"@type\":\"ListItem\",\"position\":1,\"name\":\"Inicio\",\"item\":\"https:\/\/compuviper.mx\/tienda\/\"},{\"@type\":\"ListItem\",\"position\":2,\"name\":\"Productos\",\"item\":\"https:\/\/compuviper.mx\/tienda\/productos\/\"},{\"@type\":\"ListItem\",\"position\":3,\"name\":\"Cables\",\"item\":\"https:\/\/compuviper.mx\/tienda\/categoria-producto\/cables\/\"},{\"@type\":\"ListItem\",\"position\":4,\"name\":\"Cable De Video\",\"item\":\"https:\/\/compuviper.mx\/tienda\/categoria-producto\/cables\/cable-de-video\/\"},{\"@type\":\"ListItem\",\"position\":5,\"name\":\"Startech.com Displport6l Cable De 1.8m Certificado Displayport 1.2 4k Con Cierre De Seguridad &#8211; 2x Macho Dp &#8211; Mod.\"}]},{\"@type\":\"WebSite\",\"@id\":\"https:\/\/compuviper.mx\/tienda\/#website\",\"url\":\"https:\/\/compuviper.mx\/tienda\/\",\"name\":\"Compuviper\",\"description\":\"Proveedor de Computadoras, Laptops, Servidores, Monitores, Puntos de Venta, Teclados,   Impresoras, T\u00f3ner, C\u00e1maras de Seguridad y m\u00e1s en tu tienda en l\u00ednea\",\"publisher\":{\"@id\":\"https:\/\/compuviper.mx\/tienda\/#organization\"},\"potentialAction\":[{\"@type\":\"SearchAction\",\"target\":{\"@type\":\"EntryPoint\",\"urlTemplate\":\"https:\/\/compuviper.mx\/tienda\/?s={search_term_string}\"},\"query-input\":\"required name=search_term_string\"}],\"inLanguage\":\"es-MX\"},{\"@type\":\"Organization\",\"@id\":\"https:\/\/compuviper.mx\/tienda\/#organization\",\"name\":\"Compuviper\",\"url\":\"https:\/\/compuviper.mx\/tienda\/\",\"logo\":{\"@type\":\"ImageObject\",\"inLanguage\":\"es-MX\",\"@id\":\"https:\/\/compuviper.mx\/tienda\/#\/schema\/logo\/image\/\",\"url\":\"https:\/\/compuviper.mx\/tienda\/wp-content\/uploads\/2021\/08\/Logo-Compuviper-10.png\",\"contentUrl\":\"https:\/\/compuviper.mx\/tienda\/wp-content\/uploads\/2021\/08\/Logo-Compuviper-10.png\",\"width\":1000,\"height\":500,\"caption\":\"Compuviper\"},\"image\":{\"@id\":\"https:\/\/compuviper.mx\/tienda\/#\/schema\/logo\/image\/\"},\"sameAs\":[\"https:\/\/www.facebook.com\/compuviper\",\"https:\/\/www.youtube.com\/channel\/UCf73dERp9Y3cfOq7q8BhLjA?view_as=subscriber\"]}]}<\/script>\n<meta property=\"product:brand\" content=\"STARTECH.COM\" \/>\n<meta property=\"product:price:amount\" content=\"268\" \/>\n<meta property=\"product:price:currency\" content=\"MXN\" \/>\n<meta property=\"og:availability\" content=\"instock\" \/>\n<meta property=\"product:availability\" content=\"instock\" \/>\n<meta property=\"product:retailer_item_id\" content=\"DISPLPORT6L\" \/>\n<meta property=\"product:condition\" content=\"new\" \/>\n<!-- \/ Yoast SEO plugin. -->","yoast_head_json":{"title":"[ Startech.com ] &#129351; Displport6l Cable De 1.8m Certificado Displayport 1.2 4k Con Cierre De Seguridad - 2x Macho Dp - Mod.","description":"Compra Displport6l Cable De 1.8m Certificado Displayport 1.2 4k Con Cierre De Seguridad - 2x Macho Dp - Mod. + Env\u00edo a domicilio + Pago seguro + Garant\u00eda","robots":{"index":"index","follow":"follow","max-snippet":"max-snippet:-1","max-image-preview":"max-image-preview:large","max-video-preview":"max-video-preview:-1"},"canonical":"https:\/\/compuviper.mx\/tienda\/producto\/startech-com-displport6l-cable-de-1-8m-certificado-displayport-1-2-4k-con-cierre-de-seguridad-2x-macho-dp-mod\/","og_locale":"es_MX","og_type":"article","og_title":"[ Startech.com ] &#129351; Displport6l Cable De 1.8m Certificado Displayport 1.2 4k Con Cierre De Seguridad - 2x Macho Dp - Mod.","og_description":"Compra Displport6l Cable De 1.8m Certificado Displayport 1.2 4k Con Cierre De Seguridad - 2x Macho Dp - Mod. + Env\u00edo a domicilio + Pago seguro + Garant\u00eda","og_url":"https:\/\/compuviper.mx\/tienda\/producto\/startech-com-displport6l-cable-de-1-8m-certificado-displayport-1-2-4k-con-cierre-de-seguridad-2x-macho-dp-mod\/","og_site_name":"Compuviper","article_publisher":"https:\/\/www.facebook.com\/compuviper","article_modified_time":"2026-04-11T05:44:16+00:00","og_image":[{"width":200,"height":200,"url":"https:\/\/compuviper.mx\/tienda\/wp-content\/uploads\/2023\/12\/Cable-de-1.8m-certificado-displayport\u0099-1.2-4k-con-cierre-de-seguridad-2x-macho-dp-startech.com-mod.-displport6l.jpg","type":"image\/jpeg"}],"twitter_card":"summary_large_image","twitter_misc":{"Precio":"&#36;268 con IVA","Availability":"In stock"},"schema":{"@context":"https:\/\/schema.org","@graph":[{"@type":"WebPage","@id":"https:\/\/compuviper.mx\/tienda\/producto\/startech-com-displport6l-cable-de-1-8m-certificado-displayport-1-2-4k-con-cierre-de-seguridad-2x-macho-dp-mod\/","url":"https:\/\/compuviper.mx\/tienda\/producto\/startech-com-displport6l-cable-de-1-8m-certificado-displayport-1-2-4k-con-cierre-de-seguridad-2x-macho-dp-mod\/","name":"[ Startech.com ] &#129351; Displport6l Cable De 1.8m Certificado Displayport 1.2 4k Con Cierre De Seguridad - 2x Macho Dp - Mod.","isPartOf":{"@id":"https:\/\/compuviper.mx\/tienda\/#website"},"datePublished":"2026-04-11T05:44:15+00:00","dateModified":"2026-04-11T05:44:16+00:00","description":"Compra Displport6l Cable De 1.8m Certificado Displayport 1.2 4k Con Cierre De Seguridad - 2x Macho Dp - Mod. + Env\u00edo a domicilio + Pago seguro + Garant\u00eda","breadcrumb":{"@id":"https:\/\/compuviper.mx\/tienda\/producto\/startech-com-displport6l-cable-de-1-8m-certificado-displayport-1-2-4k-con-cierre-de-seguridad-2x-macho-dp-mod\/#breadcrumb"},"inLanguage":"es-MX","potentialAction":[{"@type":"ReadAction","target":["https:\/\/compuviper.mx\/tienda\/producto\/startech-com-displport6l-cable-de-1-8m-certificado-displayport-1-2-4k-con-cierre-de-seguridad-2x-macho-dp-mod\/"]}]},{"@type":"BreadcrumbList","@id":"https:\/\/compuviper.mx\/tienda\/producto\/startech-com-displport6l-cable-de-1-8m-certificado-displayport-1-2-4k-con-cierre-de-seguridad-2x-macho-dp-mod\/#breadcrumb","itemListElement":[{"@type":"ListItem","position":1,"name":"Inicio","item":"https:\/\/compuviper.mx\/tienda\/"},{"@type":"ListItem","position":2,"name":"Productos","item":"https:\/\/compuviper.mx\/tienda\/productos\/"},{"@type":"ListItem","position":3,"name":"Cables","item":"https:\/\/compuviper.mx\/tienda\/categoria-producto\/cables\/"},{"@type":"ListItem","position":4,"name":"Cable De Video","item":"https:\/\/compuviper.mx\/tienda\/categoria-producto\/cables\/cable-de-video\/"},{"@type":"ListItem","position":5,"name":"Startech.com Displport6l Cable De 1.8m Certificado Displayport 1.2 4k Con Cierre De Seguridad &#8211; 2x Macho Dp &#8211; Mod."}]},{"@type":"WebSite","@id":"https:\/\/compuviper.mx\/tienda\/#website","url":"https:\/\/compuviper.mx\/tienda\/","name":"Compuviper","description":"Proveedor de Computadoras, Laptops, Servidores, Monitores, Puntos de Venta, Teclados,   Impresoras, T\u00f3ner, C\u00e1maras de Seguridad y m\u00e1s en tu tienda en l\u00ednea","publisher":{"@id":"https:\/\/compuviper.mx\/tienda\/#organization"},"potentialAction":[{"@type":"SearchAction","target":{"@type":"EntryPoint","urlTemplate":"https:\/\/compuviper.mx\/tienda\/?s={search_term_string}"},"query-input":"required name=search_term_string"}],"inLanguage":"es-MX"},{"@type":"Organization","@id":"https:\/\/compuviper.mx\/tienda\/#organization","name":"Compuviper","url":"https:\/\/compuviper.mx\/tienda\/","logo":{"@type":"ImageObject","inLanguage":"es-MX","@id":"https:\/\/compuviper.mx\/tienda\/#\/schema\/logo\/image\/","url":"https:\/\/compuviper.mx\/tienda\/wp-content\/uploads\/2021\/08\/Logo-Compuviper-10.png","contentUrl":"https:\/\/compuviper.mx\/tienda\/wp-content\/uploads\/2021\/08\/Logo-Compuviper-10.png","width":1000,"height":500,"caption":"Compuviper"},"image":{"@id":"https:\/\/compuviper.mx\/tienda\/#\/schema\/logo\/image\/"},"sameAs":["https:\/\/www.facebook.com\/compuviper","https:\/\/www.youtube.com\/channel\/UCf73dERp9Y3cfOq7q8BhLjA?view_as=subscriber"]}]},"product_brand":"STARTECH.COM","product_price_amount":"268","product_price_currency":"MXN","og_availability":"instock","product_availability":"instock","product_retailer_item_id":"DISPLPORT6L","product_condition":"new"},"_links":{"self":[{"href":"https:\/\/compuviper.mx\/tienda\/wp-json\/wp\/v2\/product\/214310"}],"collection":[{"href":"https:\/\/compuviper.mx\/tienda\/wp-json\/wp\/v2\/product"}],"about":[{"href":"https:\/\/compuviper.mx\/tienda\/wp-json\/wp\/v2\/types\/product"}],"replies":[{"embeddable":true,"href":"https:\/\/compuviper.mx\/tienda\/wp-json\/wp\/v2\/comments?post=214310"}],"wp:featuredmedia":[{"embeddable":true,"href":"https:\/\/compuviper.mx\/tienda\/wp-json\/wp\/v2\/media\/214311"}],"wp:attachment":[{"href":"https:\/\/compuviper.mx\/tienda\/wp-json\/wp\/v2\/media?parent=214310"}],"wp:term":[{"taxonomy":"product_cat","embeddable":true,"href":"https:\/\/compuviper.mx\/tienda\/wp-json\/wp\/v2\/product_cat?post=214310"},{"taxonomy":"product_tag","embeddable":true,"href":"https:\/\/compuviper.mx\/tienda\/wp-json\/wp\/v2\/product_tag?post=214310"}],"curies":[{"name":"wp","href":"https:\/\/api.w.org\/{rel}","templated":true}]}}