{"id":214308,"date":"2026-04-07T23:46:44","date_gmt":"2026-04-08T05:46:44","guid":{"rendered":"https:\/\/compuviper.mx\/tienda\/producto\/startech-com-n6patch1bl-cable-de-red-de-30cm-azul-cat6-utp-ethernet-gigabit-rj45-sin-enganches-mod\/"},"modified":"2026-04-07T23:46:44","modified_gmt":"2026-04-08T05:46:44","slug":"startech-com-n6patch1bl-cable-de-red-de-30cm-azul-cat6-utp-ethernet-gigabit-rj45-sin-enganches-mod","status":"publish","type":"product","link":"https:\/\/compuviper.mx\/tienda\/producto\/startech-com-n6patch1bl-cable-de-red-de-30cm-azul-cat6-utp-ethernet-gigabit-rj45-sin-enganches-mod\/","title":{"rendered":"Startech.com N6patch1bl Cable De Red De 30cm Azul Cat6 Utp Ethernet Gigabit Rj45 Sin Enganches &#8211;  Mod."},"content":{"rendered":"<table class=\"descripcion\">\n<tr>\n<td>Conector a: 1 rj-45<\/td>\n<\/tr>\n<tr>\n<td>Peso del producto: 17 g<\/td>\n<\/tr>\n<tr>\n<td>Tipo de conductor: cobre trenzado<\/td>\n<\/tr>\n<tr>\n<td>Grado de inflamabilidad: clasificaci\u00f3n cmg (uso general)<\/td>\n<\/tr>\n<tr>\n<td>Cantidad de conductores: 4 pair utp<\/td>\n<\/tr>\n<tr>\n<td>Longitud del cable: 304.8 mm<\/td>\n<\/tr>\n<tr>\n<td>Clasificaci\u00f3n de cables: cat6 &#8211; 650 mhz<\/td>\n<\/tr>\n<tr>\n<td>Tipo de cable: libre de enganches<\/td>\n<\/tr>\n<tr>\n<td>Conector b: 1 rj-45<\/td>\n<\/tr>\n<tr>\n<td>Longitud del producto: 304.8 mm<\/td>\n<\/tr>\n<tr>\n<td>Calibre del conductor: 24 awg<\/td>\n<\/tr>\n<tr>\n<td>Revestimiento del conector: oro<\/td>\n<\/tr>\n<tr>\n<td>Cable tipo jacket: pvc &#8211; polyvinyl chloride<\/td>\n<\/tr>\n<tr>\n<td>Est\u00e1ndar de cableado: tia\/eia-568-b.1-2001 t568b<\/td>\n<\/tr>\n<tr>\n<td>Color: azul<\/td>\n<\/tr>\n<\/table>\n","protected":false},"excerpt":{"rendered":"<p>Este cable\u00a0cat6 ofrece conexiones confiables de redes gigabit, lo cual garantiza una capacidad de alto rendimiento para sus aplicaciones ethernet exigentes. Este cable de red azul de 30cm resulta perfecto para su uso en armarios de servidores, paneles de parcheo y concentradores ethernet. Cable para aplicaciones de distancia corta, como conexiones punto a punto en racks y a trav\u00e9s de racks de servidores y conmutadores de redes. Para instalaciones de red m\u00e1s sencillas, nuestros cables de red\u00a0cat6 est\u00e1n disponibles en una amplia gama de longitudes y colores. Esto garantiza que puede contar con el tama\u00f1o de cable adecuado cuando lo necesite, adem\u00e1s de permitirle una mejor organizaci\u00f3n de sus conexiones mediante distintos c\u00f3digos de color. Para facilitar la instalaci\u00f3n de estos cables duraderos, sus conectores a prueba de enganche (snagless) protegen los clips rj45 durante la instalaci\u00f3n, lo cual evita enganches o da\u00f1os.<\/p>\n","protected":false},"featured_media":214309,"comment_status":"open","ping_status":"open","template":"","meta":[],"product_cat":[1549,1602],"product_tag":[1590],"acf":[],"yoast_head":"<!-- This site is optimized with the Yoast SEO plugin v21.7 - https:\/\/yoast.com\/wordpress\/plugins\/seo\/ -->\n<title>[ Startech.com ] &#129351; N6patch1bl Cable De Red De 30cm Azul Cat6 Utp Ethernet Gigabit Rj45 Sin Enganches - Mod.<\/title>\n<meta name=\"description\" content=\"Compra N6patch1bl Cable De Red De 30cm Azul Cat6 Utp Ethernet Gigabit Rj45 Sin Enganches - Mod. + Env\u00edo a domicilio + Pago seguro + Garant\u00eda\" \/>\n<meta name=\"robots\" content=\"index, follow, max-snippet:-1, max-image-preview:large, max-video-preview:-1\" \/>\n<link rel=\"canonical\" href=\"https:\/\/compuviper.mx\/tienda\/producto\/startech-com-n6patch1bl-cable-de-red-de-30cm-azul-cat6-utp-ethernet-gigabit-rj45-sin-enganches-mod\/\" \/>\n<meta property=\"og:locale\" content=\"es_MX\" \/>\n<meta property=\"og:type\" content=\"article\" \/>\n<meta property=\"og:title\" content=\"[ Startech.com ] &#129351; N6patch1bl Cable De Red De 30cm Azul Cat6 Utp Ethernet Gigabit Rj45 Sin Enganches - Mod.\" \/>\n<meta property=\"og:description\" content=\"Compra N6patch1bl Cable De Red De 30cm Azul Cat6 Utp Ethernet Gigabit Rj45 Sin Enganches - Mod. + Env\u00edo a domicilio + Pago seguro + Garant\u00eda\" \/>\n<meta property=\"og:url\" content=\"https:\/\/compuviper.mx\/tienda\/producto\/startech-com-n6patch1bl-cable-de-red-de-30cm-azul-cat6-utp-ethernet-gigabit-rj45-sin-enganches-mod\/\" \/>\n<meta property=\"og:site_name\" content=\"Compuviper\" \/>\n<meta property=\"article:publisher\" content=\"https:\/\/www.facebook.com\/compuviper\" \/>\n<meta property=\"og:image\" content=\"https:\/\/compuviper.mx\/tienda\/wp-content\/uploads\/2023\/12\/Cable-de-red-de-30cm-azul-cat6-utp-ethernet-gigabit-rj45-sin-enganches-startech.com-mod.-n6patch1bl.jpg\" \/>\n\t<meta property=\"og:image:width\" content=\"200\" \/>\n\t<meta property=\"og:image:height\" content=\"200\" \/>\n\t<meta property=\"og:image:type\" content=\"image\/jpeg\" \/>\n<meta name=\"twitter:card\" content=\"summary_large_image\" \/>\n<meta name=\"twitter:label1\" content=\"Precio\" \/>\n\t<meta name=\"twitter:data1\" content=\"&#36;66 con IVA\" \/>\n\t<meta name=\"twitter:label2\" content=\"Availability\" \/>\n\t<meta name=\"twitter:data2\" content=\"In stock\" \/>\n<script type=\"application\/ld+json\" class=\"yoast-schema-graph\">{\"@context\":\"https:\/\/schema.org\",\"@graph\":[{\"@type\":\"WebPage\",\"@id\":\"https:\/\/compuviper.mx\/tienda\/producto\/startech-com-n6patch1bl-cable-de-red-de-30cm-azul-cat6-utp-ethernet-gigabit-rj45-sin-enganches-mod\/\",\"url\":\"https:\/\/compuviper.mx\/tienda\/producto\/startech-com-n6patch1bl-cable-de-red-de-30cm-azul-cat6-utp-ethernet-gigabit-rj45-sin-enganches-mod\/\",\"name\":\"[ Startech.com ] &#129351; N6patch1bl Cable De Red De 30cm Azul Cat6 Utp Ethernet Gigabit Rj45 Sin Enganches - Mod.\",\"isPartOf\":{\"@id\":\"https:\/\/compuviper.mx\/tienda\/#website\"},\"datePublished\":\"2026-04-08T05:46:44+00:00\",\"dateModified\":\"2026-04-08T05:46:44+00:00\",\"description\":\"Compra N6patch1bl Cable De Red De 30cm Azul Cat6 Utp Ethernet Gigabit Rj45 Sin Enganches - Mod. + Env\u00edo a domicilio + Pago seguro + Garant\u00eda\",\"breadcrumb\":{\"@id\":\"https:\/\/compuviper.mx\/tienda\/producto\/startech-com-n6patch1bl-cable-de-red-de-30cm-azul-cat6-utp-ethernet-gigabit-rj45-sin-enganches-mod\/#breadcrumb\"},\"inLanguage\":\"es-MX\",\"potentialAction\":[{\"@type\":\"ReadAction\",\"target\":[\"https:\/\/compuviper.mx\/tienda\/producto\/startech-com-n6patch1bl-cable-de-red-de-30cm-azul-cat6-utp-ethernet-gigabit-rj45-sin-enganches-mod\/\"]}]},{\"@type\":\"BreadcrumbList\",\"@id\":\"https:\/\/compuviper.mx\/tienda\/producto\/startech-com-n6patch1bl-cable-de-red-de-30cm-azul-cat6-utp-ethernet-gigabit-rj45-sin-enganches-mod\/#breadcrumb\",\"itemListElement\":[{\"@type\":\"ListItem\",\"position\":1,\"name\":\"Inicio\",\"item\":\"https:\/\/compuviper.mx\/tienda\/\"},{\"@type\":\"ListItem\",\"position\":2,\"name\":\"Productos\",\"item\":\"https:\/\/compuviper.mx\/tienda\/productos\/\"},{\"@type\":\"ListItem\",\"position\":3,\"name\":\"Cables\",\"item\":\"https:\/\/compuviper.mx\/tienda\/categoria-producto\/cables\/\"},{\"@type\":\"ListItem\",\"position\":4,\"name\":\"Cable De Red\",\"item\":\"https:\/\/compuviper.mx\/tienda\/categoria-producto\/cables\/cable-de-red\/\"},{\"@type\":\"ListItem\",\"position\":5,\"name\":\"Startech.com N6patch1bl Cable De Red De 30cm Azul Cat6 Utp Ethernet Gigabit Rj45 Sin Enganches &#8211; Mod.\"}]},{\"@type\":\"WebSite\",\"@id\":\"https:\/\/compuviper.mx\/tienda\/#website\",\"url\":\"https:\/\/compuviper.mx\/tienda\/\",\"name\":\"Compuviper\",\"description\":\"Proveedor de Computadoras, Laptops, Servidores, Monitores, Puntos de Venta, Teclados,   Impresoras, T\u00f3ner, C\u00e1maras de Seguridad y m\u00e1s en tu tienda en l\u00ednea\",\"publisher\":{\"@id\":\"https:\/\/compuviper.mx\/tienda\/#organization\"},\"potentialAction\":[{\"@type\":\"SearchAction\",\"target\":{\"@type\":\"EntryPoint\",\"urlTemplate\":\"https:\/\/compuviper.mx\/tienda\/?s={search_term_string}\"},\"query-input\":\"required name=search_term_string\"}],\"inLanguage\":\"es-MX\"},{\"@type\":\"Organization\",\"@id\":\"https:\/\/compuviper.mx\/tienda\/#organization\",\"name\":\"Compuviper\",\"url\":\"https:\/\/compuviper.mx\/tienda\/\",\"logo\":{\"@type\":\"ImageObject\",\"inLanguage\":\"es-MX\",\"@id\":\"https:\/\/compuviper.mx\/tienda\/#\/schema\/logo\/image\/\",\"url\":\"https:\/\/compuviper.mx\/tienda\/wp-content\/uploads\/2021\/08\/Logo-Compuviper-10.png\",\"contentUrl\":\"https:\/\/compuviper.mx\/tienda\/wp-content\/uploads\/2021\/08\/Logo-Compuviper-10.png\",\"width\":1000,\"height\":500,\"caption\":\"Compuviper\"},\"image\":{\"@id\":\"https:\/\/compuviper.mx\/tienda\/#\/schema\/logo\/image\/\"},\"sameAs\":[\"https:\/\/www.facebook.com\/compuviper\",\"https:\/\/www.youtube.com\/channel\/UCf73dERp9Y3cfOq7q8BhLjA?view_as=subscriber\"]}]}<\/script>\n<meta property=\"product:brand\" content=\"STARTECH.COM\" \/>\n<meta property=\"product:price:amount\" content=\"66\" \/>\n<meta property=\"product:price:currency\" content=\"MXN\" \/>\n<meta property=\"og:availability\" content=\"instock\" \/>\n<meta property=\"product:availability\" content=\"instock\" \/>\n<meta property=\"product:retailer_item_id\" content=\"N6PATCH1BL\" \/>\n<meta property=\"product:condition\" content=\"new\" \/>\n<!-- \/ Yoast SEO plugin. -->","yoast_head_json":{"title":"[ Startech.com ] &#129351; N6patch1bl Cable De Red De 30cm Azul Cat6 Utp Ethernet Gigabit Rj45 Sin Enganches - Mod.","description":"Compra N6patch1bl Cable De Red De 30cm Azul Cat6 Utp Ethernet Gigabit Rj45 Sin Enganches - Mod. + Env\u00edo a domicilio + Pago seguro + Garant\u00eda","robots":{"index":"index","follow":"follow","max-snippet":"max-snippet:-1","max-image-preview":"max-image-preview:large","max-video-preview":"max-video-preview:-1"},"canonical":"https:\/\/compuviper.mx\/tienda\/producto\/startech-com-n6patch1bl-cable-de-red-de-30cm-azul-cat6-utp-ethernet-gigabit-rj45-sin-enganches-mod\/","og_locale":"es_MX","og_type":"article","og_title":"[ Startech.com ] &#129351; N6patch1bl Cable De Red De 30cm Azul Cat6 Utp Ethernet Gigabit Rj45 Sin Enganches - Mod.","og_description":"Compra N6patch1bl Cable De Red De 30cm Azul Cat6 Utp Ethernet Gigabit Rj45 Sin Enganches - Mod. + Env\u00edo a domicilio + Pago seguro + Garant\u00eda","og_url":"https:\/\/compuviper.mx\/tienda\/producto\/startech-com-n6patch1bl-cable-de-red-de-30cm-azul-cat6-utp-ethernet-gigabit-rj45-sin-enganches-mod\/","og_site_name":"Compuviper","article_publisher":"https:\/\/www.facebook.com\/compuviper","og_image":[{"width":200,"height":200,"url":"https:\/\/compuviper.mx\/tienda\/wp-content\/uploads\/2023\/12\/Cable-de-red-de-30cm-azul-cat6-utp-ethernet-gigabit-rj45-sin-enganches-startech.com-mod.-n6patch1bl.jpg","type":"image\/jpeg"}],"twitter_card":"summary_large_image","twitter_misc":{"Precio":"&#36;66 con IVA","Availability":"In stock"},"schema":{"@context":"https:\/\/schema.org","@graph":[{"@type":"WebPage","@id":"https:\/\/compuviper.mx\/tienda\/producto\/startech-com-n6patch1bl-cable-de-red-de-30cm-azul-cat6-utp-ethernet-gigabit-rj45-sin-enganches-mod\/","url":"https:\/\/compuviper.mx\/tienda\/producto\/startech-com-n6patch1bl-cable-de-red-de-30cm-azul-cat6-utp-ethernet-gigabit-rj45-sin-enganches-mod\/","name":"[ Startech.com ] &#129351; N6patch1bl Cable De Red De 30cm Azul Cat6 Utp Ethernet Gigabit Rj45 Sin Enganches - Mod.","isPartOf":{"@id":"https:\/\/compuviper.mx\/tienda\/#website"},"datePublished":"2026-04-08T05:46:44+00:00","dateModified":"2026-04-08T05:46:44+00:00","description":"Compra N6patch1bl Cable De Red De 30cm Azul Cat6 Utp Ethernet Gigabit Rj45 Sin Enganches - Mod. + Env\u00edo a domicilio + Pago seguro + Garant\u00eda","breadcrumb":{"@id":"https:\/\/compuviper.mx\/tienda\/producto\/startech-com-n6patch1bl-cable-de-red-de-30cm-azul-cat6-utp-ethernet-gigabit-rj45-sin-enganches-mod\/#breadcrumb"},"inLanguage":"es-MX","potentialAction":[{"@type":"ReadAction","target":["https:\/\/compuviper.mx\/tienda\/producto\/startech-com-n6patch1bl-cable-de-red-de-30cm-azul-cat6-utp-ethernet-gigabit-rj45-sin-enganches-mod\/"]}]},{"@type":"BreadcrumbList","@id":"https:\/\/compuviper.mx\/tienda\/producto\/startech-com-n6patch1bl-cable-de-red-de-30cm-azul-cat6-utp-ethernet-gigabit-rj45-sin-enganches-mod\/#breadcrumb","itemListElement":[{"@type":"ListItem","position":1,"name":"Inicio","item":"https:\/\/compuviper.mx\/tienda\/"},{"@type":"ListItem","position":2,"name":"Productos","item":"https:\/\/compuviper.mx\/tienda\/productos\/"},{"@type":"ListItem","position":3,"name":"Cables","item":"https:\/\/compuviper.mx\/tienda\/categoria-producto\/cables\/"},{"@type":"ListItem","position":4,"name":"Cable De Red","item":"https:\/\/compuviper.mx\/tienda\/categoria-producto\/cables\/cable-de-red\/"},{"@type":"ListItem","position":5,"name":"Startech.com N6patch1bl Cable De Red De 30cm Azul Cat6 Utp Ethernet Gigabit Rj45 Sin Enganches &#8211; Mod."}]},{"@type":"WebSite","@id":"https:\/\/compuviper.mx\/tienda\/#website","url":"https:\/\/compuviper.mx\/tienda\/","name":"Compuviper","description":"Proveedor de Computadoras, Laptops, Servidores, Monitores, Puntos de Venta, Teclados,   Impresoras, T\u00f3ner, C\u00e1maras de Seguridad y m\u00e1s en tu tienda en l\u00ednea","publisher":{"@id":"https:\/\/compuviper.mx\/tienda\/#organization"},"potentialAction":[{"@type":"SearchAction","target":{"@type":"EntryPoint","urlTemplate":"https:\/\/compuviper.mx\/tienda\/?s={search_term_string}"},"query-input":"required name=search_term_string"}],"inLanguage":"es-MX"},{"@type":"Organization","@id":"https:\/\/compuviper.mx\/tienda\/#organization","name":"Compuviper","url":"https:\/\/compuviper.mx\/tienda\/","logo":{"@type":"ImageObject","inLanguage":"es-MX","@id":"https:\/\/compuviper.mx\/tienda\/#\/schema\/logo\/image\/","url":"https:\/\/compuviper.mx\/tienda\/wp-content\/uploads\/2021\/08\/Logo-Compuviper-10.png","contentUrl":"https:\/\/compuviper.mx\/tienda\/wp-content\/uploads\/2021\/08\/Logo-Compuviper-10.png","width":1000,"height":500,"caption":"Compuviper"},"image":{"@id":"https:\/\/compuviper.mx\/tienda\/#\/schema\/logo\/image\/"},"sameAs":["https:\/\/www.facebook.com\/compuviper","https:\/\/www.youtube.com\/channel\/UCf73dERp9Y3cfOq7q8BhLjA?view_as=subscriber"]}]},"product_brand":"STARTECH.COM","product_price_amount":"66","product_price_currency":"MXN","og_availability":"instock","product_availability":"instock","product_retailer_item_id":"N6PATCH1BL","product_condition":"new"},"_links":{"self":[{"href":"https:\/\/compuviper.mx\/tienda\/wp-json\/wp\/v2\/product\/214308"}],"collection":[{"href":"https:\/\/compuviper.mx\/tienda\/wp-json\/wp\/v2\/product"}],"about":[{"href":"https:\/\/compuviper.mx\/tienda\/wp-json\/wp\/v2\/types\/product"}],"replies":[{"embeddable":true,"href":"https:\/\/compuviper.mx\/tienda\/wp-json\/wp\/v2\/comments?post=214308"}],"wp:featuredmedia":[{"embeddable":true,"href":"https:\/\/compuviper.mx\/tienda\/wp-json\/wp\/v2\/media\/214309"}],"wp:attachment":[{"href":"https:\/\/compuviper.mx\/tienda\/wp-json\/wp\/v2\/media?parent=214308"}],"wp:term":[{"taxonomy":"product_cat","embeddable":true,"href":"https:\/\/compuviper.mx\/tienda\/wp-json\/wp\/v2\/product_cat?post=214308"},{"taxonomy":"product_tag","embeddable":true,"href":"https:\/\/compuviper.mx\/tienda\/wp-json\/wp\/v2\/product_tag?post=214308"}],"curies":[{"name":"wp","href":"https:\/\/api.w.org\/{rel}","templated":true}]}}