{"id":214306,"date":"2026-04-01T23:43:22","date_gmt":"2026-04-02T05:43:22","guid":{"rendered":"https:\/\/compuviper.mx\/tienda\/producto\/startech-com-450fblclc10-cable-de-10m-de-fibra-optica-multimodo-lc-upc-a-lc-upc-om4-50-125m-lommf-vcsel-100g-lszh-baja-perdida-de-insercion-mod\/"},"modified":"2026-04-01T23:43:22","modified_gmt":"2026-04-02T05:43:22","slug":"startech-com-450fblclc10-cable-de-10m-de-fibra-optica-multimodo-lc-upc-a-lc-upc-om4-50-125m-lommf-vcsel-100g-lszh-baja-perdida-de-insercion-mod","status":"publish","type":"product","link":"https:\/\/compuviper.mx\/tienda\/producto\/startech-com-450fblclc10-cable-de-10m-de-fibra-optica-multimodo-lc-upc-a-lc-upc-om4-50-125m-lommf-vcsel-100g-lszh-baja-perdida-de-insercion-mod\/","title":{"rendered":"Startech.com 450fblclc10 Cable De 10m De Fibra Optica Multimodo Lc\/upc A Lc\/upc Om4 &#8211; 50\/125m &#8211; Lommf\/vcsel &#8211; 100g &#8211; Lszh &#8211; Baja Perdida De Insercion &#8211;  Mod."},"content":{"rendered":"<table class=\"descripcion\">\n<tr>\n<td>Conector a: 1 duplex de fibra optica lc<\/td>\n<\/tr>\n<tr>\n<td>Conector b: 1 duplex de fibra optica lc<\/td>\n<\/tr>\n<tr>\n<td>Longitud del producto: 10000.000 mm<\/td>\n<\/tr>\n<tr>\n<td>Ancho del producto: 0.000 mm<\/td>\n<\/tr>\n<tr>\n<td>Altura del producto: 0.000 mm<\/td>\n<\/tr>\n<tr>\n<td>Peso del producto: 131.000 g<\/td>\n<\/tr>\n<tr>\n<td>Tasa de transferencia de datos maxima: 100gbps<\/td>\n<\/tr>\n<tr>\n<td>Clasificacion de cables: 1gbps \/ 10gbps \/ 40gbps \/ 100gbps<\/td>\n<\/tr>\n<tr>\n<td>Clasificacion de fibra: om4<\/td>\n<\/tr>\n<tr>\n<td>Tipo de fibra: multimodo<\/td>\n<\/tr>\n<tr>\n<td>Longitud de onda: 850nm<\/td>\n<\/tr>\n<tr>\n<td>Grado de inflamabilidad: recubrimiento lszh (poco humo, cero halogenos)<\/td>\n<\/tr>\n<tr>\n<td>Tamano de fibra: 50\/125 micron<\/td>\n<\/tr>\n<tr>\n<td>Color: aqua<\/td>\n<\/tr>\n<tr>\n<td>Longitud del cable: 10000 mm<\/td>\n<\/tr>\n<\/table>\n","protected":false},"excerpt":{"rendered":"<p>Este cable de red por fibra optica duplex multimodo lc a lc le ofrece conexiones confiables para transceptores 40gbase-sr4, 100gbase-sr10, sfp+ y qsfp+ en sus redes de 40 y 100 gigabits. Gracias a la fibra optica multimodo con optimizacion por laser (lommf), este cable de red resulta ideal para fuentes led y vcsel de 850nm y 1350nm. La conectividad a alta velocidad de este cable de fibra optica (color aguamarina) constituye una solucion con gran ancho de banda para sus aplicaciones de alta densidad o centros de datos. Maxima compatibilidad cable de red por fibra optica retrocompatible con su equipo 50\/125 existente, el cual garantiza una conexion confiable con redes lan de generacion anterior. Este cable de red por fibra optica esta recubierto con material lszh (low-smoke, zero-halogen, poco humo, cero halogenos) ignifugo, a fin de reducir al minimo el humo, la toxicidad y la corrosion en caso de exposicion a fuentes de alto calor o en caso de fuego.<\/p>\n","protected":false},"featured_media":214307,"comment_status":"open","ping_status":"open","template":"","meta":[],"product_cat":[1549,1602],"product_tag":[1590],"acf":[],"yoast_head":"<!-- This site is optimized with the Yoast SEO plugin v21.7 - https:\/\/yoast.com\/wordpress\/plugins\/seo\/ -->\n<title>[ Startech.com ] &#129351; 450fblclc10 Cable De 10m De Fibra Optica Multimodo Lc\/upc A Lc\/upc Om4 - 50\/125m - Lommf\/vcsel - 100g - Lszh - Baja Perdida De Insercion - Mod.<\/title>\n<meta name=\"description\" content=\"Compra 450fblclc10 Cable De 10m De Fibra Optica Multimodo Lc\/upc A Lc\/upc Om4 - 50\/125m - Lommf\/vcsel - 100g - Lszh - Baja Perdida De Insercion - Mod. + Env\u00edo a domicilio + Pago seguro + Garant\u00eda\" \/>\n<meta name=\"robots\" content=\"index, follow, max-snippet:-1, max-image-preview:large, max-video-preview:-1\" \/>\n<link rel=\"canonical\" href=\"https:\/\/compuviper.mx\/tienda\/producto\/startech-com-450fblclc10-cable-de-10m-de-fibra-optica-multimodo-lc-upc-a-lc-upc-om4-50-125m-lommf-vcsel-100g-lszh-baja-perdida-de-insercion-mod\/\" \/>\n<meta property=\"og:locale\" content=\"es_MX\" \/>\n<meta property=\"og:type\" content=\"article\" \/>\n<meta property=\"og:title\" content=\"[ Startech.com ] &#129351; 450fblclc10 Cable De 10m De Fibra Optica Multimodo Lc\/upc A Lc\/upc Om4 - 50\/125m - Lommf\/vcsel - 100g - Lszh - Baja Perdida De Insercion - Mod.\" \/>\n<meta property=\"og:description\" content=\"Compra 450fblclc10 Cable De 10m De Fibra Optica Multimodo Lc\/upc A Lc\/upc Om4 - 50\/125m - Lommf\/vcsel - 100g - Lszh - Baja Perdida De Insercion - Mod. + Env\u00edo a domicilio + Pago seguro + Garant\u00eda\" \/>\n<meta property=\"og:url\" content=\"https:\/\/compuviper.mx\/tienda\/producto\/startech-com-450fblclc10-cable-de-10m-de-fibra-optica-multimodo-lc-upc-a-lc-upc-om4-50-125m-lommf-vcsel-100g-lszh-baja-perdida-de-insercion-mod\/\" \/>\n<meta property=\"og:site_name\" content=\"Compuviper\" \/>\n<meta property=\"article:publisher\" content=\"https:\/\/www.facebook.com\/compuviper\" \/>\n<meta property=\"og:image\" content=\"https:\/\/compuviper.mx\/tienda\/wp-content\/uploads\/2023\/12\/Cable-de-10m-de-fibra-optica-multimodo-lcupc-a-lcupc-om4-50125\u00b5m-lommfvcsel-100g-lszh-baja-perdida-de-insercion-startech.com-mod.-450fblclc10.jpg\" \/>\n\t<meta property=\"og:image:width\" content=\"200\" \/>\n\t<meta property=\"og:image:height\" content=\"200\" \/>\n\t<meta property=\"og:image:type\" content=\"image\/jpeg\" \/>\n<meta name=\"twitter:card\" content=\"summary_large_image\" \/>\n<meta name=\"twitter:label1\" content=\"Precio\" \/>\n\t<meta name=\"twitter:data1\" content=\"&#36;726 con IVA\" \/>\n\t<meta name=\"twitter:label2\" content=\"Availability\" \/>\n\t<meta name=\"twitter:data2\" content=\"In stock\" \/>\n<script type=\"application\/ld+json\" class=\"yoast-schema-graph\">{\"@context\":\"https:\/\/schema.org\",\"@graph\":[{\"@type\":\"WebPage\",\"@id\":\"https:\/\/compuviper.mx\/tienda\/producto\/startech-com-450fblclc10-cable-de-10m-de-fibra-optica-multimodo-lc-upc-a-lc-upc-om4-50-125m-lommf-vcsel-100g-lszh-baja-perdida-de-insercion-mod\/\",\"url\":\"https:\/\/compuviper.mx\/tienda\/producto\/startech-com-450fblclc10-cable-de-10m-de-fibra-optica-multimodo-lc-upc-a-lc-upc-om4-50-125m-lommf-vcsel-100g-lszh-baja-perdida-de-insercion-mod\/\",\"name\":\"[ Startech.com ] &#129351; 450fblclc10 Cable De 10m De Fibra Optica Multimodo Lc\/upc A Lc\/upc Om4 - 50\/125m - Lommf\/vcsel - 100g - Lszh - Baja Perdida De Insercion - Mod.\",\"isPartOf\":{\"@id\":\"https:\/\/compuviper.mx\/tienda\/#website\"},\"datePublished\":\"2026-04-02T05:43:22+00:00\",\"dateModified\":\"2026-04-02T05:43:22+00:00\",\"description\":\"Compra 450fblclc10 Cable De 10m De Fibra Optica Multimodo Lc\/upc A Lc\/upc Om4 - 50\/125m - Lommf\/vcsel - 100g - Lszh - Baja Perdida De Insercion - Mod. + Env\u00edo a domicilio + Pago seguro + Garant\u00eda\",\"breadcrumb\":{\"@id\":\"https:\/\/compuviper.mx\/tienda\/producto\/startech-com-450fblclc10-cable-de-10m-de-fibra-optica-multimodo-lc-upc-a-lc-upc-om4-50-125m-lommf-vcsel-100g-lszh-baja-perdida-de-insercion-mod\/#breadcrumb\"},\"inLanguage\":\"es-MX\",\"potentialAction\":[{\"@type\":\"ReadAction\",\"target\":[\"https:\/\/compuviper.mx\/tienda\/producto\/startech-com-450fblclc10-cable-de-10m-de-fibra-optica-multimodo-lc-upc-a-lc-upc-om4-50-125m-lommf-vcsel-100g-lszh-baja-perdida-de-insercion-mod\/\"]}]},{\"@type\":\"BreadcrumbList\",\"@id\":\"https:\/\/compuviper.mx\/tienda\/producto\/startech-com-450fblclc10-cable-de-10m-de-fibra-optica-multimodo-lc-upc-a-lc-upc-om4-50-125m-lommf-vcsel-100g-lszh-baja-perdida-de-insercion-mod\/#breadcrumb\",\"itemListElement\":[{\"@type\":\"ListItem\",\"position\":1,\"name\":\"Inicio\",\"item\":\"https:\/\/compuviper.mx\/tienda\/\"},{\"@type\":\"ListItem\",\"position\":2,\"name\":\"Productos\",\"item\":\"https:\/\/compuviper.mx\/tienda\/productos\/\"},{\"@type\":\"ListItem\",\"position\":3,\"name\":\"Cables\",\"item\":\"https:\/\/compuviper.mx\/tienda\/categoria-producto\/cables\/\"},{\"@type\":\"ListItem\",\"position\":4,\"name\":\"Cable De Red\",\"item\":\"https:\/\/compuviper.mx\/tienda\/categoria-producto\/cables\/cable-de-red\/\"},{\"@type\":\"ListItem\",\"position\":5,\"name\":\"Startech.com 450fblclc10 Cable De 10m De Fibra Optica Multimodo Lc\/upc A Lc\/upc Om4 &#8211; 50\/125m &#8211; Lommf\/vcsel &#8211; 100g &#8211; Lszh &#8211; Baja Perdida De Insercion &#8211; Mod.\"}]},{\"@type\":\"WebSite\",\"@id\":\"https:\/\/compuviper.mx\/tienda\/#website\",\"url\":\"https:\/\/compuviper.mx\/tienda\/\",\"name\":\"Compuviper\",\"description\":\"Proveedor de Computadoras, Laptops, Servidores, Monitores, Puntos de Venta, Teclados,   Impresoras, T\u00f3ner, C\u00e1maras de Seguridad y m\u00e1s en tu tienda en l\u00ednea\",\"publisher\":{\"@id\":\"https:\/\/compuviper.mx\/tienda\/#organization\"},\"potentialAction\":[{\"@type\":\"SearchAction\",\"target\":{\"@type\":\"EntryPoint\",\"urlTemplate\":\"https:\/\/compuviper.mx\/tienda\/?s={search_term_string}\"},\"query-input\":\"required name=search_term_string\"}],\"inLanguage\":\"es-MX\"},{\"@type\":\"Organization\",\"@id\":\"https:\/\/compuviper.mx\/tienda\/#organization\",\"name\":\"Compuviper\",\"url\":\"https:\/\/compuviper.mx\/tienda\/\",\"logo\":{\"@type\":\"ImageObject\",\"inLanguage\":\"es-MX\",\"@id\":\"https:\/\/compuviper.mx\/tienda\/#\/schema\/logo\/image\/\",\"url\":\"https:\/\/compuviper.mx\/tienda\/wp-content\/uploads\/2021\/08\/Logo-Compuviper-10.png\",\"contentUrl\":\"https:\/\/compuviper.mx\/tienda\/wp-content\/uploads\/2021\/08\/Logo-Compuviper-10.png\",\"width\":1000,\"height\":500,\"caption\":\"Compuviper\"},\"image\":{\"@id\":\"https:\/\/compuviper.mx\/tienda\/#\/schema\/logo\/image\/\"},\"sameAs\":[\"https:\/\/www.facebook.com\/compuviper\",\"https:\/\/www.youtube.com\/channel\/UCf73dERp9Y3cfOq7q8BhLjA?view_as=subscriber\"]}]}<\/script>\n<meta property=\"product:brand\" content=\"STARTECH.COM\" \/>\n<meta property=\"product:price:amount\" content=\"726\" \/>\n<meta property=\"product:price:currency\" content=\"MXN\" \/>\n<meta property=\"og:availability\" content=\"instock\" \/>\n<meta property=\"product:availability\" content=\"instock\" \/>\n<meta property=\"product:retailer_item_id\" content=\"450FBLCLC10\" \/>\n<meta property=\"product:condition\" content=\"new\" \/>\n<!-- \/ Yoast SEO plugin. -->","yoast_head_json":{"title":"[ Startech.com ] &#129351; 450fblclc10 Cable De 10m De Fibra Optica Multimodo Lc\/upc A Lc\/upc Om4 - 50\/125m - Lommf\/vcsel - 100g - Lszh - Baja Perdida De Insercion - Mod.","description":"Compra 450fblclc10 Cable De 10m De Fibra Optica Multimodo Lc\/upc A Lc\/upc Om4 - 50\/125m - Lommf\/vcsel - 100g - Lszh - Baja Perdida De Insercion - Mod. + Env\u00edo a domicilio + Pago seguro + Garant\u00eda","robots":{"index":"index","follow":"follow","max-snippet":"max-snippet:-1","max-image-preview":"max-image-preview:large","max-video-preview":"max-video-preview:-1"},"canonical":"https:\/\/compuviper.mx\/tienda\/producto\/startech-com-450fblclc10-cable-de-10m-de-fibra-optica-multimodo-lc-upc-a-lc-upc-om4-50-125m-lommf-vcsel-100g-lszh-baja-perdida-de-insercion-mod\/","og_locale":"es_MX","og_type":"article","og_title":"[ Startech.com ] &#129351; 450fblclc10 Cable De 10m De Fibra Optica Multimodo Lc\/upc A Lc\/upc Om4 - 50\/125m - Lommf\/vcsel - 100g - Lszh - Baja Perdida De Insercion - Mod.","og_description":"Compra 450fblclc10 Cable De 10m De Fibra Optica Multimodo Lc\/upc A Lc\/upc Om4 - 50\/125m - Lommf\/vcsel - 100g - Lszh - Baja Perdida De Insercion - Mod. + Env\u00edo a domicilio + Pago seguro + Garant\u00eda","og_url":"https:\/\/compuviper.mx\/tienda\/producto\/startech-com-450fblclc10-cable-de-10m-de-fibra-optica-multimodo-lc-upc-a-lc-upc-om4-50-125m-lommf-vcsel-100g-lszh-baja-perdida-de-insercion-mod\/","og_site_name":"Compuviper","article_publisher":"https:\/\/www.facebook.com\/compuviper","og_image":[{"width":200,"height":200,"url":"https:\/\/compuviper.mx\/tienda\/wp-content\/uploads\/2023\/12\/Cable-de-10m-de-fibra-optica-multimodo-lcupc-a-lcupc-om4-50125\u00b5m-lommfvcsel-100g-lszh-baja-perdida-de-insercion-startech.com-mod.-450fblclc10.jpg","type":"image\/jpeg"}],"twitter_card":"summary_large_image","twitter_misc":{"Precio":"&#36;726 con IVA","Availability":"In stock"},"schema":{"@context":"https:\/\/schema.org","@graph":[{"@type":"WebPage","@id":"https:\/\/compuviper.mx\/tienda\/producto\/startech-com-450fblclc10-cable-de-10m-de-fibra-optica-multimodo-lc-upc-a-lc-upc-om4-50-125m-lommf-vcsel-100g-lszh-baja-perdida-de-insercion-mod\/","url":"https:\/\/compuviper.mx\/tienda\/producto\/startech-com-450fblclc10-cable-de-10m-de-fibra-optica-multimodo-lc-upc-a-lc-upc-om4-50-125m-lommf-vcsel-100g-lszh-baja-perdida-de-insercion-mod\/","name":"[ Startech.com ] &#129351; 450fblclc10 Cable De 10m De Fibra Optica Multimodo Lc\/upc A Lc\/upc Om4 - 50\/125m - Lommf\/vcsel - 100g - Lszh - Baja Perdida De Insercion - Mod.","isPartOf":{"@id":"https:\/\/compuviper.mx\/tienda\/#website"},"datePublished":"2026-04-02T05:43:22+00:00","dateModified":"2026-04-02T05:43:22+00:00","description":"Compra 450fblclc10 Cable De 10m De Fibra Optica Multimodo Lc\/upc A Lc\/upc Om4 - 50\/125m - Lommf\/vcsel - 100g - Lszh - Baja Perdida De Insercion - Mod. + Env\u00edo a domicilio + Pago seguro + Garant\u00eda","breadcrumb":{"@id":"https:\/\/compuviper.mx\/tienda\/producto\/startech-com-450fblclc10-cable-de-10m-de-fibra-optica-multimodo-lc-upc-a-lc-upc-om4-50-125m-lommf-vcsel-100g-lszh-baja-perdida-de-insercion-mod\/#breadcrumb"},"inLanguage":"es-MX","potentialAction":[{"@type":"ReadAction","target":["https:\/\/compuviper.mx\/tienda\/producto\/startech-com-450fblclc10-cable-de-10m-de-fibra-optica-multimodo-lc-upc-a-lc-upc-om4-50-125m-lommf-vcsel-100g-lszh-baja-perdida-de-insercion-mod\/"]}]},{"@type":"BreadcrumbList","@id":"https:\/\/compuviper.mx\/tienda\/producto\/startech-com-450fblclc10-cable-de-10m-de-fibra-optica-multimodo-lc-upc-a-lc-upc-om4-50-125m-lommf-vcsel-100g-lszh-baja-perdida-de-insercion-mod\/#breadcrumb","itemListElement":[{"@type":"ListItem","position":1,"name":"Inicio","item":"https:\/\/compuviper.mx\/tienda\/"},{"@type":"ListItem","position":2,"name":"Productos","item":"https:\/\/compuviper.mx\/tienda\/productos\/"},{"@type":"ListItem","position":3,"name":"Cables","item":"https:\/\/compuviper.mx\/tienda\/categoria-producto\/cables\/"},{"@type":"ListItem","position":4,"name":"Cable De Red","item":"https:\/\/compuviper.mx\/tienda\/categoria-producto\/cables\/cable-de-red\/"},{"@type":"ListItem","position":5,"name":"Startech.com 450fblclc10 Cable De 10m De Fibra Optica Multimodo Lc\/upc A Lc\/upc Om4 &#8211; 50\/125m &#8211; Lommf\/vcsel &#8211; 100g &#8211; Lszh &#8211; Baja Perdida De Insercion &#8211; Mod."}]},{"@type":"WebSite","@id":"https:\/\/compuviper.mx\/tienda\/#website","url":"https:\/\/compuviper.mx\/tienda\/","name":"Compuviper","description":"Proveedor de Computadoras, Laptops, Servidores, Monitores, Puntos de Venta, Teclados,   Impresoras, T\u00f3ner, C\u00e1maras de Seguridad y m\u00e1s en tu tienda en l\u00ednea","publisher":{"@id":"https:\/\/compuviper.mx\/tienda\/#organization"},"potentialAction":[{"@type":"SearchAction","target":{"@type":"EntryPoint","urlTemplate":"https:\/\/compuviper.mx\/tienda\/?s={search_term_string}"},"query-input":"required name=search_term_string"}],"inLanguage":"es-MX"},{"@type":"Organization","@id":"https:\/\/compuviper.mx\/tienda\/#organization","name":"Compuviper","url":"https:\/\/compuviper.mx\/tienda\/","logo":{"@type":"ImageObject","inLanguage":"es-MX","@id":"https:\/\/compuviper.mx\/tienda\/#\/schema\/logo\/image\/","url":"https:\/\/compuviper.mx\/tienda\/wp-content\/uploads\/2021\/08\/Logo-Compuviper-10.png","contentUrl":"https:\/\/compuviper.mx\/tienda\/wp-content\/uploads\/2021\/08\/Logo-Compuviper-10.png","width":1000,"height":500,"caption":"Compuviper"},"image":{"@id":"https:\/\/compuviper.mx\/tienda\/#\/schema\/logo\/image\/"},"sameAs":["https:\/\/www.facebook.com\/compuviper","https:\/\/www.youtube.com\/channel\/UCf73dERp9Y3cfOq7q8BhLjA?view_as=subscriber"]}]},"product_brand":"STARTECH.COM","product_price_amount":"726","product_price_currency":"MXN","og_availability":"instock","product_availability":"instock","product_retailer_item_id":"450FBLCLC10","product_condition":"new"},"_links":{"self":[{"href":"https:\/\/compuviper.mx\/tienda\/wp-json\/wp\/v2\/product\/214306"}],"collection":[{"href":"https:\/\/compuviper.mx\/tienda\/wp-json\/wp\/v2\/product"}],"about":[{"href":"https:\/\/compuviper.mx\/tienda\/wp-json\/wp\/v2\/types\/product"}],"replies":[{"embeddable":true,"href":"https:\/\/compuviper.mx\/tienda\/wp-json\/wp\/v2\/comments?post=214306"}],"wp:featuredmedia":[{"embeddable":true,"href":"https:\/\/compuviper.mx\/tienda\/wp-json\/wp\/v2\/media\/214307"}],"wp:attachment":[{"href":"https:\/\/compuviper.mx\/tienda\/wp-json\/wp\/v2\/media?parent=214306"}],"wp:term":[{"taxonomy":"product_cat","embeddable":true,"href":"https:\/\/compuviper.mx\/tienda\/wp-json\/wp\/v2\/product_cat?post=214306"},{"taxonomy":"product_tag","embeddable":true,"href":"https:\/\/compuviper.mx\/tienda\/wp-json\/wp\/v2\/product_tag?post=214306"}],"curies":[{"name":"wp","href":"https:\/\/api.w.org\/{rel}","templated":true}]}}