{"id":214282,"date":"2026-04-17T23:47:09","date_gmt":"2026-04-18T05:47:09","guid":{"rendered":"https:\/\/compuviper.mx\/tienda\/producto\/manhattan-354851-cable-usb-c-a-displayport-m-3-0m-8k60hz\/"},"modified":"2026-04-17T23:47:09","modified_gmt":"2026-04-18T05:47:09","slug":"manhattan-354851-cable-usb-c-a-displayport-m-3-0m-8k60hz","status":"publish","type":"product","link":"https:\/\/compuviper.mx\/tienda\/producto\/manhattan-354851-cable-usb-c-a-displayport-m-3-0m-8k60hz\/","title":{"rendered":"Manhattan 354851 Cable Usb,,,-c A Displayport M 3.0m 8k60hz"},"content":{"rendered":"<table class=\"descripcion\">\n<tr>\n<td>Est\u00e1ndares y certificaciones<\/td>\n<\/tr>\n<tr>\n<td>Displayport v1.4<\/td>\n<\/tr>\n<tr>\n<td>Ce<\/td>\n<\/tr>\n<tr>\n<td>Rohs<\/td>\n<\/tr>\n<tr>\n<td>Conectores:<\/td>\n<\/tr>\n<tr>\n<td>Un displayport macho de 20 pines<\/td>\n<\/tr>\n<tr>\n<td>Un conector usb-c, macho<\/td>\n<\/tr>\n<tr>\n<td>19 conductores (dp)<\/td>\n<\/tr>\n<tr>\n<td>Terminales moldeadas en pvc<\/td>\n<\/tr>\n<tr>\n<td>Carcasa recubierta con aluminio<\/td>\n<\/tr>\n<tr>\n<td>Cable de 28 awg<\/td>\n<\/tr>\n<tr>\n<td>Conductores calibre 32 awg<\/td>\n<\/tr>\n<tr>\n<td>Tensi\u00f3n de resistencia: 300 v dc<\/td>\n<\/tr>\n<tr>\n<td>Resistencia de aislamiento: 5 m and #937;<\/td>\n<\/tr>\n<tr>\n<td>Resistencia de conductividad: 10  and #937;<\/td>\n<\/tr>\n<tr>\n<td>Cobertura de tejido trenzado<\/td>\n<\/tr>\n<tr>\n<td>Longitud: 3m (9.84 pies)<\/td>\n<\/tr>\n<tr>\n<td>Peso: 243 g (8.57 oz.)<\/td>\n<\/tr>\n<tr>\n<td>Temperatura de operaci\u00f3n: 0 &#8211; 40\u00b0c (32 &#8211; 104\u00b0f)<\/td>\n<\/tr>\n<tr>\n<td>Temperatura de almacenaje: de -20\u00b0 c a 60\u00b0 c<\/td>\n<\/tr>\n<tr>\n<td>Humedad (sin condensar): 0 \u0096 96%<\/td>\n<\/tr>\n<tr>\n<td>Humedad (sin condensar): 0 \u0096 96%<\/td>\n<\/tr>\n<tr>\n<td>Contenido del paquete<\/td>\n<\/tr>\n<tr>\n<td>Cable adaptador usb-c a displayport 8k@60hz<\/td>\n<\/tr>\n<\/table>\n","protected":false},"excerpt":{"rendered":"<p>Highlights. Conecta f\u00e1cilmente un dispositivo usb-c a una pantalla, monitor o proyector con entrada displayport. Admite resoluciones 8k @ 60hz, 4k @ 120hz, 1440p @ 144hz (uwqhd), 1440p @ 165hz (wqhd) y 1080p @ 240hz. Compatible con cualquier dispositivo usb-c que admita dp alt mode, incluidos tel\u00e9fonos inteligentes, apple\u00ae macbooks\u00ae, chromebooks \u0099, pixels \u0099, tabletas y m\u00e1s. Displayport 1.4 con funciones de vanguardia preparadas para el futuro de aplicaciones av y juegos de gama alta. Compatible con thunderbolt \u0099 3. Hdr10 para un contraste superior y colores brillantes. Ancho de banda de hasta 32,4 gbps. Contactos chapados para conexiones libres de corrosi\u00f3n. Triple blindaje para reducir emi y otras fuentes de interferencia. Pin 20 sin cable para evitar cortocircuitos. Admite transporte de transmisi\u00f3n m\u00faltiple (mst) para conectar en cadena m\u00faltiples pantallas. Audio de 32 canales sin comprimir. Compatible con displayport high bit rate 3 (hbr3. Display stream compression 1.2 (dsc) para una salida de m\u00e1xima resoluci\u00f3n. Tres a\u00f1os de garant\u00eda<\/p>\n","protected":false},"featured_media":214283,"comment_status":"open","ping_status":"open","template":"","meta":[],"product_cat":[1549,1602],"product_tag":[1487],"acf":[],"yoast_head":"<!-- This site is optimized with the Yoast SEO plugin v21.7 - https:\/\/yoast.com\/wordpress\/plugins\/seo\/ -->\n<title>[ Manhattan ] &#129351; 354851 Cable Usb,,,-c A Displayport M 3.0m 8k60hz<\/title>\n<meta name=\"description\" content=\"Compra 354851 Cable Usb,,,-c A Displayport M 3.0m 8k60hz + Env\u00edo a domicilio + Pago seguro + Garant\u00eda\" \/>\n<meta name=\"robots\" content=\"index, follow, max-snippet:-1, max-image-preview:large, max-video-preview:-1\" \/>\n<link rel=\"canonical\" href=\"https:\/\/compuviper.mx\/tienda\/producto\/manhattan-354851-cable-usb-c-a-displayport-m-3-0m-8k60hz\/\" \/>\n<meta property=\"og:locale\" content=\"es_MX\" \/>\n<meta property=\"og:type\" content=\"article\" \/>\n<meta property=\"og:title\" content=\"[ Manhattan ] &#129351; 354851 Cable Usb,,,-c A Displayport M 3.0m 8k60hz\" \/>\n<meta property=\"og:description\" content=\"Compra 354851 Cable Usb,,,-c A Displayport M 3.0m 8k60hz + Env\u00edo a domicilio + Pago seguro + Garant\u00eda\" \/>\n<meta property=\"og:url\" content=\"https:\/\/compuviper.mx\/tienda\/producto\/manhattan-354851-cable-usb-c-a-displayport-m-3-0m-8k60hz\/\" \/>\n<meta property=\"og:site_name\" content=\"Compuviper\" \/>\n<meta property=\"article:publisher\" content=\"https:\/\/www.facebook.com\/compuviper\" \/>\n<meta property=\"og:image\" content=\"https:\/\/compuviper.mx\/tienda\/wp-content\/uploads\/2023\/12\/Cable-usbmanhattan354851-c-a-displayport-m-3.0m-8k60hz.jpg\" \/>\n\t<meta property=\"og:image:width\" content=\"200\" \/>\n\t<meta property=\"og:image:height\" content=\"200\" \/>\n\t<meta property=\"og:image:type\" content=\"image\/jpeg\" \/>\n<meta name=\"twitter:card\" content=\"summary_large_image\" \/>\n<meta name=\"twitter:label1\" content=\"Precio\" \/>\n\t<meta name=\"twitter:data1\" content=\"&#36;389 con IVA\" \/>\n\t<meta name=\"twitter:label2\" content=\"Availability\" \/>\n\t<meta name=\"twitter:data2\" content=\"In stock\" \/>\n<script type=\"application\/ld+json\" class=\"yoast-schema-graph\">{\"@context\":\"https:\/\/schema.org\",\"@graph\":[{\"@type\":\"WebPage\",\"@id\":\"https:\/\/compuviper.mx\/tienda\/producto\/manhattan-354851-cable-usb-c-a-displayport-m-3-0m-8k60hz\/\",\"url\":\"https:\/\/compuviper.mx\/tienda\/producto\/manhattan-354851-cable-usb-c-a-displayport-m-3-0m-8k60hz\/\",\"name\":\"[ Manhattan ] &#129351; 354851 Cable Usb,,,-c A Displayport M 3.0m 8k60hz\",\"isPartOf\":{\"@id\":\"https:\/\/compuviper.mx\/tienda\/#website\"},\"datePublished\":\"2026-04-18T05:47:09+00:00\",\"dateModified\":\"2026-04-18T05:47:09+00:00\",\"description\":\"Compra 354851 Cable Usb,,,-c A Displayport M 3.0m 8k60hz + Env\u00edo a domicilio + Pago seguro + Garant\u00eda\",\"breadcrumb\":{\"@id\":\"https:\/\/compuviper.mx\/tienda\/producto\/manhattan-354851-cable-usb-c-a-displayport-m-3-0m-8k60hz\/#breadcrumb\"},\"inLanguage\":\"es-MX\",\"potentialAction\":[{\"@type\":\"ReadAction\",\"target\":[\"https:\/\/compuviper.mx\/tienda\/producto\/manhattan-354851-cable-usb-c-a-displayport-m-3-0m-8k60hz\/\"]}]},{\"@type\":\"BreadcrumbList\",\"@id\":\"https:\/\/compuviper.mx\/tienda\/producto\/manhattan-354851-cable-usb-c-a-displayport-m-3-0m-8k60hz\/#breadcrumb\",\"itemListElement\":[{\"@type\":\"ListItem\",\"position\":1,\"name\":\"Inicio\",\"item\":\"https:\/\/compuviper.mx\/tienda\/\"},{\"@type\":\"ListItem\",\"position\":2,\"name\":\"Productos\",\"item\":\"https:\/\/compuviper.mx\/tienda\/productos\/\"},{\"@type\":\"ListItem\",\"position\":3,\"name\":\"Cables\",\"item\":\"https:\/\/compuviper.mx\/tienda\/categoria-producto\/cables\/\"},{\"@type\":\"ListItem\",\"position\":4,\"name\":\"Cable De Red\",\"item\":\"https:\/\/compuviper.mx\/tienda\/categoria-producto\/cables\/cable-de-red\/\"},{\"@type\":\"ListItem\",\"position\":5,\"name\":\"Manhattan 354851 Cable Usb,,,-c A Displayport M 3.0m 8k60hz\"}]},{\"@type\":\"WebSite\",\"@id\":\"https:\/\/compuviper.mx\/tienda\/#website\",\"url\":\"https:\/\/compuviper.mx\/tienda\/\",\"name\":\"Compuviper\",\"description\":\"Proveedor de Computadoras, Laptops, Servidores, Monitores, Puntos de Venta, Teclados,   Impresoras, T\u00f3ner, C\u00e1maras de Seguridad y m\u00e1s en tu tienda en l\u00ednea\",\"publisher\":{\"@id\":\"https:\/\/compuviper.mx\/tienda\/#organization\"},\"potentialAction\":[{\"@type\":\"SearchAction\",\"target\":{\"@type\":\"EntryPoint\",\"urlTemplate\":\"https:\/\/compuviper.mx\/tienda\/?s={search_term_string}\"},\"query-input\":\"required name=search_term_string\"}],\"inLanguage\":\"es-MX\"},{\"@type\":\"Organization\",\"@id\":\"https:\/\/compuviper.mx\/tienda\/#organization\",\"name\":\"Compuviper\",\"url\":\"https:\/\/compuviper.mx\/tienda\/\",\"logo\":{\"@type\":\"ImageObject\",\"inLanguage\":\"es-MX\",\"@id\":\"https:\/\/compuviper.mx\/tienda\/#\/schema\/logo\/image\/\",\"url\":\"https:\/\/compuviper.mx\/tienda\/wp-content\/uploads\/2021\/08\/Logo-Compuviper-10.png\",\"contentUrl\":\"https:\/\/compuviper.mx\/tienda\/wp-content\/uploads\/2021\/08\/Logo-Compuviper-10.png\",\"width\":1000,\"height\":500,\"caption\":\"Compuviper\"},\"image\":{\"@id\":\"https:\/\/compuviper.mx\/tienda\/#\/schema\/logo\/image\/\"},\"sameAs\":[\"https:\/\/www.facebook.com\/compuviper\",\"https:\/\/www.youtube.com\/channel\/UCf73dERp9Y3cfOq7q8BhLjA?view_as=subscriber\"]}]}<\/script>\n<meta property=\"product:brand\" content=\"MANHATTAN\" \/>\n<meta property=\"product:price:amount\" content=\"389\" \/>\n<meta property=\"product:price:currency\" content=\"MXN\" \/>\n<meta property=\"og:availability\" content=\"instock\" \/>\n<meta property=\"product:availability\" content=\"instock\" \/>\n<meta property=\"product:retailer_item_id\" content=\"354851\" \/>\n<meta property=\"product:condition\" content=\"new\" \/>\n<!-- \/ Yoast SEO plugin. -->","yoast_head_json":{"title":"[ Manhattan ] &#129351; 354851 Cable Usb,,,-c A Displayport M 3.0m 8k60hz","description":"Compra 354851 Cable Usb,,,-c A Displayport M 3.0m 8k60hz + Env\u00edo a domicilio + Pago seguro + Garant\u00eda","robots":{"index":"index","follow":"follow","max-snippet":"max-snippet:-1","max-image-preview":"max-image-preview:large","max-video-preview":"max-video-preview:-1"},"canonical":"https:\/\/compuviper.mx\/tienda\/producto\/manhattan-354851-cable-usb-c-a-displayport-m-3-0m-8k60hz\/","og_locale":"es_MX","og_type":"article","og_title":"[ Manhattan ] &#129351; 354851 Cable Usb,,,-c A Displayport M 3.0m 8k60hz","og_description":"Compra 354851 Cable Usb,,,-c A Displayport M 3.0m 8k60hz + Env\u00edo a domicilio + Pago seguro + Garant\u00eda","og_url":"https:\/\/compuviper.mx\/tienda\/producto\/manhattan-354851-cable-usb-c-a-displayport-m-3-0m-8k60hz\/","og_site_name":"Compuviper","article_publisher":"https:\/\/www.facebook.com\/compuviper","og_image":[{"width":200,"height":200,"url":"https:\/\/compuviper.mx\/tienda\/wp-content\/uploads\/2023\/12\/Cable-usbmanhattan354851-c-a-displayport-m-3.0m-8k60hz.jpg","type":"image\/jpeg"}],"twitter_card":"summary_large_image","twitter_misc":{"Precio":"&#36;389 con IVA","Availability":"In stock"},"schema":{"@context":"https:\/\/schema.org","@graph":[{"@type":"WebPage","@id":"https:\/\/compuviper.mx\/tienda\/producto\/manhattan-354851-cable-usb-c-a-displayport-m-3-0m-8k60hz\/","url":"https:\/\/compuviper.mx\/tienda\/producto\/manhattan-354851-cable-usb-c-a-displayport-m-3-0m-8k60hz\/","name":"[ Manhattan ] &#129351; 354851 Cable Usb,,,-c A Displayport M 3.0m 8k60hz","isPartOf":{"@id":"https:\/\/compuviper.mx\/tienda\/#website"},"datePublished":"2026-04-18T05:47:09+00:00","dateModified":"2026-04-18T05:47:09+00:00","description":"Compra 354851 Cable Usb,,,-c A Displayport M 3.0m 8k60hz + Env\u00edo a domicilio + Pago seguro + Garant\u00eda","breadcrumb":{"@id":"https:\/\/compuviper.mx\/tienda\/producto\/manhattan-354851-cable-usb-c-a-displayport-m-3-0m-8k60hz\/#breadcrumb"},"inLanguage":"es-MX","potentialAction":[{"@type":"ReadAction","target":["https:\/\/compuviper.mx\/tienda\/producto\/manhattan-354851-cable-usb-c-a-displayport-m-3-0m-8k60hz\/"]}]},{"@type":"BreadcrumbList","@id":"https:\/\/compuviper.mx\/tienda\/producto\/manhattan-354851-cable-usb-c-a-displayport-m-3-0m-8k60hz\/#breadcrumb","itemListElement":[{"@type":"ListItem","position":1,"name":"Inicio","item":"https:\/\/compuviper.mx\/tienda\/"},{"@type":"ListItem","position":2,"name":"Productos","item":"https:\/\/compuviper.mx\/tienda\/productos\/"},{"@type":"ListItem","position":3,"name":"Cables","item":"https:\/\/compuviper.mx\/tienda\/categoria-producto\/cables\/"},{"@type":"ListItem","position":4,"name":"Cable De Red","item":"https:\/\/compuviper.mx\/tienda\/categoria-producto\/cables\/cable-de-red\/"},{"@type":"ListItem","position":5,"name":"Manhattan 354851 Cable Usb,,,-c A Displayport M 3.0m 8k60hz"}]},{"@type":"WebSite","@id":"https:\/\/compuviper.mx\/tienda\/#website","url":"https:\/\/compuviper.mx\/tienda\/","name":"Compuviper","description":"Proveedor de Computadoras, Laptops, Servidores, Monitores, Puntos de Venta, Teclados,   Impresoras, T\u00f3ner, C\u00e1maras de Seguridad y m\u00e1s en tu tienda en l\u00ednea","publisher":{"@id":"https:\/\/compuviper.mx\/tienda\/#organization"},"potentialAction":[{"@type":"SearchAction","target":{"@type":"EntryPoint","urlTemplate":"https:\/\/compuviper.mx\/tienda\/?s={search_term_string}"},"query-input":"required name=search_term_string"}],"inLanguage":"es-MX"},{"@type":"Organization","@id":"https:\/\/compuviper.mx\/tienda\/#organization","name":"Compuviper","url":"https:\/\/compuviper.mx\/tienda\/","logo":{"@type":"ImageObject","inLanguage":"es-MX","@id":"https:\/\/compuviper.mx\/tienda\/#\/schema\/logo\/image\/","url":"https:\/\/compuviper.mx\/tienda\/wp-content\/uploads\/2021\/08\/Logo-Compuviper-10.png","contentUrl":"https:\/\/compuviper.mx\/tienda\/wp-content\/uploads\/2021\/08\/Logo-Compuviper-10.png","width":1000,"height":500,"caption":"Compuviper"},"image":{"@id":"https:\/\/compuviper.mx\/tienda\/#\/schema\/logo\/image\/"},"sameAs":["https:\/\/www.facebook.com\/compuviper","https:\/\/www.youtube.com\/channel\/UCf73dERp9Y3cfOq7q8BhLjA?view_as=subscriber"]}]},"product_brand":"MANHATTAN","product_price_amount":"389","product_price_currency":"MXN","og_availability":"instock","product_availability":"instock","product_retailer_item_id":"354851","product_condition":"new"},"_links":{"self":[{"href":"https:\/\/compuviper.mx\/tienda\/wp-json\/wp\/v2\/product\/214282"}],"collection":[{"href":"https:\/\/compuviper.mx\/tienda\/wp-json\/wp\/v2\/product"}],"about":[{"href":"https:\/\/compuviper.mx\/tienda\/wp-json\/wp\/v2\/types\/product"}],"replies":[{"embeddable":true,"href":"https:\/\/compuviper.mx\/tienda\/wp-json\/wp\/v2\/comments?post=214282"}],"wp:featuredmedia":[{"embeddable":true,"href":"https:\/\/compuviper.mx\/tienda\/wp-json\/wp\/v2\/media\/214283"}],"wp:attachment":[{"href":"https:\/\/compuviper.mx\/tienda\/wp-json\/wp\/v2\/media?parent=214282"}],"wp:term":[{"taxonomy":"product_cat","embeddable":true,"href":"https:\/\/compuviper.mx\/tienda\/wp-json\/wp\/v2\/product_cat?post=214282"},{"taxonomy":"product_tag","embeddable":true,"href":"https:\/\/compuviper.mx\/tienda\/wp-json\/wp\/v2\/product_tag?post=214282"}],"curies":[{"name":"wp","href":"https:\/\/api.w.org\/{rel}","templated":true}]}}