{"id":214238,"date":"2026-04-10T23:42:00","date_gmt":"2026-04-11T05:42:00","guid":{"rendered":"https:\/\/compuviper.mx\/tienda\/producto\/manhattan-304955-cable-hdmi-mini-hdmi-1-8m-bolsa\/"},"modified":"2026-04-10T23:42:00","modified_gmt":"2026-04-11T05:42:00","slug":"manhattan-304955-cable-hdmi-mini-hdmi-1-8m-bolsa","status":"publish","type":"product","link":"https:\/\/compuviper.mx\/tienda\/producto\/manhattan-304955-cable-hdmi-mini-hdmi-1-8m-bolsa\/","title":{"rendered":"Manhattan 304955 Cable Hdmi,,, Mini-hdmi 1.8m Bolsa"},"content":{"rendered":"<table class=\"descripcion\">\n<tr>\n<td>Especificaciones:<\/td>\n<\/tr>\n<tr>\n<td>Est\u00e1ndares y especificaciones:<\/td>\n<\/tr>\n<tr>\n<td>Ul 20276<\/td>\n<\/tr>\n<tr>\n<td>Iso9002<\/td>\n<\/tr>\n<tr>\n<td>General:<\/td>\n<\/tr>\n<tr>\n<td>Ancho de banda: 10.2 gbps<\/td>\n<\/tr>\n<tr>\n<td>340 mhz<\/td>\n<\/tr>\n<tr>\n<td>Cumple o excede con los est\u00e1ndares actuales de hdmi<\/td>\n<\/tr>\n<tr>\n<td>Longitud: 1.8 m<\/td>\n<\/tr>\n<tr>\n<td>Contactos<\/td>\n<\/tr>\n<tr>\n<td>1 hdmi de 19 pines, macho<\/td>\n<\/tr>\n<tr>\n<td>1 mini hdmi 19 pines, macho<\/td>\n<\/tr>\n<tr>\n<td>Con ba\u00f1o de oro<\/td>\n<\/tr>\n<tr>\n<td>Terminales moldeadas en pvc<\/td>\n<\/tr>\n<tr>\n<td>Blindado, aluminio y trenzado<\/td>\n<\/tr>\n<tr>\n<td>Calibre 30 awg<\/td>\n<\/tr>\n<tr>\n<td>El\u00e9ctrico:<\/td>\n<\/tr>\n<tr>\n<td>Tasa nominal de corriente: 0.5 a dc<\/td>\n<\/tr>\n<tr>\n<td>Voltaje de ruptura: 300 v dc<\/td>\n<\/tr>\n<tr>\n<td>Resistencia de aislamiento: 5 mohms<\/td>\n<\/tr>\n<tr>\n<td>Resistencia de conductividad: 2 ohms<\/td>\n<\/tr>\n<tr>\n<td>Contenido del paquete:<\/td>\n<\/tr>\n<tr>\n<td>Cable hdmi de alta velocidad mini hdmi macho a hdmi macho<\/td>\n<\/tr>\n<\/table>\n","protected":false},"excerpt":{"rendered":"<p>Cables de alta velocidad entregan un desempe\u00f1o de alta definici\u00f3n hdmi se ha convertido en el est\u00e1ndar digital para conexiones de audio y v\u00eddeo de alta calidad sobre un solo cable. Los cables hdmi de alta velocidad manhattan est\u00e1n dise\u00f1ados y cuidadosamente ensamblados para cubrir las necesidades del mercado de alta definic\u00f3n. Los cables hdmi de alta velocidad manhattan proporcionan una resoluci\u00f3n 4k y un ancho de banda de 10.2 gbit\/sec a 340 mhz. Estos cables de alta calidad proporiconan una alta definci\u00f3n en v\u00eddeo y sonido digital en multicanal con caracter\u00edsticas de desempe\u00f1o mejoradas y mejor precisi\u00f3n. Features: soporta una resoluci\u00f3n de 4k, video en 3d y color intenso compatible con cualquier dispositivo hdmi, como blu-ray, consolas de juego, est\u00e9reos y pcs cumple con las especificaciones de hdmi de alta velocidad ancho de banda de hasta 10.2 gbps a 340 mhz completamente blindado para reducir fuentes de interferencia tales como emi terminales moldeadas en pvc<\/p>\n","protected":false},"featured_media":214239,"comment_status":"open","ping_status":"open","template":"","meta":[],"product_cat":[1549,1550],"product_tag":[1487],"acf":[],"yoast_head":"<!-- This site is optimized with the Yoast SEO plugin v21.7 - https:\/\/yoast.com\/wordpress\/plugins\/seo\/ -->\n<title>[ Manhattan ] &#129351; 304955 Cable Hdmi,,, Mini-hdmi 1.8m Bolsa<\/title>\n<meta name=\"description\" content=\"Compra 304955 Cable Hdmi,,, Mini-hdmi 1.8m Bolsa + Env\u00edo a domicilio + Pago seguro + Garant\u00eda\" \/>\n<meta name=\"robots\" content=\"index, follow, max-snippet:-1, max-image-preview:large, max-video-preview:-1\" \/>\n<link rel=\"canonical\" href=\"https:\/\/compuviper.mx\/tienda\/producto\/manhattan-304955-cable-hdmi-mini-hdmi-1-8m-bolsa\/\" \/>\n<meta property=\"og:locale\" content=\"es_MX\" \/>\n<meta property=\"og:type\" content=\"article\" \/>\n<meta property=\"og:title\" content=\"[ Manhattan ] &#129351; 304955 Cable Hdmi,,, Mini-hdmi 1.8m Bolsa\" \/>\n<meta property=\"og:description\" content=\"Compra 304955 Cable Hdmi,,, Mini-hdmi 1.8m Bolsa + Env\u00edo a domicilio + Pago seguro + Garant\u00eda\" \/>\n<meta property=\"og:url\" content=\"https:\/\/compuviper.mx\/tienda\/producto\/manhattan-304955-cable-hdmi-mini-hdmi-1-8m-bolsa\/\" \/>\n<meta property=\"og:site_name\" content=\"Compuviper\" \/>\n<meta property=\"article:publisher\" content=\"https:\/\/www.facebook.com\/compuviper\" \/>\n<meta property=\"og:image\" content=\"https:\/\/compuviper.mx\/tienda\/wp-content\/uploads\/2023\/12\/Cable-hdmimanhattan304955-mini-hdmi-1.8m-bolsa.jpg\" \/>\n\t<meta property=\"og:image:width\" content=\"200\" \/>\n\t<meta property=\"og:image:height\" content=\"200\" \/>\n\t<meta property=\"og:image:type\" content=\"image\/jpeg\" \/>\n<meta name=\"twitter:card\" content=\"summary_large_image\" \/>\n<meta name=\"twitter:label1\" content=\"Precio\" \/>\n\t<meta name=\"twitter:data1\" content=\"&#36;96 con IVA\" \/>\n\t<meta name=\"twitter:label2\" content=\"Availability\" \/>\n\t<meta name=\"twitter:data2\" content=\"In stock\" \/>\n<script type=\"application\/ld+json\" class=\"yoast-schema-graph\">{\"@context\":\"https:\/\/schema.org\",\"@graph\":[{\"@type\":\"WebPage\",\"@id\":\"https:\/\/compuviper.mx\/tienda\/producto\/manhattan-304955-cable-hdmi-mini-hdmi-1-8m-bolsa\/\",\"url\":\"https:\/\/compuviper.mx\/tienda\/producto\/manhattan-304955-cable-hdmi-mini-hdmi-1-8m-bolsa\/\",\"name\":\"[ Manhattan ] &#129351; 304955 Cable Hdmi,,, Mini-hdmi 1.8m Bolsa\",\"isPartOf\":{\"@id\":\"https:\/\/compuviper.mx\/tienda\/#website\"},\"datePublished\":\"2026-04-11T05:42:00+00:00\",\"dateModified\":\"2026-04-11T05:42:00+00:00\",\"description\":\"Compra 304955 Cable Hdmi,,, Mini-hdmi 1.8m Bolsa + Env\u00edo a domicilio + Pago seguro + Garant\u00eda\",\"breadcrumb\":{\"@id\":\"https:\/\/compuviper.mx\/tienda\/producto\/manhattan-304955-cable-hdmi-mini-hdmi-1-8m-bolsa\/#breadcrumb\"},\"inLanguage\":\"es-MX\",\"potentialAction\":[{\"@type\":\"ReadAction\",\"target\":[\"https:\/\/compuviper.mx\/tienda\/producto\/manhattan-304955-cable-hdmi-mini-hdmi-1-8m-bolsa\/\"]}]},{\"@type\":\"BreadcrumbList\",\"@id\":\"https:\/\/compuviper.mx\/tienda\/producto\/manhattan-304955-cable-hdmi-mini-hdmi-1-8m-bolsa\/#breadcrumb\",\"itemListElement\":[{\"@type\":\"ListItem\",\"position\":1,\"name\":\"Inicio\",\"item\":\"https:\/\/compuviper.mx\/tienda\/\"},{\"@type\":\"ListItem\",\"position\":2,\"name\":\"Productos\",\"item\":\"https:\/\/compuviper.mx\/tienda\/productos\/\"},{\"@type\":\"ListItem\",\"position\":3,\"name\":\"Cables\",\"item\":\"https:\/\/compuviper.mx\/tienda\/categoria-producto\/cables\/\"},{\"@type\":\"ListItem\",\"position\":4,\"name\":\"Cable De Video\",\"item\":\"https:\/\/compuviper.mx\/tienda\/categoria-producto\/cables\/cable-de-video\/\"},{\"@type\":\"ListItem\",\"position\":5,\"name\":\"Manhattan 304955 Cable Hdmi,,, Mini-hdmi 1.8m Bolsa\"}]},{\"@type\":\"WebSite\",\"@id\":\"https:\/\/compuviper.mx\/tienda\/#website\",\"url\":\"https:\/\/compuviper.mx\/tienda\/\",\"name\":\"Compuviper\",\"description\":\"Proveedor de Computadoras, Laptops, Servidores, Monitores, Puntos de Venta, Teclados,   Impresoras, T\u00f3ner, C\u00e1maras de Seguridad y m\u00e1s en tu tienda en l\u00ednea\",\"publisher\":{\"@id\":\"https:\/\/compuviper.mx\/tienda\/#organization\"},\"potentialAction\":[{\"@type\":\"SearchAction\",\"target\":{\"@type\":\"EntryPoint\",\"urlTemplate\":\"https:\/\/compuviper.mx\/tienda\/?s={search_term_string}\"},\"query-input\":\"required name=search_term_string\"}],\"inLanguage\":\"es-MX\"},{\"@type\":\"Organization\",\"@id\":\"https:\/\/compuviper.mx\/tienda\/#organization\",\"name\":\"Compuviper\",\"url\":\"https:\/\/compuviper.mx\/tienda\/\",\"logo\":{\"@type\":\"ImageObject\",\"inLanguage\":\"es-MX\",\"@id\":\"https:\/\/compuviper.mx\/tienda\/#\/schema\/logo\/image\/\",\"url\":\"https:\/\/compuviper.mx\/tienda\/wp-content\/uploads\/2021\/08\/Logo-Compuviper-10.png\",\"contentUrl\":\"https:\/\/compuviper.mx\/tienda\/wp-content\/uploads\/2021\/08\/Logo-Compuviper-10.png\",\"width\":1000,\"height\":500,\"caption\":\"Compuviper\"},\"image\":{\"@id\":\"https:\/\/compuviper.mx\/tienda\/#\/schema\/logo\/image\/\"},\"sameAs\":[\"https:\/\/www.facebook.com\/compuviper\",\"https:\/\/www.youtube.com\/channel\/UCf73dERp9Y3cfOq7q8BhLjA?view_as=subscriber\"]}]}<\/script>\n<meta property=\"product:brand\" content=\"MANHATTAN\" \/>\n<meta property=\"product:price:amount\" content=\"96\" \/>\n<meta property=\"product:price:currency\" content=\"MXN\" \/>\n<meta property=\"og:availability\" content=\"instock\" \/>\n<meta property=\"product:availability\" content=\"instock\" \/>\n<meta property=\"product:retailer_item_id\" content=\"304955\" \/>\n<meta property=\"product:condition\" content=\"new\" \/>\n<!-- \/ Yoast SEO plugin. -->","yoast_head_json":{"title":"[ Manhattan ] &#129351; 304955 Cable Hdmi,,, Mini-hdmi 1.8m Bolsa","description":"Compra 304955 Cable Hdmi,,, Mini-hdmi 1.8m Bolsa + Env\u00edo a domicilio + Pago seguro + Garant\u00eda","robots":{"index":"index","follow":"follow","max-snippet":"max-snippet:-1","max-image-preview":"max-image-preview:large","max-video-preview":"max-video-preview:-1"},"canonical":"https:\/\/compuviper.mx\/tienda\/producto\/manhattan-304955-cable-hdmi-mini-hdmi-1-8m-bolsa\/","og_locale":"es_MX","og_type":"article","og_title":"[ Manhattan ] &#129351; 304955 Cable Hdmi,,, Mini-hdmi 1.8m Bolsa","og_description":"Compra 304955 Cable Hdmi,,, Mini-hdmi 1.8m Bolsa + Env\u00edo a domicilio + Pago seguro + Garant\u00eda","og_url":"https:\/\/compuviper.mx\/tienda\/producto\/manhattan-304955-cable-hdmi-mini-hdmi-1-8m-bolsa\/","og_site_name":"Compuviper","article_publisher":"https:\/\/www.facebook.com\/compuviper","og_image":[{"width":200,"height":200,"url":"https:\/\/compuviper.mx\/tienda\/wp-content\/uploads\/2023\/12\/Cable-hdmimanhattan304955-mini-hdmi-1.8m-bolsa.jpg","type":"image\/jpeg"}],"twitter_card":"summary_large_image","twitter_misc":{"Precio":"&#36;96 con IVA","Availability":"In stock"},"schema":{"@context":"https:\/\/schema.org","@graph":[{"@type":"WebPage","@id":"https:\/\/compuviper.mx\/tienda\/producto\/manhattan-304955-cable-hdmi-mini-hdmi-1-8m-bolsa\/","url":"https:\/\/compuviper.mx\/tienda\/producto\/manhattan-304955-cable-hdmi-mini-hdmi-1-8m-bolsa\/","name":"[ Manhattan ] &#129351; 304955 Cable Hdmi,,, Mini-hdmi 1.8m Bolsa","isPartOf":{"@id":"https:\/\/compuviper.mx\/tienda\/#website"},"datePublished":"2026-04-11T05:42:00+00:00","dateModified":"2026-04-11T05:42:00+00:00","description":"Compra 304955 Cable Hdmi,,, Mini-hdmi 1.8m Bolsa + Env\u00edo a domicilio + Pago seguro + Garant\u00eda","breadcrumb":{"@id":"https:\/\/compuviper.mx\/tienda\/producto\/manhattan-304955-cable-hdmi-mini-hdmi-1-8m-bolsa\/#breadcrumb"},"inLanguage":"es-MX","potentialAction":[{"@type":"ReadAction","target":["https:\/\/compuviper.mx\/tienda\/producto\/manhattan-304955-cable-hdmi-mini-hdmi-1-8m-bolsa\/"]}]},{"@type":"BreadcrumbList","@id":"https:\/\/compuviper.mx\/tienda\/producto\/manhattan-304955-cable-hdmi-mini-hdmi-1-8m-bolsa\/#breadcrumb","itemListElement":[{"@type":"ListItem","position":1,"name":"Inicio","item":"https:\/\/compuviper.mx\/tienda\/"},{"@type":"ListItem","position":2,"name":"Productos","item":"https:\/\/compuviper.mx\/tienda\/productos\/"},{"@type":"ListItem","position":3,"name":"Cables","item":"https:\/\/compuviper.mx\/tienda\/categoria-producto\/cables\/"},{"@type":"ListItem","position":4,"name":"Cable De Video","item":"https:\/\/compuviper.mx\/tienda\/categoria-producto\/cables\/cable-de-video\/"},{"@type":"ListItem","position":5,"name":"Manhattan 304955 Cable Hdmi,,, Mini-hdmi 1.8m Bolsa"}]},{"@type":"WebSite","@id":"https:\/\/compuviper.mx\/tienda\/#website","url":"https:\/\/compuviper.mx\/tienda\/","name":"Compuviper","description":"Proveedor de Computadoras, Laptops, Servidores, Monitores, Puntos de Venta, Teclados,   Impresoras, T\u00f3ner, C\u00e1maras de Seguridad y m\u00e1s en tu tienda en l\u00ednea","publisher":{"@id":"https:\/\/compuviper.mx\/tienda\/#organization"},"potentialAction":[{"@type":"SearchAction","target":{"@type":"EntryPoint","urlTemplate":"https:\/\/compuviper.mx\/tienda\/?s={search_term_string}"},"query-input":"required name=search_term_string"}],"inLanguage":"es-MX"},{"@type":"Organization","@id":"https:\/\/compuviper.mx\/tienda\/#organization","name":"Compuviper","url":"https:\/\/compuviper.mx\/tienda\/","logo":{"@type":"ImageObject","inLanguage":"es-MX","@id":"https:\/\/compuviper.mx\/tienda\/#\/schema\/logo\/image\/","url":"https:\/\/compuviper.mx\/tienda\/wp-content\/uploads\/2021\/08\/Logo-Compuviper-10.png","contentUrl":"https:\/\/compuviper.mx\/tienda\/wp-content\/uploads\/2021\/08\/Logo-Compuviper-10.png","width":1000,"height":500,"caption":"Compuviper"},"image":{"@id":"https:\/\/compuviper.mx\/tienda\/#\/schema\/logo\/image\/"},"sameAs":["https:\/\/www.facebook.com\/compuviper","https:\/\/www.youtube.com\/channel\/UCf73dERp9Y3cfOq7q8BhLjA?view_as=subscriber"]}]},"product_brand":"MANHATTAN","product_price_amount":"96","product_price_currency":"MXN","og_availability":"instock","product_availability":"instock","product_retailer_item_id":"304955","product_condition":"new"},"_links":{"self":[{"href":"https:\/\/compuviper.mx\/tienda\/wp-json\/wp\/v2\/product\/214238"}],"collection":[{"href":"https:\/\/compuviper.mx\/tienda\/wp-json\/wp\/v2\/product"}],"about":[{"href":"https:\/\/compuviper.mx\/tienda\/wp-json\/wp\/v2\/types\/product"}],"replies":[{"embeddable":true,"href":"https:\/\/compuviper.mx\/tienda\/wp-json\/wp\/v2\/comments?post=214238"}],"wp:featuredmedia":[{"embeddable":true,"href":"https:\/\/compuviper.mx\/tienda\/wp-json\/wp\/v2\/media\/214239"}],"wp:attachment":[{"href":"https:\/\/compuviper.mx\/tienda\/wp-json\/wp\/v2\/media?parent=214238"}],"wp:term":[{"taxonomy":"product_cat","embeddable":true,"href":"https:\/\/compuviper.mx\/tienda\/wp-json\/wp\/v2\/product_cat?post=214238"},{"taxonomy":"product_tag","embeddable":true,"href":"https:\/\/compuviper.mx\/tienda\/wp-json\/wp\/v2\/product_tag?post=214238"}],"curies":[{"name":"wp","href":"https:\/\/api.w.org\/{rel}","templated":true}]}}