{"id":214234,"date":"2026-04-17T23:47:00","date_gmt":"2026-04-18T05:47:00","guid":{"rendered":"https:\/\/compuviper.mx\/tienda\/producto\/startech-com-mxt101hq_50-cable-de-15-2m-de-extension-coaxial-de-video-vga-para-pantalla-de-alta-resolucion-hd15-m-a-h-mod\/"},"modified":"2026-04-17T23:47:00","modified_gmt":"2026-04-18T05:47:00","slug":"startech-com-mxt101hq_50-cable-de-15-2m-de-extension-coaxial-de-video-vga-para-pantalla-de-alta-resolucion-hd15-m-a-h-mod-mxt101hq50","status":"publish","type":"product","link":"https:\/\/compuviper.mx\/tienda\/producto\/startech-com-mxt101hq_50-cable-de-15-2m-de-extension-coaxial-de-video-vga-para-pantalla-de-alta-resolucion-hd15-m-a-h-mod-mxt101hq50\/","title":{"rendered":"Startech.com Mxt101hq_50 Cable De 15.2m De Extension Coaxial De Video Vga Para Pantalla De Alta Resolucion &#8211; Hd15 M A H &#8211;  Mod. Mxt101hq50"},"content":{"rendered":"<table class=\"descripcion\">\n<tr>\n<td>Peso del producto: 1498 g<\/td>\n<\/tr>\n<tr>\n<td>Revestimiento del conector: niquel<\/td>\n<\/tr>\n<tr>\n<td>Color: negro<\/td>\n<\/tr>\n<tr>\n<td>Conector a: 1 vga (15 pines, d-sub de alta densidad)<\/td>\n<\/tr>\n<tr>\n<td>Conector b: 1 vga (15 pines, d-sub de alta densidad)<\/td>\n<\/tr>\n<tr>\n<td>Longitud del cable: 15245 mm<\/td>\n<\/tr>\n<tr>\n<td>Calibre del conductor: 28 awg<\/td>\n<\/tr>\n<tr>\n<td>Nota: el pin 9 no esta asignado en estos conectores<\/td>\n<\/tr>\n<tr>\n<td>Longitud del producto: 15245 mm<\/td>\n<\/tr>\n<\/table>\n","protected":false},"excerpt":{"rendered":"<p>El cable de extension vga de alta resolucion (15,2 metros), mxt101hq_50 esta disenado para ampliar la conexion de video vga, manteniendo el maximo nivel de calidad de video posible a traves de vga. Ideal para aplicaciones de video vga de alta resolucion, este cable coaxial de extension vga (hd15 a hd15, mh) de excelente calidad elimina el denominado ghosting o efecto fantasma asi como las imagenes borrosas inherentes de los cables no coaxiales, al mismo tiempo que proporciona proteccion contra interferencias emi utilizando nucleos de ferrita cerca de los extremos del conector.<\/p>\n","protected":false},"featured_media":214235,"comment_status":"open","ping_status":"open","template":"","meta":[],"product_cat":[1550,1549],"product_tag":[1590],"acf":[],"yoast_head":"<!-- This site is optimized with the Yoast SEO plugin v21.7 - https:\/\/yoast.com\/wordpress\/plugins\/seo\/ -->\n<title>[ Startech.com ] &#129351; Mxt101hq_50 Cable De 15.2m De Extension Coaxial De Video Vga Para Pantalla De Alta Resolucion - Hd15 M A H - Mod. Mxt101hq50<\/title>\n<meta name=\"description\" content=\"Compra Mxt101hq_50 Cable De 15.2m De Extension Coaxial De Video Vga Para Pantalla De Alta Resolucion - Hd15 M A H - Mod. Mxt101hq50 + Env\u00edo a domicilio + Pago seguro + Garant\u00eda\" \/>\n<meta name=\"robots\" content=\"index, follow, max-snippet:-1, max-image-preview:large, max-video-preview:-1\" \/>\n<link rel=\"canonical\" href=\"https:\/\/compuviper.mx\/tienda\/producto\/startech-com-mxt101hq_50-cable-de-15-2m-de-extension-coaxial-de-video-vga-para-pantalla-de-alta-resolucion-hd15-m-a-h-mod-mxt101hq50\/\" \/>\n<meta property=\"og:locale\" content=\"es_MX\" \/>\n<meta property=\"og:type\" content=\"article\" \/>\n<meta property=\"og:title\" content=\"[ Startech.com ] &#129351; Mxt101hq_50 Cable De 15.2m De Extension Coaxial De Video Vga Para Pantalla De Alta Resolucion - Hd15 M A H - Mod. Mxt101hq50\" \/>\n<meta property=\"og:description\" content=\"Compra Mxt101hq_50 Cable De 15.2m De Extension Coaxial De Video Vga Para Pantalla De Alta Resolucion - Hd15 M A H - Mod. Mxt101hq50 + Env\u00edo a domicilio + Pago seguro + Garant\u00eda\" \/>\n<meta property=\"og:url\" content=\"https:\/\/compuviper.mx\/tienda\/producto\/startech-com-mxt101hq_50-cable-de-15-2m-de-extension-coaxial-de-video-vga-para-pantalla-de-alta-resolucion-hd15-m-a-h-mod-mxt101hq50\/\" \/>\n<meta property=\"og:site_name\" content=\"Compuviper\" \/>\n<meta property=\"article:publisher\" content=\"https:\/\/www.facebook.com\/compuviper\" \/>\n<meta property=\"og:image\" content=\"https:\/\/compuviper.mx\/tienda\/wp-content\/uploads\/2023\/12\/Cable-de-15.2m-de-extension-coaxial-de-video-vga-para-pantalla-de-alta-resolucion-hd15-m-a-h-startech.com-mod.-mxt101hq_50.jpg\" \/>\n\t<meta property=\"og:image:width\" content=\"200\" \/>\n\t<meta property=\"og:image:height\" content=\"200\" \/>\n\t<meta property=\"og:image:type\" content=\"image\/jpeg\" \/>\n<meta name=\"twitter:card\" content=\"summary_large_image\" \/>\n<meta name=\"twitter:label1\" content=\"Precio\" \/>\n\t<meta name=\"twitter:data1\" content=\"&#36;409 con IVA\" \/>\n\t<meta name=\"twitter:label2\" content=\"Availability\" \/>\n\t<meta name=\"twitter:data2\" content=\"Out of stock\" \/>\n<script type=\"application\/ld+json\" class=\"yoast-schema-graph\">{\"@context\":\"https:\/\/schema.org\",\"@graph\":[{\"@type\":\"WebPage\",\"@id\":\"https:\/\/compuviper.mx\/tienda\/producto\/startech-com-mxt101hq_50-cable-de-15-2m-de-extension-coaxial-de-video-vga-para-pantalla-de-alta-resolucion-hd15-m-a-h-mod-mxt101hq50\/\",\"url\":\"https:\/\/compuviper.mx\/tienda\/producto\/startech-com-mxt101hq_50-cable-de-15-2m-de-extension-coaxial-de-video-vga-para-pantalla-de-alta-resolucion-hd15-m-a-h-mod-mxt101hq50\/\",\"name\":\"[ Startech.com ] &#129351; Mxt101hq_50 Cable De 15.2m De Extension Coaxial De Video Vga Para Pantalla De Alta Resolucion - Hd15 M A H - Mod. Mxt101hq50\",\"isPartOf\":{\"@id\":\"https:\/\/compuviper.mx\/tienda\/#website\"},\"datePublished\":\"2026-04-18T05:47:00+00:00\",\"dateModified\":\"2026-04-18T05:47:00+00:00\",\"description\":\"Compra Mxt101hq_50 Cable De 15.2m De Extension Coaxial De Video Vga Para Pantalla De Alta Resolucion - Hd15 M A H - Mod. Mxt101hq50 + Env\u00edo a domicilio + Pago seguro + Garant\u00eda\",\"breadcrumb\":{\"@id\":\"https:\/\/compuviper.mx\/tienda\/producto\/startech-com-mxt101hq_50-cable-de-15-2m-de-extension-coaxial-de-video-vga-para-pantalla-de-alta-resolucion-hd15-m-a-h-mod-mxt101hq50\/#breadcrumb\"},\"inLanguage\":\"es-MX\",\"potentialAction\":[{\"@type\":\"ReadAction\",\"target\":[\"https:\/\/compuviper.mx\/tienda\/producto\/startech-com-mxt101hq_50-cable-de-15-2m-de-extension-coaxial-de-video-vga-para-pantalla-de-alta-resolucion-hd15-m-a-h-mod-mxt101hq50\/\"]}]},{\"@type\":\"BreadcrumbList\",\"@id\":\"https:\/\/compuviper.mx\/tienda\/producto\/startech-com-mxt101hq_50-cable-de-15-2m-de-extension-coaxial-de-video-vga-para-pantalla-de-alta-resolucion-hd15-m-a-h-mod-mxt101hq50\/#breadcrumb\",\"itemListElement\":[{\"@type\":\"ListItem\",\"position\":1,\"name\":\"Inicio\",\"item\":\"https:\/\/compuviper.mx\/tienda\/\"},{\"@type\":\"ListItem\",\"position\":2,\"name\":\"Productos\",\"item\":\"https:\/\/compuviper.mx\/tienda\/productos\/\"},{\"@type\":\"ListItem\",\"position\":3,\"name\":\"Cables\",\"item\":\"https:\/\/compuviper.mx\/tienda\/categoria-producto\/cables\/\"},{\"@type\":\"ListItem\",\"position\":4,\"name\":\"Cable De Video\",\"item\":\"https:\/\/compuviper.mx\/tienda\/categoria-producto\/cables\/cable-de-video\/\"},{\"@type\":\"ListItem\",\"position\":5,\"name\":\"Startech.com Mxt101hq_50 Cable De 15.2m De Extension Coaxial De Video Vga Para Pantalla De Alta Resolucion &#8211; Hd15 M A H &#8211; Mod. Mxt101hq50\"}]},{\"@type\":\"WebSite\",\"@id\":\"https:\/\/compuviper.mx\/tienda\/#website\",\"url\":\"https:\/\/compuviper.mx\/tienda\/\",\"name\":\"Compuviper\",\"description\":\"Proveedor de Computadoras, Laptops, Servidores, Monitores, Puntos de Venta, Teclados,   Impresoras, T\u00f3ner, C\u00e1maras de Seguridad y m\u00e1s en tu tienda en l\u00ednea\",\"publisher\":{\"@id\":\"https:\/\/compuviper.mx\/tienda\/#organization\"},\"potentialAction\":[{\"@type\":\"SearchAction\",\"target\":{\"@type\":\"EntryPoint\",\"urlTemplate\":\"https:\/\/compuviper.mx\/tienda\/?s={search_term_string}\"},\"query-input\":\"required name=search_term_string\"}],\"inLanguage\":\"es-MX\"},{\"@type\":\"Organization\",\"@id\":\"https:\/\/compuviper.mx\/tienda\/#organization\",\"name\":\"Compuviper\",\"url\":\"https:\/\/compuviper.mx\/tienda\/\",\"logo\":{\"@type\":\"ImageObject\",\"inLanguage\":\"es-MX\",\"@id\":\"https:\/\/compuviper.mx\/tienda\/#\/schema\/logo\/image\/\",\"url\":\"https:\/\/compuviper.mx\/tienda\/wp-content\/uploads\/2021\/08\/Logo-Compuviper-10.png\",\"contentUrl\":\"https:\/\/compuviper.mx\/tienda\/wp-content\/uploads\/2021\/08\/Logo-Compuviper-10.png\",\"width\":1000,\"height\":500,\"caption\":\"Compuviper\"},\"image\":{\"@id\":\"https:\/\/compuviper.mx\/tienda\/#\/schema\/logo\/image\/\"},\"sameAs\":[\"https:\/\/www.facebook.com\/compuviper\",\"https:\/\/www.youtube.com\/channel\/UCf73dERp9Y3cfOq7q8BhLjA?view_as=subscriber\"]}]}<\/script>\n<meta property=\"product:brand\" content=\"STARTECH.COM\" \/>\n<meta property=\"product:price:amount\" content=\"409\" \/>\n<meta property=\"product:price:currency\" content=\"MXN\" \/>\n<meta property=\"og:availability\" content=\"out of stock\" \/>\n<meta property=\"product:availability\" content=\"out of stock\" \/>\n<meta property=\"product:retailer_item_id\" content=\"MXT101HQ_50\" \/>\n<meta property=\"product:condition\" content=\"new\" \/>\n<!-- \/ Yoast SEO plugin. -->","yoast_head_json":{"title":"[ Startech.com ] &#129351; Mxt101hq_50 Cable De 15.2m De Extension Coaxial De Video Vga Para Pantalla De Alta Resolucion - Hd15 M A H - Mod. Mxt101hq50","description":"Compra Mxt101hq_50 Cable De 15.2m De Extension Coaxial De Video Vga Para Pantalla De Alta Resolucion - Hd15 M A H - Mod. Mxt101hq50 + Env\u00edo a domicilio + Pago seguro + Garant\u00eda","robots":{"index":"index","follow":"follow","max-snippet":"max-snippet:-1","max-image-preview":"max-image-preview:large","max-video-preview":"max-video-preview:-1"},"canonical":"https:\/\/compuviper.mx\/tienda\/producto\/startech-com-mxt101hq_50-cable-de-15-2m-de-extension-coaxial-de-video-vga-para-pantalla-de-alta-resolucion-hd15-m-a-h-mod-mxt101hq50\/","og_locale":"es_MX","og_type":"article","og_title":"[ Startech.com ] &#129351; Mxt101hq_50 Cable De 15.2m De Extension Coaxial De Video Vga Para Pantalla De Alta Resolucion - Hd15 M A H - Mod. Mxt101hq50","og_description":"Compra Mxt101hq_50 Cable De 15.2m De Extension Coaxial De Video Vga Para Pantalla De Alta Resolucion - Hd15 M A H - Mod. Mxt101hq50 + Env\u00edo a domicilio + Pago seguro + Garant\u00eda","og_url":"https:\/\/compuviper.mx\/tienda\/producto\/startech-com-mxt101hq_50-cable-de-15-2m-de-extension-coaxial-de-video-vga-para-pantalla-de-alta-resolucion-hd15-m-a-h-mod-mxt101hq50\/","og_site_name":"Compuviper","article_publisher":"https:\/\/www.facebook.com\/compuviper","og_image":[{"width":200,"height":200,"url":"https:\/\/compuviper.mx\/tienda\/wp-content\/uploads\/2023\/12\/Cable-de-15.2m-de-extension-coaxial-de-video-vga-para-pantalla-de-alta-resolucion-hd15-m-a-h-startech.com-mod.-mxt101hq_50.jpg","type":"image\/jpeg"}],"twitter_card":"summary_large_image","twitter_misc":{"Precio":"&#36;409 con IVA","Availability":"Out of stock"},"schema":{"@context":"https:\/\/schema.org","@graph":[{"@type":"WebPage","@id":"https:\/\/compuviper.mx\/tienda\/producto\/startech-com-mxt101hq_50-cable-de-15-2m-de-extension-coaxial-de-video-vga-para-pantalla-de-alta-resolucion-hd15-m-a-h-mod-mxt101hq50\/","url":"https:\/\/compuviper.mx\/tienda\/producto\/startech-com-mxt101hq_50-cable-de-15-2m-de-extension-coaxial-de-video-vga-para-pantalla-de-alta-resolucion-hd15-m-a-h-mod-mxt101hq50\/","name":"[ Startech.com ] &#129351; Mxt101hq_50 Cable De 15.2m De Extension Coaxial De Video Vga Para Pantalla De Alta Resolucion - Hd15 M A H - Mod. Mxt101hq50","isPartOf":{"@id":"https:\/\/compuviper.mx\/tienda\/#website"},"datePublished":"2026-04-18T05:47:00+00:00","dateModified":"2026-04-18T05:47:00+00:00","description":"Compra Mxt101hq_50 Cable De 15.2m De Extension Coaxial De Video Vga Para Pantalla De Alta Resolucion - Hd15 M A H - Mod. Mxt101hq50 + Env\u00edo a domicilio + Pago seguro + Garant\u00eda","breadcrumb":{"@id":"https:\/\/compuviper.mx\/tienda\/producto\/startech-com-mxt101hq_50-cable-de-15-2m-de-extension-coaxial-de-video-vga-para-pantalla-de-alta-resolucion-hd15-m-a-h-mod-mxt101hq50\/#breadcrumb"},"inLanguage":"es-MX","potentialAction":[{"@type":"ReadAction","target":["https:\/\/compuviper.mx\/tienda\/producto\/startech-com-mxt101hq_50-cable-de-15-2m-de-extension-coaxial-de-video-vga-para-pantalla-de-alta-resolucion-hd15-m-a-h-mod-mxt101hq50\/"]}]},{"@type":"BreadcrumbList","@id":"https:\/\/compuviper.mx\/tienda\/producto\/startech-com-mxt101hq_50-cable-de-15-2m-de-extension-coaxial-de-video-vga-para-pantalla-de-alta-resolucion-hd15-m-a-h-mod-mxt101hq50\/#breadcrumb","itemListElement":[{"@type":"ListItem","position":1,"name":"Inicio","item":"https:\/\/compuviper.mx\/tienda\/"},{"@type":"ListItem","position":2,"name":"Productos","item":"https:\/\/compuviper.mx\/tienda\/productos\/"},{"@type":"ListItem","position":3,"name":"Cables","item":"https:\/\/compuviper.mx\/tienda\/categoria-producto\/cables\/"},{"@type":"ListItem","position":4,"name":"Cable De Video","item":"https:\/\/compuviper.mx\/tienda\/categoria-producto\/cables\/cable-de-video\/"},{"@type":"ListItem","position":5,"name":"Startech.com Mxt101hq_50 Cable De 15.2m De Extension Coaxial De Video Vga Para Pantalla De Alta Resolucion &#8211; Hd15 M A H &#8211; Mod. Mxt101hq50"}]},{"@type":"WebSite","@id":"https:\/\/compuviper.mx\/tienda\/#website","url":"https:\/\/compuviper.mx\/tienda\/","name":"Compuviper","description":"Proveedor de Computadoras, Laptops, Servidores, Monitores, Puntos de Venta, Teclados,   Impresoras, T\u00f3ner, C\u00e1maras de Seguridad y m\u00e1s en tu tienda en l\u00ednea","publisher":{"@id":"https:\/\/compuviper.mx\/tienda\/#organization"},"potentialAction":[{"@type":"SearchAction","target":{"@type":"EntryPoint","urlTemplate":"https:\/\/compuviper.mx\/tienda\/?s={search_term_string}"},"query-input":"required name=search_term_string"}],"inLanguage":"es-MX"},{"@type":"Organization","@id":"https:\/\/compuviper.mx\/tienda\/#organization","name":"Compuviper","url":"https:\/\/compuviper.mx\/tienda\/","logo":{"@type":"ImageObject","inLanguage":"es-MX","@id":"https:\/\/compuviper.mx\/tienda\/#\/schema\/logo\/image\/","url":"https:\/\/compuviper.mx\/tienda\/wp-content\/uploads\/2021\/08\/Logo-Compuviper-10.png","contentUrl":"https:\/\/compuviper.mx\/tienda\/wp-content\/uploads\/2021\/08\/Logo-Compuviper-10.png","width":1000,"height":500,"caption":"Compuviper"},"image":{"@id":"https:\/\/compuviper.mx\/tienda\/#\/schema\/logo\/image\/"},"sameAs":["https:\/\/www.facebook.com\/compuviper","https:\/\/www.youtube.com\/channel\/UCf73dERp9Y3cfOq7q8BhLjA?view_as=subscriber"]}]},"product_brand":"STARTECH.COM","product_price_amount":"409","product_price_currency":"MXN","og_availability":"out of stock","product_availability":"out of stock","product_retailer_item_id":"MXT101HQ_50","product_condition":"new"},"_links":{"self":[{"href":"https:\/\/compuviper.mx\/tienda\/wp-json\/wp\/v2\/product\/214234"}],"collection":[{"href":"https:\/\/compuviper.mx\/tienda\/wp-json\/wp\/v2\/product"}],"about":[{"href":"https:\/\/compuviper.mx\/tienda\/wp-json\/wp\/v2\/types\/product"}],"replies":[{"embeddable":true,"href":"https:\/\/compuviper.mx\/tienda\/wp-json\/wp\/v2\/comments?post=214234"}],"wp:featuredmedia":[{"embeddable":true,"href":"https:\/\/compuviper.mx\/tienda\/wp-json\/wp\/v2\/media\/214235"}],"wp:attachment":[{"href":"https:\/\/compuviper.mx\/tienda\/wp-json\/wp\/v2\/media?parent=214234"}],"wp:term":[{"taxonomy":"product_cat","embeddable":true,"href":"https:\/\/compuviper.mx\/tienda\/wp-json\/wp\/v2\/product_cat?post=214234"},{"taxonomy":"product_tag","embeddable":true,"href":"https:\/\/compuviper.mx\/tienda\/wp-json\/wp\/v2\/product_tag?post=214234"}],"curies":[{"name":"wp","href":"https:\/\/api.w.org\/{rel}","templated":true}]}}