{"id":214232,"date":"2026-04-17T23:46:59","date_gmt":"2026-04-18T05:46:59","guid":{"rendered":"https:\/\/compuviper.mx\/tienda\/producto\/manhattan-153690-convertidor-videousb-3-2-a-hdmi-h-1080p\/"},"modified":"2026-04-17T23:47:00","modified_gmt":"2026-04-18T05:47:00","slug":"manhattan-153690-convertidor-videousb-3-2-a-hdmi-h-1080p","status":"publish","type":"product","link":"https:\/\/compuviper.mx\/tienda\/producto\/manhattan-153690-convertidor-videousb-3-2-a-hdmi-h-1080p\/","title":{"rendered":"Manhattan 153690 Convertidor Video,,,usb 3.2 A Hdmi H, 1080p"},"content":{"rendered":"<table class=\"descripcion\">\n<tr>\n<td>Especificaciones:<\/td>\n<\/tr>\n<tr>\n<td>Normas y certificaciones<\/td>\n<\/tr>\n<tr>\n<td>&#8211; usb 3.2 gen 1<\/td>\n<\/tr>\n<tr>\n<td>&#8211; hdcp 1.4<\/td>\n<\/tr>\n<tr>\n<td>&#8211; ce<\/td>\n<\/tr>\n<tr>\n<td>&#8211; fcc<\/td>\n<\/tr>\n<tr>\n<td>&#8211; rohs<\/td>\n<\/tr>\n<tr>\n<td>&#8211; reach<\/td>\n<\/tr>\n<tr>\n<td>&#8211; ukca<\/td>\n<\/tr>\n<tr>\n<td>Conexiones<\/td>\n<\/tr>\n<tr>\n<td>&#8211; un usb-a de 9 contactos, macho<\/td>\n<\/tr>\n<tr>\n<td>&#8211; un hdmi de 19 contactos, hembra<\/td>\n<\/tr>\n<tr>\n<td>Fsico<\/td>\n<\/tr>\n<tr>\n<td>&#8211; dimensiones con cable largo x ancho x alto: 234 x 45 x 16 mm 9.21 x 1.77<\/td>\n<\/tr>\n<tr>\n<td>X 0.63 pulgadas<\/td>\n<\/tr>\n<tr>\n<td>&#8211; peso neto: 36 g 1.27 oz.<\/td>\n<\/tr>\n<tr>\n<td>&#8211; peso bruto: 64 g 2.26 oz.<\/td>\n<\/tr>\n<tr>\n<td>Longitud del cable: 15 cm 6 pulgadas<\/td>\n<\/tr>\n<tr>\n<td>&#8211; dimetro del cable: 28 awg<\/td>\n<\/tr>\n<tr>\n<td>&#8211; carcasa de plstico<\/td>\n<\/tr>\n<tr>\n<td>Entorno de funcionamiento<\/td>\n<\/tr>\n<tr>\n<td>&#8211; temperatura de funcionamiento: -20 &#8211; 45\u00b0c -4 &#8211; 113\u00b0f<\/td>\n<\/tr>\n<tr>\n<td>&#8211; temperatura de almacenamiento: -20 &#8211; 80\u00b0c 14 &#8211; 176\u00b0f<\/td>\n<\/tr>\n<tr>\n<td>&#8211; humedad sin condensacin 5 &#8211; 90 hr<\/td>\n<\/tr>\n<tr>\n<td>Requisitos del sistema<\/td>\n<\/tr>\n<tr>\n<td>&#8211; windows 7\/8.1\/10\/11 y macos<\/td>\n<\/tr>\n<tr>\n<td>Contenido del paquete<\/td>\n<\/tr>\n<tr>\n<td>&#8211; convertidor de usb-a a hdmi 1080p<\/td>\n<\/tr>\n<tr>\n<td>&#8211; instrucciones<\/td>\n<\/tr>\n<\/table>\n","protected":false},"excerpt":{"rendered":"<p>Convertidor usb 3.0 a hdmi para conectar una laptop. Macbook\u00ae, ultrabook o pc de escritorio a una pantalla. Monitor o proyector hdmi. El convertidor usb-a a hdmi de manhattan te permite conectar tu laptop o. Computadora de escritorio a una pantalla, monitor o proyector hdmi, a travs. De un solo puerto usb tipo-a. Aade una pantalla en modo espejo para obtener. Un mayor espacio en la pantalla, o adela en modo extendido para obtener. Ms productividad en multitareas. Proporciona una forma econmica y cmoda. De ampliar las capacidades de vdeo de su mac\u00ae o pc. Este producto funciona. Como una tarjeta grfica externa, por lo que aadir un segundo convertidor te. Permite conectar una segunda pantalla. Conecta fcilmente un dispositivo con salida usb-a a una pantalla. Monitor o proyector hdmi. Resoluciones full hd 1080p@60hz 19801080. Convierte una seal usb 3.2 gen 1 antes usb 3.0 en una seal hdmi. Con vdeo y audio. Ideal para conectar una pantalla hdmi a una pc de escritorio o laptop. Que no tenga puerto hdmi o para aadir una pantalla adicional si el. Puerto hdmi ya est en uso. Admite los modos de visualizacin extendida o espejo en windows\u00ae, y. Espejo en mac\u00ae. Sirve como tarjeta grfica externa, lo que permite aadir hasta dos. Pantallas externas al sistema requiere un adaptador por pantalla. Cable integrado y resistente de 15 cm. Alimentado por bus &#8211; no se requiere alimentacin externa. Compatible con la versin anterior de usb 2.0. Diseo porttil, compacto y ligero que cabe fcilmente en un bolsillo de. La maleta o mochila. Cumple con hdcp 1.4. Instalacin plug-and-play; compatible con windows\u00ae y macos\u00ae<\/p>\n","protected":false},"featured_media":214233,"comment_status":"open","ping_status":"open","template":"","meta":[],"product_cat":[1549,1602],"product_tag":[1487],"acf":[],"yoast_head":"<!-- This site is optimized with the Yoast SEO plugin v21.7 - https:\/\/yoast.com\/wordpress\/plugins\/seo\/ -->\n<title>[ Manhattan ] &#129351; 153690 Convertidor Video,,,usb 3.2 A Hdmi H, 1080p<\/title>\n<meta name=\"description\" content=\"Compra 153690 Convertidor Video,,,usb 3.2 A Hdmi H, 1080p + Env\u00edo a domicilio + Pago seguro + Garant\u00eda\" \/>\n<meta name=\"robots\" content=\"index, follow, max-snippet:-1, max-image-preview:large, max-video-preview:-1\" \/>\n<link rel=\"canonical\" href=\"https:\/\/compuviper.mx\/tienda\/producto\/manhattan-153690-convertidor-videousb-3-2-a-hdmi-h-1080p\/\" \/>\n<meta property=\"og:locale\" content=\"es_MX\" \/>\n<meta property=\"og:type\" content=\"article\" \/>\n<meta property=\"og:title\" content=\"[ Manhattan ] &#129351; 153690 Convertidor Video,,,usb 3.2 A Hdmi H, 1080p\" \/>\n<meta property=\"og:description\" content=\"Compra 153690 Convertidor Video,,,usb 3.2 A Hdmi H, 1080p + Env\u00edo a domicilio + Pago seguro + Garant\u00eda\" \/>\n<meta property=\"og:url\" content=\"https:\/\/compuviper.mx\/tienda\/producto\/manhattan-153690-convertidor-videousb-3-2-a-hdmi-h-1080p\/\" \/>\n<meta property=\"og:site_name\" content=\"Compuviper\" \/>\n<meta property=\"article:publisher\" content=\"https:\/\/www.facebook.com\/compuviper\" \/>\n<meta property=\"article:modified_time\" content=\"2026-04-18T05:47:00+00:00\" \/>\n<meta property=\"og:image\" content=\"https:\/\/compuviper.mx\/tienda\/wp-content\/uploads\/2023\/12\/Convertidor-videomanhattan153690usb-3.2-a-hdmi-h-1080p.jpg\" \/>\n\t<meta property=\"og:image:width\" content=\"200\" \/>\n\t<meta property=\"og:image:height\" content=\"200\" \/>\n\t<meta property=\"og:image:type\" content=\"image\/jpeg\" \/>\n<meta name=\"twitter:card\" content=\"summary_large_image\" \/>\n<meta name=\"twitter:label1\" content=\"Precio\" \/>\n\t<meta name=\"twitter:data1\" content=\"&#36;469 con IVA\" \/>\n\t<meta name=\"twitter:label2\" content=\"Availability\" \/>\n\t<meta name=\"twitter:data2\" content=\"In stock\" \/>\n<script type=\"application\/ld+json\" class=\"yoast-schema-graph\">{\"@context\":\"https:\/\/schema.org\",\"@graph\":[{\"@type\":\"WebPage\",\"@id\":\"https:\/\/compuviper.mx\/tienda\/producto\/manhattan-153690-convertidor-videousb-3-2-a-hdmi-h-1080p\/\",\"url\":\"https:\/\/compuviper.mx\/tienda\/producto\/manhattan-153690-convertidor-videousb-3-2-a-hdmi-h-1080p\/\",\"name\":\"[ Manhattan ] &#129351; 153690 Convertidor Video,,,usb 3.2 A Hdmi H, 1080p\",\"isPartOf\":{\"@id\":\"https:\/\/compuviper.mx\/tienda\/#website\"},\"datePublished\":\"2026-04-18T05:46:59+00:00\",\"dateModified\":\"2026-04-18T05:47:00+00:00\",\"description\":\"Compra 153690 Convertidor Video,,,usb 3.2 A Hdmi H, 1080p + Env\u00edo a domicilio + Pago seguro + Garant\u00eda\",\"breadcrumb\":{\"@id\":\"https:\/\/compuviper.mx\/tienda\/producto\/manhattan-153690-convertidor-videousb-3-2-a-hdmi-h-1080p\/#breadcrumb\"},\"inLanguage\":\"es-MX\",\"potentialAction\":[{\"@type\":\"ReadAction\",\"target\":[\"https:\/\/compuviper.mx\/tienda\/producto\/manhattan-153690-convertidor-videousb-3-2-a-hdmi-h-1080p\/\"]}]},{\"@type\":\"BreadcrumbList\",\"@id\":\"https:\/\/compuviper.mx\/tienda\/producto\/manhattan-153690-convertidor-videousb-3-2-a-hdmi-h-1080p\/#breadcrumb\",\"itemListElement\":[{\"@type\":\"ListItem\",\"position\":1,\"name\":\"Inicio\",\"item\":\"https:\/\/compuviper.mx\/tienda\/\"},{\"@type\":\"ListItem\",\"position\":2,\"name\":\"Productos\",\"item\":\"https:\/\/compuviper.mx\/tienda\/productos\/\"},{\"@type\":\"ListItem\",\"position\":3,\"name\":\"Cables\",\"item\":\"https:\/\/compuviper.mx\/tienda\/categoria-producto\/cables\/\"},{\"@type\":\"ListItem\",\"position\":4,\"name\":\"Cable De Red\",\"item\":\"https:\/\/compuviper.mx\/tienda\/categoria-producto\/cables\/cable-de-red\/\"},{\"@type\":\"ListItem\",\"position\":5,\"name\":\"Manhattan 153690 Convertidor Video,,,usb 3.2 A Hdmi H, 1080p\"}]},{\"@type\":\"WebSite\",\"@id\":\"https:\/\/compuviper.mx\/tienda\/#website\",\"url\":\"https:\/\/compuviper.mx\/tienda\/\",\"name\":\"Compuviper\",\"description\":\"Proveedor de Computadoras, Laptops, Servidores, Monitores, Puntos de Venta, Teclados,   Impresoras, T\u00f3ner, C\u00e1maras de Seguridad y m\u00e1s en tu tienda en l\u00ednea\",\"publisher\":{\"@id\":\"https:\/\/compuviper.mx\/tienda\/#organization\"},\"potentialAction\":[{\"@type\":\"SearchAction\",\"target\":{\"@type\":\"EntryPoint\",\"urlTemplate\":\"https:\/\/compuviper.mx\/tienda\/?s={search_term_string}\"},\"query-input\":\"required name=search_term_string\"}],\"inLanguage\":\"es-MX\"},{\"@type\":\"Organization\",\"@id\":\"https:\/\/compuviper.mx\/tienda\/#organization\",\"name\":\"Compuviper\",\"url\":\"https:\/\/compuviper.mx\/tienda\/\",\"logo\":{\"@type\":\"ImageObject\",\"inLanguage\":\"es-MX\",\"@id\":\"https:\/\/compuviper.mx\/tienda\/#\/schema\/logo\/image\/\",\"url\":\"https:\/\/compuviper.mx\/tienda\/wp-content\/uploads\/2021\/08\/Logo-Compuviper-10.png\",\"contentUrl\":\"https:\/\/compuviper.mx\/tienda\/wp-content\/uploads\/2021\/08\/Logo-Compuviper-10.png\",\"width\":1000,\"height\":500,\"caption\":\"Compuviper\"},\"image\":{\"@id\":\"https:\/\/compuviper.mx\/tienda\/#\/schema\/logo\/image\/\"},\"sameAs\":[\"https:\/\/www.facebook.com\/compuviper\",\"https:\/\/www.youtube.com\/channel\/UCf73dERp9Y3cfOq7q8BhLjA?view_as=subscriber\"]}]}<\/script>\n<meta property=\"product:brand\" content=\"MANHATTAN\" \/>\n<meta property=\"product:price:amount\" content=\"469\" \/>\n<meta property=\"product:price:currency\" content=\"MXN\" \/>\n<meta property=\"og:availability\" content=\"instock\" \/>\n<meta property=\"product:availability\" content=\"instock\" \/>\n<meta property=\"product:retailer_item_id\" content=\"153690\" \/>\n<meta property=\"product:condition\" content=\"new\" \/>\n<!-- \/ Yoast SEO plugin. -->","yoast_head_json":{"title":"[ Manhattan ] &#129351; 153690 Convertidor Video,,,usb 3.2 A Hdmi H, 1080p","description":"Compra 153690 Convertidor Video,,,usb 3.2 A Hdmi H, 1080p + Env\u00edo a domicilio + Pago seguro + Garant\u00eda","robots":{"index":"index","follow":"follow","max-snippet":"max-snippet:-1","max-image-preview":"max-image-preview:large","max-video-preview":"max-video-preview:-1"},"canonical":"https:\/\/compuviper.mx\/tienda\/producto\/manhattan-153690-convertidor-videousb-3-2-a-hdmi-h-1080p\/","og_locale":"es_MX","og_type":"article","og_title":"[ Manhattan ] &#129351; 153690 Convertidor Video,,,usb 3.2 A Hdmi H, 1080p","og_description":"Compra 153690 Convertidor Video,,,usb 3.2 A Hdmi H, 1080p + Env\u00edo a domicilio + Pago seguro + Garant\u00eda","og_url":"https:\/\/compuviper.mx\/tienda\/producto\/manhattan-153690-convertidor-videousb-3-2-a-hdmi-h-1080p\/","og_site_name":"Compuviper","article_publisher":"https:\/\/www.facebook.com\/compuviper","article_modified_time":"2026-04-18T05:47:00+00:00","og_image":[{"width":200,"height":200,"url":"https:\/\/compuviper.mx\/tienda\/wp-content\/uploads\/2023\/12\/Convertidor-videomanhattan153690usb-3.2-a-hdmi-h-1080p.jpg","type":"image\/jpeg"}],"twitter_card":"summary_large_image","twitter_misc":{"Precio":"&#36;469 con IVA","Availability":"In stock"},"schema":{"@context":"https:\/\/schema.org","@graph":[{"@type":"WebPage","@id":"https:\/\/compuviper.mx\/tienda\/producto\/manhattan-153690-convertidor-videousb-3-2-a-hdmi-h-1080p\/","url":"https:\/\/compuviper.mx\/tienda\/producto\/manhattan-153690-convertidor-videousb-3-2-a-hdmi-h-1080p\/","name":"[ Manhattan ] &#129351; 153690 Convertidor Video,,,usb 3.2 A Hdmi H, 1080p","isPartOf":{"@id":"https:\/\/compuviper.mx\/tienda\/#website"},"datePublished":"2026-04-18T05:46:59+00:00","dateModified":"2026-04-18T05:47:00+00:00","description":"Compra 153690 Convertidor Video,,,usb 3.2 A Hdmi H, 1080p + Env\u00edo a domicilio + Pago seguro + Garant\u00eda","breadcrumb":{"@id":"https:\/\/compuviper.mx\/tienda\/producto\/manhattan-153690-convertidor-videousb-3-2-a-hdmi-h-1080p\/#breadcrumb"},"inLanguage":"es-MX","potentialAction":[{"@type":"ReadAction","target":["https:\/\/compuviper.mx\/tienda\/producto\/manhattan-153690-convertidor-videousb-3-2-a-hdmi-h-1080p\/"]}]},{"@type":"BreadcrumbList","@id":"https:\/\/compuviper.mx\/tienda\/producto\/manhattan-153690-convertidor-videousb-3-2-a-hdmi-h-1080p\/#breadcrumb","itemListElement":[{"@type":"ListItem","position":1,"name":"Inicio","item":"https:\/\/compuviper.mx\/tienda\/"},{"@type":"ListItem","position":2,"name":"Productos","item":"https:\/\/compuviper.mx\/tienda\/productos\/"},{"@type":"ListItem","position":3,"name":"Cables","item":"https:\/\/compuviper.mx\/tienda\/categoria-producto\/cables\/"},{"@type":"ListItem","position":4,"name":"Cable De Red","item":"https:\/\/compuviper.mx\/tienda\/categoria-producto\/cables\/cable-de-red\/"},{"@type":"ListItem","position":5,"name":"Manhattan 153690 Convertidor Video,,,usb 3.2 A Hdmi H, 1080p"}]},{"@type":"WebSite","@id":"https:\/\/compuviper.mx\/tienda\/#website","url":"https:\/\/compuviper.mx\/tienda\/","name":"Compuviper","description":"Proveedor de Computadoras, Laptops, Servidores, Monitores, Puntos de Venta, Teclados,   Impresoras, T\u00f3ner, C\u00e1maras de Seguridad y m\u00e1s en tu tienda en l\u00ednea","publisher":{"@id":"https:\/\/compuviper.mx\/tienda\/#organization"},"potentialAction":[{"@type":"SearchAction","target":{"@type":"EntryPoint","urlTemplate":"https:\/\/compuviper.mx\/tienda\/?s={search_term_string}"},"query-input":"required name=search_term_string"}],"inLanguage":"es-MX"},{"@type":"Organization","@id":"https:\/\/compuviper.mx\/tienda\/#organization","name":"Compuviper","url":"https:\/\/compuviper.mx\/tienda\/","logo":{"@type":"ImageObject","inLanguage":"es-MX","@id":"https:\/\/compuviper.mx\/tienda\/#\/schema\/logo\/image\/","url":"https:\/\/compuviper.mx\/tienda\/wp-content\/uploads\/2021\/08\/Logo-Compuviper-10.png","contentUrl":"https:\/\/compuviper.mx\/tienda\/wp-content\/uploads\/2021\/08\/Logo-Compuviper-10.png","width":1000,"height":500,"caption":"Compuviper"},"image":{"@id":"https:\/\/compuviper.mx\/tienda\/#\/schema\/logo\/image\/"},"sameAs":["https:\/\/www.facebook.com\/compuviper","https:\/\/www.youtube.com\/channel\/UCf73dERp9Y3cfOq7q8BhLjA?view_as=subscriber"]}]},"product_brand":"MANHATTAN","product_price_amount":"469","product_price_currency":"MXN","og_availability":"instock","product_availability":"instock","product_retailer_item_id":"153690","product_condition":"new"},"_links":{"self":[{"href":"https:\/\/compuviper.mx\/tienda\/wp-json\/wp\/v2\/product\/214232"}],"collection":[{"href":"https:\/\/compuviper.mx\/tienda\/wp-json\/wp\/v2\/product"}],"about":[{"href":"https:\/\/compuviper.mx\/tienda\/wp-json\/wp\/v2\/types\/product"}],"replies":[{"embeddable":true,"href":"https:\/\/compuviper.mx\/tienda\/wp-json\/wp\/v2\/comments?post=214232"}],"wp:featuredmedia":[{"embeddable":true,"href":"https:\/\/compuviper.mx\/tienda\/wp-json\/wp\/v2\/media\/214233"}],"wp:attachment":[{"href":"https:\/\/compuviper.mx\/tienda\/wp-json\/wp\/v2\/media?parent=214232"}],"wp:term":[{"taxonomy":"product_cat","embeddable":true,"href":"https:\/\/compuviper.mx\/tienda\/wp-json\/wp\/v2\/product_cat?post=214232"},{"taxonomy":"product_tag","embeddable":true,"href":"https:\/\/compuviper.mx\/tienda\/wp-json\/wp\/v2\/product_tag?post=214232"}],"curies":[{"name":"wp","href":"https:\/\/api.w.org\/{rel}","templated":true}]}}