{"id":214208,"date":"2026-04-17T23:46:55","date_gmt":"2026-04-18T05:46:55","guid":{"rendered":"https:\/\/compuviper.mx\/tienda\/producto\/manhattan-179300-cable-usb-extension-activa-60m-via-rj45\/"},"modified":"2026-04-17T23:46:56","modified_gmt":"2026-04-18T05:46:56","slug":"manhattan-179300-cable-usb-extension-activa-60m-via-rj45","status":"publish","type":"product","link":"https:\/\/compuviper.mx\/tienda\/producto\/manhattan-179300-cable-usb-extension-activa-60m-via-rj45\/","title":{"rendered":"Manhattan 179300 Cable Usb,,, Extension Activa 60m, Via Rj45"},"content":{"rendered":"<table class=\"descripcion\">\n<tr>\n<td>Est\u00e1ndares y certificaciones:<\/td>\n<\/tr>\n<tr>\n<td>Ce<\/td>\n<\/tr>\n<tr>\n<td>Usb 1.0<\/td>\n<\/tr>\n<tr>\n<td>Usb 1.1<\/td>\n<\/tr>\n<tr>\n<td>Rohs<\/td>\n<\/tr>\n<tr>\n<td>Puertos:<\/td>\n<\/tr>\n<tr>\n<td>Unidad local, usb tipo a macho y rj45 hembra<\/td>\n<\/tr>\n<tr>\n<td>Unidad remota, usb tipo a hembra y rj45 hembra<\/td>\n<\/tr>\n<tr>\n<td>General:<\/td>\n<\/tr>\n<tr>\n<td>Tasa de transferencia: 12 mbps<\/td>\n<\/tr>\n<tr>\n<td>Bus alimentado<\/td>\n<\/tr>\n<tr>\n<td>Longitud m\u00e1xima: hasta 60 m<\/td>\n<\/tr>\n<tr>\n<td>Dise\u00f1o:<\/td>\n<\/tr>\n<tr>\n<td>19.5 x 3.0 x 19.8 cm<\/td>\n<\/tr>\n<tr>\n<td>Longitud del cable: 11.5 cm<\/td>\n<\/tr>\n<tr>\n<td>53.9 g<\/td>\n<\/tr>\n<tr>\n<td>Contenido del paquete:<\/td>\n<\/tr>\n<tr>\n<td>Extensor de l\u00ednea usb<\/td>\n<\/tr>\n<tr>\n<td>Gu\u00eda de instalaci\u00f3n r\u00e1pida<\/td>\n<\/tr>\n<\/table>\n","protected":false},"excerpt":{"rendered":"<p>Extiende la distancia de lectores de c\u00f3digo de barras, impresoras, c\u00e1maras digitales, teclado \/ rat\u00f3n, y otros dispositivos usb hacia la computadora. Transmisores y receptores integrados que incrementan la se\u00f1al y previenen su p\u00e9rdida. Bus que proporciona alimentaci\u00f3n &#8211; no requiere alimentaci\u00f3n externa; compatible con windows y mac. Compatible con windows y mac. Tres a\u00f1os de garant\u00eda<\/p>\n","protected":false},"featured_media":214209,"comment_status":"open","ping_status":"open","template":"","meta":[],"product_cat":[1549,1604],"product_tag":[1487],"acf":[],"yoast_head":"<!-- This site is optimized with the Yoast SEO plugin v21.7 - https:\/\/yoast.com\/wordpress\/plugins\/seo\/ -->\n<title>[ Manhattan ] &#129351; 179300 Cable Usb,,, Extension Activa 60m, Via Rj45<\/title>\n<meta name=\"description\" content=\"Compra 179300 Cable Usb,,, Extension Activa 60m, Via Rj45 + Env\u00edo a domicilio + Pago seguro + Garant\u00eda\" \/>\n<meta name=\"robots\" content=\"index, follow, max-snippet:-1, max-image-preview:large, max-video-preview:-1\" \/>\n<link rel=\"canonical\" href=\"https:\/\/compuviper.mx\/tienda\/producto\/manhattan-179300-cable-usb-extension-activa-60m-via-rj45\/\" \/>\n<meta property=\"og:locale\" content=\"es_MX\" \/>\n<meta property=\"og:type\" content=\"article\" \/>\n<meta property=\"og:title\" content=\"[ Manhattan ] &#129351; 179300 Cable Usb,,, Extension Activa 60m, Via Rj45\" \/>\n<meta property=\"og:description\" content=\"Compra 179300 Cable Usb,,, Extension Activa 60m, Via Rj45 + Env\u00edo a domicilio + Pago seguro + Garant\u00eda\" \/>\n<meta property=\"og:url\" content=\"https:\/\/compuviper.mx\/tienda\/producto\/manhattan-179300-cable-usb-extension-activa-60m-via-rj45\/\" \/>\n<meta property=\"og:site_name\" content=\"Compuviper\" \/>\n<meta property=\"article:publisher\" content=\"https:\/\/www.facebook.com\/compuviper\" \/>\n<meta property=\"article:modified_time\" content=\"2026-04-18T05:46:56+00:00\" \/>\n<meta property=\"og:image\" content=\"https:\/\/compuviper.mx\/tienda\/wp-content\/uploads\/2023\/12\/Cable-usbmanhattan179300-extension-activa-60m-via-rj45.jpg\" \/>\n\t<meta property=\"og:image:width\" content=\"200\" \/>\n\t<meta property=\"og:image:height\" content=\"200\" \/>\n\t<meta property=\"og:image:type\" content=\"image\/jpeg\" \/>\n<meta name=\"twitter:card\" content=\"summary_large_image\" \/>\n<meta name=\"twitter:label1\" content=\"Precio\" \/>\n\t<meta name=\"twitter:data1\" content=\"&#36;440 con IVA\" \/>\n\t<meta name=\"twitter:label2\" content=\"Availability\" \/>\n\t<meta name=\"twitter:data2\" content=\"In stock\" \/>\n<script type=\"application\/ld+json\" class=\"yoast-schema-graph\">{\"@context\":\"https:\/\/schema.org\",\"@graph\":[{\"@type\":\"WebPage\",\"@id\":\"https:\/\/compuviper.mx\/tienda\/producto\/manhattan-179300-cable-usb-extension-activa-60m-via-rj45\/\",\"url\":\"https:\/\/compuviper.mx\/tienda\/producto\/manhattan-179300-cable-usb-extension-activa-60m-via-rj45\/\",\"name\":\"[ Manhattan ] &#129351; 179300 Cable Usb,,, Extension Activa 60m, Via Rj45\",\"isPartOf\":{\"@id\":\"https:\/\/compuviper.mx\/tienda\/#website\"},\"datePublished\":\"2026-04-18T05:46:55+00:00\",\"dateModified\":\"2026-04-18T05:46:56+00:00\",\"description\":\"Compra 179300 Cable Usb,,, Extension Activa 60m, Via Rj45 + Env\u00edo a domicilio + Pago seguro + Garant\u00eda\",\"breadcrumb\":{\"@id\":\"https:\/\/compuviper.mx\/tienda\/producto\/manhattan-179300-cable-usb-extension-activa-60m-via-rj45\/#breadcrumb\"},\"inLanguage\":\"es-MX\",\"potentialAction\":[{\"@type\":\"ReadAction\",\"target\":[\"https:\/\/compuviper.mx\/tienda\/producto\/manhattan-179300-cable-usb-extension-activa-60m-via-rj45\/\"]}]},{\"@type\":\"BreadcrumbList\",\"@id\":\"https:\/\/compuviper.mx\/tienda\/producto\/manhattan-179300-cable-usb-extension-activa-60m-via-rj45\/#breadcrumb\",\"itemListElement\":[{\"@type\":\"ListItem\",\"position\":1,\"name\":\"Inicio\",\"item\":\"https:\/\/compuviper.mx\/tienda\/\"},{\"@type\":\"ListItem\",\"position\":2,\"name\":\"Productos\",\"item\":\"https:\/\/compuviper.mx\/tienda\/productos\/\"},{\"@type\":\"ListItem\",\"position\":3,\"name\":\"Cables\",\"item\":\"https:\/\/compuviper.mx\/tienda\/categoria-producto\/cables\/\"},{\"@type\":\"ListItem\",\"position\":4,\"name\":\"Cable De Datos\",\"item\":\"https:\/\/compuviper.mx\/tienda\/categoria-producto\/cables\/cable-de-datos\/\"},{\"@type\":\"ListItem\",\"position\":5,\"name\":\"Manhattan 179300 Cable Usb,,, Extension Activa 60m, Via Rj45\"}]},{\"@type\":\"WebSite\",\"@id\":\"https:\/\/compuviper.mx\/tienda\/#website\",\"url\":\"https:\/\/compuviper.mx\/tienda\/\",\"name\":\"Compuviper\",\"description\":\"Proveedor de Computadoras, Laptops, Servidores, Monitores, Puntos de Venta, Teclados,   Impresoras, T\u00f3ner, C\u00e1maras de Seguridad y m\u00e1s en tu tienda en l\u00ednea\",\"publisher\":{\"@id\":\"https:\/\/compuviper.mx\/tienda\/#organization\"},\"potentialAction\":[{\"@type\":\"SearchAction\",\"target\":{\"@type\":\"EntryPoint\",\"urlTemplate\":\"https:\/\/compuviper.mx\/tienda\/?s={search_term_string}\"},\"query-input\":\"required name=search_term_string\"}],\"inLanguage\":\"es-MX\"},{\"@type\":\"Organization\",\"@id\":\"https:\/\/compuviper.mx\/tienda\/#organization\",\"name\":\"Compuviper\",\"url\":\"https:\/\/compuviper.mx\/tienda\/\",\"logo\":{\"@type\":\"ImageObject\",\"inLanguage\":\"es-MX\",\"@id\":\"https:\/\/compuviper.mx\/tienda\/#\/schema\/logo\/image\/\",\"url\":\"https:\/\/compuviper.mx\/tienda\/wp-content\/uploads\/2021\/08\/Logo-Compuviper-10.png\",\"contentUrl\":\"https:\/\/compuviper.mx\/tienda\/wp-content\/uploads\/2021\/08\/Logo-Compuviper-10.png\",\"width\":1000,\"height\":500,\"caption\":\"Compuviper\"},\"image\":{\"@id\":\"https:\/\/compuviper.mx\/tienda\/#\/schema\/logo\/image\/\"},\"sameAs\":[\"https:\/\/www.facebook.com\/compuviper\",\"https:\/\/www.youtube.com\/channel\/UCf73dERp9Y3cfOq7q8BhLjA?view_as=subscriber\"]}]}<\/script>\n<meta property=\"product:brand\" content=\"MANHATTAN\" \/>\n<meta property=\"product:price:amount\" content=\"440\" \/>\n<meta property=\"product:price:currency\" content=\"MXN\" \/>\n<meta property=\"og:availability\" content=\"instock\" \/>\n<meta property=\"product:availability\" content=\"instock\" \/>\n<meta property=\"product:retailer_item_id\" content=\"179300\" \/>\n<meta property=\"product:condition\" content=\"new\" \/>\n<!-- \/ Yoast SEO plugin. -->","yoast_head_json":{"title":"[ Manhattan ] &#129351; 179300 Cable Usb,,, Extension Activa 60m, Via Rj45","description":"Compra 179300 Cable Usb,,, Extension Activa 60m, Via Rj45 + Env\u00edo a domicilio + Pago seguro + Garant\u00eda","robots":{"index":"index","follow":"follow","max-snippet":"max-snippet:-1","max-image-preview":"max-image-preview:large","max-video-preview":"max-video-preview:-1"},"canonical":"https:\/\/compuviper.mx\/tienda\/producto\/manhattan-179300-cable-usb-extension-activa-60m-via-rj45\/","og_locale":"es_MX","og_type":"article","og_title":"[ Manhattan ] &#129351; 179300 Cable Usb,,, Extension Activa 60m, Via Rj45","og_description":"Compra 179300 Cable Usb,,, Extension Activa 60m, Via Rj45 + Env\u00edo a domicilio + Pago seguro + Garant\u00eda","og_url":"https:\/\/compuviper.mx\/tienda\/producto\/manhattan-179300-cable-usb-extension-activa-60m-via-rj45\/","og_site_name":"Compuviper","article_publisher":"https:\/\/www.facebook.com\/compuviper","article_modified_time":"2026-04-18T05:46:56+00:00","og_image":[{"width":200,"height":200,"url":"https:\/\/compuviper.mx\/tienda\/wp-content\/uploads\/2023\/12\/Cable-usbmanhattan179300-extension-activa-60m-via-rj45.jpg","type":"image\/jpeg"}],"twitter_card":"summary_large_image","twitter_misc":{"Precio":"&#36;440 con IVA","Availability":"In stock"},"schema":{"@context":"https:\/\/schema.org","@graph":[{"@type":"WebPage","@id":"https:\/\/compuviper.mx\/tienda\/producto\/manhattan-179300-cable-usb-extension-activa-60m-via-rj45\/","url":"https:\/\/compuviper.mx\/tienda\/producto\/manhattan-179300-cable-usb-extension-activa-60m-via-rj45\/","name":"[ Manhattan ] &#129351; 179300 Cable Usb,,, Extension Activa 60m, Via Rj45","isPartOf":{"@id":"https:\/\/compuviper.mx\/tienda\/#website"},"datePublished":"2026-04-18T05:46:55+00:00","dateModified":"2026-04-18T05:46:56+00:00","description":"Compra 179300 Cable Usb,,, Extension Activa 60m, Via Rj45 + Env\u00edo a domicilio + Pago seguro + Garant\u00eda","breadcrumb":{"@id":"https:\/\/compuviper.mx\/tienda\/producto\/manhattan-179300-cable-usb-extension-activa-60m-via-rj45\/#breadcrumb"},"inLanguage":"es-MX","potentialAction":[{"@type":"ReadAction","target":["https:\/\/compuviper.mx\/tienda\/producto\/manhattan-179300-cable-usb-extension-activa-60m-via-rj45\/"]}]},{"@type":"BreadcrumbList","@id":"https:\/\/compuviper.mx\/tienda\/producto\/manhattan-179300-cable-usb-extension-activa-60m-via-rj45\/#breadcrumb","itemListElement":[{"@type":"ListItem","position":1,"name":"Inicio","item":"https:\/\/compuviper.mx\/tienda\/"},{"@type":"ListItem","position":2,"name":"Productos","item":"https:\/\/compuviper.mx\/tienda\/productos\/"},{"@type":"ListItem","position":3,"name":"Cables","item":"https:\/\/compuviper.mx\/tienda\/categoria-producto\/cables\/"},{"@type":"ListItem","position":4,"name":"Cable De Datos","item":"https:\/\/compuviper.mx\/tienda\/categoria-producto\/cables\/cable-de-datos\/"},{"@type":"ListItem","position":5,"name":"Manhattan 179300 Cable Usb,,, Extension Activa 60m, Via Rj45"}]},{"@type":"WebSite","@id":"https:\/\/compuviper.mx\/tienda\/#website","url":"https:\/\/compuviper.mx\/tienda\/","name":"Compuviper","description":"Proveedor de Computadoras, Laptops, Servidores, Monitores, Puntos de Venta, Teclados,   Impresoras, T\u00f3ner, C\u00e1maras de Seguridad y m\u00e1s en tu tienda en l\u00ednea","publisher":{"@id":"https:\/\/compuviper.mx\/tienda\/#organization"},"potentialAction":[{"@type":"SearchAction","target":{"@type":"EntryPoint","urlTemplate":"https:\/\/compuviper.mx\/tienda\/?s={search_term_string}"},"query-input":"required name=search_term_string"}],"inLanguage":"es-MX"},{"@type":"Organization","@id":"https:\/\/compuviper.mx\/tienda\/#organization","name":"Compuviper","url":"https:\/\/compuviper.mx\/tienda\/","logo":{"@type":"ImageObject","inLanguage":"es-MX","@id":"https:\/\/compuviper.mx\/tienda\/#\/schema\/logo\/image\/","url":"https:\/\/compuviper.mx\/tienda\/wp-content\/uploads\/2021\/08\/Logo-Compuviper-10.png","contentUrl":"https:\/\/compuviper.mx\/tienda\/wp-content\/uploads\/2021\/08\/Logo-Compuviper-10.png","width":1000,"height":500,"caption":"Compuviper"},"image":{"@id":"https:\/\/compuviper.mx\/tienda\/#\/schema\/logo\/image\/"},"sameAs":["https:\/\/www.facebook.com\/compuviper","https:\/\/www.youtube.com\/channel\/UCf73dERp9Y3cfOq7q8BhLjA?view_as=subscriber"]}]},"product_brand":"MANHATTAN","product_price_amount":"440","product_price_currency":"MXN","og_availability":"instock","product_availability":"instock","product_retailer_item_id":"179300","product_condition":"new"},"_links":{"self":[{"href":"https:\/\/compuviper.mx\/tienda\/wp-json\/wp\/v2\/product\/214208"}],"collection":[{"href":"https:\/\/compuviper.mx\/tienda\/wp-json\/wp\/v2\/product"}],"about":[{"href":"https:\/\/compuviper.mx\/tienda\/wp-json\/wp\/v2\/types\/product"}],"replies":[{"embeddable":true,"href":"https:\/\/compuviper.mx\/tienda\/wp-json\/wp\/v2\/comments?post=214208"}],"wp:featuredmedia":[{"embeddable":true,"href":"https:\/\/compuviper.mx\/tienda\/wp-json\/wp\/v2\/media\/214209"}],"wp:attachment":[{"href":"https:\/\/compuviper.mx\/tienda\/wp-json\/wp\/v2\/media?parent=214208"}],"wp:term":[{"taxonomy":"product_cat","embeddable":true,"href":"https:\/\/compuviper.mx\/tienda\/wp-json\/wp\/v2\/product_cat?post=214208"},{"taxonomy":"product_tag","embeddable":true,"href":"https:\/\/compuviper.mx\/tienda\/wp-json\/wp\/v2\/product_tag?post=214208"}],"curies":[{"name":"wp","href":"https:\/\/api.w.org\/{rel}","templated":true}]}}