{"id":214206,"date":"2026-04-13T23:43:04","date_gmt":"2026-04-14T05:43:04","guid":{"rendered":"https:\/\/compuviper.mx\/tienda\/producto\/hune-at-acc-ca-316bos-cable-micro-usb-hiedra-sustentable-trenzado-carga-rapida-y-datos-90-1-2m-bosque\/"},"modified":"2026-04-13T23:43:04","modified_gmt":"2026-04-14T05:43:04","slug":"hune-at-acc-ca-316bos-cable-micro-usb-hiedra-sustentable-trenzado-carga-rapida-y-datos-90-1-2m-bosque","status":"publish","type":"product","link":"https:\/\/compuviper.mx\/tienda\/producto\/hune-at-acc-ca-316bos-cable-micro-usb-hiedra-sustentable-trenzado-carga-rapida-y-datos-90-1-2m-bosque\/","title":{"rendered":"Hune At-acc-ca-316bos Cable Micro Usb  Hiedra Sustentable Trenzado Carga Rapida Y Datos 90?  1.2m (bosque)"},"content":{"rendered":"<table class=\"descripcion\">\n<tr>\n<td>Cable trenzado usb &#8211; usb micro &#8211; 1.2m.<\/td>\n<\/tr>\n<tr>\n<td>Carga y sincronizacin de datos.<\/td>\n<\/tr>\n<tr>\n<td>Material del conector: plastico abs reciclado.<\/td>\n<\/tr>\n<tr>\n<td>Material del cable: exterior plastico pet reciclado trenzado, interior plastico tpe reciclado.<\/td>\n<\/tr>\n<tr>\n<td>Sujeta cable de 1 cm.<\/td>\n<\/tr>\n<tr>\n<td>Empaque de carton fsc  tinta de soja.<\/td>\n<\/tr>\n<tr>\n<td>Sticker identificador de color.<\/td>\n<\/tr>\n<\/table>\n","protected":false},"excerpt":{"rendered":"<p>El consumo de equipos elctricos y electrnicos eee se encuentra profundamente vinculado al desarrollo de la economa mundial. Los eee se han vuelto. Indispensables en la vida moderna, contribuyendo a la construccin de comunidades fuertes e hiperconectadas. Hune propone un radical cambio de paradigma: hacer a conciencia. Pioneros en latinoamrica en su perspectiva de equilibrio entre humanidad y. Naturaleza, buscamos transformar las relaciones establecidas a travs de una. Produccin sostenible que potencie una comunidad ms consciente y comprometida con la tierra y quienes habitamos en ella. Diseamos y producimos tecnologa de consumo con impacto ambiental mejorado y socialmente responsable aplicando estrategias de diseo sostenible en cada una de las etapas del. Ciclo de vida de nuestros productos. Esto es solo el principio, el cambio est en marcha. Hnete<\/p>\n","protected":false},"featured_media":214207,"comment_status":"open","ping_status":"open","template":"","meta":[],"product_cat":[1549,1605],"product_tag":[2152],"acf":[],"yoast_head":"<!-- This site is optimized with the Yoast SEO plugin v21.7 - https:\/\/yoast.com\/wordpress\/plugins\/seo\/ -->\n<title>[ Hune ] &#129351; At-acc-ca-316bos Cable Micro Usb Hiedra Sustentable Trenzado Carga Rapida Y Datos 90\u00aa 1.2m (bosque)<\/title>\n<meta name=\"description\" content=\"Compra At-acc-ca-316bos Cable Micro Usb Hiedra Sustentable Trenzado Carga Rapida Y Datos 90\u00aa 1.2m (bosque) + Env\u00edo a domicilio + Pago seguro + Garant\u00eda\" \/>\n<meta name=\"robots\" content=\"index, follow, max-snippet:-1, max-image-preview:large, max-video-preview:-1\" \/>\n<link rel=\"canonical\" href=\"https:\/\/compuviper.mx\/tienda\/producto\/hune-at-acc-ca-316bos-cable-micro-usb-hiedra-sustentable-trenzado-carga-rapida-y-datos-90-1-2m-bosque\/\" \/>\n<meta property=\"og:locale\" content=\"es_MX\" \/>\n<meta property=\"og:type\" content=\"article\" \/>\n<meta property=\"og:title\" content=\"[ Hune ] &#129351; At-acc-ca-316bos Cable Micro Usb Hiedra Sustentable Trenzado Carga Rapida Y Datos 90\u00aa 1.2m (bosque)\" \/>\n<meta property=\"og:description\" content=\"Compra At-acc-ca-316bos Cable Micro Usb Hiedra Sustentable Trenzado Carga Rapida Y Datos 90\u00aa 1.2m (bosque) + Env\u00edo a domicilio + Pago seguro + Garant\u00eda\" \/>\n<meta property=\"og:url\" content=\"https:\/\/compuviper.mx\/tienda\/producto\/hune-at-acc-ca-316bos-cable-micro-usb-hiedra-sustentable-trenzado-carga-rapida-y-datos-90-1-2m-bosque\/\" \/>\n<meta property=\"og:site_name\" content=\"Compuviper\" \/>\n<meta property=\"article:publisher\" content=\"https:\/\/www.facebook.com\/compuviper\" \/>\n<meta property=\"og:image\" content=\"https:\/\/compuviper.mx\/tienda\/wp-content\/uploads\/2023\/12\/Cable-micro-usb-hune-hiedra-sustentable-trenzado-carga-rapida-y-datos-90a-1.2m-bosque.jpg\" \/>\n\t<meta property=\"og:image:width\" content=\"200\" \/>\n\t<meta property=\"og:image:height\" content=\"200\" \/>\n\t<meta property=\"og:image:type\" content=\"image\/jpeg\" \/>\n<meta name=\"twitter:card\" content=\"summary_large_image\" \/>\n<meta name=\"twitter:label1\" content=\"Precio\" \/>\n\t<meta name=\"twitter:data1\" content=\"&#36;135 con IVA\" \/>\n\t<meta name=\"twitter:label2\" content=\"Availability\" \/>\n\t<meta name=\"twitter:data2\" content=\"In stock\" \/>\n<script type=\"application\/ld+json\" class=\"yoast-schema-graph\">{\"@context\":\"https:\/\/schema.org\",\"@graph\":[{\"@type\":\"WebPage\",\"@id\":\"https:\/\/compuviper.mx\/tienda\/producto\/hune-at-acc-ca-316bos-cable-micro-usb-hiedra-sustentable-trenzado-carga-rapida-y-datos-90-1-2m-bosque\/\",\"url\":\"https:\/\/compuviper.mx\/tienda\/producto\/hune-at-acc-ca-316bos-cable-micro-usb-hiedra-sustentable-trenzado-carga-rapida-y-datos-90-1-2m-bosque\/\",\"name\":\"[ Hune ] &#129351; At-acc-ca-316bos Cable Micro Usb Hiedra Sustentable Trenzado Carga Rapida Y Datos 90\u00aa 1.2m (bosque)\",\"isPartOf\":{\"@id\":\"https:\/\/compuviper.mx\/tienda\/#website\"},\"datePublished\":\"2026-04-14T05:43:04+00:00\",\"dateModified\":\"2026-04-14T05:43:04+00:00\",\"description\":\"Compra At-acc-ca-316bos Cable Micro Usb Hiedra Sustentable Trenzado Carga Rapida Y Datos 90\u00aa 1.2m (bosque) + Env\u00edo a domicilio + Pago seguro + Garant\u00eda\",\"breadcrumb\":{\"@id\":\"https:\/\/compuviper.mx\/tienda\/producto\/hune-at-acc-ca-316bos-cable-micro-usb-hiedra-sustentable-trenzado-carga-rapida-y-datos-90-1-2m-bosque\/#breadcrumb\"},\"inLanguage\":\"es-MX\",\"potentialAction\":[{\"@type\":\"ReadAction\",\"target\":[\"https:\/\/compuviper.mx\/tienda\/producto\/hune-at-acc-ca-316bos-cable-micro-usb-hiedra-sustentable-trenzado-carga-rapida-y-datos-90-1-2m-bosque\/\"]}]},{\"@type\":\"BreadcrumbList\",\"@id\":\"https:\/\/compuviper.mx\/tienda\/producto\/hune-at-acc-ca-316bos-cable-micro-usb-hiedra-sustentable-trenzado-carga-rapida-y-datos-90-1-2m-bosque\/#breadcrumb\",\"itemListElement\":[{\"@type\":\"ListItem\",\"position\":1,\"name\":\"Inicio\",\"item\":\"https:\/\/compuviper.mx\/tienda\/\"},{\"@type\":\"ListItem\",\"position\":2,\"name\":\"Productos\",\"item\":\"https:\/\/compuviper.mx\/tienda\/productos\/\"},{\"@type\":\"ListItem\",\"position\":3,\"name\":\"Cables\",\"item\":\"https:\/\/compuviper.mx\/tienda\/categoria-producto\/cables\/\"},{\"@type\":\"ListItem\",\"position\":4,\"name\":\"Cable Usb\",\"item\":\"https:\/\/compuviper.mx\/tienda\/categoria-producto\/cables\/cable-usb\/\"},{\"@type\":\"ListItem\",\"position\":5,\"name\":\"Hune At-acc-ca-316bos Cable Micro Usb Hiedra Sustentable Trenzado Carga Rapida Y Datos 90? 1.2m (bosque)\"}]},{\"@type\":\"WebSite\",\"@id\":\"https:\/\/compuviper.mx\/tienda\/#website\",\"url\":\"https:\/\/compuviper.mx\/tienda\/\",\"name\":\"Compuviper\",\"description\":\"Proveedor de Computadoras, Laptops, Servidores, Monitores, Puntos de Venta, Teclados,   Impresoras, T\u00f3ner, C\u00e1maras de Seguridad y m\u00e1s en tu tienda en l\u00ednea\",\"publisher\":{\"@id\":\"https:\/\/compuviper.mx\/tienda\/#organization\"},\"potentialAction\":[{\"@type\":\"SearchAction\",\"target\":{\"@type\":\"EntryPoint\",\"urlTemplate\":\"https:\/\/compuviper.mx\/tienda\/?s={search_term_string}\"},\"query-input\":\"required name=search_term_string\"}],\"inLanguage\":\"es-MX\"},{\"@type\":\"Organization\",\"@id\":\"https:\/\/compuviper.mx\/tienda\/#organization\",\"name\":\"Compuviper\",\"url\":\"https:\/\/compuviper.mx\/tienda\/\",\"logo\":{\"@type\":\"ImageObject\",\"inLanguage\":\"es-MX\",\"@id\":\"https:\/\/compuviper.mx\/tienda\/#\/schema\/logo\/image\/\",\"url\":\"https:\/\/compuviper.mx\/tienda\/wp-content\/uploads\/2021\/08\/Logo-Compuviper-10.png\",\"contentUrl\":\"https:\/\/compuviper.mx\/tienda\/wp-content\/uploads\/2021\/08\/Logo-Compuviper-10.png\",\"width\":1000,\"height\":500,\"caption\":\"Compuviper\"},\"image\":{\"@id\":\"https:\/\/compuviper.mx\/tienda\/#\/schema\/logo\/image\/\"},\"sameAs\":[\"https:\/\/www.facebook.com\/compuviper\",\"https:\/\/www.youtube.com\/channel\/UCf73dERp9Y3cfOq7q8BhLjA?view_as=subscriber\"]}]}<\/script>\n<meta property=\"product:brand\" content=\"Hune\" \/>\n<meta property=\"product:price:amount\" content=\"135\" \/>\n<meta property=\"product:price:currency\" content=\"MXN\" \/>\n<meta property=\"og:availability\" content=\"instock\" \/>\n<meta property=\"product:availability\" content=\"instock\" \/>\n<meta property=\"product:retailer_item_id\" content=\"AT-ACC-CA-316BOS\" \/>\n<meta property=\"product:condition\" content=\"new\" \/>\n<!-- \/ Yoast SEO plugin. -->","yoast_head_json":{"title":"[ Hune ] &#129351; At-acc-ca-316bos Cable Micro Usb Hiedra Sustentable Trenzado Carga Rapida Y Datos 90\u00aa 1.2m (bosque)","description":"Compra At-acc-ca-316bos Cable Micro Usb Hiedra Sustentable Trenzado Carga Rapida Y Datos 90\u00aa 1.2m (bosque) + Env\u00edo a domicilio + Pago seguro + Garant\u00eda","robots":{"index":"index","follow":"follow","max-snippet":"max-snippet:-1","max-image-preview":"max-image-preview:large","max-video-preview":"max-video-preview:-1"},"canonical":"https:\/\/compuviper.mx\/tienda\/producto\/hune-at-acc-ca-316bos-cable-micro-usb-hiedra-sustentable-trenzado-carga-rapida-y-datos-90-1-2m-bosque\/","og_locale":"es_MX","og_type":"article","og_title":"[ Hune ] &#129351; At-acc-ca-316bos Cable Micro Usb Hiedra Sustentable Trenzado Carga Rapida Y Datos 90\u00aa 1.2m (bosque)","og_description":"Compra At-acc-ca-316bos Cable Micro Usb Hiedra Sustentable Trenzado Carga Rapida Y Datos 90\u00aa 1.2m (bosque) + Env\u00edo a domicilio + Pago seguro + Garant\u00eda","og_url":"https:\/\/compuviper.mx\/tienda\/producto\/hune-at-acc-ca-316bos-cable-micro-usb-hiedra-sustentable-trenzado-carga-rapida-y-datos-90-1-2m-bosque\/","og_site_name":"Compuviper","article_publisher":"https:\/\/www.facebook.com\/compuviper","og_image":[{"width":200,"height":200,"url":"https:\/\/compuviper.mx\/tienda\/wp-content\/uploads\/2023\/12\/Cable-micro-usb-hune-hiedra-sustentable-trenzado-carga-rapida-y-datos-90a-1.2m-bosque.jpg","type":"image\/jpeg"}],"twitter_card":"summary_large_image","twitter_misc":{"Precio":"&#36;135 con IVA","Availability":"In stock"},"schema":{"@context":"https:\/\/schema.org","@graph":[{"@type":"WebPage","@id":"https:\/\/compuviper.mx\/tienda\/producto\/hune-at-acc-ca-316bos-cable-micro-usb-hiedra-sustentable-trenzado-carga-rapida-y-datos-90-1-2m-bosque\/","url":"https:\/\/compuviper.mx\/tienda\/producto\/hune-at-acc-ca-316bos-cable-micro-usb-hiedra-sustentable-trenzado-carga-rapida-y-datos-90-1-2m-bosque\/","name":"[ Hune ] &#129351; At-acc-ca-316bos Cable Micro Usb Hiedra Sustentable Trenzado Carga Rapida Y Datos 90\u00aa 1.2m (bosque)","isPartOf":{"@id":"https:\/\/compuviper.mx\/tienda\/#website"},"datePublished":"2026-04-14T05:43:04+00:00","dateModified":"2026-04-14T05:43:04+00:00","description":"Compra At-acc-ca-316bos Cable Micro Usb Hiedra Sustentable Trenzado Carga Rapida Y Datos 90\u00aa 1.2m (bosque) + Env\u00edo a domicilio + Pago seguro + Garant\u00eda","breadcrumb":{"@id":"https:\/\/compuviper.mx\/tienda\/producto\/hune-at-acc-ca-316bos-cable-micro-usb-hiedra-sustentable-trenzado-carga-rapida-y-datos-90-1-2m-bosque\/#breadcrumb"},"inLanguage":"es-MX","potentialAction":[{"@type":"ReadAction","target":["https:\/\/compuviper.mx\/tienda\/producto\/hune-at-acc-ca-316bos-cable-micro-usb-hiedra-sustentable-trenzado-carga-rapida-y-datos-90-1-2m-bosque\/"]}]},{"@type":"BreadcrumbList","@id":"https:\/\/compuviper.mx\/tienda\/producto\/hune-at-acc-ca-316bos-cable-micro-usb-hiedra-sustentable-trenzado-carga-rapida-y-datos-90-1-2m-bosque\/#breadcrumb","itemListElement":[{"@type":"ListItem","position":1,"name":"Inicio","item":"https:\/\/compuviper.mx\/tienda\/"},{"@type":"ListItem","position":2,"name":"Productos","item":"https:\/\/compuviper.mx\/tienda\/productos\/"},{"@type":"ListItem","position":3,"name":"Cables","item":"https:\/\/compuviper.mx\/tienda\/categoria-producto\/cables\/"},{"@type":"ListItem","position":4,"name":"Cable Usb","item":"https:\/\/compuviper.mx\/tienda\/categoria-producto\/cables\/cable-usb\/"},{"@type":"ListItem","position":5,"name":"Hune At-acc-ca-316bos Cable Micro Usb Hiedra Sustentable Trenzado Carga Rapida Y Datos 90? 1.2m (bosque)"}]},{"@type":"WebSite","@id":"https:\/\/compuviper.mx\/tienda\/#website","url":"https:\/\/compuviper.mx\/tienda\/","name":"Compuviper","description":"Proveedor de Computadoras, Laptops, Servidores, Monitores, Puntos de Venta, Teclados,   Impresoras, T\u00f3ner, C\u00e1maras de Seguridad y m\u00e1s en tu tienda en l\u00ednea","publisher":{"@id":"https:\/\/compuviper.mx\/tienda\/#organization"},"potentialAction":[{"@type":"SearchAction","target":{"@type":"EntryPoint","urlTemplate":"https:\/\/compuviper.mx\/tienda\/?s={search_term_string}"},"query-input":"required name=search_term_string"}],"inLanguage":"es-MX"},{"@type":"Organization","@id":"https:\/\/compuviper.mx\/tienda\/#organization","name":"Compuviper","url":"https:\/\/compuviper.mx\/tienda\/","logo":{"@type":"ImageObject","inLanguage":"es-MX","@id":"https:\/\/compuviper.mx\/tienda\/#\/schema\/logo\/image\/","url":"https:\/\/compuviper.mx\/tienda\/wp-content\/uploads\/2021\/08\/Logo-Compuviper-10.png","contentUrl":"https:\/\/compuviper.mx\/tienda\/wp-content\/uploads\/2021\/08\/Logo-Compuviper-10.png","width":1000,"height":500,"caption":"Compuviper"},"image":{"@id":"https:\/\/compuviper.mx\/tienda\/#\/schema\/logo\/image\/"},"sameAs":["https:\/\/www.facebook.com\/compuviper","https:\/\/www.youtube.com\/channel\/UCf73dERp9Y3cfOq7q8BhLjA?view_as=subscriber"]}]},"product_brand":"Hune","product_price_amount":"135","product_price_currency":"MXN","og_availability":"instock","product_availability":"instock","product_retailer_item_id":"AT-ACC-CA-316BOS","product_condition":"new"},"_links":{"self":[{"href":"https:\/\/compuviper.mx\/tienda\/wp-json\/wp\/v2\/product\/214206"}],"collection":[{"href":"https:\/\/compuviper.mx\/tienda\/wp-json\/wp\/v2\/product"}],"about":[{"href":"https:\/\/compuviper.mx\/tienda\/wp-json\/wp\/v2\/types\/product"}],"replies":[{"embeddable":true,"href":"https:\/\/compuviper.mx\/tienda\/wp-json\/wp\/v2\/comments?post=214206"}],"wp:featuredmedia":[{"embeddable":true,"href":"https:\/\/compuviper.mx\/tienda\/wp-json\/wp\/v2\/media\/214207"}],"wp:attachment":[{"href":"https:\/\/compuviper.mx\/tienda\/wp-json\/wp\/v2\/media?parent=214206"}],"wp:term":[{"taxonomy":"product_cat","embeddable":true,"href":"https:\/\/compuviper.mx\/tienda\/wp-json\/wp\/v2\/product_cat?post=214206"},{"taxonomy":"product_tag","embeddable":true,"href":"https:\/\/compuviper.mx\/tienda\/wp-json\/wp\/v2\/product_tag?post=214206"}],"curies":[{"name":"wp","href":"https:\/\/api.w.org\/{rel}","templated":true}]}}