{"id":214170,"date":"2026-04-17T23:46:53","date_gmt":"2026-04-18T05:46:53","guid":{"rendered":"https:\/\/compuviper.mx\/tienda\/producto\/manhattan-519779-cable-usb-v2-0-ext-activa-4-9m\/"},"modified":"2026-04-17T23:46:53","modified_gmt":"2026-04-18T05:46:53","slug":"manhattan-519779-cable-usb-v2-0-ext-activa-4-9m","status":"publish","type":"product","link":"https:\/\/compuviper.mx\/tienda\/producto\/manhattan-519779-cable-usb-v2-0-ext-activa-4-9m\/","title":{"rendered":"Manhattan 519779 Cable Usb,,, V2.0 Ext. Activa 4.9m"},"content":{"rendered":"<table class=\"descripcion\">\n<tr>\n<td>Est\u00e1ndares y certificaciones:<\/td>\n<\/tr>\n<tr>\n<td>Ce<\/td>\n<\/tr>\n<tr>\n<td>Fcc<\/td>\n<\/tr>\n<tr>\n<td>Usb 2.0<\/td>\n<\/tr>\n<tr>\n<td>Puertos:<\/td>\n<\/tr>\n<tr>\n<td>Tipo a macho<\/td>\n<\/tr>\n<tr>\n<td>Tipo a hembra<\/td>\n<\/tr>\n<tr>\n<td>General<\/td>\n<\/tr>\n<tr>\n<td>Tasa de transferencia: 480 mbps<\/td>\n<\/tr>\n<tr>\n<td>Alimentado por bus<\/td>\n<\/tr>\n<tr>\n<td>Longitud m\u00e1xima: 15 m<\/td>\n<\/tr>\n<tr>\n<td>Todos los sistemas operativos que soporten usb<\/td>\n<\/tr>\n<tr>\n<td>Dise\u00f1o<\/td>\n<\/tr>\n<tr>\n<td>Longitud: 5 m<\/td>\n<\/tr>\n<tr>\n<td>Peso: 138 g<\/td>\n<\/tr>\n<tr>\n<td>Contenido del paquete:<\/td>\n<\/tr>\n<tr>\n<td>Cable extensi\u00f3n activa usb de alta velocidad 2.0<\/td>\n<\/tr>\n<\/table>\n","protected":false},"excerpt":{"rendered":"<p>Supera con facilidad las limitaciones de distancia para conectar dispositivos usb. Use el cable extensi\u00f3n activa usb de alta velocidad 2.0 manhattan para conectar una computadora con puerto usb a un dispositivo usb casi en cualquier lugar en interiores. Hasta tres extensiones encadenadas para proporcionar una conexi\u00f3n conveniente de 15 m. El cable extensi\u00f3n activa usb de alta velocidad 2.0 manhattan con repetidor incluido cumple en su totalidad con las especificaciones de usb 1.1 y usb de alta velocidad 2.0 para permitir que los dispositivos operen a su m\u00e1ximo desempe\u00f1o. Su capacidad plug and play, versatilidad con windows7\/8 y macintosh y sin necesidad de conectar adaptadores de corriente externos o de controladores especiales ayudan a proporcionar una gran flexibilidad en la distribuci\u00f3n de los equipos de oficina. Extiende y refuerza la se\u00f1al hacia cualquier dispositivo usb \u00bf soporta tasa de transferencia de datos de hasta 480 mbps. Repetidor integrado, ayuda a mantener la calidad de la se\u00f1al usb de alta velocidad 2.0, niveles el\u00e9ctricos y especificaciones de sincron\u00eda. Supera la limitaci\u00f3n en distancia usb de 5 m \u00bf ideal para conectar gabinetes para disco duro y otros perif\u00e9ricos. Encadenable hasta con tres extensiones para ofrecer una distancia total de 15 m. Plug and play; compatible con windows7\/8 y mac &#8211; alimentado por bus, no requiere alimentaci\u00f3n externa. Tres a\u00f1os de garant\u00eda<\/p>\n","protected":false},"featured_media":214171,"comment_status":"open","ping_status":"open","template":"","meta":[],"product_cat":[1549,1604],"product_tag":[1487],"acf":[],"yoast_head":"<!-- This site is optimized with the Yoast SEO plugin v21.7 - https:\/\/yoast.com\/wordpress\/plugins\/seo\/ -->\n<title>[ Manhattan ] &#129351; 519779 Cable Usb,,, V2.0 Ext. Activa 4.9m<\/title>\n<meta name=\"description\" content=\"Compra 519779 Cable Usb,,, V2.0 Ext. Activa 4.9m + Env\u00edo a domicilio + Pago seguro + Garant\u00eda\" \/>\n<meta name=\"robots\" content=\"index, follow, max-snippet:-1, max-image-preview:large, max-video-preview:-1\" \/>\n<link rel=\"canonical\" href=\"https:\/\/compuviper.mx\/tienda\/producto\/manhattan-519779-cable-usb-v2-0-ext-activa-4-9m\/\" \/>\n<meta property=\"og:locale\" content=\"es_MX\" \/>\n<meta property=\"og:type\" content=\"article\" \/>\n<meta property=\"og:title\" content=\"[ Manhattan ] &#129351; 519779 Cable Usb,,, V2.0 Ext. Activa 4.9m\" \/>\n<meta property=\"og:description\" content=\"Compra 519779 Cable Usb,,, V2.0 Ext. Activa 4.9m + Env\u00edo a domicilio + Pago seguro + Garant\u00eda\" \/>\n<meta property=\"og:url\" content=\"https:\/\/compuviper.mx\/tienda\/producto\/manhattan-519779-cable-usb-v2-0-ext-activa-4-9m\/\" \/>\n<meta property=\"og:site_name\" content=\"Compuviper\" \/>\n<meta property=\"article:publisher\" content=\"https:\/\/www.facebook.com\/compuviper\" \/>\n<meta property=\"og:image\" content=\"https:\/\/compuviper.mx\/tienda\/wp-content\/uploads\/2023\/12\/Cable-usbmanhattan519779-v2.0-ext.-activa-4.9m.jpg\" \/>\n\t<meta property=\"og:image:width\" content=\"200\" \/>\n\t<meta property=\"og:image:height\" content=\"200\" \/>\n\t<meta property=\"og:image:type\" content=\"image\/jpeg\" \/>\n<meta name=\"twitter:card\" content=\"summary_large_image\" \/>\n<meta name=\"twitter:label1\" content=\"Precio\" \/>\n\t<meta name=\"twitter:data1\" content=\"&#36;276 con IVA\" \/>\n\t<meta name=\"twitter:label2\" content=\"Availability\" \/>\n\t<meta name=\"twitter:data2\" content=\"In stock\" \/>\n<script type=\"application\/ld+json\" class=\"yoast-schema-graph\">{\"@context\":\"https:\/\/schema.org\",\"@graph\":[{\"@type\":\"WebPage\",\"@id\":\"https:\/\/compuviper.mx\/tienda\/producto\/manhattan-519779-cable-usb-v2-0-ext-activa-4-9m\/\",\"url\":\"https:\/\/compuviper.mx\/tienda\/producto\/manhattan-519779-cable-usb-v2-0-ext-activa-4-9m\/\",\"name\":\"[ Manhattan ] &#129351; 519779 Cable Usb,,, V2.0 Ext. Activa 4.9m\",\"isPartOf\":{\"@id\":\"https:\/\/compuviper.mx\/tienda\/#website\"},\"datePublished\":\"2026-04-18T05:46:53+00:00\",\"dateModified\":\"2026-04-18T05:46:53+00:00\",\"description\":\"Compra 519779 Cable Usb,,, V2.0 Ext. Activa 4.9m + Env\u00edo a domicilio + Pago seguro + Garant\u00eda\",\"breadcrumb\":{\"@id\":\"https:\/\/compuviper.mx\/tienda\/producto\/manhattan-519779-cable-usb-v2-0-ext-activa-4-9m\/#breadcrumb\"},\"inLanguage\":\"es-MX\",\"potentialAction\":[{\"@type\":\"ReadAction\",\"target\":[\"https:\/\/compuviper.mx\/tienda\/producto\/manhattan-519779-cable-usb-v2-0-ext-activa-4-9m\/\"]}]},{\"@type\":\"BreadcrumbList\",\"@id\":\"https:\/\/compuviper.mx\/tienda\/producto\/manhattan-519779-cable-usb-v2-0-ext-activa-4-9m\/#breadcrumb\",\"itemListElement\":[{\"@type\":\"ListItem\",\"position\":1,\"name\":\"Inicio\",\"item\":\"https:\/\/compuviper.mx\/tienda\/\"},{\"@type\":\"ListItem\",\"position\":2,\"name\":\"Productos\",\"item\":\"https:\/\/compuviper.mx\/tienda\/productos\/\"},{\"@type\":\"ListItem\",\"position\":3,\"name\":\"Cables\",\"item\":\"https:\/\/compuviper.mx\/tienda\/categoria-producto\/cables\/\"},{\"@type\":\"ListItem\",\"position\":4,\"name\":\"Cable De Datos\",\"item\":\"https:\/\/compuviper.mx\/tienda\/categoria-producto\/cables\/cable-de-datos\/\"},{\"@type\":\"ListItem\",\"position\":5,\"name\":\"Manhattan 519779 Cable Usb,,, V2.0 Ext. Activa 4.9m\"}]},{\"@type\":\"WebSite\",\"@id\":\"https:\/\/compuviper.mx\/tienda\/#website\",\"url\":\"https:\/\/compuviper.mx\/tienda\/\",\"name\":\"Compuviper\",\"description\":\"Proveedor de Computadoras, Laptops, Servidores, Monitores, Puntos de Venta, Teclados,   Impresoras, T\u00f3ner, C\u00e1maras de Seguridad y m\u00e1s en tu tienda en l\u00ednea\",\"publisher\":{\"@id\":\"https:\/\/compuviper.mx\/tienda\/#organization\"},\"potentialAction\":[{\"@type\":\"SearchAction\",\"target\":{\"@type\":\"EntryPoint\",\"urlTemplate\":\"https:\/\/compuviper.mx\/tienda\/?s={search_term_string}\"},\"query-input\":\"required name=search_term_string\"}],\"inLanguage\":\"es-MX\"},{\"@type\":\"Organization\",\"@id\":\"https:\/\/compuviper.mx\/tienda\/#organization\",\"name\":\"Compuviper\",\"url\":\"https:\/\/compuviper.mx\/tienda\/\",\"logo\":{\"@type\":\"ImageObject\",\"inLanguage\":\"es-MX\",\"@id\":\"https:\/\/compuviper.mx\/tienda\/#\/schema\/logo\/image\/\",\"url\":\"https:\/\/compuviper.mx\/tienda\/wp-content\/uploads\/2021\/08\/Logo-Compuviper-10.png\",\"contentUrl\":\"https:\/\/compuviper.mx\/tienda\/wp-content\/uploads\/2021\/08\/Logo-Compuviper-10.png\",\"width\":1000,\"height\":500,\"caption\":\"Compuviper\"},\"image\":{\"@id\":\"https:\/\/compuviper.mx\/tienda\/#\/schema\/logo\/image\/\"},\"sameAs\":[\"https:\/\/www.facebook.com\/compuviper\",\"https:\/\/www.youtube.com\/channel\/UCf73dERp9Y3cfOq7q8BhLjA?view_as=subscriber\"]}]}<\/script>\n<meta property=\"product:brand\" content=\"MANHATTAN\" \/>\n<meta property=\"product:price:amount\" content=\"276\" \/>\n<meta property=\"product:price:currency\" content=\"MXN\" \/>\n<meta property=\"og:availability\" content=\"instock\" \/>\n<meta property=\"product:availability\" content=\"instock\" \/>\n<meta property=\"product:retailer_item_id\" content=\"519779\" \/>\n<meta property=\"product:condition\" content=\"new\" \/>\n<!-- \/ Yoast SEO plugin. -->","yoast_head_json":{"title":"[ Manhattan ] &#129351; 519779 Cable Usb,,, V2.0 Ext. Activa 4.9m","description":"Compra 519779 Cable Usb,,, V2.0 Ext. Activa 4.9m + Env\u00edo a domicilio + Pago seguro + Garant\u00eda","robots":{"index":"index","follow":"follow","max-snippet":"max-snippet:-1","max-image-preview":"max-image-preview:large","max-video-preview":"max-video-preview:-1"},"canonical":"https:\/\/compuviper.mx\/tienda\/producto\/manhattan-519779-cable-usb-v2-0-ext-activa-4-9m\/","og_locale":"es_MX","og_type":"article","og_title":"[ Manhattan ] &#129351; 519779 Cable Usb,,, V2.0 Ext. Activa 4.9m","og_description":"Compra 519779 Cable Usb,,, V2.0 Ext. Activa 4.9m + Env\u00edo a domicilio + Pago seguro + Garant\u00eda","og_url":"https:\/\/compuviper.mx\/tienda\/producto\/manhattan-519779-cable-usb-v2-0-ext-activa-4-9m\/","og_site_name":"Compuviper","article_publisher":"https:\/\/www.facebook.com\/compuviper","og_image":[{"width":200,"height":200,"url":"https:\/\/compuviper.mx\/tienda\/wp-content\/uploads\/2023\/12\/Cable-usbmanhattan519779-v2.0-ext.-activa-4.9m.jpg","type":"image\/jpeg"}],"twitter_card":"summary_large_image","twitter_misc":{"Precio":"&#36;276 con IVA","Availability":"In stock"},"schema":{"@context":"https:\/\/schema.org","@graph":[{"@type":"WebPage","@id":"https:\/\/compuviper.mx\/tienda\/producto\/manhattan-519779-cable-usb-v2-0-ext-activa-4-9m\/","url":"https:\/\/compuviper.mx\/tienda\/producto\/manhattan-519779-cable-usb-v2-0-ext-activa-4-9m\/","name":"[ Manhattan ] &#129351; 519779 Cable Usb,,, V2.0 Ext. Activa 4.9m","isPartOf":{"@id":"https:\/\/compuviper.mx\/tienda\/#website"},"datePublished":"2026-04-18T05:46:53+00:00","dateModified":"2026-04-18T05:46:53+00:00","description":"Compra 519779 Cable Usb,,, V2.0 Ext. Activa 4.9m + Env\u00edo a domicilio + Pago seguro + Garant\u00eda","breadcrumb":{"@id":"https:\/\/compuviper.mx\/tienda\/producto\/manhattan-519779-cable-usb-v2-0-ext-activa-4-9m\/#breadcrumb"},"inLanguage":"es-MX","potentialAction":[{"@type":"ReadAction","target":["https:\/\/compuviper.mx\/tienda\/producto\/manhattan-519779-cable-usb-v2-0-ext-activa-4-9m\/"]}]},{"@type":"BreadcrumbList","@id":"https:\/\/compuviper.mx\/tienda\/producto\/manhattan-519779-cable-usb-v2-0-ext-activa-4-9m\/#breadcrumb","itemListElement":[{"@type":"ListItem","position":1,"name":"Inicio","item":"https:\/\/compuviper.mx\/tienda\/"},{"@type":"ListItem","position":2,"name":"Productos","item":"https:\/\/compuviper.mx\/tienda\/productos\/"},{"@type":"ListItem","position":3,"name":"Cables","item":"https:\/\/compuviper.mx\/tienda\/categoria-producto\/cables\/"},{"@type":"ListItem","position":4,"name":"Cable De Datos","item":"https:\/\/compuviper.mx\/tienda\/categoria-producto\/cables\/cable-de-datos\/"},{"@type":"ListItem","position":5,"name":"Manhattan 519779 Cable Usb,,, V2.0 Ext. Activa 4.9m"}]},{"@type":"WebSite","@id":"https:\/\/compuviper.mx\/tienda\/#website","url":"https:\/\/compuviper.mx\/tienda\/","name":"Compuviper","description":"Proveedor de Computadoras, Laptops, Servidores, Monitores, Puntos de Venta, Teclados,   Impresoras, T\u00f3ner, C\u00e1maras de Seguridad y m\u00e1s en tu tienda en l\u00ednea","publisher":{"@id":"https:\/\/compuviper.mx\/tienda\/#organization"},"potentialAction":[{"@type":"SearchAction","target":{"@type":"EntryPoint","urlTemplate":"https:\/\/compuviper.mx\/tienda\/?s={search_term_string}"},"query-input":"required name=search_term_string"}],"inLanguage":"es-MX"},{"@type":"Organization","@id":"https:\/\/compuviper.mx\/tienda\/#organization","name":"Compuviper","url":"https:\/\/compuviper.mx\/tienda\/","logo":{"@type":"ImageObject","inLanguage":"es-MX","@id":"https:\/\/compuviper.mx\/tienda\/#\/schema\/logo\/image\/","url":"https:\/\/compuviper.mx\/tienda\/wp-content\/uploads\/2021\/08\/Logo-Compuviper-10.png","contentUrl":"https:\/\/compuviper.mx\/tienda\/wp-content\/uploads\/2021\/08\/Logo-Compuviper-10.png","width":1000,"height":500,"caption":"Compuviper"},"image":{"@id":"https:\/\/compuviper.mx\/tienda\/#\/schema\/logo\/image\/"},"sameAs":["https:\/\/www.facebook.com\/compuviper","https:\/\/www.youtube.com\/channel\/UCf73dERp9Y3cfOq7q8BhLjA?view_as=subscriber"]}]},"product_brand":"MANHATTAN","product_price_amount":"276","product_price_currency":"MXN","og_availability":"instock","product_availability":"instock","product_retailer_item_id":"519779","product_condition":"new"},"_links":{"self":[{"href":"https:\/\/compuviper.mx\/tienda\/wp-json\/wp\/v2\/product\/214170"}],"collection":[{"href":"https:\/\/compuviper.mx\/tienda\/wp-json\/wp\/v2\/product"}],"about":[{"href":"https:\/\/compuviper.mx\/tienda\/wp-json\/wp\/v2\/types\/product"}],"replies":[{"embeddable":true,"href":"https:\/\/compuviper.mx\/tienda\/wp-json\/wp\/v2\/comments?post=214170"}],"wp:featuredmedia":[{"embeddable":true,"href":"https:\/\/compuviper.mx\/tienda\/wp-json\/wp\/v2\/media\/214171"}],"wp:attachment":[{"href":"https:\/\/compuviper.mx\/tienda\/wp-json\/wp\/v2\/media?parent=214170"}],"wp:term":[{"taxonomy":"product_cat","embeddable":true,"href":"https:\/\/compuviper.mx\/tienda\/wp-json\/wp\/v2\/product_cat?post=214170"},{"taxonomy":"product_tag","embeddable":true,"href":"https:\/\/compuviper.mx\/tienda\/wp-json\/wp\/v2\/product_tag?post=214170"}],"curies":[{"name":"wp","href":"https:\/\/api.w.org\/{rel}","templated":true}]}}