{"id":214088,"date":"2026-04-10T23:41:49","date_gmt":"2026-04-11T05:41:49","guid":{"rendered":"https:\/\/compuviper.mx\/tienda\/producto\/startech-com-c6patch6bl-cable-de-1-8m-azul-de-red-categoria-cat6-utp-rj45-gigabit-ethernet-etl-patch-moldeado-mod\/"},"modified":"2026-04-10T23:41:49","modified_gmt":"2026-04-11T05:41:49","slug":"startech-com-c6patch6bl-cable-de-1-8m-azul-de-red-categoria-cat6-utp-rj45-gigabit-ethernet-etl-patch-moldeado-mod","status":"publish","type":"product","link":"https:\/\/compuviper.mx\/tienda\/producto\/startech-com-c6patch6bl-cable-de-1-8m-azul-de-red-categoria-cat6-utp-rj45-gigabit-ethernet-etl-patch-moldeado-mod\/","title":{"rendered":"Startech.com C6patch6bl Cable De 1.8m Azul De Red Categoria Cat6 Utp Rj45 Gigabit Ethernet Etl &#8211; Patch Moldeado &#8211;  Mod."},"content":{"rendered":"<table class=\"descripcion\">\n<tr>\n<td>Color: azul<\/td>\n<\/tr>\n<tr>\n<td>Longitud del cable: 1828 mm<\/td>\n<\/tr>\n<tr>\n<td>Calibre del conductor: 24 awg<\/td>\n<\/tr>\n<tr>\n<td>Cantidad de conductores: 4 pair utp<\/td>\n<\/tr>\n<tr>\n<td>Clasificacion de cables: cat6 &#8211; 650 mhz<\/td>\n<\/tr>\n<tr>\n<td>Estandar de cableado: tia\/eia-568-b.1-2001 t568b<\/td>\n<\/tr>\n<tr>\n<td>Conector a: 1 rj-45<\/td>\n<\/tr>\n<tr>\n<td>Conector b: 1 rj-45<\/td>\n<\/tr>\n<tr>\n<td>Longitud del producto: 1828 mm<\/td>\n<\/tr>\n<tr>\n<td>Tipo de cable: moldeado<\/td>\n<\/tr>\n<tr>\n<td>Peso del producto: 87 g<\/td>\n<\/tr>\n<tr>\n<td>Cable tipo jacket: pvc &#8211; polyvinyl chloride<\/td>\n<\/tr>\n<tr>\n<td>Grado de inflamabilidad: clasificacion cmg (uso general)<\/td>\n<\/tr>\n<tr>\n<td>Tipo de conductor: cobre trenzado<\/td>\n<\/tr>\n<\/table>\n","protected":false},"excerpt":{"rendered":"<p>El cable de red cat 6 de 1.8 metros, modelo c6patch6bl, cumple o sobrepasa las especificaciones para este tipo de cables de categoria 6, lo cual garantiza conexiones confiables en redes gigabit, ademas de estar fabricado con un duradero recubrimiento de pvc de color azul que permite codificar mediante el color los cables de una red, segun sea necesario. Para garantizar un rendimiento duradero, este cable para red cat 6 de alta calidad esta fabricado con moldeado de pvc que reduce la tension en los puntos de terminacion de los conectores rj45, lo cual evita que el cable se doble en angulos inclinados y, a su vez, evita tanto que el cable se dane, como que disminuya el rendimiento de la red. Fabricado en su totalidad con materiales de alta calidad y disenado para un rendimiento y confiabilidad optimos. \u00a0<\/p>\n","protected":false},"featured_media":214089,"comment_status":"open","ping_status":"open","template":"","meta":[],"product_cat":[1602,1549],"product_tag":[1590],"acf":[],"yoast_head":"<!-- This site is optimized with the Yoast SEO plugin v21.7 - https:\/\/yoast.com\/wordpress\/plugins\/seo\/ -->\n<title>[ Startech.com ] &#129351; C6patch6bl Cable De 1.8m Azul De Red Categoria Cat6 Utp Rj45 Gigabit Ethernet Etl - Patch Moldeado - Mod.<\/title>\n<meta name=\"description\" content=\"Compra C6patch6bl Cable De 1.8m Azul De Red Categoria Cat6 Utp Rj45 Gigabit Ethernet Etl - Patch Moldeado - Mod. + Env\u00edo a domicilio + Pago seguro + Garant\u00eda\" \/>\n<meta name=\"robots\" content=\"index, follow, max-snippet:-1, max-image-preview:large, max-video-preview:-1\" \/>\n<link rel=\"canonical\" href=\"https:\/\/compuviper.mx\/tienda\/producto\/startech-com-c6patch6bl-cable-de-1-8m-azul-de-red-categoria-cat6-utp-rj45-gigabit-ethernet-etl-patch-moldeado-mod\/\" \/>\n<meta property=\"og:locale\" content=\"es_MX\" \/>\n<meta property=\"og:type\" content=\"article\" \/>\n<meta property=\"og:title\" content=\"[ Startech.com ] &#129351; C6patch6bl Cable De 1.8m Azul De Red Categoria Cat6 Utp Rj45 Gigabit Ethernet Etl - Patch Moldeado - Mod.\" \/>\n<meta property=\"og:description\" content=\"Compra C6patch6bl Cable De 1.8m Azul De Red Categoria Cat6 Utp Rj45 Gigabit Ethernet Etl - Patch Moldeado - Mod. + Env\u00edo a domicilio + Pago seguro + Garant\u00eda\" \/>\n<meta property=\"og:url\" content=\"https:\/\/compuviper.mx\/tienda\/producto\/startech-com-c6patch6bl-cable-de-1-8m-azul-de-red-categoria-cat6-utp-rj45-gigabit-ethernet-etl-patch-moldeado-mod\/\" \/>\n<meta property=\"og:site_name\" content=\"Compuviper\" \/>\n<meta property=\"article:publisher\" content=\"https:\/\/www.facebook.com\/compuviper\" \/>\n<meta property=\"og:image\" content=\"https:\/\/compuviper.mx\/tienda\/wp-content\/uploads\/2023\/12\/Cable-de-1.8m-azul-de-red-categoria-cat6-utp-rj45-gigabit-ethernet-etl-patch-moldeado-startech.com-mod.-c6patch6bl.jpg\" \/>\n\t<meta property=\"og:image:width\" content=\"200\" \/>\n\t<meta property=\"og:image:height\" content=\"200\" \/>\n\t<meta property=\"og:image:type\" content=\"image\/jpeg\" \/>\n<meta name=\"twitter:card\" content=\"summary_large_image\" \/>\n<meta name=\"twitter:label1\" content=\"Precio\" \/>\n\t<meta name=\"twitter:data1\" content=\"&#36;82 con IVA\" \/>\n\t<meta name=\"twitter:label2\" content=\"Availability\" \/>\n\t<meta name=\"twitter:data2\" content=\"In stock\" \/>\n<script type=\"application\/ld+json\" class=\"yoast-schema-graph\">{\"@context\":\"https:\/\/schema.org\",\"@graph\":[{\"@type\":\"WebPage\",\"@id\":\"https:\/\/compuviper.mx\/tienda\/producto\/startech-com-c6patch6bl-cable-de-1-8m-azul-de-red-categoria-cat6-utp-rj45-gigabit-ethernet-etl-patch-moldeado-mod\/\",\"url\":\"https:\/\/compuviper.mx\/tienda\/producto\/startech-com-c6patch6bl-cable-de-1-8m-azul-de-red-categoria-cat6-utp-rj45-gigabit-ethernet-etl-patch-moldeado-mod\/\",\"name\":\"[ Startech.com ] &#129351; C6patch6bl Cable De 1.8m Azul De Red Categoria Cat6 Utp Rj45 Gigabit Ethernet Etl - Patch Moldeado - Mod.\",\"isPartOf\":{\"@id\":\"https:\/\/compuviper.mx\/tienda\/#website\"},\"datePublished\":\"2026-04-11T05:41:49+00:00\",\"dateModified\":\"2026-04-11T05:41:49+00:00\",\"description\":\"Compra C6patch6bl Cable De 1.8m Azul De Red Categoria Cat6 Utp Rj45 Gigabit Ethernet Etl - Patch Moldeado - Mod. + Env\u00edo a domicilio + Pago seguro + Garant\u00eda\",\"breadcrumb\":{\"@id\":\"https:\/\/compuviper.mx\/tienda\/producto\/startech-com-c6patch6bl-cable-de-1-8m-azul-de-red-categoria-cat6-utp-rj45-gigabit-ethernet-etl-patch-moldeado-mod\/#breadcrumb\"},\"inLanguage\":\"es-MX\",\"potentialAction\":[{\"@type\":\"ReadAction\",\"target\":[\"https:\/\/compuviper.mx\/tienda\/producto\/startech-com-c6patch6bl-cable-de-1-8m-azul-de-red-categoria-cat6-utp-rj45-gigabit-ethernet-etl-patch-moldeado-mod\/\"]}]},{\"@type\":\"BreadcrumbList\",\"@id\":\"https:\/\/compuviper.mx\/tienda\/producto\/startech-com-c6patch6bl-cable-de-1-8m-azul-de-red-categoria-cat6-utp-rj45-gigabit-ethernet-etl-patch-moldeado-mod\/#breadcrumb\",\"itemListElement\":[{\"@type\":\"ListItem\",\"position\":1,\"name\":\"Inicio\",\"item\":\"https:\/\/compuviper.mx\/tienda\/\"},{\"@type\":\"ListItem\",\"position\":2,\"name\":\"Productos\",\"item\":\"https:\/\/compuviper.mx\/tienda\/productos\/\"},{\"@type\":\"ListItem\",\"position\":3,\"name\":\"Cables\",\"item\":\"https:\/\/compuviper.mx\/tienda\/categoria-producto\/cables\/\"},{\"@type\":\"ListItem\",\"position\":4,\"name\":\"Cable De Red\",\"item\":\"https:\/\/compuviper.mx\/tienda\/categoria-producto\/cables\/cable-de-red\/\"},{\"@type\":\"ListItem\",\"position\":5,\"name\":\"Startech.com C6patch6bl Cable De 1.8m Azul De Red Categoria Cat6 Utp Rj45 Gigabit Ethernet Etl &#8211; Patch Moldeado &#8211; Mod.\"}]},{\"@type\":\"WebSite\",\"@id\":\"https:\/\/compuviper.mx\/tienda\/#website\",\"url\":\"https:\/\/compuviper.mx\/tienda\/\",\"name\":\"Compuviper\",\"description\":\"Proveedor de Computadoras, Laptops, Servidores, Monitores, Puntos de Venta, Teclados,   Impresoras, T\u00f3ner, C\u00e1maras de Seguridad y m\u00e1s en tu tienda en l\u00ednea\",\"publisher\":{\"@id\":\"https:\/\/compuviper.mx\/tienda\/#organization\"},\"potentialAction\":[{\"@type\":\"SearchAction\",\"target\":{\"@type\":\"EntryPoint\",\"urlTemplate\":\"https:\/\/compuviper.mx\/tienda\/?s={search_term_string}\"},\"query-input\":\"required name=search_term_string\"}],\"inLanguage\":\"es-MX\"},{\"@type\":\"Organization\",\"@id\":\"https:\/\/compuviper.mx\/tienda\/#organization\",\"name\":\"Compuviper\",\"url\":\"https:\/\/compuviper.mx\/tienda\/\",\"logo\":{\"@type\":\"ImageObject\",\"inLanguage\":\"es-MX\",\"@id\":\"https:\/\/compuviper.mx\/tienda\/#\/schema\/logo\/image\/\",\"url\":\"https:\/\/compuviper.mx\/tienda\/wp-content\/uploads\/2021\/08\/Logo-Compuviper-10.png\",\"contentUrl\":\"https:\/\/compuviper.mx\/tienda\/wp-content\/uploads\/2021\/08\/Logo-Compuviper-10.png\",\"width\":1000,\"height\":500,\"caption\":\"Compuviper\"},\"image\":{\"@id\":\"https:\/\/compuviper.mx\/tienda\/#\/schema\/logo\/image\/\"},\"sameAs\":[\"https:\/\/www.facebook.com\/compuviper\",\"https:\/\/www.youtube.com\/channel\/UCf73dERp9Y3cfOq7q8BhLjA?view_as=subscriber\"]}]}<\/script>\n<meta property=\"product:brand\" content=\"STARTECH.COM\" \/>\n<meta property=\"product:price:amount\" content=\"82\" \/>\n<meta property=\"product:price:currency\" content=\"MXN\" \/>\n<meta property=\"og:availability\" content=\"instock\" \/>\n<meta property=\"product:availability\" content=\"instock\" \/>\n<meta property=\"product:retailer_item_id\" content=\"C6PATCH6BL\" \/>\n<meta property=\"product:condition\" content=\"new\" \/>\n<!-- \/ Yoast SEO plugin. -->","yoast_head_json":{"title":"[ Startech.com ] &#129351; C6patch6bl Cable De 1.8m Azul De Red Categoria Cat6 Utp Rj45 Gigabit Ethernet Etl - Patch Moldeado - Mod.","description":"Compra C6patch6bl Cable De 1.8m Azul De Red Categoria Cat6 Utp Rj45 Gigabit Ethernet Etl - Patch Moldeado - Mod. + Env\u00edo a domicilio + Pago seguro + Garant\u00eda","robots":{"index":"index","follow":"follow","max-snippet":"max-snippet:-1","max-image-preview":"max-image-preview:large","max-video-preview":"max-video-preview:-1"},"canonical":"https:\/\/compuviper.mx\/tienda\/producto\/startech-com-c6patch6bl-cable-de-1-8m-azul-de-red-categoria-cat6-utp-rj45-gigabit-ethernet-etl-patch-moldeado-mod\/","og_locale":"es_MX","og_type":"article","og_title":"[ Startech.com ] &#129351; C6patch6bl Cable De 1.8m Azul De Red Categoria Cat6 Utp Rj45 Gigabit Ethernet Etl - Patch Moldeado - Mod.","og_description":"Compra C6patch6bl Cable De 1.8m Azul De Red Categoria Cat6 Utp Rj45 Gigabit Ethernet Etl - Patch Moldeado - Mod. + Env\u00edo a domicilio + Pago seguro + Garant\u00eda","og_url":"https:\/\/compuviper.mx\/tienda\/producto\/startech-com-c6patch6bl-cable-de-1-8m-azul-de-red-categoria-cat6-utp-rj45-gigabit-ethernet-etl-patch-moldeado-mod\/","og_site_name":"Compuviper","article_publisher":"https:\/\/www.facebook.com\/compuviper","og_image":[{"width":200,"height":200,"url":"https:\/\/compuviper.mx\/tienda\/wp-content\/uploads\/2023\/12\/Cable-de-1.8m-azul-de-red-categoria-cat6-utp-rj45-gigabit-ethernet-etl-patch-moldeado-startech.com-mod.-c6patch6bl.jpg","type":"image\/jpeg"}],"twitter_card":"summary_large_image","twitter_misc":{"Precio":"&#36;82 con IVA","Availability":"In stock"},"schema":{"@context":"https:\/\/schema.org","@graph":[{"@type":"WebPage","@id":"https:\/\/compuviper.mx\/tienda\/producto\/startech-com-c6patch6bl-cable-de-1-8m-azul-de-red-categoria-cat6-utp-rj45-gigabit-ethernet-etl-patch-moldeado-mod\/","url":"https:\/\/compuviper.mx\/tienda\/producto\/startech-com-c6patch6bl-cable-de-1-8m-azul-de-red-categoria-cat6-utp-rj45-gigabit-ethernet-etl-patch-moldeado-mod\/","name":"[ Startech.com ] &#129351; C6patch6bl Cable De 1.8m Azul De Red Categoria Cat6 Utp Rj45 Gigabit Ethernet Etl - Patch Moldeado - Mod.","isPartOf":{"@id":"https:\/\/compuviper.mx\/tienda\/#website"},"datePublished":"2026-04-11T05:41:49+00:00","dateModified":"2026-04-11T05:41:49+00:00","description":"Compra C6patch6bl Cable De 1.8m Azul De Red Categoria Cat6 Utp Rj45 Gigabit Ethernet Etl - Patch Moldeado - Mod. + Env\u00edo a domicilio + Pago seguro + Garant\u00eda","breadcrumb":{"@id":"https:\/\/compuviper.mx\/tienda\/producto\/startech-com-c6patch6bl-cable-de-1-8m-azul-de-red-categoria-cat6-utp-rj45-gigabit-ethernet-etl-patch-moldeado-mod\/#breadcrumb"},"inLanguage":"es-MX","potentialAction":[{"@type":"ReadAction","target":["https:\/\/compuviper.mx\/tienda\/producto\/startech-com-c6patch6bl-cable-de-1-8m-azul-de-red-categoria-cat6-utp-rj45-gigabit-ethernet-etl-patch-moldeado-mod\/"]}]},{"@type":"BreadcrumbList","@id":"https:\/\/compuviper.mx\/tienda\/producto\/startech-com-c6patch6bl-cable-de-1-8m-azul-de-red-categoria-cat6-utp-rj45-gigabit-ethernet-etl-patch-moldeado-mod\/#breadcrumb","itemListElement":[{"@type":"ListItem","position":1,"name":"Inicio","item":"https:\/\/compuviper.mx\/tienda\/"},{"@type":"ListItem","position":2,"name":"Productos","item":"https:\/\/compuviper.mx\/tienda\/productos\/"},{"@type":"ListItem","position":3,"name":"Cables","item":"https:\/\/compuviper.mx\/tienda\/categoria-producto\/cables\/"},{"@type":"ListItem","position":4,"name":"Cable De Red","item":"https:\/\/compuviper.mx\/tienda\/categoria-producto\/cables\/cable-de-red\/"},{"@type":"ListItem","position":5,"name":"Startech.com C6patch6bl Cable De 1.8m Azul De Red Categoria Cat6 Utp Rj45 Gigabit Ethernet Etl &#8211; Patch Moldeado &#8211; Mod."}]},{"@type":"WebSite","@id":"https:\/\/compuviper.mx\/tienda\/#website","url":"https:\/\/compuviper.mx\/tienda\/","name":"Compuviper","description":"Proveedor de Computadoras, Laptops, Servidores, Monitores, Puntos de Venta, Teclados,   Impresoras, T\u00f3ner, C\u00e1maras de Seguridad y m\u00e1s en tu tienda en l\u00ednea","publisher":{"@id":"https:\/\/compuviper.mx\/tienda\/#organization"},"potentialAction":[{"@type":"SearchAction","target":{"@type":"EntryPoint","urlTemplate":"https:\/\/compuviper.mx\/tienda\/?s={search_term_string}"},"query-input":"required name=search_term_string"}],"inLanguage":"es-MX"},{"@type":"Organization","@id":"https:\/\/compuviper.mx\/tienda\/#organization","name":"Compuviper","url":"https:\/\/compuviper.mx\/tienda\/","logo":{"@type":"ImageObject","inLanguage":"es-MX","@id":"https:\/\/compuviper.mx\/tienda\/#\/schema\/logo\/image\/","url":"https:\/\/compuviper.mx\/tienda\/wp-content\/uploads\/2021\/08\/Logo-Compuviper-10.png","contentUrl":"https:\/\/compuviper.mx\/tienda\/wp-content\/uploads\/2021\/08\/Logo-Compuviper-10.png","width":1000,"height":500,"caption":"Compuviper"},"image":{"@id":"https:\/\/compuviper.mx\/tienda\/#\/schema\/logo\/image\/"},"sameAs":["https:\/\/www.facebook.com\/compuviper","https:\/\/www.youtube.com\/channel\/UCf73dERp9Y3cfOq7q8BhLjA?view_as=subscriber"]}]},"product_brand":"STARTECH.COM","product_price_amount":"82","product_price_currency":"MXN","og_availability":"instock","product_availability":"instock","product_retailer_item_id":"C6PATCH6BL","product_condition":"new"},"_links":{"self":[{"href":"https:\/\/compuviper.mx\/tienda\/wp-json\/wp\/v2\/product\/214088"}],"collection":[{"href":"https:\/\/compuviper.mx\/tienda\/wp-json\/wp\/v2\/product"}],"about":[{"href":"https:\/\/compuviper.mx\/tienda\/wp-json\/wp\/v2\/types\/product"}],"replies":[{"embeddable":true,"href":"https:\/\/compuviper.mx\/tienda\/wp-json\/wp\/v2\/comments?post=214088"}],"wp:featuredmedia":[{"embeddable":true,"href":"https:\/\/compuviper.mx\/tienda\/wp-json\/wp\/v2\/media\/214089"}],"wp:attachment":[{"href":"https:\/\/compuviper.mx\/tienda\/wp-json\/wp\/v2\/media?parent=214088"}],"wp:term":[{"taxonomy":"product_cat","embeddable":true,"href":"https:\/\/compuviper.mx\/tienda\/wp-json\/wp\/v2\/product_cat?post=214088"},{"taxonomy":"product_tag","embeddable":true,"href":"https:\/\/compuviper.mx\/tienda\/wp-json\/wp\/v2\/product_tag?post=214088"}],"curies":[{"name":"wp","href":"https:\/\/api.w.org\/{rel}","templated":true}]}}