{"id":214086,"date":"2026-04-17T23:46:50","date_gmt":"2026-04-18T05:46:50","guid":{"rendered":"https:\/\/compuviper.mx\/tienda\/producto\/startech-com-hdmimm6hs-cable-hdmi-de-1-8m-de-alta-velocidad-con-ethernet-cable-hdmi-4k-x-2k-cable-hdmi-para-tv-mod\/"},"modified":"2026-04-17T23:46:50","modified_gmt":"2026-04-18T05:46:50","slug":"startech-com-hdmimm6hs-cable-hdmi-de-1-8m-de-alta-velocidad-con-ethernet-cable-hdmi-4k-x-2k-cable-hdmi-para-tv-mod","status":"publish","type":"product","link":"https:\/\/compuviper.mx\/tienda\/producto\/startech-com-hdmimm6hs-cable-hdmi-de-1-8m-de-alta-velocidad-con-ethernet-cable-hdmi-4k-x-2k-cable-hdmi-para-tv-mod\/","title":{"rendered":"Startech.com Hdmimm6hs Cable Hdmi De 1.8m De Alta Velocidad Con Ethernet &#8211; Cable Hdmi 4k X 2k &#8211; Cable Hdmi Para Tv &#8211;  Mod."},"content":{"rendered":"<table class=\"descripcion\">\n<tr>\n<td>Hardware<\/td>\n<\/tr>\n<tr>\n<td>Revestimiento del conector: oro<\/td>\n<\/tr>\n<tr>\n<td>Tipo de cable blindado: lamina de aluminio mylar con malla trenzada<\/td>\n<\/tr>\n<tr>\n<td>Cantidad de conductores: 19<\/td>\n<\/tr>\n<tr>\n<td>Cable tipo jacket: pvc &#8211; polyvinyl chloride<\/td>\n<\/tr>\n<tr>\n<td>Rendimiento<\/td>\n<\/tr>\n<tr>\n<td>Resolucion digital maxima: 4k x 2k @ 30 hz<\/td>\n<\/tr>\n<tr>\n<td>Contenido de la caja<\/td>\n<\/tr>\n<tr>\n<td>Incluido en la caja: 6 ft high speed hdmi\u00ae cable with ethernet &#8211; hdmi &#8211; m\/m<\/td>\n<\/tr>\n<tr>\n<td>Conector(es)<\/td>\n<\/tr>\n<tr>\n<td>Conector b: hdmi (19 pines)<\/td>\n<\/tr>\n<tr>\n<td>Conector a: hdmi (19 pines)<\/td>\n<\/tr>\n<tr>\n<td>Caracteristicas fisicas<\/td>\n<\/tr>\n<tr>\n<td>Peso: 123 g<\/td>\n<\/tr>\n<tr>\n<td>Longitud: 1.8 m<\/td>\n<\/tr>\n<tr>\n<td>Longitud del cable: 1.8 m<\/td>\n<\/tr>\n<tr>\n<td>Estilo de conector: recto<\/td>\n<\/tr>\n<tr>\n<td>Color: negro<\/td>\n<\/tr>\n<tr>\n<td>Calibre del conductor: 28 awg<\/td>\n<\/tr>\n<tr>\n<td>Cable od: 7.3 mm<\/td>\n<\/tr>\n<\/table>\n","protected":false},"excerpt":{"rendered":"<p>El cable hdmi de alta velocidad con ethernet de 1.8\u00a0metros, hdmimm10hs ofrece soporte para las prestaciones avanzadas de la interfaz multimedia de alta definicion, incluyendo interconectividad de datos ethernet con dispositivos equipados con hdmi. El cable dispone de conectores hdmi (macho) revestidos en oro que ayudan a asegurar una conexion digital de alta calidad capaz de transmitir video de alta definicion y audio multicanal entre dispositivos como reproductores blu-ray disc, televisores de alta definicion, reproductores de dvd, dvrs y receptores estereo entre otros. Este cable hdmi de alta calidad soporta totalmente las resoluciones de 1080 p+ hasta 120 hz de frecuencia de barrido, con colores reales. Para ajustarse a las exigencias de los dispositivos de alta definicion del futuro, como resoluciones y tasas de tramas mas altas, nuestro cable ultra hd puede soportar resoluciones de imagen de hasta 4 k x 2 k.<\/p>\n","protected":false},"featured_media":214087,"comment_status":"open","ping_status":"open","template":"","meta":[],"product_cat":[1550,1549],"product_tag":[1590],"acf":[],"yoast_head":"<!-- This site is optimized with the Yoast SEO plugin v21.7 - https:\/\/yoast.com\/wordpress\/plugins\/seo\/ -->\n<title>[ Startech.com ] &#129351; Hdmimm6hs Cable Hdmi De 1.8m De Alta Velocidad Con Ethernet - Cable Hdmi 4k X 2k - Cable Hdmi Para Tv - Mod.<\/title>\n<meta name=\"description\" content=\"Compra Hdmimm6hs Cable Hdmi De 1.8m De Alta Velocidad Con Ethernet - Cable Hdmi 4k X 2k - Cable Hdmi Para Tv - Mod. + Env\u00edo a domicilio + Pago seguro + Garant\u00eda\" \/>\n<meta name=\"robots\" content=\"index, follow, max-snippet:-1, max-image-preview:large, max-video-preview:-1\" \/>\n<link rel=\"canonical\" href=\"https:\/\/compuviper.mx\/tienda\/producto\/startech-com-hdmimm6hs-cable-hdmi-de-1-8m-de-alta-velocidad-con-ethernet-cable-hdmi-4k-x-2k-cable-hdmi-para-tv-mod\/\" \/>\n<meta property=\"og:locale\" content=\"es_MX\" \/>\n<meta property=\"og:type\" content=\"article\" \/>\n<meta property=\"og:title\" content=\"[ Startech.com ] &#129351; Hdmimm6hs Cable Hdmi De 1.8m De Alta Velocidad Con Ethernet - Cable Hdmi 4k X 2k - Cable Hdmi Para Tv - Mod.\" \/>\n<meta property=\"og:description\" content=\"Compra Hdmimm6hs Cable Hdmi De 1.8m De Alta Velocidad Con Ethernet - Cable Hdmi 4k X 2k - Cable Hdmi Para Tv - Mod. + Env\u00edo a domicilio + Pago seguro + Garant\u00eda\" \/>\n<meta property=\"og:url\" content=\"https:\/\/compuviper.mx\/tienda\/producto\/startech-com-hdmimm6hs-cable-hdmi-de-1-8m-de-alta-velocidad-con-ethernet-cable-hdmi-4k-x-2k-cable-hdmi-para-tv-mod\/\" \/>\n<meta property=\"og:site_name\" content=\"Compuviper\" \/>\n<meta property=\"article:publisher\" content=\"https:\/\/www.facebook.com\/compuviper\" \/>\n<meta property=\"og:image\" content=\"https:\/\/compuviper.mx\/tienda\/wp-content\/uploads\/2023\/12\/Cable-hdmi-de-1.8m-de-alta-velocidad-con-ethernet-cable-hdmi-4k-x-2k-cable-hdmi-para-tv-startech.com-mod.-hdmimm6hs.jpg\" \/>\n\t<meta property=\"og:image:width\" content=\"200\" \/>\n\t<meta property=\"og:image:height\" content=\"200\" \/>\n\t<meta property=\"og:image:type\" content=\"image\/jpeg\" \/>\n<meta name=\"twitter:card\" content=\"summary_large_image\" \/>\n<meta name=\"twitter:label1\" content=\"Precio\" \/>\n\t<meta name=\"twitter:data1\" content=\"&#36;225 con IVA\" \/>\n\t<meta name=\"twitter:label2\" content=\"Availability\" \/>\n\t<meta name=\"twitter:data2\" content=\"Out of stock\" \/>\n<script type=\"application\/ld+json\" class=\"yoast-schema-graph\">{\"@context\":\"https:\/\/schema.org\",\"@graph\":[{\"@type\":\"WebPage\",\"@id\":\"https:\/\/compuviper.mx\/tienda\/producto\/startech-com-hdmimm6hs-cable-hdmi-de-1-8m-de-alta-velocidad-con-ethernet-cable-hdmi-4k-x-2k-cable-hdmi-para-tv-mod\/\",\"url\":\"https:\/\/compuviper.mx\/tienda\/producto\/startech-com-hdmimm6hs-cable-hdmi-de-1-8m-de-alta-velocidad-con-ethernet-cable-hdmi-4k-x-2k-cable-hdmi-para-tv-mod\/\",\"name\":\"[ Startech.com ] &#129351; Hdmimm6hs Cable Hdmi De 1.8m De Alta Velocidad Con Ethernet - Cable Hdmi 4k X 2k - Cable Hdmi Para Tv - Mod.\",\"isPartOf\":{\"@id\":\"https:\/\/compuviper.mx\/tienda\/#website\"},\"datePublished\":\"2026-04-18T05:46:50+00:00\",\"dateModified\":\"2026-04-18T05:46:50+00:00\",\"description\":\"Compra Hdmimm6hs Cable Hdmi De 1.8m De Alta Velocidad Con Ethernet - Cable Hdmi 4k X 2k - Cable Hdmi Para Tv - Mod. + Env\u00edo a domicilio + Pago seguro + Garant\u00eda\",\"breadcrumb\":{\"@id\":\"https:\/\/compuviper.mx\/tienda\/producto\/startech-com-hdmimm6hs-cable-hdmi-de-1-8m-de-alta-velocidad-con-ethernet-cable-hdmi-4k-x-2k-cable-hdmi-para-tv-mod\/#breadcrumb\"},\"inLanguage\":\"es-MX\",\"potentialAction\":[{\"@type\":\"ReadAction\",\"target\":[\"https:\/\/compuviper.mx\/tienda\/producto\/startech-com-hdmimm6hs-cable-hdmi-de-1-8m-de-alta-velocidad-con-ethernet-cable-hdmi-4k-x-2k-cable-hdmi-para-tv-mod\/\"]}]},{\"@type\":\"BreadcrumbList\",\"@id\":\"https:\/\/compuviper.mx\/tienda\/producto\/startech-com-hdmimm6hs-cable-hdmi-de-1-8m-de-alta-velocidad-con-ethernet-cable-hdmi-4k-x-2k-cable-hdmi-para-tv-mod\/#breadcrumb\",\"itemListElement\":[{\"@type\":\"ListItem\",\"position\":1,\"name\":\"Inicio\",\"item\":\"https:\/\/compuviper.mx\/tienda\/\"},{\"@type\":\"ListItem\",\"position\":2,\"name\":\"Productos\",\"item\":\"https:\/\/compuviper.mx\/tienda\/productos\/\"},{\"@type\":\"ListItem\",\"position\":3,\"name\":\"Cables\",\"item\":\"https:\/\/compuviper.mx\/tienda\/categoria-producto\/cables\/\"},{\"@type\":\"ListItem\",\"position\":4,\"name\":\"Cable De Video\",\"item\":\"https:\/\/compuviper.mx\/tienda\/categoria-producto\/cables\/cable-de-video\/\"},{\"@type\":\"ListItem\",\"position\":5,\"name\":\"Startech.com Hdmimm6hs Cable Hdmi De 1.8m De Alta Velocidad Con Ethernet &#8211; Cable Hdmi 4k X 2k &#8211; Cable Hdmi Para Tv &#8211; Mod.\"}]},{\"@type\":\"WebSite\",\"@id\":\"https:\/\/compuviper.mx\/tienda\/#website\",\"url\":\"https:\/\/compuviper.mx\/tienda\/\",\"name\":\"Compuviper\",\"description\":\"Proveedor de Computadoras, Laptops, Servidores, Monitores, Puntos de Venta, Teclados,   Impresoras, T\u00f3ner, C\u00e1maras de Seguridad y m\u00e1s en tu tienda en l\u00ednea\",\"publisher\":{\"@id\":\"https:\/\/compuviper.mx\/tienda\/#organization\"},\"potentialAction\":[{\"@type\":\"SearchAction\",\"target\":{\"@type\":\"EntryPoint\",\"urlTemplate\":\"https:\/\/compuviper.mx\/tienda\/?s={search_term_string}\"},\"query-input\":\"required name=search_term_string\"}],\"inLanguage\":\"es-MX\"},{\"@type\":\"Organization\",\"@id\":\"https:\/\/compuviper.mx\/tienda\/#organization\",\"name\":\"Compuviper\",\"url\":\"https:\/\/compuviper.mx\/tienda\/\",\"logo\":{\"@type\":\"ImageObject\",\"inLanguage\":\"es-MX\",\"@id\":\"https:\/\/compuviper.mx\/tienda\/#\/schema\/logo\/image\/\",\"url\":\"https:\/\/compuviper.mx\/tienda\/wp-content\/uploads\/2021\/08\/Logo-Compuviper-10.png\",\"contentUrl\":\"https:\/\/compuviper.mx\/tienda\/wp-content\/uploads\/2021\/08\/Logo-Compuviper-10.png\",\"width\":1000,\"height\":500,\"caption\":\"Compuviper\"},\"image\":{\"@id\":\"https:\/\/compuviper.mx\/tienda\/#\/schema\/logo\/image\/\"},\"sameAs\":[\"https:\/\/www.facebook.com\/compuviper\",\"https:\/\/www.youtube.com\/channel\/UCf73dERp9Y3cfOq7q8BhLjA?view_as=subscriber\"]}]}<\/script>\n<meta property=\"product:brand\" content=\"STARTECH.COM\" \/>\n<meta property=\"product:price:amount\" content=\"225\" \/>\n<meta property=\"product:price:currency\" content=\"MXN\" \/>\n<meta property=\"og:availability\" content=\"out of stock\" \/>\n<meta property=\"product:availability\" content=\"out of stock\" \/>\n<meta property=\"product:retailer_item_id\" content=\"HDMIMM6HS\" \/>\n<meta property=\"product:condition\" content=\"new\" \/>\n<!-- \/ Yoast SEO plugin. -->","yoast_head_json":{"title":"[ Startech.com ] &#129351; Hdmimm6hs Cable Hdmi De 1.8m De Alta Velocidad Con Ethernet - Cable Hdmi 4k X 2k - Cable Hdmi Para Tv - Mod.","description":"Compra Hdmimm6hs Cable Hdmi De 1.8m De Alta Velocidad Con Ethernet - Cable Hdmi 4k X 2k - Cable Hdmi Para Tv - Mod. + Env\u00edo a domicilio + Pago seguro + Garant\u00eda","robots":{"index":"index","follow":"follow","max-snippet":"max-snippet:-1","max-image-preview":"max-image-preview:large","max-video-preview":"max-video-preview:-1"},"canonical":"https:\/\/compuviper.mx\/tienda\/producto\/startech-com-hdmimm6hs-cable-hdmi-de-1-8m-de-alta-velocidad-con-ethernet-cable-hdmi-4k-x-2k-cable-hdmi-para-tv-mod\/","og_locale":"es_MX","og_type":"article","og_title":"[ Startech.com ] &#129351; Hdmimm6hs Cable Hdmi De 1.8m De Alta Velocidad Con Ethernet - Cable Hdmi 4k X 2k - Cable Hdmi Para Tv - Mod.","og_description":"Compra Hdmimm6hs Cable Hdmi De 1.8m De Alta Velocidad Con Ethernet - Cable Hdmi 4k X 2k - Cable Hdmi Para Tv - Mod. + Env\u00edo a domicilio + Pago seguro + Garant\u00eda","og_url":"https:\/\/compuviper.mx\/tienda\/producto\/startech-com-hdmimm6hs-cable-hdmi-de-1-8m-de-alta-velocidad-con-ethernet-cable-hdmi-4k-x-2k-cable-hdmi-para-tv-mod\/","og_site_name":"Compuviper","article_publisher":"https:\/\/www.facebook.com\/compuviper","og_image":[{"width":200,"height":200,"url":"https:\/\/compuviper.mx\/tienda\/wp-content\/uploads\/2023\/12\/Cable-hdmi-de-1.8m-de-alta-velocidad-con-ethernet-cable-hdmi-4k-x-2k-cable-hdmi-para-tv-startech.com-mod.-hdmimm6hs.jpg","type":"image\/jpeg"}],"twitter_card":"summary_large_image","twitter_misc":{"Precio":"&#36;225 con IVA","Availability":"Out of stock"},"schema":{"@context":"https:\/\/schema.org","@graph":[{"@type":"WebPage","@id":"https:\/\/compuviper.mx\/tienda\/producto\/startech-com-hdmimm6hs-cable-hdmi-de-1-8m-de-alta-velocidad-con-ethernet-cable-hdmi-4k-x-2k-cable-hdmi-para-tv-mod\/","url":"https:\/\/compuviper.mx\/tienda\/producto\/startech-com-hdmimm6hs-cable-hdmi-de-1-8m-de-alta-velocidad-con-ethernet-cable-hdmi-4k-x-2k-cable-hdmi-para-tv-mod\/","name":"[ Startech.com ] &#129351; Hdmimm6hs Cable Hdmi De 1.8m De Alta Velocidad Con Ethernet - Cable Hdmi 4k X 2k - Cable Hdmi Para Tv - Mod.","isPartOf":{"@id":"https:\/\/compuviper.mx\/tienda\/#website"},"datePublished":"2026-04-18T05:46:50+00:00","dateModified":"2026-04-18T05:46:50+00:00","description":"Compra Hdmimm6hs Cable Hdmi De 1.8m De Alta Velocidad Con Ethernet - Cable Hdmi 4k X 2k - Cable Hdmi Para Tv - Mod. + Env\u00edo a domicilio + Pago seguro + Garant\u00eda","breadcrumb":{"@id":"https:\/\/compuviper.mx\/tienda\/producto\/startech-com-hdmimm6hs-cable-hdmi-de-1-8m-de-alta-velocidad-con-ethernet-cable-hdmi-4k-x-2k-cable-hdmi-para-tv-mod\/#breadcrumb"},"inLanguage":"es-MX","potentialAction":[{"@type":"ReadAction","target":["https:\/\/compuviper.mx\/tienda\/producto\/startech-com-hdmimm6hs-cable-hdmi-de-1-8m-de-alta-velocidad-con-ethernet-cable-hdmi-4k-x-2k-cable-hdmi-para-tv-mod\/"]}]},{"@type":"BreadcrumbList","@id":"https:\/\/compuviper.mx\/tienda\/producto\/startech-com-hdmimm6hs-cable-hdmi-de-1-8m-de-alta-velocidad-con-ethernet-cable-hdmi-4k-x-2k-cable-hdmi-para-tv-mod\/#breadcrumb","itemListElement":[{"@type":"ListItem","position":1,"name":"Inicio","item":"https:\/\/compuviper.mx\/tienda\/"},{"@type":"ListItem","position":2,"name":"Productos","item":"https:\/\/compuviper.mx\/tienda\/productos\/"},{"@type":"ListItem","position":3,"name":"Cables","item":"https:\/\/compuviper.mx\/tienda\/categoria-producto\/cables\/"},{"@type":"ListItem","position":4,"name":"Cable De Video","item":"https:\/\/compuviper.mx\/tienda\/categoria-producto\/cables\/cable-de-video\/"},{"@type":"ListItem","position":5,"name":"Startech.com Hdmimm6hs Cable Hdmi De 1.8m De Alta Velocidad Con Ethernet &#8211; Cable Hdmi 4k X 2k &#8211; Cable Hdmi Para Tv &#8211; Mod."}]},{"@type":"WebSite","@id":"https:\/\/compuviper.mx\/tienda\/#website","url":"https:\/\/compuviper.mx\/tienda\/","name":"Compuviper","description":"Proveedor de Computadoras, Laptops, Servidores, Monitores, Puntos de Venta, Teclados,   Impresoras, T\u00f3ner, C\u00e1maras de Seguridad y m\u00e1s en tu tienda en l\u00ednea","publisher":{"@id":"https:\/\/compuviper.mx\/tienda\/#organization"},"potentialAction":[{"@type":"SearchAction","target":{"@type":"EntryPoint","urlTemplate":"https:\/\/compuviper.mx\/tienda\/?s={search_term_string}"},"query-input":"required name=search_term_string"}],"inLanguage":"es-MX"},{"@type":"Organization","@id":"https:\/\/compuviper.mx\/tienda\/#organization","name":"Compuviper","url":"https:\/\/compuviper.mx\/tienda\/","logo":{"@type":"ImageObject","inLanguage":"es-MX","@id":"https:\/\/compuviper.mx\/tienda\/#\/schema\/logo\/image\/","url":"https:\/\/compuviper.mx\/tienda\/wp-content\/uploads\/2021\/08\/Logo-Compuviper-10.png","contentUrl":"https:\/\/compuviper.mx\/tienda\/wp-content\/uploads\/2021\/08\/Logo-Compuviper-10.png","width":1000,"height":500,"caption":"Compuviper"},"image":{"@id":"https:\/\/compuviper.mx\/tienda\/#\/schema\/logo\/image\/"},"sameAs":["https:\/\/www.facebook.com\/compuviper","https:\/\/www.youtube.com\/channel\/UCf73dERp9Y3cfOq7q8BhLjA?view_as=subscriber"]}]},"product_brand":"STARTECH.COM","product_price_amount":"225","product_price_currency":"MXN","og_availability":"out of stock","product_availability":"out of stock","product_retailer_item_id":"HDMIMM6HS","product_condition":"new"},"_links":{"self":[{"href":"https:\/\/compuviper.mx\/tienda\/wp-json\/wp\/v2\/product\/214086"}],"collection":[{"href":"https:\/\/compuviper.mx\/tienda\/wp-json\/wp\/v2\/product"}],"about":[{"href":"https:\/\/compuviper.mx\/tienda\/wp-json\/wp\/v2\/types\/product"}],"replies":[{"embeddable":true,"href":"https:\/\/compuviper.mx\/tienda\/wp-json\/wp\/v2\/comments?post=214086"}],"wp:featuredmedia":[{"embeddable":true,"href":"https:\/\/compuviper.mx\/tienda\/wp-json\/wp\/v2\/media\/214087"}],"wp:attachment":[{"href":"https:\/\/compuviper.mx\/tienda\/wp-json\/wp\/v2\/media?parent=214086"}],"wp:term":[{"taxonomy":"product_cat","embeddable":true,"href":"https:\/\/compuviper.mx\/tienda\/wp-json\/wp\/v2\/product_cat?post=214086"},{"taxonomy":"product_tag","embeddable":true,"href":"https:\/\/compuviper.mx\/tienda\/wp-json\/wp\/v2\/product_tag?post=214086"}],"curies":[{"name":"wp","href":"https:\/\/api.w.org\/{rel}","templated":true}]}}