{"id":214076,"date":"2026-04-10T23:41:46","date_gmt":"2026-04-11T05:41:46","guid":{"rendered":"https:\/\/compuviper.mx\/tienda\/producto\/startech-com-displport10l-cable-de-3m-displayport-certificado-1-2-4k-con-cierre-de-seguridad-2x-macho-dp-mod\/"},"modified":"2026-04-10T23:41:46","modified_gmt":"2026-04-11T05:41:46","slug":"startech-com-displport10l-cable-de-3m-displayport-certificado-1-2-4k-con-cierre-de-seguridad-2x-macho-dp-mod","status":"publish","type":"product","link":"https:\/\/compuviper.mx\/tienda\/producto\/startech-com-displport10l-cable-de-3m-displayport-certificado-1-2-4k-con-cierre-de-seguridad-2x-macho-dp-mod\/","title":{"rendered":"Startech.com Displport10l Cable De 3m Displayport Certificado 1.2 4k Con Cierre De Seguridad &#8211; 2x Macho Dp &#8211;  Mod."},"content":{"rendered":"<table class=\"descripcion\">\n<tr>\n<td>Conector b: 1 displayport (20 pines)<\/td>\n<\/tr>\n<tr>\n<td>Longitud del producto: 3050.000 mm<\/td>\n<\/tr>\n<tr>\n<td>Calibre del conductor: 28 awg<\/td>\n<\/tr>\n<tr>\n<td>Longitud del cable: 3048 mm<\/td>\n<\/tr>\n<tr>\n<td>Estilo de conector: mecanismo de bloqueo<\/td>\n<\/tr>\n<tr>\n<td>Conector a: 1 displayport (20 pines)<\/td>\n<\/tr>\n<tr>\n<td>Cable tipo jacket: pvc &#8211; polyvinyl chloride<\/td>\n<\/tr>\n<tr>\n<td>Tipo de cable blindado: lamina de aluminio mylar con malla trenzada<\/td>\n<\/tr>\n<tr>\n<td>Color: negro<\/td>\n<\/tr>\n<tr>\n<td>Revestimiento del conector: niquel<\/td>\n<\/tr>\n<tr>\n<td>Cantidad de conductores: 19<\/td>\n<\/tr>\n<tr>\n<td>Grado de inflamabilidad: clasificacion cmg (uso general)<\/td>\n<\/tr>\n<tr>\n<td>Cable od: 7.3 mm<\/td>\n<\/tr>\n<tr>\n<td>Especificaciones generales: tasa de inserciones = 5000<\/td>\n<\/tr>\n<tr>\n<td>Ancho del producto: 20.500 mm<\/td>\n<\/tr>\n<tr>\n<td>Altura del producto: 10.800 mm<\/td>\n<\/tr>\n<tr>\n<td>Peso del producto: 210.000 g<\/td>\n<\/tr>\n<\/table>\n","protected":false},"excerpt":{"rendered":"<p>Este cable displayport ofrece una conexion segura entre sus dispositivos equipados con displayport y es capaz de proporcionar un rendimiento superior que hdmi\u00ae o dvi de enlace dual.\u00a0el cable displayport es compatible con alta resolucion\u00a0de hasta 4k x 2k (4096 x 2160, 60hz), con un ancho de banda hbr2 maximo de 21.6gbps, ademas de ser compatible con audio opcional. El cable tambien es compatible con mst (multi-stream transport, transmision multipantalla) para la conexion en cadena de varios monitores. El cable de 3m tiene certificacion displayport (vesa), lo cual significa que es compatible con las especificaciones 1.2 sobre displayport y garantiza una conexion confiable y de alta calidad en todos sus dispositivos displayport.<\/p>\n","protected":false},"featured_media":214077,"comment_status":"open","ping_status":"open","template":"","meta":[],"product_cat":[1549,1550],"product_tag":[1590],"acf":[],"yoast_head":"<!-- This site is optimized with the Yoast SEO plugin v21.7 - https:\/\/yoast.com\/wordpress\/plugins\/seo\/ -->\n<title>[ Startech.com ] &#129351; Displport10l Cable De 3m Displayport Certificado 1.2 4k Con Cierre De Seguridad - 2x Macho Dp - Mod.<\/title>\n<meta name=\"description\" content=\"Compra Displport10l Cable De 3m Displayport Certificado 1.2 4k Con Cierre De Seguridad - 2x Macho Dp - Mod. + Env\u00edo a domicilio + Pago seguro + Garant\u00eda\" \/>\n<meta name=\"robots\" content=\"index, follow, max-snippet:-1, max-image-preview:large, max-video-preview:-1\" \/>\n<link rel=\"canonical\" href=\"https:\/\/compuviper.mx\/tienda\/producto\/startech-com-displport10l-cable-de-3m-displayport-certificado-1-2-4k-con-cierre-de-seguridad-2x-macho-dp-mod\/\" \/>\n<meta property=\"og:locale\" content=\"es_MX\" \/>\n<meta property=\"og:type\" content=\"article\" \/>\n<meta property=\"og:title\" content=\"[ Startech.com ] &#129351; Displport10l Cable De 3m Displayport Certificado 1.2 4k Con Cierre De Seguridad - 2x Macho Dp - Mod.\" \/>\n<meta property=\"og:description\" content=\"Compra Displport10l Cable De 3m Displayport Certificado 1.2 4k Con Cierre De Seguridad - 2x Macho Dp - Mod. + Env\u00edo a domicilio + Pago seguro + Garant\u00eda\" \/>\n<meta property=\"og:url\" content=\"https:\/\/compuviper.mx\/tienda\/producto\/startech-com-displport10l-cable-de-3m-displayport-certificado-1-2-4k-con-cierre-de-seguridad-2x-macho-dp-mod\/\" \/>\n<meta property=\"og:site_name\" content=\"Compuviper\" \/>\n<meta property=\"article:publisher\" content=\"https:\/\/www.facebook.com\/compuviper\" \/>\n<meta property=\"og:image\" content=\"https:\/\/compuviper.mx\/tienda\/wp-content\/uploads\/2023\/12\/Cable-de-3m-displayport-certificado-1.2-4k-con-cierre-de-seguridad-2x-macho-dp-startech.com-mod.-displport10l.jpg\" \/>\n\t<meta property=\"og:image:width\" content=\"200\" \/>\n\t<meta property=\"og:image:height\" content=\"200\" \/>\n\t<meta property=\"og:image:type\" content=\"image\/jpeg\" \/>\n<meta name=\"twitter:card\" content=\"summary_large_image\" \/>\n<meta name=\"twitter:label1\" content=\"Precio\" \/>\n\t<meta name=\"twitter:data1\" content=\"&#36;314 con IVA\" \/>\n\t<meta name=\"twitter:label2\" content=\"Availability\" \/>\n\t<meta name=\"twitter:data2\" content=\"Out of stock\" \/>\n<script type=\"application\/ld+json\" class=\"yoast-schema-graph\">{\"@context\":\"https:\/\/schema.org\",\"@graph\":[{\"@type\":\"WebPage\",\"@id\":\"https:\/\/compuviper.mx\/tienda\/producto\/startech-com-displport10l-cable-de-3m-displayport-certificado-1-2-4k-con-cierre-de-seguridad-2x-macho-dp-mod\/\",\"url\":\"https:\/\/compuviper.mx\/tienda\/producto\/startech-com-displport10l-cable-de-3m-displayport-certificado-1-2-4k-con-cierre-de-seguridad-2x-macho-dp-mod\/\",\"name\":\"[ Startech.com ] &#129351; Displport10l Cable De 3m Displayport Certificado 1.2 4k Con Cierre De Seguridad - 2x Macho Dp - Mod.\",\"isPartOf\":{\"@id\":\"https:\/\/compuviper.mx\/tienda\/#website\"},\"datePublished\":\"2026-04-11T05:41:46+00:00\",\"dateModified\":\"2026-04-11T05:41:46+00:00\",\"description\":\"Compra Displport10l Cable De 3m Displayport Certificado 1.2 4k Con Cierre De Seguridad - 2x Macho Dp - Mod. + Env\u00edo a domicilio + Pago seguro + Garant\u00eda\",\"breadcrumb\":{\"@id\":\"https:\/\/compuviper.mx\/tienda\/producto\/startech-com-displport10l-cable-de-3m-displayport-certificado-1-2-4k-con-cierre-de-seguridad-2x-macho-dp-mod\/#breadcrumb\"},\"inLanguage\":\"es-MX\",\"potentialAction\":[{\"@type\":\"ReadAction\",\"target\":[\"https:\/\/compuviper.mx\/tienda\/producto\/startech-com-displport10l-cable-de-3m-displayport-certificado-1-2-4k-con-cierre-de-seguridad-2x-macho-dp-mod\/\"]}]},{\"@type\":\"BreadcrumbList\",\"@id\":\"https:\/\/compuviper.mx\/tienda\/producto\/startech-com-displport10l-cable-de-3m-displayport-certificado-1-2-4k-con-cierre-de-seguridad-2x-macho-dp-mod\/#breadcrumb\",\"itemListElement\":[{\"@type\":\"ListItem\",\"position\":1,\"name\":\"Inicio\",\"item\":\"https:\/\/compuviper.mx\/tienda\/\"},{\"@type\":\"ListItem\",\"position\":2,\"name\":\"Productos\",\"item\":\"https:\/\/compuviper.mx\/tienda\/productos\/\"},{\"@type\":\"ListItem\",\"position\":3,\"name\":\"Cables\",\"item\":\"https:\/\/compuviper.mx\/tienda\/categoria-producto\/cables\/\"},{\"@type\":\"ListItem\",\"position\":4,\"name\":\"Cable De Video\",\"item\":\"https:\/\/compuviper.mx\/tienda\/categoria-producto\/cables\/cable-de-video\/\"},{\"@type\":\"ListItem\",\"position\":5,\"name\":\"Startech.com Displport10l Cable De 3m Displayport Certificado 1.2 4k Con Cierre De Seguridad &#8211; 2x Macho Dp &#8211; Mod.\"}]},{\"@type\":\"WebSite\",\"@id\":\"https:\/\/compuviper.mx\/tienda\/#website\",\"url\":\"https:\/\/compuviper.mx\/tienda\/\",\"name\":\"Compuviper\",\"description\":\"Proveedor de Computadoras, Laptops, Servidores, Monitores, Puntos de Venta, Teclados,   Impresoras, T\u00f3ner, C\u00e1maras de Seguridad y m\u00e1s en tu tienda en l\u00ednea\",\"publisher\":{\"@id\":\"https:\/\/compuviper.mx\/tienda\/#organization\"},\"potentialAction\":[{\"@type\":\"SearchAction\",\"target\":{\"@type\":\"EntryPoint\",\"urlTemplate\":\"https:\/\/compuviper.mx\/tienda\/?s={search_term_string}\"},\"query-input\":\"required name=search_term_string\"}],\"inLanguage\":\"es-MX\"},{\"@type\":\"Organization\",\"@id\":\"https:\/\/compuviper.mx\/tienda\/#organization\",\"name\":\"Compuviper\",\"url\":\"https:\/\/compuviper.mx\/tienda\/\",\"logo\":{\"@type\":\"ImageObject\",\"inLanguage\":\"es-MX\",\"@id\":\"https:\/\/compuviper.mx\/tienda\/#\/schema\/logo\/image\/\",\"url\":\"https:\/\/compuviper.mx\/tienda\/wp-content\/uploads\/2021\/08\/Logo-Compuviper-10.png\",\"contentUrl\":\"https:\/\/compuviper.mx\/tienda\/wp-content\/uploads\/2021\/08\/Logo-Compuviper-10.png\",\"width\":1000,\"height\":500,\"caption\":\"Compuviper\"},\"image\":{\"@id\":\"https:\/\/compuviper.mx\/tienda\/#\/schema\/logo\/image\/\"},\"sameAs\":[\"https:\/\/www.facebook.com\/compuviper\",\"https:\/\/www.youtube.com\/channel\/UCf73dERp9Y3cfOq7q8BhLjA?view_as=subscriber\"]}]}<\/script>\n<meta property=\"product:brand\" content=\"STARTECH.COM\" \/>\n<meta property=\"product:price:amount\" content=\"314\" \/>\n<meta property=\"product:price:currency\" content=\"MXN\" \/>\n<meta property=\"og:availability\" content=\"out of stock\" \/>\n<meta property=\"product:availability\" content=\"out of stock\" \/>\n<meta property=\"product:retailer_item_id\" content=\"DISPLPORT10L\" \/>\n<meta property=\"product:condition\" content=\"new\" \/>\n<!-- \/ Yoast SEO plugin. -->","yoast_head_json":{"title":"[ Startech.com ] &#129351; Displport10l Cable De 3m Displayport Certificado 1.2 4k Con Cierre De Seguridad - 2x Macho Dp - Mod.","description":"Compra Displport10l Cable De 3m Displayport Certificado 1.2 4k Con Cierre De Seguridad - 2x Macho Dp - Mod. + Env\u00edo a domicilio + Pago seguro + Garant\u00eda","robots":{"index":"index","follow":"follow","max-snippet":"max-snippet:-1","max-image-preview":"max-image-preview:large","max-video-preview":"max-video-preview:-1"},"canonical":"https:\/\/compuviper.mx\/tienda\/producto\/startech-com-displport10l-cable-de-3m-displayport-certificado-1-2-4k-con-cierre-de-seguridad-2x-macho-dp-mod\/","og_locale":"es_MX","og_type":"article","og_title":"[ Startech.com ] &#129351; Displport10l Cable De 3m Displayport Certificado 1.2 4k Con Cierre De Seguridad - 2x Macho Dp - Mod.","og_description":"Compra Displport10l Cable De 3m Displayport Certificado 1.2 4k Con Cierre De Seguridad - 2x Macho Dp - Mod. + Env\u00edo a domicilio + Pago seguro + Garant\u00eda","og_url":"https:\/\/compuviper.mx\/tienda\/producto\/startech-com-displport10l-cable-de-3m-displayport-certificado-1-2-4k-con-cierre-de-seguridad-2x-macho-dp-mod\/","og_site_name":"Compuviper","article_publisher":"https:\/\/www.facebook.com\/compuviper","og_image":[{"width":200,"height":200,"url":"https:\/\/compuviper.mx\/tienda\/wp-content\/uploads\/2023\/12\/Cable-de-3m-displayport-certificado-1.2-4k-con-cierre-de-seguridad-2x-macho-dp-startech.com-mod.-displport10l.jpg","type":"image\/jpeg"}],"twitter_card":"summary_large_image","twitter_misc":{"Precio":"&#36;314 con IVA","Availability":"Out of stock"},"schema":{"@context":"https:\/\/schema.org","@graph":[{"@type":"WebPage","@id":"https:\/\/compuviper.mx\/tienda\/producto\/startech-com-displport10l-cable-de-3m-displayport-certificado-1-2-4k-con-cierre-de-seguridad-2x-macho-dp-mod\/","url":"https:\/\/compuviper.mx\/tienda\/producto\/startech-com-displport10l-cable-de-3m-displayport-certificado-1-2-4k-con-cierre-de-seguridad-2x-macho-dp-mod\/","name":"[ Startech.com ] &#129351; Displport10l Cable De 3m Displayport Certificado 1.2 4k Con Cierre De Seguridad - 2x Macho Dp - Mod.","isPartOf":{"@id":"https:\/\/compuviper.mx\/tienda\/#website"},"datePublished":"2026-04-11T05:41:46+00:00","dateModified":"2026-04-11T05:41:46+00:00","description":"Compra Displport10l Cable De 3m Displayport Certificado 1.2 4k Con Cierre De Seguridad - 2x Macho Dp - Mod. + Env\u00edo a domicilio + Pago seguro + Garant\u00eda","breadcrumb":{"@id":"https:\/\/compuviper.mx\/tienda\/producto\/startech-com-displport10l-cable-de-3m-displayport-certificado-1-2-4k-con-cierre-de-seguridad-2x-macho-dp-mod\/#breadcrumb"},"inLanguage":"es-MX","potentialAction":[{"@type":"ReadAction","target":["https:\/\/compuviper.mx\/tienda\/producto\/startech-com-displport10l-cable-de-3m-displayport-certificado-1-2-4k-con-cierre-de-seguridad-2x-macho-dp-mod\/"]}]},{"@type":"BreadcrumbList","@id":"https:\/\/compuviper.mx\/tienda\/producto\/startech-com-displport10l-cable-de-3m-displayport-certificado-1-2-4k-con-cierre-de-seguridad-2x-macho-dp-mod\/#breadcrumb","itemListElement":[{"@type":"ListItem","position":1,"name":"Inicio","item":"https:\/\/compuviper.mx\/tienda\/"},{"@type":"ListItem","position":2,"name":"Productos","item":"https:\/\/compuviper.mx\/tienda\/productos\/"},{"@type":"ListItem","position":3,"name":"Cables","item":"https:\/\/compuviper.mx\/tienda\/categoria-producto\/cables\/"},{"@type":"ListItem","position":4,"name":"Cable De Video","item":"https:\/\/compuviper.mx\/tienda\/categoria-producto\/cables\/cable-de-video\/"},{"@type":"ListItem","position":5,"name":"Startech.com Displport10l Cable De 3m Displayport Certificado 1.2 4k Con Cierre De Seguridad &#8211; 2x Macho Dp &#8211; Mod."}]},{"@type":"WebSite","@id":"https:\/\/compuviper.mx\/tienda\/#website","url":"https:\/\/compuviper.mx\/tienda\/","name":"Compuviper","description":"Proveedor de Computadoras, Laptops, Servidores, Monitores, Puntos de Venta, Teclados,   Impresoras, T\u00f3ner, C\u00e1maras de Seguridad y m\u00e1s en tu tienda en l\u00ednea","publisher":{"@id":"https:\/\/compuviper.mx\/tienda\/#organization"},"potentialAction":[{"@type":"SearchAction","target":{"@type":"EntryPoint","urlTemplate":"https:\/\/compuviper.mx\/tienda\/?s={search_term_string}"},"query-input":"required name=search_term_string"}],"inLanguage":"es-MX"},{"@type":"Organization","@id":"https:\/\/compuviper.mx\/tienda\/#organization","name":"Compuviper","url":"https:\/\/compuviper.mx\/tienda\/","logo":{"@type":"ImageObject","inLanguage":"es-MX","@id":"https:\/\/compuviper.mx\/tienda\/#\/schema\/logo\/image\/","url":"https:\/\/compuviper.mx\/tienda\/wp-content\/uploads\/2021\/08\/Logo-Compuviper-10.png","contentUrl":"https:\/\/compuviper.mx\/tienda\/wp-content\/uploads\/2021\/08\/Logo-Compuviper-10.png","width":1000,"height":500,"caption":"Compuviper"},"image":{"@id":"https:\/\/compuviper.mx\/tienda\/#\/schema\/logo\/image\/"},"sameAs":["https:\/\/www.facebook.com\/compuviper","https:\/\/www.youtube.com\/channel\/UCf73dERp9Y3cfOq7q8BhLjA?view_as=subscriber"]}]},"product_brand":"STARTECH.COM","product_price_amount":"314","product_price_currency":"MXN","og_availability":"out of stock","product_availability":"out of stock","product_retailer_item_id":"DISPLPORT10L","product_condition":"new"},"_links":{"self":[{"href":"https:\/\/compuviper.mx\/tienda\/wp-json\/wp\/v2\/product\/214076"}],"collection":[{"href":"https:\/\/compuviper.mx\/tienda\/wp-json\/wp\/v2\/product"}],"about":[{"href":"https:\/\/compuviper.mx\/tienda\/wp-json\/wp\/v2\/types\/product"}],"replies":[{"embeddable":true,"href":"https:\/\/compuviper.mx\/tienda\/wp-json\/wp\/v2\/comments?post=214076"}],"wp:featuredmedia":[{"embeddable":true,"href":"https:\/\/compuviper.mx\/tienda\/wp-json\/wp\/v2\/media\/214077"}],"wp:attachment":[{"href":"https:\/\/compuviper.mx\/tienda\/wp-json\/wp\/v2\/media?parent=214076"}],"wp:term":[{"taxonomy":"product_cat","embeddable":true,"href":"https:\/\/compuviper.mx\/tienda\/wp-json\/wp\/v2\/product_cat?post=214076"},{"taxonomy":"product_tag","embeddable":true,"href":"https:\/\/compuviper.mx\/tienda\/wp-json\/wp\/v2\/product_tag?post=214076"}],"curies":[{"name":"wp","href":"https:\/\/api.w.org\/{rel}","templated":true}]}}