{"id":214066,"date":"2026-04-17T23:46:45","date_gmt":"2026-04-18T05:46:45","guid":{"rendered":"https:\/\/compuviper.mx\/tienda\/producto\/startech-com-pac1013-cable-de-alimentacin-1m-extension-de-alimentacionnema-5-15r-a-nema-5-15p-13a-125v-16awg-cable-de-extension-de-corriente-mod\/"},"modified":"2026-04-17T23:46:45","modified_gmt":"2026-04-18T05:46:45","slug":"startech-com-pac1013-cable-de-alimentacin-1m-extension-de-alimentacionnema-5-15r-a-nema-5-15p-13a-125v-16awg-cable-de-extension-de-corriente-mod","status":"publish","type":"product","link":"https:\/\/compuviper.mx\/tienda\/producto\/startech-com-pac1013-cable-de-alimentacin-1m-extension-de-alimentacionnema-5-15r-a-nema-5-15p-13a-125v-16awg-cable-de-extension-de-corriente-mod\/","title":{"rendered":"Startech.com Pac1013 Cable De Alimentacin 1m &#8211; Extension De Alimentacion,nema 5-15r A Nema 5-15p, 13a 125v, 16awg, Cable De Extension De Corriente &#8211;  Mod."},"content":{"rendered":"<table class=\"descripcion\">\n<tr>\n<td>Contenido de la caja<\/td>\n<\/tr>\n<tr>\n<td>Incluido en la caja: 1 cable de extension de alimentacion (91 cm) &#8211; nema 5-15r a nema 5-15p<\/td>\n<\/tr>\n<tr>\n<td>Ancho del producto: 0.000 mm<\/td>\n<\/tr>\n<tr>\n<td>Cantidad de conductores: 3<\/td>\n<\/tr>\n<tr>\n<td>Tipo de cable: sjt<\/td>\n<\/tr>\n<tr>\n<td>Peso del producto: 147.000 g<\/td>\n<\/tr>\n<tr>\n<td>Conector b: 1 alimentacion nema 5-15 (norteamerica)<\/td>\n<\/tr>\n<tr>\n<td>Cable tipo jacket: pvc &#8211; polyvinyl chloride<\/td>\n<\/tr>\n<tr>\n<td>Calibre del conductor: 16 awg<\/td>\n<\/tr>\n<tr>\n<td>Conector a: 1 alimentacion nema 5-15 (norteamerica)<\/td>\n<\/tr>\n<tr>\n<td>Color: negro<\/td>\n<\/tr>\n<tr>\n<td>Longitud del producto: 914.400 mm<\/td>\n<\/tr>\n<tr>\n<td>Longitud del cable: 914.4 mm<\/td>\n<\/tr>\n<tr>\n<td>Nota: certificacion ul<\/td>\n<\/tr>\n<tr>\n<td>Altura del producto: 0.000 mm<\/td>\n<\/tr>\n<\/table>\n","protected":false},"excerpt":{"rendered":"<p>Este cable de extension de alimentacion pac1013 alarga la conexion de alimentacion existente en hasta 91 cm. Esta longitud adicional permite minimizar el desorden, ya que en la regleta electrica, el protector de sobrevoltaje o el tomacorriente queda mas espacio para otras conexiones. Este cable de extension de alimentacion nema esta disenado para ofrecer durabilidad y confiabilidad.<\/p>\n","protected":false},"featured_media":214067,"comment_status":"open","ping_status":"open","template":"","meta":[],"product_cat":[1549,1607],"product_tag":[1590],"acf":[],"yoast_head":"<!-- This site is optimized with the Yoast SEO plugin v21.7 - https:\/\/yoast.com\/wordpress\/plugins\/seo\/ -->\n<title>[ Startech.com ] &#129351; Pac1013 Cable De Alimentacin 1m - Extension De Alimentacion,nema 5-15r A Nema 5-15p, 13a 125v, 16awg, Cable De Extension De Corriente - Mod.<\/title>\n<meta name=\"description\" content=\"Compra Pac1013 Cable De Alimentacin 1m - Extension De Alimentacion,nema 5-15r A Nema 5-15p, 13a 125v, 16awg, Cable De Extension De Corriente - Mod. + Env\u00edo a domicilio + Pago seguro + Garant\u00eda\" \/>\n<meta name=\"robots\" content=\"index, follow, max-snippet:-1, max-image-preview:large, max-video-preview:-1\" \/>\n<link rel=\"canonical\" href=\"https:\/\/compuviper.mx\/tienda\/producto\/startech-com-pac1013-cable-de-alimentacin-1m-extension-de-alimentacionnema-5-15r-a-nema-5-15p-13a-125v-16awg-cable-de-extension-de-corriente-mod\/\" \/>\n<meta property=\"og:locale\" content=\"es_MX\" \/>\n<meta property=\"og:type\" content=\"article\" \/>\n<meta property=\"og:title\" content=\"[ Startech.com ] &#129351; Pac1013 Cable De Alimentacin 1m - Extension De Alimentacion,nema 5-15r A Nema 5-15p, 13a 125v, 16awg, Cable De Extension De Corriente - Mod.\" \/>\n<meta property=\"og:description\" content=\"Compra Pac1013 Cable De Alimentacin 1m - Extension De Alimentacion,nema 5-15r A Nema 5-15p, 13a 125v, 16awg, Cable De Extension De Corriente - Mod. + Env\u00edo a domicilio + Pago seguro + Garant\u00eda\" \/>\n<meta property=\"og:url\" content=\"https:\/\/compuviper.mx\/tienda\/producto\/startech-com-pac1013-cable-de-alimentacin-1m-extension-de-alimentacionnema-5-15r-a-nema-5-15p-13a-125v-16awg-cable-de-extension-de-corriente-mod\/\" \/>\n<meta property=\"og:site_name\" content=\"Compuviper\" \/>\n<meta property=\"article:publisher\" content=\"https:\/\/www.facebook.com\/compuviper\" \/>\n<meta property=\"og:image\" content=\"https:\/\/compuviper.mx\/tienda\/wp-content\/uploads\/2023\/12\/Cable-de-alimentacin-1m-extension-de-alimentacionnema-5-15r-a-nema-5-15p-13a-125v-16awg-cable-de-extension-de-corriente-startech.com-mod.-pac1013.jpg\" \/>\n\t<meta property=\"og:image:width\" content=\"200\" \/>\n\t<meta property=\"og:image:height\" content=\"200\" \/>\n\t<meta property=\"og:image:type\" content=\"image\/jpeg\" \/>\n<meta name=\"twitter:card\" content=\"summary_large_image\" \/>\n<meta name=\"twitter:label1\" content=\"Precio\" \/>\n\t<meta name=\"twitter:data1\" content=\"&#36;163 con IVA\" \/>\n\t<meta name=\"twitter:label2\" content=\"Availability\" \/>\n\t<meta name=\"twitter:data2\" content=\"Out of stock\" \/>\n<script type=\"application\/ld+json\" class=\"yoast-schema-graph\">{\"@context\":\"https:\/\/schema.org\",\"@graph\":[{\"@type\":\"WebPage\",\"@id\":\"https:\/\/compuviper.mx\/tienda\/producto\/startech-com-pac1013-cable-de-alimentacin-1m-extension-de-alimentacionnema-5-15r-a-nema-5-15p-13a-125v-16awg-cable-de-extension-de-corriente-mod\/\",\"url\":\"https:\/\/compuviper.mx\/tienda\/producto\/startech-com-pac1013-cable-de-alimentacin-1m-extension-de-alimentacionnema-5-15r-a-nema-5-15p-13a-125v-16awg-cable-de-extension-de-corriente-mod\/\",\"name\":\"[ Startech.com ] &#129351; Pac1013 Cable De Alimentacin 1m - Extension De Alimentacion,nema 5-15r A Nema 5-15p, 13a 125v, 16awg, Cable De Extension De Corriente - Mod.\",\"isPartOf\":{\"@id\":\"https:\/\/compuviper.mx\/tienda\/#website\"},\"datePublished\":\"2026-04-18T05:46:45+00:00\",\"dateModified\":\"2026-04-18T05:46:45+00:00\",\"description\":\"Compra Pac1013 Cable De Alimentacin 1m - Extension De Alimentacion,nema 5-15r A Nema 5-15p, 13a 125v, 16awg, Cable De Extension De Corriente - Mod. + Env\u00edo a domicilio + Pago seguro + Garant\u00eda\",\"breadcrumb\":{\"@id\":\"https:\/\/compuviper.mx\/tienda\/producto\/startech-com-pac1013-cable-de-alimentacin-1m-extension-de-alimentacionnema-5-15r-a-nema-5-15p-13a-125v-16awg-cable-de-extension-de-corriente-mod\/#breadcrumb\"},\"inLanguage\":\"es-MX\",\"potentialAction\":[{\"@type\":\"ReadAction\",\"target\":[\"https:\/\/compuviper.mx\/tienda\/producto\/startech-com-pac1013-cable-de-alimentacin-1m-extension-de-alimentacionnema-5-15r-a-nema-5-15p-13a-125v-16awg-cable-de-extension-de-corriente-mod\/\"]}]},{\"@type\":\"BreadcrumbList\",\"@id\":\"https:\/\/compuviper.mx\/tienda\/producto\/startech-com-pac1013-cable-de-alimentacin-1m-extension-de-alimentacionnema-5-15r-a-nema-5-15p-13a-125v-16awg-cable-de-extension-de-corriente-mod\/#breadcrumb\",\"itemListElement\":[{\"@type\":\"ListItem\",\"position\":1,\"name\":\"Inicio\",\"item\":\"https:\/\/compuviper.mx\/tienda\/\"},{\"@type\":\"ListItem\",\"position\":2,\"name\":\"Productos\",\"item\":\"https:\/\/compuviper.mx\/tienda\/productos\/\"},{\"@type\":\"ListItem\",\"position\":3,\"name\":\"Cables\",\"item\":\"https:\/\/compuviper.mx\/tienda\/categoria-producto\/cables\/\"},{\"@type\":\"ListItem\",\"position\":4,\"name\":\"Cable De Corriente\",\"item\":\"https:\/\/compuviper.mx\/tienda\/categoria-producto\/cables\/cable-de-corriente\/\"},{\"@type\":\"ListItem\",\"position\":5,\"name\":\"Startech.com Pac1013 Cable De Alimentacin 1m &#8211; Extension De Alimentacion,nema 5-15r A Nema 5-15p, 13a 125v, 16awg, Cable De Extension De Corriente &#8211; Mod.\"}]},{\"@type\":\"WebSite\",\"@id\":\"https:\/\/compuviper.mx\/tienda\/#website\",\"url\":\"https:\/\/compuviper.mx\/tienda\/\",\"name\":\"Compuviper\",\"description\":\"Proveedor de Computadoras, Laptops, Servidores, Monitores, Puntos de Venta, Teclados,   Impresoras, T\u00f3ner, C\u00e1maras de Seguridad y m\u00e1s en tu tienda en l\u00ednea\",\"publisher\":{\"@id\":\"https:\/\/compuviper.mx\/tienda\/#organization\"},\"potentialAction\":[{\"@type\":\"SearchAction\",\"target\":{\"@type\":\"EntryPoint\",\"urlTemplate\":\"https:\/\/compuviper.mx\/tienda\/?s={search_term_string}\"},\"query-input\":\"required name=search_term_string\"}],\"inLanguage\":\"es-MX\"},{\"@type\":\"Organization\",\"@id\":\"https:\/\/compuviper.mx\/tienda\/#organization\",\"name\":\"Compuviper\",\"url\":\"https:\/\/compuviper.mx\/tienda\/\",\"logo\":{\"@type\":\"ImageObject\",\"inLanguage\":\"es-MX\",\"@id\":\"https:\/\/compuviper.mx\/tienda\/#\/schema\/logo\/image\/\",\"url\":\"https:\/\/compuviper.mx\/tienda\/wp-content\/uploads\/2021\/08\/Logo-Compuviper-10.png\",\"contentUrl\":\"https:\/\/compuviper.mx\/tienda\/wp-content\/uploads\/2021\/08\/Logo-Compuviper-10.png\",\"width\":1000,\"height\":500,\"caption\":\"Compuviper\"},\"image\":{\"@id\":\"https:\/\/compuviper.mx\/tienda\/#\/schema\/logo\/image\/\"},\"sameAs\":[\"https:\/\/www.facebook.com\/compuviper\",\"https:\/\/www.youtube.com\/channel\/UCf73dERp9Y3cfOq7q8BhLjA?view_as=subscriber\"]}]}<\/script>\n<meta property=\"product:brand\" content=\"STARTECH.COM\" \/>\n<meta property=\"product:price:amount\" content=\"163\" \/>\n<meta property=\"product:price:currency\" content=\"MXN\" \/>\n<meta property=\"og:availability\" content=\"out of stock\" \/>\n<meta property=\"product:availability\" content=\"out of stock\" \/>\n<meta property=\"product:retailer_item_id\" content=\"PAC1013\" \/>\n<meta property=\"product:condition\" content=\"new\" \/>\n<!-- \/ Yoast SEO plugin. -->","yoast_head_json":{"title":"[ Startech.com ] &#129351; Pac1013 Cable De Alimentacin 1m - Extension De Alimentacion,nema 5-15r A Nema 5-15p, 13a 125v, 16awg, Cable De Extension De Corriente - Mod.","description":"Compra Pac1013 Cable De Alimentacin 1m - Extension De Alimentacion,nema 5-15r A Nema 5-15p, 13a 125v, 16awg, Cable De Extension De Corriente - Mod. + Env\u00edo a domicilio + Pago seguro + Garant\u00eda","robots":{"index":"index","follow":"follow","max-snippet":"max-snippet:-1","max-image-preview":"max-image-preview:large","max-video-preview":"max-video-preview:-1"},"canonical":"https:\/\/compuviper.mx\/tienda\/producto\/startech-com-pac1013-cable-de-alimentacin-1m-extension-de-alimentacionnema-5-15r-a-nema-5-15p-13a-125v-16awg-cable-de-extension-de-corriente-mod\/","og_locale":"es_MX","og_type":"article","og_title":"[ Startech.com ] &#129351; Pac1013 Cable De Alimentacin 1m - Extension De Alimentacion,nema 5-15r A Nema 5-15p, 13a 125v, 16awg, Cable De Extension De Corriente - Mod.","og_description":"Compra Pac1013 Cable De Alimentacin 1m - Extension De Alimentacion,nema 5-15r A Nema 5-15p, 13a 125v, 16awg, Cable De Extension De Corriente - Mod. + Env\u00edo a domicilio + Pago seguro + Garant\u00eda","og_url":"https:\/\/compuviper.mx\/tienda\/producto\/startech-com-pac1013-cable-de-alimentacin-1m-extension-de-alimentacionnema-5-15r-a-nema-5-15p-13a-125v-16awg-cable-de-extension-de-corriente-mod\/","og_site_name":"Compuviper","article_publisher":"https:\/\/www.facebook.com\/compuviper","og_image":[{"width":200,"height":200,"url":"https:\/\/compuviper.mx\/tienda\/wp-content\/uploads\/2023\/12\/Cable-de-alimentacin-1m-extension-de-alimentacionnema-5-15r-a-nema-5-15p-13a-125v-16awg-cable-de-extension-de-corriente-startech.com-mod.-pac1013.jpg","type":"image\/jpeg"}],"twitter_card":"summary_large_image","twitter_misc":{"Precio":"&#36;163 con IVA","Availability":"Out of stock"},"schema":{"@context":"https:\/\/schema.org","@graph":[{"@type":"WebPage","@id":"https:\/\/compuviper.mx\/tienda\/producto\/startech-com-pac1013-cable-de-alimentacin-1m-extension-de-alimentacionnema-5-15r-a-nema-5-15p-13a-125v-16awg-cable-de-extension-de-corriente-mod\/","url":"https:\/\/compuviper.mx\/tienda\/producto\/startech-com-pac1013-cable-de-alimentacin-1m-extension-de-alimentacionnema-5-15r-a-nema-5-15p-13a-125v-16awg-cable-de-extension-de-corriente-mod\/","name":"[ Startech.com ] &#129351; Pac1013 Cable De Alimentacin 1m - Extension De Alimentacion,nema 5-15r A Nema 5-15p, 13a 125v, 16awg, Cable De Extension De Corriente - Mod.","isPartOf":{"@id":"https:\/\/compuviper.mx\/tienda\/#website"},"datePublished":"2026-04-18T05:46:45+00:00","dateModified":"2026-04-18T05:46:45+00:00","description":"Compra Pac1013 Cable De Alimentacin 1m - Extension De Alimentacion,nema 5-15r A Nema 5-15p, 13a 125v, 16awg, Cable De Extension De Corriente - Mod. + Env\u00edo a domicilio + Pago seguro + Garant\u00eda","breadcrumb":{"@id":"https:\/\/compuviper.mx\/tienda\/producto\/startech-com-pac1013-cable-de-alimentacin-1m-extension-de-alimentacionnema-5-15r-a-nema-5-15p-13a-125v-16awg-cable-de-extension-de-corriente-mod\/#breadcrumb"},"inLanguage":"es-MX","potentialAction":[{"@type":"ReadAction","target":["https:\/\/compuviper.mx\/tienda\/producto\/startech-com-pac1013-cable-de-alimentacin-1m-extension-de-alimentacionnema-5-15r-a-nema-5-15p-13a-125v-16awg-cable-de-extension-de-corriente-mod\/"]}]},{"@type":"BreadcrumbList","@id":"https:\/\/compuviper.mx\/tienda\/producto\/startech-com-pac1013-cable-de-alimentacin-1m-extension-de-alimentacionnema-5-15r-a-nema-5-15p-13a-125v-16awg-cable-de-extension-de-corriente-mod\/#breadcrumb","itemListElement":[{"@type":"ListItem","position":1,"name":"Inicio","item":"https:\/\/compuviper.mx\/tienda\/"},{"@type":"ListItem","position":2,"name":"Productos","item":"https:\/\/compuviper.mx\/tienda\/productos\/"},{"@type":"ListItem","position":3,"name":"Cables","item":"https:\/\/compuviper.mx\/tienda\/categoria-producto\/cables\/"},{"@type":"ListItem","position":4,"name":"Cable De Corriente","item":"https:\/\/compuviper.mx\/tienda\/categoria-producto\/cables\/cable-de-corriente\/"},{"@type":"ListItem","position":5,"name":"Startech.com Pac1013 Cable De Alimentacin 1m &#8211; Extension De Alimentacion,nema 5-15r A Nema 5-15p, 13a 125v, 16awg, Cable De Extension De Corriente &#8211; Mod."}]},{"@type":"WebSite","@id":"https:\/\/compuviper.mx\/tienda\/#website","url":"https:\/\/compuviper.mx\/tienda\/","name":"Compuviper","description":"Proveedor de Computadoras, Laptops, Servidores, Monitores, Puntos de Venta, Teclados,   Impresoras, T\u00f3ner, C\u00e1maras de Seguridad y m\u00e1s en tu tienda en l\u00ednea","publisher":{"@id":"https:\/\/compuviper.mx\/tienda\/#organization"},"potentialAction":[{"@type":"SearchAction","target":{"@type":"EntryPoint","urlTemplate":"https:\/\/compuviper.mx\/tienda\/?s={search_term_string}"},"query-input":"required name=search_term_string"}],"inLanguage":"es-MX"},{"@type":"Organization","@id":"https:\/\/compuviper.mx\/tienda\/#organization","name":"Compuviper","url":"https:\/\/compuviper.mx\/tienda\/","logo":{"@type":"ImageObject","inLanguage":"es-MX","@id":"https:\/\/compuviper.mx\/tienda\/#\/schema\/logo\/image\/","url":"https:\/\/compuviper.mx\/tienda\/wp-content\/uploads\/2021\/08\/Logo-Compuviper-10.png","contentUrl":"https:\/\/compuviper.mx\/tienda\/wp-content\/uploads\/2021\/08\/Logo-Compuviper-10.png","width":1000,"height":500,"caption":"Compuviper"},"image":{"@id":"https:\/\/compuviper.mx\/tienda\/#\/schema\/logo\/image\/"},"sameAs":["https:\/\/www.facebook.com\/compuviper","https:\/\/www.youtube.com\/channel\/UCf73dERp9Y3cfOq7q8BhLjA?view_as=subscriber"]}]},"product_brand":"STARTECH.COM","product_price_amount":"163","product_price_currency":"MXN","og_availability":"out of stock","product_availability":"out of stock","product_retailer_item_id":"PAC1013","product_condition":"new"},"_links":{"self":[{"href":"https:\/\/compuviper.mx\/tienda\/wp-json\/wp\/v2\/product\/214066"}],"collection":[{"href":"https:\/\/compuviper.mx\/tienda\/wp-json\/wp\/v2\/product"}],"about":[{"href":"https:\/\/compuviper.mx\/tienda\/wp-json\/wp\/v2\/types\/product"}],"replies":[{"embeddable":true,"href":"https:\/\/compuviper.mx\/tienda\/wp-json\/wp\/v2\/comments?post=214066"}],"wp:featuredmedia":[{"embeddable":true,"href":"https:\/\/compuviper.mx\/tienda\/wp-json\/wp\/v2\/media\/214067"}],"wp:attachment":[{"href":"https:\/\/compuviper.mx\/tienda\/wp-json\/wp\/v2\/media?parent=214066"}],"wp:term":[{"taxonomy":"product_cat","embeddable":true,"href":"https:\/\/compuviper.mx\/tienda\/wp-json\/wp\/v2\/product_cat?post=214066"},{"taxonomy":"product_tag","embeddable":true,"href":"https:\/\/compuviper.mx\/tienda\/wp-json\/wp\/v2\/product_tag?post=214066"}],"curies":[{"name":"wp","href":"https:\/\/api.w.org\/{rel}","templated":true}]}}