{"id":214048,"date":"2026-04-17T23:46:42","date_gmt":"2026-04-18T05:46:42","guid":{"rendered":"https:\/\/compuviper.mx\/tienda\/producto\/brobotix-558957-cable-hdmi-v2-0-ultra-hd-2k-4k-15-0-mts\/"},"modified":"2026-04-17T23:46:42","modified_gmt":"2026-04-18T05:46:42","slug":"brobotix-558957-cable-hdmi-v2-0-ultra-hd-2k-4k-15-0-mts","status":"publish","type":"product","link":"https:\/\/compuviper.mx\/tienda\/producto\/brobotix-558957-cable-hdmi-v2-0-ultra-hd-2k-4k-15-0-mts\/","title":{"rendered":"Brobotix 558957 Cable Hdmi  V2.0,  Ultra Hd 2k-4k, 15.0 Mts"},"content":{"rendered":"<table class=\"descripcion\">\n<tr>\n<td>Cable con conectores hdmi banados en oro que ayudan a tener una conexion digital de alta calidad para transmitir video de alta definicion y audio entre los dispositivos.<\/td>\n<\/tr>\n<tr>\n<td>Cable hdmi brobotix de alta calidad soporta totalmente las resoluciones de 1080p y se ajusta a las exigencias de los dispositivos de alta definicion de resoluciones de imagen de hasta 4k.<\/td>\n<\/tr>\n<tr>\n<td>Conectores 2 hdmi de 19 pines, macho<\/td>\n<\/tr>\n<tr>\n<td>Contactos con bano de oro<\/td>\n<\/tr>\n<tr>\n<td>Ancho de banta de 18 gbps<\/td>\n<\/tr>\n<tr>\n<td>600mhz<\/td>\n<\/tr>\n<tr>\n<td>Terminales moldeadas en pvc<\/td>\n<\/tr>\n<tr>\n<td>Blindado, aluminio y trenzado<\/td>\n<\/tr>\n<tr>\n<td>Voltaje de ruptura dc 300v<\/td>\n<\/tr>\n<tr>\n<td>Calibre 28 awg<\/td>\n<\/tr>\n<\/table>\n","protected":false},"excerpt":{"rendered":"<p>Cable hdmi brobotix de alta calidad soporta totalmente las resoluciones de 1080p y se ajusta a las exigencias de los dispositivos de alta definicion de resoluciones de imagen de hasta 4k. Asegura la integridad de la se\u00f1al entre dispositivos hdmi. Soporta canal hdmi ethernet, canal de retorno de sonido, video 3d, trnsmision 4k@60hz y un color profundo. Cumple con las especificaciones de hdmi de alta velocidad. Hasta 18 gbps con un ancho de banda de 600 mhz. Blindado para reducir fuentes de interferencia como emi.<\/p>\n","protected":false},"featured_media":214049,"comment_status":"open","ping_status":"open","template":"","meta":[],"product_cat":[1549,1550],"product_tag":[2142],"acf":[],"yoast_head":"<!-- This site is optimized with the Yoast SEO plugin v21.7 - https:\/\/yoast.com\/wordpress\/plugins\/seo\/ -->\n<title>[ Brobotix ] &#129351; 558957 Cable Hdmi V2.0, Ultra Hd 2k-4k, 15.0 Mts<\/title>\n<meta name=\"description\" content=\"Compra 558957 Cable Hdmi V2.0, Ultra Hd 2k-4k, 15.0 Mts + Env\u00edo a domicilio + Pago seguro + Garant\u00eda\" \/>\n<meta name=\"robots\" content=\"index, follow, max-snippet:-1, max-image-preview:large, max-video-preview:-1\" \/>\n<link rel=\"canonical\" href=\"https:\/\/compuviper.mx\/tienda\/producto\/brobotix-558957-cable-hdmi-v2-0-ultra-hd-2k-4k-15-0-mts\/\" \/>\n<meta property=\"og:locale\" content=\"es_MX\" \/>\n<meta property=\"og:type\" content=\"article\" \/>\n<meta property=\"og:title\" content=\"[ Brobotix ] &#129351; 558957 Cable Hdmi V2.0, Ultra Hd 2k-4k, 15.0 Mts\" \/>\n<meta property=\"og:description\" content=\"Compra 558957 Cable Hdmi V2.0, Ultra Hd 2k-4k, 15.0 Mts + Env\u00edo a domicilio + Pago seguro + Garant\u00eda\" \/>\n<meta property=\"og:url\" content=\"https:\/\/compuviper.mx\/tienda\/producto\/brobotix-558957-cable-hdmi-v2-0-ultra-hd-2k-4k-15-0-mts\/\" \/>\n<meta property=\"og:site_name\" content=\"Compuviper\" \/>\n<meta property=\"article:publisher\" content=\"https:\/\/www.facebook.com\/compuviper\" \/>\n<meta property=\"og:image\" content=\"https:\/\/compuviper.mx\/tienda\/wp-content\/uploads\/2023\/12\/Cable-hdmi-brobotix-v2.0-ultra-hd-2k-4k-15.0-mts.jpg\" \/>\n\t<meta property=\"og:image:width\" content=\"200\" \/>\n\t<meta property=\"og:image:height\" content=\"200\" \/>\n\t<meta property=\"og:image:type\" content=\"image\/jpeg\" \/>\n<meta name=\"twitter:card\" content=\"summary_large_image\" \/>\n<meta name=\"twitter:label1\" content=\"Precio\" \/>\n\t<meta name=\"twitter:data1\" content=\"&#36;754 con IVA\" \/>\n\t<meta name=\"twitter:label2\" content=\"Availability\" \/>\n\t<meta name=\"twitter:data2\" content=\"Out of stock\" \/>\n<script type=\"application\/ld+json\" class=\"yoast-schema-graph\">{\"@context\":\"https:\/\/schema.org\",\"@graph\":[{\"@type\":\"WebPage\",\"@id\":\"https:\/\/compuviper.mx\/tienda\/producto\/brobotix-558957-cable-hdmi-v2-0-ultra-hd-2k-4k-15-0-mts\/\",\"url\":\"https:\/\/compuviper.mx\/tienda\/producto\/brobotix-558957-cable-hdmi-v2-0-ultra-hd-2k-4k-15-0-mts\/\",\"name\":\"[ Brobotix ] &#129351; 558957 Cable Hdmi V2.0, Ultra Hd 2k-4k, 15.0 Mts\",\"isPartOf\":{\"@id\":\"https:\/\/compuviper.mx\/tienda\/#website\"},\"datePublished\":\"2026-04-18T05:46:42+00:00\",\"dateModified\":\"2026-04-18T05:46:42+00:00\",\"description\":\"Compra 558957 Cable Hdmi V2.0, Ultra Hd 2k-4k, 15.0 Mts + Env\u00edo a domicilio + Pago seguro + Garant\u00eda\",\"breadcrumb\":{\"@id\":\"https:\/\/compuviper.mx\/tienda\/producto\/brobotix-558957-cable-hdmi-v2-0-ultra-hd-2k-4k-15-0-mts\/#breadcrumb\"},\"inLanguage\":\"es-MX\",\"potentialAction\":[{\"@type\":\"ReadAction\",\"target\":[\"https:\/\/compuviper.mx\/tienda\/producto\/brobotix-558957-cable-hdmi-v2-0-ultra-hd-2k-4k-15-0-mts\/\"]}]},{\"@type\":\"BreadcrumbList\",\"@id\":\"https:\/\/compuviper.mx\/tienda\/producto\/brobotix-558957-cable-hdmi-v2-0-ultra-hd-2k-4k-15-0-mts\/#breadcrumb\",\"itemListElement\":[{\"@type\":\"ListItem\",\"position\":1,\"name\":\"Inicio\",\"item\":\"https:\/\/compuviper.mx\/tienda\/\"},{\"@type\":\"ListItem\",\"position\":2,\"name\":\"Productos\",\"item\":\"https:\/\/compuviper.mx\/tienda\/productos\/\"},{\"@type\":\"ListItem\",\"position\":3,\"name\":\"Cables\",\"item\":\"https:\/\/compuviper.mx\/tienda\/categoria-producto\/cables\/\"},{\"@type\":\"ListItem\",\"position\":4,\"name\":\"Cable De Video\",\"item\":\"https:\/\/compuviper.mx\/tienda\/categoria-producto\/cables\/cable-de-video\/\"},{\"@type\":\"ListItem\",\"position\":5,\"name\":\"Brobotix 558957 Cable Hdmi V2.0, Ultra Hd 2k-4k, 15.0 Mts\"}]},{\"@type\":\"WebSite\",\"@id\":\"https:\/\/compuviper.mx\/tienda\/#website\",\"url\":\"https:\/\/compuviper.mx\/tienda\/\",\"name\":\"Compuviper\",\"description\":\"Proveedor de Computadoras, Laptops, Servidores, Monitores, Puntos de Venta, Teclados,   Impresoras, T\u00f3ner, C\u00e1maras de Seguridad y m\u00e1s en tu tienda en l\u00ednea\",\"publisher\":{\"@id\":\"https:\/\/compuviper.mx\/tienda\/#organization\"},\"potentialAction\":[{\"@type\":\"SearchAction\",\"target\":{\"@type\":\"EntryPoint\",\"urlTemplate\":\"https:\/\/compuviper.mx\/tienda\/?s={search_term_string}\"},\"query-input\":\"required name=search_term_string\"}],\"inLanguage\":\"es-MX\"},{\"@type\":\"Organization\",\"@id\":\"https:\/\/compuviper.mx\/tienda\/#organization\",\"name\":\"Compuviper\",\"url\":\"https:\/\/compuviper.mx\/tienda\/\",\"logo\":{\"@type\":\"ImageObject\",\"inLanguage\":\"es-MX\",\"@id\":\"https:\/\/compuviper.mx\/tienda\/#\/schema\/logo\/image\/\",\"url\":\"https:\/\/compuviper.mx\/tienda\/wp-content\/uploads\/2021\/08\/Logo-Compuviper-10.png\",\"contentUrl\":\"https:\/\/compuviper.mx\/tienda\/wp-content\/uploads\/2021\/08\/Logo-Compuviper-10.png\",\"width\":1000,\"height\":500,\"caption\":\"Compuviper\"},\"image\":{\"@id\":\"https:\/\/compuviper.mx\/tienda\/#\/schema\/logo\/image\/\"},\"sameAs\":[\"https:\/\/www.facebook.com\/compuviper\",\"https:\/\/www.youtube.com\/channel\/UCf73dERp9Y3cfOq7q8BhLjA?view_as=subscriber\"]}]}<\/script>\n<meta property=\"product:brand\" content=\"Brobotix\" \/>\n<meta property=\"product:price:amount\" content=\"754\" \/>\n<meta property=\"product:price:currency\" content=\"MXN\" \/>\n<meta property=\"og:availability\" content=\"out of stock\" \/>\n<meta property=\"product:availability\" content=\"out of stock\" \/>\n<meta property=\"product:retailer_item_id\" content=\"558957\" \/>\n<meta property=\"product:condition\" content=\"new\" \/>\n<!-- \/ Yoast SEO plugin. -->","yoast_head_json":{"title":"[ Brobotix ] &#129351; 558957 Cable Hdmi V2.0, Ultra Hd 2k-4k, 15.0 Mts","description":"Compra 558957 Cable Hdmi V2.0, Ultra Hd 2k-4k, 15.0 Mts + Env\u00edo a domicilio + Pago seguro + Garant\u00eda","robots":{"index":"index","follow":"follow","max-snippet":"max-snippet:-1","max-image-preview":"max-image-preview:large","max-video-preview":"max-video-preview:-1"},"canonical":"https:\/\/compuviper.mx\/tienda\/producto\/brobotix-558957-cable-hdmi-v2-0-ultra-hd-2k-4k-15-0-mts\/","og_locale":"es_MX","og_type":"article","og_title":"[ Brobotix ] &#129351; 558957 Cable Hdmi V2.0, Ultra Hd 2k-4k, 15.0 Mts","og_description":"Compra 558957 Cable Hdmi V2.0, Ultra Hd 2k-4k, 15.0 Mts + Env\u00edo a domicilio + Pago seguro + Garant\u00eda","og_url":"https:\/\/compuviper.mx\/tienda\/producto\/brobotix-558957-cable-hdmi-v2-0-ultra-hd-2k-4k-15-0-mts\/","og_site_name":"Compuviper","article_publisher":"https:\/\/www.facebook.com\/compuviper","og_image":[{"width":200,"height":200,"url":"https:\/\/compuviper.mx\/tienda\/wp-content\/uploads\/2023\/12\/Cable-hdmi-brobotix-v2.0-ultra-hd-2k-4k-15.0-mts.jpg","type":"image\/jpeg"}],"twitter_card":"summary_large_image","twitter_misc":{"Precio":"&#36;754 con IVA","Availability":"Out of stock"},"schema":{"@context":"https:\/\/schema.org","@graph":[{"@type":"WebPage","@id":"https:\/\/compuviper.mx\/tienda\/producto\/brobotix-558957-cable-hdmi-v2-0-ultra-hd-2k-4k-15-0-mts\/","url":"https:\/\/compuviper.mx\/tienda\/producto\/brobotix-558957-cable-hdmi-v2-0-ultra-hd-2k-4k-15-0-mts\/","name":"[ Brobotix ] &#129351; 558957 Cable Hdmi V2.0, Ultra Hd 2k-4k, 15.0 Mts","isPartOf":{"@id":"https:\/\/compuviper.mx\/tienda\/#website"},"datePublished":"2026-04-18T05:46:42+00:00","dateModified":"2026-04-18T05:46:42+00:00","description":"Compra 558957 Cable Hdmi V2.0, Ultra Hd 2k-4k, 15.0 Mts + Env\u00edo a domicilio + Pago seguro + Garant\u00eda","breadcrumb":{"@id":"https:\/\/compuviper.mx\/tienda\/producto\/brobotix-558957-cable-hdmi-v2-0-ultra-hd-2k-4k-15-0-mts\/#breadcrumb"},"inLanguage":"es-MX","potentialAction":[{"@type":"ReadAction","target":["https:\/\/compuviper.mx\/tienda\/producto\/brobotix-558957-cable-hdmi-v2-0-ultra-hd-2k-4k-15-0-mts\/"]}]},{"@type":"BreadcrumbList","@id":"https:\/\/compuviper.mx\/tienda\/producto\/brobotix-558957-cable-hdmi-v2-0-ultra-hd-2k-4k-15-0-mts\/#breadcrumb","itemListElement":[{"@type":"ListItem","position":1,"name":"Inicio","item":"https:\/\/compuviper.mx\/tienda\/"},{"@type":"ListItem","position":2,"name":"Productos","item":"https:\/\/compuviper.mx\/tienda\/productos\/"},{"@type":"ListItem","position":3,"name":"Cables","item":"https:\/\/compuviper.mx\/tienda\/categoria-producto\/cables\/"},{"@type":"ListItem","position":4,"name":"Cable De Video","item":"https:\/\/compuviper.mx\/tienda\/categoria-producto\/cables\/cable-de-video\/"},{"@type":"ListItem","position":5,"name":"Brobotix 558957 Cable Hdmi V2.0, Ultra Hd 2k-4k, 15.0 Mts"}]},{"@type":"WebSite","@id":"https:\/\/compuviper.mx\/tienda\/#website","url":"https:\/\/compuviper.mx\/tienda\/","name":"Compuviper","description":"Proveedor de Computadoras, Laptops, Servidores, Monitores, Puntos de Venta, Teclados,   Impresoras, T\u00f3ner, C\u00e1maras de Seguridad y m\u00e1s en tu tienda en l\u00ednea","publisher":{"@id":"https:\/\/compuviper.mx\/tienda\/#organization"},"potentialAction":[{"@type":"SearchAction","target":{"@type":"EntryPoint","urlTemplate":"https:\/\/compuviper.mx\/tienda\/?s={search_term_string}"},"query-input":"required name=search_term_string"}],"inLanguage":"es-MX"},{"@type":"Organization","@id":"https:\/\/compuviper.mx\/tienda\/#organization","name":"Compuviper","url":"https:\/\/compuviper.mx\/tienda\/","logo":{"@type":"ImageObject","inLanguage":"es-MX","@id":"https:\/\/compuviper.mx\/tienda\/#\/schema\/logo\/image\/","url":"https:\/\/compuviper.mx\/tienda\/wp-content\/uploads\/2021\/08\/Logo-Compuviper-10.png","contentUrl":"https:\/\/compuviper.mx\/tienda\/wp-content\/uploads\/2021\/08\/Logo-Compuviper-10.png","width":1000,"height":500,"caption":"Compuviper"},"image":{"@id":"https:\/\/compuviper.mx\/tienda\/#\/schema\/logo\/image\/"},"sameAs":["https:\/\/www.facebook.com\/compuviper","https:\/\/www.youtube.com\/channel\/UCf73dERp9Y3cfOq7q8BhLjA?view_as=subscriber"]}]},"product_brand":"Brobotix","product_price_amount":"754","product_price_currency":"MXN","og_availability":"out of stock","product_availability":"out of stock","product_retailer_item_id":"558957","product_condition":"new"},"_links":{"self":[{"href":"https:\/\/compuviper.mx\/tienda\/wp-json\/wp\/v2\/product\/214048"}],"collection":[{"href":"https:\/\/compuviper.mx\/tienda\/wp-json\/wp\/v2\/product"}],"about":[{"href":"https:\/\/compuviper.mx\/tienda\/wp-json\/wp\/v2\/types\/product"}],"replies":[{"embeddable":true,"href":"https:\/\/compuviper.mx\/tienda\/wp-json\/wp\/v2\/comments?post=214048"}],"wp:featuredmedia":[{"embeddable":true,"href":"https:\/\/compuviper.mx\/tienda\/wp-json\/wp\/v2\/media\/214049"}],"wp:attachment":[{"href":"https:\/\/compuviper.mx\/tienda\/wp-json\/wp\/v2\/media?parent=214048"}],"wp:term":[{"taxonomy":"product_cat","embeddable":true,"href":"https:\/\/compuviper.mx\/tienda\/wp-json\/wp\/v2\/product_cat?post=214048"},{"taxonomy":"product_tag","embeddable":true,"href":"https:\/\/compuviper.mx\/tienda\/wp-json\/wp\/v2\/product_tag?post=214048"}],"curies":[{"name":"wp","href":"https:\/\/api.w.org\/{rel}","templated":true}]}}