{"id":214028,"date":"2026-04-10T23:41:37","date_gmt":"2026-04-11T05:41:37","guid":{"rendered":"https:\/\/compuviper.mx\/tienda\/producto\/startech-com-45pat2mbk-cable-de-2m-negro-de-red-fast-ethernet-cat5e-rj45-sin-enganche-cable-patch-snagless-mod\/"},"modified":"2026-04-10T23:41:38","modified_gmt":"2026-04-11T05:41:38","slug":"startech-com-45pat2mbk-cable-de-2m-negro-de-red-fast-ethernet-cat5e-rj45-sin-enganche-cable-patch-snagless-mod","status":"publish","type":"product","link":"https:\/\/compuviper.mx\/tienda\/producto\/startech-com-45pat2mbk-cable-de-2m-negro-de-red-fast-ethernet-cat5e-rj45-sin-enganche-cable-patch-snagless-mod\/","title":{"rendered":"Startech.com 45pat2mbk Cable De 2m Negro De Red Fast Ethernet Cat5e Rj45 Sin Enganche &#8211; Cable Patch Snagless &#8211;  Mod."},"content":{"rendered":"<table class=\"descripcion\">\n<tr>\n<td>Ancho del producto: 0.000 mm<\/td>\n<\/tr>\n<tr>\n<td>Clasificacion de cables: cat5e &#8211; 350 mhz<\/td>\n<\/tr>\n<tr>\n<td>Tipo de cable: libre de enganches<\/td>\n<\/tr>\n<tr>\n<td>Color: negro<\/td>\n<\/tr>\n<tr>\n<td>Conector b: 1 rj-45<\/td>\n<\/tr>\n<tr>\n<td>Cantidad de conductores: 4 pair utp<\/td>\n<\/tr>\n<tr>\n<td>Cable tipo jacket: pvc &#8211; polyvinyl chloride<\/td>\n<\/tr>\n<tr>\n<td>Peso del producto: 115.000 g<\/td>\n<\/tr>\n<tr>\n<td>Tipo de conductor: cobre trenzado<\/td>\n<\/tr>\n<tr>\n<td>Conector a: 1 rj-45<\/td>\n<\/tr>\n<tr>\n<td>Altura del producto: 0.000 mm<\/td>\n<\/tr>\n<tr>\n<td>Calibre del conductor: 24 awg<\/td>\n<\/tr>\n<tr>\n<td>Longitud del cable: 2000 mm<\/td>\n<\/tr>\n<tr>\n<td>Longitud del producto: 2000.000 mm<\/td>\n<\/tr>\n<tr>\n<td>Grado de inflamabilidad: clasificacion cm<\/td>\n<\/tr>\n<\/table>\n","protected":false},"excerpt":{"rendered":"<p>El cable de\u00a0red\u00a0cat5e (2m), modelo 45pat2mbk, cumple o sobrepasa las especificaciones para este tipo de cables cat 5e, lo cual garantiza conexiones confiables en redes ethernet, ademas de estar fabricado con un duradero recubrimiento de pvc de color negro, que permite codificar los cables de una red por su\u00a0color,\u00a0segun sea necesario. Para garantizar un rendimiento duradero, este cable para red cat5e de alta calidad esta fabricado con un diseno a prueba de enganche (snagless) que protege los conectores rj45 contra danos y evita que el cable se enganche durante la instalacion. Este cable tambien esta fabricado con moldeado de pvc que reduce la tension en los puntos de terminacion de los conectores rj45, lo cual evita que el cable se doble en angulos inclinados y, a su vez, evita que el cable se dane.<\/p>\n","protected":false},"featured_media":214029,"comment_status":"open","ping_status":"open","template":"","meta":[],"product_cat":[1602,1549],"product_tag":[1590],"acf":[],"yoast_head":"<!-- This site is optimized with the Yoast SEO plugin v21.7 - https:\/\/yoast.com\/wordpress\/plugins\/seo\/ -->\n<title>[ Startech.com ] &#129351; 45pat2mbk Cable De 2m Negro De Red Fast Ethernet Cat5e Rj45 Sin Enganche - Cable Patch Snagless - Mod.<\/title>\n<meta name=\"description\" content=\"Compra 45pat2mbk Cable De 2m Negro De Red Fast Ethernet Cat5e Rj45 Sin Enganche - Cable Patch Snagless - Mod. + Env\u00edo a domicilio + Pago seguro + Garant\u00eda\" \/>\n<meta name=\"robots\" content=\"index, follow, max-snippet:-1, max-image-preview:large, max-video-preview:-1\" \/>\n<link rel=\"canonical\" href=\"https:\/\/compuviper.mx\/tienda\/producto\/startech-com-45pat2mbk-cable-de-2m-negro-de-red-fast-ethernet-cat5e-rj45-sin-enganche-cable-patch-snagless-mod\/\" \/>\n<meta property=\"og:locale\" content=\"es_MX\" \/>\n<meta property=\"og:type\" content=\"article\" \/>\n<meta property=\"og:title\" content=\"[ Startech.com ] &#129351; 45pat2mbk Cable De 2m Negro De Red Fast Ethernet Cat5e Rj45 Sin Enganche - Cable Patch Snagless - Mod.\" \/>\n<meta property=\"og:description\" content=\"Compra 45pat2mbk Cable De 2m Negro De Red Fast Ethernet Cat5e Rj45 Sin Enganche - Cable Patch Snagless - Mod. + Env\u00edo a domicilio + Pago seguro + Garant\u00eda\" \/>\n<meta property=\"og:url\" content=\"https:\/\/compuviper.mx\/tienda\/producto\/startech-com-45pat2mbk-cable-de-2m-negro-de-red-fast-ethernet-cat5e-rj45-sin-enganche-cable-patch-snagless-mod\/\" \/>\n<meta property=\"og:site_name\" content=\"Compuviper\" \/>\n<meta property=\"article:publisher\" content=\"https:\/\/www.facebook.com\/compuviper\" \/>\n<meta property=\"article:modified_time\" content=\"2026-04-11T05:41:38+00:00\" \/>\n<meta property=\"og:image\" content=\"https:\/\/compuviper.mx\/tienda\/wp-content\/uploads\/2023\/12\/Cable-de-2m-negro-de-red-fast-ethernet-cat5e-rj45-sin-enganche-cable-patch-snagless-startech.com-mod.-45pat2mbk.jpg\" \/>\n\t<meta property=\"og:image:width\" content=\"200\" \/>\n\t<meta property=\"og:image:height\" content=\"200\" \/>\n\t<meta property=\"og:image:type\" content=\"image\/jpeg\" \/>\n<meta name=\"twitter:card\" content=\"summary_large_image\" \/>\n<meta name=\"twitter:label1\" content=\"Precio\" \/>\n\t<meta name=\"twitter:data1\" content=\"&#36;98 con IVA\" \/>\n\t<meta name=\"twitter:label2\" content=\"Availability\" \/>\n\t<meta name=\"twitter:data2\" content=\"Out of stock\" \/>\n<script type=\"application\/ld+json\" class=\"yoast-schema-graph\">{\"@context\":\"https:\/\/schema.org\",\"@graph\":[{\"@type\":\"WebPage\",\"@id\":\"https:\/\/compuviper.mx\/tienda\/producto\/startech-com-45pat2mbk-cable-de-2m-negro-de-red-fast-ethernet-cat5e-rj45-sin-enganche-cable-patch-snagless-mod\/\",\"url\":\"https:\/\/compuviper.mx\/tienda\/producto\/startech-com-45pat2mbk-cable-de-2m-negro-de-red-fast-ethernet-cat5e-rj45-sin-enganche-cable-patch-snagless-mod\/\",\"name\":\"[ Startech.com ] &#129351; 45pat2mbk Cable De 2m Negro De Red Fast Ethernet Cat5e Rj45 Sin Enganche - Cable Patch Snagless - Mod.\",\"isPartOf\":{\"@id\":\"https:\/\/compuviper.mx\/tienda\/#website\"},\"datePublished\":\"2026-04-11T05:41:37+00:00\",\"dateModified\":\"2026-04-11T05:41:38+00:00\",\"description\":\"Compra 45pat2mbk Cable De 2m Negro De Red Fast Ethernet Cat5e Rj45 Sin Enganche - Cable Patch Snagless - Mod. + Env\u00edo a domicilio + Pago seguro + Garant\u00eda\",\"breadcrumb\":{\"@id\":\"https:\/\/compuviper.mx\/tienda\/producto\/startech-com-45pat2mbk-cable-de-2m-negro-de-red-fast-ethernet-cat5e-rj45-sin-enganche-cable-patch-snagless-mod\/#breadcrumb\"},\"inLanguage\":\"es-MX\",\"potentialAction\":[{\"@type\":\"ReadAction\",\"target\":[\"https:\/\/compuviper.mx\/tienda\/producto\/startech-com-45pat2mbk-cable-de-2m-negro-de-red-fast-ethernet-cat5e-rj45-sin-enganche-cable-patch-snagless-mod\/\"]}]},{\"@type\":\"BreadcrumbList\",\"@id\":\"https:\/\/compuviper.mx\/tienda\/producto\/startech-com-45pat2mbk-cable-de-2m-negro-de-red-fast-ethernet-cat5e-rj45-sin-enganche-cable-patch-snagless-mod\/#breadcrumb\",\"itemListElement\":[{\"@type\":\"ListItem\",\"position\":1,\"name\":\"Inicio\",\"item\":\"https:\/\/compuviper.mx\/tienda\/\"},{\"@type\":\"ListItem\",\"position\":2,\"name\":\"Productos\",\"item\":\"https:\/\/compuviper.mx\/tienda\/productos\/\"},{\"@type\":\"ListItem\",\"position\":3,\"name\":\"Cables\",\"item\":\"https:\/\/compuviper.mx\/tienda\/categoria-producto\/cables\/\"},{\"@type\":\"ListItem\",\"position\":4,\"name\":\"Cable De Red\",\"item\":\"https:\/\/compuviper.mx\/tienda\/categoria-producto\/cables\/cable-de-red\/\"},{\"@type\":\"ListItem\",\"position\":5,\"name\":\"Startech.com 45pat2mbk Cable De 2m Negro De Red Fast Ethernet Cat5e Rj45 Sin Enganche &#8211; Cable Patch Snagless &#8211; Mod.\"}]},{\"@type\":\"WebSite\",\"@id\":\"https:\/\/compuviper.mx\/tienda\/#website\",\"url\":\"https:\/\/compuviper.mx\/tienda\/\",\"name\":\"Compuviper\",\"description\":\"Proveedor de Computadoras, Laptops, Servidores, Monitores, Puntos de Venta, Teclados,   Impresoras, T\u00f3ner, C\u00e1maras de Seguridad y m\u00e1s en tu tienda en l\u00ednea\",\"publisher\":{\"@id\":\"https:\/\/compuviper.mx\/tienda\/#organization\"},\"potentialAction\":[{\"@type\":\"SearchAction\",\"target\":{\"@type\":\"EntryPoint\",\"urlTemplate\":\"https:\/\/compuviper.mx\/tienda\/?s={search_term_string}\"},\"query-input\":\"required name=search_term_string\"}],\"inLanguage\":\"es-MX\"},{\"@type\":\"Organization\",\"@id\":\"https:\/\/compuviper.mx\/tienda\/#organization\",\"name\":\"Compuviper\",\"url\":\"https:\/\/compuviper.mx\/tienda\/\",\"logo\":{\"@type\":\"ImageObject\",\"inLanguage\":\"es-MX\",\"@id\":\"https:\/\/compuviper.mx\/tienda\/#\/schema\/logo\/image\/\",\"url\":\"https:\/\/compuviper.mx\/tienda\/wp-content\/uploads\/2021\/08\/Logo-Compuviper-10.png\",\"contentUrl\":\"https:\/\/compuviper.mx\/tienda\/wp-content\/uploads\/2021\/08\/Logo-Compuviper-10.png\",\"width\":1000,\"height\":500,\"caption\":\"Compuviper\"},\"image\":{\"@id\":\"https:\/\/compuviper.mx\/tienda\/#\/schema\/logo\/image\/\"},\"sameAs\":[\"https:\/\/www.facebook.com\/compuviper\",\"https:\/\/www.youtube.com\/channel\/UCf73dERp9Y3cfOq7q8BhLjA?view_as=subscriber\"]}]}<\/script>\n<meta property=\"product:brand\" content=\"STARTECH.COM\" \/>\n<meta property=\"product:price:amount\" content=\"98\" \/>\n<meta property=\"product:price:currency\" content=\"MXN\" \/>\n<meta property=\"og:availability\" content=\"out of stock\" \/>\n<meta property=\"product:availability\" content=\"out of stock\" \/>\n<meta property=\"product:retailer_item_id\" content=\"45PAT2MBK\" \/>\n<meta property=\"product:condition\" content=\"new\" \/>\n<!-- \/ Yoast SEO plugin. -->","yoast_head_json":{"title":"[ Startech.com ] &#129351; 45pat2mbk Cable De 2m Negro De Red Fast Ethernet Cat5e Rj45 Sin Enganche - Cable Patch Snagless - Mod.","description":"Compra 45pat2mbk Cable De 2m Negro De Red Fast Ethernet Cat5e Rj45 Sin Enganche - Cable Patch Snagless - Mod. + Env\u00edo a domicilio + Pago seguro + Garant\u00eda","robots":{"index":"index","follow":"follow","max-snippet":"max-snippet:-1","max-image-preview":"max-image-preview:large","max-video-preview":"max-video-preview:-1"},"canonical":"https:\/\/compuviper.mx\/tienda\/producto\/startech-com-45pat2mbk-cable-de-2m-negro-de-red-fast-ethernet-cat5e-rj45-sin-enganche-cable-patch-snagless-mod\/","og_locale":"es_MX","og_type":"article","og_title":"[ Startech.com ] &#129351; 45pat2mbk Cable De 2m Negro De Red Fast Ethernet Cat5e Rj45 Sin Enganche - Cable Patch Snagless - Mod.","og_description":"Compra 45pat2mbk Cable De 2m Negro De Red Fast Ethernet Cat5e Rj45 Sin Enganche - Cable Patch Snagless - Mod. + Env\u00edo a domicilio + Pago seguro + Garant\u00eda","og_url":"https:\/\/compuviper.mx\/tienda\/producto\/startech-com-45pat2mbk-cable-de-2m-negro-de-red-fast-ethernet-cat5e-rj45-sin-enganche-cable-patch-snagless-mod\/","og_site_name":"Compuviper","article_publisher":"https:\/\/www.facebook.com\/compuviper","article_modified_time":"2026-04-11T05:41:38+00:00","og_image":[{"width":200,"height":200,"url":"https:\/\/compuviper.mx\/tienda\/wp-content\/uploads\/2023\/12\/Cable-de-2m-negro-de-red-fast-ethernet-cat5e-rj45-sin-enganche-cable-patch-snagless-startech.com-mod.-45pat2mbk.jpg","type":"image\/jpeg"}],"twitter_card":"summary_large_image","twitter_misc":{"Precio":"&#36;98 con IVA","Availability":"Out of stock"},"schema":{"@context":"https:\/\/schema.org","@graph":[{"@type":"WebPage","@id":"https:\/\/compuviper.mx\/tienda\/producto\/startech-com-45pat2mbk-cable-de-2m-negro-de-red-fast-ethernet-cat5e-rj45-sin-enganche-cable-patch-snagless-mod\/","url":"https:\/\/compuviper.mx\/tienda\/producto\/startech-com-45pat2mbk-cable-de-2m-negro-de-red-fast-ethernet-cat5e-rj45-sin-enganche-cable-patch-snagless-mod\/","name":"[ Startech.com ] &#129351; 45pat2mbk Cable De 2m Negro De Red Fast Ethernet Cat5e Rj45 Sin Enganche - Cable Patch Snagless - Mod.","isPartOf":{"@id":"https:\/\/compuviper.mx\/tienda\/#website"},"datePublished":"2026-04-11T05:41:37+00:00","dateModified":"2026-04-11T05:41:38+00:00","description":"Compra 45pat2mbk Cable De 2m Negro De Red Fast Ethernet Cat5e Rj45 Sin Enganche - Cable Patch Snagless - Mod. + Env\u00edo a domicilio + Pago seguro + Garant\u00eda","breadcrumb":{"@id":"https:\/\/compuviper.mx\/tienda\/producto\/startech-com-45pat2mbk-cable-de-2m-negro-de-red-fast-ethernet-cat5e-rj45-sin-enganche-cable-patch-snagless-mod\/#breadcrumb"},"inLanguage":"es-MX","potentialAction":[{"@type":"ReadAction","target":["https:\/\/compuviper.mx\/tienda\/producto\/startech-com-45pat2mbk-cable-de-2m-negro-de-red-fast-ethernet-cat5e-rj45-sin-enganche-cable-patch-snagless-mod\/"]}]},{"@type":"BreadcrumbList","@id":"https:\/\/compuviper.mx\/tienda\/producto\/startech-com-45pat2mbk-cable-de-2m-negro-de-red-fast-ethernet-cat5e-rj45-sin-enganche-cable-patch-snagless-mod\/#breadcrumb","itemListElement":[{"@type":"ListItem","position":1,"name":"Inicio","item":"https:\/\/compuviper.mx\/tienda\/"},{"@type":"ListItem","position":2,"name":"Productos","item":"https:\/\/compuviper.mx\/tienda\/productos\/"},{"@type":"ListItem","position":3,"name":"Cables","item":"https:\/\/compuviper.mx\/tienda\/categoria-producto\/cables\/"},{"@type":"ListItem","position":4,"name":"Cable De Red","item":"https:\/\/compuviper.mx\/tienda\/categoria-producto\/cables\/cable-de-red\/"},{"@type":"ListItem","position":5,"name":"Startech.com 45pat2mbk Cable De 2m Negro De Red Fast Ethernet Cat5e Rj45 Sin Enganche &#8211; Cable Patch Snagless &#8211; Mod."}]},{"@type":"WebSite","@id":"https:\/\/compuviper.mx\/tienda\/#website","url":"https:\/\/compuviper.mx\/tienda\/","name":"Compuviper","description":"Proveedor de Computadoras, Laptops, Servidores, Monitores, Puntos de Venta, Teclados,   Impresoras, T\u00f3ner, C\u00e1maras de Seguridad y m\u00e1s en tu tienda en l\u00ednea","publisher":{"@id":"https:\/\/compuviper.mx\/tienda\/#organization"},"potentialAction":[{"@type":"SearchAction","target":{"@type":"EntryPoint","urlTemplate":"https:\/\/compuviper.mx\/tienda\/?s={search_term_string}"},"query-input":"required name=search_term_string"}],"inLanguage":"es-MX"},{"@type":"Organization","@id":"https:\/\/compuviper.mx\/tienda\/#organization","name":"Compuviper","url":"https:\/\/compuviper.mx\/tienda\/","logo":{"@type":"ImageObject","inLanguage":"es-MX","@id":"https:\/\/compuviper.mx\/tienda\/#\/schema\/logo\/image\/","url":"https:\/\/compuviper.mx\/tienda\/wp-content\/uploads\/2021\/08\/Logo-Compuviper-10.png","contentUrl":"https:\/\/compuviper.mx\/tienda\/wp-content\/uploads\/2021\/08\/Logo-Compuviper-10.png","width":1000,"height":500,"caption":"Compuviper"},"image":{"@id":"https:\/\/compuviper.mx\/tienda\/#\/schema\/logo\/image\/"},"sameAs":["https:\/\/www.facebook.com\/compuviper","https:\/\/www.youtube.com\/channel\/UCf73dERp9Y3cfOq7q8BhLjA?view_as=subscriber"]}]},"product_brand":"STARTECH.COM","product_price_amount":"98","product_price_currency":"MXN","og_availability":"out of stock","product_availability":"out of stock","product_retailer_item_id":"45PAT2MBK","product_condition":"new"},"_links":{"self":[{"href":"https:\/\/compuviper.mx\/tienda\/wp-json\/wp\/v2\/product\/214028"}],"collection":[{"href":"https:\/\/compuviper.mx\/tienda\/wp-json\/wp\/v2\/product"}],"about":[{"href":"https:\/\/compuviper.mx\/tienda\/wp-json\/wp\/v2\/types\/product"}],"replies":[{"embeddable":true,"href":"https:\/\/compuviper.mx\/tienda\/wp-json\/wp\/v2\/comments?post=214028"}],"wp:featuredmedia":[{"embeddable":true,"href":"https:\/\/compuviper.mx\/tienda\/wp-json\/wp\/v2\/media\/214029"}],"wp:attachment":[{"href":"https:\/\/compuviper.mx\/tienda\/wp-json\/wp\/v2\/media?parent=214028"}],"wp:term":[{"taxonomy":"product_cat","embeddable":true,"href":"https:\/\/compuviper.mx\/tienda\/wp-json\/wp\/v2\/product_cat?post=214028"},{"taxonomy":"product_tag","embeddable":true,"href":"https:\/\/compuviper.mx\/tienda\/wp-json\/wp\/v2\/product_tag?post=214028"}],"curies":[{"name":"wp","href":"https:\/\/api.w.org\/{rel}","templated":true}]}}