{"id":214026,"date":"2026-04-10T23:41:37","date_gmt":"2026-04-11T05:41:37","guid":{"rendered":"https:\/\/compuviper.mx\/tienda\/producto\/startech-com-pxt101l3-cable-de-corriente-de-1m-estandar-de-alimentacion-de-computadora-acodado-en-angulo-recto-18awg-nema-5-15p-a-c13-10a-125v-mod\/"},"modified":"2026-04-10T23:41:37","modified_gmt":"2026-04-11T05:41:37","slug":"startech-com-pxt101l3-cable-de-corriente-de-1m-estandar-de-alimentacion-de-computadora-acodado-en-angulo-recto-18awg-nema-5-15p-a-c13-10a-125v-mod","status":"publish","type":"product","link":"https:\/\/compuviper.mx\/tienda\/producto\/startech-com-pxt101l3-cable-de-corriente-de-1m-estandar-de-alimentacion-de-computadora-acodado-en-angulo-recto-18awg-nema-5-15p-a-c13-10a-125v-mod\/","title":{"rendered":"Startech.com Pxt101l3 Cable De Corriente De 1m Estandar De Alimentacion De Computadora, Acodado En Angulo Recto &#8211; 18awg &#8211; Nema 5-15p A C13 &#8211; 10a 125v &#8211;  Mod."},"content":{"rendered":"<table class=\"descripcion\">\n<tr>\n<td>Color: negro<\/td>\n<\/tr>\n<tr>\n<td>Tipo de cable: svt<\/td>\n<\/tr>\n<tr>\n<td>Ancho del producto: 25.000 mm<\/td>\n<\/tr>\n<tr>\n<td>Conector a: 1 alimentacion nema 5-15 (norteamerica)<\/td>\n<\/tr>\n<tr>\n<td>Tension de entrada: 125 ac<\/td>\n<\/tr>\n<tr>\n<td>Conector b: 1 alimentacion iec 60320 c13<\/td>\n<\/tr>\n<tr>\n<td>Altura del producto: 25.000 mm<\/td>\n<\/tr>\n<tr>\n<td>Corriente de entrada: 10 a a<\/td>\n<\/tr>\n<tr>\n<td>Estilo de conector: recto con orientacion hacia la derecha<\/td>\n<\/tr>\n<tr>\n<td>Nota: certificacion ul<\/td>\n<\/tr>\n<tr>\n<td>Cantidad de conductores: 3<\/td>\n<\/tr>\n<tr>\n<td>Calibre del conductor: 18 awg<\/td>\n<\/tr>\n<tr>\n<td>Longitud del cable: 914.4 mm<\/td>\n<\/tr>\n<tr>\n<td>Longitud del producto: 914.400 mm<\/td>\n<\/tr>\n<tr>\n<td>Peso del producto: 98.000 g<\/td>\n<\/tr>\n<\/table>\n","protected":false},"excerpt":{"rendered":"<p>Este cable de alimentacion nema 5-15p a c13 se conecta con sus dispositivos perifericos de dificil alcance.\u00a0el conector c13 en angulo derecho situa el cable de manera que quede al ras con su dispositivo, lo cual resulta perfecto para la conexion en espacios estrechos,\u00a0ya que no se requiere tanto espacio en el punto de conexion, como ocurre con un conector recto. Resulta perfecto para monitores de montaje en pared o cualquier dispositivo instalado de forma practica en una pared o guardado en un espacio estrecho.\u00a0la corta longitud del cable de 91cm significa menos enredos, lo cual garantiza una instalacion ordenada y profesional. El producto pxt101l3 se ha disenado para ajustarse de forma precisa a las especificaciones y se ha sometido a prueba para garantizar el maximo rendimiento.<\/p>\n","protected":false},"featured_media":214027,"comment_status":"open","ping_status":"open","template":"","meta":[],"product_cat":[1549,1607],"product_tag":[1590],"acf":[],"yoast_head":"<!-- This site is optimized with the Yoast SEO plugin v21.7 - https:\/\/yoast.com\/wordpress\/plugins\/seo\/ -->\n<title>[ Startech.com ] &#129351; Pxt101l3 Cable De Corriente De 1m Estandar De Alimentacion De Computadora, Acodado En Angulo Recto - 18awg - Nema 5-15p A C13 - 10a 125v - Mod.<\/title>\n<meta name=\"description\" content=\"Compra Pxt101l3 Cable De Corriente De 1m Estandar De Alimentacion De Computadora, Acodado En Angulo Recto - 18awg - Nema 5-15p A C13 - 10a 125v - Mod. + Env\u00edo a domicilio + Pago seguro + Garant\u00eda\" \/>\n<meta name=\"robots\" content=\"index, follow, max-snippet:-1, max-image-preview:large, max-video-preview:-1\" \/>\n<link rel=\"canonical\" href=\"https:\/\/compuviper.mx\/tienda\/producto\/startech-com-pxt101l3-cable-de-corriente-de-1m-estandar-de-alimentacion-de-computadora-acodado-en-angulo-recto-18awg-nema-5-15p-a-c13-10a-125v-mod\/\" \/>\n<meta property=\"og:locale\" content=\"es_MX\" \/>\n<meta property=\"og:type\" content=\"article\" \/>\n<meta property=\"og:title\" content=\"[ Startech.com ] &#129351; Pxt101l3 Cable De Corriente De 1m Estandar De Alimentacion De Computadora, Acodado En Angulo Recto - 18awg - Nema 5-15p A C13 - 10a 125v - Mod.\" \/>\n<meta property=\"og:description\" content=\"Compra Pxt101l3 Cable De Corriente De 1m Estandar De Alimentacion De Computadora, Acodado En Angulo Recto - 18awg - Nema 5-15p A C13 - 10a 125v - Mod. + Env\u00edo a domicilio + Pago seguro + Garant\u00eda\" \/>\n<meta property=\"og:url\" content=\"https:\/\/compuviper.mx\/tienda\/producto\/startech-com-pxt101l3-cable-de-corriente-de-1m-estandar-de-alimentacion-de-computadora-acodado-en-angulo-recto-18awg-nema-5-15p-a-c13-10a-125v-mod\/\" \/>\n<meta property=\"og:site_name\" content=\"Compuviper\" \/>\n<meta property=\"article:publisher\" content=\"https:\/\/www.facebook.com\/compuviper\" \/>\n<meta property=\"og:image\" content=\"https:\/\/compuviper.mx\/tienda\/wp-content\/uploads\/2023\/12\/Cable-de-corriente-de-1m-estandar-de-alimentacion-de-computadora-acodado-en-angulo-recto-18awg-nema-5-15p-a-c13-10a-125v-startech.com-mod.-pxt101l3.jpg\" \/>\n\t<meta property=\"og:image:width\" content=\"200\" \/>\n\t<meta property=\"og:image:height\" content=\"200\" \/>\n\t<meta property=\"og:image:type\" content=\"image\/jpeg\" \/>\n<meta name=\"twitter:card\" content=\"summary_large_image\" \/>\n<meta name=\"twitter:label1\" content=\"Precio\" \/>\n\t<meta name=\"twitter:data1\" content=\"&#36;150 con IVA\" \/>\n\t<meta name=\"twitter:label2\" content=\"Availability\" \/>\n\t<meta name=\"twitter:data2\" content=\"In stock\" \/>\n<script type=\"application\/ld+json\" class=\"yoast-schema-graph\">{\"@context\":\"https:\/\/schema.org\",\"@graph\":[{\"@type\":\"WebPage\",\"@id\":\"https:\/\/compuviper.mx\/tienda\/producto\/startech-com-pxt101l3-cable-de-corriente-de-1m-estandar-de-alimentacion-de-computadora-acodado-en-angulo-recto-18awg-nema-5-15p-a-c13-10a-125v-mod\/\",\"url\":\"https:\/\/compuviper.mx\/tienda\/producto\/startech-com-pxt101l3-cable-de-corriente-de-1m-estandar-de-alimentacion-de-computadora-acodado-en-angulo-recto-18awg-nema-5-15p-a-c13-10a-125v-mod\/\",\"name\":\"[ Startech.com ] &#129351; Pxt101l3 Cable De Corriente De 1m Estandar De Alimentacion De Computadora, Acodado En Angulo Recto - 18awg - Nema 5-15p A C13 - 10a 125v - Mod.\",\"isPartOf\":{\"@id\":\"https:\/\/compuviper.mx\/tienda\/#website\"},\"datePublished\":\"2026-04-11T05:41:37+00:00\",\"dateModified\":\"2026-04-11T05:41:37+00:00\",\"description\":\"Compra Pxt101l3 Cable De Corriente De 1m Estandar De Alimentacion De Computadora, Acodado En Angulo Recto - 18awg - Nema 5-15p A C13 - 10a 125v - Mod. + Env\u00edo a domicilio + Pago seguro + Garant\u00eda\",\"breadcrumb\":{\"@id\":\"https:\/\/compuviper.mx\/tienda\/producto\/startech-com-pxt101l3-cable-de-corriente-de-1m-estandar-de-alimentacion-de-computadora-acodado-en-angulo-recto-18awg-nema-5-15p-a-c13-10a-125v-mod\/#breadcrumb\"},\"inLanguage\":\"es-MX\",\"potentialAction\":[{\"@type\":\"ReadAction\",\"target\":[\"https:\/\/compuviper.mx\/tienda\/producto\/startech-com-pxt101l3-cable-de-corriente-de-1m-estandar-de-alimentacion-de-computadora-acodado-en-angulo-recto-18awg-nema-5-15p-a-c13-10a-125v-mod\/\"]}]},{\"@type\":\"BreadcrumbList\",\"@id\":\"https:\/\/compuviper.mx\/tienda\/producto\/startech-com-pxt101l3-cable-de-corriente-de-1m-estandar-de-alimentacion-de-computadora-acodado-en-angulo-recto-18awg-nema-5-15p-a-c13-10a-125v-mod\/#breadcrumb\",\"itemListElement\":[{\"@type\":\"ListItem\",\"position\":1,\"name\":\"Inicio\",\"item\":\"https:\/\/compuviper.mx\/tienda\/\"},{\"@type\":\"ListItem\",\"position\":2,\"name\":\"Productos\",\"item\":\"https:\/\/compuviper.mx\/tienda\/productos\/\"},{\"@type\":\"ListItem\",\"position\":3,\"name\":\"Cables\",\"item\":\"https:\/\/compuviper.mx\/tienda\/categoria-producto\/cables\/\"},{\"@type\":\"ListItem\",\"position\":4,\"name\":\"Cable De Corriente\",\"item\":\"https:\/\/compuviper.mx\/tienda\/categoria-producto\/cables\/cable-de-corriente\/\"},{\"@type\":\"ListItem\",\"position\":5,\"name\":\"Startech.com Pxt101l3 Cable De Corriente De 1m Estandar De Alimentacion De Computadora, Acodado En Angulo Recto &#8211; 18awg &#8211; Nema 5-15p A C13 &#8211; 10a 125v &#8211; Mod.\"}]},{\"@type\":\"WebSite\",\"@id\":\"https:\/\/compuviper.mx\/tienda\/#website\",\"url\":\"https:\/\/compuviper.mx\/tienda\/\",\"name\":\"Compuviper\",\"description\":\"Proveedor de Computadoras, Laptops, Servidores, Monitores, Puntos de Venta, Teclados,   Impresoras, T\u00f3ner, C\u00e1maras de Seguridad y m\u00e1s en tu tienda en l\u00ednea\",\"publisher\":{\"@id\":\"https:\/\/compuviper.mx\/tienda\/#organization\"},\"potentialAction\":[{\"@type\":\"SearchAction\",\"target\":{\"@type\":\"EntryPoint\",\"urlTemplate\":\"https:\/\/compuviper.mx\/tienda\/?s={search_term_string}\"},\"query-input\":\"required name=search_term_string\"}],\"inLanguage\":\"es-MX\"},{\"@type\":\"Organization\",\"@id\":\"https:\/\/compuviper.mx\/tienda\/#organization\",\"name\":\"Compuviper\",\"url\":\"https:\/\/compuviper.mx\/tienda\/\",\"logo\":{\"@type\":\"ImageObject\",\"inLanguage\":\"es-MX\",\"@id\":\"https:\/\/compuviper.mx\/tienda\/#\/schema\/logo\/image\/\",\"url\":\"https:\/\/compuviper.mx\/tienda\/wp-content\/uploads\/2021\/08\/Logo-Compuviper-10.png\",\"contentUrl\":\"https:\/\/compuviper.mx\/tienda\/wp-content\/uploads\/2021\/08\/Logo-Compuviper-10.png\",\"width\":1000,\"height\":500,\"caption\":\"Compuviper\"},\"image\":{\"@id\":\"https:\/\/compuviper.mx\/tienda\/#\/schema\/logo\/image\/\"},\"sameAs\":[\"https:\/\/www.facebook.com\/compuviper\",\"https:\/\/www.youtube.com\/channel\/UCf73dERp9Y3cfOq7q8BhLjA?view_as=subscriber\"]}]}<\/script>\n<meta property=\"product:brand\" content=\"STARTECH.COM\" \/>\n<meta property=\"product:price:amount\" content=\"150\" \/>\n<meta property=\"product:price:currency\" content=\"MXN\" \/>\n<meta property=\"og:availability\" content=\"instock\" \/>\n<meta property=\"product:availability\" content=\"instock\" \/>\n<meta property=\"product:retailer_item_id\" content=\"PXT101L3\" \/>\n<meta property=\"product:condition\" content=\"new\" \/>\n<!-- \/ Yoast SEO plugin. -->","yoast_head_json":{"title":"[ Startech.com ] &#129351; Pxt101l3 Cable De Corriente De 1m Estandar De Alimentacion De Computadora, Acodado En Angulo Recto - 18awg - Nema 5-15p A C13 - 10a 125v - Mod.","description":"Compra Pxt101l3 Cable De Corriente De 1m Estandar De Alimentacion De Computadora, Acodado En Angulo Recto - 18awg - Nema 5-15p A C13 - 10a 125v - Mod. + Env\u00edo a domicilio + Pago seguro + Garant\u00eda","robots":{"index":"index","follow":"follow","max-snippet":"max-snippet:-1","max-image-preview":"max-image-preview:large","max-video-preview":"max-video-preview:-1"},"canonical":"https:\/\/compuviper.mx\/tienda\/producto\/startech-com-pxt101l3-cable-de-corriente-de-1m-estandar-de-alimentacion-de-computadora-acodado-en-angulo-recto-18awg-nema-5-15p-a-c13-10a-125v-mod\/","og_locale":"es_MX","og_type":"article","og_title":"[ Startech.com ] &#129351; Pxt101l3 Cable De Corriente De 1m Estandar De Alimentacion De Computadora, Acodado En Angulo Recto - 18awg - Nema 5-15p A C13 - 10a 125v - Mod.","og_description":"Compra Pxt101l3 Cable De Corriente De 1m Estandar De Alimentacion De Computadora, Acodado En Angulo Recto - 18awg - Nema 5-15p A C13 - 10a 125v - Mod. + Env\u00edo a domicilio + Pago seguro + Garant\u00eda","og_url":"https:\/\/compuviper.mx\/tienda\/producto\/startech-com-pxt101l3-cable-de-corriente-de-1m-estandar-de-alimentacion-de-computadora-acodado-en-angulo-recto-18awg-nema-5-15p-a-c13-10a-125v-mod\/","og_site_name":"Compuviper","article_publisher":"https:\/\/www.facebook.com\/compuviper","og_image":[{"width":200,"height":200,"url":"https:\/\/compuviper.mx\/tienda\/wp-content\/uploads\/2023\/12\/Cable-de-corriente-de-1m-estandar-de-alimentacion-de-computadora-acodado-en-angulo-recto-18awg-nema-5-15p-a-c13-10a-125v-startech.com-mod.-pxt101l3.jpg","type":"image\/jpeg"}],"twitter_card":"summary_large_image","twitter_misc":{"Precio":"&#36;150 con IVA","Availability":"In stock"},"schema":{"@context":"https:\/\/schema.org","@graph":[{"@type":"WebPage","@id":"https:\/\/compuviper.mx\/tienda\/producto\/startech-com-pxt101l3-cable-de-corriente-de-1m-estandar-de-alimentacion-de-computadora-acodado-en-angulo-recto-18awg-nema-5-15p-a-c13-10a-125v-mod\/","url":"https:\/\/compuviper.mx\/tienda\/producto\/startech-com-pxt101l3-cable-de-corriente-de-1m-estandar-de-alimentacion-de-computadora-acodado-en-angulo-recto-18awg-nema-5-15p-a-c13-10a-125v-mod\/","name":"[ Startech.com ] &#129351; Pxt101l3 Cable De Corriente De 1m Estandar De Alimentacion De Computadora, Acodado En Angulo Recto - 18awg - Nema 5-15p A C13 - 10a 125v - Mod.","isPartOf":{"@id":"https:\/\/compuviper.mx\/tienda\/#website"},"datePublished":"2026-04-11T05:41:37+00:00","dateModified":"2026-04-11T05:41:37+00:00","description":"Compra Pxt101l3 Cable De Corriente De 1m Estandar De Alimentacion De Computadora, Acodado En Angulo Recto - 18awg - Nema 5-15p A C13 - 10a 125v - Mod. + Env\u00edo a domicilio + Pago seguro + Garant\u00eda","breadcrumb":{"@id":"https:\/\/compuviper.mx\/tienda\/producto\/startech-com-pxt101l3-cable-de-corriente-de-1m-estandar-de-alimentacion-de-computadora-acodado-en-angulo-recto-18awg-nema-5-15p-a-c13-10a-125v-mod\/#breadcrumb"},"inLanguage":"es-MX","potentialAction":[{"@type":"ReadAction","target":["https:\/\/compuviper.mx\/tienda\/producto\/startech-com-pxt101l3-cable-de-corriente-de-1m-estandar-de-alimentacion-de-computadora-acodado-en-angulo-recto-18awg-nema-5-15p-a-c13-10a-125v-mod\/"]}]},{"@type":"BreadcrumbList","@id":"https:\/\/compuviper.mx\/tienda\/producto\/startech-com-pxt101l3-cable-de-corriente-de-1m-estandar-de-alimentacion-de-computadora-acodado-en-angulo-recto-18awg-nema-5-15p-a-c13-10a-125v-mod\/#breadcrumb","itemListElement":[{"@type":"ListItem","position":1,"name":"Inicio","item":"https:\/\/compuviper.mx\/tienda\/"},{"@type":"ListItem","position":2,"name":"Productos","item":"https:\/\/compuviper.mx\/tienda\/productos\/"},{"@type":"ListItem","position":3,"name":"Cables","item":"https:\/\/compuviper.mx\/tienda\/categoria-producto\/cables\/"},{"@type":"ListItem","position":4,"name":"Cable De Corriente","item":"https:\/\/compuviper.mx\/tienda\/categoria-producto\/cables\/cable-de-corriente\/"},{"@type":"ListItem","position":5,"name":"Startech.com Pxt101l3 Cable De Corriente De 1m Estandar De Alimentacion De Computadora, Acodado En Angulo Recto &#8211; 18awg &#8211; Nema 5-15p A C13 &#8211; 10a 125v &#8211; Mod."}]},{"@type":"WebSite","@id":"https:\/\/compuviper.mx\/tienda\/#website","url":"https:\/\/compuviper.mx\/tienda\/","name":"Compuviper","description":"Proveedor de Computadoras, Laptops, Servidores, Monitores, Puntos de Venta, Teclados,   Impresoras, T\u00f3ner, C\u00e1maras de Seguridad y m\u00e1s en tu tienda en l\u00ednea","publisher":{"@id":"https:\/\/compuviper.mx\/tienda\/#organization"},"potentialAction":[{"@type":"SearchAction","target":{"@type":"EntryPoint","urlTemplate":"https:\/\/compuviper.mx\/tienda\/?s={search_term_string}"},"query-input":"required name=search_term_string"}],"inLanguage":"es-MX"},{"@type":"Organization","@id":"https:\/\/compuviper.mx\/tienda\/#organization","name":"Compuviper","url":"https:\/\/compuviper.mx\/tienda\/","logo":{"@type":"ImageObject","inLanguage":"es-MX","@id":"https:\/\/compuviper.mx\/tienda\/#\/schema\/logo\/image\/","url":"https:\/\/compuviper.mx\/tienda\/wp-content\/uploads\/2021\/08\/Logo-Compuviper-10.png","contentUrl":"https:\/\/compuviper.mx\/tienda\/wp-content\/uploads\/2021\/08\/Logo-Compuviper-10.png","width":1000,"height":500,"caption":"Compuviper"},"image":{"@id":"https:\/\/compuviper.mx\/tienda\/#\/schema\/logo\/image\/"},"sameAs":["https:\/\/www.facebook.com\/compuviper","https:\/\/www.youtube.com\/channel\/UCf73dERp9Y3cfOq7q8BhLjA?view_as=subscriber"]}]},"product_brand":"STARTECH.COM","product_price_amount":"150","product_price_currency":"MXN","og_availability":"instock","product_availability":"instock","product_retailer_item_id":"PXT101L3","product_condition":"new"},"_links":{"self":[{"href":"https:\/\/compuviper.mx\/tienda\/wp-json\/wp\/v2\/product\/214026"}],"collection":[{"href":"https:\/\/compuviper.mx\/tienda\/wp-json\/wp\/v2\/product"}],"about":[{"href":"https:\/\/compuviper.mx\/tienda\/wp-json\/wp\/v2\/types\/product"}],"replies":[{"embeddable":true,"href":"https:\/\/compuviper.mx\/tienda\/wp-json\/wp\/v2\/comments?post=214026"}],"wp:featuredmedia":[{"embeddable":true,"href":"https:\/\/compuviper.mx\/tienda\/wp-json\/wp\/v2\/media\/214027"}],"wp:attachment":[{"href":"https:\/\/compuviper.mx\/tienda\/wp-json\/wp\/v2\/media?parent=214026"}],"wp:term":[{"taxonomy":"product_cat","embeddable":true,"href":"https:\/\/compuviper.mx\/tienda\/wp-json\/wp\/v2\/product_cat?post=214026"},{"taxonomy":"product_tag","embeddable":true,"href":"https:\/\/compuviper.mx\/tienda\/wp-json\/wp\/v2\/product_tag?post=214026"}],"curies":[{"name":"wp","href":"https:\/\/api.w.org\/{rel}","templated":true}]}}