{"id":214010,"date":"2026-04-07T23:44:01","date_gmt":"2026-04-08T05:44:01","guid":{"rendered":"https:\/\/compuviper.mx\/tienda\/producto\/startech-com-mu3mmsra-cable-de-audio-de-91cm-delgado-audio-estereo-mini-jack-de-3-5mm-en-angulo-derecho-macho-a-macho-mod\/"},"modified":"2026-04-07T23:44:01","modified_gmt":"2026-04-08T05:44:01","slug":"startech-com-mu3mmsra-cable-de-audio-de-91cm-delgado-audio-estereo-mini-jack-de-3-5mm-en-angulo-derecho-macho-a-macho-mod","status":"publish","type":"product","link":"https:\/\/compuviper.mx\/tienda\/producto\/startech-com-mu3mmsra-cable-de-audio-de-91cm-delgado-audio-estereo-mini-jack-de-3-5mm-en-angulo-derecho-macho-a-macho-mod\/","title":{"rendered":"Startech.com Mu3mmsra Cable De Audio De 91cm Delgado &#8211; Audio Estereo Mini Jack De 3.5mm En Angulo Derecho Macho A Macho &#8211;  Mod."},"content":{"rendered":"<table class=\"descripcion\">\n<tr>\n<td>Longitud del cable: 914.4 mm<\/td>\n<\/tr>\n<tr>\n<td>Conector b: 1 enchufe mini-jack de 3,5mm (3 posiciones)<\/td>\n<\/tr>\n<tr>\n<td>Revestimiento del conector: oro<\/td>\n<\/tr>\n<tr>\n<td>Color: negro<\/td>\n<\/tr>\n<tr>\n<td>Cantidad de conductores: 2<\/td>\n<\/tr>\n<tr>\n<td>Conector a: 1 enchufe mini-jack de 3,5mm (3 posiciones)<\/td>\n<\/tr>\n<tr>\n<td>Peso del producto: 16.000 g<\/td>\n<\/tr>\n<tr>\n<td>Longitud del producto: 914.400 mm<\/td>\n<\/tr>\n<tr>\n<td>Cable od: 2.5 mm<\/td>\n<\/tr>\n<tr>\n<td>Cable tipo jacket: pvc &#8211; polyvinyl chloride<\/td>\n<\/tr>\n<tr>\n<td>Estilo de conector: recto con orientacion hacia la derecha<\/td>\n<\/tr>\n<tr>\n<td>Altura del producto: 6.800 mm<\/td>\n<\/tr>\n<tr>\n<td>Calibre del conductor: 30 awg<\/td>\n<\/tr>\n<tr>\n<td>Ancho del producto: 7.600 mm<\/td>\n<\/tr>\n<\/table>\n","protected":false},"excerpt":{"rendered":"<p>El cable de audio estereo (91 cm), modelo mu3mmsra, incluye un conector de audio estereo en angulo derecho, asi como un conector de 3.5 mm (recto) con moldeado de conector delgado, solucion perfecta para dispositivos de audio portatiles (ipod\u00ae, iphone\u00ae,ipad\u00ae y reproductores mp3), incluso si el dispositivo esta dentro de su funda. Este cable de audio estereo con conectores de 3.5 mm recto a 3.5 mm en angulo derecho facilita el acceso en espacios complicados, ya que permite la conexion donde un conector de audio estereo normal no llega. Disenado y fabricado para su maxima durabilidad .<\/p>\n","protected":false},"featured_media":214011,"comment_status":"open","ping_status":"open","template":"","meta":[],"product_cat":[1551,1549],"product_tag":[1590],"acf":[],"yoast_head":"<!-- This site is optimized with the Yoast SEO plugin v21.7 - https:\/\/yoast.com\/wordpress\/plugins\/seo\/ -->\n<title>[ Startech.com ] &#129351; Mu3mmsra Cable De Audio De 91cm Delgado - Audio Estereo Mini Jack De 3.5mm En Angulo Derecho Macho A Macho - Mod.<\/title>\n<meta name=\"description\" content=\"Compra Mu3mmsra Cable De Audio De 91cm Delgado - Audio Estereo Mini Jack De 3.5mm En Angulo Derecho Macho A Macho - Mod. + Env\u00edo a domicilio + Pago seguro + Garant\u00eda\" \/>\n<meta name=\"robots\" content=\"index, follow, max-snippet:-1, max-image-preview:large, max-video-preview:-1\" \/>\n<link rel=\"canonical\" href=\"https:\/\/compuviper.mx\/tienda\/producto\/startech-com-mu3mmsra-cable-de-audio-de-91cm-delgado-audio-estereo-mini-jack-de-3-5mm-en-angulo-derecho-macho-a-macho-mod\/\" \/>\n<meta property=\"og:locale\" content=\"es_MX\" \/>\n<meta property=\"og:type\" content=\"article\" \/>\n<meta property=\"og:title\" content=\"[ Startech.com ] &#129351; Mu3mmsra Cable De Audio De 91cm Delgado - Audio Estereo Mini Jack De 3.5mm En Angulo Derecho Macho A Macho - Mod.\" \/>\n<meta property=\"og:description\" content=\"Compra Mu3mmsra Cable De Audio De 91cm Delgado - Audio Estereo Mini Jack De 3.5mm En Angulo Derecho Macho A Macho - Mod. + Env\u00edo a domicilio + Pago seguro + Garant\u00eda\" \/>\n<meta property=\"og:url\" content=\"https:\/\/compuviper.mx\/tienda\/producto\/startech-com-mu3mmsra-cable-de-audio-de-91cm-delgado-audio-estereo-mini-jack-de-3-5mm-en-angulo-derecho-macho-a-macho-mod\/\" \/>\n<meta property=\"og:site_name\" content=\"Compuviper\" \/>\n<meta property=\"article:publisher\" content=\"https:\/\/www.facebook.com\/compuviper\" \/>\n<meta property=\"og:image\" content=\"https:\/\/compuviper.mx\/tienda\/wp-content\/uploads\/2023\/12\/Cable-de-audio-de-91cm-delgado-audio-estereo-mini-jack-de-3.5mm-en-angulo-derecho-macho-a-macho-startech.com-mod.-mu3mmsra.jpg\" \/>\n\t<meta property=\"og:image:width\" content=\"200\" \/>\n\t<meta property=\"og:image:height\" content=\"200\" \/>\n\t<meta property=\"og:image:type\" content=\"image\/jpeg\" \/>\n<meta name=\"twitter:card\" content=\"summary_large_image\" \/>\n<meta name=\"twitter:label1\" content=\"Precio\" \/>\n\t<meta name=\"twitter:data1\" content=\"&#36;96 con IVA\" \/>\n\t<meta name=\"twitter:label2\" content=\"Availability\" \/>\n\t<meta name=\"twitter:data2\" content=\"Out of stock\" \/>\n<script type=\"application\/ld+json\" class=\"yoast-schema-graph\">{\"@context\":\"https:\/\/schema.org\",\"@graph\":[{\"@type\":\"WebPage\",\"@id\":\"https:\/\/compuviper.mx\/tienda\/producto\/startech-com-mu3mmsra-cable-de-audio-de-91cm-delgado-audio-estereo-mini-jack-de-3-5mm-en-angulo-derecho-macho-a-macho-mod\/\",\"url\":\"https:\/\/compuviper.mx\/tienda\/producto\/startech-com-mu3mmsra-cable-de-audio-de-91cm-delgado-audio-estereo-mini-jack-de-3-5mm-en-angulo-derecho-macho-a-macho-mod\/\",\"name\":\"[ Startech.com ] &#129351; Mu3mmsra Cable De Audio De 91cm Delgado - Audio Estereo Mini Jack De 3.5mm En Angulo Derecho Macho A Macho - Mod.\",\"isPartOf\":{\"@id\":\"https:\/\/compuviper.mx\/tienda\/#website\"},\"datePublished\":\"2026-04-08T05:44:01+00:00\",\"dateModified\":\"2026-04-08T05:44:01+00:00\",\"description\":\"Compra Mu3mmsra Cable De Audio De 91cm Delgado - Audio Estereo Mini Jack De 3.5mm En Angulo Derecho Macho A Macho - Mod. + Env\u00edo a domicilio + Pago seguro + Garant\u00eda\",\"breadcrumb\":{\"@id\":\"https:\/\/compuviper.mx\/tienda\/producto\/startech-com-mu3mmsra-cable-de-audio-de-91cm-delgado-audio-estereo-mini-jack-de-3-5mm-en-angulo-derecho-macho-a-macho-mod\/#breadcrumb\"},\"inLanguage\":\"es-MX\",\"potentialAction\":[{\"@type\":\"ReadAction\",\"target\":[\"https:\/\/compuviper.mx\/tienda\/producto\/startech-com-mu3mmsra-cable-de-audio-de-91cm-delgado-audio-estereo-mini-jack-de-3-5mm-en-angulo-derecho-macho-a-macho-mod\/\"]}]},{\"@type\":\"BreadcrumbList\",\"@id\":\"https:\/\/compuviper.mx\/tienda\/producto\/startech-com-mu3mmsra-cable-de-audio-de-91cm-delgado-audio-estereo-mini-jack-de-3-5mm-en-angulo-derecho-macho-a-macho-mod\/#breadcrumb\",\"itemListElement\":[{\"@type\":\"ListItem\",\"position\":1,\"name\":\"Inicio\",\"item\":\"https:\/\/compuviper.mx\/tienda\/\"},{\"@type\":\"ListItem\",\"position\":2,\"name\":\"Productos\",\"item\":\"https:\/\/compuviper.mx\/tienda\/productos\/\"},{\"@type\":\"ListItem\",\"position\":3,\"name\":\"Cables\",\"item\":\"https:\/\/compuviper.mx\/tienda\/categoria-producto\/cables\/\"},{\"@type\":\"ListItem\",\"position\":4,\"name\":\"Cable De Audio\",\"item\":\"https:\/\/compuviper.mx\/tienda\/categoria-producto\/cables\/cable-de-audio\/\"},{\"@type\":\"ListItem\",\"position\":5,\"name\":\"Startech.com Mu3mmsra Cable De Audio De 91cm Delgado &#8211; Audio Estereo Mini Jack De 3.5mm En Angulo Derecho Macho A Macho &#8211; Mod.\"}]},{\"@type\":\"WebSite\",\"@id\":\"https:\/\/compuviper.mx\/tienda\/#website\",\"url\":\"https:\/\/compuviper.mx\/tienda\/\",\"name\":\"Compuviper\",\"description\":\"Proveedor de Computadoras, Laptops, Servidores, Monitores, Puntos de Venta, Teclados,   Impresoras, T\u00f3ner, C\u00e1maras de Seguridad y m\u00e1s en tu tienda en l\u00ednea\",\"publisher\":{\"@id\":\"https:\/\/compuviper.mx\/tienda\/#organization\"},\"potentialAction\":[{\"@type\":\"SearchAction\",\"target\":{\"@type\":\"EntryPoint\",\"urlTemplate\":\"https:\/\/compuviper.mx\/tienda\/?s={search_term_string}\"},\"query-input\":\"required name=search_term_string\"}],\"inLanguage\":\"es-MX\"},{\"@type\":\"Organization\",\"@id\":\"https:\/\/compuviper.mx\/tienda\/#organization\",\"name\":\"Compuviper\",\"url\":\"https:\/\/compuviper.mx\/tienda\/\",\"logo\":{\"@type\":\"ImageObject\",\"inLanguage\":\"es-MX\",\"@id\":\"https:\/\/compuviper.mx\/tienda\/#\/schema\/logo\/image\/\",\"url\":\"https:\/\/compuviper.mx\/tienda\/wp-content\/uploads\/2021\/08\/Logo-Compuviper-10.png\",\"contentUrl\":\"https:\/\/compuviper.mx\/tienda\/wp-content\/uploads\/2021\/08\/Logo-Compuviper-10.png\",\"width\":1000,\"height\":500,\"caption\":\"Compuviper\"},\"image\":{\"@id\":\"https:\/\/compuviper.mx\/tienda\/#\/schema\/logo\/image\/\"},\"sameAs\":[\"https:\/\/www.facebook.com\/compuviper\",\"https:\/\/www.youtube.com\/channel\/UCf73dERp9Y3cfOq7q8BhLjA?view_as=subscriber\"]}]}<\/script>\n<meta property=\"product:brand\" content=\"STARTECH.COM\" \/>\n<meta property=\"product:price:amount\" content=\"96\" \/>\n<meta property=\"product:price:currency\" content=\"MXN\" \/>\n<meta property=\"og:availability\" content=\"out of stock\" \/>\n<meta property=\"product:availability\" content=\"out of stock\" \/>\n<meta property=\"product:retailer_item_id\" content=\"MU3MMSRA\" \/>\n<meta property=\"product:condition\" content=\"new\" \/>\n<!-- \/ Yoast SEO plugin. -->","yoast_head_json":{"title":"[ Startech.com ] &#129351; Mu3mmsra Cable De Audio De 91cm Delgado - Audio Estereo Mini Jack De 3.5mm En Angulo Derecho Macho A Macho - Mod.","description":"Compra Mu3mmsra Cable De Audio De 91cm Delgado - Audio Estereo Mini Jack De 3.5mm En Angulo Derecho Macho A Macho - Mod. + Env\u00edo a domicilio + Pago seguro + Garant\u00eda","robots":{"index":"index","follow":"follow","max-snippet":"max-snippet:-1","max-image-preview":"max-image-preview:large","max-video-preview":"max-video-preview:-1"},"canonical":"https:\/\/compuviper.mx\/tienda\/producto\/startech-com-mu3mmsra-cable-de-audio-de-91cm-delgado-audio-estereo-mini-jack-de-3-5mm-en-angulo-derecho-macho-a-macho-mod\/","og_locale":"es_MX","og_type":"article","og_title":"[ Startech.com ] &#129351; Mu3mmsra Cable De Audio De 91cm Delgado - Audio Estereo Mini Jack De 3.5mm En Angulo Derecho Macho A Macho - Mod.","og_description":"Compra Mu3mmsra Cable De Audio De 91cm Delgado - Audio Estereo Mini Jack De 3.5mm En Angulo Derecho Macho A Macho - Mod. + Env\u00edo a domicilio + Pago seguro + Garant\u00eda","og_url":"https:\/\/compuviper.mx\/tienda\/producto\/startech-com-mu3mmsra-cable-de-audio-de-91cm-delgado-audio-estereo-mini-jack-de-3-5mm-en-angulo-derecho-macho-a-macho-mod\/","og_site_name":"Compuviper","article_publisher":"https:\/\/www.facebook.com\/compuviper","og_image":[{"width":200,"height":200,"url":"https:\/\/compuviper.mx\/tienda\/wp-content\/uploads\/2023\/12\/Cable-de-audio-de-91cm-delgado-audio-estereo-mini-jack-de-3.5mm-en-angulo-derecho-macho-a-macho-startech.com-mod.-mu3mmsra.jpg","type":"image\/jpeg"}],"twitter_card":"summary_large_image","twitter_misc":{"Precio":"&#36;96 con IVA","Availability":"Out of stock"},"schema":{"@context":"https:\/\/schema.org","@graph":[{"@type":"WebPage","@id":"https:\/\/compuviper.mx\/tienda\/producto\/startech-com-mu3mmsra-cable-de-audio-de-91cm-delgado-audio-estereo-mini-jack-de-3-5mm-en-angulo-derecho-macho-a-macho-mod\/","url":"https:\/\/compuviper.mx\/tienda\/producto\/startech-com-mu3mmsra-cable-de-audio-de-91cm-delgado-audio-estereo-mini-jack-de-3-5mm-en-angulo-derecho-macho-a-macho-mod\/","name":"[ Startech.com ] &#129351; Mu3mmsra Cable De Audio De 91cm Delgado - Audio Estereo Mini Jack De 3.5mm En Angulo Derecho Macho A Macho - Mod.","isPartOf":{"@id":"https:\/\/compuviper.mx\/tienda\/#website"},"datePublished":"2026-04-08T05:44:01+00:00","dateModified":"2026-04-08T05:44:01+00:00","description":"Compra Mu3mmsra Cable De Audio De 91cm Delgado - Audio Estereo Mini Jack De 3.5mm En Angulo Derecho Macho A Macho - Mod. + Env\u00edo a domicilio + Pago seguro + Garant\u00eda","breadcrumb":{"@id":"https:\/\/compuviper.mx\/tienda\/producto\/startech-com-mu3mmsra-cable-de-audio-de-91cm-delgado-audio-estereo-mini-jack-de-3-5mm-en-angulo-derecho-macho-a-macho-mod\/#breadcrumb"},"inLanguage":"es-MX","potentialAction":[{"@type":"ReadAction","target":["https:\/\/compuviper.mx\/tienda\/producto\/startech-com-mu3mmsra-cable-de-audio-de-91cm-delgado-audio-estereo-mini-jack-de-3-5mm-en-angulo-derecho-macho-a-macho-mod\/"]}]},{"@type":"BreadcrumbList","@id":"https:\/\/compuviper.mx\/tienda\/producto\/startech-com-mu3mmsra-cable-de-audio-de-91cm-delgado-audio-estereo-mini-jack-de-3-5mm-en-angulo-derecho-macho-a-macho-mod\/#breadcrumb","itemListElement":[{"@type":"ListItem","position":1,"name":"Inicio","item":"https:\/\/compuviper.mx\/tienda\/"},{"@type":"ListItem","position":2,"name":"Productos","item":"https:\/\/compuviper.mx\/tienda\/productos\/"},{"@type":"ListItem","position":3,"name":"Cables","item":"https:\/\/compuviper.mx\/tienda\/categoria-producto\/cables\/"},{"@type":"ListItem","position":4,"name":"Cable De Audio","item":"https:\/\/compuviper.mx\/tienda\/categoria-producto\/cables\/cable-de-audio\/"},{"@type":"ListItem","position":5,"name":"Startech.com Mu3mmsra Cable De Audio De 91cm Delgado &#8211; Audio Estereo Mini Jack De 3.5mm En Angulo Derecho Macho A Macho &#8211; Mod."}]},{"@type":"WebSite","@id":"https:\/\/compuviper.mx\/tienda\/#website","url":"https:\/\/compuviper.mx\/tienda\/","name":"Compuviper","description":"Proveedor de Computadoras, Laptops, Servidores, Monitores, Puntos de Venta, Teclados,   Impresoras, T\u00f3ner, C\u00e1maras de Seguridad y m\u00e1s en tu tienda en l\u00ednea","publisher":{"@id":"https:\/\/compuviper.mx\/tienda\/#organization"},"potentialAction":[{"@type":"SearchAction","target":{"@type":"EntryPoint","urlTemplate":"https:\/\/compuviper.mx\/tienda\/?s={search_term_string}"},"query-input":"required name=search_term_string"}],"inLanguage":"es-MX"},{"@type":"Organization","@id":"https:\/\/compuviper.mx\/tienda\/#organization","name":"Compuviper","url":"https:\/\/compuviper.mx\/tienda\/","logo":{"@type":"ImageObject","inLanguage":"es-MX","@id":"https:\/\/compuviper.mx\/tienda\/#\/schema\/logo\/image\/","url":"https:\/\/compuviper.mx\/tienda\/wp-content\/uploads\/2021\/08\/Logo-Compuviper-10.png","contentUrl":"https:\/\/compuviper.mx\/tienda\/wp-content\/uploads\/2021\/08\/Logo-Compuviper-10.png","width":1000,"height":500,"caption":"Compuviper"},"image":{"@id":"https:\/\/compuviper.mx\/tienda\/#\/schema\/logo\/image\/"},"sameAs":["https:\/\/www.facebook.com\/compuviper","https:\/\/www.youtube.com\/channel\/UCf73dERp9Y3cfOq7q8BhLjA?view_as=subscriber"]}]},"product_brand":"STARTECH.COM","product_price_amount":"96","product_price_currency":"MXN","og_availability":"out of stock","product_availability":"out of stock","product_retailer_item_id":"MU3MMSRA","product_condition":"new"},"_links":{"self":[{"href":"https:\/\/compuviper.mx\/tienda\/wp-json\/wp\/v2\/product\/214010"}],"collection":[{"href":"https:\/\/compuviper.mx\/tienda\/wp-json\/wp\/v2\/product"}],"about":[{"href":"https:\/\/compuviper.mx\/tienda\/wp-json\/wp\/v2\/types\/product"}],"replies":[{"embeddable":true,"href":"https:\/\/compuviper.mx\/tienda\/wp-json\/wp\/v2\/comments?post=214010"}],"wp:featuredmedia":[{"embeddable":true,"href":"https:\/\/compuviper.mx\/tienda\/wp-json\/wp\/v2\/media\/214011"}],"wp:attachment":[{"href":"https:\/\/compuviper.mx\/tienda\/wp-json\/wp\/v2\/media?parent=214010"}],"wp:term":[{"taxonomy":"product_cat","embeddable":true,"href":"https:\/\/compuviper.mx\/tienda\/wp-json\/wp\/v2\/product_cat?post=214010"},{"taxonomy":"product_tag","embeddable":true,"href":"https:\/\/compuviper.mx\/tienda\/wp-json\/wp\/v2\/product_tag?post=214010"}],"curies":[{"name":"wp","href":"https:\/\/api.w.org\/{rel}","templated":true}]}}