{"id":214004,"date":"2026-04-15T23:43:09","date_gmt":"2026-04-16T05:43:09","guid":{"rendered":"https:\/\/compuviper.mx\/tienda\/producto\/startech-com-n6lpatch2mgr-cable-ethernet-cat-6-de-2-metros-lszh-cable-de-red-patch-cat6-utp-rj45-poe-de-100w-10-gbe-sin-enganches-gris-etl-mod\/"},"modified":"2026-04-15T23:43:09","modified_gmt":"2026-04-16T05:43:09","slug":"startech-com-n6lpatch2mgr-cable-ethernet-cat-6-de-2-metros-lszh-cable-de-red-patch-cat6-utp-rj45-poe-de-100w-10-gbe-sin-enganches-gris-etl-mod","status":"publish","type":"product","link":"https:\/\/compuviper.mx\/tienda\/producto\/startech-com-n6lpatch2mgr-cable-ethernet-cat-6-de-2-metros-lszh-cable-de-red-patch-cat6-utp-rj45-poe-de-100w-10-gbe-sin-enganches-gris-etl-mod\/","title":{"rendered":"Startech.com N6lpatch2mgr Cable Ethernet Cat 6 De 2 Metros &#8211; Lszh &#8211; Cable De Red Patch Cat6 Utp Rj45 Poe De 100w 10 Gbe Sin Enganches Gris, Etl &#8211;  Mod."},"content":{"rendered":"<table class=\"descripcion\">\n<tr>\n<td>Cantidad de conductores: 4 pair u\/utp<\/td>\n<\/tr>\n<tr>\n<td>Cable od: 6 mm<\/td>\n<\/tr>\n<tr>\n<td>Calibre del conductor: 24 awg<\/td>\n<\/tr>\n<tr>\n<td>Conector b: 1 rj-45<\/td>\n<\/tr>\n<tr>\n<td>Tipo de cable: libre de enganches<\/td>\n<\/tr>\n<tr>\n<td>Conector a: 1 rj-45<\/td>\n<\/tr>\n<tr>\n<td>Clasificacion de cables: cat6 &#8211; 650 mhz<\/td>\n<\/tr>\n<tr>\n<td>Estandar de cableado: tia\/eia-568-b.1-2001 t568b<\/td>\n<\/tr>\n<tr>\n<td>Cable tipo jacket: low smoke zero halogen<\/td>\n<\/tr>\n<tr>\n<td>Longitud del cable: 2000 mm<\/td>\n<\/tr>\n<tr>\n<td>Ancho del producto: 11.600 mm<\/td>\n<\/tr>\n<tr>\n<td>Color: gris<\/td>\n<\/tr>\n<tr>\n<td>Longitud maxima del cable: 2000 mm<\/td>\n<\/tr>\n<tr>\n<td>Longitud del producto: 2000.000 mm<\/td>\n<\/tr>\n<tr>\n<td>Altura del producto: 7.800 mm<\/td>\n<\/tr>\n<tr>\n<td>Peso del producto: 82.000 g<\/td>\n<\/tr>\n<\/table>\n","protected":false},"excerpt":{"rendered":"<p>La ventaja de startech.Com los productos de startech.Com estan dise\u00f1ados para ajustarse a las normas tecnicas de los profesionistas de it. La calidad, compatibilidad y confiabilidad de los productos se garantiza mediante certificaciones de marcas lideres en tecnologia, asi como con las pruebas en laboratorios tanto propios, como de otros fabricantes.  La linea de cables cat6 de startech.Com utiliza 100% cobre y conectores chapados en oro. Todos nuestros cables de categoria 6 y los productos para estos se someten a rigurosas pruebas y tests de electricidad, incluido el del ciclo repetitivo de dobleces. Cada cable se somete a pruebas de forma individual (prueba fluke\u00ae para cable de red), a fin de medir los peores casos con valores next y rl. Mas alla de nuestras propias pruebas, trabajamos con laboratorios externos lideres en pruebas, como etl, a fin de obtener las certificaciones de rendimiento y seguridad.<\/p>\n","protected":false},"featured_media":214005,"comment_status":"open","ping_status":"open","template":"","meta":[],"product_cat":[1602,1549],"product_tag":[1590],"acf":[],"yoast_head":"<!-- This site is optimized with the Yoast SEO plugin v21.7 - https:\/\/yoast.com\/wordpress\/plugins\/seo\/ -->\n<title>[ Startech.com ] &#129351; N6lpatch2mgr Cable Ethernet Cat 6 De 2 Metros - Lszh - Cable De Red Patch Cat6 Utp Rj45 Poe De 100w 10 Gbe Sin Enganches Gris, Etl - Mod.<\/title>\n<meta name=\"description\" content=\"Compra N6lpatch2mgr Cable Ethernet Cat 6 De 2 Metros - Lszh - Cable De Red Patch Cat6 Utp Rj45 Poe De 100w 10 Gbe Sin Enganches Gris, Etl - Mod. + Env\u00edo a domicilio + Pago seguro + Garant\u00eda\" \/>\n<meta name=\"robots\" content=\"index, follow, max-snippet:-1, max-image-preview:large, max-video-preview:-1\" \/>\n<link rel=\"canonical\" href=\"https:\/\/compuviper.mx\/tienda\/producto\/startech-com-n6lpatch2mgr-cable-ethernet-cat-6-de-2-metros-lszh-cable-de-red-patch-cat6-utp-rj45-poe-de-100w-10-gbe-sin-enganches-gris-etl-mod\/\" \/>\n<meta property=\"og:locale\" content=\"es_MX\" \/>\n<meta property=\"og:type\" content=\"article\" \/>\n<meta property=\"og:title\" content=\"[ Startech.com ] &#129351; N6lpatch2mgr Cable Ethernet Cat 6 De 2 Metros - Lszh - Cable De Red Patch Cat6 Utp Rj45 Poe De 100w 10 Gbe Sin Enganches Gris, Etl - Mod.\" \/>\n<meta property=\"og:description\" content=\"Compra N6lpatch2mgr Cable Ethernet Cat 6 De 2 Metros - Lszh - Cable De Red Patch Cat6 Utp Rj45 Poe De 100w 10 Gbe Sin Enganches Gris, Etl - Mod. + Env\u00edo a domicilio + Pago seguro + Garant\u00eda\" \/>\n<meta property=\"og:url\" content=\"https:\/\/compuviper.mx\/tienda\/producto\/startech-com-n6lpatch2mgr-cable-ethernet-cat-6-de-2-metros-lszh-cable-de-red-patch-cat6-utp-rj45-poe-de-100w-10-gbe-sin-enganches-gris-etl-mod\/\" \/>\n<meta property=\"og:site_name\" content=\"Compuviper\" \/>\n<meta property=\"article:publisher\" content=\"https:\/\/www.facebook.com\/compuviper\" \/>\n<meta property=\"og:image\" content=\"https:\/\/compuviper.mx\/tienda\/wp-content\/uploads\/2023\/12\/Cable-ethernet-cat-6-de-2-metros-lszh-cable-de-red-patch-cat6-utp-rj45-poe-de-100w-10-gbe-sin-enganches-gris-etl-startech.com-mod.-n6lpatch2mgr.jpg\" \/>\n\t<meta property=\"og:image:width\" content=\"200\" \/>\n\t<meta property=\"og:image:height\" content=\"200\" \/>\n\t<meta property=\"og:image:type\" content=\"image\/jpeg\" \/>\n<meta name=\"twitter:card\" content=\"summary_large_image\" \/>\n<meta name=\"twitter:label1\" content=\"Precio\" \/>\n\t<meta name=\"twitter:data1\" content=\"&#36;114 con IVA\" \/>\n\t<meta name=\"twitter:label2\" content=\"Availability\" \/>\n\t<meta name=\"twitter:data2\" content=\"In stock\" \/>\n<script type=\"application\/ld+json\" class=\"yoast-schema-graph\">{\"@context\":\"https:\/\/schema.org\",\"@graph\":[{\"@type\":\"WebPage\",\"@id\":\"https:\/\/compuviper.mx\/tienda\/producto\/startech-com-n6lpatch2mgr-cable-ethernet-cat-6-de-2-metros-lszh-cable-de-red-patch-cat6-utp-rj45-poe-de-100w-10-gbe-sin-enganches-gris-etl-mod\/\",\"url\":\"https:\/\/compuviper.mx\/tienda\/producto\/startech-com-n6lpatch2mgr-cable-ethernet-cat-6-de-2-metros-lszh-cable-de-red-patch-cat6-utp-rj45-poe-de-100w-10-gbe-sin-enganches-gris-etl-mod\/\",\"name\":\"[ Startech.com ] &#129351; N6lpatch2mgr Cable Ethernet Cat 6 De 2 Metros - Lszh - Cable De Red Patch Cat6 Utp Rj45 Poe De 100w 10 Gbe Sin Enganches Gris, Etl - Mod.\",\"isPartOf\":{\"@id\":\"https:\/\/compuviper.mx\/tienda\/#website\"},\"datePublished\":\"2026-04-16T05:43:09+00:00\",\"dateModified\":\"2026-04-16T05:43:09+00:00\",\"description\":\"Compra N6lpatch2mgr Cable Ethernet Cat 6 De 2 Metros - Lszh - Cable De Red Patch Cat6 Utp Rj45 Poe De 100w 10 Gbe Sin Enganches Gris, Etl - Mod. + Env\u00edo a domicilio + Pago seguro + Garant\u00eda\",\"breadcrumb\":{\"@id\":\"https:\/\/compuviper.mx\/tienda\/producto\/startech-com-n6lpatch2mgr-cable-ethernet-cat-6-de-2-metros-lszh-cable-de-red-patch-cat6-utp-rj45-poe-de-100w-10-gbe-sin-enganches-gris-etl-mod\/#breadcrumb\"},\"inLanguage\":\"es-MX\",\"potentialAction\":[{\"@type\":\"ReadAction\",\"target\":[\"https:\/\/compuviper.mx\/tienda\/producto\/startech-com-n6lpatch2mgr-cable-ethernet-cat-6-de-2-metros-lszh-cable-de-red-patch-cat6-utp-rj45-poe-de-100w-10-gbe-sin-enganches-gris-etl-mod\/\"]}]},{\"@type\":\"BreadcrumbList\",\"@id\":\"https:\/\/compuviper.mx\/tienda\/producto\/startech-com-n6lpatch2mgr-cable-ethernet-cat-6-de-2-metros-lszh-cable-de-red-patch-cat6-utp-rj45-poe-de-100w-10-gbe-sin-enganches-gris-etl-mod\/#breadcrumb\",\"itemListElement\":[{\"@type\":\"ListItem\",\"position\":1,\"name\":\"Inicio\",\"item\":\"https:\/\/compuviper.mx\/tienda\/\"},{\"@type\":\"ListItem\",\"position\":2,\"name\":\"Productos\",\"item\":\"https:\/\/compuviper.mx\/tienda\/productos\/\"},{\"@type\":\"ListItem\",\"position\":3,\"name\":\"Cables\",\"item\":\"https:\/\/compuviper.mx\/tienda\/categoria-producto\/cables\/\"},{\"@type\":\"ListItem\",\"position\":4,\"name\":\"Cable De Red\",\"item\":\"https:\/\/compuviper.mx\/tienda\/categoria-producto\/cables\/cable-de-red\/\"},{\"@type\":\"ListItem\",\"position\":5,\"name\":\"Startech.com N6lpatch2mgr Cable Ethernet Cat 6 De 2 Metros &#8211; Lszh &#8211; Cable De Red Patch Cat6 Utp Rj45 Poe De 100w 10 Gbe Sin Enganches Gris, Etl &#8211; Mod.\"}]},{\"@type\":\"WebSite\",\"@id\":\"https:\/\/compuviper.mx\/tienda\/#website\",\"url\":\"https:\/\/compuviper.mx\/tienda\/\",\"name\":\"Compuviper\",\"description\":\"Proveedor de Computadoras, Laptops, Servidores, Monitores, Puntos de Venta, Teclados,   Impresoras, T\u00f3ner, C\u00e1maras de Seguridad y m\u00e1s en tu tienda en l\u00ednea\",\"publisher\":{\"@id\":\"https:\/\/compuviper.mx\/tienda\/#organization\"},\"potentialAction\":[{\"@type\":\"SearchAction\",\"target\":{\"@type\":\"EntryPoint\",\"urlTemplate\":\"https:\/\/compuviper.mx\/tienda\/?s={search_term_string}\"},\"query-input\":\"required name=search_term_string\"}],\"inLanguage\":\"es-MX\"},{\"@type\":\"Organization\",\"@id\":\"https:\/\/compuviper.mx\/tienda\/#organization\",\"name\":\"Compuviper\",\"url\":\"https:\/\/compuviper.mx\/tienda\/\",\"logo\":{\"@type\":\"ImageObject\",\"inLanguage\":\"es-MX\",\"@id\":\"https:\/\/compuviper.mx\/tienda\/#\/schema\/logo\/image\/\",\"url\":\"https:\/\/compuviper.mx\/tienda\/wp-content\/uploads\/2021\/08\/Logo-Compuviper-10.png\",\"contentUrl\":\"https:\/\/compuviper.mx\/tienda\/wp-content\/uploads\/2021\/08\/Logo-Compuviper-10.png\",\"width\":1000,\"height\":500,\"caption\":\"Compuviper\"},\"image\":{\"@id\":\"https:\/\/compuviper.mx\/tienda\/#\/schema\/logo\/image\/\"},\"sameAs\":[\"https:\/\/www.facebook.com\/compuviper\",\"https:\/\/www.youtube.com\/channel\/UCf73dERp9Y3cfOq7q8BhLjA?view_as=subscriber\"]}]}<\/script>\n<meta property=\"product:brand\" content=\"STARTECH.COM\" \/>\n<meta property=\"product:price:amount\" content=\"114\" \/>\n<meta property=\"product:price:currency\" content=\"MXN\" \/>\n<meta property=\"og:availability\" content=\"instock\" \/>\n<meta property=\"product:availability\" content=\"instock\" \/>\n<meta property=\"product:retailer_item_id\" content=\"N6LPATCH2MGR\" \/>\n<meta property=\"product:condition\" content=\"new\" \/>\n<!-- \/ Yoast SEO plugin. -->","yoast_head_json":{"title":"[ Startech.com ] &#129351; N6lpatch2mgr Cable Ethernet Cat 6 De 2 Metros - Lszh - Cable De Red Patch Cat6 Utp Rj45 Poe De 100w 10 Gbe Sin Enganches Gris, Etl - Mod.","description":"Compra N6lpatch2mgr Cable Ethernet Cat 6 De 2 Metros - Lszh - Cable De Red Patch Cat6 Utp Rj45 Poe De 100w 10 Gbe Sin Enganches Gris, Etl - Mod. + Env\u00edo a domicilio + Pago seguro + Garant\u00eda","robots":{"index":"index","follow":"follow","max-snippet":"max-snippet:-1","max-image-preview":"max-image-preview:large","max-video-preview":"max-video-preview:-1"},"canonical":"https:\/\/compuviper.mx\/tienda\/producto\/startech-com-n6lpatch2mgr-cable-ethernet-cat-6-de-2-metros-lszh-cable-de-red-patch-cat6-utp-rj45-poe-de-100w-10-gbe-sin-enganches-gris-etl-mod\/","og_locale":"es_MX","og_type":"article","og_title":"[ Startech.com ] &#129351; N6lpatch2mgr Cable Ethernet Cat 6 De 2 Metros - Lszh - Cable De Red Patch Cat6 Utp Rj45 Poe De 100w 10 Gbe Sin Enganches Gris, Etl - Mod.","og_description":"Compra N6lpatch2mgr Cable Ethernet Cat 6 De 2 Metros - Lszh - Cable De Red Patch Cat6 Utp Rj45 Poe De 100w 10 Gbe Sin Enganches Gris, Etl - Mod. + Env\u00edo a domicilio + Pago seguro + Garant\u00eda","og_url":"https:\/\/compuviper.mx\/tienda\/producto\/startech-com-n6lpatch2mgr-cable-ethernet-cat-6-de-2-metros-lszh-cable-de-red-patch-cat6-utp-rj45-poe-de-100w-10-gbe-sin-enganches-gris-etl-mod\/","og_site_name":"Compuviper","article_publisher":"https:\/\/www.facebook.com\/compuviper","og_image":[{"width":200,"height":200,"url":"https:\/\/compuviper.mx\/tienda\/wp-content\/uploads\/2023\/12\/Cable-ethernet-cat-6-de-2-metros-lszh-cable-de-red-patch-cat6-utp-rj45-poe-de-100w-10-gbe-sin-enganches-gris-etl-startech.com-mod.-n6lpatch2mgr.jpg","type":"image\/jpeg"}],"twitter_card":"summary_large_image","twitter_misc":{"Precio":"&#36;114 con IVA","Availability":"In stock"},"schema":{"@context":"https:\/\/schema.org","@graph":[{"@type":"WebPage","@id":"https:\/\/compuviper.mx\/tienda\/producto\/startech-com-n6lpatch2mgr-cable-ethernet-cat-6-de-2-metros-lszh-cable-de-red-patch-cat6-utp-rj45-poe-de-100w-10-gbe-sin-enganches-gris-etl-mod\/","url":"https:\/\/compuviper.mx\/tienda\/producto\/startech-com-n6lpatch2mgr-cable-ethernet-cat-6-de-2-metros-lszh-cable-de-red-patch-cat6-utp-rj45-poe-de-100w-10-gbe-sin-enganches-gris-etl-mod\/","name":"[ Startech.com ] &#129351; N6lpatch2mgr Cable Ethernet Cat 6 De 2 Metros - Lszh - Cable De Red Patch Cat6 Utp Rj45 Poe De 100w 10 Gbe Sin Enganches Gris, Etl - Mod.","isPartOf":{"@id":"https:\/\/compuviper.mx\/tienda\/#website"},"datePublished":"2026-04-16T05:43:09+00:00","dateModified":"2026-04-16T05:43:09+00:00","description":"Compra N6lpatch2mgr Cable Ethernet Cat 6 De 2 Metros - Lszh - Cable De Red Patch Cat6 Utp Rj45 Poe De 100w 10 Gbe Sin Enganches Gris, Etl - Mod. + Env\u00edo a domicilio + Pago seguro + Garant\u00eda","breadcrumb":{"@id":"https:\/\/compuviper.mx\/tienda\/producto\/startech-com-n6lpatch2mgr-cable-ethernet-cat-6-de-2-metros-lszh-cable-de-red-patch-cat6-utp-rj45-poe-de-100w-10-gbe-sin-enganches-gris-etl-mod\/#breadcrumb"},"inLanguage":"es-MX","potentialAction":[{"@type":"ReadAction","target":["https:\/\/compuviper.mx\/tienda\/producto\/startech-com-n6lpatch2mgr-cable-ethernet-cat-6-de-2-metros-lszh-cable-de-red-patch-cat6-utp-rj45-poe-de-100w-10-gbe-sin-enganches-gris-etl-mod\/"]}]},{"@type":"BreadcrumbList","@id":"https:\/\/compuviper.mx\/tienda\/producto\/startech-com-n6lpatch2mgr-cable-ethernet-cat-6-de-2-metros-lszh-cable-de-red-patch-cat6-utp-rj45-poe-de-100w-10-gbe-sin-enganches-gris-etl-mod\/#breadcrumb","itemListElement":[{"@type":"ListItem","position":1,"name":"Inicio","item":"https:\/\/compuviper.mx\/tienda\/"},{"@type":"ListItem","position":2,"name":"Productos","item":"https:\/\/compuviper.mx\/tienda\/productos\/"},{"@type":"ListItem","position":3,"name":"Cables","item":"https:\/\/compuviper.mx\/tienda\/categoria-producto\/cables\/"},{"@type":"ListItem","position":4,"name":"Cable De Red","item":"https:\/\/compuviper.mx\/tienda\/categoria-producto\/cables\/cable-de-red\/"},{"@type":"ListItem","position":5,"name":"Startech.com N6lpatch2mgr Cable Ethernet Cat 6 De 2 Metros &#8211; Lszh &#8211; Cable De Red Patch Cat6 Utp Rj45 Poe De 100w 10 Gbe Sin Enganches Gris, Etl &#8211; Mod."}]},{"@type":"WebSite","@id":"https:\/\/compuviper.mx\/tienda\/#website","url":"https:\/\/compuviper.mx\/tienda\/","name":"Compuviper","description":"Proveedor de Computadoras, Laptops, Servidores, Monitores, Puntos de Venta, Teclados,   Impresoras, T\u00f3ner, C\u00e1maras de Seguridad y m\u00e1s en tu tienda en l\u00ednea","publisher":{"@id":"https:\/\/compuviper.mx\/tienda\/#organization"},"potentialAction":[{"@type":"SearchAction","target":{"@type":"EntryPoint","urlTemplate":"https:\/\/compuviper.mx\/tienda\/?s={search_term_string}"},"query-input":"required name=search_term_string"}],"inLanguage":"es-MX"},{"@type":"Organization","@id":"https:\/\/compuviper.mx\/tienda\/#organization","name":"Compuviper","url":"https:\/\/compuviper.mx\/tienda\/","logo":{"@type":"ImageObject","inLanguage":"es-MX","@id":"https:\/\/compuviper.mx\/tienda\/#\/schema\/logo\/image\/","url":"https:\/\/compuviper.mx\/tienda\/wp-content\/uploads\/2021\/08\/Logo-Compuviper-10.png","contentUrl":"https:\/\/compuviper.mx\/tienda\/wp-content\/uploads\/2021\/08\/Logo-Compuviper-10.png","width":1000,"height":500,"caption":"Compuviper"},"image":{"@id":"https:\/\/compuviper.mx\/tienda\/#\/schema\/logo\/image\/"},"sameAs":["https:\/\/www.facebook.com\/compuviper","https:\/\/www.youtube.com\/channel\/UCf73dERp9Y3cfOq7q8BhLjA?view_as=subscriber"]}]},"product_brand":"STARTECH.COM","product_price_amount":"114","product_price_currency":"MXN","og_availability":"instock","product_availability":"instock","product_retailer_item_id":"N6LPATCH2MGR","product_condition":"new"},"_links":{"self":[{"href":"https:\/\/compuviper.mx\/tienda\/wp-json\/wp\/v2\/product\/214004"}],"collection":[{"href":"https:\/\/compuviper.mx\/tienda\/wp-json\/wp\/v2\/product"}],"about":[{"href":"https:\/\/compuviper.mx\/tienda\/wp-json\/wp\/v2\/types\/product"}],"replies":[{"embeddable":true,"href":"https:\/\/compuviper.mx\/tienda\/wp-json\/wp\/v2\/comments?post=214004"}],"wp:featuredmedia":[{"embeddable":true,"href":"https:\/\/compuviper.mx\/tienda\/wp-json\/wp\/v2\/media\/214005"}],"wp:attachment":[{"href":"https:\/\/compuviper.mx\/tienda\/wp-json\/wp\/v2\/media?parent=214004"}],"wp:term":[{"taxonomy":"product_cat","embeddable":true,"href":"https:\/\/compuviper.mx\/tienda\/wp-json\/wp\/v2\/product_cat?post=214004"},{"taxonomy":"product_tag","embeddable":true,"href":"https:\/\/compuviper.mx\/tienda\/wp-json\/wp\/v2\/product_tag?post=214004"}],"curies":[{"name":"wp","href":"https:\/\/api.w.org\/{rel}","templated":true}]}}