{"id":214002,"date":"2026-04-15T23:43:09","date_gmt":"2026-04-16T05:43:09","guid":{"rendered":"https:\/\/compuviper.mx\/tienda\/producto\/startech-com-pac101r1-cable-de-alimentacin-de-0-3m-extension-de-alimentacion-acodado-en-angulo-recto-nema-5-15p-a-nema-5-15r-13a-125v-16awg-ul-mod\/"},"modified":"2026-04-15T23:43:09","modified_gmt":"2026-04-16T05:43:09","slug":"startech-com-pac101r1-cable-de-alimentacin-de-0-3m-extension-de-alimentacion-acodado-en-angulo-recto-nema-5-15p-a-nema-5-15r-13a-125v-16awg-ul-mod","status":"publish","type":"product","link":"https:\/\/compuviper.mx\/tienda\/producto\/startech-com-pac101r1-cable-de-alimentacin-de-0-3m-extension-de-alimentacion-acodado-en-angulo-recto-nema-5-15p-a-nema-5-15r-13a-125v-16awg-ul-mod\/","title":{"rendered":"Startech.com Pac101r1 Cable De Alimentacin De 0.3m &#8211; Extension De Alimentacion, Acodado En Angulo Recto Nema 5-15p A Nema 5-15r, 13a 125v, 16awg, Ul &#8211;  Mod."},"content":{"rendered":"<table class=\"descripcion\">\n<tr>\n<td>Conector b: 1 alimentacion nema 5-15 (norteamerica)<\/td>\n<\/tr>\n<tr>\n<td>Ancho del producto: 12.000 mm<\/td>\n<\/tr>\n<tr>\n<td>Conector a: 1 alimentacion nema 5-15 (norteamerica)<\/td>\n<\/tr>\n<tr>\n<td>Nota: certificacion ul<\/td>\n<\/tr>\n<tr>\n<td>Longitud del cable: 304.8 mm<\/td>\n<\/tr>\n<tr>\n<td>Tipo de cable: sjt<\/td>\n<\/tr>\n<tr>\n<td>Tension de entrada: 125 ac<\/td>\n<\/tr>\n<tr>\n<td>Longitud del producto: 304.800 mm<\/td>\n<\/tr>\n<tr>\n<td>Corriente de entrada: 13 a a<\/td>\n<\/tr>\n<tr>\n<td>Altura del producto: 10.000 mm<\/td>\n<\/tr>\n<tr>\n<td>Peso del producto: 98.000 g<\/td>\n<\/tr>\n<tr>\n<td>Cantidad de conductores: 3<\/td>\n<\/tr>\n<tr>\n<td>Cable tipo jacket: pvc &#8211; polyvinyl chloride<\/td>\n<\/tr>\n<tr>\n<td>Color: negro<\/td>\n<\/tr>\n<tr>\n<td>Estilo de conector: recto con orientacion hacia la derecha<\/td>\n<\/tr>\n<tr>\n<td>Calibre del conductor: 16 awg<\/td>\n<\/tr>\n<\/table>\n","protected":false},"excerpt":{"rendered":"<p>Ahorre espacio en la oficina, aproveche al maximo el espacio alrededor de un tomacorriente y prolongue el alcance de sus voluminosos cables de alimentacion. Este cable plano de extension le permite las tres cosas. El cable de extension de perfil bajo tiene un conector nema 5-15 en angulo derecho que se mantiene de forma plana en la pared. Esto le permite ahorrar espacio superior al conectar su dispositivo detras de un gabinete, escritorio o cualquier otro mueble. Evita tener que empujar el conector contra la pared y que el mueble no quede al ras con la pared. Asimismo, evita tiranteces en el conector y lo protege contra danos. Puede utilizarlo para extender cualquier cable nema 5-15 de alimentacion (computadora, tv, lampara de oficina, etc.) que tenga que conectar en un enchufe situado detras de un mueble.<\/p>\n","protected":false},"featured_media":214003,"comment_status":"open","ping_status":"open","template":"","meta":[],"product_cat":[1549,1607],"product_tag":[1590],"acf":[],"yoast_head":"<!-- This site is optimized with the Yoast SEO plugin v21.7 - https:\/\/yoast.com\/wordpress\/plugins\/seo\/ -->\n<title>[ Startech.com ] &#129351; Pac101r1 Cable De Alimentacin De 0.3m - Extension De Alimentacion, Acodado En Angulo Recto Nema 5-15p A Nema 5-15r, 13a 125v, 16awg, Ul - Mod.<\/title>\n<meta name=\"description\" content=\"Compra Pac101r1 Cable De Alimentacin De 0.3m - Extension De Alimentacion, Acodado En Angulo Recto Nema 5-15p A Nema 5-15r, 13a 125v, 16awg, Ul - Mod. + Env\u00edo a domicilio + Pago seguro + Garant\u00eda\" \/>\n<meta name=\"robots\" content=\"index, follow, max-snippet:-1, max-image-preview:large, max-video-preview:-1\" \/>\n<link rel=\"canonical\" href=\"https:\/\/compuviper.mx\/tienda\/producto\/startech-com-pac101r1-cable-de-alimentacin-de-0-3m-extension-de-alimentacion-acodado-en-angulo-recto-nema-5-15p-a-nema-5-15r-13a-125v-16awg-ul-mod\/\" \/>\n<meta property=\"og:locale\" content=\"es_MX\" \/>\n<meta property=\"og:type\" content=\"article\" \/>\n<meta property=\"og:title\" content=\"[ Startech.com ] &#129351; Pac101r1 Cable De Alimentacin De 0.3m - Extension De Alimentacion, Acodado En Angulo Recto Nema 5-15p A Nema 5-15r, 13a 125v, 16awg, Ul - Mod.\" \/>\n<meta property=\"og:description\" content=\"Compra Pac101r1 Cable De Alimentacin De 0.3m - Extension De Alimentacion, Acodado En Angulo Recto Nema 5-15p A Nema 5-15r, 13a 125v, 16awg, Ul - Mod. + Env\u00edo a domicilio + Pago seguro + Garant\u00eda\" \/>\n<meta property=\"og:url\" content=\"https:\/\/compuviper.mx\/tienda\/producto\/startech-com-pac101r1-cable-de-alimentacin-de-0-3m-extension-de-alimentacion-acodado-en-angulo-recto-nema-5-15p-a-nema-5-15r-13a-125v-16awg-ul-mod\/\" \/>\n<meta property=\"og:site_name\" content=\"Compuviper\" \/>\n<meta property=\"article:publisher\" content=\"https:\/\/www.facebook.com\/compuviper\" \/>\n<meta property=\"og:image\" content=\"https:\/\/compuviper.mx\/tienda\/wp-content\/uploads\/2023\/12\/Cable-de-alimentacion-de-0.3m-extension-de-alimentacion-acodado-en-angulo-recto-nema-5-15p-a-nema-5-15r-13a-125v-16awg-ul-startech.com-mod.-pac101r1.jpg\" \/>\n\t<meta property=\"og:image:width\" content=\"200\" \/>\n\t<meta property=\"og:image:height\" content=\"200\" \/>\n\t<meta property=\"og:image:type\" content=\"image\/jpeg\" \/>\n<meta name=\"twitter:card\" content=\"summary_large_image\" \/>\n<meta name=\"twitter:label1\" content=\"Precio\" \/>\n\t<meta name=\"twitter:data1\" content=\"&#36;93 con IVA\" \/>\n\t<meta name=\"twitter:label2\" content=\"Availability\" \/>\n\t<meta name=\"twitter:data2\" content=\"Out of stock\" \/>\n<script type=\"application\/ld+json\" class=\"yoast-schema-graph\">{\"@context\":\"https:\/\/schema.org\",\"@graph\":[{\"@type\":\"WebPage\",\"@id\":\"https:\/\/compuviper.mx\/tienda\/producto\/startech-com-pac101r1-cable-de-alimentacin-de-0-3m-extension-de-alimentacion-acodado-en-angulo-recto-nema-5-15p-a-nema-5-15r-13a-125v-16awg-ul-mod\/\",\"url\":\"https:\/\/compuviper.mx\/tienda\/producto\/startech-com-pac101r1-cable-de-alimentacin-de-0-3m-extension-de-alimentacion-acodado-en-angulo-recto-nema-5-15p-a-nema-5-15r-13a-125v-16awg-ul-mod\/\",\"name\":\"[ Startech.com ] &#129351; Pac101r1 Cable De Alimentacin De 0.3m - Extension De Alimentacion, Acodado En Angulo Recto Nema 5-15p A Nema 5-15r, 13a 125v, 16awg, Ul - Mod.\",\"isPartOf\":{\"@id\":\"https:\/\/compuviper.mx\/tienda\/#website\"},\"datePublished\":\"2026-04-16T05:43:09+00:00\",\"dateModified\":\"2026-04-16T05:43:09+00:00\",\"description\":\"Compra Pac101r1 Cable De Alimentacin De 0.3m - Extension De Alimentacion, Acodado En Angulo Recto Nema 5-15p A Nema 5-15r, 13a 125v, 16awg, Ul - Mod. + Env\u00edo a domicilio + Pago seguro + Garant\u00eda\",\"breadcrumb\":{\"@id\":\"https:\/\/compuviper.mx\/tienda\/producto\/startech-com-pac101r1-cable-de-alimentacin-de-0-3m-extension-de-alimentacion-acodado-en-angulo-recto-nema-5-15p-a-nema-5-15r-13a-125v-16awg-ul-mod\/#breadcrumb\"},\"inLanguage\":\"es-MX\",\"potentialAction\":[{\"@type\":\"ReadAction\",\"target\":[\"https:\/\/compuviper.mx\/tienda\/producto\/startech-com-pac101r1-cable-de-alimentacin-de-0-3m-extension-de-alimentacion-acodado-en-angulo-recto-nema-5-15p-a-nema-5-15r-13a-125v-16awg-ul-mod\/\"]}]},{\"@type\":\"BreadcrumbList\",\"@id\":\"https:\/\/compuviper.mx\/tienda\/producto\/startech-com-pac101r1-cable-de-alimentacin-de-0-3m-extension-de-alimentacion-acodado-en-angulo-recto-nema-5-15p-a-nema-5-15r-13a-125v-16awg-ul-mod\/#breadcrumb\",\"itemListElement\":[{\"@type\":\"ListItem\",\"position\":1,\"name\":\"Inicio\",\"item\":\"https:\/\/compuviper.mx\/tienda\/\"},{\"@type\":\"ListItem\",\"position\":2,\"name\":\"Productos\",\"item\":\"https:\/\/compuviper.mx\/tienda\/productos\/\"},{\"@type\":\"ListItem\",\"position\":3,\"name\":\"Cables\",\"item\":\"https:\/\/compuviper.mx\/tienda\/categoria-producto\/cables\/\"},{\"@type\":\"ListItem\",\"position\":4,\"name\":\"Cable De Corriente\",\"item\":\"https:\/\/compuviper.mx\/tienda\/categoria-producto\/cables\/cable-de-corriente\/\"},{\"@type\":\"ListItem\",\"position\":5,\"name\":\"Startech.com Pac101r1 Cable De Alimentacin De 0.3m &#8211; Extension De Alimentacion, Acodado En Angulo Recto Nema 5-15p A Nema 5-15r, 13a 125v, 16awg, Ul &#8211; Mod.\"}]},{\"@type\":\"WebSite\",\"@id\":\"https:\/\/compuviper.mx\/tienda\/#website\",\"url\":\"https:\/\/compuviper.mx\/tienda\/\",\"name\":\"Compuviper\",\"description\":\"Proveedor de Computadoras, Laptops, Servidores, Monitores, Puntos de Venta, Teclados,   Impresoras, T\u00f3ner, C\u00e1maras de Seguridad y m\u00e1s en tu tienda en l\u00ednea\",\"publisher\":{\"@id\":\"https:\/\/compuviper.mx\/tienda\/#organization\"},\"potentialAction\":[{\"@type\":\"SearchAction\",\"target\":{\"@type\":\"EntryPoint\",\"urlTemplate\":\"https:\/\/compuviper.mx\/tienda\/?s={search_term_string}\"},\"query-input\":\"required name=search_term_string\"}],\"inLanguage\":\"es-MX\"},{\"@type\":\"Organization\",\"@id\":\"https:\/\/compuviper.mx\/tienda\/#organization\",\"name\":\"Compuviper\",\"url\":\"https:\/\/compuviper.mx\/tienda\/\",\"logo\":{\"@type\":\"ImageObject\",\"inLanguage\":\"es-MX\",\"@id\":\"https:\/\/compuviper.mx\/tienda\/#\/schema\/logo\/image\/\",\"url\":\"https:\/\/compuviper.mx\/tienda\/wp-content\/uploads\/2021\/08\/Logo-Compuviper-10.png\",\"contentUrl\":\"https:\/\/compuviper.mx\/tienda\/wp-content\/uploads\/2021\/08\/Logo-Compuviper-10.png\",\"width\":1000,\"height\":500,\"caption\":\"Compuviper\"},\"image\":{\"@id\":\"https:\/\/compuviper.mx\/tienda\/#\/schema\/logo\/image\/\"},\"sameAs\":[\"https:\/\/www.facebook.com\/compuviper\",\"https:\/\/www.youtube.com\/channel\/UCf73dERp9Y3cfOq7q8BhLjA?view_as=subscriber\"]}]}<\/script>\n<meta property=\"product:brand\" content=\"STARTECH.COM\" \/>\n<meta property=\"product:price:amount\" content=\"93\" \/>\n<meta property=\"product:price:currency\" content=\"MXN\" \/>\n<meta property=\"og:availability\" content=\"out of stock\" \/>\n<meta property=\"product:availability\" content=\"out of stock\" \/>\n<meta property=\"product:retailer_item_id\" content=\"PAC101R1\" \/>\n<meta property=\"product:condition\" content=\"new\" \/>\n<!-- \/ Yoast SEO plugin. -->","yoast_head_json":{"title":"[ Startech.com ] &#129351; Pac101r1 Cable De Alimentacin De 0.3m - Extension De Alimentacion, Acodado En Angulo Recto Nema 5-15p A Nema 5-15r, 13a 125v, 16awg, Ul - Mod.","description":"Compra Pac101r1 Cable De Alimentacin De 0.3m - Extension De Alimentacion, Acodado En Angulo Recto Nema 5-15p A Nema 5-15r, 13a 125v, 16awg, Ul - Mod. + Env\u00edo a domicilio + Pago seguro + Garant\u00eda","robots":{"index":"index","follow":"follow","max-snippet":"max-snippet:-1","max-image-preview":"max-image-preview:large","max-video-preview":"max-video-preview:-1"},"canonical":"https:\/\/compuviper.mx\/tienda\/producto\/startech-com-pac101r1-cable-de-alimentacin-de-0-3m-extension-de-alimentacion-acodado-en-angulo-recto-nema-5-15p-a-nema-5-15r-13a-125v-16awg-ul-mod\/","og_locale":"es_MX","og_type":"article","og_title":"[ Startech.com ] &#129351; Pac101r1 Cable De Alimentacin De 0.3m - Extension De Alimentacion, Acodado En Angulo Recto Nema 5-15p A Nema 5-15r, 13a 125v, 16awg, Ul - Mod.","og_description":"Compra Pac101r1 Cable De Alimentacin De 0.3m - Extension De Alimentacion, Acodado En Angulo Recto Nema 5-15p A Nema 5-15r, 13a 125v, 16awg, Ul - Mod. + Env\u00edo a domicilio + Pago seguro + Garant\u00eda","og_url":"https:\/\/compuviper.mx\/tienda\/producto\/startech-com-pac101r1-cable-de-alimentacin-de-0-3m-extension-de-alimentacion-acodado-en-angulo-recto-nema-5-15p-a-nema-5-15r-13a-125v-16awg-ul-mod\/","og_site_name":"Compuviper","article_publisher":"https:\/\/www.facebook.com\/compuviper","og_image":[{"width":200,"height":200,"url":"https:\/\/compuviper.mx\/tienda\/wp-content\/uploads\/2023\/12\/Cable-de-alimentacion-de-0.3m-extension-de-alimentacion-acodado-en-angulo-recto-nema-5-15p-a-nema-5-15r-13a-125v-16awg-ul-startech.com-mod.-pac101r1.jpg","type":"image\/jpeg"}],"twitter_card":"summary_large_image","twitter_misc":{"Precio":"&#36;93 con IVA","Availability":"Out of stock"},"schema":{"@context":"https:\/\/schema.org","@graph":[{"@type":"WebPage","@id":"https:\/\/compuviper.mx\/tienda\/producto\/startech-com-pac101r1-cable-de-alimentacin-de-0-3m-extension-de-alimentacion-acodado-en-angulo-recto-nema-5-15p-a-nema-5-15r-13a-125v-16awg-ul-mod\/","url":"https:\/\/compuviper.mx\/tienda\/producto\/startech-com-pac101r1-cable-de-alimentacin-de-0-3m-extension-de-alimentacion-acodado-en-angulo-recto-nema-5-15p-a-nema-5-15r-13a-125v-16awg-ul-mod\/","name":"[ Startech.com ] &#129351; Pac101r1 Cable De Alimentacin De 0.3m - Extension De Alimentacion, Acodado En Angulo Recto Nema 5-15p A Nema 5-15r, 13a 125v, 16awg, Ul - Mod.","isPartOf":{"@id":"https:\/\/compuviper.mx\/tienda\/#website"},"datePublished":"2026-04-16T05:43:09+00:00","dateModified":"2026-04-16T05:43:09+00:00","description":"Compra Pac101r1 Cable De Alimentacin De 0.3m - Extension De Alimentacion, Acodado En Angulo Recto Nema 5-15p A Nema 5-15r, 13a 125v, 16awg, Ul - Mod. + Env\u00edo a domicilio + Pago seguro + Garant\u00eda","breadcrumb":{"@id":"https:\/\/compuviper.mx\/tienda\/producto\/startech-com-pac101r1-cable-de-alimentacin-de-0-3m-extension-de-alimentacion-acodado-en-angulo-recto-nema-5-15p-a-nema-5-15r-13a-125v-16awg-ul-mod\/#breadcrumb"},"inLanguage":"es-MX","potentialAction":[{"@type":"ReadAction","target":["https:\/\/compuviper.mx\/tienda\/producto\/startech-com-pac101r1-cable-de-alimentacin-de-0-3m-extension-de-alimentacion-acodado-en-angulo-recto-nema-5-15p-a-nema-5-15r-13a-125v-16awg-ul-mod\/"]}]},{"@type":"BreadcrumbList","@id":"https:\/\/compuviper.mx\/tienda\/producto\/startech-com-pac101r1-cable-de-alimentacin-de-0-3m-extension-de-alimentacion-acodado-en-angulo-recto-nema-5-15p-a-nema-5-15r-13a-125v-16awg-ul-mod\/#breadcrumb","itemListElement":[{"@type":"ListItem","position":1,"name":"Inicio","item":"https:\/\/compuviper.mx\/tienda\/"},{"@type":"ListItem","position":2,"name":"Productos","item":"https:\/\/compuviper.mx\/tienda\/productos\/"},{"@type":"ListItem","position":3,"name":"Cables","item":"https:\/\/compuviper.mx\/tienda\/categoria-producto\/cables\/"},{"@type":"ListItem","position":4,"name":"Cable De Corriente","item":"https:\/\/compuviper.mx\/tienda\/categoria-producto\/cables\/cable-de-corriente\/"},{"@type":"ListItem","position":5,"name":"Startech.com Pac101r1 Cable De Alimentacin De 0.3m &#8211; Extension De Alimentacion, Acodado En Angulo Recto Nema 5-15p A Nema 5-15r, 13a 125v, 16awg, Ul &#8211; Mod."}]},{"@type":"WebSite","@id":"https:\/\/compuviper.mx\/tienda\/#website","url":"https:\/\/compuviper.mx\/tienda\/","name":"Compuviper","description":"Proveedor de Computadoras, Laptops, Servidores, Monitores, Puntos de Venta, Teclados,   Impresoras, T\u00f3ner, C\u00e1maras de Seguridad y m\u00e1s en tu tienda en l\u00ednea","publisher":{"@id":"https:\/\/compuviper.mx\/tienda\/#organization"},"potentialAction":[{"@type":"SearchAction","target":{"@type":"EntryPoint","urlTemplate":"https:\/\/compuviper.mx\/tienda\/?s={search_term_string}"},"query-input":"required name=search_term_string"}],"inLanguage":"es-MX"},{"@type":"Organization","@id":"https:\/\/compuviper.mx\/tienda\/#organization","name":"Compuviper","url":"https:\/\/compuviper.mx\/tienda\/","logo":{"@type":"ImageObject","inLanguage":"es-MX","@id":"https:\/\/compuviper.mx\/tienda\/#\/schema\/logo\/image\/","url":"https:\/\/compuviper.mx\/tienda\/wp-content\/uploads\/2021\/08\/Logo-Compuviper-10.png","contentUrl":"https:\/\/compuviper.mx\/tienda\/wp-content\/uploads\/2021\/08\/Logo-Compuviper-10.png","width":1000,"height":500,"caption":"Compuviper"},"image":{"@id":"https:\/\/compuviper.mx\/tienda\/#\/schema\/logo\/image\/"},"sameAs":["https:\/\/www.facebook.com\/compuviper","https:\/\/www.youtube.com\/channel\/UCf73dERp9Y3cfOq7q8BhLjA?view_as=subscriber"]}]},"product_brand":"STARTECH.COM","product_price_amount":"93","product_price_currency":"MXN","og_availability":"out of stock","product_availability":"out of stock","product_retailer_item_id":"PAC101R1","product_condition":"new"},"_links":{"self":[{"href":"https:\/\/compuviper.mx\/tienda\/wp-json\/wp\/v2\/product\/214002"}],"collection":[{"href":"https:\/\/compuviper.mx\/tienda\/wp-json\/wp\/v2\/product"}],"about":[{"href":"https:\/\/compuviper.mx\/tienda\/wp-json\/wp\/v2\/types\/product"}],"replies":[{"embeddable":true,"href":"https:\/\/compuviper.mx\/tienda\/wp-json\/wp\/v2\/comments?post=214002"}],"wp:featuredmedia":[{"embeddable":true,"href":"https:\/\/compuviper.mx\/tienda\/wp-json\/wp\/v2\/media\/214003"}],"wp:attachment":[{"href":"https:\/\/compuviper.mx\/tienda\/wp-json\/wp\/v2\/media?parent=214002"}],"wp:term":[{"taxonomy":"product_cat","embeddable":true,"href":"https:\/\/compuviper.mx\/tienda\/wp-json\/wp\/v2\/product_cat?post=214002"},{"taxonomy":"product_tag","embeddable":true,"href":"https:\/\/compuviper.mx\/tienda\/wp-json\/wp\/v2\/product_tag?post=214002"}],"curies":[{"name":"wp","href":"https:\/\/api.w.org\/{rel}","templated":true}]}}